{"id":94981,"date":"2025-11-10T13:14:00","date_gmt":"2025-11-10T12:14:00","guid":{"rendered":"https:\/\/truusk.store\/product\/aiyaplay-bumper-car-for-barn-360-graders-rotation-ratt-led-ljus-musikfunktion-3-8-ar-rosa\/"},"modified":"2026-03-12T08:48:30","modified_gmt":"2026-03-12T07:48:30","slug":"truusk-hundvagn-for-sma-hundar-fallbar-med-regnskydd-nettofonster-kudde-for-hundar-och-katter-upp-till-10-kg-khaki","status":"publish","type":"product","link":"https:\/\/truusk.store\/sv\/produkt\/truusk-hundvagn-for-sma-hundar-fallbar-med-regnskydd-nettofonster-kudde-for-hundar-och-katter-upp-till-10-kg-khaki\/","title":{"rendered":"TRUUSK Hundvagn f\u00f6r sm\u00e5 hundar &#8211; F\u00e4llbar med regnskydd &#8211; Nettof\u00f6nster &#8211; Kudde &#8211; F\u00f6r hundar och katter upp till 10 kg &#8211; Khaki"},"content":{"rendered":"<p> Denna AIYAPLAY autoscooter f\u00f6r barn m\u00f6jligg\u00f6r sp\u00e4nnande \u00e5kturer inomhus och utomhus. Barn kan sj\u00e4lva styra, rotera 360\u00b0 och k\u00f6ra med riktig tuta och musik. De mjuka, stabila st\u00f6tf\u00e5ngarna p\u00e5 barnens autoscooter skyddar b\u00e5de barn och m\u00f6bler. F\u00f6rvandla vilket rum som helst till en s\u00e4ker racerbana f\u00f6r stor kul. <\/p>\n<p> Beskrivning: <\/p>\n<ul>\n<li> Utrustad med tv\u00e5 motorer f\u00f6r 360\u00b0 rotationer, vilket garanterar k\u00f6rgl\u00e4dje <\/li>\n<li> Realistiskt ratten p\u00e5 barnens autoscooter med musikknapp f\u00f6r en uppslukande k\u00f6rupplevelse <\/li>\n<li> En komplett st\u00f6tf\u00e5ngare och ett mjukt startsystem p\u00e5 barnens autoscooter skyddar b\u00e5de barn och m\u00f6bler <\/li>\n<li> Fyra ljusa LED-lampor och musik p\u00e5 barnens autoscooter skapar en sp\u00e4nnande festatmosf\u00e4r <\/li>\n<li> Barnens autoscooter erbjuder \u00f6ver en timmes kontinuerlig, oavbruten speltid <\/li>\n<li> L\u00e4mplig f\u00f6r livliga fester och lektider, inomhus eller utomhus <\/li>\n<li> Tillverkad av robust metall och plast, b\u00e4r upp till 30 kg <\/li>\n<li> Montering kr\u00e4vs <\/li>\n<\/ul>\n<p> Tekniska data: <\/p>\n<ul>\n<li> F\u00e4rg: Rosa <\/li>\n<li> Material: Metall, plast <\/li>\n<li> Totala dimensioner: 74L x 53B x 48H cm <\/li>\n<li> Sitsstorlek: 30L x 25B cm <\/li>\n<li> Sitth\u00f6jd: 32H cm <\/li>\n<li> Hjulstorlek: \u00d815 x 5,5 cm, \u00d84 x 3,5 cm <\/li>\n<li> Batteri: 6V 4,5Ah <\/li>\n<li> Motorer: 2 x 6V <\/li>\n<li> Hastighetsomr\u00e5de: 3-8 km\/h <\/li>\n<li> Rekommenderad \u00e5lder: 3-8 \u00e5r <\/li>\n<li> Maximal belastning: 30 kg <\/li>\n<\/ul>\n<p> Leveransinneh\u00e5ll: <\/p>\n<ul>\n<li> 1 x Autoscooter <\/li>\n<li> 1 x Handbok <\/li>\n<\/ul>\n","protected":false},"excerpt":{"rendered":"<p>Denna AIYAPLAY autoscooter f\u00f6r barn m\u00f6jligg\u00f6r sp\u00e4nnande \u00e5kturer inomhus och utomhus. Barn kan sj\u00e4lva styra, rotera 360\u00b0 och k\u00f6ra med&#8230;<\/p>\n","protected":false},"featured_media":94971,"template":"","meta":[],"product_brand":[],"product_cat":[880,610,1066],"product_tag":[],"class_list":{"0":"post-94981","1":"product","2":"type-product","3":"status-publish","4":"has-post-thumbnail","6":"product_cat-baby-barn-2","7":"product_cat-barnfordon","8":"product_cat-barns-elbilar","10":"first","11":"instock","12":"sale","13":"taxable","14":"shipping-taxable","15":"purchasable","16":"product-type-simple"},"yoast_head":"<!-- This site is optimized with the Yoast SEO plugin v25.4 - https:\/\/yoast.com\/wordpress\/plugins\/seo\/ -->\n<title>TRUUSK Hundvagn f\u00f6r sm\u00e5 hundar - F\u00e4llbar med regnskydd - Nettof\u00f6nster - Kudde - F\u00f6r hundar och katter upp till 10 kg - Khaki - TRUUSK - Hem, Tr\u00e4dg\u00e5rd &amp; Fritid<\/title>\n<meta name=\"robots\" content=\"index, follow, max-snippet:-1, max-image-preview:large, max-video-preview:-1\" \/>\n<link rel=\"canonical\" href=\"https:\/\/truusk.store\/sv\/produkt\/truusk-hundvagn-for-sma-hundar-fallbar-med-regnskydd-nettofonster-kudde-for-hundar-och-katter-upp-till-10-kg-khaki\/\" \/>\n<meta property=\"og:locale\" content=\"sv_SE\" \/>\n<meta property=\"og:type\" content=\"article\" \/>\n<meta property=\"og:title\" content=\"TRUUSK Hundvagn f\u00f6r sm\u00e5 hundar - F\u00e4llbar med regnskydd - Nettof\u00f6nster - Kudde - F\u00f6r hundar och katter upp till 10 kg - Khaki - TRUUSK - Hem, Tr\u00e4dg\u00e5rd &amp; Fritid\" \/>\n<meta property=\"og:description\" content=\"Denna AIYAPLAY autoscooter f\u00f6r barn m\u00f6jligg\u00f6r sp\u00e4nnande \u00e5kturer inomhus och utomhus. Barn kan sj\u00e4lva styra, rotera 360\u00b0 och k\u00f6ra med...\" \/>\n<meta property=\"og:url\" content=\"https:\/\/truusk.store\/sv\/produkt\/truusk-hundvagn-for-sma-hundar-fallbar-med-regnskydd-nettofonster-kudde-for-hundar-och-katter-upp-till-10-kg-khaki\/\" \/>\n<meta property=\"og:site_name\" content=\"TRUUSK - Hem, Tr\u00e4dg\u00e5rd &amp; Fritid\" \/>\n<meta property=\"article:modified_time\" content=\"2026-03-12T07:48:30+00:00\" \/>\n<meta property=\"og:image\" content=\"https:\/\/i0.wp.com\/truusk.se\/wp-content\/uploads\/2025\/11\/aiyaplay-bumper-car-for-barn-360-graders-rotation-ratt-led-ljus-musikfunktion-3-8-ar-rosa-1.webp?fit=2000%2C2000&ssl=1\" \/>\n\t<meta property=\"og:image:width\" content=\"2000\" \/>\n\t<meta property=\"og:image:height\" content=\"2000\" \/>\n\t<meta property=\"og:image:type\" content=\"image\/webp\" \/>\n<meta name=\"twitter:card\" content=\"summary_large_image\" \/>\n<meta name=\"twitter:label1\" content=\"Ber\u00e4knad l\u00e4stid\" \/>\n\t<meta name=\"twitter:data1\" content=\"1 minut\" \/>\n<!-- \/ Yoast SEO plugin. -->","yoast_head_json":{"title":"TRUUSK Hundvagn f\u00f6r sm\u00e5 hundar - F\u00e4llbar med regnskydd - Nettof\u00f6nster - Kudde - F\u00f6r hundar och katter upp till 10 kg - Khaki - TRUUSK - Hem, Tr\u00e4dg\u00e5rd &amp; Fritid","robots":{"index":"index","follow":"follow","max-snippet":"max-snippet:-1","max-image-preview":"max-image-preview:large","max-video-preview":"max-video-preview:-1"},"canonical":"https:\/\/truusk.store\/sv\/produkt\/truusk-hundvagn-for-sma-hundar-fallbar-med-regnskydd-nettofonster-kudde-for-hundar-och-katter-upp-till-10-kg-khaki\/","og_locale":"sv_SE","og_type":"article","og_title":"TRUUSK Hundvagn f\u00f6r sm\u00e5 hundar - F\u00e4llbar med regnskydd - Nettof\u00f6nster - Kudde - F\u00f6r hundar och katter upp till 10 kg - Khaki - TRUUSK - Hem, Tr\u00e4dg\u00e5rd &amp; Fritid","og_description":"Denna AIYAPLAY autoscooter f\u00f6r barn m\u00f6jligg\u00f6r sp\u00e4nnande \u00e5kturer inomhus och utomhus. Barn kan sj\u00e4lva styra, rotera 360\u00b0 och k\u00f6ra med...","og_url":"https:\/\/truusk.store\/sv\/produkt\/truusk-hundvagn-for-sma-hundar-fallbar-med-regnskydd-nettofonster-kudde-for-hundar-och-katter-upp-till-10-kg-khaki\/","og_site_name":"TRUUSK - Hem, Tr\u00e4dg\u00e5rd &amp; Fritid","article_modified_time":"2026-03-12T07:48:30+00:00","og_image":[{"width":2000,"height":2000,"url":"https:\/\/i0.wp.com\/truusk.se\/wp-content\/uploads\/2025\/11\/aiyaplay-bumper-car-for-barn-360-graders-rotation-ratt-led-ljus-musikfunktion-3-8-ar-rosa-1.webp?fit=2000%2C2000&ssl=1","type":"image\/webp"}],"twitter_card":"summary_large_image","twitter_misc":{"Ber\u00e4knad l\u00e4stid":"1 minut"},"schema":{"@context":"https:\/\/schema.org","@graph":[{"@type":"WebPage","@id":"https:\/\/truusk.store\/sv\/produkt\/truusk-hundvagn-for-sma-hundar-fallbar-med-regnskydd-nettofonster-kudde-for-hundar-och-katter-upp-till-10-kg-khaki\/","url":"https:\/\/truusk.store\/sv\/produkt\/truusk-hundvagn-for-sma-hundar-fallbar-med-regnskydd-nettofonster-kudde-for-hundar-och-katter-upp-till-10-kg-khaki\/","name":"TRUUSK Hundvagn f\u00f6r sm\u00e5 hundar - F\u00e4llbar med regnskydd - Nettof\u00f6nster - Kudde - F\u00f6r hundar och katter upp till 10 kg - Khaki - TRUUSK - Hem, Tr\u00e4dg\u00e5rd &amp; Fritid","isPartOf":{"@id":"https:\/\/truusk.store\/sv\/#website"},"primaryImageOfPage":{"@id":"https:\/\/truusk.store\/sv\/produkt\/truusk-hundvagn-for-sma-hundar-fallbar-med-regnskydd-nettofonster-kudde-for-hundar-och-katter-upp-till-10-kg-khaki\/#primaryimage"},"image":{"@id":"https:\/\/truusk.store\/sv\/produkt\/truusk-hundvagn-for-sma-hundar-fallbar-med-regnskydd-nettofonster-kudde-for-hundar-och-katter-upp-till-10-kg-khaki\/#primaryimage"},"thumbnailUrl":"https:\/\/i0.wp.com\/truusk.store\/wp-content\/uploads\/2025\/11\/aiyaplay-bumper-car-for-barn-360-graders-rotation-ratt-led-ljus-musikfunktion-3-8-ar-rosa-1.webp?fit=2000%2C2000&ssl=1","datePublished":"2025-11-10T12:14:00+00:00","dateModified":"2026-03-12T07:48:30+00:00","breadcrumb":{"@id":"https:\/\/truusk.store\/sv\/produkt\/truusk-hundvagn-for-sma-hundar-fallbar-med-regnskydd-nettofonster-kudde-for-hundar-och-katter-upp-till-10-kg-khaki\/#breadcrumb"},"inLanguage":"sv-SE","potentialAction":[{"@type":"ReadAction","target":["https:\/\/truusk.store\/sv\/produkt\/truusk-hundvagn-for-sma-hundar-fallbar-med-regnskydd-nettofonster-kudde-for-hundar-och-katter-upp-till-10-kg-khaki\/"]}]},{"@type":"ImageObject","inLanguage":"sv-SE","@id":"https:\/\/truusk.store\/sv\/produkt\/truusk-hundvagn-for-sma-hundar-fallbar-med-regnskydd-nettofonster-kudde-for-hundar-och-katter-upp-till-10-kg-khaki\/#primaryimage","url":"https:\/\/i0.wp.com\/truusk.store\/wp-content\/uploads\/2025\/11\/aiyaplay-bumper-car-for-barn-360-graders-rotation-ratt-led-ljus-musikfunktion-3-8-ar-rosa-1.webp?fit=2000%2C2000&ssl=1","contentUrl":"https:\/\/i0.wp.com\/truusk.store\/wp-content\/uploads\/2025\/11\/aiyaplay-bumper-car-for-barn-360-graders-rotation-ratt-led-ljus-musikfunktion-3-8-ar-rosa-1.webp?fit=2000%2C2000&ssl=1","width":2000,"height":2000},{"@type":"BreadcrumbList","@id":"https:\/\/truusk.store\/sv\/produkt\/truusk-hundvagn-for-sma-hundar-fallbar-med-regnskydd-nettofonster-kudde-for-hundar-och-katter-upp-till-10-kg-khaki\/#breadcrumb","itemListElement":[{"@type":"ListItem","position":1,"name":"Home","item":"https:\/\/truusk.store\/sv\/"},{"@type":"ListItem","position":2,"name":"Shop","item":"https:\/\/truusk.store\/shop\/"},{"@type":"ListItem","position":3,"name":"TRUUSK Hundvagn f\u00f6r sm\u00e5 hundar &#8211; F\u00e4llbar med regnskydd &#8211; Nettof\u00f6nster &#8211; Kudde &#8211; F\u00f6r hundar och katter upp till 10 kg &#8211; Khaki"}]},{"@type":"WebSite","@id":"https:\/\/truusk.store\/sv\/#website","url":"https:\/\/truusk.store\/sv\/","name":"TRUUSK - Hem, Tr\u00e4dg\u00e5rd & Fritid","description":"","publisher":{"@id":"https:\/\/truusk.store\/sv\/#organization"},"potentialAction":[{"@type":"SearchAction","target":{"@type":"EntryPoint","urlTemplate":"https:\/\/truusk.store\/sv\/?s={search_term_string}"},"query-input":{"@type":"PropertyValueSpecification","valueRequired":true,"valueName":"search_term_string"}}],"inLanguage":"sv-SE"},{"@type":"Organization","@id":"https:\/\/truusk.store\/sv\/#organization","name":"TRUUSK - Hem, Tr\u00e4dg\u00e5rd & Fritid","url":"https:\/\/truusk.store\/sv\/","logo":{"@type":"ImageObject","inLanguage":"sv-SE","@id":"https:\/\/truusk.store\/sv\/#\/schema\/logo\/image\/","url":"https:\/\/i0.wp.com\/truusk.store\/wp-content\/uploads\/2026\/03\/cropped-TRUUSK.png?fit=2032%2C917&ssl=1","contentUrl":"https:\/\/i0.wp.com\/truusk.store\/wp-content\/uploads\/2026\/03\/cropped-TRUUSK.png?fit=2032%2C917&ssl=1","width":2032,"height":917,"caption":"TRUUSK - Hem, Tr\u00e4dg\u00e5rd & Fritid"},"image":{"@id":"https:\/\/truusk.store\/sv\/#\/schema\/logo\/image\/"}}]}},"jetpack_sharing_enabled":true,"_links":{"self":[{"href":"https:\/\/truusk.store\/sv\/wp-json\/wp\/v2\/product\/94981","targetHints":{"allow":["GET"]}}],"collection":[{"href":"https:\/\/truusk.store\/sv\/wp-json\/wp\/v2\/product"}],"about":[{"href":"https:\/\/truusk.store\/sv\/wp-json\/wp\/v2\/types\/product"}],"wp:featuredmedia":[{"embeddable":true,"href":"https:\/\/truusk.store\/sv\/wp-json\/wp\/v2\/media\/94971"}],"wp:attachment":[{"href":"https:\/\/truusk.store\/sv\/wp-json\/wp\/v2\/media?parent=94981"}],"wp:term":[{"taxonomy":"product_brand","embeddable":true,"href":"https:\/\/truusk.store\/sv\/wp-json\/wp\/v2\/product_brand?post=94981"},{"taxonomy":"product_cat","embeddable":true,"href":"https:\/\/truusk.store\/sv\/wp-json\/wp\/v2\/product_cat?post=94981"},{"taxonomy":"product_tag","embeddable":true,"href":"https:\/\/truusk.store\/sv\/wp-json\/wp\/v2\/product_tag?post=94981"}],"curies":[{"name":"wp","href":"https:\/\/api.w.org\/{rel}","templated":true}]}}