{"id":95011,"date":"2025-11-10T13:17:07","date_gmt":"2025-11-10T12:17:07","guid":{"rendered":"https:\/\/truusk.store\/product\/led-golvlampa-for-vardagsrum-golvlampa-med-3000-k-varmt-ljus-fotstrombrytare-25-x-25-x-134-cm-massing\/"},"modified":"2026-03-12T08:48:33","modified_gmt":"2026-03-12T07:48:33","slug":"truusk-led-golvlampa-for-vardagsrum-varmt-ljus-3000-k-fotstrombrytare-25-x-25-x-134-cm-massing","status":"publish","type":"product","link":"https:\/\/truusk.store\/sv\/produkt\/truusk-led-golvlampa-for-vardagsrum-varmt-ljus-3000-k-fotstrombrytare-25-x-25-x-134-cm-massing\/","title":{"rendered":"TRUUSK LED-golvlampa f\u00f6r vardagsrum &#8211; Varmt ljus 3000 K &#8211; Fotstr\u00f6mbrytare &#8211; 25 x 25 x 134 cm &#8211; M\u00e4ssing"},"content":{"rendered":"<p>Lider du av bl\u00e4ndande ljus som minskar mysigheten? Att famla efter en str\u00f6mbrytare i m\u00f6rkret kan st\u00f6ra kv\u00e4llsfriden. TRUUSK golvlampan erbjuder l\u00f6sningen med ett varmt, inbjudande 3000K sken som f\u00f6rvandlar varje h\u00f6rn till en trivseloas. Den eleganta m\u00e4ssingsfinishen och den praktiska fotbrytaren p\u00e5 golvlampan kombinerar modern elegans med komfort och \u00f6kar d\u00e4rmed ditt v\u00e4lbefinnande och rummets atmosf\u00e4r utan att du beh\u00f6ver resa dig.<\/p>\n<p>Beskrivning:<\/p>\n<ul>\n<li> Golvlampan f\u00f6r vardagsrummet ger ett varmt, bl\u00e4ndfritt ljus p\u00e5 3000K och skapar en mysig, avkopplande atmosf\u00e4r<\/li>\n<li> LED-golvlampan har en slank, minimalistisk design i m\u00e4ssingslook som f\u00f6rh\u00f6jer din bostads moderna inredning<\/li>\n<li> Golvlampan inkluderar en praktisk fotbrytare som m\u00f6jligg\u00f6r enkel, handsfree-kontroll<\/li>\n<li> Byggd med en viktad fot och tjockt metall f\u00f6r stabilitet<\/li>\n<li> Golvlampan \u00e4r l\u00e4mplig f\u00f6r vardagsrum, sovrum, kontor eller l\u00e4sh\u00f6rnor<\/li>\n<li> Montering kr\u00e4vs p\u00e5 bara 15 minuter utan verktyg f\u00f6r snabb, okomplicerad njutning<\/li>\n<\/ul>\n<p> Tekniska data:<\/p>\n<ul>\n<li> F\u00e4rg: M\u00e4ssing<\/li>\n<li> Material: Metall, Glas<\/li>\n<li> Totala dimensioner: \u00d825 x 134H cm<\/li>\n<li> Lampsk\u00e4rmstorlek: 23B x 7H cm<\/li>\n<li> Lampfotsstorlek: 20B x 2,5H cm<\/li>\n<li> Effekt: 5 W<\/li>\n<li> Ljusfl\u00f6de: 450 lm<\/li>\n<li> F\u00e4rgtemperatur: 3000 K<\/li>\n<li> Antal LED: 18 st.<\/li>\n<li> Sp\u00e4nning: 220-240 V, 50 Hz<\/li>\n<li> Kabell\u00e4ngd: 180 cm<\/li>\n<\/ul>\n<p>Leveransinneh\u00e5ll:<\/p>\n<ul>\n<li> 1 x Golvlampa<\/li>\n<li> 1 x Bruksanvisning<\/li>\n<\/ul>\n","protected":false},"excerpt":{"rendered":"<p>Lider du av bl\u00e4ndande ljus som minskar mysigheten? Att famla efter en str\u00f6mbrytare i m\u00f6rkret kan st\u00f6ra kv\u00e4llsfriden. TRUUSK golvlampan&#8230;<\/p>\n","protected":false},"featured_media":95002,"template":"","meta":[],"product_brand":[],"product_cat":[486,907,871],"product_tag":[],"class_list":{"0":"post-95011","1":"product","2":"type-product","3":"status-publish","4":"has-post-thumbnail","6":"product_cat-belysning","7":"product_cat-golvlampor","8":"product_cat-hus-hem","10":"first","11":"instock","12":"sale","13":"taxable","14":"shipping-taxable","15":"purchasable","16":"product-type-simple"},"yoast_head":"<!-- This site is optimized with the Yoast SEO plugin v25.4 - https:\/\/yoast.com\/wordpress\/plugins\/seo\/ -->\n<title>TRUUSK LED-golvlampa f\u00f6r vardagsrum - Varmt ljus 3000 K - Fotstr\u00f6mbrytare - 25 x 25 x 134 cm - M\u00e4ssing - TRUUSK - Hem, Tr\u00e4dg\u00e5rd &amp; Fritid<\/title>\n<meta name=\"robots\" content=\"index, follow, max-snippet:-1, max-image-preview:large, max-video-preview:-1\" \/>\n<link rel=\"canonical\" href=\"https:\/\/truusk.store\/sv\/produkt\/truusk-led-golvlampa-for-vardagsrum-varmt-ljus-3000-k-fotstrombrytare-25-x-25-x-134-cm-massing\/\" \/>\n<meta property=\"og:locale\" content=\"sv_SE\" \/>\n<meta property=\"og:type\" content=\"article\" \/>\n<meta property=\"og:title\" content=\"TRUUSK LED-golvlampa f\u00f6r vardagsrum - Varmt ljus 3000 K - Fotstr\u00f6mbrytare - 25 x 25 x 134 cm - M\u00e4ssing - TRUUSK - Hem, Tr\u00e4dg\u00e5rd &amp; Fritid\" \/>\n<meta property=\"og:description\" content=\"Lider du av bl\u00e4ndande ljus som minskar mysigheten? Att famla efter en str\u00f6mbrytare i m\u00f6rkret kan st\u00f6ra kv\u00e4llsfriden. TRUUSK golvlampan...\" \/>\n<meta property=\"og:url\" content=\"https:\/\/truusk.store\/sv\/produkt\/truusk-led-golvlampa-for-vardagsrum-varmt-ljus-3000-k-fotstrombrytare-25-x-25-x-134-cm-massing\/\" \/>\n<meta property=\"og:site_name\" content=\"TRUUSK - Hem, Tr\u00e4dg\u00e5rd &amp; Fritid\" \/>\n<meta property=\"article:modified_time\" content=\"2026-03-12T07:48:33+00:00\" \/>\n<meta property=\"og:image\" content=\"https:\/\/i0.wp.com\/truusk.se\/wp-content\/uploads\/2025\/11\/led-golvlampa-for-vardagsrum-golvlampa-med-3000-k-varmt-ljus-fotstrombrytare-25-x-25-x-134-cm-massing-1.webp?fit=2000%2C2000&ssl=1\" \/>\n\t<meta property=\"og:image:width\" content=\"2000\" \/>\n\t<meta property=\"og:image:height\" content=\"2000\" \/>\n\t<meta property=\"og:image:type\" content=\"image\/webp\" \/>\n<meta name=\"twitter:card\" content=\"summary_large_image\" \/>\n<meta name=\"twitter:label1\" content=\"Ber\u00e4knad l\u00e4stid\" \/>\n\t<meta name=\"twitter:data1\" content=\"1 minut\" \/>\n<!-- \/ Yoast SEO plugin. -->","yoast_head_json":{"title":"TRUUSK LED-golvlampa f\u00f6r vardagsrum - Varmt ljus 3000 K - Fotstr\u00f6mbrytare - 25 x 25 x 134 cm - M\u00e4ssing - TRUUSK - Hem, Tr\u00e4dg\u00e5rd &amp; Fritid","robots":{"index":"index","follow":"follow","max-snippet":"max-snippet:-1","max-image-preview":"max-image-preview:large","max-video-preview":"max-video-preview:-1"},"canonical":"https:\/\/truusk.store\/sv\/produkt\/truusk-led-golvlampa-for-vardagsrum-varmt-ljus-3000-k-fotstrombrytare-25-x-25-x-134-cm-massing\/","og_locale":"sv_SE","og_type":"article","og_title":"TRUUSK LED-golvlampa f\u00f6r vardagsrum - Varmt ljus 3000 K - Fotstr\u00f6mbrytare - 25 x 25 x 134 cm - M\u00e4ssing - TRUUSK - Hem, Tr\u00e4dg\u00e5rd &amp; Fritid","og_description":"Lider du av bl\u00e4ndande ljus som minskar mysigheten? Att famla efter en str\u00f6mbrytare i m\u00f6rkret kan st\u00f6ra kv\u00e4llsfriden. TRUUSK golvlampan...","og_url":"https:\/\/truusk.store\/sv\/produkt\/truusk-led-golvlampa-for-vardagsrum-varmt-ljus-3000-k-fotstrombrytare-25-x-25-x-134-cm-massing\/","og_site_name":"TRUUSK - Hem, Tr\u00e4dg\u00e5rd &amp; Fritid","article_modified_time":"2026-03-12T07:48:33+00:00","og_image":[{"width":2000,"height":2000,"url":"https:\/\/i0.wp.com\/truusk.se\/wp-content\/uploads\/2025\/11\/led-golvlampa-for-vardagsrum-golvlampa-med-3000-k-varmt-ljus-fotstrombrytare-25-x-25-x-134-cm-massing-1.webp?fit=2000%2C2000&ssl=1","type":"image\/webp"}],"twitter_card":"summary_large_image","twitter_misc":{"Ber\u00e4knad l\u00e4stid":"1 minut"},"schema":{"@context":"https:\/\/schema.org","@graph":[{"@type":"WebPage","@id":"https:\/\/truusk.store\/sv\/produkt\/truusk-led-golvlampa-for-vardagsrum-varmt-ljus-3000-k-fotstrombrytare-25-x-25-x-134-cm-massing\/","url":"https:\/\/truusk.store\/sv\/produkt\/truusk-led-golvlampa-for-vardagsrum-varmt-ljus-3000-k-fotstrombrytare-25-x-25-x-134-cm-massing\/","name":"TRUUSK LED-golvlampa f\u00f6r vardagsrum - Varmt ljus 3000 K - Fotstr\u00f6mbrytare - 25 x 25 x 134 cm - M\u00e4ssing - TRUUSK - Hem, Tr\u00e4dg\u00e5rd &amp; Fritid","isPartOf":{"@id":"https:\/\/truusk.store\/sv\/#website"},"primaryImageOfPage":{"@id":"https:\/\/truusk.store\/sv\/produkt\/truusk-led-golvlampa-for-vardagsrum-varmt-ljus-3000-k-fotstrombrytare-25-x-25-x-134-cm-massing\/#primaryimage"},"image":{"@id":"https:\/\/truusk.store\/sv\/produkt\/truusk-led-golvlampa-for-vardagsrum-varmt-ljus-3000-k-fotstrombrytare-25-x-25-x-134-cm-massing\/#primaryimage"},"thumbnailUrl":"https:\/\/i0.wp.com\/truusk.store\/wp-content\/uploads\/2025\/11\/led-golvlampa-for-vardagsrum-golvlampa-med-3000-k-varmt-ljus-fotstrombrytare-25-x-25-x-134-cm-massing-1.webp?fit=2000%2C2000&ssl=1","datePublished":"2025-11-10T12:17:07+00:00","dateModified":"2026-03-12T07:48:33+00:00","breadcrumb":{"@id":"https:\/\/truusk.store\/sv\/produkt\/truusk-led-golvlampa-for-vardagsrum-varmt-ljus-3000-k-fotstrombrytare-25-x-25-x-134-cm-massing\/#breadcrumb"},"inLanguage":"sv-SE","potentialAction":[{"@type":"ReadAction","target":["https:\/\/truusk.store\/sv\/produkt\/truusk-led-golvlampa-for-vardagsrum-varmt-ljus-3000-k-fotstrombrytare-25-x-25-x-134-cm-massing\/"]}]},{"@type":"ImageObject","inLanguage":"sv-SE","@id":"https:\/\/truusk.store\/sv\/produkt\/truusk-led-golvlampa-for-vardagsrum-varmt-ljus-3000-k-fotstrombrytare-25-x-25-x-134-cm-massing\/#primaryimage","url":"https:\/\/i0.wp.com\/truusk.store\/wp-content\/uploads\/2025\/11\/led-golvlampa-for-vardagsrum-golvlampa-med-3000-k-varmt-ljus-fotstrombrytare-25-x-25-x-134-cm-massing-1.webp?fit=2000%2C2000&ssl=1","contentUrl":"https:\/\/i0.wp.com\/truusk.store\/wp-content\/uploads\/2025\/11\/led-golvlampa-for-vardagsrum-golvlampa-med-3000-k-varmt-ljus-fotstrombrytare-25-x-25-x-134-cm-massing-1.webp?fit=2000%2C2000&ssl=1","width":2000,"height":2000},{"@type":"BreadcrumbList","@id":"https:\/\/truusk.store\/sv\/produkt\/truusk-led-golvlampa-for-vardagsrum-varmt-ljus-3000-k-fotstrombrytare-25-x-25-x-134-cm-massing\/#breadcrumb","itemListElement":[{"@type":"ListItem","position":1,"name":"Home","item":"https:\/\/truusk.store\/sv\/"},{"@type":"ListItem","position":2,"name":"Shop","item":"https:\/\/truusk.store\/shop\/"},{"@type":"ListItem","position":3,"name":"TRUUSK LED-golvlampa f\u00f6r vardagsrum &#8211; Varmt ljus 3000 K &#8211; Fotstr\u00f6mbrytare &#8211; 25 x 25 x 134 cm &#8211; M\u00e4ssing"}]},{"@type":"WebSite","@id":"https:\/\/truusk.store\/sv\/#website","url":"https:\/\/truusk.store\/sv\/","name":"TRUUSK - Hem, Tr\u00e4dg\u00e5rd & Fritid","description":"","publisher":{"@id":"https:\/\/truusk.store\/sv\/#organization"},"potentialAction":[{"@type":"SearchAction","target":{"@type":"EntryPoint","urlTemplate":"https:\/\/truusk.store\/sv\/?s={search_term_string}"},"query-input":{"@type":"PropertyValueSpecification","valueRequired":true,"valueName":"search_term_string"}}],"inLanguage":"sv-SE"},{"@type":"Organization","@id":"https:\/\/truusk.store\/sv\/#organization","name":"TRUUSK - Hem, Tr\u00e4dg\u00e5rd & Fritid","url":"https:\/\/truusk.store\/sv\/","logo":{"@type":"ImageObject","inLanguage":"sv-SE","@id":"https:\/\/truusk.store\/sv\/#\/schema\/logo\/image\/","url":"https:\/\/i0.wp.com\/truusk.store\/wp-content\/uploads\/2026\/03\/cropped-TRUUSK.png?fit=2032%2C917&ssl=1","contentUrl":"https:\/\/i0.wp.com\/truusk.store\/wp-content\/uploads\/2026\/03\/cropped-TRUUSK.png?fit=2032%2C917&ssl=1","width":2032,"height":917,"caption":"TRUUSK - Hem, Tr\u00e4dg\u00e5rd & Fritid"},"image":{"@id":"https:\/\/truusk.store\/sv\/#\/schema\/logo\/image\/"}}]}},"jetpack_sharing_enabled":true,"_links":{"self":[{"href":"https:\/\/truusk.store\/sv\/wp-json\/wp\/v2\/product\/95011","targetHints":{"allow":["GET"]}}],"collection":[{"href":"https:\/\/truusk.store\/sv\/wp-json\/wp\/v2\/product"}],"about":[{"href":"https:\/\/truusk.store\/sv\/wp-json\/wp\/v2\/types\/product"}],"wp:featuredmedia":[{"embeddable":true,"href":"https:\/\/truusk.store\/sv\/wp-json\/wp\/v2\/media\/95002"}],"wp:attachment":[{"href":"https:\/\/truusk.store\/sv\/wp-json\/wp\/v2\/media?parent=95011"}],"wp:term":[{"taxonomy":"product_brand","embeddable":true,"href":"https:\/\/truusk.store\/sv\/wp-json\/wp\/v2\/product_brand?post=95011"},{"taxonomy":"product_cat","embeddable":true,"href":"https:\/\/truusk.store\/sv\/wp-json\/wp\/v2\/product_cat?post=95011"},{"taxonomy":"product_tag","embeddable":true,"href":"https:\/\/truusk.store\/sv\/wp-json\/wp\/v2\/product_tag?post=95011"}],"curies":[{"name":"wp","href":"https:\/\/api.w.org\/{rel}","templated":true}]}}