{"id":95032,"date":"2025-11-10T13:19:11","date_gmt":"2025-11-10T12:19:11","guid":{"rendered":"https:\/\/truusk.store\/product\/elektrisk-kamin-med-11-lagfarger-10-kristallbaddsfarger-1000w-2000w-fjarrkontroll-mangsidigt-anvandbar-vit\/"},"modified":"2026-03-12T08:48:34","modified_gmt":"2026-03-12T07:48:34","slug":"truusk-elektrisk-kamin-11-lagfarger-10-kristallbaddsfarger-1000w-2000w-fjarrkontroll-mangsidigt-anvandbar-vit","status":"publish","type":"product","link":"https:\/\/truusk.store\/sv\/produkt\/truusk-elektrisk-kamin-11-lagfarger-10-kristallbaddsfarger-1000w-2000w-fjarrkontroll-mangsidigt-anvandbar-vit\/","title":{"rendered":"TRUUSK Elektrisk Kamin &#8211; 11 L\u00e5gf\u00e4rger &#8211; 10 Kristallb\u00e4ddsf\u00e4rger &#8211; 1000W\/2000W &#8211; Fj\u00e4rrkontroll &#8211; M\u00e5ngsidigt Anv\u00e4ndbar &#8211; Vit"},"content":{"rendered":"<p>Har du sv\u00e5rt att skapa en mysig rumatmosf\u00e4r som anpassar sig till ditt hum\u00f6r och \u00e5rstiderna? TRUUSK elektriska kamin f\u00f6rvandlar alla rum: Upplev omedelbar v\u00e4rme p\u00e5 kyliga kv\u00e4llar eller njut av det fascinerande gl\u00f6det fr\u00e5n den elektriska elden p\u00e5 sommarn\u00e4tter. Med 11 flammf\u00e4rger och 10 kristallb\u00e4ddalternativ f\u00f6r rumskaminen skapar du enkelt den perfekta atmosf\u00e4ren f\u00f6r varje tillf\u00e4lle och skapar en varm, inbjudande st\u00e4mning \u00e5ret runt.<\/p>\n<p>Beskrivning:<\/p>\n<ul>\n<li> Erbjuder uppv\u00e4rmning med 1000W eller 2000W och termostat vid 15\u201330\u202f\u00b0C<\/li>\n<li> Har 11 flammf\u00e4rger och 10 kristallb\u00e4ddalternativ med tre ljusstyrkeniv\u00e5er<\/li>\n<li> Inkluderar upprepningsbar eller 12-timmars timer, styrs med fj\u00e4rrkontroll<\/li>\n<li> Inbyggd automatisk avst\u00e4ngning av den elektriska kaminen skyddar mot \u00f6verhettning f\u00f6r anv\u00e4ndarens s\u00e4kerhet<\/li>\n<li> Det \u00f6vre hyllan p\u00e5 v\u00e4ggkaminen f\u00f6rblir sval och h\u00e5ller dekorationsf\u00f6rem\u00e5l s\u00e4kert<\/li>\n<li> Fungerar under 55\u202fdB f\u00f6r att s\u00e4kerst\u00e4lla tyst, fridfull anv\u00e4ndning<\/li>\n<li> Montering kr\u00e4vs<\/li>\n<\/ul>\n<p> Tekniska data:<\/p>\n<ul>\n<li> F\u00e4rg: Vit+Svart+Transparent<\/li>\n<li> Material: MDF, St\u00e5l, H\u00e4rdat Glas<\/li>\n<li> Totala dimensioner: 110B x 30T x 68H cm<\/li>\n<li> \u00d6vre ramstorlek: 96B x 27T x 14H cm<\/li>\n<li> Nedre ramstorlek: 110B x 30T x 22H cm<\/li>\n<li> Kamin k\u00e4rnstorlek: 92B x 23T x 48H cm<\/li>\n<li> Frontglasstorlek: 91B x 30,5H cm<\/li>\n<li> Luftutloppsstorlek: 19,5B x 3,5H cm<\/li>\n<li> Effekt: 1000W \/ 2000W<\/li>\n<li> Sp\u00e4nning: AC 220-240V, 50Hz<\/li>\n<li> Nominell effekt: 1800W-2000W<\/li>\n<li> Nominell str\u00f6m: 8,18A-8,33A<\/li>\n<li> Ljudniv\u00e5: &lt; 55 dB<\/li>\n<li> Kabell\u00e4ngd: 1,5 m<\/li>\n<li> V\u00e4rmekapacitet: 6820 BTU\/h (max)<\/li>\n<li> T\u00e4ckningsomr\u00e5de: 15-30 m\u00b2<\/li>\n<li> Temperaturomr\u00e5de: 15-30\u00b0C<\/li>\n<li> Belastningskapacitet: 20 kg<\/li>\n<\/ul>\n<p>Leveransinneh\u00e5ll:<\/p>\n<ul>\n<li> 1 x Elektrisk kamin<\/li>\n<li> 1 x Fj\u00e4rrkontroll<\/li>\n<li> 1 x V\u00e4ggf\u00e4ste<\/li>\n<li> 4 x Skruvar och pluggar<\/li>\n<li> 1 x Mekanisk monteringsf\u00e4ste<\/li>\n<li> 1 x Tipp-skydd<\/li>\n<li> 1 x Bruksanvisning<\/li>\n<\/ul>\n","protected":false},"excerpt":{"rendered":"<p>Har du sv\u00e5rt att skapa en mysig rumatmosf\u00e4r som anpassar sig till ditt hum\u00f6r och \u00e5rstiderna? TRUUSK elektriska kamin f\u00f6rvandlar&#8230;<\/p>\n","protected":false},"featured_media":95022,"template":"","meta":[],"product_brand":[],"product_cat":[867,877,876],"product_tag":[],"class_list":{"0":"post-95032","1":"product","2":"type-product","3":"status-publish","4":"has-post-thumbnail","6":"product_cat-byggmarknad","7":"product_cat-elektriska-kaminer","8":"product_cat-kaminer-ugnar","10":"first","11":"instock","12":"sale","13":"taxable","14":"shipping-taxable","15":"purchasable","16":"product-type-simple"},"yoast_head":"<!-- This site is optimized with the Yoast SEO plugin v25.4 - https:\/\/yoast.com\/wordpress\/plugins\/seo\/ -->\n<title>TRUUSK Elektrisk Kamin - 11 L\u00e5gf\u00e4rger - 10 Kristallb\u00e4ddsf\u00e4rger - 1000W\/2000W - Fj\u00e4rrkontroll - M\u00e5ngsidigt Anv\u00e4ndbar - Vit - TRUUSK - Hem, Tr\u00e4dg\u00e5rd &amp; Fritid<\/title>\n<meta name=\"robots\" content=\"index, follow, max-snippet:-1, max-image-preview:large, max-video-preview:-1\" \/>\n<link rel=\"canonical\" href=\"https:\/\/truusk.store\/sv\/produkt\/truusk-elektrisk-kamin-11-lagfarger-10-kristallbaddsfarger-1000w-2000w-fjarrkontroll-mangsidigt-anvandbar-vit\/\" \/>\n<meta property=\"og:locale\" content=\"sv_SE\" \/>\n<meta property=\"og:type\" content=\"article\" \/>\n<meta property=\"og:title\" content=\"TRUUSK Elektrisk Kamin - 11 L\u00e5gf\u00e4rger - 10 Kristallb\u00e4ddsf\u00e4rger - 1000W\/2000W - Fj\u00e4rrkontroll - M\u00e5ngsidigt Anv\u00e4ndbar - Vit - TRUUSK - Hem, Tr\u00e4dg\u00e5rd &amp; Fritid\" \/>\n<meta property=\"og:description\" content=\"Har du sv\u00e5rt att skapa en mysig rumatmosf\u00e4r som anpassar sig till ditt hum\u00f6r och \u00e5rstiderna? TRUUSK elektriska kamin f\u00f6rvandlar...\" \/>\n<meta property=\"og:url\" content=\"https:\/\/truusk.store\/sv\/produkt\/truusk-elektrisk-kamin-11-lagfarger-10-kristallbaddsfarger-1000w-2000w-fjarrkontroll-mangsidigt-anvandbar-vit\/\" \/>\n<meta property=\"og:site_name\" content=\"TRUUSK - Hem, Tr\u00e4dg\u00e5rd &amp; Fritid\" \/>\n<meta property=\"article:modified_time\" content=\"2026-03-12T07:48:34+00:00\" \/>\n<meta property=\"og:image\" content=\"https:\/\/i0.wp.com\/truusk.se\/wp-content\/uploads\/2025\/11\/elektrisk-kamin-med-11-lagfarger-10-kristallbaddsfarger-1000w-2000w-fjarrkontroll-mangsidigt-anvandbar-vit-1.webp?fit=2000%2C2000&ssl=1\" \/>\n\t<meta property=\"og:image:width\" content=\"2000\" \/>\n\t<meta property=\"og:image:height\" content=\"2000\" \/>\n\t<meta property=\"og:image:type\" content=\"image\/webp\" \/>\n<meta name=\"twitter:card\" content=\"summary_large_image\" \/>\n<meta name=\"twitter:label1\" content=\"Ber\u00e4knad l\u00e4stid\" \/>\n\t<meta name=\"twitter:data1\" content=\"1 minut\" \/>\n<!-- \/ Yoast SEO plugin. -->","yoast_head_json":{"title":"TRUUSK Elektrisk Kamin - 11 L\u00e5gf\u00e4rger - 10 Kristallb\u00e4ddsf\u00e4rger - 1000W\/2000W - Fj\u00e4rrkontroll - M\u00e5ngsidigt Anv\u00e4ndbar - Vit - TRUUSK - Hem, Tr\u00e4dg\u00e5rd &amp; Fritid","robots":{"index":"index","follow":"follow","max-snippet":"max-snippet:-1","max-image-preview":"max-image-preview:large","max-video-preview":"max-video-preview:-1"},"canonical":"https:\/\/truusk.store\/sv\/produkt\/truusk-elektrisk-kamin-11-lagfarger-10-kristallbaddsfarger-1000w-2000w-fjarrkontroll-mangsidigt-anvandbar-vit\/","og_locale":"sv_SE","og_type":"article","og_title":"TRUUSK Elektrisk Kamin - 11 L\u00e5gf\u00e4rger - 10 Kristallb\u00e4ddsf\u00e4rger - 1000W\/2000W - Fj\u00e4rrkontroll - M\u00e5ngsidigt Anv\u00e4ndbar - Vit - TRUUSK - Hem, Tr\u00e4dg\u00e5rd &amp; Fritid","og_description":"Har du sv\u00e5rt att skapa en mysig rumatmosf\u00e4r som anpassar sig till ditt hum\u00f6r och \u00e5rstiderna? TRUUSK elektriska kamin f\u00f6rvandlar...","og_url":"https:\/\/truusk.store\/sv\/produkt\/truusk-elektrisk-kamin-11-lagfarger-10-kristallbaddsfarger-1000w-2000w-fjarrkontroll-mangsidigt-anvandbar-vit\/","og_site_name":"TRUUSK - Hem, Tr\u00e4dg\u00e5rd &amp; Fritid","article_modified_time":"2026-03-12T07:48:34+00:00","og_image":[{"width":2000,"height":2000,"url":"https:\/\/i0.wp.com\/truusk.se\/wp-content\/uploads\/2025\/11\/elektrisk-kamin-med-11-lagfarger-10-kristallbaddsfarger-1000w-2000w-fjarrkontroll-mangsidigt-anvandbar-vit-1.webp?fit=2000%2C2000&ssl=1","type":"image\/webp"}],"twitter_card":"summary_large_image","twitter_misc":{"Ber\u00e4knad l\u00e4stid":"1 minut"},"schema":{"@context":"https:\/\/schema.org","@graph":[{"@type":"WebPage","@id":"https:\/\/truusk.store\/sv\/produkt\/truusk-elektrisk-kamin-11-lagfarger-10-kristallbaddsfarger-1000w-2000w-fjarrkontroll-mangsidigt-anvandbar-vit\/","url":"https:\/\/truusk.store\/sv\/produkt\/truusk-elektrisk-kamin-11-lagfarger-10-kristallbaddsfarger-1000w-2000w-fjarrkontroll-mangsidigt-anvandbar-vit\/","name":"TRUUSK Elektrisk Kamin - 11 L\u00e5gf\u00e4rger - 10 Kristallb\u00e4ddsf\u00e4rger - 1000W\/2000W - Fj\u00e4rrkontroll - M\u00e5ngsidigt Anv\u00e4ndbar - Vit - TRUUSK - Hem, Tr\u00e4dg\u00e5rd &amp; Fritid","isPartOf":{"@id":"https:\/\/truusk.store\/sv\/#website"},"primaryImageOfPage":{"@id":"https:\/\/truusk.store\/sv\/produkt\/truusk-elektrisk-kamin-11-lagfarger-10-kristallbaddsfarger-1000w-2000w-fjarrkontroll-mangsidigt-anvandbar-vit\/#primaryimage"},"image":{"@id":"https:\/\/truusk.store\/sv\/produkt\/truusk-elektrisk-kamin-11-lagfarger-10-kristallbaddsfarger-1000w-2000w-fjarrkontroll-mangsidigt-anvandbar-vit\/#primaryimage"},"thumbnailUrl":"https:\/\/i0.wp.com\/truusk.store\/wp-content\/uploads\/2025\/11\/elektrisk-kamin-med-11-lagfarger-10-kristallbaddsfarger-1000w-2000w-fjarrkontroll-mangsidigt-anvandbar-vit-1.webp?fit=2000%2C2000&ssl=1","datePublished":"2025-11-10T12:19:11+00:00","dateModified":"2026-03-12T07:48:34+00:00","breadcrumb":{"@id":"https:\/\/truusk.store\/sv\/produkt\/truusk-elektrisk-kamin-11-lagfarger-10-kristallbaddsfarger-1000w-2000w-fjarrkontroll-mangsidigt-anvandbar-vit\/#breadcrumb"},"inLanguage":"sv-SE","potentialAction":[{"@type":"ReadAction","target":["https:\/\/truusk.store\/sv\/produkt\/truusk-elektrisk-kamin-11-lagfarger-10-kristallbaddsfarger-1000w-2000w-fjarrkontroll-mangsidigt-anvandbar-vit\/"]}]},{"@type":"ImageObject","inLanguage":"sv-SE","@id":"https:\/\/truusk.store\/sv\/produkt\/truusk-elektrisk-kamin-11-lagfarger-10-kristallbaddsfarger-1000w-2000w-fjarrkontroll-mangsidigt-anvandbar-vit\/#primaryimage","url":"https:\/\/i0.wp.com\/truusk.store\/wp-content\/uploads\/2025\/11\/elektrisk-kamin-med-11-lagfarger-10-kristallbaddsfarger-1000w-2000w-fjarrkontroll-mangsidigt-anvandbar-vit-1.webp?fit=2000%2C2000&ssl=1","contentUrl":"https:\/\/i0.wp.com\/truusk.store\/wp-content\/uploads\/2025\/11\/elektrisk-kamin-med-11-lagfarger-10-kristallbaddsfarger-1000w-2000w-fjarrkontroll-mangsidigt-anvandbar-vit-1.webp?fit=2000%2C2000&ssl=1","width":2000,"height":2000},{"@type":"BreadcrumbList","@id":"https:\/\/truusk.store\/sv\/produkt\/truusk-elektrisk-kamin-11-lagfarger-10-kristallbaddsfarger-1000w-2000w-fjarrkontroll-mangsidigt-anvandbar-vit\/#breadcrumb","itemListElement":[{"@type":"ListItem","position":1,"name":"Home","item":"https:\/\/truusk.store\/sv\/"},{"@type":"ListItem","position":2,"name":"Shop","item":"https:\/\/truusk.store\/shop\/"},{"@type":"ListItem","position":3,"name":"TRUUSK Elektrisk Kamin &#8211; 11 L\u00e5gf\u00e4rger &#8211; 10 Kristallb\u00e4ddsf\u00e4rger &#8211; 1000W\/2000W &#8211; Fj\u00e4rrkontroll &#8211; M\u00e5ngsidigt Anv\u00e4ndbar &#8211; Vit"}]},{"@type":"WebSite","@id":"https:\/\/truusk.store\/sv\/#website","url":"https:\/\/truusk.store\/sv\/","name":"TRUUSK - Hem, Tr\u00e4dg\u00e5rd & Fritid","description":"","publisher":{"@id":"https:\/\/truusk.store\/sv\/#organization"},"potentialAction":[{"@type":"SearchAction","target":{"@type":"EntryPoint","urlTemplate":"https:\/\/truusk.store\/sv\/?s={search_term_string}"},"query-input":{"@type":"PropertyValueSpecification","valueRequired":true,"valueName":"search_term_string"}}],"inLanguage":"sv-SE"},{"@type":"Organization","@id":"https:\/\/truusk.store\/sv\/#organization","name":"TRUUSK - Hem, Tr\u00e4dg\u00e5rd & Fritid","url":"https:\/\/truusk.store\/sv\/","logo":{"@type":"ImageObject","inLanguage":"sv-SE","@id":"https:\/\/truusk.store\/sv\/#\/schema\/logo\/image\/","url":"https:\/\/i0.wp.com\/truusk.store\/wp-content\/uploads\/2026\/03\/cropped-TRUUSK.png?fit=2032%2C917&ssl=1","contentUrl":"https:\/\/i0.wp.com\/truusk.store\/wp-content\/uploads\/2026\/03\/cropped-TRUUSK.png?fit=2032%2C917&ssl=1","width":2032,"height":917,"caption":"TRUUSK - Hem, Tr\u00e4dg\u00e5rd & Fritid"},"image":{"@id":"https:\/\/truusk.store\/sv\/#\/schema\/logo\/image\/"}}]}},"jetpack_sharing_enabled":true,"_links":{"self":[{"href":"https:\/\/truusk.store\/sv\/wp-json\/wp\/v2\/product\/95032","targetHints":{"allow":["GET"]}}],"collection":[{"href":"https:\/\/truusk.store\/sv\/wp-json\/wp\/v2\/product"}],"about":[{"href":"https:\/\/truusk.store\/sv\/wp-json\/wp\/v2\/types\/product"}],"wp:featuredmedia":[{"embeddable":true,"href":"https:\/\/truusk.store\/sv\/wp-json\/wp\/v2\/media\/95022"}],"wp:attachment":[{"href":"https:\/\/truusk.store\/sv\/wp-json\/wp\/v2\/media?parent=95032"}],"wp:term":[{"taxonomy":"product_brand","embeddable":true,"href":"https:\/\/truusk.store\/sv\/wp-json\/wp\/v2\/product_brand?post=95032"},{"taxonomy":"product_cat","embeddable":true,"href":"https:\/\/truusk.store\/sv\/wp-json\/wp\/v2\/product_cat?post=95032"},{"taxonomy":"product_tag","embeddable":true,"href":"https:\/\/truusk.store\/sv\/wp-json\/wp\/v2\/product_tag?post=95032"}],"curies":[{"name":"wp","href":"https:\/\/api.w.org\/{rel}","templated":true}]}}