{"id":95041,"date":"2025-11-10T13:20:00","date_gmt":"2025-11-10T12:20:00","guid":{"rendered":"https:\/\/truusk.store\/product\/golvlampa-med-3-hyllor-rund-design-fjarrkontroll-fotbrytare-justerbar-ljusvarme-for-vardagsrum-svart\/"},"modified":"2026-03-12T08:48:35","modified_gmt":"2026-03-12T07:48:35","slug":"truusk-golvlampa-med-3-hyllor-rund-design-fjarrkontroll-fotbrytare-justerbar-ljusvarme-for-vardagsrum-svart","status":"publish","type":"product","link":"https:\/\/truusk.store\/sv\/produkt\/truusk-golvlampa-med-3-hyllor-rund-design-fjarrkontroll-fotbrytare-justerbar-ljusvarme-for-vardagsrum-svart\/","title":{"rendered":"TRUUSK Golvlampa med 3 hyllor &#8211; Rund design &#8211; Fj\u00e4rrkontroll &#8211; Fotbrytare &#8211; Justerbar ljusv\u00e4rme &#8211; F\u00f6r vardagsrum &#8211; Svart"},"content":{"rendered":"<p>Lider du av kaotiska h\u00f6rn och st\u00f6rande bl\u00e4ndande ljus p\u00e5 kv\u00e4llen? Upplev ett rum utan skarpa kanter, men med mjukt b\u00f6jda, runda hyllor som erbjuder s\u00e4kerhet: Denna TRUUSK golvlampa med hyllor visar inte bara upp dina favoritf\u00f6rem\u00e5l, utan till\u00e5ter ocks\u00e5 justering av ljusv\u00e4rmen via fj\u00e4rrkontroll. Skapa enkelt din \u00f6nskade atmosf\u00e4r direkt fr\u00e5n soffan.<\/p>\n<p>Beskrivning:<\/p>\n<ul>\n<li> Erbjuder f\u00e4rgtemperaturer f\u00f6r golvlampan p\u00e5 3000K, 4500K och 6500K f\u00f6r att m\u00f6ta olika behov<\/li>\n<li> Utrustad med en fj\u00e4rrkontroll och en fotbrytare f\u00f6r enkel, bekv\u00e4m kontroll<\/li>\n<li> Dess eleganta runda form sticker ut och kompletterar alla moderna rumsstilar<\/li>\n<li> Kombinerar belysning och f\u00f6rvaring, fungerar som l\u00e4slampa eller ers\u00e4ttning f\u00f6r ett nattduksbord<\/li>\n<li> Tygsk\u00e4rmen p\u00e5 vardagsrumslampan mildrar LED-ljuset och skapar en mysig och avkopplande atmosf\u00e4r<\/li>\n<li> Byggd med en metallram och stabil bas f\u00f6r p\u00e5litligt st\u00f6d<\/li>\n<li> Montera denna golvlampa p\u00e5 30 minuter utan speciella verktyg<\/li>\n<\/ul>\n<p> Tekniska data:<\/p>\n<ul>\n<li> F\u00e4rg: Svart+Vit<\/li>\n<li> Material: MDF, Metall, Tyg<\/li>\n<li> Totala dimensioner: \u00d829 x 158H cm<\/li>\n<li> Lampsk\u00e4rmsstorlek: \u00d824,5 x 36H cm<\/li>\n<li> Basstorlek: \u00d829 x 1,8H cm<\/li>\n<li> Avst\u00e5nd mellan niv\u00e5erna: 39 cm<\/li>\n<li> Maximal belastning: 1,5 kg (per hylla)<\/li>\n<li> Sockel: E27<\/li>\n<li> Maximal lampkraft: 40W<\/li>\n<li> Inkluderad gl\u00f6dlampa: A60 9W<\/li>\n<li> F\u00e4rgtemperatur: 3000K\/4500K\/6500K<\/li>\n<li> Ljusfl\u00f6de: 800lm<\/li>\n<li> Ing\u00e5ngssp\u00e4nning: 220-240V, 50Hz<\/li>\n<li> Kabell\u00e4ngd: 1,8 m<\/li>\n<li> Energieffektivitetsklass: F<\/li>\n<\/ul>\n<p>Leveransinneh\u00e5ll:<\/p>\n<ul>\n<li> 1 x Golvlampa med hyllor<\/li>\n<li> 1 x Fj\u00e4rrkontroll<\/li>\n<li> 1 x Ljusk\u00e4lla<\/li>\n<li> 1 x Bruksanvisning<\/li>\n<\/ul>\n","protected":false},"excerpt":{"rendered":"<p>Lider du av kaotiska h\u00f6rn och st\u00f6rande bl\u00e4ndande ljus p\u00e5 kv\u00e4llen? Upplev ett rum utan skarpa kanter, men med mjukt&#8230;<\/p>\n","protected":false},"featured_media":95030,"template":"","meta":[],"product_brand":[],"product_cat":[486,907,871],"product_tag":[],"class_list":{"0":"post-95041","1":"product","2":"type-product","3":"status-publish","4":"has-post-thumbnail","6":"product_cat-belysning","7":"product_cat-golvlampor","8":"product_cat-hus-hem","10":"first","11":"instock","12":"sale","13":"taxable","14":"shipping-taxable","15":"purchasable","16":"product-type-simple"},"yoast_head":"<!-- This site is optimized with the Yoast SEO plugin v25.4 - https:\/\/yoast.com\/wordpress\/plugins\/seo\/ -->\n<title>TRUUSK Golvlampa med 3 hyllor - Rund design - Fj\u00e4rrkontroll - Fotbrytare - Justerbar ljusv\u00e4rme - F\u00f6r vardagsrum - Svart - TRUUSK - Hem, Tr\u00e4dg\u00e5rd &amp; Fritid<\/title>\n<meta name=\"robots\" content=\"index, follow, max-snippet:-1, max-image-preview:large, max-video-preview:-1\" \/>\n<link rel=\"canonical\" href=\"https:\/\/truusk.store\/sv\/produkt\/truusk-golvlampa-med-3-hyllor-rund-design-fjarrkontroll-fotbrytare-justerbar-ljusvarme-for-vardagsrum-svart\/\" \/>\n<meta property=\"og:locale\" content=\"sv_SE\" \/>\n<meta property=\"og:type\" content=\"article\" \/>\n<meta property=\"og:title\" content=\"TRUUSK Golvlampa med 3 hyllor - Rund design - Fj\u00e4rrkontroll - Fotbrytare - Justerbar ljusv\u00e4rme - F\u00f6r vardagsrum - Svart - TRUUSK - Hem, Tr\u00e4dg\u00e5rd &amp; Fritid\" \/>\n<meta property=\"og:description\" content=\"Lider du av kaotiska h\u00f6rn och st\u00f6rande bl\u00e4ndande ljus p\u00e5 kv\u00e4llen? Upplev ett rum utan skarpa kanter, men med mjukt...\" \/>\n<meta property=\"og:url\" content=\"https:\/\/truusk.store\/sv\/produkt\/truusk-golvlampa-med-3-hyllor-rund-design-fjarrkontroll-fotbrytare-justerbar-ljusvarme-for-vardagsrum-svart\/\" \/>\n<meta property=\"og:site_name\" content=\"TRUUSK - Hem, Tr\u00e4dg\u00e5rd &amp; Fritid\" \/>\n<meta property=\"article:modified_time\" content=\"2026-03-12T07:48:35+00:00\" \/>\n<meta property=\"og:image\" content=\"https:\/\/i0.wp.com\/truusk.se\/wp-content\/uploads\/2025\/11\/golvlampa-med-3-hyllor-rund-design-fjarrkontroll-fotbrytare-justerbar-ljusvarme-for-vardagsrum-svart-1.webp?fit=2000%2C2000&ssl=1\" \/>\n\t<meta property=\"og:image:width\" content=\"2000\" \/>\n\t<meta property=\"og:image:height\" content=\"2000\" \/>\n\t<meta property=\"og:image:type\" content=\"image\/webp\" \/>\n<meta name=\"twitter:card\" content=\"summary_large_image\" \/>\n<meta name=\"twitter:label1\" content=\"Ber\u00e4knad l\u00e4stid\" \/>\n\t<meta name=\"twitter:data1\" content=\"1 minut\" \/>\n<!-- \/ Yoast SEO plugin. -->","yoast_head_json":{"title":"TRUUSK Golvlampa med 3 hyllor - Rund design - Fj\u00e4rrkontroll - Fotbrytare - Justerbar ljusv\u00e4rme - F\u00f6r vardagsrum - Svart - TRUUSK - Hem, Tr\u00e4dg\u00e5rd &amp; Fritid","robots":{"index":"index","follow":"follow","max-snippet":"max-snippet:-1","max-image-preview":"max-image-preview:large","max-video-preview":"max-video-preview:-1"},"canonical":"https:\/\/truusk.store\/sv\/produkt\/truusk-golvlampa-med-3-hyllor-rund-design-fjarrkontroll-fotbrytare-justerbar-ljusvarme-for-vardagsrum-svart\/","og_locale":"sv_SE","og_type":"article","og_title":"TRUUSK Golvlampa med 3 hyllor - Rund design - Fj\u00e4rrkontroll - Fotbrytare - Justerbar ljusv\u00e4rme - F\u00f6r vardagsrum - Svart - TRUUSK - Hem, Tr\u00e4dg\u00e5rd &amp; Fritid","og_description":"Lider du av kaotiska h\u00f6rn och st\u00f6rande bl\u00e4ndande ljus p\u00e5 kv\u00e4llen? Upplev ett rum utan skarpa kanter, men med mjukt...","og_url":"https:\/\/truusk.store\/sv\/produkt\/truusk-golvlampa-med-3-hyllor-rund-design-fjarrkontroll-fotbrytare-justerbar-ljusvarme-for-vardagsrum-svart\/","og_site_name":"TRUUSK - Hem, Tr\u00e4dg\u00e5rd &amp; Fritid","article_modified_time":"2026-03-12T07:48:35+00:00","og_image":[{"width":2000,"height":2000,"url":"https:\/\/i0.wp.com\/truusk.se\/wp-content\/uploads\/2025\/11\/golvlampa-med-3-hyllor-rund-design-fjarrkontroll-fotbrytare-justerbar-ljusvarme-for-vardagsrum-svart-1.webp?fit=2000%2C2000&ssl=1","type":"image\/webp"}],"twitter_card":"summary_large_image","twitter_misc":{"Ber\u00e4knad l\u00e4stid":"1 minut"},"schema":{"@context":"https:\/\/schema.org","@graph":[{"@type":"WebPage","@id":"https:\/\/truusk.store\/sv\/produkt\/truusk-golvlampa-med-3-hyllor-rund-design-fjarrkontroll-fotbrytare-justerbar-ljusvarme-for-vardagsrum-svart\/","url":"https:\/\/truusk.store\/sv\/produkt\/truusk-golvlampa-med-3-hyllor-rund-design-fjarrkontroll-fotbrytare-justerbar-ljusvarme-for-vardagsrum-svart\/","name":"TRUUSK Golvlampa med 3 hyllor - Rund design - Fj\u00e4rrkontroll - Fotbrytare - Justerbar ljusv\u00e4rme - F\u00f6r vardagsrum - Svart - TRUUSK - Hem, Tr\u00e4dg\u00e5rd &amp; Fritid","isPartOf":{"@id":"https:\/\/truusk.store\/sv\/#website"},"primaryImageOfPage":{"@id":"https:\/\/truusk.store\/sv\/produkt\/truusk-golvlampa-med-3-hyllor-rund-design-fjarrkontroll-fotbrytare-justerbar-ljusvarme-for-vardagsrum-svart\/#primaryimage"},"image":{"@id":"https:\/\/truusk.store\/sv\/produkt\/truusk-golvlampa-med-3-hyllor-rund-design-fjarrkontroll-fotbrytare-justerbar-ljusvarme-for-vardagsrum-svart\/#primaryimage"},"thumbnailUrl":"https:\/\/i0.wp.com\/truusk.store\/wp-content\/uploads\/2025\/11\/golvlampa-med-3-hyllor-rund-design-fjarrkontroll-fotbrytare-justerbar-ljusvarme-for-vardagsrum-svart-1.webp?fit=2000%2C2000&ssl=1","datePublished":"2025-11-10T12:20:00+00:00","dateModified":"2026-03-12T07:48:35+00:00","breadcrumb":{"@id":"https:\/\/truusk.store\/sv\/produkt\/truusk-golvlampa-med-3-hyllor-rund-design-fjarrkontroll-fotbrytare-justerbar-ljusvarme-for-vardagsrum-svart\/#breadcrumb"},"inLanguage":"sv-SE","potentialAction":[{"@type":"ReadAction","target":["https:\/\/truusk.store\/sv\/produkt\/truusk-golvlampa-med-3-hyllor-rund-design-fjarrkontroll-fotbrytare-justerbar-ljusvarme-for-vardagsrum-svart\/"]}]},{"@type":"ImageObject","inLanguage":"sv-SE","@id":"https:\/\/truusk.store\/sv\/produkt\/truusk-golvlampa-med-3-hyllor-rund-design-fjarrkontroll-fotbrytare-justerbar-ljusvarme-for-vardagsrum-svart\/#primaryimage","url":"https:\/\/i0.wp.com\/truusk.store\/wp-content\/uploads\/2025\/11\/golvlampa-med-3-hyllor-rund-design-fjarrkontroll-fotbrytare-justerbar-ljusvarme-for-vardagsrum-svart-1.webp?fit=2000%2C2000&ssl=1","contentUrl":"https:\/\/i0.wp.com\/truusk.store\/wp-content\/uploads\/2025\/11\/golvlampa-med-3-hyllor-rund-design-fjarrkontroll-fotbrytare-justerbar-ljusvarme-for-vardagsrum-svart-1.webp?fit=2000%2C2000&ssl=1","width":2000,"height":2000},{"@type":"BreadcrumbList","@id":"https:\/\/truusk.store\/sv\/produkt\/truusk-golvlampa-med-3-hyllor-rund-design-fjarrkontroll-fotbrytare-justerbar-ljusvarme-for-vardagsrum-svart\/#breadcrumb","itemListElement":[{"@type":"ListItem","position":1,"name":"Home","item":"https:\/\/truusk.store\/sv\/"},{"@type":"ListItem","position":2,"name":"Shop","item":"https:\/\/truusk.store\/shop\/"},{"@type":"ListItem","position":3,"name":"TRUUSK Golvlampa med 3 hyllor &#8211; Rund design &#8211; Fj\u00e4rrkontroll &#8211; Fotbrytare &#8211; Justerbar ljusv\u00e4rme &#8211; F\u00f6r vardagsrum &#8211; Svart"}]},{"@type":"WebSite","@id":"https:\/\/truusk.store\/sv\/#website","url":"https:\/\/truusk.store\/sv\/","name":"TRUUSK - Hem, Tr\u00e4dg\u00e5rd & Fritid","description":"","publisher":{"@id":"https:\/\/truusk.store\/sv\/#organization"},"potentialAction":[{"@type":"SearchAction","target":{"@type":"EntryPoint","urlTemplate":"https:\/\/truusk.store\/sv\/?s={search_term_string}"},"query-input":{"@type":"PropertyValueSpecification","valueRequired":true,"valueName":"search_term_string"}}],"inLanguage":"sv-SE"},{"@type":"Organization","@id":"https:\/\/truusk.store\/sv\/#organization","name":"TRUUSK - Hem, Tr\u00e4dg\u00e5rd & Fritid","url":"https:\/\/truusk.store\/sv\/","logo":{"@type":"ImageObject","inLanguage":"sv-SE","@id":"https:\/\/truusk.store\/sv\/#\/schema\/logo\/image\/","url":"https:\/\/i0.wp.com\/truusk.store\/wp-content\/uploads\/2026\/03\/cropped-TRUUSK.png?fit=2032%2C917&ssl=1","contentUrl":"https:\/\/i0.wp.com\/truusk.store\/wp-content\/uploads\/2026\/03\/cropped-TRUUSK.png?fit=2032%2C917&ssl=1","width":2032,"height":917,"caption":"TRUUSK - Hem, Tr\u00e4dg\u00e5rd & Fritid"},"image":{"@id":"https:\/\/truusk.store\/sv\/#\/schema\/logo\/image\/"}}]}},"jetpack_sharing_enabled":true,"_links":{"self":[{"href":"https:\/\/truusk.store\/sv\/wp-json\/wp\/v2\/product\/95041","targetHints":{"allow":["GET"]}}],"collection":[{"href":"https:\/\/truusk.store\/sv\/wp-json\/wp\/v2\/product"}],"about":[{"href":"https:\/\/truusk.store\/sv\/wp-json\/wp\/v2\/types\/product"}],"wp:featuredmedia":[{"embeddable":true,"href":"https:\/\/truusk.store\/sv\/wp-json\/wp\/v2\/media\/95030"}],"wp:attachment":[{"href":"https:\/\/truusk.store\/sv\/wp-json\/wp\/v2\/media?parent=95041"}],"wp:term":[{"taxonomy":"product_brand","embeddable":true,"href":"https:\/\/truusk.store\/sv\/wp-json\/wp\/v2\/product_brand?post=95041"},{"taxonomy":"product_cat","embeddable":true,"href":"https:\/\/truusk.store\/sv\/wp-json\/wp\/v2\/product_cat?post=95041"},{"taxonomy":"product_tag","embeddable":true,"href":"https:\/\/truusk.store\/sv\/wp-json\/wp\/v2\/product_tag?post=95041"}],"curies":[{"name":"wp","href":"https:\/\/api.w.org\/{rel}","templated":true}]}}