{"id":95060,"date":"2025-11-10T13:21:44","date_gmt":"2025-11-10T12:21:44","guid":{"rendered":"https:\/\/truusk.store\/product\/taklampa-boho-hangande-taklampa-med-g9-led-faste-lampskarm-av-rund-hamparep\/"},"modified":"2026-03-12T08:48:36","modified_gmt":"2026-03-12T07:48:36","slug":"truusk-boho-taklampa-med-g9-led-hangande-design-rund-lampskarm-av-hamparep-perfekt-for-heminredning-naturmaterial","status":"publish","type":"product","link":"https:\/\/truusk.store\/sv\/produkt\/truusk-boho-taklampa-med-g9-led-hangande-design-rund-lampskarm-av-hamparep-perfekt-for-heminredning-naturmaterial\/","title":{"rendered":"TRUUSK Boho Taklampa Med G9 LED &#8211; H\u00e4ngande Design &#8211; Rund Lampsk\u00e4rm Av Hamparep &#8211; Perfekt f\u00f6r Heminredning &#8211; Naturmaterial &#8211;"},"content":{"rendered":"<p>St\u00f6rd av tr\u00e5kiga rum och komplexa hemmaprojekt? Ditt hem borde vara en oas av lugn, inte en orsak till irritation. TRUUSK badrumstaklampan skapar omedelbart ett varmt, 3000K ljus med sin bohemiska sk\u00e4rm och s\u00e4kerst\u00e4ller en snabb, 30-minuters installation av vardagsrumslampan med det medf\u00f6ljande monteringsmaterialet, s\u00e5 att du och din familj kan njuta av den f\u00f6rtj\u00e4nta trivsamma atmosf\u00e4ren.<\/p>\n<p>Beskrivning:<\/p>\n<ul>\n<li> Designad med en sk\u00e4rm av hamparep, som ger varje rum en konstn\u00e4rlig boho-atmosf\u00e4r<\/li>\n<li> Inkluderar en G9 LED-lampa som omedelbart ger varmt och mysigt ljus<\/li>\n<li> Alla monteringsdelar f\u00f6r en snabb och enkel installation p\u00e5 mindre \u00e4n 30 minuter ing\u00e5r<\/li>\n<li> Kompakt storlek p\u00e5 30 cm, passar taklampan perfekt i vardagsrum, sovrum och korridorer<\/li>\n<li> Universell G9-sockel p\u00e5 vardagsrumslampan m\u00f6jligg\u00f6r anpassning av belysningen med olika typer av gl\u00f6dlampor<\/li>\n<li> Stabil lampkropp och sockel p\u00e5 vardagsrumslampan garanterar en l\u00e5ngvarig, s\u00e4ker anv\u00e4ndning<\/li>\n<\/ul>\n<p> Tekniska data:<\/p>\n<ul>\n<li> F\u00e4rg: Ljusbrun+Svart<\/li>\n<li> Material: Metall, hamparep, plast<\/li>\n<li> Totala dimensioner: \u00d830 x 16H cm<\/li>\n<li> Lampsk\u00e4rmsdimensioner: \u00d812 cm<\/li>\n<li> Sockeldimensioner: \u00d812 x 2,5H cm<\/li>\n<li> Ing\u00e5ngssp\u00e4nning: 220V-240V, 50Hz<\/li>\n<li> Maximal gl\u00f6dlampseffekt: 20W<\/li>\n<li> Inkluderad gl\u00f6dlampa: G9, 5W, 3000K<\/li>\n<li> Energieffektivitetsklass: F<\/li>\n<\/ul>\n<p>Leveransinneh\u00e5ll:<\/p>\n<ul>\n<li> 1 x Taklampa<\/li>\n<li> 1 x G9 gl\u00f6dlampa<\/li>\n<li> 1 x Bruksanvisning<\/li>\n<\/ul>\n","protected":false},"excerpt":{"rendered":"<p>St\u00f6rd av tr\u00e5kiga rum och komplexa hemmaprojekt? Ditt hem borde vara en oas av lugn, inte en orsak till irritation&#8230;.<\/p>\n","protected":false},"featured_media":95048,"template":"","meta":[],"product_brand":[],"product_cat":[486,871,487],"product_tag":[],"class_list":{"0":"post-95060","1":"product","2":"type-product","3":"status-publish","4":"has-post-thumbnail","6":"product_cat-belysning","7":"product_cat-hus-hem","8":"product_cat-tak-lampor","10":"first","11":"instock","12":"sale","13":"taxable","14":"shipping-taxable","15":"purchasable","16":"product-type-simple"},"yoast_head":"<!-- This site is optimized with the Yoast SEO plugin v25.4 - https:\/\/yoast.com\/wordpress\/plugins\/seo\/ -->\n<title>TRUUSK Boho Taklampa Med G9 LED - H\u00e4ngande Design - Rund Lampsk\u00e4rm Av Hamparep - Perfekt f\u00f6r Heminredning - Naturmaterial - TRUUSK - Hem, Tr\u00e4dg\u00e5rd &amp; Fritid<\/title>\n<meta name=\"robots\" content=\"index, follow, max-snippet:-1, max-image-preview:large, max-video-preview:-1\" \/>\n<link rel=\"canonical\" href=\"https:\/\/truusk.store\/sv\/produkt\/truusk-boho-taklampa-med-g9-led-hangande-design-rund-lampskarm-av-hamparep-perfekt-for-heminredning-naturmaterial\/\" \/>\n<meta property=\"og:locale\" content=\"sv_SE\" \/>\n<meta property=\"og:type\" content=\"article\" \/>\n<meta property=\"og:title\" content=\"TRUUSK Boho Taklampa Med G9 LED - H\u00e4ngande Design - Rund Lampsk\u00e4rm Av Hamparep - Perfekt f\u00f6r Heminredning - Naturmaterial - TRUUSK - Hem, Tr\u00e4dg\u00e5rd &amp; Fritid\" \/>\n<meta property=\"og:description\" content=\"St\u00f6rd av tr\u00e5kiga rum och komplexa hemmaprojekt? Ditt hem borde vara en oas av lugn, inte en orsak till irritation....\" \/>\n<meta property=\"og:url\" content=\"https:\/\/truusk.store\/sv\/produkt\/truusk-boho-taklampa-med-g9-led-hangande-design-rund-lampskarm-av-hamparep-perfekt-for-heminredning-naturmaterial\/\" \/>\n<meta property=\"og:site_name\" content=\"TRUUSK - Hem, Tr\u00e4dg\u00e5rd &amp; Fritid\" \/>\n<meta property=\"article:modified_time\" content=\"2026-03-12T07:48:36+00:00\" \/>\n<meta property=\"og:image\" content=\"https:\/\/i0.wp.com\/truusk.se\/wp-content\/uploads\/2025\/11\/taklampa-boho-hangande-taklampa-med-g9-led-faste-lampskarm-av-rund-hamparep-1.webp?fit=2000%2C2000&ssl=1\" \/>\n\t<meta property=\"og:image:width\" content=\"2000\" \/>\n\t<meta property=\"og:image:height\" content=\"2000\" \/>\n\t<meta property=\"og:image:type\" content=\"image\/webp\" \/>\n<meta name=\"twitter:card\" content=\"summary_large_image\" \/>\n<meta name=\"twitter:label1\" content=\"Ber\u00e4knad l\u00e4stid\" \/>\n\t<meta name=\"twitter:data1\" content=\"1 minut\" \/>\n<!-- \/ Yoast SEO plugin. -->","yoast_head_json":{"title":"TRUUSK Boho Taklampa Med G9 LED - H\u00e4ngande Design - Rund Lampsk\u00e4rm Av Hamparep - Perfekt f\u00f6r Heminredning - Naturmaterial - TRUUSK - Hem, Tr\u00e4dg\u00e5rd &amp; Fritid","robots":{"index":"index","follow":"follow","max-snippet":"max-snippet:-1","max-image-preview":"max-image-preview:large","max-video-preview":"max-video-preview:-1"},"canonical":"https:\/\/truusk.store\/sv\/produkt\/truusk-boho-taklampa-med-g9-led-hangande-design-rund-lampskarm-av-hamparep-perfekt-for-heminredning-naturmaterial\/","og_locale":"sv_SE","og_type":"article","og_title":"TRUUSK Boho Taklampa Med G9 LED - H\u00e4ngande Design - Rund Lampsk\u00e4rm Av Hamparep - Perfekt f\u00f6r Heminredning - Naturmaterial - TRUUSK - Hem, Tr\u00e4dg\u00e5rd &amp; Fritid","og_description":"St\u00f6rd av tr\u00e5kiga rum och komplexa hemmaprojekt? Ditt hem borde vara en oas av lugn, inte en orsak till irritation....","og_url":"https:\/\/truusk.store\/sv\/produkt\/truusk-boho-taklampa-med-g9-led-hangande-design-rund-lampskarm-av-hamparep-perfekt-for-heminredning-naturmaterial\/","og_site_name":"TRUUSK - Hem, Tr\u00e4dg\u00e5rd &amp; Fritid","article_modified_time":"2026-03-12T07:48:36+00:00","og_image":[{"width":2000,"height":2000,"url":"https:\/\/i0.wp.com\/truusk.se\/wp-content\/uploads\/2025\/11\/taklampa-boho-hangande-taklampa-med-g9-led-faste-lampskarm-av-rund-hamparep-1.webp?fit=2000%2C2000&ssl=1","type":"image\/webp"}],"twitter_card":"summary_large_image","twitter_misc":{"Ber\u00e4knad l\u00e4stid":"1 minut"},"schema":{"@context":"https:\/\/schema.org","@graph":[{"@type":"WebPage","@id":"https:\/\/truusk.store\/sv\/produkt\/truusk-boho-taklampa-med-g9-led-hangande-design-rund-lampskarm-av-hamparep-perfekt-for-heminredning-naturmaterial\/","url":"https:\/\/truusk.store\/sv\/produkt\/truusk-boho-taklampa-med-g9-led-hangande-design-rund-lampskarm-av-hamparep-perfekt-for-heminredning-naturmaterial\/","name":"TRUUSK Boho Taklampa Med G9 LED - H\u00e4ngande Design - Rund Lampsk\u00e4rm Av Hamparep - Perfekt f\u00f6r Heminredning - Naturmaterial - TRUUSK - Hem, Tr\u00e4dg\u00e5rd &amp; Fritid","isPartOf":{"@id":"https:\/\/truusk.store\/sv\/#website"},"primaryImageOfPage":{"@id":"https:\/\/truusk.store\/sv\/produkt\/truusk-boho-taklampa-med-g9-led-hangande-design-rund-lampskarm-av-hamparep-perfekt-for-heminredning-naturmaterial\/#primaryimage"},"image":{"@id":"https:\/\/truusk.store\/sv\/produkt\/truusk-boho-taklampa-med-g9-led-hangande-design-rund-lampskarm-av-hamparep-perfekt-for-heminredning-naturmaterial\/#primaryimage"},"thumbnailUrl":"https:\/\/i0.wp.com\/truusk.store\/wp-content\/uploads\/2025\/11\/taklampa-boho-hangande-taklampa-med-g9-led-faste-lampskarm-av-rund-hamparep-1.webp?fit=2000%2C2000&ssl=1","datePublished":"2025-11-10T12:21:44+00:00","dateModified":"2026-03-12T07:48:36+00:00","breadcrumb":{"@id":"https:\/\/truusk.store\/sv\/produkt\/truusk-boho-taklampa-med-g9-led-hangande-design-rund-lampskarm-av-hamparep-perfekt-for-heminredning-naturmaterial\/#breadcrumb"},"inLanguage":"sv-SE","potentialAction":[{"@type":"ReadAction","target":["https:\/\/truusk.store\/sv\/produkt\/truusk-boho-taklampa-med-g9-led-hangande-design-rund-lampskarm-av-hamparep-perfekt-for-heminredning-naturmaterial\/"]}]},{"@type":"ImageObject","inLanguage":"sv-SE","@id":"https:\/\/truusk.store\/sv\/produkt\/truusk-boho-taklampa-med-g9-led-hangande-design-rund-lampskarm-av-hamparep-perfekt-for-heminredning-naturmaterial\/#primaryimage","url":"https:\/\/i0.wp.com\/truusk.store\/wp-content\/uploads\/2025\/11\/taklampa-boho-hangande-taklampa-med-g9-led-faste-lampskarm-av-rund-hamparep-1.webp?fit=2000%2C2000&ssl=1","contentUrl":"https:\/\/i0.wp.com\/truusk.store\/wp-content\/uploads\/2025\/11\/taklampa-boho-hangande-taklampa-med-g9-led-faste-lampskarm-av-rund-hamparep-1.webp?fit=2000%2C2000&ssl=1","width":2000,"height":2000},{"@type":"BreadcrumbList","@id":"https:\/\/truusk.store\/sv\/produkt\/truusk-boho-taklampa-med-g9-led-hangande-design-rund-lampskarm-av-hamparep-perfekt-for-heminredning-naturmaterial\/#breadcrumb","itemListElement":[{"@type":"ListItem","position":1,"name":"Home","item":"https:\/\/truusk.store\/sv\/"},{"@type":"ListItem","position":2,"name":"Shop","item":"https:\/\/truusk.store\/shop\/"},{"@type":"ListItem","position":3,"name":"TRUUSK Boho Taklampa Med G9 LED &#8211; H\u00e4ngande Design &#8211; Rund Lampsk\u00e4rm Av Hamparep &#8211; Perfekt f\u00f6r Heminredning &#8211; Naturmaterial &#8211;"}]},{"@type":"WebSite","@id":"https:\/\/truusk.store\/sv\/#website","url":"https:\/\/truusk.store\/sv\/","name":"TRUUSK - Hem, Tr\u00e4dg\u00e5rd & Fritid","description":"","publisher":{"@id":"https:\/\/truusk.store\/sv\/#organization"},"potentialAction":[{"@type":"SearchAction","target":{"@type":"EntryPoint","urlTemplate":"https:\/\/truusk.store\/sv\/?s={search_term_string}"},"query-input":{"@type":"PropertyValueSpecification","valueRequired":true,"valueName":"search_term_string"}}],"inLanguage":"sv-SE"},{"@type":"Organization","@id":"https:\/\/truusk.store\/sv\/#organization","name":"TRUUSK - Hem, Tr\u00e4dg\u00e5rd & Fritid","url":"https:\/\/truusk.store\/sv\/","logo":{"@type":"ImageObject","inLanguage":"sv-SE","@id":"https:\/\/truusk.store\/sv\/#\/schema\/logo\/image\/","url":"https:\/\/i0.wp.com\/truusk.store\/wp-content\/uploads\/2026\/03\/cropped-TRUUSK.png?fit=2032%2C917&ssl=1","contentUrl":"https:\/\/i0.wp.com\/truusk.store\/wp-content\/uploads\/2026\/03\/cropped-TRUUSK.png?fit=2032%2C917&ssl=1","width":2032,"height":917,"caption":"TRUUSK - Hem, Tr\u00e4dg\u00e5rd & Fritid"},"image":{"@id":"https:\/\/truusk.store\/sv\/#\/schema\/logo\/image\/"}}]}},"jetpack_sharing_enabled":true,"_links":{"self":[{"href":"https:\/\/truusk.store\/sv\/wp-json\/wp\/v2\/product\/95060","targetHints":{"allow":["GET"]}}],"collection":[{"href":"https:\/\/truusk.store\/sv\/wp-json\/wp\/v2\/product"}],"about":[{"href":"https:\/\/truusk.store\/sv\/wp-json\/wp\/v2\/types\/product"}],"wp:featuredmedia":[{"embeddable":true,"href":"https:\/\/truusk.store\/sv\/wp-json\/wp\/v2\/media\/95048"}],"wp:attachment":[{"href":"https:\/\/truusk.store\/sv\/wp-json\/wp\/v2\/media?parent=95060"}],"wp:term":[{"taxonomy":"product_brand","embeddable":true,"href":"https:\/\/truusk.store\/sv\/wp-json\/wp\/v2\/product_brand?post=95060"},{"taxonomy":"product_cat","embeddable":true,"href":"https:\/\/truusk.store\/sv\/wp-json\/wp\/v2\/product_cat?post=95060"},{"taxonomy":"product_tag","embeddable":true,"href":"https:\/\/truusk.store\/sv\/wp-json\/wp\/v2\/product_tag?post=95060"}],"curies":[{"name":"wp","href":"https:\/\/api.w.org\/{rel}","templated":true}]}}