{"id":95070,"date":"2025-11-10T13:22:40","date_gmt":"2025-11-10T12:22:40","guid":{"rendered":"https:\/\/truusk.store\/product\/led-taklampa-40w-4300lm-3500k-4500k-6000k-3-kantig-vardagsrumslampa-48-x-46-x-13-cm-guld\/"},"modified":"2026-03-12T08:48:36","modified_gmt":"2026-03-12T07:48:36","slug":"truusk-led-taklampa-40w-4300lm-3500k-4500k-6000k-3-sidig-vardagsrumslampa-guld-48-x-46-x-13-cm","status":"publish","type":"product","link":"https:\/\/truusk.store\/sv\/produkt\/truusk-led-taklampa-40w-4300lm-3500k-4500k-6000k-3-sidig-vardagsrumslampa-guld-48-x-46-x-13-cm\/","title":{"rendered":"TRUUSK LED Taklampa 40W 4300LM 3500K\/4500K\/6000K &#8211; 3-sidig Vardagsrumslampa &#8211; Guld &#8211; 48 x 46 x 13 cm"},"content":{"rendered":"<p>St\u00f6rd av ett rum som genom sitt skarpa enskilda ljus verkar tr\u00e5kigt och okreativt? \u00d6verg\u00e5ngen fr\u00e5n en effektiv arbetsdag till en avkopplande kv\u00e4ll blir s\u00e5 sv\u00e5r. TRUUSK LED-taklampan revolutionerar ditt rum med sin konstfulla geometriska design. Ett l\u00e4tt tryck p\u00e5 v\u00e4ggstr\u00f6mbrytaren g\u00e5r igenom varmt, naturligt eller kallt ljus och skapar omedelbart den perfekta atmosf\u00e4ren, oavsett om det \u00e4r f\u00f6r koncentrerat arbete eller avslappnade familjestunder.<\/p>\n<p>Beskrivning:<\/p>\n<ul>\n<li> Byt enkelt mellan 3 f\u00e4rgtemperaturer med taklampans v\u00e4ggstr\u00f6mbrytare f\u00f6r att skapa vilken st\u00e4mning som helst<\/li>\n<li> Kraftfull 40W LED levererar 4300 lumen och belyser hela rummet ljust<\/li>\n<li> Taklampan f\u00f6r sovrummet \u00e4r utrustad med tre gyllene kvadratiska ringar som l\u00e4gger till en modern konstn\u00e4rlig touch<\/li>\n<li> LED-taklampan \u00e4r l\u00e4mplig f\u00f6r sovrum, kontor, studior och vardagsrum<\/li>\n<li> Montering kr\u00e4vs<\/li>\n<\/ul>\n<p> Tekniska data:<\/p>\n<ul>\n<li> F\u00e4rg: Guldton, Transparent<\/li>\n<li> Material: Metall, Akryl<\/li>\n<li> Totala dimensioner: 48L x 46B x 13H cm<\/li>\n<li> LED-effekt: 40 W<\/li>\n<li> Ljusfl\u00f6de: 4300 lm<\/li>\n<li> F\u00e4rgtemperatur: 3500K\/4500K\/6000K<\/li>\n<li> CRI: Ra &gt;80<\/li>\n<li> Ing\u00e5ngssp\u00e4nning: 220-240 V, 50 Hz<\/li>\n<li> Kvadratisk ringstorlek: 32,5L x 32,5B cm, 25,5L x 25,5B cm, 18L x 18B cm<\/li>\n<li> Basstorlek: 18L x 18B x 3H cm<\/li>\n<li> Monteringsplattans storlek: 17,5L x 17,5B cm<\/li>\n<li> Energiklass: F<\/li>\n<\/ul>\n<p>Leverans inneh\u00e5ller:<\/p>\n<ul>\n<li> 1 x LED-taklampa<\/li>\n<li> 1 x Bruksanvisning<\/li>\n<\/ul>\n","protected":false},"excerpt":{"rendered":"<p>St\u00f6rd av ett rum som genom sitt skarpa enskilda ljus verkar tr\u00e5kigt och okreativt? \u00d6verg\u00e5ngen fr\u00e5n en effektiv arbetsdag till&#8230;<\/p>\n","protected":false},"featured_media":95061,"template":"","meta":[],"product_brand":[],"product_cat":[486,871,487],"product_tag":[],"class_list":{"0":"post-95070","1":"product","2":"type-product","3":"status-publish","4":"has-post-thumbnail","6":"product_cat-belysning","7":"product_cat-hus-hem","8":"product_cat-tak-lampor","10":"first","11":"instock","12":"sale","13":"taxable","14":"shipping-taxable","15":"purchasable","16":"product-type-simple"},"yoast_head":"<!-- This site is optimized with the Yoast SEO plugin v25.4 - https:\/\/yoast.com\/wordpress\/plugins\/seo\/ -->\n<title>TRUUSK LED Taklampa 40W 4300LM 3500K\/4500K\/6000K - 3-sidig Vardagsrumslampa - Guld - 48 x 46 x 13 cm - TRUUSK - Hem, Tr\u00e4dg\u00e5rd &amp; Fritid<\/title>\n<meta name=\"robots\" content=\"index, follow, max-snippet:-1, max-image-preview:large, max-video-preview:-1\" \/>\n<link rel=\"canonical\" href=\"https:\/\/truusk.store\/sv\/produkt\/truusk-led-taklampa-40w-4300lm-3500k-4500k-6000k-3-sidig-vardagsrumslampa-guld-48-x-46-x-13-cm\/\" \/>\n<meta property=\"og:locale\" content=\"sv_SE\" \/>\n<meta property=\"og:type\" content=\"article\" \/>\n<meta property=\"og:title\" content=\"TRUUSK LED Taklampa 40W 4300LM 3500K\/4500K\/6000K - 3-sidig Vardagsrumslampa - Guld - 48 x 46 x 13 cm - TRUUSK - Hem, Tr\u00e4dg\u00e5rd &amp; Fritid\" \/>\n<meta property=\"og:description\" content=\"St\u00f6rd av ett rum som genom sitt skarpa enskilda ljus verkar tr\u00e5kigt och okreativt? \u00d6verg\u00e5ngen fr\u00e5n en effektiv arbetsdag till...\" \/>\n<meta property=\"og:url\" content=\"https:\/\/truusk.store\/sv\/produkt\/truusk-led-taklampa-40w-4300lm-3500k-4500k-6000k-3-sidig-vardagsrumslampa-guld-48-x-46-x-13-cm\/\" \/>\n<meta property=\"og:site_name\" content=\"TRUUSK - Hem, Tr\u00e4dg\u00e5rd &amp; Fritid\" \/>\n<meta property=\"article:modified_time\" content=\"2026-03-12T07:48:36+00:00\" \/>\n<meta property=\"og:image\" content=\"https:\/\/i0.wp.com\/truusk.se\/wp-content\/uploads\/2025\/11\/led-taklampa-40w-4300lm-3500k-4500k-6000k-3-kantig-vardagsrumslampa-48-x-46-x-13-cm-guld-1.webp?fit=2000%2C2000&ssl=1\" \/>\n\t<meta property=\"og:image:width\" content=\"2000\" \/>\n\t<meta property=\"og:image:height\" content=\"2000\" \/>\n\t<meta property=\"og:image:type\" content=\"image\/webp\" \/>\n<meta name=\"twitter:card\" content=\"summary_large_image\" \/>\n<meta name=\"twitter:label1\" content=\"Ber\u00e4knad l\u00e4stid\" \/>\n\t<meta name=\"twitter:data1\" content=\"1 minut\" \/>\n<!-- \/ Yoast SEO plugin. -->","yoast_head_json":{"title":"TRUUSK LED Taklampa 40W 4300LM 3500K\/4500K\/6000K - 3-sidig Vardagsrumslampa - Guld - 48 x 46 x 13 cm - TRUUSK - Hem, Tr\u00e4dg\u00e5rd &amp; Fritid","robots":{"index":"index","follow":"follow","max-snippet":"max-snippet:-1","max-image-preview":"max-image-preview:large","max-video-preview":"max-video-preview:-1"},"canonical":"https:\/\/truusk.store\/sv\/produkt\/truusk-led-taklampa-40w-4300lm-3500k-4500k-6000k-3-sidig-vardagsrumslampa-guld-48-x-46-x-13-cm\/","og_locale":"sv_SE","og_type":"article","og_title":"TRUUSK LED Taklampa 40W 4300LM 3500K\/4500K\/6000K - 3-sidig Vardagsrumslampa - Guld - 48 x 46 x 13 cm - TRUUSK - Hem, Tr\u00e4dg\u00e5rd &amp; Fritid","og_description":"St\u00f6rd av ett rum som genom sitt skarpa enskilda ljus verkar tr\u00e5kigt och okreativt? \u00d6verg\u00e5ngen fr\u00e5n en effektiv arbetsdag till...","og_url":"https:\/\/truusk.store\/sv\/produkt\/truusk-led-taklampa-40w-4300lm-3500k-4500k-6000k-3-sidig-vardagsrumslampa-guld-48-x-46-x-13-cm\/","og_site_name":"TRUUSK - Hem, Tr\u00e4dg\u00e5rd &amp; Fritid","article_modified_time":"2026-03-12T07:48:36+00:00","og_image":[{"width":2000,"height":2000,"url":"https:\/\/i0.wp.com\/truusk.se\/wp-content\/uploads\/2025\/11\/led-taklampa-40w-4300lm-3500k-4500k-6000k-3-kantig-vardagsrumslampa-48-x-46-x-13-cm-guld-1.webp?fit=2000%2C2000&ssl=1","type":"image\/webp"}],"twitter_card":"summary_large_image","twitter_misc":{"Ber\u00e4knad l\u00e4stid":"1 minut"},"schema":{"@context":"https:\/\/schema.org","@graph":[{"@type":"WebPage","@id":"https:\/\/truusk.store\/sv\/produkt\/truusk-led-taklampa-40w-4300lm-3500k-4500k-6000k-3-sidig-vardagsrumslampa-guld-48-x-46-x-13-cm\/","url":"https:\/\/truusk.store\/sv\/produkt\/truusk-led-taklampa-40w-4300lm-3500k-4500k-6000k-3-sidig-vardagsrumslampa-guld-48-x-46-x-13-cm\/","name":"TRUUSK LED Taklampa 40W 4300LM 3500K\/4500K\/6000K - 3-sidig Vardagsrumslampa - Guld - 48 x 46 x 13 cm - TRUUSK - Hem, Tr\u00e4dg\u00e5rd &amp; Fritid","isPartOf":{"@id":"https:\/\/truusk.store\/sv\/#website"},"primaryImageOfPage":{"@id":"https:\/\/truusk.store\/sv\/produkt\/truusk-led-taklampa-40w-4300lm-3500k-4500k-6000k-3-sidig-vardagsrumslampa-guld-48-x-46-x-13-cm\/#primaryimage"},"image":{"@id":"https:\/\/truusk.store\/sv\/produkt\/truusk-led-taklampa-40w-4300lm-3500k-4500k-6000k-3-sidig-vardagsrumslampa-guld-48-x-46-x-13-cm\/#primaryimage"},"thumbnailUrl":"https:\/\/i0.wp.com\/truusk.store\/wp-content\/uploads\/2025\/11\/led-taklampa-40w-4300lm-3500k-4500k-6000k-3-kantig-vardagsrumslampa-48-x-46-x-13-cm-guld-1.webp?fit=2000%2C2000&ssl=1","datePublished":"2025-11-10T12:22:40+00:00","dateModified":"2026-03-12T07:48:36+00:00","breadcrumb":{"@id":"https:\/\/truusk.store\/sv\/produkt\/truusk-led-taklampa-40w-4300lm-3500k-4500k-6000k-3-sidig-vardagsrumslampa-guld-48-x-46-x-13-cm\/#breadcrumb"},"inLanguage":"sv-SE","potentialAction":[{"@type":"ReadAction","target":["https:\/\/truusk.store\/sv\/produkt\/truusk-led-taklampa-40w-4300lm-3500k-4500k-6000k-3-sidig-vardagsrumslampa-guld-48-x-46-x-13-cm\/"]}]},{"@type":"ImageObject","inLanguage":"sv-SE","@id":"https:\/\/truusk.store\/sv\/produkt\/truusk-led-taklampa-40w-4300lm-3500k-4500k-6000k-3-sidig-vardagsrumslampa-guld-48-x-46-x-13-cm\/#primaryimage","url":"https:\/\/i0.wp.com\/truusk.store\/wp-content\/uploads\/2025\/11\/led-taklampa-40w-4300lm-3500k-4500k-6000k-3-kantig-vardagsrumslampa-48-x-46-x-13-cm-guld-1.webp?fit=2000%2C2000&ssl=1","contentUrl":"https:\/\/i0.wp.com\/truusk.store\/wp-content\/uploads\/2025\/11\/led-taklampa-40w-4300lm-3500k-4500k-6000k-3-kantig-vardagsrumslampa-48-x-46-x-13-cm-guld-1.webp?fit=2000%2C2000&ssl=1","width":2000,"height":2000},{"@type":"BreadcrumbList","@id":"https:\/\/truusk.store\/sv\/produkt\/truusk-led-taklampa-40w-4300lm-3500k-4500k-6000k-3-sidig-vardagsrumslampa-guld-48-x-46-x-13-cm\/#breadcrumb","itemListElement":[{"@type":"ListItem","position":1,"name":"Home","item":"https:\/\/truusk.store\/sv\/"},{"@type":"ListItem","position":2,"name":"Shop","item":"https:\/\/truusk.store\/shop\/"},{"@type":"ListItem","position":3,"name":"TRUUSK LED Taklampa 40W 4300LM 3500K\/4500K\/6000K &#8211; 3-sidig Vardagsrumslampa &#8211; Guld &#8211; 48 x 46 x 13 cm"}]},{"@type":"WebSite","@id":"https:\/\/truusk.store\/sv\/#website","url":"https:\/\/truusk.store\/sv\/","name":"TRUUSK - Hem, Tr\u00e4dg\u00e5rd & Fritid","description":"","publisher":{"@id":"https:\/\/truusk.store\/sv\/#organization"},"potentialAction":[{"@type":"SearchAction","target":{"@type":"EntryPoint","urlTemplate":"https:\/\/truusk.store\/sv\/?s={search_term_string}"},"query-input":{"@type":"PropertyValueSpecification","valueRequired":true,"valueName":"search_term_string"}}],"inLanguage":"sv-SE"},{"@type":"Organization","@id":"https:\/\/truusk.store\/sv\/#organization","name":"TRUUSK - Hem, Tr\u00e4dg\u00e5rd & Fritid","url":"https:\/\/truusk.store\/sv\/","logo":{"@type":"ImageObject","inLanguage":"sv-SE","@id":"https:\/\/truusk.store\/sv\/#\/schema\/logo\/image\/","url":"https:\/\/i0.wp.com\/truusk.store\/wp-content\/uploads\/2026\/03\/cropped-TRUUSK.png?fit=2032%2C917&ssl=1","contentUrl":"https:\/\/i0.wp.com\/truusk.store\/wp-content\/uploads\/2026\/03\/cropped-TRUUSK.png?fit=2032%2C917&ssl=1","width":2032,"height":917,"caption":"TRUUSK - Hem, Tr\u00e4dg\u00e5rd & Fritid"},"image":{"@id":"https:\/\/truusk.store\/sv\/#\/schema\/logo\/image\/"}}]}},"jetpack_sharing_enabled":true,"_links":{"self":[{"href":"https:\/\/truusk.store\/sv\/wp-json\/wp\/v2\/product\/95070","targetHints":{"allow":["GET"]}}],"collection":[{"href":"https:\/\/truusk.store\/sv\/wp-json\/wp\/v2\/product"}],"about":[{"href":"https:\/\/truusk.store\/sv\/wp-json\/wp\/v2\/types\/product"}],"wp:featuredmedia":[{"embeddable":true,"href":"https:\/\/truusk.store\/sv\/wp-json\/wp\/v2\/media\/95061"}],"wp:attachment":[{"href":"https:\/\/truusk.store\/sv\/wp-json\/wp\/v2\/media?parent=95070"}],"wp:term":[{"taxonomy":"product_brand","embeddable":true,"href":"https:\/\/truusk.store\/sv\/wp-json\/wp\/v2\/product_brand?post=95070"},{"taxonomy":"product_cat","embeddable":true,"href":"https:\/\/truusk.store\/sv\/wp-json\/wp\/v2\/product_cat?post=95070"},{"taxonomy":"product_tag","embeddable":true,"href":"https:\/\/truusk.store\/sv\/wp-json\/wp\/v2\/product_tag?post=95070"}],"curies":[{"name":"wp","href":"https:\/\/api.w.org\/{rel}","templated":true}]}}