{"id":95080,"date":"2025-11-10T13:23:46","date_gmt":"2025-11-10T12:23:46","guid":{"rendered":"https:\/\/truusk.store\/product\/bordslampa-skrivbordslampa-nattbordslampa-med-linneskarm-vippstrombrytare-22-x-22-x-39-cm-vit\/"},"modified":"2026-03-12T08:48:37","modified_gmt":"2026-03-12T07:48:37","slug":"truusk-bordslampa-med-linneskarm-vippstrombrytare-22-x-22-x-39-cm-vit","status":"publish","type":"product","link":"https:\/\/truusk.store\/sv\/produkt\/truusk-bordslampa-med-linneskarm-vippstrombrytare-22-x-22-x-39-cm-vit\/","title":{"rendered":"TRUUSK Bordslampa med Linnesk\u00e4rm &#8211; Vippstr\u00f6mbrytare &#8211; 22 x 22 x 39 cm &#8211; Vit"},"content":{"rendered":"<p>St\u00f6r du dig p\u00e5 ett \u00f6verfullt nattduksbord och bl\u00e4ndande ljus? Detta f\u00e5r ditt rum att se mer kaotiskt ut \u00e4n lugnande. TRUUSK-bordslampan \u00e4r l\u00f6sningen. Dess kompakta design, inspirerad av vintagestil, passar perfekt i sm\u00e5 h\u00f6rn, medan lampsk\u00e4rmen i linne ger ett mjukt, varmt ljus. G\u00f6r om ditt rum till en fridfull oas med denna stilfulla nattduksbordslampa &#8211; perfekt f\u00f6r att koppla av efter en l\u00e5ng dag.<\/p>\n<p>Beskrivning:<\/p>\n<ul>\n<li> Den vintage keramikbasen p\u00e5 nattduksbordslampan ger din inredning en konstn\u00e4rlig touch<\/li>\n<li> Den tjocka lampsk\u00e4rmen i linne p\u00e5 bordslampan sprider ljuset och skapar en varm och mysig atmosf\u00e4r<\/li>\n<li> Den kompakta h\u00f6jden p\u00e5 39 cm passar i smala utrymmen och sparar v\u00e4rdefullt skrivbordsutrymme<\/li>\n<li> E27-sockeln \u00e4r kompatibel med olika gl\u00f6dlampor f\u00f6r individuell belysning<\/li>\n<li> Praktisk vippstr\u00f6mbrytare p\u00e5 skrivbordslampan f\u00f6r enkel p\u00e5\/av-funktion<\/li>\n<li> Montering kr\u00e4vs g\u00f6r att du kan s\u00e4tta ihop bordslampan inom fem minuter<\/li>\n<li> En elegant och genomt\u00e4nkt present f\u00f6r inflyttningsfester och speciella tillf\u00e4llen<\/li>\n<\/ul>\n<p> Tekniska data:<\/p>\n<ul>\n<li> F\u00e4rg: Vit<\/li>\n<li> Material: Keramik, Linne<\/li>\n<li> Totala dimensioner: \u00d822 x 39H cm<\/li>\n<li> Storlek p\u00e5 lampsk\u00e4rm: \u00d822 x 18H cm<\/li>\n<li> Storlek p\u00e5 lampfot: \u00d813 x 20H cm<\/li>\n<li> Str\u00f6mf\u00f6rs\u00f6rjning: 220-240 V, 50 Hz<\/li>\n<li> Kabell\u00e4ngd: 1,5 m<\/li>\n<li> Sockeltyp: E27<\/li>\n<li> Maximal gl\u00f6dlampseffekt: 40W (gl\u00f6dlampa ing\u00e5r ej)<\/li>\n<\/ul>\n<p>Leveransinneh\u00e5ll:<\/p>\n<ul>\n<li> 1 x Bordslampa<\/li>\n<li> 1 x Bruksanvisning<\/li>\n<\/ul>\n","protected":false},"excerpt":{"rendered":"<p>St\u00f6r du dig p\u00e5 ett \u00f6verfullt nattduksbord och bl\u00e4ndande ljus? Detta f\u00e5r ditt rum att se mer kaotiskt ut \u00e4n&#8230;<\/p>\n","protected":false},"featured_media":95071,"template":"","meta":[],"product_brand":[],"product_cat":[486,960,871],"product_tag":[],"class_list":{"0":"post-95080","1":"product","2":"type-product","3":"status-publish","4":"has-post-thumbnail","6":"product_cat-belysning","7":"product_cat-bordlampor","8":"product_cat-hus-hem","10":"first","11":"instock","12":"sale","13":"taxable","14":"shipping-taxable","15":"purchasable","16":"product-type-simple"},"yoast_head":"<!-- This site is optimized with the Yoast SEO plugin v25.4 - https:\/\/yoast.com\/wordpress\/plugins\/seo\/ -->\n<title>TRUUSK Bordslampa med Linnesk\u00e4rm - Vippstr\u00f6mbrytare - 22 x 22 x 39 cm - Vit - TRUUSK - Hem, Tr\u00e4dg\u00e5rd &amp; Fritid<\/title>\n<meta name=\"robots\" content=\"index, follow, max-snippet:-1, max-image-preview:large, max-video-preview:-1\" \/>\n<link rel=\"canonical\" href=\"https:\/\/truusk.store\/sv\/produkt\/truusk-bordslampa-med-linneskarm-vippstrombrytare-22-x-22-x-39-cm-vit\/\" \/>\n<meta property=\"og:locale\" content=\"sv_SE\" \/>\n<meta property=\"og:type\" content=\"article\" \/>\n<meta property=\"og:title\" content=\"TRUUSK Bordslampa med Linnesk\u00e4rm - Vippstr\u00f6mbrytare - 22 x 22 x 39 cm - Vit - TRUUSK - Hem, Tr\u00e4dg\u00e5rd &amp; Fritid\" \/>\n<meta property=\"og:description\" content=\"St\u00f6r du dig p\u00e5 ett \u00f6verfullt nattduksbord och bl\u00e4ndande ljus? Detta f\u00e5r ditt rum att se mer kaotiskt ut \u00e4n...\" \/>\n<meta property=\"og:url\" content=\"https:\/\/truusk.store\/sv\/produkt\/truusk-bordslampa-med-linneskarm-vippstrombrytare-22-x-22-x-39-cm-vit\/\" \/>\n<meta property=\"og:site_name\" content=\"TRUUSK - Hem, Tr\u00e4dg\u00e5rd &amp; Fritid\" \/>\n<meta property=\"article:modified_time\" content=\"2026-03-12T07:48:37+00:00\" \/>\n<meta property=\"og:image\" content=\"https:\/\/i0.wp.com\/truusk.se\/wp-content\/uploads\/2025\/11\/bordslampa-skrivbordslampa-nattbordslampa-med-linneskarm-vippstrombrytare-22-x-22-x-39-cm-vit-1.webp?fit=2000%2C2000&ssl=1\" \/>\n\t<meta property=\"og:image:width\" content=\"2000\" \/>\n\t<meta property=\"og:image:height\" content=\"2000\" \/>\n\t<meta property=\"og:image:type\" content=\"image\/webp\" \/>\n<meta name=\"twitter:card\" content=\"summary_large_image\" \/>\n<meta name=\"twitter:label1\" content=\"Ber\u00e4knad l\u00e4stid\" \/>\n\t<meta name=\"twitter:data1\" content=\"1 minut\" \/>\n<!-- \/ Yoast SEO plugin. -->","yoast_head_json":{"title":"TRUUSK Bordslampa med Linnesk\u00e4rm - Vippstr\u00f6mbrytare - 22 x 22 x 39 cm - Vit - TRUUSK - Hem, Tr\u00e4dg\u00e5rd &amp; Fritid","robots":{"index":"index","follow":"follow","max-snippet":"max-snippet:-1","max-image-preview":"max-image-preview:large","max-video-preview":"max-video-preview:-1"},"canonical":"https:\/\/truusk.store\/sv\/produkt\/truusk-bordslampa-med-linneskarm-vippstrombrytare-22-x-22-x-39-cm-vit\/","og_locale":"sv_SE","og_type":"article","og_title":"TRUUSK Bordslampa med Linnesk\u00e4rm - Vippstr\u00f6mbrytare - 22 x 22 x 39 cm - Vit - TRUUSK - Hem, Tr\u00e4dg\u00e5rd &amp; Fritid","og_description":"St\u00f6r du dig p\u00e5 ett \u00f6verfullt nattduksbord och bl\u00e4ndande ljus? Detta f\u00e5r ditt rum att se mer kaotiskt ut \u00e4n...","og_url":"https:\/\/truusk.store\/sv\/produkt\/truusk-bordslampa-med-linneskarm-vippstrombrytare-22-x-22-x-39-cm-vit\/","og_site_name":"TRUUSK - Hem, Tr\u00e4dg\u00e5rd &amp; Fritid","article_modified_time":"2026-03-12T07:48:37+00:00","og_image":[{"width":2000,"height":2000,"url":"https:\/\/i0.wp.com\/truusk.se\/wp-content\/uploads\/2025\/11\/bordslampa-skrivbordslampa-nattbordslampa-med-linneskarm-vippstrombrytare-22-x-22-x-39-cm-vit-1.webp?fit=2000%2C2000&ssl=1","type":"image\/webp"}],"twitter_card":"summary_large_image","twitter_misc":{"Ber\u00e4knad l\u00e4stid":"1 minut"},"schema":{"@context":"https:\/\/schema.org","@graph":[{"@type":"WebPage","@id":"https:\/\/truusk.store\/sv\/produkt\/truusk-bordslampa-med-linneskarm-vippstrombrytare-22-x-22-x-39-cm-vit\/","url":"https:\/\/truusk.store\/sv\/produkt\/truusk-bordslampa-med-linneskarm-vippstrombrytare-22-x-22-x-39-cm-vit\/","name":"TRUUSK Bordslampa med Linnesk\u00e4rm - Vippstr\u00f6mbrytare - 22 x 22 x 39 cm - Vit - TRUUSK - Hem, Tr\u00e4dg\u00e5rd &amp; Fritid","isPartOf":{"@id":"https:\/\/truusk.store\/sv\/#website"},"primaryImageOfPage":{"@id":"https:\/\/truusk.store\/sv\/produkt\/truusk-bordslampa-med-linneskarm-vippstrombrytare-22-x-22-x-39-cm-vit\/#primaryimage"},"image":{"@id":"https:\/\/truusk.store\/sv\/produkt\/truusk-bordslampa-med-linneskarm-vippstrombrytare-22-x-22-x-39-cm-vit\/#primaryimage"},"thumbnailUrl":"https:\/\/i0.wp.com\/truusk.store\/wp-content\/uploads\/2025\/11\/bordslampa-skrivbordslampa-nattbordslampa-med-linneskarm-vippstrombrytare-22-x-22-x-39-cm-vit-1.webp?fit=2000%2C2000&ssl=1","datePublished":"2025-11-10T12:23:46+00:00","dateModified":"2026-03-12T07:48:37+00:00","breadcrumb":{"@id":"https:\/\/truusk.store\/sv\/produkt\/truusk-bordslampa-med-linneskarm-vippstrombrytare-22-x-22-x-39-cm-vit\/#breadcrumb"},"inLanguage":"sv-SE","potentialAction":[{"@type":"ReadAction","target":["https:\/\/truusk.store\/sv\/produkt\/truusk-bordslampa-med-linneskarm-vippstrombrytare-22-x-22-x-39-cm-vit\/"]}]},{"@type":"ImageObject","inLanguage":"sv-SE","@id":"https:\/\/truusk.store\/sv\/produkt\/truusk-bordslampa-med-linneskarm-vippstrombrytare-22-x-22-x-39-cm-vit\/#primaryimage","url":"https:\/\/i0.wp.com\/truusk.store\/wp-content\/uploads\/2025\/11\/bordslampa-skrivbordslampa-nattbordslampa-med-linneskarm-vippstrombrytare-22-x-22-x-39-cm-vit-1.webp?fit=2000%2C2000&ssl=1","contentUrl":"https:\/\/i0.wp.com\/truusk.store\/wp-content\/uploads\/2025\/11\/bordslampa-skrivbordslampa-nattbordslampa-med-linneskarm-vippstrombrytare-22-x-22-x-39-cm-vit-1.webp?fit=2000%2C2000&ssl=1","width":2000,"height":2000},{"@type":"BreadcrumbList","@id":"https:\/\/truusk.store\/sv\/produkt\/truusk-bordslampa-med-linneskarm-vippstrombrytare-22-x-22-x-39-cm-vit\/#breadcrumb","itemListElement":[{"@type":"ListItem","position":1,"name":"Home","item":"https:\/\/truusk.store\/sv\/"},{"@type":"ListItem","position":2,"name":"Shop","item":"https:\/\/truusk.store\/shop\/"},{"@type":"ListItem","position":3,"name":"TRUUSK Bordslampa med Linnesk\u00e4rm &#8211; Vippstr\u00f6mbrytare &#8211; 22 x 22 x 39 cm &#8211; Vit"}]},{"@type":"WebSite","@id":"https:\/\/truusk.store\/sv\/#website","url":"https:\/\/truusk.store\/sv\/","name":"TRUUSK - Hem, Tr\u00e4dg\u00e5rd & Fritid","description":"","publisher":{"@id":"https:\/\/truusk.store\/sv\/#organization"},"potentialAction":[{"@type":"SearchAction","target":{"@type":"EntryPoint","urlTemplate":"https:\/\/truusk.store\/sv\/?s={search_term_string}"},"query-input":{"@type":"PropertyValueSpecification","valueRequired":true,"valueName":"search_term_string"}}],"inLanguage":"sv-SE"},{"@type":"Organization","@id":"https:\/\/truusk.store\/sv\/#organization","name":"TRUUSK - Hem, Tr\u00e4dg\u00e5rd & Fritid","url":"https:\/\/truusk.store\/sv\/","logo":{"@type":"ImageObject","inLanguage":"sv-SE","@id":"https:\/\/truusk.store\/sv\/#\/schema\/logo\/image\/","url":"https:\/\/i0.wp.com\/truusk.store\/wp-content\/uploads\/2026\/03\/cropped-TRUUSK.png?fit=2032%2C917&ssl=1","contentUrl":"https:\/\/i0.wp.com\/truusk.store\/wp-content\/uploads\/2026\/03\/cropped-TRUUSK.png?fit=2032%2C917&ssl=1","width":2032,"height":917,"caption":"TRUUSK - Hem, Tr\u00e4dg\u00e5rd & Fritid"},"image":{"@id":"https:\/\/truusk.store\/sv\/#\/schema\/logo\/image\/"}}]}},"jetpack_sharing_enabled":true,"_links":{"self":[{"href":"https:\/\/truusk.store\/sv\/wp-json\/wp\/v2\/product\/95080","targetHints":{"allow":["GET"]}}],"collection":[{"href":"https:\/\/truusk.store\/sv\/wp-json\/wp\/v2\/product"}],"about":[{"href":"https:\/\/truusk.store\/sv\/wp-json\/wp\/v2\/types\/product"}],"wp:featuredmedia":[{"embeddable":true,"href":"https:\/\/truusk.store\/sv\/wp-json\/wp\/v2\/media\/95071"}],"wp:attachment":[{"href":"https:\/\/truusk.store\/sv\/wp-json\/wp\/v2\/media?parent=95080"}],"wp:term":[{"taxonomy":"product_brand","embeddable":true,"href":"https:\/\/truusk.store\/sv\/wp-json\/wp\/v2\/product_brand?post=95080"},{"taxonomy":"product_cat","embeddable":true,"href":"https:\/\/truusk.store\/sv\/wp-json\/wp\/v2\/product_cat?post=95080"},{"taxonomy":"product_tag","embeddable":true,"href":"https:\/\/truusk.store\/sv\/wp-json\/wp\/v2\/product_tag?post=95080"}],"curies":[{"name":"wp","href":"https:\/\/api.w.org\/{rel}","templated":true}]}}