{"id":9510,"date":"2024-02-13T09:47:06","date_gmt":"2024-02-13T08:47:06","guid":{"rendered":"https:\/\/truusk.store\/product\/dip-station-dip-stativ-bar-dips-med-sling-trainer-stal-svart-90x81x925cm\/"},"modified":"2026-03-12T08:56:10","modified_gmt":"2026-03-12T07:56:10","slug":"truusk-dip-station-stal-svart-med-sling-trainer-90x81x925cm","status":"publish","type":"product","link":"https:\/\/truusk.store\/sv\/produkt\/truusk-dip-station-stal-svart-med-sling-trainer-90x81x925cm\/","title":{"rendered":"TRUUSK Dip Station &#8211; St\u00e5l &#8211; Svart &#8211; Med Sling Trainer &#8211; 90x81x92,5cm"},"content":{"rendered":"<p>Att tr\u00e4na med sin egen kroppsvikt \u00e4r v\u00e4ldigt trendigt. F\u00f6rdelarna \u00e4r uppenbara: det \u00e4r helt enkelt mindre komplicerat \u00e4n att vara bunden till ett gym med hundratals maskiner. Oavsett om du \u00e4r p\u00e5 semester, p\u00e5 en aff\u00e4rsresa eller f\u00f6r ett kort 7 minuters tr\u00e4ningspass hemma. Tr\u00e4ning med din egen vikt kan g\u00f6ras snabbt och var som helst, och ger fortfarande anm\u00e4rkningsv\u00e4rda resultat. V\u00e5r dipstation erbjuder en kompakt hj\u00e4lpare med vilken du kan utf\u00f6ra mer \u00e4n 50 olika \u00f6vningar. De valfria slingorna g\u00f6r dipstationen till en multifunktionell enhet. Triceps, biceps och magmuskler kan enkelt st\u00e4rkas med l\u00e4mpliga dips, armh\u00e4vningar och h\u00e5ll\u00f6vningar. Regelbunden tr\u00e4ning p\u00e5 dipstationen st\u00e4rker styrka, koordination, balans och h\u00e5llning. Och allt detta flexibelt hemifr\u00e5n.<\/p>\n<h3>Beskrivning:<\/h3>\n<ul>\n<li>Dipstation f\u00f6r tr\u00e4ning av biceps, triceps, mag- och ryggmuskler<\/li>\n<li>Regelbundna \u00f6vningar som pull-ups eller benh\u00f6jningar kommer att st\u00e4rka dina muskler<\/li>\n<li>Pulverlackerad st\u00e5lkonstruktion, robust och stabil<\/li>\n<li>Vadderade handtag f\u00f6r att skydda dina h\u00e4nder<\/li>\n<li>Med halkfria f\u00f6tter f\u00f6r extra stabilitet<\/li>\n<li>Kan b\u00e4ra upp till max 120 kg<\/li>\n<li>Enkel konstruktion<\/li>\n<\/ul>\n<h3>Teknisk data:<\/h3>\n<ul>\n<li>Material: st\u00e5l<\/li>\n<li>Svart f\u00e4rg<\/li>\n<li>\u00d6vergripande m\u00e5tt: 90L x 81W x 92,5H cm<\/li>\n<li>Nettovikt: ca 10 kg<\/li>\n<li>Max lastkapacitet: 120 kg<\/li>\n<\/ul>\n<h3>Leveransens omfattning:<\/h3>\n<ul>\n<li>1 x dip-stativ inklusive 2 slingtrainers<\/li>\n<\/ul>\n","protected":false},"excerpt":{"rendered":"<p>Att tr\u00e4na med sin egen kroppsvikt \u00e4r v\u00e4ldigt trendigt. F\u00f6rdelarna \u00e4r uppenbara: det \u00e4r helt enkelt mindre komplicerat \u00e4n att&#8230;<\/p>\n","protected":false},"featured_media":9511,"template":"","meta":[],"product_brand":[],"product_cat":[661,647,665],"product_tag":[],"class_list":{"0":"post-9510","1":"product","2":"type-product","3":"status-publish","4":"has-post-thumbnail","6":"product_cat-kondition-styrketraning","7":"product_cat-sport-fritid","8":"product_cat-styrketraning","10":"first","11":"instock","12":"sale","13":"taxable","14":"shipping-taxable","15":"purchasable","16":"product-type-simple"},"yoast_head":"<!-- This site is optimized with the Yoast SEO plugin v25.4 - https:\/\/yoast.com\/wordpress\/plugins\/seo\/ -->\n<title>TRUUSK Dip Station - St\u00e5l - Svart - Med Sling Trainer - 90x81x92,5cm - TRUUSK - Hem, Tr\u00e4dg\u00e5rd &amp; Fritid<\/title>\n<meta name=\"robots\" content=\"index, follow, max-snippet:-1, max-image-preview:large, max-video-preview:-1\" \/>\n<link rel=\"canonical\" href=\"https:\/\/truusk.store\/sv\/produkt\/truusk-dip-station-stal-svart-med-sling-trainer-90x81x925cm\/\" \/>\n<meta property=\"og:locale\" content=\"sv_SE\" \/>\n<meta property=\"og:type\" content=\"article\" \/>\n<meta property=\"og:title\" content=\"TRUUSK Dip Station - St\u00e5l - Svart - Med Sling Trainer - 90x81x92,5cm - TRUUSK - Hem, Tr\u00e4dg\u00e5rd &amp; Fritid\" \/>\n<meta property=\"og:description\" content=\"Att tr\u00e4na med sin egen kroppsvikt \u00e4r v\u00e4ldigt trendigt. F\u00f6rdelarna \u00e4r uppenbara: det \u00e4r helt enkelt mindre komplicerat \u00e4n att...\" \/>\n<meta property=\"og:url\" content=\"https:\/\/truusk.store\/sv\/produkt\/truusk-dip-station-stal-svart-med-sling-trainer-90x81x925cm\/\" \/>\n<meta property=\"og:site_name\" content=\"TRUUSK - Hem, Tr\u00e4dg\u00e5rd &amp; Fritid\" \/>\n<meta property=\"article:modified_time\" content=\"2026-03-12T07:56:10+00:00\" \/>\n<meta property=\"og:image\" content=\"https:\/\/i0.wp.com\/truusk.se\/wp-content\/uploads\/2024\/02\/dip-station-dip-stativ-bar-dips-med-sling-trainer-stal-svart-90x81x925cm.webp?fit=800%2C800&ssl=1\" \/>\n\t<meta property=\"og:image:width\" content=\"800\" \/>\n\t<meta property=\"og:image:height\" content=\"800\" \/>\n\t<meta property=\"og:image:type\" content=\"image\/webp\" \/>\n<meta name=\"twitter:card\" content=\"summary_large_image\" \/>\n<meta name=\"twitter:label1\" content=\"Ber\u00e4knad l\u00e4stid\" \/>\n\t<meta name=\"twitter:data1\" content=\"1 minut\" \/>\n<!-- \/ Yoast SEO plugin. -->","yoast_head_json":{"title":"TRUUSK Dip Station - St\u00e5l - Svart - Med Sling Trainer - 90x81x92,5cm - TRUUSK - Hem, Tr\u00e4dg\u00e5rd &amp; Fritid","robots":{"index":"index","follow":"follow","max-snippet":"max-snippet:-1","max-image-preview":"max-image-preview:large","max-video-preview":"max-video-preview:-1"},"canonical":"https:\/\/truusk.store\/sv\/produkt\/truusk-dip-station-stal-svart-med-sling-trainer-90x81x925cm\/","og_locale":"sv_SE","og_type":"article","og_title":"TRUUSK Dip Station - St\u00e5l - Svart - Med Sling Trainer - 90x81x92,5cm - TRUUSK - Hem, Tr\u00e4dg\u00e5rd &amp; Fritid","og_description":"Att tr\u00e4na med sin egen kroppsvikt \u00e4r v\u00e4ldigt trendigt. F\u00f6rdelarna \u00e4r uppenbara: det \u00e4r helt enkelt mindre komplicerat \u00e4n att...","og_url":"https:\/\/truusk.store\/sv\/produkt\/truusk-dip-station-stal-svart-med-sling-trainer-90x81x925cm\/","og_site_name":"TRUUSK - Hem, Tr\u00e4dg\u00e5rd &amp; Fritid","article_modified_time":"2026-03-12T07:56:10+00:00","og_image":[{"width":800,"height":800,"url":"https:\/\/i0.wp.com\/truusk.se\/wp-content\/uploads\/2024\/02\/dip-station-dip-stativ-bar-dips-med-sling-trainer-stal-svart-90x81x925cm.webp?fit=800%2C800&ssl=1","type":"image\/webp"}],"twitter_card":"summary_large_image","twitter_misc":{"Ber\u00e4knad l\u00e4stid":"1 minut"},"schema":{"@context":"https:\/\/schema.org","@graph":[{"@type":"WebPage","@id":"https:\/\/truusk.store\/sv\/produkt\/truusk-dip-station-stal-svart-med-sling-trainer-90x81x925cm\/","url":"https:\/\/truusk.store\/sv\/produkt\/truusk-dip-station-stal-svart-med-sling-trainer-90x81x925cm\/","name":"TRUUSK Dip Station - St\u00e5l - Svart - Med Sling Trainer - 90x81x92,5cm - TRUUSK - Hem, Tr\u00e4dg\u00e5rd &amp; Fritid","isPartOf":{"@id":"https:\/\/truusk.store\/sv\/#website"},"primaryImageOfPage":{"@id":"https:\/\/truusk.store\/sv\/produkt\/truusk-dip-station-stal-svart-med-sling-trainer-90x81x925cm\/#primaryimage"},"image":{"@id":"https:\/\/truusk.store\/sv\/produkt\/truusk-dip-station-stal-svart-med-sling-trainer-90x81x925cm\/#primaryimage"},"thumbnailUrl":"https:\/\/i0.wp.com\/truusk.store\/wp-content\/uploads\/2024\/02\/dip-station-dip-stativ-bar-dips-med-sling-trainer-stal-svart-90x81x925cm.webp?fit=800%2C800&ssl=1","datePublished":"2024-02-13T08:47:06+00:00","dateModified":"2026-03-12T07:56:10+00:00","breadcrumb":{"@id":"https:\/\/truusk.store\/sv\/produkt\/truusk-dip-station-stal-svart-med-sling-trainer-90x81x925cm\/#breadcrumb"},"inLanguage":"sv-SE","potentialAction":[{"@type":"ReadAction","target":["https:\/\/truusk.store\/sv\/produkt\/truusk-dip-station-stal-svart-med-sling-trainer-90x81x925cm\/"]}]},{"@type":"ImageObject","inLanguage":"sv-SE","@id":"https:\/\/truusk.store\/sv\/produkt\/truusk-dip-station-stal-svart-med-sling-trainer-90x81x925cm\/#primaryimage","url":"https:\/\/i0.wp.com\/truusk.store\/wp-content\/uploads\/2024\/02\/dip-station-dip-stativ-bar-dips-med-sling-trainer-stal-svart-90x81x925cm.webp?fit=800%2C800&ssl=1","contentUrl":"https:\/\/i0.wp.com\/truusk.store\/wp-content\/uploads\/2024\/02\/dip-station-dip-stativ-bar-dips-med-sling-trainer-stal-svart-90x81x925cm.webp?fit=800%2C800&ssl=1","width":800,"height":800,"caption":"Dip Station Dip Stativ Bar Dips Med Sling Trainer, St\u00e5l, Svart, 90x81x92,5cm 1"},{"@type":"BreadcrumbList","@id":"https:\/\/truusk.store\/sv\/produkt\/truusk-dip-station-stal-svart-med-sling-trainer-90x81x925cm\/#breadcrumb","itemListElement":[{"@type":"ListItem","position":1,"name":"Home","item":"https:\/\/truusk.store\/sv\/"},{"@type":"ListItem","position":2,"name":"Shop","item":"https:\/\/truusk.store\/shop\/"},{"@type":"ListItem","position":3,"name":"TRUUSK Dip Station &#8211; St\u00e5l &#8211; Svart &#8211; Med Sling Trainer &#8211; 90x81x92,5cm"}]},{"@type":"WebSite","@id":"https:\/\/truusk.store\/sv\/#website","url":"https:\/\/truusk.store\/sv\/","name":"TRUUSK - Hem, Tr\u00e4dg\u00e5rd & Fritid","description":"","publisher":{"@id":"https:\/\/truusk.store\/sv\/#organization"},"potentialAction":[{"@type":"SearchAction","target":{"@type":"EntryPoint","urlTemplate":"https:\/\/truusk.store\/sv\/?s={search_term_string}"},"query-input":{"@type":"PropertyValueSpecification","valueRequired":true,"valueName":"search_term_string"}}],"inLanguage":"sv-SE"},{"@type":"Organization","@id":"https:\/\/truusk.store\/sv\/#organization","name":"TRUUSK - Hem, Tr\u00e4dg\u00e5rd & Fritid","url":"https:\/\/truusk.store\/sv\/","logo":{"@type":"ImageObject","inLanguage":"sv-SE","@id":"https:\/\/truusk.store\/sv\/#\/schema\/logo\/image\/","url":"https:\/\/i0.wp.com\/truusk.store\/wp-content\/uploads\/2026\/03\/cropped-TRUUSK.png?fit=2032%2C917&ssl=1","contentUrl":"https:\/\/i0.wp.com\/truusk.store\/wp-content\/uploads\/2026\/03\/cropped-TRUUSK.png?fit=2032%2C917&ssl=1","width":2032,"height":917,"caption":"TRUUSK - Hem, Tr\u00e4dg\u00e5rd & Fritid"},"image":{"@id":"https:\/\/truusk.store\/sv\/#\/schema\/logo\/image\/"}}]}},"jetpack_sharing_enabled":true,"_links":{"self":[{"href":"https:\/\/truusk.store\/sv\/wp-json\/wp\/v2\/product\/9510","targetHints":{"allow":["GET"]}}],"collection":[{"href":"https:\/\/truusk.store\/sv\/wp-json\/wp\/v2\/product"}],"about":[{"href":"https:\/\/truusk.store\/sv\/wp-json\/wp\/v2\/types\/product"}],"wp:featuredmedia":[{"embeddable":true,"href":"https:\/\/truusk.store\/sv\/wp-json\/wp\/v2\/media\/9511"}],"wp:attachment":[{"href":"https:\/\/truusk.store\/sv\/wp-json\/wp\/v2\/media?parent=9510"}],"wp:term":[{"taxonomy":"product_brand","embeddable":true,"href":"https:\/\/truusk.store\/sv\/wp-json\/wp\/v2\/product_brand?post=9510"},{"taxonomy":"product_cat","embeddable":true,"href":"https:\/\/truusk.store\/sv\/wp-json\/wp\/v2\/product_cat?post=9510"},{"taxonomy":"product_tag","embeddable":true,"href":"https:\/\/truusk.store\/sv\/wp-json\/wp\/v2\/product_tag?post=9510"}],"curies":[{"name":"wp","href":"https:\/\/api.w.org\/{rel}","templated":true}]}}