{"id":95100,"date":"2025-11-10T13:25:50","date_gmt":"2025-11-10T12:25:50","guid":{"rendered":"https:\/\/truusk.store\/product\/kontorsstol-ergonomisk-skrivbordsstol-med-c-formad-ryggstod-hojdjusterbar-rosa\/"},"modified":"2026-03-12T08:48:38","modified_gmt":"2026-03-12T07:48:38","slug":"truusk-ergonomisk-kontorsstol-c-formad-ryggstod-hojdjusterbar-rosa","status":"publish","type":"product","link":"https:\/\/truusk.store\/sv\/produkt\/truusk-ergonomisk-kontorsstol-c-formad-ryggstod-hojdjusterbar-rosa\/","title":{"rendered":"TRUUSK Ergonomisk Kontorsstol &#8211; C-formad Ryggst\u00f6d &#8211; H\u00f6jdjusterbar &#8211; Rosa"},"content":{"rendered":"<p>Upplev komforten med TRUUSK ergonomiska kontorsstol med C-formad ryggst\u00f6d och h\u00f6gdensitetsskum f\u00f6r optimal h\u00e5llning och l\u00e5ngvarig komfort. Med den andningsbara n\u00e4t-ryggst\u00f6det p\u00e5 datorstolen h\u00e5ller du dig sval medan du roterar 360 grader eller justerar h\u00f6jden individuellt. Perfekt f\u00f6r sm\u00e5 utrymmen, det kompakta, armfria designen p\u00e5 skrivbordsstolen ger en organiserad och effektiv arbetsyta.<\/p>\n<p>Beskrivning:<\/p>\n<ul>\n<li> C-formad ryggst\u00f6d p\u00e5 skrivbordsstolen st\u00f6der h\u00e5llningen under l\u00e5nga arbetstimmar<\/li>\n<li> S\u00e4tet med h\u00f6gdensitetsskum ger l\u00e5ngvarig komfort och st\u00f6d<\/li>\n<li> Andningsbart n\u00e4t-ryggst\u00f6d p\u00e5 snurrstolen f\u00f6rb\u00e4ttrar luftcirkulationen och h\u00e5ller dig sval<\/li>\n<li> Armfri design p\u00e5 datorstolen passar snyggt under de flesta skrivbord och sparar utrymme<\/li>\n<li> 360\u00b0 rotation och hjul m\u00f6jligg\u00f6r smidig r\u00f6rlighet<\/li>\n<li> Justerbar sitth\u00f6jd fr\u00e5n 43 till 51 cm f\u00f6r individuell komfort<\/li>\n<li> Montering kr\u00e4vs<\/li>\n<\/ul>\n<p> Tekniska data:<\/p>\n<ul>\n<li> F\u00e4rg: Rosa<\/li>\n<li> Material: N\u00e4ttyg (100% polyester), skum, nylon, plast<\/li>\n<li> Totala dimensioner: 53L x 59,5B x 81-89H cm<\/li>\n<li> Sitsstorlek: 44B x 44T x 43-51H cm<\/li>\n<li> Sittjocklek: 7 cm<\/li>\n<li> Ryggst\u00f6dets storlek: 42B x 41,5H cm<\/li>\n<li> B\u00e4rkapacitet: 120 kg<\/li>\n<\/ul>\n<p>Leveransinneh\u00e5ll:<\/p>\n<ul>\n<li> 1 x Kontorsstol<\/li>\n<li> 1 x Handbok<\/li>\n<\/ul>\n","protected":false},"excerpt":{"rendered":"<p>Upplev komforten med TRUUSK ergonomiska kontorsstol med C-formad ryggst\u00f6d och h\u00f6gdensitetsskum f\u00f6r optimal h\u00e5llning och l\u00e5ngvarig komfort. Med den andningsbara&#8230;<\/p>\n","protected":false},"featured_media":95088,"template":"","meta":[],"product_brand":[],"product_cat":[872,871,516],"product_tag":[],"class_list":{"0":"post-95100","1":"product","2":"type-product","3":"status-publish","4":"has-post-thumbnail","6":"product_cat-hemmakontor-arbetsplats","7":"product_cat-hus-hem","8":"product_cat-kontorsstolar","10":"first","11":"instock","12":"sale","13":"taxable","14":"shipping-taxable","15":"purchasable","16":"product-type-simple"},"yoast_head":"<!-- This site is optimized with the Yoast SEO plugin v25.4 - https:\/\/yoast.com\/wordpress\/plugins\/seo\/ -->\n<title>TRUUSK Ergonomisk Kontorsstol - C-formad Ryggst\u00f6d - H\u00f6jdjusterbar - Rosa - TRUUSK - Hem, Tr\u00e4dg\u00e5rd &amp; Fritid<\/title>\n<meta name=\"robots\" content=\"index, follow, max-snippet:-1, max-image-preview:large, max-video-preview:-1\" \/>\n<link rel=\"canonical\" href=\"https:\/\/truusk.store\/sv\/produkt\/truusk-ergonomisk-kontorsstol-c-formad-ryggstod-hojdjusterbar-rosa\/\" \/>\n<meta property=\"og:locale\" content=\"sv_SE\" \/>\n<meta property=\"og:type\" content=\"article\" \/>\n<meta property=\"og:title\" content=\"TRUUSK Ergonomisk Kontorsstol - C-formad Ryggst\u00f6d - H\u00f6jdjusterbar - Rosa - TRUUSK - Hem, Tr\u00e4dg\u00e5rd &amp; Fritid\" \/>\n<meta property=\"og:description\" content=\"Upplev komforten med TRUUSK ergonomiska kontorsstol med C-formad ryggst\u00f6d och h\u00f6gdensitetsskum f\u00f6r optimal h\u00e5llning och l\u00e5ngvarig komfort. Med den andningsbara...\" \/>\n<meta property=\"og:url\" content=\"https:\/\/truusk.store\/sv\/produkt\/truusk-ergonomisk-kontorsstol-c-formad-ryggstod-hojdjusterbar-rosa\/\" \/>\n<meta property=\"og:site_name\" content=\"TRUUSK - Hem, Tr\u00e4dg\u00e5rd &amp; Fritid\" \/>\n<meta property=\"article:modified_time\" content=\"2026-03-12T07:48:38+00:00\" \/>\n<meta property=\"og:image\" content=\"https:\/\/i0.wp.com\/truusk.se\/wp-content\/uploads\/2025\/11\/kontorsstol-ergonomisk-skrivbordsstol-med-c-formad-ryggstod-hojdjusterbar-rosa-1.webp?fit=2000%2C2000&ssl=1\" \/>\n\t<meta property=\"og:image:width\" content=\"2000\" \/>\n\t<meta property=\"og:image:height\" content=\"2000\" \/>\n\t<meta property=\"og:image:type\" content=\"image\/webp\" \/>\n<meta name=\"twitter:card\" content=\"summary_large_image\" \/>\n<meta name=\"twitter:label1\" content=\"Ber\u00e4knad l\u00e4stid\" \/>\n\t<meta name=\"twitter:data1\" content=\"1 minut\" \/>\n<!-- \/ Yoast SEO plugin. -->","yoast_head_json":{"title":"TRUUSK Ergonomisk Kontorsstol - C-formad Ryggst\u00f6d - H\u00f6jdjusterbar - Rosa - TRUUSK - Hem, Tr\u00e4dg\u00e5rd &amp; Fritid","robots":{"index":"index","follow":"follow","max-snippet":"max-snippet:-1","max-image-preview":"max-image-preview:large","max-video-preview":"max-video-preview:-1"},"canonical":"https:\/\/truusk.store\/sv\/produkt\/truusk-ergonomisk-kontorsstol-c-formad-ryggstod-hojdjusterbar-rosa\/","og_locale":"sv_SE","og_type":"article","og_title":"TRUUSK Ergonomisk Kontorsstol - C-formad Ryggst\u00f6d - H\u00f6jdjusterbar - Rosa - TRUUSK - Hem, Tr\u00e4dg\u00e5rd &amp; Fritid","og_description":"Upplev komforten med TRUUSK ergonomiska kontorsstol med C-formad ryggst\u00f6d och h\u00f6gdensitetsskum f\u00f6r optimal h\u00e5llning och l\u00e5ngvarig komfort. Med den andningsbara...","og_url":"https:\/\/truusk.store\/sv\/produkt\/truusk-ergonomisk-kontorsstol-c-formad-ryggstod-hojdjusterbar-rosa\/","og_site_name":"TRUUSK - Hem, Tr\u00e4dg\u00e5rd &amp; Fritid","article_modified_time":"2026-03-12T07:48:38+00:00","og_image":[{"width":2000,"height":2000,"url":"https:\/\/i0.wp.com\/truusk.se\/wp-content\/uploads\/2025\/11\/kontorsstol-ergonomisk-skrivbordsstol-med-c-formad-ryggstod-hojdjusterbar-rosa-1.webp?fit=2000%2C2000&ssl=1","type":"image\/webp"}],"twitter_card":"summary_large_image","twitter_misc":{"Ber\u00e4knad l\u00e4stid":"1 minut"},"schema":{"@context":"https:\/\/schema.org","@graph":[{"@type":"WebPage","@id":"https:\/\/truusk.store\/sv\/produkt\/truusk-ergonomisk-kontorsstol-c-formad-ryggstod-hojdjusterbar-rosa\/","url":"https:\/\/truusk.store\/sv\/produkt\/truusk-ergonomisk-kontorsstol-c-formad-ryggstod-hojdjusterbar-rosa\/","name":"TRUUSK Ergonomisk Kontorsstol - C-formad Ryggst\u00f6d - H\u00f6jdjusterbar - Rosa - TRUUSK - Hem, Tr\u00e4dg\u00e5rd &amp; Fritid","isPartOf":{"@id":"https:\/\/truusk.store\/sv\/#website"},"primaryImageOfPage":{"@id":"https:\/\/truusk.store\/sv\/produkt\/truusk-ergonomisk-kontorsstol-c-formad-ryggstod-hojdjusterbar-rosa\/#primaryimage"},"image":{"@id":"https:\/\/truusk.store\/sv\/produkt\/truusk-ergonomisk-kontorsstol-c-formad-ryggstod-hojdjusterbar-rosa\/#primaryimage"},"thumbnailUrl":"https:\/\/i0.wp.com\/truusk.store\/wp-content\/uploads\/2025\/11\/kontorsstol-ergonomisk-skrivbordsstol-med-c-formad-ryggstod-hojdjusterbar-rosa-1.webp?fit=2000%2C2000&ssl=1","datePublished":"2025-11-10T12:25:50+00:00","dateModified":"2026-03-12T07:48:38+00:00","breadcrumb":{"@id":"https:\/\/truusk.store\/sv\/produkt\/truusk-ergonomisk-kontorsstol-c-formad-ryggstod-hojdjusterbar-rosa\/#breadcrumb"},"inLanguage":"sv-SE","potentialAction":[{"@type":"ReadAction","target":["https:\/\/truusk.store\/sv\/produkt\/truusk-ergonomisk-kontorsstol-c-formad-ryggstod-hojdjusterbar-rosa\/"]}]},{"@type":"ImageObject","inLanguage":"sv-SE","@id":"https:\/\/truusk.store\/sv\/produkt\/truusk-ergonomisk-kontorsstol-c-formad-ryggstod-hojdjusterbar-rosa\/#primaryimage","url":"https:\/\/i0.wp.com\/truusk.store\/wp-content\/uploads\/2025\/11\/kontorsstol-ergonomisk-skrivbordsstol-med-c-formad-ryggstod-hojdjusterbar-rosa-1.webp?fit=2000%2C2000&ssl=1","contentUrl":"https:\/\/i0.wp.com\/truusk.store\/wp-content\/uploads\/2025\/11\/kontorsstol-ergonomisk-skrivbordsstol-med-c-formad-ryggstod-hojdjusterbar-rosa-1.webp?fit=2000%2C2000&ssl=1","width":2000,"height":2000},{"@type":"BreadcrumbList","@id":"https:\/\/truusk.store\/sv\/produkt\/truusk-ergonomisk-kontorsstol-c-formad-ryggstod-hojdjusterbar-rosa\/#breadcrumb","itemListElement":[{"@type":"ListItem","position":1,"name":"Home","item":"https:\/\/truusk.store\/sv\/"},{"@type":"ListItem","position":2,"name":"Shop","item":"https:\/\/truusk.store\/shop\/"},{"@type":"ListItem","position":3,"name":"TRUUSK Ergonomisk Kontorsstol &#8211; C-formad Ryggst\u00f6d &#8211; H\u00f6jdjusterbar &#8211; Rosa"}]},{"@type":"WebSite","@id":"https:\/\/truusk.store\/sv\/#website","url":"https:\/\/truusk.store\/sv\/","name":"TRUUSK - Hem, Tr\u00e4dg\u00e5rd & Fritid","description":"","publisher":{"@id":"https:\/\/truusk.store\/sv\/#organization"},"potentialAction":[{"@type":"SearchAction","target":{"@type":"EntryPoint","urlTemplate":"https:\/\/truusk.store\/sv\/?s={search_term_string}"},"query-input":{"@type":"PropertyValueSpecification","valueRequired":true,"valueName":"search_term_string"}}],"inLanguage":"sv-SE"},{"@type":"Organization","@id":"https:\/\/truusk.store\/sv\/#organization","name":"TRUUSK - Hem, Tr\u00e4dg\u00e5rd & Fritid","url":"https:\/\/truusk.store\/sv\/","logo":{"@type":"ImageObject","inLanguage":"sv-SE","@id":"https:\/\/truusk.store\/sv\/#\/schema\/logo\/image\/","url":"https:\/\/i0.wp.com\/truusk.store\/wp-content\/uploads\/2026\/03\/cropped-TRUUSK.png?fit=2032%2C917&ssl=1","contentUrl":"https:\/\/i0.wp.com\/truusk.store\/wp-content\/uploads\/2026\/03\/cropped-TRUUSK.png?fit=2032%2C917&ssl=1","width":2032,"height":917,"caption":"TRUUSK - Hem, Tr\u00e4dg\u00e5rd & Fritid"},"image":{"@id":"https:\/\/truusk.store\/sv\/#\/schema\/logo\/image\/"}}]}},"jetpack_sharing_enabled":true,"_links":{"self":[{"href":"https:\/\/truusk.store\/sv\/wp-json\/wp\/v2\/product\/95100","targetHints":{"allow":["GET"]}}],"collection":[{"href":"https:\/\/truusk.store\/sv\/wp-json\/wp\/v2\/product"}],"about":[{"href":"https:\/\/truusk.store\/sv\/wp-json\/wp\/v2\/types\/product"}],"wp:featuredmedia":[{"embeddable":true,"href":"https:\/\/truusk.store\/sv\/wp-json\/wp\/v2\/media\/95088"}],"wp:attachment":[{"href":"https:\/\/truusk.store\/sv\/wp-json\/wp\/v2\/media?parent=95100"}],"wp:term":[{"taxonomy":"product_brand","embeddable":true,"href":"https:\/\/truusk.store\/sv\/wp-json\/wp\/v2\/product_brand?post=95100"},{"taxonomy":"product_cat","embeddable":true,"href":"https:\/\/truusk.store\/sv\/wp-json\/wp\/v2\/product_cat?post=95100"},{"taxonomy":"product_tag","embeddable":true,"href":"https:\/\/truusk.store\/sv\/wp-json\/wp\/v2\/product_tag?post=95100"}],"curies":[{"name":"wp","href":"https:\/\/api.w.org\/{rel}","templated":true}]}}