{"id":95110,"date":"2025-11-10T13:27:02","date_gmt":"2025-11-10T12:27:02","guid":{"rendered":"https:\/\/truusk.store\/product\/led-taklampa-50w-5-justerbara-ljusror-anpassningsbar-taklampa-for-vardagsrum-matsal-kok-guldvit\/"},"modified":"2026-03-12T08:48:39","modified_gmt":"2026-03-12T07:48:39","slug":"truusk-led-taklampa-50w-5-justerbara-ljusror-anpassningsbar-for-vardagsrum-matsal-kok-guldvit","status":"publish","type":"product","link":"https:\/\/truusk.store\/sv\/produkt\/truusk-led-taklampa-50w-5-justerbara-ljusror-anpassningsbar-for-vardagsrum-matsal-kok-guldvit\/","title":{"rendered":"TRUUSK LED Taklampa 50W &#8211; 5 Justerbara Ljusr\u00f6r &#8211; Anpassningsbar &#8211; F\u00f6r Vardagsrum, Matsal, K\u00f6k &#8211; Guld+Vit"},"content":{"rendered":"<p>Lider du av statisk och oinspirerad belysning som belastar \u00f6gonen? Ditt hem f\u00f6rtj\u00e4nar ett centralt element som anpassar sig till din livsstil. Den justerbara TRUUSK-pendellampan optimerar ditt utrymme: Anpassa formen och lutningsvinkeln enkelt till ditt hum\u00f6r eller tillf\u00e4llet. Oavsett om det \u00e4r f\u00f6r en avslappnad middag eller en livlig fest, ger den ett mjukt, \u00f6gonv\u00e4nligt ljus och skapar s\u00e5 en underbar konstn\u00e4rlig st\u00e4mning f\u00f6r varje \u00f6gonblick.<\/p>\n<p>Beskrivning:<\/p>\n<ul>\n<li> Anpassa formen p\u00e5 matbordslampan fritt, f\u00f6r olika kreativa belysningsm\u00f6jligheter<\/li>\n<li> Har en skulptural design med korsande linjer som omedelbart h\u00f6jer stilen p\u00e5 ditt hem<\/li>\n<li> 5800lm ljus lampa belyser ditt rum effektivt och f\u00f6rb\u00e4ttrar synligheten<\/li>\n<li> H\u00e4ngkabeln f\u00f6r pendellampan \u00e4r justerbar fr\u00e5n 0,4 m upp till 1 m och anpassar sig till olika takh\u00f6jder<\/li>\n<li> Med en storlek p\u00e5 \u00d882 cm belyser den perfekt stora rum som vardagsrum eller k\u00f6k<\/li>\n<li> Inkluderar all h\u00e5rdvara och jordkabel f\u00f6r enkel och s\u00e4ker installation<\/li>\n<\/ul>\n<p> Tekniska data:<\/p>\n<ul>\n<li> F\u00e4rg: Guldton+Vit<\/li>\n<li> Material: Metall, Plast, Akryl<\/li>\n<li> Totala dimensioner: \u00d882 x 124H cm<\/li>\n<li> Storlek p\u00e5 takplatta: \u00d818 x 4H cm<\/li>\n<li> L\u00e4ngd p\u00e5 h\u00e4ngkabel: 120 cm (justerbar 40-100 cm)<\/li>\n<li> Maximal belastning (h\u00e4ngkabel): 2,5 kg<\/li>\n<li> Effekt: 50 W<\/li>\n<li> Ljusfl\u00f6de: 5800 lm<\/li>\n<li> F\u00e4rgtemperatur: 3500 K<\/li>\n<li> Ing\u00e5ngssp\u00e4nning: 220-240 V, 50 Hz<\/li>\n<li> Storlek p\u00e5 korsplatta: 15,5 x 15,5 cm<\/li>\n<li> Energiklass: E<\/li>\n<\/ul>\n<p>Leveransinneh\u00e5ll:<\/p>\n<ul>\n<li> 1 x H\u00e4nglampa<\/li>\n<li> 1 x Bruksanvisning<\/li>\n<\/ul>\n","protected":false},"excerpt":{"rendered":"<p>Lider du av statisk och oinspirerad belysning som belastar \u00f6gonen? Ditt hem f\u00f6rtj\u00e4nar ett centralt element som anpassar sig till&#8230;<\/p>\n","protected":false},"featured_media":95101,"template":"","meta":[],"product_brand":[],"product_cat":[486,871,487],"product_tag":[],"class_list":{"0":"post-95110","1":"product","2":"type-product","3":"status-publish","4":"has-post-thumbnail","6":"product_cat-belysning","7":"product_cat-hus-hem","8":"product_cat-tak-lampor","10":"first","11":"instock","12":"sale","13":"taxable","14":"shipping-taxable","15":"purchasable","16":"product-type-simple"},"yoast_head":"<!-- This site is optimized with the Yoast SEO plugin v25.4 - https:\/\/yoast.com\/wordpress\/plugins\/seo\/ -->\n<title>TRUUSK LED Taklampa 50W - 5 Justerbara Ljusr\u00f6r - Anpassningsbar - F\u00f6r Vardagsrum, Matsal, K\u00f6k - Guld+Vit - TRUUSK - Hem, Tr\u00e4dg\u00e5rd &amp; Fritid<\/title>\n<meta name=\"robots\" content=\"index, follow, max-snippet:-1, max-image-preview:large, max-video-preview:-1\" \/>\n<link rel=\"canonical\" href=\"https:\/\/truusk.store\/sv\/produkt\/truusk-led-taklampa-50w-5-justerbara-ljusror-anpassningsbar-for-vardagsrum-matsal-kok-guldvit\/\" \/>\n<meta property=\"og:locale\" content=\"sv_SE\" \/>\n<meta property=\"og:type\" content=\"article\" \/>\n<meta property=\"og:title\" content=\"TRUUSK LED Taklampa 50W - 5 Justerbara Ljusr\u00f6r - Anpassningsbar - F\u00f6r Vardagsrum, Matsal, K\u00f6k - Guld+Vit - TRUUSK - Hem, Tr\u00e4dg\u00e5rd &amp; Fritid\" \/>\n<meta property=\"og:description\" content=\"Lider du av statisk och oinspirerad belysning som belastar \u00f6gonen? Ditt hem f\u00f6rtj\u00e4nar ett centralt element som anpassar sig till...\" \/>\n<meta property=\"og:url\" content=\"https:\/\/truusk.store\/sv\/produkt\/truusk-led-taklampa-50w-5-justerbara-ljusror-anpassningsbar-for-vardagsrum-matsal-kok-guldvit\/\" \/>\n<meta property=\"og:site_name\" content=\"TRUUSK - Hem, Tr\u00e4dg\u00e5rd &amp; Fritid\" \/>\n<meta property=\"article:modified_time\" content=\"2026-03-12T07:48:39+00:00\" \/>\n<meta property=\"og:image\" content=\"https:\/\/i0.wp.com\/truusk.se\/wp-content\/uploads\/2025\/11\/led-taklampa-50w-5-justerbara-ljusror-anpassningsbar-taklampa-for-vardagsrum-matsal-kok-guldvit-1.webp?fit=2000%2C2000&ssl=1\" \/>\n\t<meta property=\"og:image:width\" content=\"2000\" \/>\n\t<meta property=\"og:image:height\" content=\"2000\" \/>\n\t<meta property=\"og:image:type\" content=\"image\/webp\" \/>\n<meta name=\"twitter:card\" content=\"summary_large_image\" \/>\n<meta name=\"twitter:label1\" content=\"Ber\u00e4knad l\u00e4stid\" \/>\n\t<meta name=\"twitter:data1\" content=\"1 minut\" \/>\n<!-- \/ Yoast SEO plugin. -->","yoast_head_json":{"title":"TRUUSK LED Taklampa 50W - 5 Justerbara Ljusr\u00f6r - Anpassningsbar - F\u00f6r Vardagsrum, Matsal, K\u00f6k - Guld+Vit - TRUUSK - Hem, Tr\u00e4dg\u00e5rd &amp; Fritid","robots":{"index":"index","follow":"follow","max-snippet":"max-snippet:-1","max-image-preview":"max-image-preview:large","max-video-preview":"max-video-preview:-1"},"canonical":"https:\/\/truusk.store\/sv\/produkt\/truusk-led-taklampa-50w-5-justerbara-ljusror-anpassningsbar-for-vardagsrum-matsal-kok-guldvit\/","og_locale":"sv_SE","og_type":"article","og_title":"TRUUSK LED Taklampa 50W - 5 Justerbara Ljusr\u00f6r - Anpassningsbar - F\u00f6r Vardagsrum, Matsal, K\u00f6k - Guld+Vit - TRUUSK - Hem, Tr\u00e4dg\u00e5rd &amp; Fritid","og_description":"Lider du av statisk och oinspirerad belysning som belastar \u00f6gonen? Ditt hem f\u00f6rtj\u00e4nar ett centralt element som anpassar sig till...","og_url":"https:\/\/truusk.store\/sv\/produkt\/truusk-led-taklampa-50w-5-justerbara-ljusror-anpassningsbar-for-vardagsrum-matsal-kok-guldvit\/","og_site_name":"TRUUSK - Hem, Tr\u00e4dg\u00e5rd &amp; Fritid","article_modified_time":"2026-03-12T07:48:39+00:00","og_image":[{"width":2000,"height":2000,"url":"https:\/\/i0.wp.com\/truusk.se\/wp-content\/uploads\/2025\/11\/led-taklampa-50w-5-justerbara-ljusror-anpassningsbar-taklampa-for-vardagsrum-matsal-kok-guldvit-1.webp?fit=2000%2C2000&ssl=1","type":"image\/webp"}],"twitter_card":"summary_large_image","twitter_misc":{"Ber\u00e4knad l\u00e4stid":"1 minut"},"schema":{"@context":"https:\/\/schema.org","@graph":[{"@type":"WebPage","@id":"https:\/\/truusk.store\/sv\/produkt\/truusk-led-taklampa-50w-5-justerbara-ljusror-anpassningsbar-for-vardagsrum-matsal-kok-guldvit\/","url":"https:\/\/truusk.store\/sv\/produkt\/truusk-led-taklampa-50w-5-justerbara-ljusror-anpassningsbar-for-vardagsrum-matsal-kok-guldvit\/","name":"TRUUSK LED Taklampa 50W - 5 Justerbara Ljusr\u00f6r - Anpassningsbar - F\u00f6r Vardagsrum, Matsal, K\u00f6k - Guld+Vit - TRUUSK - Hem, Tr\u00e4dg\u00e5rd &amp; Fritid","isPartOf":{"@id":"https:\/\/truusk.store\/sv\/#website"},"primaryImageOfPage":{"@id":"https:\/\/truusk.store\/sv\/produkt\/truusk-led-taklampa-50w-5-justerbara-ljusror-anpassningsbar-for-vardagsrum-matsal-kok-guldvit\/#primaryimage"},"image":{"@id":"https:\/\/truusk.store\/sv\/produkt\/truusk-led-taklampa-50w-5-justerbara-ljusror-anpassningsbar-for-vardagsrum-matsal-kok-guldvit\/#primaryimage"},"thumbnailUrl":"https:\/\/i0.wp.com\/truusk.store\/wp-content\/uploads\/2025\/11\/led-taklampa-50w-5-justerbara-ljusror-anpassningsbar-taklampa-for-vardagsrum-matsal-kok-guldvit-1.webp?fit=2000%2C2000&ssl=1","datePublished":"2025-11-10T12:27:02+00:00","dateModified":"2026-03-12T07:48:39+00:00","breadcrumb":{"@id":"https:\/\/truusk.store\/sv\/produkt\/truusk-led-taklampa-50w-5-justerbara-ljusror-anpassningsbar-for-vardagsrum-matsal-kok-guldvit\/#breadcrumb"},"inLanguage":"sv-SE","potentialAction":[{"@type":"ReadAction","target":["https:\/\/truusk.store\/sv\/produkt\/truusk-led-taklampa-50w-5-justerbara-ljusror-anpassningsbar-for-vardagsrum-matsal-kok-guldvit\/"]}]},{"@type":"ImageObject","inLanguage":"sv-SE","@id":"https:\/\/truusk.store\/sv\/produkt\/truusk-led-taklampa-50w-5-justerbara-ljusror-anpassningsbar-for-vardagsrum-matsal-kok-guldvit\/#primaryimage","url":"https:\/\/i0.wp.com\/truusk.store\/wp-content\/uploads\/2025\/11\/led-taklampa-50w-5-justerbara-ljusror-anpassningsbar-taklampa-for-vardagsrum-matsal-kok-guldvit-1.webp?fit=2000%2C2000&ssl=1","contentUrl":"https:\/\/i0.wp.com\/truusk.store\/wp-content\/uploads\/2025\/11\/led-taklampa-50w-5-justerbara-ljusror-anpassningsbar-taklampa-for-vardagsrum-matsal-kok-guldvit-1.webp?fit=2000%2C2000&ssl=1","width":2000,"height":2000},{"@type":"BreadcrumbList","@id":"https:\/\/truusk.store\/sv\/produkt\/truusk-led-taklampa-50w-5-justerbara-ljusror-anpassningsbar-for-vardagsrum-matsal-kok-guldvit\/#breadcrumb","itemListElement":[{"@type":"ListItem","position":1,"name":"Home","item":"https:\/\/truusk.store\/sv\/"},{"@type":"ListItem","position":2,"name":"Shop","item":"https:\/\/truusk.store\/shop\/"},{"@type":"ListItem","position":3,"name":"TRUUSK LED Taklampa 50W &#8211; 5 Justerbara Ljusr\u00f6r &#8211; Anpassningsbar &#8211; F\u00f6r Vardagsrum, Matsal, K\u00f6k &#8211; Guld+Vit"}]},{"@type":"WebSite","@id":"https:\/\/truusk.store\/sv\/#website","url":"https:\/\/truusk.store\/sv\/","name":"TRUUSK - Hem, Tr\u00e4dg\u00e5rd & Fritid","description":"","publisher":{"@id":"https:\/\/truusk.store\/sv\/#organization"},"potentialAction":[{"@type":"SearchAction","target":{"@type":"EntryPoint","urlTemplate":"https:\/\/truusk.store\/sv\/?s={search_term_string}"},"query-input":{"@type":"PropertyValueSpecification","valueRequired":true,"valueName":"search_term_string"}}],"inLanguage":"sv-SE"},{"@type":"Organization","@id":"https:\/\/truusk.store\/sv\/#organization","name":"TRUUSK - Hem, Tr\u00e4dg\u00e5rd & Fritid","url":"https:\/\/truusk.store\/sv\/","logo":{"@type":"ImageObject","inLanguage":"sv-SE","@id":"https:\/\/truusk.store\/sv\/#\/schema\/logo\/image\/","url":"https:\/\/i0.wp.com\/truusk.store\/wp-content\/uploads\/2026\/03\/cropped-TRUUSK.png?fit=2032%2C917&ssl=1","contentUrl":"https:\/\/i0.wp.com\/truusk.store\/wp-content\/uploads\/2026\/03\/cropped-TRUUSK.png?fit=2032%2C917&ssl=1","width":2032,"height":917,"caption":"TRUUSK - Hem, Tr\u00e4dg\u00e5rd & Fritid"},"image":{"@id":"https:\/\/truusk.store\/sv\/#\/schema\/logo\/image\/"}}]}},"jetpack_sharing_enabled":true,"_links":{"self":[{"href":"https:\/\/truusk.store\/sv\/wp-json\/wp\/v2\/product\/95110","targetHints":{"allow":["GET"]}}],"collection":[{"href":"https:\/\/truusk.store\/sv\/wp-json\/wp\/v2\/product"}],"about":[{"href":"https:\/\/truusk.store\/sv\/wp-json\/wp\/v2\/types\/product"}],"wp:featuredmedia":[{"embeddable":true,"href":"https:\/\/truusk.store\/sv\/wp-json\/wp\/v2\/media\/95101"}],"wp:attachment":[{"href":"https:\/\/truusk.store\/sv\/wp-json\/wp\/v2\/media?parent=95110"}],"wp:term":[{"taxonomy":"product_brand","embeddable":true,"href":"https:\/\/truusk.store\/sv\/wp-json\/wp\/v2\/product_brand?post=95110"},{"taxonomy":"product_cat","embeddable":true,"href":"https:\/\/truusk.store\/sv\/wp-json\/wp\/v2\/product_cat?post=95110"},{"taxonomy":"product_tag","embeddable":true,"href":"https:\/\/truusk.store\/sv\/wp-json\/wp\/v2\/product_tag?post=95110"}],"curies":[{"name":"wp","href":"https:\/\/api.w.org\/{rel}","templated":true}]}}