{"id":95121,"date":"2025-11-10T13:28:16","date_gmt":"2025-11-10T12:28:16","guid":{"rendered":"https:\/\/truusk.store\/product\/sidobord-3-stegs-soffbord-med-laddningsstation-tygforvaringsvaska-hylla-50x50x551-cm-naturligt-tra\/"},"modified":"2026-03-12T08:48:44","modified_gmt":"2026-03-12T07:48:44","slug":"truusk-sidobord-3-steg-med-laddningsstation-tygforvaringsvaska-hylla-naturligt-tra-50x50x551-cm","status":"publish","type":"product","link":"https:\/\/truusk.store\/sv\/produkt\/truusk-sidobord-3-steg-med-laddningsstation-tygforvaringsvaska-hylla-naturligt-tra-50x50x551-cm\/","title":{"rendered":"TRUUSK Sidobord 3 Steg Med Laddningsstation &#8211; Tygf\u00f6rvaringsv\u00e4ska &#8211; Hylla &#8211; Naturligt Tr\u00e4 &#8211; 50x50x55,1 cm"},"content":{"rendered":"<p>St\u00f6rd av st\u00e4ndig jakt p\u00e5 uttag och kaos? Denna r\u00f6ra g\u00f6r det sv\u00e5rt att slappna av, s\u00e4rskilt med oro f\u00f6r skarpa kanter i ett aktivt hush\u00e5ll. TRUUSK sidobord soffa revolutionerar ditt utrymme. Det lilla bordet har en inbyggd laddningsstation f\u00f6r dina enheter, tre smarta f\u00f6rvaringsniv\u00e5er f\u00f6r ett prydligt utseende och en rundad, industriellt chic design som ger stil och lugn till varje rum.<\/p>\n<p>Beskrivning:<\/p>\n<ul>\n<li> Tv\u00e5 v\u00e4xelstr\u00f6msuttag, en USB-port och en USB-C-port laddar flera enheter<\/li>\n<li> 1,42 m l\u00e5ng kabel p\u00e5 sidobordet ger flexibilitet i placering och anv\u00e4ndning<\/li>\n<li> Det lilla bordets trestegsdesign erbjuder gott om f\u00f6rvaringsutrymme och h\u00e5ller ditt vardagsrum prydligt<\/li>\n<li> Den nedre tygp\u00e5sen p\u00e5 sidobordet soffa d\u00f6ljer prydligt r\u00f6riga kablar och sm\u00e5 personliga f\u00f6rem\u00e5l<\/li>\n<li> Det lilla bordets runda form undviker skarpa h\u00f6rn och ger s\u00e4kerhet<\/li>\n<li> Robust metallram med justerbara fotdynor ger utm\u00e4rkt stabilitet p\u00e5 alla golv<\/li>\n<li> Montering kr\u00e4vs<\/li>\n<\/ul>\n<p> Tekniska data:<\/p>\n<ul>\n<li> F\u00e4rg: Naturtr\u00e4<\/li>\n<li> Material: Sp\u00e5nskiva, metall, Oxford-tyg<\/li>\n<li> Totala dimensioner: \u00d850 x 55,1H cm<\/li>\n<li> Bordsskivans storlek: 50B x 50T cm<\/li>\n<li> Hyllans storlek: 37B x 37T cm<\/li>\n<li> P\u00e5sens storlek: \u00d837,8 x 15,3H cm<\/li>\n<li> Nominell sp\u00e4nning: AC 230-250 V, 50 Hz, 16 A<\/li>\n<li> USB\/USB-C: DC 5 V, 2,1 A<\/li>\n<li> Kabell\u00e4ngd: 1,42 m<\/li>\n<li> B\u00e4rkapacitet: 12 kg (totalt), 5 kg (bordsskiva\/hylla), 2 kg (p\u00e5se)<\/li>\n<\/ul>\n<p>Leveransinneh\u00e5ll:<\/p>\n<ul>\n<li>1 x Sidobord<\/li>\n<li>1 x Bruksanvisning<\/li>\n<\/ul>\n","protected":false},"excerpt":{"rendered":"<p>St\u00f6rd av st\u00e4ndig jakt p\u00e5 uttag och kaos? Denna r\u00f6ra g\u00f6r det sv\u00e5rt att slappna av, s\u00e4rskilt med oro f\u00f6r&#8230;<\/p>\n","protected":false},"featured_media":95111,"template":"","meta":[],"product_brand":[],"product_cat":[871,957,910],"product_tag":[],"class_list":{"0":"post-95121","1":"product","2":"type-product","3":"status-publish","4":"has-post-thumbnail","6":"product_cat-hus-hem","7":"product_cat-sidobord","8":"product_cat-vardagsrum","10":"first","11":"instock","12":"sale","13":"taxable","14":"shipping-taxable","15":"purchasable","16":"product-type-simple"},"yoast_head":"<!-- This site is optimized with the Yoast SEO plugin v25.4 - https:\/\/yoast.com\/wordpress\/plugins\/seo\/ -->\n<title>TRUUSK Sidobord 3 Steg Med Laddningsstation - Tygf\u00f6rvaringsv\u00e4ska - Hylla - Naturligt Tr\u00e4 - 50x50x55,1 cm - TRUUSK - Hem, Tr\u00e4dg\u00e5rd &amp; Fritid<\/title>\n<meta name=\"robots\" content=\"index, follow, max-snippet:-1, max-image-preview:large, max-video-preview:-1\" \/>\n<link rel=\"canonical\" href=\"https:\/\/truusk.store\/sv\/produkt\/truusk-sidobord-3-steg-med-laddningsstation-tygforvaringsvaska-hylla-naturligt-tra-50x50x551-cm\/\" \/>\n<meta property=\"og:locale\" content=\"sv_SE\" \/>\n<meta property=\"og:type\" content=\"article\" \/>\n<meta property=\"og:title\" content=\"TRUUSK Sidobord 3 Steg Med Laddningsstation - Tygf\u00f6rvaringsv\u00e4ska - Hylla - Naturligt Tr\u00e4 - 50x50x55,1 cm - TRUUSK - Hem, Tr\u00e4dg\u00e5rd &amp; Fritid\" \/>\n<meta property=\"og:description\" content=\"St\u00f6rd av st\u00e4ndig jakt p\u00e5 uttag och kaos? Denna r\u00f6ra g\u00f6r det sv\u00e5rt att slappna av, s\u00e4rskilt med oro f\u00f6r...\" \/>\n<meta property=\"og:url\" content=\"https:\/\/truusk.store\/sv\/produkt\/truusk-sidobord-3-steg-med-laddningsstation-tygforvaringsvaska-hylla-naturligt-tra-50x50x551-cm\/\" \/>\n<meta property=\"og:site_name\" content=\"TRUUSK - Hem, Tr\u00e4dg\u00e5rd &amp; Fritid\" \/>\n<meta property=\"article:modified_time\" content=\"2026-03-12T07:48:44+00:00\" \/>\n<meta property=\"og:image\" content=\"https:\/\/i0.wp.com\/truusk.se\/wp-content\/uploads\/2025\/11\/sidobord-3-stegs-soffbord-med-laddningsstation-tygforvaringsvaska-hylla-50x50x551-cm-naturligt-tra-1.webp?fit=2000%2C2000&ssl=1\" \/>\n\t<meta property=\"og:image:width\" content=\"2000\" \/>\n\t<meta property=\"og:image:height\" content=\"2000\" \/>\n\t<meta property=\"og:image:type\" content=\"image\/webp\" \/>\n<meta name=\"twitter:card\" content=\"summary_large_image\" \/>\n<meta name=\"twitter:label1\" content=\"Ber\u00e4knad l\u00e4stid\" \/>\n\t<meta name=\"twitter:data1\" content=\"1 minut\" \/>\n<!-- \/ Yoast SEO plugin. -->","yoast_head_json":{"title":"TRUUSK Sidobord 3 Steg Med Laddningsstation - Tygf\u00f6rvaringsv\u00e4ska - Hylla - Naturligt Tr\u00e4 - 50x50x55,1 cm - TRUUSK - Hem, Tr\u00e4dg\u00e5rd &amp; Fritid","robots":{"index":"index","follow":"follow","max-snippet":"max-snippet:-1","max-image-preview":"max-image-preview:large","max-video-preview":"max-video-preview:-1"},"canonical":"https:\/\/truusk.store\/sv\/produkt\/truusk-sidobord-3-steg-med-laddningsstation-tygforvaringsvaska-hylla-naturligt-tra-50x50x551-cm\/","og_locale":"sv_SE","og_type":"article","og_title":"TRUUSK Sidobord 3 Steg Med Laddningsstation - Tygf\u00f6rvaringsv\u00e4ska - Hylla - Naturligt Tr\u00e4 - 50x50x55,1 cm - TRUUSK - Hem, Tr\u00e4dg\u00e5rd &amp; Fritid","og_description":"St\u00f6rd av st\u00e4ndig jakt p\u00e5 uttag och kaos? Denna r\u00f6ra g\u00f6r det sv\u00e5rt att slappna av, s\u00e4rskilt med oro f\u00f6r...","og_url":"https:\/\/truusk.store\/sv\/produkt\/truusk-sidobord-3-steg-med-laddningsstation-tygforvaringsvaska-hylla-naturligt-tra-50x50x551-cm\/","og_site_name":"TRUUSK - Hem, Tr\u00e4dg\u00e5rd &amp; Fritid","article_modified_time":"2026-03-12T07:48:44+00:00","og_image":[{"width":2000,"height":2000,"url":"https:\/\/i0.wp.com\/truusk.se\/wp-content\/uploads\/2025\/11\/sidobord-3-stegs-soffbord-med-laddningsstation-tygforvaringsvaska-hylla-50x50x551-cm-naturligt-tra-1.webp?fit=2000%2C2000&ssl=1","type":"image\/webp"}],"twitter_card":"summary_large_image","twitter_misc":{"Ber\u00e4knad l\u00e4stid":"1 minut"},"schema":{"@context":"https:\/\/schema.org","@graph":[{"@type":"WebPage","@id":"https:\/\/truusk.store\/sv\/produkt\/truusk-sidobord-3-steg-med-laddningsstation-tygforvaringsvaska-hylla-naturligt-tra-50x50x551-cm\/","url":"https:\/\/truusk.store\/sv\/produkt\/truusk-sidobord-3-steg-med-laddningsstation-tygforvaringsvaska-hylla-naturligt-tra-50x50x551-cm\/","name":"TRUUSK Sidobord 3 Steg Med Laddningsstation - Tygf\u00f6rvaringsv\u00e4ska - Hylla - Naturligt Tr\u00e4 - 50x50x55,1 cm - TRUUSK - Hem, Tr\u00e4dg\u00e5rd &amp; Fritid","isPartOf":{"@id":"https:\/\/truusk.store\/sv\/#website"},"primaryImageOfPage":{"@id":"https:\/\/truusk.store\/sv\/produkt\/truusk-sidobord-3-steg-med-laddningsstation-tygforvaringsvaska-hylla-naturligt-tra-50x50x551-cm\/#primaryimage"},"image":{"@id":"https:\/\/truusk.store\/sv\/produkt\/truusk-sidobord-3-steg-med-laddningsstation-tygforvaringsvaska-hylla-naturligt-tra-50x50x551-cm\/#primaryimage"},"thumbnailUrl":"https:\/\/i0.wp.com\/truusk.store\/wp-content\/uploads\/2025\/11\/sidobord-3-stegs-soffbord-med-laddningsstation-tygforvaringsvaska-hylla-50x50x551-cm-naturligt-tra-1.webp?fit=2000%2C2000&ssl=1","datePublished":"2025-11-10T12:28:16+00:00","dateModified":"2026-03-12T07:48:44+00:00","breadcrumb":{"@id":"https:\/\/truusk.store\/sv\/produkt\/truusk-sidobord-3-steg-med-laddningsstation-tygforvaringsvaska-hylla-naturligt-tra-50x50x551-cm\/#breadcrumb"},"inLanguage":"sv-SE","potentialAction":[{"@type":"ReadAction","target":["https:\/\/truusk.store\/sv\/produkt\/truusk-sidobord-3-steg-med-laddningsstation-tygforvaringsvaska-hylla-naturligt-tra-50x50x551-cm\/"]}]},{"@type":"ImageObject","inLanguage":"sv-SE","@id":"https:\/\/truusk.store\/sv\/produkt\/truusk-sidobord-3-steg-med-laddningsstation-tygforvaringsvaska-hylla-naturligt-tra-50x50x551-cm\/#primaryimage","url":"https:\/\/i0.wp.com\/truusk.store\/wp-content\/uploads\/2025\/11\/sidobord-3-stegs-soffbord-med-laddningsstation-tygforvaringsvaska-hylla-50x50x551-cm-naturligt-tra-1.webp?fit=2000%2C2000&ssl=1","contentUrl":"https:\/\/i0.wp.com\/truusk.store\/wp-content\/uploads\/2025\/11\/sidobord-3-stegs-soffbord-med-laddningsstation-tygforvaringsvaska-hylla-50x50x551-cm-naturligt-tra-1.webp?fit=2000%2C2000&ssl=1","width":2000,"height":2000},{"@type":"BreadcrumbList","@id":"https:\/\/truusk.store\/sv\/produkt\/truusk-sidobord-3-steg-med-laddningsstation-tygforvaringsvaska-hylla-naturligt-tra-50x50x551-cm\/#breadcrumb","itemListElement":[{"@type":"ListItem","position":1,"name":"Home","item":"https:\/\/truusk.store\/sv\/"},{"@type":"ListItem","position":2,"name":"Shop","item":"https:\/\/truusk.store\/shop\/"},{"@type":"ListItem","position":3,"name":"TRUUSK Sidobord 3 Steg Med Laddningsstation &#8211; Tygf\u00f6rvaringsv\u00e4ska &#8211; Hylla &#8211; Naturligt Tr\u00e4 &#8211; 50x50x55,1 cm"}]},{"@type":"WebSite","@id":"https:\/\/truusk.store\/sv\/#website","url":"https:\/\/truusk.store\/sv\/","name":"TRUUSK - Hem, Tr\u00e4dg\u00e5rd & Fritid","description":"","publisher":{"@id":"https:\/\/truusk.store\/sv\/#organization"},"potentialAction":[{"@type":"SearchAction","target":{"@type":"EntryPoint","urlTemplate":"https:\/\/truusk.store\/sv\/?s={search_term_string}"},"query-input":{"@type":"PropertyValueSpecification","valueRequired":true,"valueName":"search_term_string"}}],"inLanguage":"sv-SE"},{"@type":"Organization","@id":"https:\/\/truusk.store\/sv\/#organization","name":"TRUUSK - Hem, Tr\u00e4dg\u00e5rd & Fritid","url":"https:\/\/truusk.store\/sv\/","logo":{"@type":"ImageObject","inLanguage":"sv-SE","@id":"https:\/\/truusk.store\/sv\/#\/schema\/logo\/image\/","url":"https:\/\/i0.wp.com\/truusk.store\/wp-content\/uploads\/2026\/03\/cropped-TRUUSK.png?fit=2032%2C917&ssl=1","contentUrl":"https:\/\/i0.wp.com\/truusk.store\/wp-content\/uploads\/2026\/03\/cropped-TRUUSK.png?fit=2032%2C917&ssl=1","width":2032,"height":917,"caption":"TRUUSK - Hem, Tr\u00e4dg\u00e5rd & Fritid"},"image":{"@id":"https:\/\/truusk.store\/sv\/#\/schema\/logo\/image\/"}}]}},"jetpack_sharing_enabled":true,"_links":{"self":[{"href":"https:\/\/truusk.store\/sv\/wp-json\/wp\/v2\/product\/95121","targetHints":{"allow":["GET"]}}],"collection":[{"href":"https:\/\/truusk.store\/sv\/wp-json\/wp\/v2\/product"}],"about":[{"href":"https:\/\/truusk.store\/sv\/wp-json\/wp\/v2\/types\/product"}],"wp:featuredmedia":[{"embeddable":true,"href":"https:\/\/truusk.store\/sv\/wp-json\/wp\/v2\/media\/95111"}],"wp:attachment":[{"href":"https:\/\/truusk.store\/sv\/wp-json\/wp\/v2\/media?parent=95121"}],"wp:term":[{"taxonomy":"product_brand","embeddable":true,"href":"https:\/\/truusk.store\/sv\/wp-json\/wp\/v2\/product_brand?post=95121"},{"taxonomy":"product_cat","embeddable":true,"href":"https:\/\/truusk.store\/sv\/wp-json\/wp\/v2\/product_cat?post=95121"},{"taxonomy":"product_tag","embeddable":true,"href":"https:\/\/truusk.store\/sv\/wp-json\/wp\/v2\/product_tag?post=95121"}],"curies":[{"name":"wp","href":"https:\/\/api.w.org\/{rel}","templated":true}]}}