{"id":95151,"date":"2025-11-10T13:31:05","date_gmt":"2025-11-10T12:31:05","guid":{"rendered":"https:\/\/truusk.store\/product\/aiyaplay-barnbyggfordon-sittbil-for-barn-fjarrkontroll-manuell-styrning-bluetoothmusikfunktion-3-6-ar-plast-stal-gul\/"},"modified":"2026-03-12T08:48:59","modified_gmt":"2026-03-12T07:48:59","slug":"truusk-barnbyggfordon-fjarrkontroll-bluetooth-musik-for-barn-3-6-ar-gul","status":"publish","type":"product","link":"https:\/\/truusk.store\/sv\/produkt\/truusk-barnbyggfordon-fjarrkontroll-bluetooth-musik-for-barn-3-6-ar-gul\/","title":{"rendered":"TRUUSK Barnbyggfordon &#8211; Fj\u00e4rrkontroll &#8211; Bluetooth Musik &#8211; F\u00f6r Barn 3-6 \u00e5r &#8211; Gul"},"content":{"rendered":"<p>Med AIYAPLAY barnens elektriska bil \u00e4r stor k\u00f6r- och byggkul garanterad. Barnens elektriska bil \u00e4r utrustad med tv\u00e5 motorer f\u00f6r olika underlag och med dubbelstyrning s\u00e5 att \u00e4ven f\u00f6r\u00e4ldrar kan delta. Officiellt licensierad av CAT, ger barnens elektriska bil sp\u00e4nnande upplevelser och s\u00e4kerhet vid lek.<\/p>\n<p>Beskrivning:<\/p>\n<ul>\n<li> Officiellt licensierad av CAT, erbjuder en autentisk och rolig k\u00f6rupplevelse<\/li>\n<li> Har en knappstart och v\u00e4xling f\u00f6r en realistisk k\u00f6rk\u00e4nsla<\/li>\n<li> Dubbla styrningsl\u00e4gen f\u00f6r barnens elektriska bil m\u00f6jligg\u00f6r b\u00e5de k\u00f6rning av barn och fj\u00e4rrstyrning av f\u00f6r\u00e4ldrar<\/li>\n<li> Kraftfulla dubbla 45W-motorer i barnens elektriska bil klarar olika terr\u00e4ngtyper<\/li>\n<li> Bakre hjul med st\u00f6td\u00e4mpning ger en mjuk \u00e5ktur p\u00e5 oj\u00e4mna ytor<\/li>\n<li> Den mjuka startfunktionen p\u00e5 barnens elektriska bil f\u00f6rhindrar pl\u00f6tsliga accelerationer och garanterar ditt barns s\u00e4kerhet<\/li>\n<li> Inbyggd Bluetooth och USB-port i barnens elektriska bil m\u00f6jligg\u00f6r uppspelning av ditt barns favoritmusik<\/li>\n<li> Montering kr\u00e4vs<\/li>\n<\/ul>\n<p> Tekniska data:<\/p>\n<ul>\n<li> F\u00e4rg: Gul<\/li>\n<li> Material: Plast, st\u00e5l<\/li>\n<li> Totala dimensioner: 100L x 63B x 56H cm<\/li>\n<li> Sitsstorlek: 20,5B x 32,5T cm<\/li>\n<li> Sitth\u00f6jd: 30 cm<\/li>\n<li> Hjulstorlek: \u00d824,7 cm (fram), \u00d829,7 cm (bak)<\/li>\n<li> Batteri: 12 V 4,5 Ah<\/li>\n<li> Motor: 2 x 12 V, 45 W<\/li>\n<li> Fj\u00e4rrstyrningsavst\u00e5nd: 20 m<\/li>\n<li> Laddningstid: 12 timmar (f\u00f6rsta g\u00e5ngen), 9-10 timmar (regelbundet)<\/li>\n<li> Anv\u00e4ndningstid: 60 minuter<\/li>\n<li> L\u00e4mplig \u00e5lder: 3-6 \u00e5r<\/li>\n<\/ul>\n<p>Leveransinneh\u00e5ll:<\/p>\n<ul>\n<li> 1 x Ride-on byggfordon<\/li>\n<li> 1 x Fj\u00e4rrkontroll<\/li>\n<li> 1 x Bruksanvisning<\/li>\n<\/ul>\n","protected":false},"excerpt":{"rendered":"<p>Med AIYAPLAY barnens elektriska bil \u00e4r stor k\u00f6r- och byggkul garanterad. Barnens elektriska bil \u00e4r utrustad med tv\u00e5 motorer f\u00f6r&#8230;<\/p>\n","protected":false},"featured_media":95141,"template":"","meta":[],"product_brand":[],"product_cat":[880,610,1066],"product_tag":[],"class_list":{"0":"post-95151","1":"product","2":"type-product","3":"status-publish","4":"has-post-thumbnail","6":"product_cat-baby-barn-2","7":"product_cat-barnfordon","8":"product_cat-barns-elbilar","10":"first","11":"instock","12":"sale","13":"taxable","14":"shipping-taxable","15":"purchasable","16":"product-type-simple"},"yoast_head":"<!-- This site is optimized with the Yoast SEO plugin v25.4 - https:\/\/yoast.com\/wordpress\/plugins\/seo\/ -->\n<title>TRUUSK Barnbyggfordon - Fj\u00e4rrkontroll - Bluetooth Musik - F\u00f6r Barn 3-6 \u00e5r - Gul - TRUUSK - Hem, Tr\u00e4dg\u00e5rd &amp; Fritid<\/title>\n<meta name=\"robots\" content=\"index, follow, max-snippet:-1, max-image-preview:large, max-video-preview:-1\" \/>\n<link rel=\"canonical\" href=\"https:\/\/truusk.store\/sv\/produkt\/truusk-barnbyggfordon-fjarrkontroll-bluetooth-musik-for-barn-3-6-ar-gul\/\" \/>\n<meta property=\"og:locale\" content=\"sv_SE\" \/>\n<meta property=\"og:type\" content=\"article\" \/>\n<meta property=\"og:title\" content=\"TRUUSK Barnbyggfordon - Fj\u00e4rrkontroll - Bluetooth Musik - F\u00f6r Barn 3-6 \u00e5r - Gul - TRUUSK - Hem, Tr\u00e4dg\u00e5rd &amp; Fritid\" \/>\n<meta property=\"og:description\" content=\"Med AIYAPLAY barnens elektriska bil \u00e4r stor k\u00f6r- och byggkul garanterad. Barnens elektriska bil \u00e4r utrustad med tv\u00e5 motorer f\u00f6r...\" \/>\n<meta property=\"og:url\" content=\"https:\/\/truusk.store\/sv\/produkt\/truusk-barnbyggfordon-fjarrkontroll-bluetooth-musik-for-barn-3-6-ar-gul\/\" \/>\n<meta property=\"og:site_name\" content=\"TRUUSK - Hem, Tr\u00e4dg\u00e5rd &amp; Fritid\" \/>\n<meta property=\"article:modified_time\" content=\"2026-03-12T07:48:59+00:00\" \/>\n<meta property=\"og:image\" content=\"https:\/\/i0.wp.com\/truusk.se\/wp-content\/uploads\/2025\/11\/aiyaplay-barnbyggfordon-sittbil-for-barn-fjarrkontroll-manuell-styrning-bluetoothmusikfunktion-3-6-ar-plast-stal-gul-1.webp?fit=2000%2C2000&ssl=1\" \/>\n\t<meta property=\"og:image:width\" content=\"2000\" \/>\n\t<meta property=\"og:image:height\" content=\"2000\" \/>\n\t<meta property=\"og:image:type\" content=\"image\/webp\" \/>\n<meta name=\"twitter:card\" content=\"summary_large_image\" \/>\n<meta name=\"twitter:label1\" content=\"Ber\u00e4knad l\u00e4stid\" \/>\n\t<meta name=\"twitter:data1\" content=\"1 minut\" \/>\n<!-- \/ Yoast SEO plugin. -->","yoast_head_json":{"title":"TRUUSK Barnbyggfordon - Fj\u00e4rrkontroll - Bluetooth Musik - F\u00f6r Barn 3-6 \u00e5r - Gul - TRUUSK - Hem, Tr\u00e4dg\u00e5rd &amp; Fritid","robots":{"index":"index","follow":"follow","max-snippet":"max-snippet:-1","max-image-preview":"max-image-preview:large","max-video-preview":"max-video-preview:-1"},"canonical":"https:\/\/truusk.store\/sv\/produkt\/truusk-barnbyggfordon-fjarrkontroll-bluetooth-musik-for-barn-3-6-ar-gul\/","og_locale":"sv_SE","og_type":"article","og_title":"TRUUSK Barnbyggfordon - Fj\u00e4rrkontroll - Bluetooth Musik - F\u00f6r Barn 3-6 \u00e5r - Gul - TRUUSK - Hem, Tr\u00e4dg\u00e5rd &amp; Fritid","og_description":"Med AIYAPLAY barnens elektriska bil \u00e4r stor k\u00f6r- och byggkul garanterad. Barnens elektriska bil \u00e4r utrustad med tv\u00e5 motorer f\u00f6r...","og_url":"https:\/\/truusk.store\/sv\/produkt\/truusk-barnbyggfordon-fjarrkontroll-bluetooth-musik-for-barn-3-6-ar-gul\/","og_site_name":"TRUUSK - Hem, Tr\u00e4dg\u00e5rd &amp; Fritid","article_modified_time":"2026-03-12T07:48:59+00:00","og_image":[{"width":2000,"height":2000,"url":"https:\/\/i0.wp.com\/truusk.se\/wp-content\/uploads\/2025\/11\/aiyaplay-barnbyggfordon-sittbil-for-barn-fjarrkontroll-manuell-styrning-bluetoothmusikfunktion-3-6-ar-plast-stal-gul-1.webp?fit=2000%2C2000&ssl=1","type":"image\/webp"}],"twitter_card":"summary_large_image","twitter_misc":{"Ber\u00e4knad l\u00e4stid":"1 minut"},"schema":{"@context":"https:\/\/schema.org","@graph":[{"@type":"WebPage","@id":"https:\/\/truusk.store\/sv\/produkt\/truusk-barnbyggfordon-fjarrkontroll-bluetooth-musik-for-barn-3-6-ar-gul\/","url":"https:\/\/truusk.store\/sv\/produkt\/truusk-barnbyggfordon-fjarrkontroll-bluetooth-musik-for-barn-3-6-ar-gul\/","name":"TRUUSK Barnbyggfordon - Fj\u00e4rrkontroll - Bluetooth Musik - F\u00f6r Barn 3-6 \u00e5r - Gul - TRUUSK - Hem, Tr\u00e4dg\u00e5rd &amp; Fritid","isPartOf":{"@id":"https:\/\/truusk.store\/sv\/#website"},"primaryImageOfPage":{"@id":"https:\/\/truusk.store\/sv\/produkt\/truusk-barnbyggfordon-fjarrkontroll-bluetooth-musik-for-barn-3-6-ar-gul\/#primaryimage"},"image":{"@id":"https:\/\/truusk.store\/sv\/produkt\/truusk-barnbyggfordon-fjarrkontroll-bluetooth-musik-for-barn-3-6-ar-gul\/#primaryimage"},"thumbnailUrl":"https:\/\/i0.wp.com\/truusk.store\/wp-content\/uploads\/2025\/11\/aiyaplay-barnbyggfordon-sittbil-for-barn-fjarrkontroll-manuell-styrning-bluetoothmusikfunktion-3-6-ar-plast-stal-gul-1.webp?fit=2000%2C2000&ssl=1","datePublished":"2025-11-10T12:31:05+00:00","dateModified":"2026-03-12T07:48:59+00:00","breadcrumb":{"@id":"https:\/\/truusk.store\/sv\/produkt\/truusk-barnbyggfordon-fjarrkontroll-bluetooth-musik-for-barn-3-6-ar-gul\/#breadcrumb"},"inLanguage":"sv-SE","potentialAction":[{"@type":"ReadAction","target":["https:\/\/truusk.store\/sv\/produkt\/truusk-barnbyggfordon-fjarrkontroll-bluetooth-musik-for-barn-3-6-ar-gul\/"]}]},{"@type":"ImageObject","inLanguage":"sv-SE","@id":"https:\/\/truusk.store\/sv\/produkt\/truusk-barnbyggfordon-fjarrkontroll-bluetooth-musik-for-barn-3-6-ar-gul\/#primaryimage","url":"https:\/\/i0.wp.com\/truusk.store\/wp-content\/uploads\/2025\/11\/aiyaplay-barnbyggfordon-sittbil-for-barn-fjarrkontroll-manuell-styrning-bluetoothmusikfunktion-3-6-ar-plast-stal-gul-1.webp?fit=2000%2C2000&ssl=1","contentUrl":"https:\/\/i0.wp.com\/truusk.store\/wp-content\/uploads\/2025\/11\/aiyaplay-barnbyggfordon-sittbil-for-barn-fjarrkontroll-manuell-styrning-bluetoothmusikfunktion-3-6-ar-plast-stal-gul-1.webp?fit=2000%2C2000&ssl=1","width":2000,"height":2000},{"@type":"BreadcrumbList","@id":"https:\/\/truusk.store\/sv\/produkt\/truusk-barnbyggfordon-fjarrkontroll-bluetooth-musik-for-barn-3-6-ar-gul\/#breadcrumb","itemListElement":[{"@type":"ListItem","position":1,"name":"Home","item":"https:\/\/truusk.store\/sv\/"},{"@type":"ListItem","position":2,"name":"Shop","item":"https:\/\/truusk.store\/shop\/"},{"@type":"ListItem","position":3,"name":"TRUUSK Barnbyggfordon &#8211; Fj\u00e4rrkontroll &#8211; Bluetooth Musik &#8211; F\u00f6r Barn 3-6 \u00e5r &#8211; Gul"}]},{"@type":"WebSite","@id":"https:\/\/truusk.store\/sv\/#website","url":"https:\/\/truusk.store\/sv\/","name":"TRUUSK - Hem, Tr\u00e4dg\u00e5rd & Fritid","description":"","publisher":{"@id":"https:\/\/truusk.store\/sv\/#organization"},"potentialAction":[{"@type":"SearchAction","target":{"@type":"EntryPoint","urlTemplate":"https:\/\/truusk.store\/sv\/?s={search_term_string}"},"query-input":{"@type":"PropertyValueSpecification","valueRequired":true,"valueName":"search_term_string"}}],"inLanguage":"sv-SE"},{"@type":"Organization","@id":"https:\/\/truusk.store\/sv\/#organization","name":"TRUUSK - Hem, Tr\u00e4dg\u00e5rd & Fritid","url":"https:\/\/truusk.store\/sv\/","logo":{"@type":"ImageObject","inLanguage":"sv-SE","@id":"https:\/\/truusk.store\/sv\/#\/schema\/logo\/image\/","url":"https:\/\/i0.wp.com\/truusk.store\/wp-content\/uploads\/2026\/03\/cropped-TRUUSK.png?fit=2032%2C917&ssl=1","contentUrl":"https:\/\/i0.wp.com\/truusk.store\/wp-content\/uploads\/2026\/03\/cropped-TRUUSK.png?fit=2032%2C917&ssl=1","width":2032,"height":917,"caption":"TRUUSK - Hem, Tr\u00e4dg\u00e5rd & Fritid"},"image":{"@id":"https:\/\/truusk.store\/sv\/#\/schema\/logo\/image\/"}}]}},"jetpack_sharing_enabled":true,"_links":{"self":[{"href":"https:\/\/truusk.store\/sv\/wp-json\/wp\/v2\/product\/95151","targetHints":{"allow":["GET"]}}],"collection":[{"href":"https:\/\/truusk.store\/sv\/wp-json\/wp\/v2\/product"}],"about":[{"href":"https:\/\/truusk.store\/sv\/wp-json\/wp\/v2\/types\/product"}],"wp:featuredmedia":[{"embeddable":true,"href":"https:\/\/truusk.store\/sv\/wp-json\/wp\/v2\/media\/95141"}],"wp:attachment":[{"href":"https:\/\/truusk.store\/sv\/wp-json\/wp\/v2\/media?parent=95151"}],"wp:term":[{"taxonomy":"product_brand","embeddable":true,"href":"https:\/\/truusk.store\/sv\/wp-json\/wp\/v2\/product_brand?post=95151"},{"taxonomy":"product_cat","embeddable":true,"href":"https:\/\/truusk.store\/sv\/wp-json\/wp\/v2\/product_cat?post=95151"},{"taxonomy":"product_tag","embeddable":true,"href":"https:\/\/truusk.store\/sv\/wp-json\/wp\/v2\/product_tag?post=95151"}],"curies":[{"name":"wp","href":"https:\/\/api.w.org\/{rel}","templated":true}]}}