{"id":95181,"date":"2025-11-10T13:34:19","date_gmt":"2025-11-10T12:34:19","guid":{"rendered":"https:\/\/truusk.store\/product\/barbara-solpanel-36w-snabbladdning-vattentat-hopfallbar-laddare-gra\/"},"modified":"2026-03-12T08:49:04","modified_gmt":"2026-03-12T07:49:04","slug":"truusk-hopfallbar-solpanel-36w-snabbladdning-vattentat-barbar-laddare-gra","status":"publish","type":"product","link":"https:\/\/truusk.store\/sv\/produkt\/truusk-hopfallbar-solpanel-36w-snabbladdning-vattentat-barbar-laddare-gra\/","title":{"rendered":"TRUUSK Hopf\u00e4llbar Solpanel, 36W Snabbladdning &#8211; Vattent\u00e4t &#8211; B\u00e4rbar Laddare &#8211; Gr\u00e5"},"content":{"rendered":"<p>St\u00f6rd f\u00f6r att din mobiltelefon d\u00f6r mitt under en vandring och l\u00e4mnar dig utan karta eller kamera? R\u00e4dslan f\u00f6r en ov\u00e4ntad regnskur kan vara st\u00f6rande. TRUUSKs hopf\u00e4llbara solpanel \u00e4r l\u00f6sningen. Denna IP67 vattent\u00e4ta, b\u00e4rbara solpanel laddar snabbt dina enheter under solinstr\u00e5lning. Tack vare den fj\u00e4derl\u00e4tta designen p\u00e5 solmodulen, som kan kl\u00e4mmas fast p\u00e5 din ryggs\u00e4ck, har du h\u00e4nderna fria och kan njuta av naturen utan bekymmer.<\/p>\n<p>Beskrivning:<\/p>\n<ul>\n<li> Erbjuder 36 W snabbladdning med typ-C och USB-A och eliminerar d\u00e4rmed din r\u00e4dsla f\u00f6r str\u00f6mavbrott utomhus<\/li>\n<li> Har en IP67-vattent\u00e4thetsklassificering, vilket garanterar h\u00e5llbarhet i regn eller dammiga f\u00f6rh\u00e5llanden<\/li>\n<li> Denna solmodul viks kompakt som en tidskrift och kan enkelt f\u00e4stas p\u00e5 din ryggs\u00e4ck f\u00f6r att laddas<\/li>\n<li> Inneh\u00e5ller en typ-C-kontakt och adapter, laddar alla dina enheter med bara en solpanel<\/li>\n<li> Robust ETFE-yta motst\u00e5r slitage och garanterar l\u00e5ngvarig h\u00f6g omvandlingseffektivitet<\/li>\n<li> Ljus orange anslutningsbox \u00e4r l\u00e4tt att se och hitta i vildmarken<\/li>\n<li> Kommer som ett komplett set med karbinhakar<\/li>\n<li> Montering kr\u00e4vs<\/li>\n<\/ul>\n<p> Tekniska data:<\/p>\n<ul>\n<li> F\u00e4rg: Gr\u00e5+Orange<\/li>\n<li> Material: ETFE, EVA, monokristallint kisel, FR4-platta, vattent\u00e4tt tyg<\/li>\n<li> Totala dimensioner: 89,8L x 27,9B x 1T cm<\/li>\n<li> Hopf\u00e4lld storlek: 27,9L x 20B x 3,05H cm<\/li>\n<li> Maximal effekt: 36 W<\/li>\n<li> Driftsp\u00e4nning: 13,2 V<\/li>\n<li> Antal chip: 24 st.<\/li>\n<li> Utg\u00e5ngskontakt: 1 x typ-C (5V\/3A max, 9V\/3A max, 12V\/2,5A max)<\/li>\n<li> Vattent\u00e4thetsklass: IP67<\/li>\n<li> Lagringstemperatur: 10-35 \u2103<\/li>\n<li> Lagringsfuktighet: \u2264 60 %<\/li>\n<li> Driftstemperatur: -10 till +60 \u2103<\/li>\n<\/ul>\n<p>Leveransinneh\u00e5ll:<\/p>\n<ul>\n<li> 1 x b\u00e4rbar solpanel<\/li>\n<li> 1 x b\u00e4rv\u00e4ska<\/li>\n<li> 1 x TYPE-C till USB-A adapter<\/li>\n<li> 2 x karbinhakar<\/li>\n<li> 1 x bruksanvisning<\/li>\n<\/ul>\n","protected":false},"excerpt":{"rendered":"<p>St\u00f6rd f\u00f6r att din mobiltelefon d\u00f6r mitt under en vandring och l\u00e4mnar dig utan karta eller kamera? R\u00e4dslan f\u00f6r en&#8230;<\/p>\n","protected":false},"featured_media":95171,"template":"","meta":[],"product_brand":[],"product_cat":[648,647],"product_tag":[],"class_list":{"0":"post-95181","1":"product","2":"type-product","3":"status-publish","4":"has-post-thumbnail","6":"product_cat-camping-tillbehor","7":"product_cat-sport-fritid","9":"first","10":"instock","11":"sale","12":"taxable","13":"shipping-taxable","14":"purchasable","15":"product-type-simple"},"yoast_head":"<!-- This site is optimized with the Yoast SEO plugin v25.4 - https:\/\/yoast.com\/wordpress\/plugins\/seo\/ -->\n<title>TRUUSK Hopf\u00e4llbar Solpanel, 36W Snabbladdning - Vattent\u00e4t - B\u00e4rbar Laddare - Gr\u00e5 - TRUUSK - Hem, Tr\u00e4dg\u00e5rd &amp; Fritid<\/title>\n<meta name=\"robots\" content=\"index, follow, max-snippet:-1, max-image-preview:large, max-video-preview:-1\" \/>\n<link rel=\"canonical\" href=\"https:\/\/truusk.store\/sv\/produkt\/truusk-hopfallbar-solpanel-36w-snabbladdning-vattentat-barbar-laddare-gra\/\" \/>\n<meta property=\"og:locale\" content=\"sv_SE\" \/>\n<meta property=\"og:type\" content=\"article\" \/>\n<meta property=\"og:title\" content=\"TRUUSK Hopf\u00e4llbar Solpanel, 36W Snabbladdning - Vattent\u00e4t - B\u00e4rbar Laddare - Gr\u00e5 - TRUUSK - Hem, Tr\u00e4dg\u00e5rd &amp; Fritid\" \/>\n<meta property=\"og:description\" content=\"St\u00f6rd f\u00f6r att din mobiltelefon d\u00f6r mitt under en vandring och l\u00e4mnar dig utan karta eller kamera? R\u00e4dslan f\u00f6r en...\" \/>\n<meta property=\"og:url\" content=\"https:\/\/truusk.store\/sv\/produkt\/truusk-hopfallbar-solpanel-36w-snabbladdning-vattentat-barbar-laddare-gra\/\" \/>\n<meta property=\"og:site_name\" content=\"TRUUSK - Hem, Tr\u00e4dg\u00e5rd &amp; Fritid\" \/>\n<meta property=\"article:modified_time\" content=\"2026-03-12T07:49:04+00:00\" \/>\n<meta property=\"og:image\" content=\"https:\/\/i0.wp.com\/truusk.se\/wp-content\/uploads\/2025\/11\/barbara-solpanel-36w-snabbladdning-vattentat-hopfallbar-laddare-gra-1.webp?fit=2000%2C2000&ssl=1\" \/>\n\t<meta property=\"og:image:width\" content=\"2000\" \/>\n\t<meta property=\"og:image:height\" content=\"2000\" \/>\n\t<meta property=\"og:image:type\" content=\"image\/webp\" \/>\n<meta name=\"twitter:card\" content=\"summary_large_image\" \/>\n<meta name=\"twitter:label1\" content=\"Ber\u00e4knad l\u00e4stid\" \/>\n\t<meta name=\"twitter:data1\" content=\"1 minut\" \/>\n<!-- \/ Yoast SEO plugin. -->","yoast_head_json":{"title":"TRUUSK Hopf\u00e4llbar Solpanel, 36W Snabbladdning - Vattent\u00e4t - B\u00e4rbar Laddare - Gr\u00e5 - TRUUSK - Hem, Tr\u00e4dg\u00e5rd &amp; Fritid","robots":{"index":"index","follow":"follow","max-snippet":"max-snippet:-1","max-image-preview":"max-image-preview:large","max-video-preview":"max-video-preview:-1"},"canonical":"https:\/\/truusk.store\/sv\/produkt\/truusk-hopfallbar-solpanel-36w-snabbladdning-vattentat-barbar-laddare-gra\/","og_locale":"sv_SE","og_type":"article","og_title":"TRUUSK Hopf\u00e4llbar Solpanel, 36W Snabbladdning - Vattent\u00e4t - B\u00e4rbar Laddare - Gr\u00e5 - TRUUSK - Hem, Tr\u00e4dg\u00e5rd &amp; Fritid","og_description":"St\u00f6rd f\u00f6r att din mobiltelefon d\u00f6r mitt under en vandring och l\u00e4mnar dig utan karta eller kamera? R\u00e4dslan f\u00f6r en...","og_url":"https:\/\/truusk.store\/sv\/produkt\/truusk-hopfallbar-solpanel-36w-snabbladdning-vattentat-barbar-laddare-gra\/","og_site_name":"TRUUSK - Hem, Tr\u00e4dg\u00e5rd &amp; Fritid","article_modified_time":"2026-03-12T07:49:04+00:00","og_image":[{"width":2000,"height":2000,"url":"https:\/\/i0.wp.com\/truusk.se\/wp-content\/uploads\/2025\/11\/barbara-solpanel-36w-snabbladdning-vattentat-hopfallbar-laddare-gra-1.webp?fit=2000%2C2000&ssl=1","type":"image\/webp"}],"twitter_card":"summary_large_image","twitter_misc":{"Ber\u00e4knad l\u00e4stid":"1 minut"},"schema":{"@context":"https:\/\/schema.org","@graph":[{"@type":"WebPage","@id":"https:\/\/truusk.store\/sv\/produkt\/truusk-hopfallbar-solpanel-36w-snabbladdning-vattentat-barbar-laddare-gra\/","url":"https:\/\/truusk.store\/sv\/produkt\/truusk-hopfallbar-solpanel-36w-snabbladdning-vattentat-barbar-laddare-gra\/","name":"TRUUSK Hopf\u00e4llbar Solpanel, 36W Snabbladdning - Vattent\u00e4t - B\u00e4rbar Laddare - Gr\u00e5 - TRUUSK - Hem, Tr\u00e4dg\u00e5rd &amp; Fritid","isPartOf":{"@id":"https:\/\/truusk.store\/sv\/#website"},"primaryImageOfPage":{"@id":"https:\/\/truusk.store\/sv\/produkt\/truusk-hopfallbar-solpanel-36w-snabbladdning-vattentat-barbar-laddare-gra\/#primaryimage"},"image":{"@id":"https:\/\/truusk.store\/sv\/produkt\/truusk-hopfallbar-solpanel-36w-snabbladdning-vattentat-barbar-laddare-gra\/#primaryimage"},"thumbnailUrl":"https:\/\/i0.wp.com\/truusk.store\/wp-content\/uploads\/2025\/11\/barbara-solpanel-36w-snabbladdning-vattentat-hopfallbar-laddare-gra-1.webp?fit=2000%2C2000&ssl=1","datePublished":"2025-11-10T12:34:19+00:00","dateModified":"2026-03-12T07:49:04+00:00","breadcrumb":{"@id":"https:\/\/truusk.store\/sv\/produkt\/truusk-hopfallbar-solpanel-36w-snabbladdning-vattentat-barbar-laddare-gra\/#breadcrumb"},"inLanguage":"sv-SE","potentialAction":[{"@type":"ReadAction","target":["https:\/\/truusk.store\/sv\/produkt\/truusk-hopfallbar-solpanel-36w-snabbladdning-vattentat-barbar-laddare-gra\/"]}]},{"@type":"ImageObject","inLanguage":"sv-SE","@id":"https:\/\/truusk.store\/sv\/produkt\/truusk-hopfallbar-solpanel-36w-snabbladdning-vattentat-barbar-laddare-gra\/#primaryimage","url":"https:\/\/i0.wp.com\/truusk.store\/wp-content\/uploads\/2025\/11\/barbara-solpanel-36w-snabbladdning-vattentat-hopfallbar-laddare-gra-1.webp?fit=2000%2C2000&ssl=1","contentUrl":"https:\/\/i0.wp.com\/truusk.store\/wp-content\/uploads\/2025\/11\/barbara-solpanel-36w-snabbladdning-vattentat-hopfallbar-laddare-gra-1.webp?fit=2000%2C2000&ssl=1","width":2000,"height":2000},{"@type":"BreadcrumbList","@id":"https:\/\/truusk.store\/sv\/produkt\/truusk-hopfallbar-solpanel-36w-snabbladdning-vattentat-barbar-laddare-gra\/#breadcrumb","itemListElement":[{"@type":"ListItem","position":1,"name":"Home","item":"https:\/\/truusk.store\/sv\/"},{"@type":"ListItem","position":2,"name":"Shop","item":"https:\/\/truusk.store\/shop\/"},{"@type":"ListItem","position":3,"name":"TRUUSK Hopf\u00e4llbar Solpanel, 36W Snabbladdning &#8211; Vattent\u00e4t &#8211; B\u00e4rbar Laddare &#8211; Gr\u00e5"}]},{"@type":"WebSite","@id":"https:\/\/truusk.store\/sv\/#website","url":"https:\/\/truusk.store\/sv\/","name":"TRUUSK - Hem, Tr\u00e4dg\u00e5rd & Fritid","description":"","publisher":{"@id":"https:\/\/truusk.store\/sv\/#organization"},"potentialAction":[{"@type":"SearchAction","target":{"@type":"EntryPoint","urlTemplate":"https:\/\/truusk.store\/sv\/?s={search_term_string}"},"query-input":{"@type":"PropertyValueSpecification","valueRequired":true,"valueName":"search_term_string"}}],"inLanguage":"sv-SE"},{"@type":"Organization","@id":"https:\/\/truusk.store\/sv\/#organization","name":"TRUUSK - Hem, Tr\u00e4dg\u00e5rd & Fritid","url":"https:\/\/truusk.store\/sv\/","logo":{"@type":"ImageObject","inLanguage":"sv-SE","@id":"https:\/\/truusk.store\/sv\/#\/schema\/logo\/image\/","url":"https:\/\/i0.wp.com\/truusk.store\/wp-content\/uploads\/2026\/03\/cropped-TRUUSK.png?fit=2032%2C917&ssl=1","contentUrl":"https:\/\/i0.wp.com\/truusk.store\/wp-content\/uploads\/2026\/03\/cropped-TRUUSK.png?fit=2032%2C917&ssl=1","width":2032,"height":917,"caption":"TRUUSK - Hem, Tr\u00e4dg\u00e5rd & Fritid"},"image":{"@id":"https:\/\/truusk.store\/sv\/#\/schema\/logo\/image\/"}}]}},"jetpack_sharing_enabled":true,"_links":{"self":[{"href":"https:\/\/truusk.store\/sv\/wp-json\/wp\/v2\/product\/95181","targetHints":{"allow":["GET"]}}],"collection":[{"href":"https:\/\/truusk.store\/sv\/wp-json\/wp\/v2\/product"}],"about":[{"href":"https:\/\/truusk.store\/sv\/wp-json\/wp\/v2\/types\/product"}],"wp:featuredmedia":[{"embeddable":true,"href":"https:\/\/truusk.store\/sv\/wp-json\/wp\/v2\/media\/95171"}],"wp:attachment":[{"href":"https:\/\/truusk.store\/sv\/wp-json\/wp\/v2\/media?parent=95181"}],"wp:term":[{"taxonomy":"product_brand","embeddable":true,"href":"https:\/\/truusk.store\/sv\/wp-json\/wp\/v2\/product_brand?post=95181"},{"taxonomy":"product_cat","embeddable":true,"href":"https:\/\/truusk.store\/sv\/wp-json\/wp\/v2\/product_cat?post=95181"},{"taxonomy":"product_tag","embeddable":true,"href":"https:\/\/truusk.store\/sv\/wp-json\/wp\/v2\/product_tag?post=95181"}],"curies":[{"name":"wp","href":"https:\/\/api.w.org\/{rel}","templated":true}]}}