{"id":95191,"date":"2025-11-10T13:35:08","date_gmt":"2025-11-10T12:35:08","guid":{"rendered":"https:\/\/truusk.store\/product\/husdjursstangsel-6-panelbarriar-med-dorr-hopfallbar-for-sma-medelstora-hundar-plast-kolstal-vit\/"},"modified":"2026-03-12T08:49:04","modified_gmt":"2026-03-12T07:49:04","slug":"truusk-husdjursstangsel-med-dorr-6-panelbarriar-hopfallbar-for-sma-medelstora-hundar-vit","status":"publish","type":"product","link":"https:\/\/truusk.store\/sv\/produkt\/truusk-husdjursstangsel-med-dorr-6-panelbarriar-hopfallbar-for-sma-medelstora-hundar-vit\/","title":{"rendered":"TRUUSK Husdjursst\u00e4ngsel med D\u00f6rr &#8211; 6-panelbarri\u00e4r &#8211; Hopf\u00e4llbar &#8211; F\u00f6r Sm\u00e5 &amp; Medelstora Hundar &#8211; Vit"},"content":{"rendered":"<p>\u00c4r det en utmaning att h\u00e5lla ditt hem s\u00e4kert med livliga barn och ett nyfiket husdjur? TRUUSK valphage ger dig lugnet tillbaka. Tack vare robusta, justerbara paneler skapas en s\u00e4ker barri\u00e4r, och valphagens bekv\u00e4ma enhandsgate m\u00f6jligg\u00f6r problemfri passage, samtidigt som s\u00e4kerheten f\u00f6r husdjur och barn garanteras.<\/p>\n<p>Beskrivning:<\/p>\n<ul>\n<li> Har sex konfigurerbara paneler, l\u00e4mpliga f\u00f6r trappor, d\u00f6rrar eller som en hage<\/li>\n<li> Tillverkad av robust kolst\u00e5l och med halkfria f\u00f6tter f\u00f6r p\u00e5litlig stabilitet<\/li>\n<li> Valphagens genomg\u00e5ngsd\u00f6rr har ett dubbelt l\u00e5s och kan l\u00e4tt \u00f6ppnas med bara en hand<\/li>\n<li> D\u00f6rren till valphagen sv\u00e4nger 180\u00b0, st\u00e4nger automatiskt f\u00f6r s\u00e4kerhet eller f\u00f6rblir \u00f6ppen f\u00f6r bekv\u00e4mlighet<\/li>\n<li> Med en h\u00f6jd av 75 cm och smala st\u00e4nger som f\u00f6rhindrar att sm\u00e5 till medelstora husdjur rymmer<\/li>\n<li> Sl\u00e4ta, rundade kanter p\u00e5 hundhagen garanterar s\u00e4kerhet f\u00f6r barn<\/li>\n<li> Kan f\u00e4llas ihop till en kompakt storlek, f\u00f6r enkel f\u00f6rvaring under s\u00e4ngar eller soffor<\/li>\n<li> Montering kr\u00e4vs<\/li>\n<\/ul>\n<p> Tekniska data:<\/p>\n<ul>\n<li> F\u00e4rg: Vit<\/li>\n<li> Material: Kolst\u00e5l, plast<\/li>\n<li> Plattstorlek: 61B x 3T x 75H cm<\/li>\n<li> D\u00f6rrbredd: 46B cm<\/li>\n<li> D\u00f6rravst\u00e5nd: 62,5B cm<\/li>\n<li> St\u00e5ngavst\u00e5nd: 5,7B cm<\/li>\n<\/ul>\n<p>Leveransinneh\u00e5ll:<\/p>\n<ul>\n<li> 1 x Husdjursbarri\u00e4r<\/li>\n<li> 1 x Bruksanvisning<\/li>\n<\/ul>\n","protected":false},"excerpt":{"rendered":"<p>\u00c4r det en utmaning att h\u00e5lla ditt hem s\u00e4kert med livliga barn och ett nyfiket husdjur? TRUUSK valphage ger dig&#8230;<\/p>\n","protected":false},"featured_media":95179,"template":"","meta":[],"product_brand":[],"product_cat":[878,948,574],"product_tag":[],"class_list":{"0":"post-95191","1":"product","2":"type-product","3":"status-publish","4":"has-post-thumbnail","6":"product_cat-djurbehov","7":"product_cat-hundgaller-skiljevaggar","8":"product_cat-hundtillbehor","10":"first","11":"instock","12":"sale","13":"taxable","14":"shipping-taxable","15":"purchasable","16":"product-type-simple"},"yoast_head":"<!-- This site is optimized with the Yoast SEO plugin v25.4 - https:\/\/yoast.com\/wordpress\/plugins\/seo\/ -->\n<title>TRUUSK Husdjursst\u00e4ngsel med D\u00f6rr - 6-panelbarri\u00e4r - Hopf\u00e4llbar - F\u00f6r Sm\u00e5 &amp; Medelstora Hundar - Vit - TRUUSK - Hem, Tr\u00e4dg\u00e5rd &amp; Fritid<\/title>\n<meta name=\"robots\" content=\"index, follow, max-snippet:-1, max-image-preview:large, max-video-preview:-1\" \/>\n<link rel=\"canonical\" href=\"https:\/\/truusk.store\/sv\/produkt\/truusk-husdjursstangsel-med-dorr-6-panelbarriar-hopfallbar-for-sma-medelstora-hundar-vit\/\" \/>\n<meta property=\"og:locale\" content=\"sv_SE\" \/>\n<meta property=\"og:type\" content=\"article\" \/>\n<meta property=\"og:title\" content=\"TRUUSK Husdjursst\u00e4ngsel med D\u00f6rr - 6-panelbarri\u00e4r - Hopf\u00e4llbar - F\u00f6r Sm\u00e5 &amp; Medelstora Hundar - Vit - TRUUSK - Hem, Tr\u00e4dg\u00e5rd &amp; Fritid\" \/>\n<meta property=\"og:description\" content=\"\u00c4r det en utmaning att h\u00e5lla ditt hem s\u00e4kert med livliga barn och ett nyfiket husdjur? TRUUSK valphage ger dig...\" \/>\n<meta property=\"og:url\" content=\"https:\/\/truusk.store\/sv\/produkt\/truusk-husdjursstangsel-med-dorr-6-panelbarriar-hopfallbar-for-sma-medelstora-hundar-vit\/\" \/>\n<meta property=\"og:site_name\" content=\"TRUUSK - Hem, Tr\u00e4dg\u00e5rd &amp; Fritid\" \/>\n<meta property=\"article:modified_time\" content=\"2026-03-12T07:49:04+00:00\" \/>\n<meta property=\"og:image\" content=\"https:\/\/i0.wp.com\/truusk.se\/wp-content\/uploads\/2025\/11\/husdjursstangsel-6-panelbarriar-med-dorr-hopfallbar-for-sma-medelstora-hundar-plast-kolstal-vit-1.webp?fit=2000%2C2000&ssl=1\" \/>\n\t<meta property=\"og:image:width\" content=\"2000\" \/>\n\t<meta property=\"og:image:height\" content=\"2000\" \/>\n\t<meta property=\"og:image:type\" content=\"image\/webp\" \/>\n<meta name=\"twitter:card\" content=\"summary_large_image\" \/>\n<meta name=\"twitter:label1\" content=\"Ber\u00e4knad l\u00e4stid\" \/>\n\t<meta name=\"twitter:data1\" content=\"1 minut\" \/>\n<!-- \/ Yoast SEO plugin. -->","yoast_head_json":{"title":"TRUUSK Husdjursst\u00e4ngsel med D\u00f6rr - 6-panelbarri\u00e4r - Hopf\u00e4llbar - F\u00f6r Sm\u00e5 &amp; Medelstora Hundar - Vit - TRUUSK - Hem, Tr\u00e4dg\u00e5rd &amp; Fritid","robots":{"index":"index","follow":"follow","max-snippet":"max-snippet:-1","max-image-preview":"max-image-preview:large","max-video-preview":"max-video-preview:-1"},"canonical":"https:\/\/truusk.store\/sv\/produkt\/truusk-husdjursstangsel-med-dorr-6-panelbarriar-hopfallbar-for-sma-medelstora-hundar-vit\/","og_locale":"sv_SE","og_type":"article","og_title":"TRUUSK Husdjursst\u00e4ngsel med D\u00f6rr - 6-panelbarri\u00e4r - Hopf\u00e4llbar - F\u00f6r Sm\u00e5 &amp; Medelstora Hundar - Vit - TRUUSK - Hem, Tr\u00e4dg\u00e5rd &amp; Fritid","og_description":"\u00c4r det en utmaning att h\u00e5lla ditt hem s\u00e4kert med livliga barn och ett nyfiket husdjur? TRUUSK valphage ger dig...","og_url":"https:\/\/truusk.store\/sv\/produkt\/truusk-husdjursstangsel-med-dorr-6-panelbarriar-hopfallbar-for-sma-medelstora-hundar-vit\/","og_site_name":"TRUUSK - Hem, Tr\u00e4dg\u00e5rd &amp; Fritid","article_modified_time":"2026-03-12T07:49:04+00:00","og_image":[{"width":2000,"height":2000,"url":"https:\/\/i0.wp.com\/truusk.se\/wp-content\/uploads\/2025\/11\/husdjursstangsel-6-panelbarriar-med-dorr-hopfallbar-for-sma-medelstora-hundar-plast-kolstal-vit-1.webp?fit=2000%2C2000&ssl=1","type":"image\/webp"}],"twitter_card":"summary_large_image","twitter_misc":{"Ber\u00e4knad l\u00e4stid":"1 minut"},"schema":{"@context":"https:\/\/schema.org","@graph":[{"@type":"WebPage","@id":"https:\/\/truusk.store\/sv\/produkt\/truusk-husdjursstangsel-med-dorr-6-panelbarriar-hopfallbar-for-sma-medelstora-hundar-vit\/","url":"https:\/\/truusk.store\/sv\/produkt\/truusk-husdjursstangsel-med-dorr-6-panelbarriar-hopfallbar-for-sma-medelstora-hundar-vit\/","name":"TRUUSK Husdjursst\u00e4ngsel med D\u00f6rr - 6-panelbarri\u00e4r - Hopf\u00e4llbar - F\u00f6r Sm\u00e5 &amp; Medelstora Hundar - Vit - TRUUSK - Hem, Tr\u00e4dg\u00e5rd &amp; Fritid","isPartOf":{"@id":"https:\/\/truusk.store\/sv\/#website"},"primaryImageOfPage":{"@id":"https:\/\/truusk.store\/sv\/produkt\/truusk-husdjursstangsel-med-dorr-6-panelbarriar-hopfallbar-for-sma-medelstora-hundar-vit\/#primaryimage"},"image":{"@id":"https:\/\/truusk.store\/sv\/produkt\/truusk-husdjursstangsel-med-dorr-6-panelbarriar-hopfallbar-for-sma-medelstora-hundar-vit\/#primaryimage"},"thumbnailUrl":"https:\/\/i0.wp.com\/truusk.store\/wp-content\/uploads\/2025\/11\/husdjursstangsel-6-panelbarriar-med-dorr-hopfallbar-for-sma-medelstora-hundar-plast-kolstal-vit-1.webp?fit=2000%2C2000&ssl=1","datePublished":"2025-11-10T12:35:08+00:00","dateModified":"2026-03-12T07:49:04+00:00","breadcrumb":{"@id":"https:\/\/truusk.store\/sv\/produkt\/truusk-husdjursstangsel-med-dorr-6-panelbarriar-hopfallbar-for-sma-medelstora-hundar-vit\/#breadcrumb"},"inLanguage":"sv-SE","potentialAction":[{"@type":"ReadAction","target":["https:\/\/truusk.store\/sv\/produkt\/truusk-husdjursstangsel-med-dorr-6-panelbarriar-hopfallbar-for-sma-medelstora-hundar-vit\/"]}]},{"@type":"ImageObject","inLanguage":"sv-SE","@id":"https:\/\/truusk.store\/sv\/produkt\/truusk-husdjursstangsel-med-dorr-6-panelbarriar-hopfallbar-for-sma-medelstora-hundar-vit\/#primaryimage","url":"https:\/\/i0.wp.com\/truusk.store\/wp-content\/uploads\/2025\/11\/husdjursstangsel-6-panelbarriar-med-dorr-hopfallbar-for-sma-medelstora-hundar-plast-kolstal-vit-1.webp?fit=2000%2C2000&ssl=1","contentUrl":"https:\/\/i0.wp.com\/truusk.store\/wp-content\/uploads\/2025\/11\/husdjursstangsel-6-panelbarriar-med-dorr-hopfallbar-for-sma-medelstora-hundar-plast-kolstal-vit-1.webp?fit=2000%2C2000&ssl=1","width":2000,"height":2000},{"@type":"BreadcrumbList","@id":"https:\/\/truusk.store\/sv\/produkt\/truusk-husdjursstangsel-med-dorr-6-panelbarriar-hopfallbar-for-sma-medelstora-hundar-vit\/#breadcrumb","itemListElement":[{"@type":"ListItem","position":1,"name":"Home","item":"https:\/\/truusk.store\/sv\/"},{"@type":"ListItem","position":2,"name":"Shop","item":"https:\/\/truusk.store\/shop\/"},{"@type":"ListItem","position":3,"name":"TRUUSK Husdjursst\u00e4ngsel med D\u00f6rr &#8211; 6-panelbarri\u00e4r &#8211; Hopf\u00e4llbar &#8211; F\u00f6r Sm\u00e5 &amp; Medelstora Hundar &#8211; Vit"}]},{"@type":"WebSite","@id":"https:\/\/truusk.store\/sv\/#website","url":"https:\/\/truusk.store\/sv\/","name":"TRUUSK - Hem, Tr\u00e4dg\u00e5rd & Fritid","description":"","publisher":{"@id":"https:\/\/truusk.store\/sv\/#organization"},"potentialAction":[{"@type":"SearchAction","target":{"@type":"EntryPoint","urlTemplate":"https:\/\/truusk.store\/sv\/?s={search_term_string}"},"query-input":{"@type":"PropertyValueSpecification","valueRequired":true,"valueName":"search_term_string"}}],"inLanguage":"sv-SE"},{"@type":"Organization","@id":"https:\/\/truusk.store\/sv\/#organization","name":"TRUUSK - Hem, Tr\u00e4dg\u00e5rd & Fritid","url":"https:\/\/truusk.store\/sv\/","logo":{"@type":"ImageObject","inLanguage":"sv-SE","@id":"https:\/\/truusk.store\/sv\/#\/schema\/logo\/image\/","url":"https:\/\/i0.wp.com\/truusk.store\/wp-content\/uploads\/2026\/03\/cropped-TRUUSK.png?fit=2032%2C917&ssl=1","contentUrl":"https:\/\/i0.wp.com\/truusk.store\/wp-content\/uploads\/2026\/03\/cropped-TRUUSK.png?fit=2032%2C917&ssl=1","width":2032,"height":917,"caption":"TRUUSK - Hem, Tr\u00e4dg\u00e5rd & Fritid"},"image":{"@id":"https:\/\/truusk.store\/sv\/#\/schema\/logo\/image\/"}}]}},"jetpack_sharing_enabled":true,"_links":{"self":[{"href":"https:\/\/truusk.store\/sv\/wp-json\/wp\/v2\/product\/95191","targetHints":{"allow":["GET"]}}],"collection":[{"href":"https:\/\/truusk.store\/sv\/wp-json\/wp\/v2\/product"}],"about":[{"href":"https:\/\/truusk.store\/sv\/wp-json\/wp\/v2\/types\/product"}],"wp:featuredmedia":[{"embeddable":true,"href":"https:\/\/truusk.store\/sv\/wp-json\/wp\/v2\/media\/95179"}],"wp:attachment":[{"href":"https:\/\/truusk.store\/sv\/wp-json\/wp\/v2\/media?parent=95191"}],"wp:term":[{"taxonomy":"product_brand","embeddable":true,"href":"https:\/\/truusk.store\/sv\/wp-json\/wp\/v2\/product_brand?post=95191"},{"taxonomy":"product_cat","embeddable":true,"href":"https:\/\/truusk.store\/sv\/wp-json\/wp\/v2\/product_cat?post=95191"},{"taxonomy":"product_tag","embeddable":true,"href":"https:\/\/truusk.store\/sv\/wp-json\/wp\/v2\/product_tag?post=95191"}],"curies":[{"name":"wp","href":"https:\/\/api.w.org\/{rel}","templated":true}]}}