{"id":95210,"date":"2025-11-10T13:36:50","date_gmt":"2025-11-10T12:36:50","guid":{"rendered":"https:\/\/truusk.store\/product\/aiyaplay-giraff-for-ridning-rullande-ridhast-i-giraffform-batteridriven-tvattbart-overdrag-pedaler-tysta-hjul-musik-15-5-ar-brun\/"},"modified":"2026-03-12T08:49:09","modified_gmt":"2026-03-12T07:49:09","slug":"truusk-giraff-for-ridning-rullande-ridhast-i-giraffform-batteridriven-tvattbart-overdrag-pedaler-tysta-hjul-musik","status":"publish","type":"product","link":"https:\/\/truusk.store\/sv\/produkt\/truusk-giraff-for-ridning-rullande-ridhast-i-giraffform-batteridriven-tvattbart-overdrag-pedaler-tysta-hjul-musik\/","title":{"rendered":"TRUUSK Giraff f\u00f6r Ridning &#8211; Rullande Ridh\u00e4st i Giraffform &#8211; Batteridriven &#8211; Tv\u00e4ttbart \u00f6verdrag &#8211; Pedaler &#8211; Tysta Hjul &#8211; Musik &#8211;"},"content":{"rendered":"<p>Letar du efter sp\u00e4nnande, s\u00e4kra aktiviteter f\u00f6r ditt barn? AIYAPLAY Elektriska bilen f\u00f6r barn g\u00f6r ditt vardagsrum till en magisk safari. Denna elektriska bil f\u00f6r barn m\u00f6jligg\u00f6r enkla pedalresor med glad musik. Den mjuka, avtagbara plysch\u00f6verdraget p\u00e5 barnbilen \u00e4r ocks\u00e5 l\u00e4tt att reng\u00f6ra. Upplev hur ditt barn skapar roliga och bekymmersfria minnen p\u00e5 sin musikaliska resa.<\/p>\n<p>Beskrivning:<\/p>\n<ul>\n<li> Det s\u00f6ta giraffdesignen p\u00e5 den elektriska bilen f\u00f6r barn stimulerar fantasin och erbjuder 40 minuter oavbruten k\u00f6rning<\/li>\n<li> Enkel fotpedalkontroll av barnets elektriska bil f\u00f6r fram\u00e5tr\u00f6relse och spelar 5 inbyggda l\u00e5tar<\/li>\n<li> En sitth\u00f6jd p\u00e5 26 cm och breda fotst\u00f6d p\u00e5 den elektriska bilen f\u00f6r barn garanterar en s\u00e4ker, stabil \u00e5ktur<\/li>\n<li> Tysta konstl\u00e4derhjul glider mjukt inomhus utan att repa golv eller g\u00f6ra buller<\/li>\n<li> Har ett avtagbart och tv\u00e4ttbart plysch\u00f6verdrag f\u00f6r enkel reng\u00f6ring och hygien<\/li>\n<li> Robust ram p\u00e5 barnbilen b\u00e4r upp till 25 kg och v\u00e4xer med ditt barn \u00f6ver \u00e5ren<\/li>\n<li> Enkel montering kr\u00e4vs, 10-15 minuter<\/li>\n<\/ul>\n<p> Tekniska data:<\/p>\n<ul>\n<li> F\u00e4rg: Brun<\/li>\n<li> Material: Polyester, plast, metall<\/li>\n<li> Totala dimensioner: 74L x 34B x 51H cm<\/li>\n<li> Sitsstorlek: 30B x 17T cm<\/li>\n<li> Sitth\u00f6jd: 26 cm<\/li>\n<li> Pedalstorlek: 13,5L x 8,5B cm<\/li>\n<li> Konstl\u00e4derhjulstorlek: \u00d86 cm<\/li>\n<li> Batteri: 6V 4,5Ah<\/li>\n<li> Motor: 6V<\/li>\n<li> Hastighet: 1,8-3 km\/h<\/li>\n<li> Rekommenderad \u00e5lder: 1,5-5 \u00e5r<\/li>\n<li> Godk\u00e4nd \u00e5lder: 18 m\u00e5nader+<\/li>\n<li> Maximal belastning: 25 kg<\/li>\n<\/ul>\n<p> Leveransinneh\u00e5ll:<\/p>\n<ul>\n<li> 1 x Elektrisk ridh\u00e4st f\u00f6r barn<\/li>\n<li> 1 x Bruksanvisning<\/li>\n<\/ul>\n","protected":false},"excerpt":{"rendered":"<p>Letar du efter sp\u00e4nnande, s\u00e4kra aktiviteter f\u00f6r ditt barn? AIYAPLAY Elektriska bilen f\u00f6r barn g\u00f6r ditt vardagsrum till en magisk&#8230;<\/p>\n","protected":false},"featured_media":95201,"template":"","meta":[],"product_brand":[],"product_cat":[880,988,918],"product_tag":[],"class_list":{"0":"post-95210","1":"product","2":"type-product","3":"status-publish","4":"has-post-thumbnail","6":"product_cat-baby-barn-2","7":"product_cat-gungdjur","8":"product_cat-leksaker","10":"first","11":"instock","12":"sale","13":"taxable","14":"shipping-taxable","15":"purchasable","16":"product-type-simple"},"yoast_head":"<!-- This site is optimized with the Yoast SEO plugin v25.4 - https:\/\/yoast.com\/wordpress\/plugins\/seo\/ -->\n<title>TRUUSK Giraff f\u00f6r Ridning - Rullande Ridh\u00e4st i Giraffform - Batteridriven - Tv\u00e4ttbart \u00f6verdrag - Pedaler - Tysta Hjul - Musik - TRUUSK - Hem, Tr\u00e4dg\u00e5rd &amp; Fritid<\/title>\n<meta name=\"robots\" content=\"index, follow, max-snippet:-1, max-image-preview:large, max-video-preview:-1\" \/>\n<link rel=\"canonical\" href=\"https:\/\/truusk.store\/sv\/produkt\/truusk-giraff-for-ridning-rullande-ridhast-i-giraffform-batteridriven-tvattbart-overdrag-pedaler-tysta-hjul-musik\/\" \/>\n<meta property=\"og:locale\" content=\"sv_SE\" \/>\n<meta property=\"og:type\" content=\"article\" \/>\n<meta property=\"og:title\" content=\"TRUUSK Giraff f\u00f6r Ridning - Rullande Ridh\u00e4st i Giraffform - Batteridriven - Tv\u00e4ttbart \u00f6verdrag - Pedaler - Tysta Hjul - Musik - TRUUSK - Hem, Tr\u00e4dg\u00e5rd &amp; Fritid\" \/>\n<meta property=\"og:description\" content=\"Letar du efter sp\u00e4nnande, s\u00e4kra aktiviteter f\u00f6r ditt barn? AIYAPLAY Elektriska bilen f\u00f6r barn g\u00f6r ditt vardagsrum till en magisk...\" \/>\n<meta property=\"og:url\" content=\"https:\/\/truusk.store\/sv\/produkt\/truusk-giraff-for-ridning-rullande-ridhast-i-giraffform-batteridriven-tvattbart-overdrag-pedaler-tysta-hjul-musik\/\" \/>\n<meta property=\"og:site_name\" content=\"TRUUSK - Hem, Tr\u00e4dg\u00e5rd &amp; Fritid\" \/>\n<meta property=\"article:modified_time\" content=\"2026-03-12T07:49:09+00:00\" \/>\n<meta property=\"og:image\" content=\"https:\/\/i0.wp.com\/truusk.se\/wp-content\/uploads\/2025\/11\/aiyaplay-giraff-for-ridning-rullande-ridhast-i-giraffform-batteridriven-tvattbart-overdrag-pedaler-tysta-hjul-musik-15-5-ar-brun-1.webp?fit=2000%2C2000&ssl=1\" \/>\n\t<meta property=\"og:image:width\" content=\"2000\" \/>\n\t<meta property=\"og:image:height\" content=\"2000\" \/>\n\t<meta property=\"og:image:type\" content=\"image\/webp\" \/>\n<meta name=\"twitter:card\" content=\"summary_large_image\" \/>\n<meta name=\"twitter:label1\" content=\"Ber\u00e4knad l\u00e4stid\" \/>\n\t<meta name=\"twitter:data1\" content=\"1 minut\" \/>\n<!-- \/ Yoast SEO plugin. -->","yoast_head_json":{"title":"TRUUSK Giraff f\u00f6r Ridning - Rullande Ridh\u00e4st i Giraffform - Batteridriven - Tv\u00e4ttbart \u00f6verdrag - Pedaler - Tysta Hjul - Musik - TRUUSK - Hem, Tr\u00e4dg\u00e5rd &amp; Fritid","robots":{"index":"index","follow":"follow","max-snippet":"max-snippet:-1","max-image-preview":"max-image-preview:large","max-video-preview":"max-video-preview:-1"},"canonical":"https:\/\/truusk.store\/sv\/produkt\/truusk-giraff-for-ridning-rullande-ridhast-i-giraffform-batteridriven-tvattbart-overdrag-pedaler-tysta-hjul-musik\/","og_locale":"sv_SE","og_type":"article","og_title":"TRUUSK Giraff f\u00f6r Ridning - Rullande Ridh\u00e4st i Giraffform - Batteridriven - Tv\u00e4ttbart \u00f6verdrag - Pedaler - Tysta Hjul - Musik - TRUUSK - Hem, Tr\u00e4dg\u00e5rd &amp; Fritid","og_description":"Letar du efter sp\u00e4nnande, s\u00e4kra aktiviteter f\u00f6r ditt barn? AIYAPLAY Elektriska bilen f\u00f6r barn g\u00f6r ditt vardagsrum till en magisk...","og_url":"https:\/\/truusk.store\/sv\/produkt\/truusk-giraff-for-ridning-rullande-ridhast-i-giraffform-batteridriven-tvattbart-overdrag-pedaler-tysta-hjul-musik\/","og_site_name":"TRUUSK - Hem, Tr\u00e4dg\u00e5rd &amp; Fritid","article_modified_time":"2026-03-12T07:49:09+00:00","og_image":[{"width":2000,"height":2000,"url":"https:\/\/i0.wp.com\/truusk.se\/wp-content\/uploads\/2025\/11\/aiyaplay-giraff-for-ridning-rullande-ridhast-i-giraffform-batteridriven-tvattbart-overdrag-pedaler-tysta-hjul-musik-15-5-ar-brun-1.webp?fit=2000%2C2000&ssl=1","type":"image\/webp"}],"twitter_card":"summary_large_image","twitter_misc":{"Ber\u00e4knad l\u00e4stid":"1 minut"},"schema":{"@context":"https:\/\/schema.org","@graph":[{"@type":"WebPage","@id":"https:\/\/truusk.store\/sv\/produkt\/truusk-giraff-for-ridning-rullande-ridhast-i-giraffform-batteridriven-tvattbart-overdrag-pedaler-tysta-hjul-musik\/","url":"https:\/\/truusk.store\/sv\/produkt\/truusk-giraff-for-ridning-rullande-ridhast-i-giraffform-batteridriven-tvattbart-overdrag-pedaler-tysta-hjul-musik\/","name":"TRUUSK Giraff f\u00f6r Ridning - Rullande Ridh\u00e4st i Giraffform - Batteridriven - Tv\u00e4ttbart \u00f6verdrag - Pedaler - Tysta Hjul - Musik - TRUUSK - Hem, Tr\u00e4dg\u00e5rd &amp; Fritid","isPartOf":{"@id":"https:\/\/truusk.store\/sv\/#website"},"primaryImageOfPage":{"@id":"https:\/\/truusk.store\/sv\/produkt\/truusk-giraff-for-ridning-rullande-ridhast-i-giraffform-batteridriven-tvattbart-overdrag-pedaler-tysta-hjul-musik\/#primaryimage"},"image":{"@id":"https:\/\/truusk.store\/sv\/produkt\/truusk-giraff-for-ridning-rullande-ridhast-i-giraffform-batteridriven-tvattbart-overdrag-pedaler-tysta-hjul-musik\/#primaryimage"},"thumbnailUrl":"https:\/\/i0.wp.com\/truusk.store\/wp-content\/uploads\/2025\/11\/aiyaplay-giraff-for-ridning-rullande-ridhast-i-giraffform-batteridriven-tvattbart-overdrag-pedaler-tysta-hjul-musik-15-5-ar-brun-1.webp?fit=2000%2C2000&ssl=1","datePublished":"2025-11-10T12:36:50+00:00","dateModified":"2026-03-12T07:49:09+00:00","breadcrumb":{"@id":"https:\/\/truusk.store\/sv\/produkt\/truusk-giraff-for-ridning-rullande-ridhast-i-giraffform-batteridriven-tvattbart-overdrag-pedaler-tysta-hjul-musik\/#breadcrumb"},"inLanguage":"sv-SE","potentialAction":[{"@type":"ReadAction","target":["https:\/\/truusk.store\/sv\/produkt\/truusk-giraff-for-ridning-rullande-ridhast-i-giraffform-batteridriven-tvattbart-overdrag-pedaler-tysta-hjul-musik\/"]}]},{"@type":"ImageObject","inLanguage":"sv-SE","@id":"https:\/\/truusk.store\/sv\/produkt\/truusk-giraff-for-ridning-rullande-ridhast-i-giraffform-batteridriven-tvattbart-overdrag-pedaler-tysta-hjul-musik\/#primaryimage","url":"https:\/\/i0.wp.com\/truusk.store\/wp-content\/uploads\/2025\/11\/aiyaplay-giraff-for-ridning-rullande-ridhast-i-giraffform-batteridriven-tvattbart-overdrag-pedaler-tysta-hjul-musik-15-5-ar-brun-1.webp?fit=2000%2C2000&ssl=1","contentUrl":"https:\/\/i0.wp.com\/truusk.store\/wp-content\/uploads\/2025\/11\/aiyaplay-giraff-for-ridning-rullande-ridhast-i-giraffform-batteridriven-tvattbart-overdrag-pedaler-tysta-hjul-musik-15-5-ar-brun-1.webp?fit=2000%2C2000&ssl=1","width":2000,"height":2000},{"@type":"BreadcrumbList","@id":"https:\/\/truusk.store\/sv\/produkt\/truusk-giraff-for-ridning-rullande-ridhast-i-giraffform-batteridriven-tvattbart-overdrag-pedaler-tysta-hjul-musik\/#breadcrumb","itemListElement":[{"@type":"ListItem","position":1,"name":"Home","item":"https:\/\/truusk.store\/sv\/"},{"@type":"ListItem","position":2,"name":"Shop","item":"https:\/\/truusk.store\/shop\/"},{"@type":"ListItem","position":3,"name":"TRUUSK Giraff f\u00f6r Ridning &#8211; Rullande Ridh\u00e4st i Giraffform &#8211; Batteridriven &#8211; Tv\u00e4ttbart \u00f6verdrag &#8211; Pedaler &#8211; Tysta Hjul &#8211; Musik &#8211;"}]},{"@type":"WebSite","@id":"https:\/\/truusk.store\/sv\/#website","url":"https:\/\/truusk.store\/sv\/","name":"TRUUSK - Hem, Tr\u00e4dg\u00e5rd & Fritid","description":"","publisher":{"@id":"https:\/\/truusk.store\/sv\/#organization"},"potentialAction":[{"@type":"SearchAction","target":{"@type":"EntryPoint","urlTemplate":"https:\/\/truusk.store\/sv\/?s={search_term_string}"},"query-input":{"@type":"PropertyValueSpecification","valueRequired":true,"valueName":"search_term_string"}}],"inLanguage":"sv-SE"},{"@type":"Organization","@id":"https:\/\/truusk.store\/sv\/#organization","name":"TRUUSK - Hem, Tr\u00e4dg\u00e5rd & Fritid","url":"https:\/\/truusk.store\/sv\/","logo":{"@type":"ImageObject","inLanguage":"sv-SE","@id":"https:\/\/truusk.store\/sv\/#\/schema\/logo\/image\/","url":"https:\/\/i0.wp.com\/truusk.store\/wp-content\/uploads\/2026\/03\/cropped-TRUUSK.png?fit=2032%2C917&ssl=1","contentUrl":"https:\/\/i0.wp.com\/truusk.store\/wp-content\/uploads\/2026\/03\/cropped-TRUUSK.png?fit=2032%2C917&ssl=1","width":2032,"height":917,"caption":"TRUUSK - Hem, Tr\u00e4dg\u00e5rd & Fritid"},"image":{"@id":"https:\/\/truusk.store\/sv\/#\/schema\/logo\/image\/"}}]}},"jetpack_sharing_enabled":true,"_links":{"self":[{"href":"https:\/\/truusk.store\/sv\/wp-json\/wp\/v2\/product\/95210","targetHints":{"allow":["GET"]}}],"collection":[{"href":"https:\/\/truusk.store\/sv\/wp-json\/wp\/v2\/product"}],"about":[{"href":"https:\/\/truusk.store\/sv\/wp-json\/wp\/v2\/types\/product"}],"wp:featuredmedia":[{"embeddable":true,"href":"https:\/\/truusk.store\/sv\/wp-json\/wp\/v2\/media\/95201"}],"wp:attachment":[{"href":"https:\/\/truusk.store\/sv\/wp-json\/wp\/v2\/media?parent=95210"}],"wp:term":[{"taxonomy":"product_brand","embeddable":true,"href":"https:\/\/truusk.store\/sv\/wp-json\/wp\/v2\/product_brand?post=95210"},{"taxonomy":"product_cat","embeddable":true,"href":"https:\/\/truusk.store\/sv\/wp-json\/wp\/v2\/product_cat?post=95210"},{"taxonomy":"product_tag","embeddable":true,"href":"https:\/\/truusk.store\/sv\/wp-json\/wp\/v2\/product_tag?post=95210"}],"curies":[{"name":"wp","href":"https:\/\/api.w.org\/{rel}","templated":true}]}}