{"id":95220,"date":"2025-11-10T13:38:02","date_gmt":"2025-11-10T12:38:02","guid":{"rendered":"https:\/\/truusk.store\/product\/klostrad-med-1-kattgrotta-1-kattsang-2-plattformar-juterepstolpar-vit-gra\/"},"modified":"2026-03-12T08:49:12","modified_gmt":"2026-03-12T07:49:12","slug":"truusk-kattklostrad-med-kattgrotta-kattsang-plattformar-juterepstolpar-vit-gra","status":"publish","type":"product","link":"https:\/\/truusk.store\/sv\/produkt\/truusk-kattklostrad-med-kattgrotta-kattsang-plattformar-juterepstolpar-vit-gra\/","title":{"rendered":"TRUUSK Kattkl\u00f6str\u00e4d med Kattgrotta &#8211; Katts\u00e4ng &#8211; Plattformar &#8211; Juterepstolpar &#8211; Vit &amp; Gr\u00e5"},"content":{"rendered":"<p>Katter \u00e4lskar h\u00f6ga sovplatser. D\u00e4rf\u00f6r \u00e4r denna kl\u00f6str\u00e4d fr\u00e5n TRUUSK idealisk. Den erbjuder ett upph\u00f6jt omr\u00e5de f\u00f6r tupplurer och lek. Kl\u00f6spelarna av jute, en liten kattgrotta och plattformar &#8211; erbjuder din katt mycket variation. Ge dina lekfulla katter en plats d\u00e4r de kan v\u00e4ssa sina klor. Fr\u00e5n middagsluren till lektid erbjuder denna kattkl\u00f6str\u00e4d en plats f\u00f6r att slappa, kl\u00f6sa och mycket mer.<\/p>\n<p>Beskrivning:<\/p>\n<ul>\n<li> Jute-repstolparna p\u00e5 kl\u00f6str\u00e4det tillfredsst\u00e4ller din katts behov av att kl\u00f6sa<\/li>\n<li> Kattgrottan, s\u00e4ngen och liggytorna p\u00e5 katttr\u00e4det \u00e4r kl\u00e4dda med mjukt plysch och erbjuder komfort<\/li>\n<li> Tillverkad av tr\u00e4material f\u00f6r en stabil st\u00e5ende<\/li>\n<li> Kattkl\u00f6str\u00e4det passar bra med olika inredningar<\/li>\n<li> Det flerniv\u00e5 designen av kl\u00f6str\u00e4det tillfredsst\u00e4ller ditt husdjurs kl\u00e4ttringslust<\/li>\n<li> L\u00e4mplig f\u00f6r katter under 4 kg<\/li>\n<li> Montering kr\u00e4vs<\/li>\n<\/ul>\n<p> Tekniska data:<\/p>\n<ul>\n<li> F\u00e4rg: Gr\u00e5+Vit<\/li>\n<li> Material: Sp\u00e5nskiva, plysch, jute, linneimitation<\/li>\n<li> Totala dimensioner: 60,5L x 40,5B x 98H cm<\/li>\n<li> Basstorlek: 60,5L x 40,5B cm<\/li>\n<li> Husdimensioner: \u00d834 x 29H cm<\/li>\n<li> Storlek p\u00e5 \u00f6ppningen: \u00d817 cm<\/li>\n<li> Plattformstorlek: \u00d829 cm (liten). 40L x 34,5B cm (stor)<\/li>\n<li> S\u00e4ngdimensioner: \u00d833,5 x 10H cm. Inre dimensioner: \u00d825 x 7H cm<\/li>\n<li> Stolpstorlek: \u00d87,9 cm<\/li>\n<\/ul>\n<p>Leveransinneh\u00e5ll:<\/p>\n<ul>\n<li> 1 x Kl\u00f6str\u00e4d<\/li>\n<li> 1 x Handbok<\/li>\n<\/ul>\n","protected":false},"excerpt":{"rendered":"<p>Katter \u00e4lskar h\u00f6ga sovplatser. D\u00e4rf\u00f6r \u00e4r denna kl\u00f6str\u00e4d fr\u00e5n TRUUSK idealisk. Den erbjuder ett upph\u00f6jt omr\u00e5de f\u00f6r tupplurer och lek&#8230;.<\/p>\n","protected":false},"featured_media":95211,"template":"","meta":[],"product_brand":[],"product_cat":[878,588,879],"product_tag":[],"class_list":{"0":"post-95220","1":"product","2":"type-product","3":"status-publish","4":"has-post-thumbnail","6":"product_cat-djurbehov","7":"product_cat-katttillbehor","8":"product_cat-klostrad","10":"first","11":"instock","12":"sale","13":"taxable","14":"shipping-taxable","15":"purchasable","16":"product-type-simple"},"yoast_head":"<!-- This site is optimized with the Yoast SEO plugin v25.4 - https:\/\/yoast.com\/wordpress\/plugins\/seo\/ -->\n<title>TRUUSK Kattkl\u00f6str\u00e4d med Kattgrotta - Katts\u00e4ng - Plattformar - Juterepstolpar - Vit &amp; Gr\u00e5 - TRUUSK - Hem, Tr\u00e4dg\u00e5rd &amp; Fritid<\/title>\n<meta name=\"robots\" content=\"index, follow, max-snippet:-1, max-image-preview:large, max-video-preview:-1\" \/>\n<link rel=\"canonical\" href=\"https:\/\/truusk.store\/sv\/produkt\/truusk-kattklostrad-med-kattgrotta-kattsang-plattformar-juterepstolpar-vit-gra\/\" \/>\n<meta property=\"og:locale\" content=\"sv_SE\" \/>\n<meta property=\"og:type\" content=\"article\" \/>\n<meta property=\"og:title\" content=\"TRUUSK Kattkl\u00f6str\u00e4d med Kattgrotta - Katts\u00e4ng - Plattformar - Juterepstolpar - Vit &amp; Gr\u00e5 - TRUUSK - Hem, Tr\u00e4dg\u00e5rd &amp; Fritid\" \/>\n<meta property=\"og:description\" content=\"Katter \u00e4lskar h\u00f6ga sovplatser. D\u00e4rf\u00f6r \u00e4r denna kl\u00f6str\u00e4d fr\u00e5n TRUUSK idealisk. Den erbjuder ett upph\u00f6jt omr\u00e5de f\u00f6r tupplurer och lek....\" \/>\n<meta property=\"og:url\" content=\"https:\/\/truusk.store\/sv\/produkt\/truusk-kattklostrad-med-kattgrotta-kattsang-plattformar-juterepstolpar-vit-gra\/\" \/>\n<meta property=\"og:site_name\" content=\"TRUUSK - Hem, Tr\u00e4dg\u00e5rd &amp; Fritid\" \/>\n<meta property=\"article:modified_time\" content=\"2026-03-12T07:49:12+00:00\" \/>\n<meta property=\"og:image\" content=\"https:\/\/i0.wp.com\/truusk.se\/wp-content\/uploads\/2025\/11\/klostrad-med-1-kattgrotta-1-kattsang-2-plattformar-juterepstolpar-vit-gra-1.webp?fit=2000%2C2000&ssl=1\" \/>\n\t<meta property=\"og:image:width\" content=\"2000\" \/>\n\t<meta property=\"og:image:height\" content=\"2000\" \/>\n\t<meta property=\"og:image:type\" content=\"image\/webp\" \/>\n<meta name=\"twitter:card\" content=\"summary_large_image\" \/>\n<meta name=\"twitter:label1\" content=\"Ber\u00e4knad l\u00e4stid\" \/>\n\t<meta name=\"twitter:data1\" content=\"1 minut\" \/>\n<!-- \/ Yoast SEO plugin. -->","yoast_head_json":{"title":"TRUUSK Kattkl\u00f6str\u00e4d med Kattgrotta - Katts\u00e4ng - Plattformar - Juterepstolpar - Vit &amp; Gr\u00e5 - TRUUSK - Hem, Tr\u00e4dg\u00e5rd &amp; Fritid","robots":{"index":"index","follow":"follow","max-snippet":"max-snippet:-1","max-image-preview":"max-image-preview:large","max-video-preview":"max-video-preview:-1"},"canonical":"https:\/\/truusk.store\/sv\/produkt\/truusk-kattklostrad-med-kattgrotta-kattsang-plattformar-juterepstolpar-vit-gra\/","og_locale":"sv_SE","og_type":"article","og_title":"TRUUSK Kattkl\u00f6str\u00e4d med Kattgrotta - Katts\u00e4ng - Plattformar - Juterepstolpar - Vit &amp; Gr\u00e5 - TRUUSK - Hem, Tr\u00e4dg\u00e5rd &amp; Fritid","og_description":"Katter \u00e4lskar h\u00f6ga sovplatser. D\u00e4rf\u00f6r \u00e4r denna kl\u00f6str\u00e4d fr\u00e5n TRUUSK idealisk. Den erbjuder ett upph\u00f6jt omr\u00e5de f\u00f6r tupplurer och lek....","og_url":"https:\/\/truusk.store\/sv\/produkt\/truusk-kattklostrad-med-kattgrotta-kattsang-plattformar-juterepstolpar-vit-gra\/","og_site_name":"TRUUSK - Hem, Tr\u00e4dg\u00e5rd &amp; Fritid","article_modified_time":"2026-03-12T07:49:12+00:00","og_image":[{"width":2000,"height":2000,"url":"https:\/\/i0.wp.com\/truusk.se\/wp-content\/uploads\/2025\/11\/klostrad-med-1-kattgrotta-1-kattsang-2-plattformar-juterepstolpar-vit-gra-1.webp?fit=2000%2C2000&ssl=1","type":"image\/webp"}],"twitter_card":"summary_large_image","twitter_misc":{"Ber\u00e4knad l\u00e4stid":"1 minut"},"schema":{"@context":"https:\/\/schema.org","@graph":[{"@type":"WebPage","@id":"https:\/\/truusk.store\/sv\/produkt\/truusk-kattklostrad-med-kattgrotta-kattsang-plattformar-juterepstolpar-vit-gra\/","url":"https:\/\/truusk.store\/sv\/produkt\/truusk-kattklostrad-med-kattgrotta-kattsang-plattformar-juterepstolpar-vit-gra\/","name":"TRUUSK Kattkl\u00f6str\u00e4d med Kattgrotta - Katts\u00e4ng - Plattformar - Juterepstolpar - Vit &amp; Gr\u00e5 - TRUUSK - Hem, Tr\u00e4dg\u00e5rd &amp; Fritid","isPartOf":{"@id":"https:\/\/truusk.store\/sv\/#website"},"primaryImageOfPage":{"@id":"https:\/\/truusk.store\/sv\/produkt\/truusk-kattklostrad-med-kattgrotta-kattsang-plattformar-juterepstolpar-vit-gra\/#primaryimage"},"image":{"@id":"https:\/\/truusk.store\/sv\/produkt\/truusk-kattklostrad-med-kattgrotta-kattsang-plattformar-juterepstolpar-vit-gra\/#primaryimage"},"thumbnailUrl":"https:\/\/i0.wp.com\/truusk.store\/wp-content\/uploads\/2025\/11\/klostrad-med-1-kattgrotta-1-kattsang-2-plattformar-juterepstolpar-vit-gra-1.webp?fit=2000%2C2000&ssl=1","datePublished":"2025-11-10T12:38:02+00:00","dateModified":"2026-03-12T07:49:12+00:00","breadcrumb":{"@id":"https:\/\/truusk.store\/sv\/produkt\/truusk-kattklostrad-med-kattgrotta-kattsang-plattformar-juterepstolpar-vit-gra\/#breadcrumb"},"inLanguage":"sv-SE","potentialAction":[{"@type":"ReadAction","target":["https:\/\/truusk.store\/sv\/produkt\/truusk-kattklostrad-med-kattgrotta-kattsang-plattformar-juterepstolpar-vit-gra\/"]}]},{"@type":"ImageObject","inLanguage":"sv-SE","@id":"https:\/\/truusk.store\/sv\/produkt\/truusk-kattklostrad-med-kattgrotta-kattsang-plattformar-juterepstolpar-vit-gra\/#primaryimage","url":"https:\/\/i0.wp.com\/truusk.store\/wp-content\/uploads\/2025\/11\/klostrad-med-1-kattgrotta-1-kattsang-2-plattformar-juterepstolpar-vit-gra-1.webp?fit=2000%2C2000&ssl=1","contentUrl":"https:\/\/i0.wp.com\/truusk.store\/wp-content\/uploads\/2025\/11\/klostrad-med-1-kattgrotta-1-kattsang-2-plattformar-juterepstolpar-vit-gra-1.webp?fit=2000%2C2000&ssl=1","width":2000,"height":2000},{"@type":"BreadcrumbList","@id":"https:\/\/truusk.store\/sv\/produkt\/truusk-kattklostrad-med-kattgrotta-kattsang-plattformar-juterepstolpar-vit-gra\/#breadcrumb","itemListElement":[{"@type":"ListItem","position":1,"name":"Home","item":"https:\/\/truusk.store\/sv\/"},{"@type":"ListItem","position":2,"name":"Shop","item":"https:\/\/truusk.store\/shop\/"},{"@type":"ListItem","position":3,"name":"TRUUSK Kattkl\u00f6str\u00e4d med Kattgrotta &#8211; Katts\u00e4ng &#8211; Plattformar &#8211; Juterepstolpar &#8211; Vit &amp; Gr\u00e5"}]},{"@type":"WebSite","@id":"https:\/\/truusk.store\/sv\/#website","url":"https:\/\/truusk.store\/sv\/","name":"TRUUSK - Hem, Tr\u00e4dg\u00e5rd & Fritid","description":"","publisher":{"@id":"https:\/\/truusk.store\/sv\/#organization"},"potentialAction":[{"@type":"SearchAction","target":{"@type":"EntryPoint","urlTemplate":"https:\/\/truusk.store\/sv\/?s={search_term_string}"},"query-input":{"@type":"PropertyValueSpecification","valueRequired":true,"valueName":"search_term_string"}}],"inLanguage":"sv-SE"},{"@type":"Organization","@id":"https:\/\/truusk.store\/sv\/#organization","name":"TRUUSK - Hem, Tr\u00e4dg\u00e5rd & Fritid","url":"https:\/\/truusk.store\/sv\/","logo":{"@type":"ImageObject","inLanguage":"sv-SE","@id":"https:\/\/truusk.store\/sv\/#\/schema\/logo\/image\/","url":"https:\/\/i0.wp.com\/truusk.store\/wp-content\/uploads\/2026\/03\/cropped-TRUUSK.png?fit=2032%2C917&ssl=1","contentUrl":"https:\/\/i0.wp.com\/truusk.store\/wp-content\/uploads\/2026\/03\/cropped-TRUUSK.png?fit=2032%2C917&ssl=1","width":2032,"height":917,"caption":"TRUUSK - Hem, Tr\u00e4dg\u00e5rd & Fritid"},"image":{"@id":"https:\/\/truusk.store\/sv\/#\/schema\/logo\/image\/"}}]}},"jetpack_sharing_enabled":true,"_links":{"self":[{"href":"https:\/\/truusk.store\/sv\/wp-json\/wp\/v2\/product\/95220","targetHints":{"allow":["GET"]}}],"collection":[{"href":"https:\/\/truusk.store\/sv\/wp-json\/wp\/v2\/product"}],"about":[{"href":"https:\/\/truusk.store\/sv\/wp-json\/wp\/v2\/types\/product"}],"wp:featuredmedia":[{"embeddable":true,"href":"https:\/\/truusk.store\/sv\/wp-json\/wp\/v2\/media\/95211"}],"wp:attachment":[{"href":"https:\/\/truusk.store\/sv\/wp-json\/wp\/v2\/media?parent=95220"}],"wp:term":[{"taxonomy":"product_brand","embeddable":true,"href":"https:\/\/truusk.store\/sv\/wp-json\/wp\/v2\/product_brand?post=95220"},{"taxonomy":"product_cat","embeddable":true,"href":"https:\/\/truusk.store\/sv\/wp-json\/wp\/v2\/product_cat?post=95220"},{"taxonomy":"product_tag","embeddable":true,"href":"https:\/\/truusk.store\/sv\/wp-json\/wp\/v2\/product_tag?post=95220"}],"curies":[{"name":"wp","href":"https:\/\/api.w.org\/{rel}","templated":true}]}}