{"id":95242,"date":"2025-11-10T13:40:08","date_gmt":"2025-11-10T12:40:08","guid":{"rendered":"https:\/\/truusk.store\/product\/hundvaska-hundbarare-for-hundar-under-5-kg-2-remmar-oxford-tyg-kudde-koppel-kramvit\/"},"modified":"2026-03-12T08:49:14","modified_gmt":"2026-03-12T07:49:14","slug":"truusk-hundvaska-for-sma-hundar-2-remmar-oxford-tyg-kudde-koppel-kramvit","status":"publish","type":"product","link":"https:\/\/truusk.store\/sv\/produkt\/truusk-hundvaska-for-sma-hundar-2-remmar-oxford-tyg-kudde-koppel-kramvit\/","title":{"rendered":"TRUUSK Hundv\u00e4ska f\u00f6r Sm\u00e5 Hundar &#8211; 2 Remmar &#8211; Oxford-tyg &#8211; Kudde &#8211; Koppel &#8211; Kr\u00e4mvit"},"content":{"rendered":"<p>St\u00f6rd av stressiga bilturer med ett nerv\u00f6st djur? Oro f\u00f6r deras s\u00e4kerhet kan f\u00f6rst\u00f6ra n\u00f6jet. TRUUSK hundbils\u00e4tet \u00e4r l\u00f6sningen f\u00f6r avkoppling. Med hundbils\u00e4tets trippels\u00e4kerhetssystem h\u00e5lls ditt djur s\u00e4kert, och i den mjuka, mysiga insidan kan det vila lugnt. Dessutom kan den eleganta hundbilsstolen omvandlas till en moderiktig v\u00e4ska, som kombinerar s\u00e4kerhet och stil p\u00e5 varje resa.<\/p>\n<p>Beskrivning:<\/p>\n<ul>\n<li> Hundbils\u00e4tet har tv\u00e5 remmar, en halkfri botten och en koppel f\u00f6r s\u00e4kerhet<\/li>\n<li> Mjuk foder och mysig fyllning i hundbils\u00e4tet skapar ett bekv\u00e4mt, lugnande utrymme<\/li>\n<li> Robust 600D Oxford-tyg f\u00f6rhindrar repor och h\u00e5ller dina bils\u00e4ten rena<\/li>\n<li> Snygg design fungerar b\u00e5de som hundbils\u00e4te och som husdjursv\u00e4ska<\/li>\n<li> Avtagbar kudde och \u00f6verdrag \u00e4r helt maskintv\u00e4ttbara f\u00f6r enkel reng\u00f6ring<\/li>\n<li> Perfekt f\u00f6r husdjur under 5 kg, erbjuder ett s\u00e4kert, bekv\u00e4mt utrymme<\/li>\n<li> Montering kr\u00e4vs<\/li>\n<\/ul>\n<p> Tekniska data:<\/p>\n<ul>\n<li> F\u00e4rg: Kr\u00e4mvit<\/li>\n<li> Material: Oxford-tyg, bomullsvelvet<\/li>\n<li> Totala dimensioner: 50L x 30B x 31H cm<\/li>\n<li> Inre dimensioner: 47L x 29B cm<\/li>\n<li> Sidh\u00f6jd: 14H cm<\/li>\n<li> Omgivande h\u00f6jd: 29H cm<\/li>\n<li> Kuddm\u00e5tt: 49L x 29,5B x 2H cm<\/li>\n<li> L\u00e4ngd p\u00e5 s\u00e4kerhetsb\u00e4ltet: upp till 45 cm<\/li>\n<li> L\u00e4ngd p\u00e5 f\u00e4stremmen: upp till 114 cm<\/li>\n<li> B\u00e4rkapacitet: 5 kg<\/li>\n<\/ul>\n<p>Leveransinneh\u00e5ll:<\/p>\n<ul>\n<li> 1 x Husdjursbils\u00e4te<\/li>\n<li> 1 x Bruksanvisning<\/li>\n<\/ul>\n","protected":false},"excerpt":{"rendered":"<p>St\u00f6rd av stressiga bilturer med ett nerv\u00f6st djur? Oro f\u00f6r deras s\u00e4kerhet kan f\u00f6rst\u00f6ra n\u00f6jet. TRUUSK hundbils\u00e4tet \u00e4r l\u00f6sningen f\u00f6r&#8230;<\/p>\n","protected":false},"featured_media":95231,"template":"","meta":[],"product_brand":[],"product_cat":[878,576,574],"product_tag":[],"class_list":{"0":"post-95242","1":"product","2":"type-product","3":"status-publish","4":"has-post-thumbnail","6":"product_cat-djurbehov","7":"product_cat-hundsangar-hundsoffor","8":"product_cat-hundtillbehor","10":"first","11":"instock","12":"sale","13":"taxable","14":"shipping-taxable","15":"purchasable","16":"product-type-simple"},"yoast_head":"<!-- This site is optimized with the Yoast SEO plugin v25.4 - https:\/\/yoast.com\/wordpress\/plugins\/seo\/ -->\n<title>TRUUSK Hundv\u00e4ska f\u00f6r Sm\u00e5 Hundar - 2 Remmar - Oxford-tyg - Kudde - Koppel - Kr\u00e4mvit - TRUUSK - Hem, Tr\u00e4dg\u00e5rd &amp; Fritid<\/title>\n<meta name=\"robots\" content=\"index, follow, max-snippet:-1, max-image-preview:large, max-video-preview:-1\" \/>\n<link rel=\"canonical\" href=\"https:\/\/truusk.store\/sv\/produkt\/truusk-hundvaska-for-sma-hundar-2-remmar-oxford-tyg-kudde-koppel-kramvit\/\" \/>\n<meta property=\"og:locale\" content=\"sv_SE\" \/>\n<meta property=\"og:type\" content=\"article\" \/>\n<meta property=\"og:title\" content=\"TRUUSK Hundv\u00e4ska f\u00f6r Sm\u00e5 Hundar - 2 Remmar - Oxford-tyg - Kudde - Koppel - Kr\u00e4mvit - TRUUSK - Hem, Tr\u00e4dg\u00e5rd &amp; Fritid\" \/>\n<meta property=\"og:description\" content=\"St\u00f6rd av stressiga bilturer med ett nerv\u00f6st djur? Oro f\u00f6r deras s\u00e4kerhet kan f\u00f6rst\u00f6ra n\u00f6jet. TRUUSK hundbils\u00e4tet \u00e4r l\u00f6sningen f\u00f6r...\" \/>\n<meta property=\"og:url\" content=\"https:\/\/truusk.store\/sv\/produkt\/truusk-hundvaska-for-sma-hundar-2-remmar-oxford-tyg-kudde-koppel-kramvit\/\" \/>\n<meta property=\"og:site_name\" content=\"TRUUSK - Hem, Tr\u00e4dg\u00e5rd &amp; Fritid\" \/>\n<meta property=\"article:modified_time\" content=\"2026-03-12T07:49:14+00:00\" \/>\n<meta property=\"og:image\" content=\"https:\/\/i0.wp.com\/truusk.se\/wp-content\/uploads\/2025\/11\/hundvaska-hundbarare-for-hundar-under-5-kg-2-remmar-oxford-tyg-kudde-koppel-kramvit-1.webp?fit=2000%2C2000&ssl=1\" \/>\n\t<meta property=\"og:image:width\" content=\"2000\" \/>\n\t<meta property=\"og:image:height\" content=\"2000\" \/>\n\t<meta property=\"og:image:type\" content=\"image\/webp\" \/>\n<meta name=\"twitter:card\" content=\"summary_large_image\" \/>\n<meta name=\"twitter:label1\" content=\"Ber\u00e4knad l\u00e4stid\" \/>\n\t<meta name=\"twitter:data1\" content=\"1 minut\" \/>\n<!-- \/ Yoast SEO plugin. -->","yoast_head_json":{"title":"TRUUSK Hundv\u00e4ska f\u00f6r Sm\u00e5 Hundar - 2 Remmar - Oxford-tyg - Kudde - Koppel - Kr\u00e4mvit - TRUUSK - Hem, Tr\u00e4dg\u00e5rd &amp; Fritid","robots":{"index":"index","follow":"follow","max-snippet":"max-snippet:-1","max-image-preview":"max-image-preview:large","max-video-preview":"max-video-preview:-1"},"canonical":"https:\/\/truusk.store\/sv\/produkt\/truusk-hundvaska-for-sma-hundar-2-remmar-oxford-tyg-kudde-koppel-kramvit\/","og_locale":"sv_SE","og_type":"article","og_title":"TRUUSK Hundv\u00e4ska f\u00f6r Sm\u00e5 Hundar - 2 Remmar - Oxford-tyg - Kudde - Koppel - Kr\u00e4mvit - TRUUSK - Hem, Tr\u00e4dg\u00e5rd &amp; Fritid","og_description":"St\u00f6rd av stressiga bilturer med ett nerv\u00f6st djur? Oro f\u00f6r deras s\u00e4kerhet kan f\u00f6rst\u00f6ra n\u00f6jet. TRUUSK hundbils\u00e4tet \u00e4r l\u00f6sningen f\u00f6r...","og_url":"https:\/\/truusk.store\/sv\/produkt\/truusk-hundvaska-for-sma-hundar-2-remmar-oxford-tyg-kudde-koppel-kramvit\/","og_site_name":"TRUUSK - Hem, Tr\u00e4dg\u00e5rd &amp; Fritid","article_modified_time":"2026-03-12T07:49:14+00:00","og_image":[{"width":2000,"height":2000,"url":"https:\/\/i0.wp.com\/truusk.se\/wp-content\/uploads\/2025\/11\/hundvaska-hundbarare-for-hundar-under-5-kg-2-remmar-oxford-tyg-kudde-koppel-kramvit-1.webp?fit=2000%2C2000&ssl=1","type":"image\/webp"}],"twitter_card":"summary_large_image","twitter_misc":{"Ber\u00e4knad l\u00e4stid":"1 minut"},"schema":{"@context":"https:\/\/schema.org","@graph":[{"@type":"WebPage","@id":"https:\/\/truusk.store\/sv\/produkt\/truusk-hundvaska-for-sma-hundar-2-remmar-oxford-tyg-kudde-koppel-kramvit\/","url":"https:\/\/truusk.store\/sv\/produkt\/truusk-hundvaska-for-sma-hundar-2-remmar-oxford-tyg-kudde-koppel-kramvit\/","name":"TRUUSK Hundv\u00e4ska f\u00f6r Sm\u00e5 Hundar - 2 Remmar - Oxford-tyg - Kudde - Koppel - Kr\u00e4mvit - TRUUSK - Hem, Tr\u00e4dg\u00e5rd &amp; Fritid","isPartOf":{"@id":"https:\/\/truusk.store\/sv\/#website"},"primaryImageOfPage":{"@id":"https:\/\/truusk.store\/sv\/produkt\/truusk-hundvaska-for-sma-hundar-2-remmar-oxford-tyg-kudde-koppel-kramvit\/#primaryimage"},"image":{"@id":"https:\/\/truusk.store\/sv\/produkt\/truusk-hundvaska-for-sma-hundar-2-remmar-oxford-tyg-kudde-koppel-kramvit\/#primaryimage"},"thumbnailUrl":"https:\/\/i0.wp.com\/truusk.store\/wp-content\/uploads\/2025\/11\/hundvaska-hundbarare-for-hundar-under-5-kg-2-remmar-oxford-tyg-kudde-koppel-kramvit-1.webp?fit=2000%2C2000&ssl=1","datePublished":"2025-11-10T12:40:08+00:00","dateModified":"2026-03-12T07:49:14+00:00","breadcrumb":{"@id":"https:\/\/truusk.store\/sv\/produkt\/truusk-hundvaska-for-sma-hundar-2-remmar-oxford-tyg-kudde-koppel-kramvit\/#breadcrumb"},"inLanguage":"sv-SE","potentialAction":[{"@type":"ReadAction","target":["https:\/\/truusk.store\/sv\/produkt\/truusk-hundvaska-for-sma-hundar-2-remmar-oxford-tyg-kudde-koppel-kramvit\/"]}]},{"@type":"ImageObject","inLanguage":"sv-SE","@id":"https:\/\/truusk.store\/sv\/produkt\/truusk-hundvaska-for-sma-hundar-2-remmar-oxford-tyg-kudde-koppel-kramvit\/#primaryimage","url":"https:\/\/i0.wp.com\/truusk.store\/wp-content\/uploads\/2025\/11\/hundvaska-hundbarare-for-hundar-under-5-kg-2-remmar-oxford-tyg-kudde-koppel-kramvit-1.webp?fit=2000%2C2000&ssl=1","contentUrl":"https:\/\/i0.wp.com\/truusk.store\/wp-content\/uploads\/2025\/11\/hundvaska-hundbarare-for-hundar-under-5-kg-2-remmar-oxford-tyg-kudde-koppel-kramvit-1.webp?fit=2000%2C2000&ssl=1","width":2000,"height":2000},{"@type":"BreadcrumbList","@id":"https:\/\/truusk.store\/sv\/produkt\/truusk-hundvaska-for-sma-hundar-2-remmar-oxford-tyg-kudde-koppel-kramvit\/#breadcrumb","itemListElement":[{"@type":"ListItem","position":1,"name":"Home","item":"https:\/\/truusk.store\/sv\/"},{"@type":"ListItem","position":2,"name":"Shop","item":"https:\/\/truusk.store\/shop\/"},{"@type":"ListItem","position":3,"name":"TRUUSK Hundv\u00e4ska f\u00f6r Sm\u00e5 Hundar &#8211; 2 Remmar &#8211; Oxford-tyg &#8211; Kudde &#8211; Koppel &#8211; Kr\u00e4mvit"}]},{"@type":"WebSite","@id":"https:\/\/truusk.store\/sv\/#website","url":"https:\/\/truusk.store\/sv\/","name":"TRUUSK - Hem, Tr\u00e4dg\u00e5rd & Fritid","description":"","publisher":{"@id":"https:\/\/truusk.store\/sv\/#organization"},"potentialAction":[{"@type":"SearchAction","target":{"@type":"EntryPoint","urlTemplate":"https:\/\/truusk.store\/sv\/?s={search_term_string}"},"query-input":{"@type":"PropertyValueSpecification","valueRequired":true,"valueName":"search_term_string"}}],"inLanguage":"sv-SE"},{"@type":"Organization","@id":"https:\/\/truusk.store\/sv\/#organization","name":"TRUUSK - Hem, Tr\u00e4dg\u00e5rd & Fritid","url":"https:\/\/truusk.store\/sv\/","logo":{"@type":"ImageObject","inLanguage":"sv-SE","@id":"https:\/\/truusk.store\/sv\/#\/schema\/logo\/image\/","url":"https:\/\/i0.wp.com\/truusk.store\/wp-content\/uploads\/2026\/03\/cropped-TRUUSK.png?fit=2032%2C917&ssl=1","contentUrl":"https:\/\/i0.wp.com\/truusk.store\/wp-content\/uploads\/2026\/03\/cropped-TRUUSK.png?fit=2032%2C917&ssl=1","width":2032,"height":917,"caption":"TRUUSK - Hem, Tr\u00e4dg\u00e5rd & Fritid"},"image":{"@id":"https:\/\/truusk.store\/sv\/#\/schema\/logo\/image\/"}}]}},"jetpack_sharing_enabled":true,"_links":{"self":[{"href":"https:\/\/truusk.store\/sv\/wp-json\/wp\/v2\/product\/95242","targetHints":{"allow":["GET"]}}],"collection":[{"href":"https:\/\/truusk.store\/sv\/wp-json\/wp\/v2\/product"}],"about":[{"href":"https:\/\/truusk.store\/sv\/wp-json\/wp\/v2\/types\/product"}],"wp:featuredmedia":[{"embeddable":true,"href":"https:\/\/truusk.store\/sv\/wp-json\/wp\/v2\/media\/95231"}],"wp:attachment":[{"href":"https:\/\/truusk.store\/sv\/wp-json\/wp\/v2\/media?parent=95242"}],"wp:term":[{"taxonomy":"product_brand","embeddable":true,"href":"https:\/\/truusk.store\/sv\/wp-json\/wp\/v2\/product_brand?post=95242"},{"taxonomy":"product_cat","embeddable":true,"href":"https:\/\/truusk.store\/sv\/wp-json\/wp\/v2\/product_cat?post=95242"},{"taxonomy":"product_tag","embeddable":true,"href":"https:\/\/truusk.store\/sv\/wp-json\/wp\/v2\/product_tag?post=95242"}],"curies":[{"name":"wp","href":"https:\/\/api.w.org\/{rel}","templated":true}]}}