{"id":95272,"date":"2025-11-10T13:43:04","date_gmt":"2025-11-10T12:43:04","guid":{"rendered":"https:\/\/truusk.store\/product\/aiyaplay-mercedes-elbil-akbil-for-barn-12v-batteri-led-ljus-musikfunktion-tuta-3-8-ar-vit\/"},"modified":"2026-03-12T08:49:15","modified_gmt":"2026-03-12T07:49:15","slug":"truusk-mercedes-elbil-for-barn-12v-batteri-led-ljus-musikfunktion-tuta-for-aldrar-3-8-ar-vit","status":"publish","type":"product","link":"https:\/\/truusk.store\/sv\/produkt\/truusk-mercedes-elbil-for-barn-12v-batteri-led-ljus-musikfunktion-tuta-for-aldrar-3-8-ar-vit\/","title":{"rendered":"TRUUSK Mercedes-elbil f\u00f6r barn &#8211; 12V batteri &#8211; LED-ljus &#8211; Musikfunktion &#8211; Tuta &#8211; F\u00f6r \u00e5ldrar 3-8 \u00e5r &#8211; Vit"},"content":{"rendered":"<p>Den officiellt licensierade Mercedes-AMG elbilen f\u00f6r barn kombinerar elegans och kraft. Utrustad med tv\u00e5 25W motorer och ett 12V batteri, garanterar det 60-80 minuters k\u00f6rgl\u00e4dje. Barn kan k\u00f6ra sj\u00e4lva eller s\u00e4kras med f\u00f6r\u00e4ldrarnas 2,4G fj\u00e4rrkontroll. LED-lampor, musik och horn p\u00e5 barnets elbil \u00f6kar k\u00f6rgl\u00e4djen och en display visar batteriets livsl\u00e4ngd. Tack vare draghandtag och st\u00f6dhjul \u00e4r barnbilen ocks\u00e5 l\u00e4tt att man\u00f6vrera.<\/p>\n<p>Beskrivning:<\/p>\n<ul>\n<li> Officiellt licensierad Mercedes-AMG design f\u00f6r en autentisk, stilfull \u00e5ktur<\/li>\n<li> Tv\u00e5 25W motorer ger upp till 80 minuters oavbruten k\u00f6rgl\u00e4dje<\/li>\n<li> Barnets elbil erbjuder manuella och fj\u00e4rrstyrningsl\u00e4gen som garanterar fullst\u00e4ndig s\u00e4kerhet<\/li>\n<li> Ljusa LED-lampor och tr\u00e5dl\u00f6s musik p\u00e5 elbilen f\u00f6r barn ger en uppslukande k\u00f6rupplevelse<\/li>\n<li> Tydlig energiindikator p\u00e5 barnbilen hj\u00e4lper till att enkelt hantera batteriets livsl\u00e4ngd<\/li>\n<li> Inneh\u00e5ller ett draghandtag och tr\u00e4ningshjul f\u00f6r enkel transport<\/li>\n<li> Bred, bekv\u00e4m sits p\u00e5 barnets elbil erbjuder en trevlig \u00e5ktur f\u00f6r barn i \u00e5ldern 3-8 \u00e5r<\/li>\n<li> Montering kr\u00e4vs<\/li>\n<\/ul>\n<p> Tekniska data:<\/p>\n<ul>\n<li> F\u00e4rg: Vit<\/li>\n<li> Material: Plast, metall<\/li>\n<li> Totala dimensioner: 115L x 66B x 44H cm<\/li>\n<li> Sitsstorlek: 38,5B x 22T cm<\/li>\n<li> Sitth\u00f6jd: 15 cm<\/li>\n<li> Plasthjul: \u00d822 cm<\/li>\n<li> B\u00e4rkapacitet: 30 kg<\/li>\n<li> Batteri: 1 x 12 V 4,5 AH<\/li>\n<li> Laddningstid: 8-10 timmar<\/li>\n<li> Drifttid: 60-80 minuter<\/li>\n<li> Rekommenderad \u00e5lder: 3-8 \u00e5r<\/li>\n<\/ul>\n<p>Leveransinneh\u00e5ll:<\/p>\n<ul>\n<li> 1 x Elektrisk \u00e5kfordon<\/li>\n<li> 1 x Manual<\/li>\n<\/ul>\n","protected":false},"excerpt":{"rendered":"<p>Den officiellt licensierade Mercedes-AMG elbilen f\u00f6r barn kombinerar elegans och kraft. Utrustad med tv\u00e5 25W motorer och ett 12V batteri,&#8230;<\/p>\n","protected":false},"featured_media":95261,"template":"","meta":[],"product_brand":[],"product_cat":[880,610,1066],"product_tag":[],"class_list":{"0":"post-95272","1":"product","2":"type-product","3":"status-publish","4":"has-post-thumbnail","6":"product_cat-baby-barn-2","7":"product_cat-barnfordon","8":"product_cat-barns-elbilar","10":"first","11":"instock","12":"sale","13":"taxable","14":"shipping-taxable","15":"purchasable","16":"product-type-simple"},"yoast_head":"<!-- This site is optimized with the Yoast SEO plugin v25.4 - https:\/\/yoast.com\/wordpress\/plugins\/seo\/ -->\n<title>TRUUSK Mercedes-elbil f\u00f6r barn - 12V batteri - LED-ljus - Musikfunktion - Tuta - F\u00f6r \u00e5ldrar 3-8 \u00e5r - Vit - TRUUSK - Hem, Tr\u00e4dg\u00e5rd &amp; Fritid<\/title>\n<meta name=\"robots\" content=\"index, follow, max-snippet:-1, max-image-preview:large, max-video-preview:-1\" \/>\n<link rel=\"canonical\" href=\"https:\/\/truusk.store\/sv\/produkt\/truusk-mercedes-elbil-for-barn-12v-batteri-led-ljus-musikfunktion-tuta-for-aldrar-3-8-ar-vit\/\" \/>\n<meta property=\"og:locale\" content=\"sv_SE\" \/>\n<meta property=\"og:type\" content=\"article\" \/>\n<meta property=\"og:title\" content=\"TRUUSK Mercedes-elbil f\u00f6r barn - 12V batteri - LED-ljus - Musikfunktion - Tuta - F\u00f6r \u00e5ldrar 3-8 \u00e5r - Vit - TRUUSK - Hem, Tr\u00e4dg\u00e5rd &amp; Fritid\" \/>\n<meta property=\"og:description\" content=\"Den officiellt licensierade Mercedes-AMG elbilen f\u00f6r barn kombinerar elegans och kraft. Utrustad med tv\u00e5 25W motorer och ett 12V batteri,...\" \/>\n<meta property=\"og:url\" content=\"https:\/\/truusk.store\/sv\/produkt\/truusk-mercedes-elbil-for-barn-12v-batteri-led-ljus-musikfunktion-tuta-for-aldrar-3-8-ar-vit\/\" \/>\n<meta property=\"og:site_name\" content=\"TRUUSK - Hem, Tr\u00e4dg\u00e5rd &amp; Fritid\" \/>\n<meta property=\"article:modified_time\" content=\"2026-03-12T07:49:15+00:00\" \/>\n<meta property=\"og:image\" content=\"https:\/\/i0.wp.com\/truusk.se\/wp-content\/uploads\/2025\/11\/aiyaplay-mercedes-elbil-akbil-for-barn-12v-batteri-led-ljus-musikfunktion-tuta-3-8-ar-vit-1.webp?fit=2000%2C2000&ssl=1\" \/>\n\t<meta property=\"og:image:width\" content=\"2000\" \/>\n\t<meta property=\"og:image:height\" content=\"2000\" \/>\n\t<meta property=\"og:image:type\" content=\"image\/webp\" \/>\n<meta name=\"twitter:card\" content=\"summary_large_image\" \/>\n<meta name=\"twitter:label1\" content=\"Ber\u00e4knad l\u00e4stid\" \/>\n\t<meta name=\"twitter:data1\" content=\"1 minut\" \/>\n<!-- \/ Yoast SEO plugin. -->","yoast_head_json":{"title":"TRUUSK Mercedes-elbil f\u00f6r barn - 12V batteri - LED-ljus - Musikfunktion - Tuta - F\u00f6r \u00e5ldrar 3-8 \u00e5r - Vit - TRUUSK - Hem, Tr\u00e4dg\u00e5rd &amp; Fritid","robots":{"index":"index","follow":"follow","max-snippet":"max-snippet:-1","max-image-preview":"max-image-preview:large","max-video-preview":"max-video-preview:-1"},"canonical":"https:\/\/truusk.store\/sv\/produkt\/truusk-mercedes-elbil-for-barn-12v-batteri-led-ljus-musikfunktion-tuta-for-aldrar-3-8-ar-vit\/","og_locale":"sv_SE","og_type":"article","og_title":"TRUUSK Mercedes-elbil f\u00f6r barn - 12V batteri - LED-ljus - Musikfunktion - Tuta - F\u00f6r \u00e5ldrar 3-8 \u00e5r - Vit - TRUUSK - Hem, Tr\u00e4dg\u00e5rd &amp; Fritid","og_description":"Den officiellt licensierade Mercedes-AMG elbilen f\u00f6r barn kombinerar elegans och kraft. Utrustad med tv\u00e5 25W motorer och ett 12V batteri,...","og_url":"https:\/\/truusk.store\/sv\/produkt\/truusk-mercedes-elbil-for-barn-12v-batteri-led-ljus-musikfunktion-tuta-for-aldrar-3-8-ar-vit\/","og_site_name":"TRUUSK - Hem, Tr\u00e4dg\u00e5rd &amp; Fritid","article_modified_time":"2026-03-12T07:49:15+00:00","og_image":[{"width":2000,"height":2000,"url":"https:\/\/i0.wp.com\/truusk.se\/wp-content\/uploads\/2025\/11\/aiyaplay-mercedes-elbil-akbil-for-barn-12v-batteri-led-ljus-musikfunktion-tuta-3-8-ar-vit-1.webp?fit=2000%2C2000&ssl=1","type":"image\/webp"}],"twitter_card":"summary_large_image","twitter_misc":{"Ber\u00e4knad l\u00e4stid":"1 minut"},"schema":{"@context":"https:\/\/schema.org","@graph":[{"@type":"WebPage","@id":"https:\/\/truusk.store\/sv\/produkt\/truusk-mercedes-elbil-for-barn-12v-batteri-led-ljus-musikfunktion-tuta-for-aldrar-3-8-ar-vit\/","url":"https:\/\/truusk.store\/sv\/produkt\/truusk-mercedes-elbil-for-barn-12v-batteri-led-ljus-musikfunktion-tuta-for-aldrar-3-8-ar-vit\/","name":"TRUUSK Mercedes-elbil f\u00f6r barn - 12V batteri - LED-ljus - Musikfunktion - Tuta - F\u00f6r \u00e5ldrar 3-8 \u00e5r - Vit - TRUUSK - Hem, Tr\u00e4dg\u00e5rd &amp; Fritid","isPartOf":{"@id":"https:\/\/truusk.store\/sv\/#website"},"primaryImageOfPage":{"@id":"https:\/\/truusk.store\/sv\/produkt\/truusk-mercedes-elbil-for-barn-12v-batteri-led-ljus-musikfunktion-tuta-for-aldrar-3-8-ar-vit\/#primaryimage"},"image":{"@id":"https:\/\/truusk.store\/sv\/produkt\/truusk-mercedes-elbil-for-barn-12v-batteri-led-ljus-musikfunktion-tuta-for-aldrar-3-8-ar-vit\/#primaryimage"},"thumbnailUrl":"https:\/\/i0.wp.com\/truusk.store\/wp-content\/uploads\/2025\/11\/aiyaplay-mercedes-elbil-akbil-for-barn-12v-batteri-led-ljus-musikfunktion-tuta-3-8-ar-vit-1.webp?fit=2000%2C2000&ssl=1","datePublished":"2025-11-10T12:43:04+00:00","dateModified":"2026-03-12T07:49:15+00:00","breadcrumb":{"@id":"https:\/\/truusk.store\/sv\/produkt\/truusk-mercedes-elbil-for-barn-12v-batteri-led-ljus-musikfunktion-tuta-for-aldrar-3-8-ar-vit\/#breadcrumb"},"inLanguage":"sv-SE","potentialAction":[{"@type":"ReadAction","target":["https:\/\/truusk.store\/sv\/produkt\/truusk-mercedes-elbil-for-barn-12v-batteri-led-ljus-musikfunktion-tuta-for-aldrar-3-8-ar-vit\/"]}]},{"@type":"ImageObject","inLanguage":"sv-SE","@id":"https:\/\/truusk.store\/sv\/produkt\/truusk-mercedes-elbil-for-barn-12v-batteri-led-ljus-musikfunktion-tuta-for-aldrar-3-8-ar-vit\/#primaryimage","url":"https:\/\/i0.wp.com\/truusk.store\/wp-content\/uploads\/2025\/11\/aiyaplay-mercedes-elbil-akbil-for-barn-12v-batteri-led-ljus-musikfunktion-tuta-3-8-ar-vit-1.webp?fit=2000%2C2000&ssl=1","contentUrl":"https:\/\/i0.wp.com\/truusk.store\/wp-content\/uploads\/2025\/11\/aiyaplay-mercedes-elbil-akbil-for-barn-12v-batteri-led-ljus-musikfunktion-tuta-3-8-ar-vit-1.webp?fit=2000%2C2000&ssl=1","width":2000,"height":2000},{"@type":"BreadcrumbList","@id":"https:\/\/truusk.store\/sv\/produkt\/truusk-mercedes-elbil-for-barn-12v-batteri-led-ljus-musikfunktion-tuta-for-aldrar-3-8-ar-vit\/#breadcrumb","itemListElement":[{"@type":"ListItem","position":1,"name":"Home","item":"https:\/\/truusk.store\/sv\/"},{"@type":"ListItem","position":2,"name":"Shop","item":"https:\/\/truusk.store\/shop\/"},{"@type":"ListItem","position":3,"name":"TRUUSK Mercedes-elbil f\u00f6r barn &#8211; 12V batteri &#8211; LED-ljus &#8211; Musikfunktion &#8211; Tuta &#8211; F\u00f6r \u00e5ldrar 3-8 \u00e5r &#8211; Vit"}]},{"@type":"WebSite","@id":"https:\/\/truusk.store\/sv\/#website","url":"https:\/\/truusk.store\/sv\/","name":"TRUUSK - Hem, Tr\u00e4dg\u00e5rd & Fritid","description":"","publisher":{"@id":"https:\/\/truusk.store\/sv\/#organization"},"potentialAction":[{"@type":"SearchAction","target":{"@type":"EntryPoint","urlTemplate":"https:\/\/truusk.store\/sv\/?s={search_term_string}"},"query-input":{"@type":"PropertyValueSpecification","valueRequired":true,"valueName":"search_term_string"}}],"inLanguage":"sv-SE"},{"@type":"Organization","@id":"https:\/\/truusk.store\/sv\/#organization","name":"TRUUSK - Hem, Tr\u00e4dg\u00e5rd & Fritid","url":"https:\/\/truusk.store\/sv\/","logo":{"@type":"ImageObject","inLanguage":"sv-SE","@id":"https:\/\/truusk.store\/sv\/#\/schema\/logo\/image\/","url":"https:\/\/i0.wp.com\/truusk.store\/wp-content\/uploads\/2026\/03\/cropped-TRUUSK.png?fit=2032%2C917&ssl=1","contentUrl":"https:\/\/i0.wp.com\/truusk.store\/wp-content\/uploads\/2026\/03\/cropped-TRUUSK.png?fit=2032%2C917&ssl=1","width":2032,"height":917,"caption":"TRUUSK - Hem, Tr\u00e4dg\u00e5rd & Fritid"},"image":{"@id":"https:\/\/truusk.store\/sv\/#\/schema\/logo\/image\/"}}]}},"jetpack_sharing_enabled":true,"_links":{"self":[{"href":"https:\/\/truusk.store\/sv\/wp-json\/wp\/v2\/product\/95272","targetHints":{"allow":["GET"]}}],"collection":[{"href":"https:\/\/truusk.store\/sv\/wp-json\/wp\/v2\/product"}],"about":[{"href":"https:\/\/truusk.store\/sv\/wp-json\/wp\/v2\/types\/product"}],"wp:featuredmedia":[{"embeddable":true,"href":"https:\/\/truusk.store\/sv\/wp-json\/wp\/v2\/media\/95261"}],"wp:attachment":[{"href":"https:\/\/truusk.store\/sv\/wp-json\/wp\/v2\/media?parent=95272"}],"wp:term":[{"taxonomy":"product_brand","embeddable":true,"href":"https:\/\/truusk.store\/sv\/wp-json\/wp\/v2\/product_brand?post=95272"},{"taxonomy":"product_cat","embeddable":true,"href":"https:\/\/truusk.store\/sv\/wp-json\/wp\/v2\/product_cat?post=95272"},{"taxonomy":"product_tag","embeddable":true,"href":"https:\/\/truusk.store\/sv\/wp-json\/wp\/v2\/product_tag?post=95272"}],"curies":[{"name":"wp","href":"https:\/\/api.w.org\/{rel}","templated":true}]}}