{"id":95280,"date":"2025-11-10T13:43:48","date_gmt":"2025-11-10T12:43:48","guid":{"rendered":"https:\/\/truusk.store\/product\/taklampa-led-38w-1500lm-3000k-6500k-taklampa-vardagsrumslampa-med-4-glodlampor-fjarrkontroll-svartguld\/"},"modified":"2026-03-12T08:50:12","modified_gmt":"2026-03-12T07:50:12","slug":"truusk-led-taklampa-38w-1500lm-3000k-6500k-vardagsrumslampa-med-4-glodlampor-fjarrkontroll-svartguld","status":"publish","type":"product","link":"https:\/\/truusk.store\/sv\/produkt\/truusk-led-taklampa-38w-1500lm-3000k-6500k-vardagsrumslampa-med-4-glodlampor-fjarrkontroll-svartguld\/","title":{"rendered":"TRUUSK LED Taklampa 38W 1500LM 3000K-6500K &#8211; Vardagsrumslampa Med 4 Gl\u00f6dlampor &#8211; Fj\u00e4rrkontroll &#8211; Svart+Guld"},"content":{"rendered":"<p>Omstrukturera ditt stora, m\u00f6rka rum med TRUUSK LED-taklampan, som kombinerar modern lyx med funktionalitet. Denna eleganta taklampa f\u00f6r vardagsrummet med svarta ringar och guldaccenter ger varje rum en nobel touch. Kontrollera bekv\u00e4mt ljusstyrka, f\u00e4rgtemperatur och scenarier med fj\u00e4rrkontrollen, passande f\u00f6r varje hum\u00f6r, och belys stora omr\u00e5den med dess imponerande 100 cm inf\u00e4llda design.<\/p>\n<p>Beskrivning:<\/p>\n<ul>\n<li> Modern design av taklampan med fyra svarta ringar och guldaccenter \u00f6kar elegansen i ditt rum<\/li>\n<li> Kontrollera ljusstyrka, f\u00e4rg (3000K-6500K) och scenl\u00e4gen bekv\u00e4mt p\u00e5 avst\u00e5nd f\u00f6r att enkelt skapa den \u00f6nskade atmosf\u00e4ren<\/li>\n<li> Stor taklampa belyser rymliga rum j\u00e4mnt<\/li>\n<li> LED-taklampan kommer fullt monterad, vilket m\u00f6jligg\u00f6r en snabb och okomplicerad installationsprocess<\/li>\n<li> Tillverkad av robust st\u00e5l och silikon, vilket garanterar l\u00e5ngvarig stil och h\u00e5llbarhet<\/li>\n<li> H\u00f6gkvalitativt CRI&gt;80 LED-ljus avsl\u00f6jar de sanna, levande f\u00e4rgerna i ditt hem<\/li>\n<\/ul>\n<p> Tekniska data:<\/p>\n<ul>\n<li> F\u00e4rg: Vit+Svart+Guldf\u00e4rg<\/li>\n<li> Material: St\u00e5l, Silikon<\/li>\n<li> Totala dimensioner: 100L x 31B x 7H cm<\/li>\n<li> Basstorlek: 100L x 5B x 3,5T cm<\/li>\n<li> Monteringsplattans storlek: 99,5L x 2B x 0,15T cm<\/li>\n<li> Ljuskronans storlek: \u00d820 cm (4 st.)<\/li>\n<li> Guldskivans storlek: \u00d812,5 cm (3 st.)<\/li>\n<li> Ljusk\u00e4lla: LED<\/li>\n<li> Effekt: 38 W<\/li>\n<li> Ljusfl\u00f6de: 1500 lm<\/li>\n<li> F\u00e4rgtemperatur: 3000K-6500K<\/li>\n<li> F\u00e4rg\u00e5tergivningsindex: Ra&gt;80<\/li>\n<li> Ing\u00e5ngssp\u00e4nning\/-frekvens: AC 220-240 V, 50 Hz<\/li>\n<li> Energiklass: F<\/li>\n<li> Fj\u00e4rrkontroll drivs av: 2 x AAA batterier (ing\u00e5r ej)<\/li>\n<li> R\u00e4ckvidd f\u00f6r fj\u00e4rrkontroll: Inom 6-8 m<\/li>\n<\/ul>\n<p>Leveransinneh\u00e5ll:<\/p>\n<ul>\n<li> 1 x LED-taklampa<\/li>\n<li> 1 x Fj\u00e4rrkontroll<\/li>\n<li> 1 x Anv\u00e4ndarmanual<\/li>\n<\/ul>\n","protected":false},"excerpt":{"rendered":"<p>Omstrukturera ditt stora, m\u00f6rka rum med TRUUSK LED-taklampan, som kombinerar modern lyx med funktionalitet. Denna eleganta taklampa f\u00f6r vardagsrummet med&#8230;<\/p>\n","protected":false},"featured_media":95269,"template":"","meta":[],"product_brand":[],"product_cat":[486,871,487],"product_tag":[],"class_list":{"0":"post-95280","1":"product","2":"type-product","3":"status-publish","4":"has-post-thumbnail","6":"product_cat-belysning","7":"product_cat-hus-hem","8":"product_cat-tak-lampor","10":"first","11":"instock","12":"sale","13":"taxable","14":"shipping-taxable","15":"purchasable","16":"product-type-simple"},"yoast_head":"<!-- This site is optimized with the Yoast SEO plugin v25.4 - https:\/\/yoast.com\/wordpress\/plugins\/seo\/ -->\n<title>TRUUSK LED Taklampa 38W 1500LM 3000K-6500K - Vardagsrumslampa Med 4 Gl\u00f6dlampor - Fj\u00e4rrkontroll - Svart+Guld - TRUUSK - Hem, Tr\u00e4dg\u00e5rd &amp; Fritid<\/title>\n<meta name=\"robots\" content=\"index, follow, max-snippet:-1, max-image-preview:large, max-video-preview:-1\" \/>\n<link rel=\"canonical\" href=\"https:\/\/truusk.store\/sv\/produkt\/truusk-led-taklampa-38w-1500lm-3000k-6500k-vardagsrumslampa-med-4-glodlampor-fjarrkontroll-svartguld\/\" \/>\n<meta property=\"og:locale\" content=\"sv_SE\" \/>\n<meta property=\"og:type\" content=\"article\" \/>\n<meta property=\"og:title\" content=\"TRUUSK LED Taklampa 38W 1500LM 3000K-6500K - Vardagsrumslampa Med 4 Gl\u00f6dlampor - Fj\u00e4rrkontroll - Svart+Guld - TRUUSK - Hem, Tr\u00e4dg\u00e5rd &amp; Fritid\" \/>\n<meta property=\"og:description\" content=\"Omstrukturera ditt stora, m\u00f6rka rum med TRUUSK LED-taklampan, som kombinerar modern lyx med funktionalitet. Denna eleganta taklampa f\u00f6r vardagsrummet med...\" \/>\n<meta property=\"og:url\" content=\"https:\/\/truusk.store\/sv\/produkt\/truusk-led-taklampa-38w-1500lm-3000k-6500k-vardagsrumslampa-med-4-glodlampor-fjarrkontroll-svartguld\/\" \/>\n<meta property=\"og:site_name\" content=\"TRUUSK - Hem, Tr\u00e4dg\u00e5rd &amp; Fritid\" \/>\n<meta property=\"article:modified_time\" content=\"2026-03-12T07:50:12+00:00\" \/>\n<meta property=\"og:image\" content=\"https:\/\/i0.wp.com\/truusk.se\/wp-content\/uploads\/2025\/11\/taklampa-led-38w-1500lm-3000k-6500k-taklampa-vardagsrumslampa-med-4-glodlampor-fjarrkontroll-svartguld-1.webp?fit=2000%2C2000&ssl=1\" \/>\n\t<meta property=\"og:image:width\" content=\"2000\" \/>\n\t<meta property=\"og:image:height\" content=\"2000\" \/>\n\t<meta property=\"og:image:type\" content=\"image\/webp\" \/>\n<meta name=\"twitter:card\" content=\"summary_large_image\" \/>\n<meta name=\"twitter:label1\" content=\"Ber\u00e4knad l\u00e4stid\" \/>\n\t<meta name=\"twitter:data1\" content=\"1 minut\" \/>\n<!-- \/ Yoast SEO plugin. -->","yoast_head_json":{"title":"TRUUSK LED Taklampa 38W 1500LM 3000K-6500K - Vardagsrumslampa Med 4 Gl\u00f6dlampor - Fj\u00e4rrkontroll - Svart+Guld - TRUUSK - Hem, Tr\u00e4dg\u00e5rd &amp; Fritid","robots":{"index":"index","follow":"follow","max-snippet":"max-snippet:-1","max-image-preview":"max-image-preview:large","max-video-preview":"max-video-preview:-1"},"canonical":"https:\/\/truusk.store\/sv\/produkt\/truusk-led-taklampa-38w-1500lm-3000k-6500k-vardagsrumslampa-med-4-glodlampor-fjarrkontroll-svartguld\/","og_locale":"sv_SE","og_type":"article","og_title":"TRUUSK LED Taklampa 38W 1500LM 3000K-6500K - Vardagsrumslampa Med 4 Gl\u00f6dlampor - Fj\u00e4rrkontroll - Svart+Guld - TRUUSK - Hem, Tr\u00e4dg\u00e5rd &amp; Fritid","og_description":"Omstrukturera ditt stora, m\u00f6rka rum med TRUUSK LED-taklampan, som kombinerar modern lyx med funktionalitet. Denna eleganta taklampa f\u00f6r vardagsrummet med...","og_url":"https:\/\/truusk.store\/sv\/produkt\/truusk-led-taklampa-38w-1500lm-3000k-6500k-vardagsrumslampa-med-4-glodlampor-fjarrkontroll-svartguld\/","og_site_name":"TRUUSK - Hem, Tr\u00e4dg\u00e5rd &amp; Fritid","article_modified_time":"2026-03-12T07:50:12+00:00","og_image":[{"width":2000,"height":2000,"url":"https:\/\/i0.wp.com\/truusk.se\/wp-content\/uploads\/2025\/11\/taklampa-led-38w-1500lm-3000k-6500k-taklampa-vardagsrumslampa-med-4-glodlampor-fjarrkontroll-svartguld-1.webp?fit=2000%2C2000&ssl=1","type":"image\/webp"}],"twitter_card":"summary_large_image","twitter_misc":{"Ber\u00e4knad l\u00e4stid":"1 minut"},"schema":{"@context":"https:\/\/schema.org","@graph":[{"@type":"WebPage","@id":"https:\/\/truusk.store\/sv\/produkt\/truusk-led-taklampa-38w-1500lm-3000k-6500k-vardagsrumslampa-med-4-glodlampor-fjarrkontroll-svartguld\/","url":"https:\/\/truusk.store\/sv\/produkt\/truusk-led-taklampa-38w-1500lm-3000k-6500k-vardagsrumslampa-med-4-glodlampor-fjarrkontroll-svartguld\/","name":"TRUUSK LED Taklampa 38W 1500LM 3000K-6500K - Vardagsrumslampa Med 4 Gl\u00f6dlampor - Fj\u00e4rrkontroll - Svart+Guld - TRUUSK - Hem, Tr\u00e4dg\u00e5rd &amp; Fritid","isPartOf":{"@id":"https:\/\/truusk.store\/sv\/#website"},"primaryImageOfPage":{"@id":"https:\/\/truusk.store\/sv\/produkt\/truusk-led-taklampa-38w-1500lm-3000k-6500k-vardagsrumslampa-med-4-glodlampor-fjarrkontroll-svartguld\/#primaryimage"},"image":{"@id":"https:\/\/truusk.store\/sv\/produkt\/truusk-led-taklampa-38w-1500lm-3000k-6500k-vardagsrumslampa-med-4-glodlampor-fjarrkontroll-svartguld\/#primaryimage"},"thumbnailUrl":"https:\/\/i0.wp.com\/truusk.store\/wp-content\/uploads\/2025\/11\/taklampa-led-38w-1500lm-3000k-6500k-taklampa-vardagsrumslampa-med-4-glodlampor-fjarrkontroll-svartguld-1.webp?fit=2000%2C2000&ssl=1","datePublished":"2025-11-10T12:43:48+00:00","dateModified":"2026-03-12T07:50:12+00:00","breadcrumb":{"@id":"https:\/\/truusk.store\/sv\/produkt\/truusk-led-taklampa-38w-1500lm-3000k-6500k-vardagsrumslampa-med-4-glodlampor-fjarrkontroll-svartguld\/#breadcrumb"},"inLanguage":"sv-SE","potentialAction":[{"@type":"ReadAction","target":["https:\/\/truusk.store\/sv\/produkt\/truusk-led-taklampa-38w-1500lm-3000k-6500k-vardagsrumslampa-med-4-glodlampor-fjarrkontroll-svartguld\/"]}]},{"@type":"ImageObject","inLanguage":"sv-SE","@id":"https:\/\/truusk.store\/sv\/produkt\/truusk-led-taklampa-38w-1500lm-3000k-6500k-vardagsrumslampa-med-4-glodlampor-fjarrkontroll-svartguld\/#primaryimage","url":"https:\/\/i0.wp.com\/truusk.store\/wp-content\/uploads\/2025\/11\/taklampa-led-38w-1500lm-3000k-6500k-taklampa-vardagsrumslampa-med-4-glodlampor-fjarrkontroll-svartguld-1.webp?fit=2000%2C2000&ssl=1","contentUrl":"https:\/\/i0.wp.com\/truusk.store\/wp-content\/uploads\/2025\/11\/taklampa-led-38w-1500lm-3000k-6500k-taklampa-vardagsrumslampa-med-4-glodlampor-fjarrkontroll-svartguld-1.webp?fit=2000%2C2000&ssl=1","width":2000,"height":2000},{"@type":"BreadcrumbList","@id":"https:\/\/truusk.store\/sv\/produkt\/truusk-led-taklampa-38w-1500lm-3000k-6500k-vardagsrumslampa-med-4-glodlampor-fjarrkontroll-svartguld\/#breadcrumb","itemListElement":[{"@type":"ListItem","position":1,"name":"Home","item":"https:\/\/truusk.store\/sv\/"},{"@type":"ListItem","position":2,"name":"Shop","item":"https:\/\/truusk.store\/shop\/"},{"@type":"ListItem","position":3,"name":"TRUUSK LED Taklampa 38W 1500LM 3000K-6500K &#8211; Vardagsrumslampa Med 4 Gl\u00f6dlampor &#8211; Fj\u00e4rrkontroll &#8211; Svart+Guld"}]},{"@type":"WebSite","@id":"https:\/\/truusk.store\/sv\/#website","url":"https:\/\/truusk.store\/sv\/","name":"TRUUSK - Hem, Tr\u00e4dg\u00e5rd & Fritid","description":"","publisher":{"@id":"https:\/\/truusk.store\/sv\/#organization"},"potentialAction":[{"@type":"SearchAction","target":{"@type":"EntryPoint","urlTemplate":"https:\/\/truusk.store\/sv\/?s={search_term_string}"},"query-input":{"@type":"PropertyValueSpecification","valueRequired":true,"valueName":"search_term_string"}}],"inLanguage":"sv-SE"},{"@type":"Organization","@id":"https:\/\/truusk.store\/sv\/#organization","name":"TRUUSK - Hem, Tr\u00e4dg\u00e5rd & Fritid","url":"https:\/\/truusk.store\/sv\/","logo":{"@type":"ImageObject","inLanguage":"sv-SE","@id":"https:\/\/truusk.store\/sv\/#\/schema\/logo\/image\/","url":"https:\/\/i0.wp.com\/truusk.store\/wp-content\/uploads\/2026\/03\/cropped-TRUUSK.png?fit=2032%2C917&ssl=1","contentUrl":"https:\/\/i0.wp.com\/truusk.store\/wp-content\/uploads\/2026\/03\/cropped-TRUUSK.png?fit=2032%2C917&ssl=1","width":2032,"height":917,"caption":"TRUUSK - Hem, Tr\u00e4dg\u00e5rd & Fritid"},"image":{"@id":"https:\/\/truusk.store\/sv\/#\/schema\/logo\/image\/"}}]}},"jetpack_sharing_enabled":true,"_links":{"self":[{"href":"https:\/\/truusk.store\/sv\/wp-json\/wp\/v2\/product\/95280","targetHints":{"allow":["GET"]}}],"collection":[{"href":"https:\/\/truusk.store\/sv\/wp-json\/wp\/v2\/product"}],"about":[{"href":"https:\/\/truusk.store\/sv\/wp-json\/wp\/v2\/types\/product"}],"wp:featuredmedia":[{"embeddable":true,"href":"https:\/\/truusk.store\/sv\/wp-json\/wp\/v2\/media\/95269"}],"wp:attachment":[{"href":"https:\/\/truusk.store\/sv\/wp-json\/wp\/v2\/media?parent=95280"}],"wp:term":[{"taxonomy":"product_brand","embeddable":true,"href":"https:\/\/truusk.store\/sv\/wp-json\/wp\/v2\/product_brand?post=95280"},{"taxonomy":"product_cat","embeddable":true,"href":"https:\/\/truusk.store\/sv\/wp-json\/wp\/v2\/product_cat?post=95280"},{"taxonomy":"product_tag","embeddable":true,"href":"https:\/\/truusk.store\/sv\/wp-json\/wp\/v2\/product_tag?post=95280"}],"curies":[{"name":"wp","href":"https:\/\/api.w.org\/{rel}","templated":true}]}}