{"id":95311,"date":"2025-11-10T13:47:02","date_gmt":"2025-11-10T12:47:02","guid":{"rendered":"https:\/\/truusk.store\/product\/l-format-hornsoffa-med-flexibel-chaiselongue-3-sits-soffa-med-2-kuddar-metallram-for-vardagsrum-beige\/"},"modified":"2026-03-12T08:50:23","modified_gmt":"2026-03-12T07:50:23","slug":"truusk-l-formad-hornsoffa-med-flexibel-chaiselongue-3-sits-soffa-med-2-kuddar-metallram-for-vardagsrum-beige","status":"publish","type":"product","link":"https:\/\/truusk.store\/sv\/produkt\/truusk-l-formad-hornsoffa-med-flexibel-chaiselongue-3-sits-soffa-med-2-kuddar-metallram-for-vardagsrum-beige\/","title":{"rendered":"TRUUSK L-formad H\u00f6rnsoffa med Flexibel Chaiselongue &#8211; 3-sits Soffa med 2 Kuddar &#8211; Metallram &#8211; F\u00f6r Vardagsrum &#8211; Beige"},"content":{"rendered":"<p>St\u00f6rd av ett stelt vardagsrum och en soffa som sv\u00e4ljer fj\u00e4rrkontroller? N\u00e4r ett rum \u00e4r oflexibelt, \u00e4r det irriterande. TRUUSK h\u00f6rnsoffa optimerar din boendek\u00e4nsla: Den justerbara chaiselongen passar perfekt in i alla rumslayouter och den kontinuerliga stoppningen m\u00f6jligg\u00f6r en s\u00f6ml\u00f6s komfortzon. Slappna av i den fj\u00e4derl\u00e4tta skumkomforten p\u00e5 denna L-formade soffa efter en anstr\u00e4ngande dag och koppla av som du vill.<\/p>\n<p>Beskrivning:<\/p>\n<ul>\n<li> Har en utbytbar chaiselong som kan monteras till v\u00e4nster eller h\u00f6ger<\/li>\n<li> Njut av den integrerade enstaka kudden<\/li>\n<li> Fickfj\u00e4drar och h\u00f6g-resilient skum ger st\u00f6djande, molnliknande sittkomfort<\/li>\n<li> Linne-liknande tyg f\u00f6r utm\u00e4rkt andningsf\u00f6rm\u00e5ga<\/li>\n<li> Tv\u00e5 kuddar p\u00e5 soffan f\u00f6r extra komfort och st\u00f6d<\/li>\n<li> Gener\u00f6s storlek, bred och djup sittplats och den l\u00e5nga chaiselongen p\u00e5 h\u00f6rnsoffan erbjuder gott om utrymme f\u00f6r avkoppling<\/li>\n<li> Breda armst\u00f6d kan anv\u00e4ndas som ett litet bord<\/li>\n<li> En st\u00e5lram b\u00e4r upp till 400 kg<\/li>\n<li> Montering kr\u00e4vs<\/li>\n<\/ul>\n<p> Tekniska data:<\/p>\n<ul>\n<li> F\u00e4rg: Beige<\/li>\n<li> Material: Linne-liknande tyg (100 % polyester), skum, st\u00e5l, plast<\/li>\n<li> Totala dimensioner: 242B x 87\/156T x 87H cm<\/li>\n<li> Sittstorlek: 198B x 58T x 45H cm<\/li>\n<li> Chaiselongstorlek: 68B x 123T x 45H cm<\/li>\n<li> Ryggst\u00f6dsbredd: 198B cm<\/li>\n<li> Kuddstorlek: 70B x 47H x 15T cm (varje)<\/li>\n<li> Armst\u00f6dsdimensioner: 21B x 83,5L x 12H cm<\/li>\n<li> Maximal belastning: 120 kg (enskilt s\u00e4te), 400 kg (totalt)<\/li>\n<\/ul>\n<p>Leveransinneh\u00e5ll:<\/p>\n<ul>\n<li> 1 x h\u00f6rnsoffa<\/li>\n<li> 1 x bruksanvisning<\/li>\n<\/ul>\n","protected":false},"excerpt":{"rendered":"<p>St\u00f6rd av ett stelt vardagsrum och en soffa som sv\u00e4ljer fj\u00e4rrkontroller? N\u00e4r ett rum \u00e4r oflexibelt, \u00e4r det irriterande. TRUUSK&#8230;<\/p>\n","protected":false},"featured_media":95301,"template":"","meta":[],"product_brand":[],"product_cat":[1037,936,937,910],"product_tag":[],"class_list":{"0":"post-95311","1":"product","2":"type-product","3":"status-publish","4":"has-post-thumbnail","6":"product_cat-ecksofas","7":"product_cat-hem-boende","8":"product_cat-soffor","9":"product_cat-vardagsrum","11":"first","12":"instock","13":"sale","14":"taxable","15":"shipping-taxable","16":"purchasable","17":"product-type-simple"},"yoast_head":"<!-- This site is optimized with the Yoast SEO plugin v25.4 - https:\/\/yoast.com\/wordpress\/plugins\/seo\/ -->\n<title>TRUUSK L-formad H\u00f6rnsoffa med Flexibel Chaiselongue - 3-sits Soffa med 2 Kuddar - Metallram - F\u00f6r Vardagsrum - Beige - TRUUSK - Hem, Tr\u00e4dg\u00e5rd &amp; Fritid<\/title>\n<meta name=\"robots\" content=\"index, follow, max-snippet:-1, max-image-preview:large, max-video-preview:-1\" \/>\n<link rel=\"canonical\" href=\"https:\/\/truusk.store\/sv\/produkt\/truusk-l-formad-hornsoffa-med-flexibel-chaiselongue-3-sits-soffa-med-2-kuddar-metallram-for-vardagsrum-beige\/\" \/>\n<meta property=\"og:locale\" content=\"sv_SE\" \/>\n<meta property=\"og:type\" content=\"article\" \/>\n<meta property=\"og:title\" content=\"TRUUSK L-formad H\u00f6rnsoffa med Flexibel Chaiselongue - 3-sits Soffa med 2 Kuddar - Metallram - F\u00f6r Vardagsrum - Beige - TRUUSK - Hem, Tr\u00e4dg\u00e5rd &amp; Fritid\" \/>\n<meta property=\"og:description\" content=\"St\u00f6rd av ett stelt vardagsrum och en soffa som sv\u00e4ljer fj\u00e4rrkontroller? N\u00e4r ett rum \u00e4r oflexibelt, \u00e4r det irriterande. TRUUSK...\" \/>\n<meta property=\"og:url\" content=\"https:\/\/truusk.store\/sv\/produkt\/truusk-l-formad-hornsoffa-med-flexibel-chaiselongue-3-sits-soffa-med-2-kuddar-metallram-for-vardagsrum-beige\/\" \/>\n<meta property=\"og:site_name\" content=\"TRUUSK - Hem, Tr\u00e4dg\u00e5rd &amp; Fritid\" \/>\n<meta property=\"article:modified_time\" content=\"2026-03-12T07:50:23+00:00\" \/>\n<meta property=\"og:image\" content=\"https:\/\/i0.wp.com\/truusk.se\/wp-content\/uploads\/2025\/11\/l-format-hornsoffa-med-flexibel-chaiselongue-3-sits-soffa-med-2-kuddar-metallram-for-vardagsrum-beige-1.webp?fit=2000%2C2000&ssl=1\" \/>\n\t<meta property=\"og:image:width\" content=\"2000\" \/>\n\t<meta property=\"og:image:height\" content=\"2000\" \/>\n\t<meta property=\"og:image:type\" content=\"image\/webp\" \/>\n<meta name=\"twitter:card\" content=\"summary_large_image\" \/>\n<meta name=\"twitter:label1\" content=\"Ber\u00e4knad l\u00e4stid\" \/>\n\t<meta name=\"twitter:data1\" content=\"1 minut\" \/>\n<!-- \/ Yoast SEO plugin. -->","yoast_head_json":{"title":"TRUUSK L-formad H\u00f6rnsoffa med Flexibel Chaiselongue - 3-sits Soffa med 2 Kuddar - Metallram - F\u00f6r Vardagsrum - Beige - TRUUSK - Hem, Tr\u00e4dg\u00e5rd &amp; Fritid","robots":{"index":"index","follow":"follow","max-snippet":"max-snippet:-1","max-image-preview":"max-image-preview:large","max-video-preview":"max-video-preview:-1"},"canonical":"https:\/\/truusk.store\/sv\/produkt\/truusk-l-formad-hornsoffa-med-flexibel-chaiselongue-3-sits-soffa-med-2-kuddar-metallram-for-vardagsrum-beige\/","og_locale":"sv_SE","og_type":"article","og_title":"TRUUSK L-formad H\u00f6rnsoffa med Flexibel Chaiselongue - 3-sits Soffa med 2 Kuddar - Metallram - F\u00f6r Vardagsrum - Beige - TRUUSK - Hem, Tr\u00e4dg\u00e5rd &amp; Fritid","og_description":"St\u00f6rd av ett stelt vardagsrum och en soffa som sv\u00e4ljer fj\u00e4rrkontroller? N\u00e4r ett rum \u00e4r oflexibelt, \u00e4r det irriterande. TRUUSK...","og_url":"https:\/\/truusk.store\/sv\/produkt\/truusk-l-formad-hornsoffa-med-flexibel-chaiselongue-3-sits-soffa-med-2-kuddar-metallram-for-vardagsrum-beige\/","og_site_name":"TRUUSK - Hem, Tr\u00e4dg\u00e5rd &amp; Fritid","article_modified_time":"2026-03-12T07:50:23+00:00","og_image":[{"width":2000,"height":2000,"url":"https:\/\/i0.wp.com\/truusk.se\/wp-content\/uploads\/2025\/11\/l-format-hornsoffa-med-flexibel-chaiselongue-3-sits-soffa-med-2-kuddar-metallram-for-vardagsrum-beige-1.webp?fit=2000%2C2000&ssl=1","type":"image\/webp"}],"twitter_card":"summary_large_image","twitter_misc":{"Ber\u00e4knad l\u00e4stid":"1 minut"},"schema":{"@context":"https:\/\/schema.org","@graph":[{"@type":"WebPage","@id":"https:\/\/truusk.store\/sv\/produkt\/truusk-l-formad-hornsoffa-med-flexibel-chaiselongue-3-sits-soffa-med-2-kuddar-metallram-for-vardagsrum-beige\/","url":"https:\/\/truusk.store\/sv\/produkt\/truusk-l-formad-hornsoffa-med-flexibel-chaiselongue-3-sits-soffa-med-2-kuddar-metallram-for-vardagsrum-beige\/","name":"TRUUSK L-formad H\u00f6rnsoffa med Flexibel Chaiselongue - 3-sits Soffa med 2 Kuddar - Metallram - F\u00f6r Vardagsrum - Beige - TRUUSK - Hem, Tr\u00e4dg\u00e5rd &amp; Fritid","isPartOf":{"@id":"https:\/\/truusk.store\/sv\/#website"},"primaryImageOfPage":{"@id":"https:\/\/truusk.store\/sv\/produkt\/truusk-l-formad-hornsoffa-med-flexibel-chaiselongue-3-sits-soffa-med-2-kuddar-metallram-for-vardagsrum-beige\/#primaryimage"},"image":{"@id":"https:\/\/truusk.store\/sv\/produkt\/truusk-l-formad-hornsoffa-med-flexibel-chaiselongue-3-sits-soffa-med-2-kuddar-metallram-for-vardagsrum-beige\/#primaryimage"},"thumbnailUrl":"https:\/\/i0.wp.com\/truusk.store\/wp-content\/uploads\/2025\/11\/l-format-hornsoffa-med-flexibel-chaiselongue-3-sits-soffa-med-2-kuddar-metallram-for-vardagsrum-beige-1.webp?fit=2000%2C2000&ssl=1","datePublished":"2025-11-10T12:47:02+00:00","dateModified":"2026-03-12T07:50:23+00:00","breadcrumb":{"@id":"https:\/\/truusk.store\/sv\/produkt\/truusk-l-formad-hornsoffa-med-flexibel-chaiselongue-3-sits-soffa-med-2-kuddar-metallram-for-vardagsrum-beige\/#breadcrumb"},"inLanguage":"sv-SE","potentialAction":[{"@type":"ReadAction","target":["https:\/\/truusk.store\/sv\/produkt\/truusk-l-formad-hornsoffa-med-flexibel-chaiselongue-3-sits-soffa-med-2-kuddar-metallram-for-vardagsrum-beige\/"]}]},{"@type":"ImageObject","inLanguage":"sv-SE","@id":"https:\/\/truusk.store\/sv\/produkt\/truusk-l-formad-hornsoffa-med-flexibel-chaiselongue-3-sits-soffa-med-2-kuddar-metallram-for-vardagsrum-beige\/#primaryimage","url":"https:\/\/i0.wp.com\/truusk.store\/wp-content\/uploads\/2025\/11\/l-format-hornsoffa-med-flexibel-chaiselongue-3-sits-soffa-med-2-kuddar-metallram-for-vardagsrum-beige-1.webp?fit=2000%2C2000&ssl=1","contentUrl":"https:\/\/i0.wp.com\/truusk.store\/wp-content\/uploads\/2025\/11\/l-format-hornsoffa-med-flexibel-chaiselongue-3-sits-soffa-med-2-kuddar-metallram-for-vardagsrum-beige-1.webp?fit=2000%2C2000&ssl=1","width":2000,"height":2000},{"@type":"BreadcrumbList","@id":"https:\/\/truusk.store\/sv\/produkt\/truusk-l-formad-hornsoffa-med-flexibel-chaiselongue-3-sits-soffa-med-2-kuddar-metallram-for-vardagsrum-beige\/#breadcrumb","itemListElement":[{"@type":"ListItem","position":1,"name":"Home","item":"https:\/\/truusk.store\/sv\/"},{"@type":"ListItem","position":2,"name":"Shop","item":"https:\/\/truusk.store\/shop\/"},{"@type":"ListItem","position":3,"name":"TRUUSK L-formad H\u00f6rnsoffa med Flexibel Chaiselongue &#8211; 3-sits Soffa med 2 Kuddar &#8211; Metallram &#8211; F\u00f6r Vardagsrum &#8211; Beige"}]},{"@type":"WebSite","@id":"https:\/\/truusk.store\/sv\/#website","url":"https:\/\/truusk.store\/sv\/","name":"TRUUSK - Hem, Tr\u00e4dg\u00e5rd & Fritid","description":"","publisher":{"@id":"https:\/\/truusk.store\/sv\/#organization"},"potentialAction":[{"@type":"SearchAction","target":{"@type":"EntryPoint","urlTemplate":"https:\/\/truusk.store\/sv\/?s={search_term_string}"},"query-input":{"@type":"PropertyValueSpecification","valueRequired":true,"valueName":"search_term_string"}}],"inLanguage":"sv-SE"},{"@type":"Organization","@id":"https:\/\/truusk.store\/sv\/#organization","name":"TRUUSK - Hem, Tr\u00e4dg\u00e5rd & Fritid","url":"https:\/\/truusk.store\/sv\/","logo":{"@type":"ImageObject","inLanguage":"sv-SE","@id":"https:\/\/truusk.store\/sv\/#\/schema\/logo\/image\/","url":"https:\/\/i0.wp.com\/truusk.store\/wp-content\/uploads\/2026\/03\/cropped-TRUUSK.png?fit=2032%2C917&ssl=1","contentUrl":"https:\/\/i0.wp.com\/truusk.store\/wp-content\/uploads\/2026\/03\/cropped-TRUUSK.png?fit=2032%2C917&ssl=1","width":2032,"height":917,"caption":"TRUUSK - Hem, Tr\u00e4dg\u00e5rd & Fritid"},"image":{"@id":"https:\/\/truusk.store\/sv\/#\/schema\/logo\/image\/"}}]}},"jetpack_sharing_enabled":true,"_links":{"self":[{"href":"https:\/\/truusk.store\/sv\/wp-json\/wp\/v2\/product\/95311","targetHints":{"allow":["GET"]}}],"collection":[{"href":"https:\/\/truusk.store\/sv\/wp-json\/wp\/v2\/product"}],"about":[{"href":"https:\/\/truusk.store\/sv\/wp-json\/wp\/v2\/types\/product"}],"wp:featuredmedia":[{"embeddable":true,"href":"https:\/\/truusk.store\/sv\/wp-json\/wp\/v2\/media\/95301"}],"wp:attachment":[{"href":"https:\/\/truusk.store\/sv\/wp-json\/wp\/v2\/media?parent=95311"}],"wp:term":[{"taxonomy":"product_brand","embeddable":true,"href":"https:\/\/truusk.store\/sv\/wp-json\/wp\/v2\/product_brand?post=95311"},{"taxonomy":"product_cat","embeddable":true,"href":"https:\/\/truusk.store\/sv\/wp-json\/wp\/v2\/product_cat?post=95311"},{"taxonomy":"product_tag","embeddable":true,"href":"https:\/\/truusk.store\/sv\/wp-json\/wp\/v2\/product_tag?post=95311"}],"curies":[{"name":"wp","href":"https:\/\/api.w.org\/{rel}","templated":true}]}}