{"id":95320,"date":"2025-11-10T13:47:53","date_gmt":"2025-11-10T12:47:53","guid":{"rendered":"https:\/\/truusk.store\/product\/taklampa-led-40w-med-dubbelmontering-och-90-justerbara-huvuden-med-3-e27-fasten-i-naturligt-tra\/"},"modified":"2026-03-12T08:50:24","modified_gmt":"2026-03-12T07:50:24","slug":"truusk-led-taklampa-40w-med-dubbelmontering-justerbara-huvuden-3-e27-fasten-naturligt-tra-energisnal","status":"publish","type":"product","link":"https:\/\/truusk.store\/sv\/produkt\/truusk-led-taklampa-40w-med-dubbelmontering-justerbara-huvuden-3-e27-fasten-naturligt-tra-energisnal\/","title":{"rendered":"TRUUSK LED Taklampa 40W med Dubbelmontering &#8211; Justerbara Huvuden &#8211; 3 E27-f\u00e4sten &#8211; Naturligt Tr\u00e4 &#8211; Energisn\u00e5l"},"content":{"rendered":"<p>K\u00e4mpar du med ett dystert, stilfattigt rum? TRUUSK LED-taklampan revolutionerar din omgivning. Vardagsrumslampans skandinaviska tr\u00e4effekt berikar med en naturlig ton, medan tre justerbara huvuden riktar ljuset exakt, eliminerar skuggor. Skapa din st\u00e4mning med varje E27-lampa, fr\u00e5n mysig vintage till str\u00e5lande LED, f\u00f6r ett lysande unikt hem.<\/p>\n<p>Beskrivning:<\/p>\n<ul>\n<li> Har en bas av st\u00e5l med tr\u00e4effekt, som skapar en varm och mysig atmosf\u00e4r<\/li>\n<li> 90\u00b0 justerbara huvuden p\u00e5 taklampan m\u00f6jligg\u00f6r riktat ljus exakt d\u00e4r det beh\u00f6vs<\/li>\n<li> Kompatibel med E27 gl\u00f6dlampor, s\u00e5 att du kan anpassa din hembelysning individuellt<\/li>\n<li> LED-taklampan kan monteras p\u00e5 tak eller v\u00e4ggar, vilket ger m\u00e5ngsidiga placeringsm\u00f6jligheter i varje rum<\/li>\n<li> Stabil st\u00e5l med en vattentransferbel\u00e4ggning p\u00e5 vardagsrumslampan garanterar l\u00e5ngvarig, underh\u00e5llsfri anv\u00e4ndning<\/li>\n<li> Montering kr\u00e4vs<\/li>\n<\/ul>\n<p> Tekniska data:<\/p>\n<ul>\n<li> F\u00e4rg: Naturtr\u00e4+Creme<\/li>\n<li> Material: St\u00e5l, Glas<\/li>\n<li> Totala dimensioner: 55L x 13B x 20H cm<\/li>\n<li> Lampsk\u00e4rmsstorlek: \u00d813 x 13H cm<\/li>\n<li> Sockelstorlek: 55L x 5B x 2H cm<\/li>\n<li> Monteringsplattestorlek: 25L x 2B cm<\/li>\n<li> Sockeltyp: E27 x 3<\/li>\n<li> Nominell sp\u00e4nning: AC 220-240 V, 50 Hz<\/li>\n<li> Maximal effekt: per gl\u00f6dlampa 40W (gl\u00f6dlampa ing\u00e5r inte)<\/li>\n<\/ul>\n<p>Leveransinneh\u00e5ll:<\/p>\n<ul>\n<li> 1 x Taklampa<\/li>\n<li> 1 x Bruksanvisning<\/li>\n<\/ul>\n","protected":false},"excerpt":{"rendered":"<p>K\u00e4mpar du med ett dystert, stilfattigt rum? TRUUSK LED-taklampan revolutionerar din omgivning. Vardagsrumslampans skandinaviska tr\u00e4effekt berikar med en naturlig ton,&#8230;<\/p>\n","protected":false},"featured_media":95309,"template":"","meta":[],"product_brand":[],"product_cat":[486,871,487],"product_tag":[],"class_list":{"0":"post-95320","1":"product","2":"type-product","3":"status-publish","4":"has-post-thumbnail","6":"product_cat-belysning","7":"product_cat-hus-hem","8":"product_cat-tak-lampor","10":"first","11":"instock","12":"sale","13":"taxable","14":"shipping-taxable","15":"purchasable","16":"product-type-simple"},"yoast_head":"<!-- This site is optimized with the Yoast SEO plugin v25.4 - https:\/\/yoast.com\/wordpress\/plugins\/seo\/ -->\n<title>TRUUSK LED Taklampa 40W med Dubbelmontering - Justerbara Huvuden - 3 E27-f\u00e4sten - Naturligt Tr\u00e4 - Energisn\u00e5l - TRUUSK - Hem, Tr\u00e4dg\u00e5rd &amp; Fritid<\/title>\n<meta name=\"robots\" content=\"index, follow, max-snippet:-1, max-image-preview:large, max-video-preview:-1\" \/>\n<link rel=\"canonical\" href=\"https:\/\/truusk.store\/sv\/produkt\/truusk-led-taklampa-40w-med-dubbelmontering-justerbara-huvuden-3-e27-fasten-naturligt-tra-energisnal\/\" \/>\n<meta property=\"og:locale\" content=\"sv_SE\" \/>\n<meta property=\"og:type\" content=\"article\" \/>\n<meta property=\"og:title\" content=\"TRUUSK LED Taklampa 40W med Dubbelmontering - Justerbara Huvuden - 3 E27-f\u00e4sten - Naturligt Tr\u00e4 - Energisn\u00e5l - TRUUSK - Hem, Tr\u00e4dg\u00e5rd &amp; Fritid\" \/>\n<meta property=\"og:description\" content=\"K\u00e4mpar du med ett dystert, stilfattigt rum? TRUUSK LED-taklampan revolutionerar din omgivning. Vardagsrumslampans skandinaviska tr\u00e4effekt berikar med en naturlig ton,...\" \/>\n<meta property=\"og:url\" content=\"https:\/\/truusk.store\/sv\/produkt\/truusk-led-taklampa-40w-med-dubbelmontering-justerbara-huvuden-3-e27-fasten-naturligt-tra-energisnal\/\" \/>\n<meta property=\"og:site_name\" content=\"TRUUSK - Hem, Tr\u00e4dg\u00e5rd &amp; Fritid\" \/>\n<meta property=\"article:modified_time\" content=\"2026-03-12T07:50:24+00:00\" \/>\n<meta property=\"og:image\" content=\"https:\/\/i0.wp.com\/truusk.se\/wp-content\/uploads\/2025\/11\/taklampa-led-40w-med-dubbelmontering-och-90-justerbara-huvuden-med-3-e27-fasten-i-naturligt-tra-1.webp?fit=2000%2C2000&ssl=1\" \/>\n\t<meta property=\"og:image:width\" content=\"2000\" \/>\n\t<meta property=\"og:image:height\" content=\"2000\" \/>\n\t<meta property=\"og:image:type\" content=\"image\/webp\" \/>\n<meta name=\"twitter:card\" content=\"summary_large_image\" \/>\n<meta name=\"twitter:label1\" content=\"Ber\u00e4knad l\u00e4stid\" \/>\n\t<meta name=\"twitter:data1\" content=\"1 minut\" \/>\n<!-- \/ Yoast SEO plugin. -->","yoast_head_json":{"title":"TRUUSK LED Taklampa 40W med Dubbelmontering - Justerbara Huvuden - 3 E27-f\u00e4sten - Naturligt Tr\u00e4 - Energisn\u00e5l - TRUUSK - Hem, Tr\u00e4dg\u00e5rd &amp; Fritid","robots":{"index":"index","follow":"follow","max-snippet":"max-snippet:-1","max-image-preview":"max-image-preview:large","max-video-preview":"max-video-preview:-1"},"canonical":"https:\/\/truusk.store\/sv\/produkt\/truusk-led-taklampa-40w-med-dubbelmontering-justerbara-huvuden-3-e27-fasten-naturligt-tra-energisnal\/","og_locale":"sv_SE","og_type":"article","og_title":"TRUUSK LED Taklampa 40W med Dubbelmontering - Justerbara Huvuden - 3 E27-f\u00e4sten - Naturligt Tr\u00e4 - Energisn\u00e5l - TRUUSK - Hem, Tr\u00e4dg\u00e5rd &amp; Fritid","og_description":"K\u00e4mpar du med ett dystert, stilfattigt rum? TRUUSK LED-taklampan revolutionerar din omgivning. Vardagsrumslampans skandinaviska tr\u00e4effekt berikar med en naturlig ton,...","og_url":"https:\/\/truusk.store\/sv\/produkt\/truusk-led-taklampa-40w-med-dubbelmontering-justerbara-huvuden-3-e27-fasten-naturligt-tra-energisnal\/","og_site_name":"TRUUSK - Hem, Tr\u00e4dg\u00e5rd &amp; Fritid","article_modified_time":"2026-03-12T07:50:24+00:00","og_image":[{"width":2000,"height":2000,"url":"https:\/\/i0.wp.com\/truusk.se\/wp-content\/uploads\/2025\/11\/taklampa-led-40w-med-dubbelmontering-och-90-justerbara-huvuden-med-3-e27-fasten-i-naturligt-tra-1.webp?fit=2000%2C2000&ssl=1","type":"image\/webp"}],"twitter_card":"summary_large_image","twitter_misc":{"Ber\u00e4knad l\u00e4stid":"1 minut"},"schema":{"@context":"https:\/\/schema.org","@graph":[{"@type":"WebPage","@id":"https:\/\/truusk.store\/sv\/produkt\/truusk-led-taklampa-40w-med-dubbelmontering-justerbara-huvuden-3-e27-fasten-naturligt-tra-energisnal\/","url":"https:\/\/truusk.store\/sv\/produkt\/truusk-led-taklampa-40w-med-dubbelmontering-justerbara-huvuden-3-e27-fasten-naturligt-tra-energisnal\/","name":"TRUUSK LED Taklampa 40W med Dubbelmontering - Justerbara Huvuden - 3 E27-f\u00e4sten - Naturligt Tr\u00e4 - Energisn\u00e5l - TRUUSK - Hem, Tr\u00e4dg\u00e5rd &amp; Fritid","isPartOf":{"@id":"https:\/\/truusk.store\/sv\/#website"},"primaryImageOfPage":{"@id":"https:\/\/truusk.store\/sv\/produkt\/truusk-led-taklampa-40w-med-dubbelmontering-justerbara-huvuden-3-e27-fasten-naturligt-tra-energisnal\/#primaryimage"},"image":{"@id":"https:\/\/truusk.store\/sv\/produkt\/truusk-led-taklampa-40w-med-dubbelmontering-justerbara-huvuden-3-e27-fasten-naturligt-tra-energisnal\/#primaryimage"},"thumbnailUrl":"https:\/\/i0.wp.com\/truusk.store\/wp-content\/uploads\/2025\/11\/taklampa-led-40w-med-dubbelmontering-och-90-justerbara-huvuden-med-3-e27-fasten-i-naturligt-tra-1.webp?fit=2000%2C2000&ssl=1","datePublished":"2025-11-10T12:47:53+00:00","dateModified":"2026-03-12T07:50:24+00:00","breadcrumb":{"@id":"https:\/\/truusk.store\/sv\/produkt\/truusk-led-taklampa-40w-med-dubbelmontering-justerbara-huvuden-3-e27-fasten-naturligt-tra-energisnal\/#breadcrumb"},"inLanguage":"sv-SE","potentialAction":[{"@type":"ReadAction","target":["https:\/\/truusk.store\/sv\/produkt\/truusk-led-taklampa-40w-med-dubbelmontering-justerbara-huvuden-3-e27-fasten-naturligt-tra-energisnal\/"]}]},{"@type":"ImageObject","inLanguage":"sv-SE","@id":"https:\/\/truusk.store\/sv\/produkt\/truusk-led-taklampa-40w-med-dubbelmontering-justerbara-huvuden-3-e27-fasten-naturligt-tra-energisnal\/#primaryimage","url":"https:\/\/i0.wp.com\/truusk.store\/wp-content\/uploads\/2025\/11\/taklampa-led-40w-med-dubbelmontering-och-90-justerbara-huvuden-med-3-e27-fasten-i-naturligt-tra-1.webp?fit=2000%2C2000&ssl=1","contentUrl":"https:\/\/i0.wp.com\/truusk.store\/wp-content\/uploads\/2025\/11\/taklampa-led-40w-med-dubbelmontering-och-90-justerbara-huvuden-med-3-e27-fasten-i-naturligt-tra-1.webp?fit=2000%2C2000&ssl=1","width":2000,"height":2000},{"@type":"BreadcrumbList","@id":"https:\/\/truusk.store\/sv\/produkt\/truusk-led-taklampa-40w-med-dubbelmontering-justerbara-huvuden-3-e27-fasten-naturligt-tra-energisnal\/#breadcrumb","itemListElement":[{"@type":"ListItem","position":1,"name":"Home","item":"https:\/\/truusk.store\/sv\/"},{"@type":"ListItem","position":2,"name":"Shop","item":"https:\/\/truusk.store\/shop\/"},{"@type":"ListItem","position":3,"name":"TRUUSK LED Taklampa 40W med Dubbelmontering &#8211; Justerbara Huvuden &#8211; 3 E27-f\u00e4sten &#8211; Naturligt Tr\u00e4 &#8211; Energisn\u00e5l"}]},{"@type":"WebSite","@id":"https:\/\/truusk.store\/sv\/#website","url":"https:\/\/truusk.store\/sv\/","name":"TRUUSK - Hem, Tr\u00e4dg\u00e5rd & Fritid","description":"","publisher":{"@id":"https:\/\/truusk.store\/sv\/#organization"},"potentialAction":[{"@type":"SearchAction","target":{"@type":"EntryPoint","urlTemplate":"https:\/\/truusk.store\/sv\/?s={search_term_string}"},"query-input":{"@type":"PropertyValueSpecification","valueRequired":true,"valueName":"search_term_string"}}],"inLanguage":"sv-SE"},{"@type":"Organization","@id":"https:\/\/truusk.store\/sv\/#organization","name":"TRUUSK - Hem, Tr\u00e4dg\u00e5rd & Fritid","url":"https:\/\/truusk.store\/sv\/","logo":{"@type":"ImageObject","inLanguage":"sv-SE","@id":"https:\/\/truusk.store\/sv\/#\/schema\/logo\/image\/","url":"https:\/\/i0.wp.com\/truusk.store\/wp-content\/uploads\/2026\/03\/cropped-TRUUSK.png?fit=2032%2C917&ssl=1","contentUrl":"https:\/\/i0.wp.com\/truusk.store\/wp-content\/uploads\/2026\/03\/cropped-TRUUSK.png?fit=2032%2C917&ssl=1","width":2032,"height":917,"caption":"TRUUSK - Hem, Tr\u00e4dg\u00e5rd & Fritid"},"image":{"@id":"https:\/\/truusk.store\/sv\/#\/schema\/logo\/image\/"}}]}},"jetpack_sharing_enabled":true,"_links":{"self":[{"href":"https:\/\/truusk.store\/sv\/wp-json\/wp\/v2\/product\/95320","targetHints":{"allow":["GET"]}}],"collection":[{"href":"https:\/\/truusk.store\/sv\/wp-json\/wp\/v2\/product"}],"about":[{"href":"https:\/\/truusk.store\/sv\/wp-json\/wp\/v2\/types\/product"}],"wp:featuredmedia":[{"embeddable":true,"href":"https:\/\/truusk.store\/sv\/wp-json\/wp\/v2\/media\/95309"}],"wp:attachment":[{"href":"https:\/\/truusk.store\/sv\/wp-json\/wp\/v2\/media?parent=95320"}],"wp:term":[{"taxonomy":"product_brand","embeddable":true,"href":"https:\/\/truusk.store\/sv\/wp-json\/wp\/v2\/product_brand?post=95320"},{"taxonomy":"product_cat","embeddable":true,"href":"https:\/\/truusk.store\/sv\/wp-json\/wp\/v2\/product_cat?post=95320"},{"taxonomy":"product_tag","embeddable":true,"href":"https:\/\/truusk.store\/sv\/wp-json\/wp\/v2\/product_tag?post=95320"}],"curies":[{"name":"wp","href":"https:\/\/api.w.org\/{rel}","templated":true}]}}