{"id":95380,"date":"2025-11-10T13:53:47","date_gmt":"2025-11-10T12:53:47","guid":{"rendered":"https:\/\/truusk.store\/product\/kattrad-kattorn-2-grottor-plattform-sisalstolpar-kompakt-morkgra\/"},"modified":"2026-03-12T08:50:35","modified_gmt":"2026-03-12T07:50:35","slug":"truusk-kattrad-med-2-grottor-plattform-sisalstolpar-kompakt-design-morkgra","status":"publish","type":"product","link":"https:\/\/truusk.store\/sv\/produkt\/truusk-kattrad-med-2-grottor-plattform-sisalstolpar-kompakt-design-morkgra\/","title":{"rendered":"TRUUSK Kattr\u00e4d med 2 Grottor &#8211; Plattform &#8211; Sisalstolpar &#8211; Kompakt Design &#8211; M\u00f6rkgr\u00e5"},"content":{"rendered":"<p>St\u00f6rd av territoriek\u00e4mpar och uttr\u00e5kade katter? TRUUSK kattr\u00e4det skapar l\u00f6sningen och fr\u00e4mjar fred. Det har tv\u00e5 tillflyktsorter f\u00f6r ost\u00f6rda tupplurer, en stor utsiktsplattform f\u00f6r s\u00e4kerhet och ett lekcenter med kl\u00f6spelare. Detta m\u00e5ngsidiga kattr\u00e4d ger avkoppling och roligt, och skapar harmoni och gl\u00e4dje i hush\u00e5ll med flera katter.<\/p>\n<p>Beskrivning:<\/p>\n<ul>\n<li> Erbjuder en stor \u00f6vre plattform f\u00f6r avkoppling och observation<\/li>\n<li> Tv\u00e5 privata kondoer erbjuder separata, s\u00e4kra sovplatser f\u00f6r flera katter<\/li>\n<li> Inneh\u00e5ller sisalpelare och en rolig leksak f\u00f6r att skydda dina m\u00f6bler fr\u00e5n repor<\/li>\n<li> Kompakt, vertikal design av aktivitetskl\u00f6str\u00e4det passar perfekt i alla sm\u00e5 bostadsutrymmen<\/li>\n<li> T\u00e4ckt med mjukt plyschtyg, ger din katt komfort<\/li>\n<li> Bred bas och tjocka br\u00e4dor av kattr\u00e4det garanterar stabilitet f\u00f6r aktiva katter upp till 7 kg<\/li>\n<li> Enkla instruktioner m\u00f6jligg\u00f6r snabb och enkel montering p\u00e5 bara 20 minuter<\/li>\n<\/ul>\n<p> Tekniska data:<\/p>\n<ul>\n<li> F\u00e4rg: M\u00f6rkgr\u00e5+Cremevit<\/li>\n<li> Material: Sp\u00e5nskiva, plysch, plastbomull, sisal<\/li>\n<li> Totala dimensioner: 45B x 40T x 66H cm<\/li>\n<li> Kattboets storlek: 45B x 40T x 8H cm<\/li>\n<li> Kattens husstorlek (Enkel): 28,5B x 39T x 27H cm<\/li>\n<li> D\u00f6rrstorlek: 20B x 21H cm<\/li>\n<li> Basstorlek: 45B x 40T cm<\/li>\n<li> Pelarens storlek: \u00d86,2 cm<\/li>\n<\/ul>\n<p>Leveransinneh\u00e5ll:<\/p>\n<ul>\n<li> 1 x Liten kattr\u00e4d<\/li>\n<li> 1 x Handbok<\/li>\n<\/ul>\n","protected":false},"excerpt":{"rendered":"<p>St\u00f6rd av territoriek\u00e4mpar och uttr\u00e5kade katter? TRUUSK kattr\u00e4det skapar l\u00f6sningen och fr\u00e4mjar fred. Det har tv\u00e5 tillflyktsorter f\u00f6r ost\u00f6rda tupplurer,&#8230;<\/p>\n","protected":false},"featured_media":95371,"template":"","meta":[],"product_brand":[],"product_cat":[878,588,879],"product_tag":[],"class_list":{"0":"post-95380","1":"product","2":"type-product","3":"status-publish","4":"has-post-thumbnail","6":"product_cat-djurbehov","7":"product_cat-katttillbehor","8":"product_cat-klostrad","10":"first","11":"instock","12":"sale","13":"taxable","14":"shipping-taxable","15":"purchasable","16":"product-type-simple"},"yoast_head":"<!-- This site is optimized with the Yoast SEO plugin v25.4 - https:\/\/yoast.com\/wordpress\/plugins\/seo\/ -->\n<title>TRUUSK Kattr\u00e4d med 2 Grottor - Plattform - Sisalstolpar - Kompakt Design - M\u00f6rkgr\u00e5 - TRUUSK - Hem, Tr\u00e4dg\u00e5rd &amp; Fritid<\/title>\n<meta name=\"robots\" content=\"index, follow, max-snippet:-1, max-image-preview:large, max-video-preview:-1\" \/>\n<link rel=\"canonical\" href=\"https:\/\/truusk.store\/sv\/produkt\/truusk-kattrad-med-2-grottor-plattform-sisalstolpar-kompakt-design-morkgra\/\" \/>\n<meta property=\"og:locale\" content=\"sv_SE\" \/>\n<meta property=\"og:type\" content=\"article\" \/>\n<meta property=\"og:title\" content=\"TRUUSK Kattr\u00e4d med 2 Grottor - Plattform - Sisalstolpar - Kompakt Design - M\u00f6rkgr\u00e5 - TRUUSK - Hem, Tr\u00e4dg\u00e5rd &amp; Fritid\" \/>\n<meta property=\"og:description\" content=\"St\u00f6rd av territoriek\u00e4mpar och uttr\u00e5kade katter? TRUUSK kattr\u00e4det skapar l\u00f6sningen och fr\u00e4mjar fred. Det har tv\u00e5 tillflyktsorter f\u00f6r ost\u00f6rda tupplurer,...\" \/>\n<meta property=\"og:url\" content=\"https:\/\/truusk.store\/sv\/produkt\/truusk-kattrad-med-2-grottor-plattform-sisalstolpar-kompakt-design-morkgra\/\" \/>\n<meta property=\"og:site_name\" content=\"TRUUSK - Hem, Tr\u00e4dg\u00e5rd &amp; Fritid\" \/>\n<meta property=\"article:modified_time\" content=\"2026-03-12T07:50:35+00:00\" \/>\n<meta property=\"og:image\" content=\"https:\/\/i0.wp.com\/truusk.se\/wp-content\/uploads\/2025\/11\/kattrad-kattorn-2-grottor-plattform-sisalstolpar-kompakt-morkgra-1.webp?fit=2000%2C2000&ssl=1\" \/>\n\t<meta property=\"og:image:width\" content=\"2000\" \/>\n\t<meta property=\"og:image:height\" content=\"2000\" \/>\n\t<meta property=\"og:image:type\" content=\"image\/webp\" \/>\n<meta name=\"twitter:card\" content=\"summary_large_image\" \/>\n<meta name=\"twitter:label1\" content=\"Ber\u00e4knad l\u00e4stid\" \/>\n\t<meta name=\"twitter:data1\" content=\"1 minut\" \/>\n<!-- \/ Yoast SEO plugin. -->","yoast_head_json":{"title":"TRUUSK Kattr\u00e4d med 2 Grottor - Plattform - Sisalstolpar - Kompakt Design - M\u00f6rkgr\u00e5 - TRUUSK - Hem, Tr\u00e4dg\u00e5rd &amp; Fritid","robots":{"index":"index","follow":"follow","max-snippet":"max-snippet:-1","max-image-preview":"max-image-preview:large","max-video-preview":"max-video-preview:-1"},"canonical":"https:\/\/truusk.store\/sv\/produkt\/truusk-kattrad-med-2-grottor-plattform-sisalstolpar-kompakt-design-morkgra\/","og_locale":"sv_SE","og_type":"article","og_title":"TRUUSK Kattr\u00e4d med 2 Grottor - Plattform - Sisalstolpar - Kompakt Design - M\u00f6rkgr\u00e5 - TRUUSK - Hem, Tr\u00e4dg\u00e5rd &amp; Fritid","og_description":"St\u00f6rd av territoriek\u00e4mpar och uttr\u00e5kade katter? TRUUSK kattr\u00e4det skapar l\u00f6sningen och fr\u00e4mjar fred. Det har tv\u00e5 tillflyktsorter f\u00f6r ost\u00f6rda tupplurer,...","og_url":"https:\/\/truusk.store\/sv\/produkt\/truusk-kattrad-med-2-grottor-plattform-sisalstolpar-kompakt-design-morkgra\/","og_site_name":"TRUUSK - Hem, Tr\u00e4dg\u00e5rd &amp; Fritid","article_modified_time":"2026-03-12T07:50:35+00:00","og_image":[{"width":2000,"height":2000,"url":"https:\/\/i0.wp.com\/truusk.se\/wp-content\/uploads\/2025\/11\/kattrad-kattorn-2-grottor-plattform-sisalstolpar-kompakt-morkgra-1.webp?fit=2000%2C2000&ssl=1","type":"image\/webp"}],"twitter_card":"summary_large_image","twitter_misc":{"Ber\u00e4knad l\u00e4stid":"1 minut"},"schema":{"@context":"https:\/\/schema.org","@graph":[{"@type":"WebPage","@id":"https:\/\/truusk.store\/sv\/produkt\/truusk-kattrad-med-2-grottor-plattform-sisalstolpar-kompakt-design-morkgra\/","url":"https:\/\/truusk.store\/sv\/produkt\/truusk-kattrad-med-2-grottor-plattform-sisalstolpar-kompakt-design-morkgra\/","name":"TRUUSK Kattr\u00e4d med 2 Grottor - Plattform - Sisalstolpar - Kompakt Design - M\u00f6rkgr\u00e5 - TRUUSK - Hem, Tr\u00e4dg\u00e5rd &amp; Fritid","isPartOf":{"@id":"https:\/\/truusk.store\/sv\/#website"},"primaryImageOfPage":{"@id":"https:\/\/truusk.store\/sv\/produkt\/truusk-kattrad-med-2-grottor-plattform-sisalstolpar-kompakt-design-morkgra\/#primaryimage"},"image":{"@id":"https:\/\/truusk.store\/sv\/produkt\/truusk-kattrad-med-2-grottor-plattform-sisalstolpar-kompakt-design-morkgra\/#primaryimage"},"thumbnailUrl":"https:\/\/i0.wp.com\/truusk.store\/wp-content\/uploads\/2025\/11\/kattrad-kattorn-2-grottor-plattform-sisalstolpar-kompakt-morkgra-1.webp?fit=2000%2C2000&ssl=1","datePublished":"2025-11-10T12:53:47+00:00","dateModified":"2026-03-12T07:50:35+00:00","breadcrumb":{"@id":"https:\/\/truusk.store\/sv\/produkt\/truusk-kattrad-med-2-grottor-plattform-sisalstolpar-kompakt-design-morkgra\/#breadcrumb"},"inLanguage":"sv-SE","potentialAction":[{"@type":"ReadAction","target":["https:\/\/truusk.store\/sv\/produkt\/truusk-kattrad-med-2-grottor-plattform-sisalstolpar-kompakt-design-morkgra\/"]}]},{"@type":"ImageObject","inLanguage":"sv-SE","@id":"https:\/\/truusk.store\/sv\/produkt\/truusk-kattrad-med-2-grottor-plattform-sisalstolpar-kompakt-design-morkgra\/#primaryimage","url":"https:\/\/i0.wp.com\/truusk.store\/wp-content\/uploads\/2025\/11\/kattrad-kattorn-2-grottor-plattform-sisalstolpar-kompakt-morkgra-1.webp?fit=2000%2C2000&ssl=1","contentUrl":"https:\/\/i0.wp.com\/truusk.store\/wp-content\/uploads\/2025\/11\/kattrad-kattorn-2-grottor-plattform-sisalstolpar-kompakt-morkgra-1.webp?fit=2000%2C2000&ssl=1","width":2000,"height":2000},{"@type":"BreadcrumbList","@id":"https:\/\/truusk.store\/sv\/produkt\/truusk-kattrad-med-2-grottor-plattform-sisalstolpar-kompakt-design-morkgra\/#breadcrumb","itemListElement":[{"@type":"ListItem","position":1,"name":"Home","item":"https:\/\/truusk.store\/sv\/"},{"@type":"ListItem","position":2,"name":"Shop","item":"https:\/\/truusk.store\/shop\/"},{"@type":"ListItem","position":3,"name":"TRUUSK Kattr\u00e4d med 2 Grottor &#8211; Plattform &#8211; Sisalstolpar &#8211; Kompakt Design &#8211; M\u00f6rkgr\u00e5"}]},{"@type":"WebSite","@id":"https:\/\/truusk.store\/sv\/#website","url":"https:\/\/truusk.store\/sv\/","name":"TRUUSK - Hem, Tr\u00e4dg\u00e5rd & Fritid","description":"","publisher":{"@id":"https:\/\/truusk.store\/sv\/#organization"},"potentialAction":[{"@type":"SearchAction","target":{"@type":"EntryPoint","urlTemplate":"https:\/\/truusk.store\/sv\/?s={search_term_string}"},"query-input":{"@type":"PropertyValueSpecification","valueRequired":true,"valueName":"search_term_string"}}],"inLanguage":"sv-SE"},{"@type":"Organization","@id":"https:\/\/truusk.store\/sv\/#organization","name":"TRUUSK - Hem, Tr\u00e4dg\u00e5rd & Fritid","url":"https:\/\/truusk.store\/sv\/","logo":{"@type":"ImageObject","inLanguage":"sv-SE","@id":"https:\/\/truusk.store\/sv\/#\/schema\/logo\/image\/","url":"https:\/\/i0.wp.com\/truusk.store\/wp-content\/uploads\/2026\/03\/cropped-TRUUSK.png?fit=2032%2C917&ssl=1","contentUrl":"https:\/\/i0.wp.com\/truusk.store\/wp-content\/uploads\/2026\/03\/cropped-TRUUSK.png?fit=2032%2C917&ssl=1","width":2032,"height":917,"caption":"TRUUSK - Hem, Tr\u00e4dg\u00e5rd & Fritid"},"image":{"@id":"https:\/\/truusk.store\/sv\/#\/schema\/logo\/image\/"}}]}},"jetpack_sharing_enabled":true,"_links":{"self":[{"href":"https:\/\/truusk.store\/sv\/wp-json\/wp\/v2\/product\/95380","targetHints":{"allow":["GET"]}}],"collection":[{"href":"https:\/\/truusk.store\/sv\/wp-json\/wp\/v2\/product"}],"about":[{"href":"https:\/\/truusk.store\/sv\/wp-json\/wp\/v2\/types\/product"}],"wp:featuredmedia":[{"embeddable":true,"href":"https:\/\/truusk.store\/sv\/wp-json\/wp\/v2\/media\/95371"}],"wp:attachment":[{"href":"https:\/\/truusk.store\/sv\/wp-json\/wp\/v2\/media?parent=95380"}],"wp:term":[{"taxonomy":"product_brand","embeddable":true,"href":"https:\/\/truusk.store\/sv\/wp-json\/wp\/v2\/product_brand?post=95380"},{"taxonomy":"product_cat","embeddable":true,"href":"https:\/\/truusk.store\/sv\/wp-json\/wp\/v2\/product_cat?post=95380"},{"taxonomy":"product_tag","embeddable":true,"href":"https:\/\/truusk.store\/sv\/wp-json\/wp\/v2\/product_tag?post=95380"}],"curies":[{"name":"wp","href":"https:\/\/api.w.org\/{rel}","templated":true}]}}