{"id":95390,"date":"2025-11-10T13:54:43","date_gmt":"2025-11-10T12:54:43","guid":{"rendered":"https:\/\/truusk.store\/product\/pall-med-mjukt-sittkudde-och-stalbens-fotpall-med-chenille-tyg-45-x-41-x-38-cm-kramvit\/"},"modified":"2026-03-12T08:50:36","modified_gmt":"2026-03-12T07:50:36","slug":"truusk-pall-med-mjuk-sittkudde-och-stalbens-fotpall-chenille-tyg-45-x-41-x-38-cm-kramvit","status":"publish","type":"product","link":"https:\/\/truusk.store\/sv\/produkt\/truusk-pall-med-mjuk-sittkudde-och-stalbens-fotpall-chenille-tyg-45-x-41-x-38-cm-kramvit\/","title":{"rendered":"TRUUSK Pall med Mjuk Sittkudde och St\u00e5lbens Fotpall &#8211; Chenille-tyg &#8211; 45 x 41 x 38 cm &#8211; Kr\u00e4mvit"},"content":{"rendered":"<p>Efter en anstr\u00e4ngande dag beh\u00f6ver dina f\u00f6tter verkligen avkoppling, men att hitta en stabil och elegant vila plats \u00e4r ofta sv\u00e5rt. Unna dig en paus med TRUUSK fotpallen. De f\u00f6rst\u00e4rkta st\u00e5lbenen p\u00e5 sittpallen h\u00e5ller s\u00e4kert upp till 120 kg och erbjuder stabilitet. L\u00e5t dina f\u00f6tter sjunka in i den mjuka, 10 cm tjocka kudden av \u00e4del chenille och f\u00f6rvandla ditt vardagsrum till en oas av v\u00e4lbefinnande med denna stiliga stoppade pall.<\/p>\n<p>Beskrivning:<\/p>\n<ul>\n<li> Tjock 10 cm skumkudde p\u00e5 pallen lindrar tryckpunkter och \u00f6kar komforten<\/li>\n<li> Mjukt chenille-tyg\u00f6verdrag p\u00e5 sittpallen skapar en mysig yta<\/li>\n<li> St\u00e5lben med pulverbel\u00e4ggning garanterar stabilitet och b\u00e4r upp till 120 kg<\/li>\n<li> Halkfria fotdynor p\u00e5 den stoppade pallen f\u00f6rb\u00e4ttrar greppet och h\u00e5ller pallen stabil<\/li>\n<li> Kompakt, m\u00e5ngsidig design fungerar som fotpall, sittplats eller dekorativt element<\/li>\n<li> Enkel montering<\/li>\n<\/ul>\n<p> Tekniska data:<\/p>\n<ul>\n<li> F\u00e4rg: Kr\u00e4mvit<\/li>\n<li> Material: Chenille (100% polyester), skum, st\u00e5l<\/li>\n<li> Totala dimensioner: 45B x 41D x 38H cm<\/li>\n<li> Kuddtjocklek: 10 cm<\/li>\n<li> Benstorlek: \u00d83,2 x 28H cm<\/li>\n<li> B\u00e4rkapacitet: 120 kg<\/li>\n<\/ul>\n<p>Leveransinneh\u00e5ll:<\/p>\n<ul>\n<li>1 x fotpall<\/li>\n<li>1 x handbok<\/li>\n<\/ul>\n","protected":false},"excerpt":{"rendered":"<p>Efter en anstr\u00e4ngande dag beh\u00f6ver dina f\u00f6tter verkligen avkoppling, men att hitta en stabil och elegant vila plats \u00e4r ofta&#8230;<\/p>\n","protected":false},"featured_media":95381,"template":"","meta":[],"product_brand":[],"product_cat":[871,944,910],"product_tag":[],"class_list":{"0":"post-95390","1":"product","2":"type-product","3":"status-publish","4":"has-post-thumbnail","6":"product_cat-hus-hem","7":"product_cat-pallar-fotpallar","8":"product_cat-vardagsrum","10":"first","11":"instock","12":"sale","13":"taxable","14":"shipping-taxable","15":"purchasable","16":"product-type-simple"},"yoast_head":"<!-- This site is optimized with the Yoast SEO plugin v25.4 - https:\/\/yoast.com\/wordpress\/plugins\/seo\/ -->\n<title>TRUUSK Pall med Mjuk Sittkudde och St\u00e5lbens Fotpall - Chenille-tyg - 45 x 41 x 38 cm - Kr\u00e4mvit - TRUUSK - Hem, Tr\u00e4dg\u00e5rd &amp; Fritid<\/title>\n<meta name=\"robots\" content=\"index, follow, max-snippet:-1, max-image-preview:large, max-video-preview:-1\" \/>\n<link rel=\"canonical\" href=\"https:\/\/truusk.store\/sv\/produkt\/truusk-pall-med-mjuk-sittkudde-och-stalbens-fotpall-chenille-tyg-45-x-41-x-38-cm-kramvit\/\" \/>\n<meta property=\"og:locale\" content=\"sv_SE\" \/>\n<meta property=\"og:type\" content=\"article\" \/>\n<meta property=\"og:title\" content=\"TRUUSK Pall med Mjuk Sittkudde och St\u00e5lbens Fotpall - Chenille-tyg - 45 x 41 x 38 cm - Kr\u00e4mvit - TRUUSK - Hem, Tr\u00e4dg\u00e5rd &amp; Fritid\" \/>\n<meta property=\"og:description\" content=\"Efter en anstr\u00e4ngande dag beh\u00f6ver dina f\u00f6tter verkligen avkoppling, men att hitta en stabil och elegant vila plats \u00e4r ofta...\" \/>\n<meta property=\"og:url\" content=\"https:\/\/truusk.store\/sv\/produkt\/truusk-pall-med-mjuk-sittkudde-och-stalbens-fotpall-chenille-tyg-45-x-41-x-38-cm-kramvit\/\" \/>\n<meta property=\"og:site_name\" content=\"TRUUSK - Hem, Tr\u00e4dg\u00e5rd &amp; Fritid\" \/>\n<meta property=\"article:modified_time\" content=\"2026-03-12T07:50:36+00:00\" \/>\n<meta property=\"og:image\" content=\"https:\/\/i0.wp.com\/truusk.se\/wp-content\/uploads\/2025\/11\/pall-med-mjukt-sittkudde-och-stalbens-fotpall-med-chenille-tyg-45-x-41-x-38-cm-kramvit-1.webp?fit=2000%2C2000&ssl=1\" \/>\n\t<meta property=\"og:image:width\" content=\"2000\" \/>\n\t<meta property=\"og:image:height\" content=\"2000\" \/>\n\t<meta property=\"og:image:type\" content=\"image\/webp\" \/>\n<meta name=\"twitter:card\" content=\"summary_large_image\" \/>\n<meta name=\"twitter:label1\" content=\"Ber\u00e4knad l\u00e4stid\" \/>\n\t<meta name=\"twitter:data1\" content=\"1 minut\" \/>\n<!-- \/ Yoast SEO plugin. -->","yoast_head_json":{"title":"TRUUSK Pall med Mjuk Sittkudde och St\u00e5lbens Fotpall - Chenille-tyg - 45 x 41 x 38 cm - Kr\u00e4mvit - TRUUSK - Hem, Tr\u00e4dg\u00e5rd &amp; Fritid","robots":{"index":"index","follow":"follow","max-snippet":"max-snippet:-1","max-image-preview":"max-image-preview:large","max-video-preview":"max-video-preview:-1"},"canonical":"https:\/\/truusk.store\/sv\/produkt\/truusk-pall-med-mjuk-sittkudde-och-stalbens-fotpall-chenille-tyg-45-x-41-x-38-cm-kramvit\/","og_locale":"sv_SE","og_type":"article","og_title":"TRUUSK Pall med Mjuk Sittkudde och St\u00e5lbens Fotpall - Chenille-tyg - 45 x 41 x 38 cm - Kr\u00e4mvit - TRUUSK - Hem, Tr\u00e4dg\u00e5rd &amp; Fritid","og_description":"Efter en anstr\u00e4ngande dag beh\u00f6ver dina f\u00f6tter verkligen avkoppling, men att hitta en stabil och elegant vila plats \u00e4r ofta...","og_url":"https:\/\/truusk.store\/sv\/produkt\/truusk-pall-med-mjuk-sittkudde-och-stalbens-fotpall-chenille-tyg-45-x-41-x-38-cm-kramvit\/","og_site_name":"TRUUSK - Hem, Tr\u00e4dg\u00e5rd &amp; Fritid","article_modified_time":"2026-03-12T07:50:36+00:00","og_image":[{"width":2000,"height":2000,"url":"https:\/\/i0.wp.com\/truusk.se\/wp-content\/uploads\/2025\/11\/pall-med-mjukt-sittkudde-och-stalbens-fotpall-med-chenille-tyg-45-x-41-x-38-cm-kramvit-1.webp?fit=2000%2C2000&ssl=1","type":"image\/webp"}],"twitter_card":"summary_large_image","twitter_misc":{"Ber\u00e4knad l\u00e4stid":"1 minut"},"schema":{"@context":"https:\/\/schema.org","@graph":[{"@type":"WebPage","@id":"https:\/\/truusk.store\/sv\/produkt\/truusk-pall-med-mjuk-sittkudde-och-stalbens-fotpall-chenille-tyg-45-x-41-x-38-cm-kramvit\/","url":"https:\/\/truusk.store\/sv\/produkt\/truusk-pall-med-mjuk-sittkudde-och-stalbens-fotpall-chenille-tyg-45-x-41-x-38-cm-kramvit\/","name":"TRUUSK Pall med Mjuk Sittkudde och St\u00e5lbens Fotpall - Chenille-tyg - 45 x 41 x 38 cm - Kr\u00e4mvit - TRUUSK - Hem, Tr\u00e4dg\u00e5rd &amp; Fritid","isPartOf":{"@id":"https:\/\/truusk.store\/sv\/#website"},"primaryImageOfPage":{"@id":"https:\/\/truusk.store\/sv\/produkt\/truusk-pall-med-mjuk-sittkudde-och-stalbens-fotpall-chenille-tyg-45-x-41-x-38-cm-kramvit\/#primaryimage"},"image":{"@id":"https:\/\/truusk.store\/sv\/produkt\/truusk-pall-med-mjuk-sittkudde-och-stalbens-fotpall-chenille-tyg-45-x-41-x-38-cm-kramvit\/#primaryimage"},"thumbnailUrl":"https:\/\/i0.wp.com\/truusk.store\/wp-content\/uploads\/2025\/11\/pall-med-mjukt-sittkudde-och-stalbens-fotpall-med-chenille-tyg-45-x-41-x-38-cm-kramvit-1.webp?fit=2000%2C2000&ssl=1","datePublished":"2025-11-10T12:54:43+00:00","dateModified":"2026-03-12T07:50:36+00:00","breadcrumb":{"@id":"https:\/\/truusk.store\/sv\/produkt\/truusk-pall-med-mjuk-sittkudde-och-stalbens-fotpall-chenille-tyg-45-x-41-x-38-cm-kramvit\/#breadcrumb"},"inLanguage":"sv-SE","potentialAction":[{"@type":"ReadAction","target":["https:\/\/truusk.store\/sv\/produkt\/truusk-pall-med-mjuk-sittkudde-och-stalbens-fotpall-chenille-tyg-45-x-41-x-38-cm-kramvit\/"]}]},{"@type":"ImageObject","inLanguage":"sv-SE","@id":"https:\/\/truusk.store\/sv\/produkt\/truusk-pall-med-mjuk-sittkudde-och-stalbens-fotpall-chenille-tyg-45-x-41-x-38-cm-kramvit\/#primaryimage","url":"https:\/\/i0.wp.com\/truusk.store\/wp-content\/uploads\/2025\/11\/pall-med-mjukt-sittkudde-och-stalbens-fotpall-med-chenille-tyg-45-x-41-x-38-cm-kramvit-1.webp?fit=2000%2C2000&ssl=1","contentUrl":"https:\/\/i0.wp.com\/truusk.store\/wp-content\/uploads\/2025\/11\/pall-med-mjukt-sittkudde-och-stalbens-fotpall-med-chenille-tyg-45-x-41-x-38-cm-kramvit-1.webp?fit=2000%2C2000&ssl=1","width":2000,"height":2000},{"@type":"BreadcrumbList","@id":"https:\/\/truusk.store\/sv\/produkt\/truusk-pall-med-mjuk-sittkudde-och-stalbens-fotpall-chenille-tyg-45-x-41-x-38-cm-kramvit\/#breadcrumb","itemListElement":[{"@type":"ListItem","position":1,"name":"Home","item":"https:\/\/truusk.store\/sv\/"},{"@type":"ListItem","position":2,"name":"Shop","item":"https:\/\/truusk.store\/shop\/"},{"@type":"ListItem","position":3,"name":"TRUUSK Pall med Mjuk Sittkudde och St\u00e5lbens Fotpall &#8211; Chenille-tyg &#8211; 45 x 41 x 38 cm &#8211; Kr\u00e4mvit"}]},{"@type":"WebSite","@id":"https:\/\/truusk.store\/sv\/#website","url":"https:\/\/truusk.store\/sv\/","name":"TRUUSK - Hem, Tr\u00e4dg\u00e5rd & Fritid","description":"","publisher":{"@id":"https:\/\/truusk.store\/sv\/#organization"},"potentialAction":[{"@type":"SearchAction","target":{"@type":"EntryPoint","urlTemplate":"https:\/\/truusk.store\/sv\/?s={search_term_string}"},"query-input":{"@type":"PropertyValueSpecification","valueRequired":true,"valueName":"search_term_string"}}],"inLanguage":"sv-SE"},{"@type":"Organization","@id":"https:\/\/truusk.store\/sv\/#organization","name":"TRUUSK - Hem, Tr\u00e4dg\u00e5rd & Fritid","url":"https:\/\/truusk.store\/sv\/","logo":{"@type":"ImageObject","inLanguage":"sv-SE","@id":"https:\/\/truusk.store\/sv\/#\/schema\/logo\/image\/","url":"https:\/\/i0.wp.com\/truusk.store\/wp-content\/uploads\/2026\/03\/cropped-TRUUSK.png?fit=2032%2C917&ssl=1","contentUrl":"https:\/\/i0.wp.com\/truusk.store\/wp-content\/uploads\/2026\/03\/cropped-TRUUSK.png?fit=2032%2C917&ssl=1","width":2032,"height":917,"caption":"TRUUSK - Hem, Tr\u00e4dg\u00e5rd & Fritid"},"image":{"@id":"https:\/\/truusk.store\/sv\/#\/schema\/logo\/image\/"}}]}},"jetpack_sharing_enabled":true,"_links":{"self":[{"href":"https:\/\/truusk.store\/sv\/wp-json\/wp\/v2\/product\/95390","targetHints":{"allow":["GET"]}}],"collection":[{"href":"https:\/\/truusk.store\/sv\/wp-json\/wp\/v2\/product"}],"about":[{"href":"https:\/\/truusk.store\/sv\/wp-json\/wp\/v2\/types\/product"}],"wp:featuredmedia":[{"embeddable":true,"href":"https:\/\/truusk.store\/sv\/wp-json\/wp\/v2\/media\/95381"}],"wp:attachment":[{"href":"https:\/\/truusk.store\/sv\/wp-json\/wp\/v2\/media?parent=95390"}],"wp:term":[{"taxonomy":"product_brand","embeddable":true,"href":"https:\/\/truusk.store\/sv\/wp-json\/wp\/v2\/product_brand?post=95390"},{"taxonomy":"product_cat","embeddable":true,"href":"https:\/\/truusk.store\/sv\/wp-json\/wp\/v2\/product_cat?post=95390"},{"taxonomy":"product_tag","embeddable":true,"href":"https:\/\/truusk.store\/sv\/wp-json\/wp\/v2\/product_tag?post=95390"}],"curies":[{"name":"wp","href":"https:\/\/api.w.org\/{rel}","templated":true}]}}