{"id":95404,"date":"2025-11-10T13:56:20","date_gmt":"2025-11-10T12:56:20","guid":{"rendered":"https:\/\/truusk.store\/product\/vridbar-stoppad-stol-accentstol-med-pp-bomullsfyllning-tygoverdrag-stalbas-kramvit\/"},"modified":"2026-03-12T08:50:36","modified_gmt":"2026-03-12T07:50:36","slug":"truusk-vridbar-stoppad-stol-accentstol-med-pp-bomullsfyllning-tygoverdrag-stalbas-kramvit","status":"publish","type":"product","link":"https:\/\/truusk.store\/sv\/produkt\/truusk-vridbar-stoppad-stol-accentstol-med-pp-bomullsfyllning-tygoverdrag-stalbas-kramvit\/","title":{"rendered":"TRUUSK Vridbar Stoppad Stol &#8211; Accentstol med PP-bomullsfyllning &#8211; Tyg\u00f6verdrag &#8211; St\u00e5lbas &#8211; Kr\u00e4mvit"},"content":{"rendered":"<p>Lider du av obekv\u00e4ma, stela stolar? Det st\u00e4ndiga glidandet f\u00f6r att f\u00f6lja konversationer, eller det irriterande vacklandet p\u00e5 os\u00e4ker mark kan st\u00f6ra dina avkopplande stunder. TRUUSK relaxstolen \u00e4r den idealiska l\u00f6sningen: S\u00e4tt dig i dess rymliga, gungstolsliknande s\u00e4te och rotera enkelt 360\u00b0. Med sin robusta st\u00e5lbas m\u00f6jligg\u00f6r f\u00e5t\u00f6ljen en lugn och stabil kommunikation och g\u00f6r varje h\u00f6rn till din personliga retr\u00e4tt.<\/p>\n<p>Beskrivning:<\/p>\n<ul>\n<li> L\u00e5ga armst\u00f6d som \u00e4r anslutna till s\u00e4tet g\u00f6r att du kan sitta bekv\u00e4mt i skr\u00e4ddarst\u00e4llning<\/li>\n<li> Gener\u00f6s ryggst\u00f6d p\u00e5 stolen med tjock PP-bomullsfyllning ger mjukt st\u00f6d<\/li>\n<li> 360\u00b0 roteringsfunktion av l\u00e4sf\u00e5t\u00f6ljen m\u00f6jligg\u00f6r en smidig rotation i alla riktningar<\/li>\n<li> Mjukt chenille-tyg p\u00e5 sminkstolen i minimalistisk stil f\u00f6rh\u00f6jer alla rum dekorationer<\/li>\n<li> Fyra-stj\u00e4rnig st\u00e5lbas p\u00e5 lounge stolen b\u00e4r 120 kg och garanterar konstant stabilitet<\/li>\n<li> Halkfria fotdynor f\u00f6rhindrar glidning och skyddar golv fr\u00e5n repor<\/li>\n<li> Montering kr\u00e4vs<\/li>\n<\/ul>\n<p> Tekniska data:<\/p>\n<ul>\n<li> F\u00e4rg: Kr\u00e4mvit<\/li>\n<li> Material: Chenille (100% Polyester), skum, PP-bomull, st\u00e5l<\/li>\n<li> Totala dimensioner: 83B x 89T x 85H cm<\/li>\n<li> Sitsstorlek: 39B x 53T x 44H cm<\/li>\n<li> Sits tjocklek: 13 cm<\/li>\n<li> Ryggst\u00f6dsstorlek: 52L x 75B cm<\/li>\n<li> Rygg tjocklek: 20 cm<\/li>\n<li> Armst\u00f6dsstorlek: 57L x 21B cm<\/li>\n<li> Armh\u00f6jd till sits: 7 cm<\/li>\n<li> B\u00e4rkapacitet: 120 kg<\/li>\n<\/ul>\n<p>Leveransinneh\u00e5ll:<\/p>\n<ul>\n<li>1 x Accentstol<\/li>\n<li>1 x Handbok<\/li>\n<\/ul>\n","protected":false},"excerpt":{"rendered":"<p>Lider du av obekv\u00e4ma, stela stolar? Det st\u00e4ndiga glidandet f\u00f6r att f\u00f6lja konversationer, eller det irriterande vacklandet p\u00e5 os\u00e4ker mark&#8230;<\/p>\n","protected":false},"featured_media":95391,"template":"","meta":[],"product_brand":[],"product_cat":[871,519,910],"product_tag":[],"class_list":{"0":"post-95404","1":"product","2":"type-product","3":"status-publish","4":"has-post-thumbnail","6":"product_cat-hus-hem","7":"product_cat-stoppade-stolar","8":"product_cat-vardagsrum","10":"first","11":"instock","12":"sale","13":"taxable","14":"shipping-taxable","15":"purchasable","16":"product-type-simple"},"yoast_head":"<!-- This site is optimized with the Yoast SEO plugin v25.4 - https:\/\/yoast.com\/wordpress\/plugins\/seo\/ -->\n<title>TRUUSK Vridbar Stoppad Stol - Accentstol med PP-bomullsfyllning - Tyg\u00f6verdrag - St\u00e5lbas - Kr\u00e4mvit - TRUUSK - Hem, Tr\u00e4dg\u00e5rd &amp; Fritid<\/title>\n<meta name=\"robots\" content=\"index, follow, max-snippet:-1, max-image-preview:large, max-video-preview:-1\" \/>\n<link rel=\"canonical\" href=\"https:\/\/truusk.store\/sv\/produkt\/truusk-vridbar-stoppad-stol-accentstol-med-pp-bomullsfyllning-tygoverdrag-stalbas-kramvit\/\" \/>\n<meta property=\"og:locale\" content=\"sv_SE\" \/>\n<meta property=\"og:type\" content=\"article\" \/>\n<meta property=\"og:title\" content=\"TRUUSK Vridbar Stoppad Stol - Accentstol med PP-bomullsfyllning - Tyg\u00f6verdrag - St\u00e5lbas - Kr\u00e4mvit - TRUUSK - Hem, Tr\u00e4dg\u00e5rd &amp; Fritid\" \/>\n<meta property=\"og:description\" content=\"Lider du av obekv\u00e4ma, stela stolar? Det st\u00e4ndiga glidandet f\u00f6r att f\u00f6lja konversationer, eller det irriterande vacklandet p\u00e5 os\u00e4ker mark...\" \/>\n<meta property=\"og:url\" content=\"https:\/\/truusk.store\/sv\/produkt\/truusk-vridbar-stoppad-stol-accentstol-med-pp-bomullsfyllning-tygoverdrag-stalbas-kramvit\/\" \/>\n<meta property=\"og:site_name\" content=\"TRUUSK - Hem, Tr\u00e4dg\u00e5rd &amp; Fritid\" \/>\n<meta property=\"article:modified_time\" content=\"2026-03-12T07:50:36+00:00\" \/>\n<meta property=\"og:image\" content=\"https:\/\/i0.wp.com\/truusk.se\/wp-content\/uploads\/2025\/11\/vridbar-stoppad-stol-accentstol-med-pp-bomullsfyllning-tygoverdrag-stalbas-kramvit-1.webp?fit=2000%2C2000&ssl=1\" \/>\n\t<meta property=\"og:image:width\" content=\"2000\" \/>\n\t<meta property=\"og:image:height\" content=\"2000\" \/>\n\t<meta property=\"og:image:type\" content=\"image\/webp\" \/>\n<meta name=\"twitter:card\" content=\"summary_large_image\" \/>\n<meta name=\"twitter:label1\" content=\"Ber\u00e4knad l\u00e4stid\" \/>\n\t<meta name=\"twitter:data1\" content=\"1 minut\" \/>\n<!-- \/ Yoast SEO plugin. -->","yoast_head_json":{"title":"TRUUSK Vridbar Stoppad Stol - Accentstol med PP-bomullsfyllning - Tyg\u00f6verdrag - St\u00e5lbas - Kr\u00e4mvit - TRUUSK - Hem, Tr\u00e4dg\u00e5rd &amp; Fritid","robots":{"index":"index","follow":"follow","max-snippet":"max-snippet:-1","max-image-preview":"max-image-preview:large","max-video-preview":"max-video-preview:-1"},"canonical":"https:\/\/truusk.store\/sv\/produkt\/truusk-vridbar-stoppad-stol-accentstol-med-pp-bomullsfyllning-tygoverdrag-stalbas-kramvit\/","og_locale":"sv_SE","og_type":"article","og_title":"TRUUSK Vridbar Stoppad Stol - Accentstol med PP-bomullsfyllning - Tyg\u00f6verdrag - St\u00e5lbas - Kr\u00e4mvit - TRUUSK - Hem, Tr\u00e4dg\u00e5rd &amp; Fritid","og_description":"Lider du av obekv\u00e4ma, stela stolar? Det st\u00e4ndiga glidandet f\u00f6r att f\u00f6lja konversationer, eller det irriterande vacklandet p\u00e5 os\u00e4ker mark...","og_url":"https:\/\/truusk.store\/sv\/produkt\/truusk-vridbar-stoppad-stol-accentstol-med-pp-bomullsfyllning-tygoverdrag-stalbas-kramvit\/","og_site_name":"TRUUSK - Hem, Tr\u00e4dg\u00e5rd &amp; Fritid","article_modified_time":"2026-03-12T07:50:36+00:00","og_image":[{"width":2000,"height":2000,"url":"https:\/\/i0.wp.com\/truusk.se\/wp-content\/uploads\/2025\/11\/vridbar-stoppad-stol-accentstol-med-pp-bomullsfyllning-tygoverdrag-stalbas-kramvit-1.webp?fit=2000%2C2000&ssl=1","type":"image\/webp"}],"twitter_card":"summary_large_image","twitter_misc":{"Ber\u00e4knad l\u00e4stid":"1 minut"},"schema":{"@context":"https:\/\/schema.org","@graph":[{"@type":"WebPage","@id":"https:\/\/truusk.store\/sv\/produkt\/truusk-vridbar-stoppad-stol-accentstol-med-pp-bomullsfyllning-tygoverdrag-stalbas-kramvit\/","url":"https:\/\/truusk.store\/sv\/produkt\/truusk-vridbar-stoppad-stol-accentstol-med-pp-bomullsfyllning-tygoverdrag-stalbas-kramvit\/","name":"TRUUSK Vridbar Stoppad Stol - Accentstol med PP-bomullsfyllning - Tyg\u00f6verdrag - St\u00e5lbas - Kr\u00e4mvit - TRUUSK - Hem, Tr\u00e4dg\u00e5rd &amp; Fritid","isPartOf":{"@id":"https:\/\/truusk.store\/sv\/#website"},"primaryImageOfPage":{"@id":"https:\/\/truusk.store\/sv\/produkt\/truusk-vridbar-stoppad-stol-accentstol-med-pp-bomullsfyllning-tygoverdrag-stalbas-kramvit\/#primaryimage"},"image":{"@id":"https:\/\/truusk.store\/sv\/produkt\/truusk-vridbar-stoppad-stol-accentstol-med-pp-bomullsfyllning-tygoverdrag-stalbas-kramvit\/#primaryimage"},"thumbnailUrl":"https:\/\/i0.wp.com\/truusk.store\/wp-content\/uploads\/2025\/11\/vridbar-stoppad-stol-accentstol-med-pp-bomullsfyllning-tygoverdrag-stalbas-kramvit-1.webp?fit=2000%2C2000&ssl=1","datePublished":"2025-11-10T12:56:20+00:00","dateModified":"2026-03-12T07:50:36+00:00","breadcrumb":{"@id":"https:\/\/truusk.store\/sv\/produkt\/truusk-vridbar-stoppad-stol-accentstol-med-pp-bomullsfyllning-tygoverdrag-stalbas-kramvit\/#breadcrumb"},"inLanguage":"sv-SE","potentialAction":[{"@type":"ReadAction","target":["https:\/\/truusk.store\/sv\/produkt\/truusk-vridbar-stoppad-stol-accentstol-med-pp-bomullsfyllning-tygoverdrag-stalbas-kramvit\/"]}]},{"@type":"ImageObject","inLanguage":"sv-SE","@id":"https:\/\/truusk.store\/sv\/produkt\/truusk-vridbar-stoppad-stol-accentstol-med-pp-bomullsfyllning-tygoverdrag-stalbas-kramvit\/#primaryimage","url":"https:\/\/i0.wp.com\/truusk.store\/wp-content\/uploads\/2025\/11\/vridbar-stoppad-stol-accentstol-med-pp-bomullsfyllning-tygoverdrag-stalbas-kramvit-1.webp?fit=2000%2C2000&ssl=1","contentUrl":"https:\/\/i0.wp.com\/truusk.store\/wp-content\/uploads\/2025\/11\/vridbar-stoppad-stol-accentstol-med-pp-bomullsfyllning-tygoverdrag-stalbas-kramvit-1.webp?fit=2000%2C2000&ssl=1","width":2000,"height":2000},{"@type":"BreadcrumbList","@id":"https:\/\/truusk.store\/sv\/produkt\/truusk-vridbar-stoppad-stol-accentstol-med-pp-bomullsfyllning-tygoverdrag-stalbas-kramvit\/#breadcrumb","itemListElement":[{"@type":"ListItem","position":1,"name":"Home","item":"https:\/\/truusk.store\/sv\/"},{"@type":"ListItem","position":2,"name":"Shop","item":"https:\/\/truusk.store\/shop\/"},{"@type":"ListItem","position":3,"name":"TRUUSK Vridbar Stoppad Stol &#8211; Accentstol med PP-bomullsfyllning &#8211; Tyg\u00f6verdrag &#8211; St\u00e5lbas &#8211; Kr\u00e4mvit"}]},{"@type":"WebSite","@id":"https:\/\/truusk.store\/sv\/#website","url":"https:\/\/truusk.store\/sv\/","name":"TRUUSK - Hem, Tr\u00e4dg\u00e5rd & Fritid","description":"","publisher":{"@id":"https:\/\/truusk.store\/sv\/#organization"},"potentialAction":[{"@type":"SearchAction","target":{"@type":"EntryPoint","urlTemplate":"https:\/\/truusk.store\/sv\/?s={search_term_string}"},"query-input":{"@type":"PropertyValueSpecification","valueRequired":true,"valueName":"search_term_string"}}],"inLanguage":"sv-SE"},{"@type":"Organization","@id":"https:\/\/truusk.store\/sv\/#organization","name":"TRUUSK - Hem, Tr\u00e4dg\u00e5rd & Fritid","url":"https:\/\/truusk.store\/sv\/","logo":{"@type":"ImageObject","inLanguage":"sv-SE","@id":"https:\/\/truusk.store\/sv\/#\/schema\/logo\/image\/","url":"https:\/\/i0.wp.com\/truusk.store\/wp-content\/uploads\/2026\/03\/cropped-TRUUSK.png?fit=2032%2C917&ssl=1","contentUrl":"https:\/\/i0.wp.com\/truusk.store\/wp-content\/uploads\/2026\/03\/cropped-TRUUSK.png?fit=2032%2C917&ssl=1","width":2032,"height":917,"caption":"TRUUSK - Hem, Tr\u00e4dg\u00e5rd & Fritid"},"image":{"@id":"https:\/\/truusk.store\/sv\/#\/schema\/logo\/image\/"}}]}},"jetpack_sharing_enabled":true,"_links":{"self":[{"href":"https:\/\/truusk.store\/sv\/wp-json\/wp\/v2\/product\/95404","targetHints":{"allow":["GET"]}}],"collection":[{"href":"https:\/\/truusk.store\/sv\/wp-json\/wp\/v2\/product"}],"about":[{"href":"https:\/\/truusk.store\/sv\/wp-json\/wp\/v2\/types\/product"}],"wp:featuredmedia":[{"embeddable":true,"href":"https:\/\/truusk.store\/sv\/wp-json\/wp\/v2\/media\/95391"}],"wp:attachment":[{"href":"https:\/\/truusk.store\/sv\/wp-json\/wp\/v2\/media?parent=95404"}],"wp:term":[{"taxonomy":"product_brand","embeddable":true,"href":"https:\/\/truusk.store\/sv\/wp-json\/wp\/v2\/product_brand?post=95404"},{"taxonomy":"product_cat","embeddable":true,"href":"https:\/\/truusk.store\/sv\/wp-json\/wp\/v2\/product_cat?post=95404"},{"taxonomy":"product_tag","embeddable":true,"href":"https:\/\/truusk.store\/sv\/wp-json\/wp\/v2\/product_tag?post=95404"}],"curies":[{"name":"wp","href":"https:\/\/api.w.org\/{rel}","templated":true}]}}