{"id":95430,"date":"2025-11-10T13:58:50","date_gmt":"2025-11-10T12:58:50","guid":{"rendered":"https:\/\/truusk.store\/product\/kattrad-sisalstolpar-flera-nivaer-plyschtyg-hangande-boll-ljusgra\/"},"modified":"2026-03-12T08:50:37","modified_gmt":"2026-03-12T07:50:37","slug":"truusk-kattrad-med-sisalstolpar-flera-nivaer-plyschtyg-hangande-boll-ljusgra","status":"publish","type":"product","link":"https:\/\/truusk.store\/sv\/produkt\/truusk-kattrad-med-sisalstolpar-flera-nivaer-plyschtyg-hangande-boll-ljusgra\/","title":{"rendered":"TRUUSK Kattr\u00e4d med Sisalstolpar &#8211; Flera Niv\u00e5er &#8211; Plyschtyg &#8211; H\u00e4ngande Boll &#8211; Ljusgr\u00e5"},"content":{"rendered":"<p>St\u00f6rd av skadade m\u00f6bler och en uttr\u00e5kad katt? Stressen \u00f6ver deras s\u00e4kerhet och underh\u00e5llning kan vara p\u00e5frestande. TRUUSK kattr\u00e4det \u00e4r den idealiska l\u00f6sningen. Med sin stabila, tipp-s\u00e4kra design skapar den en s\u00e4ker, flerniv\u00e5 lekplats med en sisal-skrappel, en mysig grotta f\u00f6r tupplurer och kl\u00e4tterplattformar. S\u00e5 h\u00e5ller din katt sig upptagen och n\u00f6jd, medan du \u00e4r lugn.<\/p>\n<p>Beskrivning:<\/p>\n<ul>\n<li> Har en extra tjock 13,6 cm sisalpelare f\u00f6r att skydda dina m\u00f6bler<\/li>\n<li> Flerniv\u00e5design med en \u00f6vre liggyta och en h\u00e4ngmatta ger o\u00e4ndligt med kul<\/li>\n<li> En bred bas och en anti-tip-rem f\u00f6r aktivitetsskrappeltr\u00e4det ger dubbel s\u00e4kerhet f\u00f6r aktiva katter<\/li>\n<li> T\u00e4ckt med mjuk plyschtyg som skapar en varm och mysig viloplats<\/li>\n<li> Dess moderna, kompakta design av kattr\u00e4det sparar utrymme och kompletterar din heminredning<\/li>\n<li> Inneh\u00e5ller en h\u00e4ngande boll f\u00f6r att stimulera din katts naturliga jaktinstinkter<\/li>\n<li> Alla delar och tydliga instruktioner ing\u00e5r f\u00f6r en snabb montering p\u00e5 20 minuter. Montering kr\u00e4vs<\/li>\n<\/ul>\n<p>Specifikationer:<\/p>\n<ul>\n<li> F\u00e4rg: Ljusgr\u00e5+Cremevit<\/li>\n<li> Material: Sp\u00e5nskiva, plysch, plast-bomull, sisal<\/li>\n<li> Totala dimensioner: \u00d848 x 103,5H cm<\/li>\n<li> Katts\u00e4ngstorlek: 43B x 28T x 8H cm<\/li>\n<li> Andra plattformens storlek: 35L x 30B cm<\/li>\n<li> Pelarstorlek: \u00d813,6 cm<\/li>\n<li> H\u00e4ngmattans storlek: \u00d830 cm<\/li>\n<li> Basstorlek: \u00d848 cm<\/li>\n<\/ul>\n<p>Leveransinneh\u00e5ll:<\/p>\n<ul>\n<li> 1 x Skrappeltr\u00e4d<\/li>\n<li> 1 x Bruksanvisning<\/li>\n<\/ul>\n","protected":false},"excerpt":{"rendered":"<p>St\u00f6rd av skadade m\u00f6bler och en uttr\u00e5kad katt? Stressen \u00f6ver deras s\u00e4kerhet och underh\u00e5llning kan vara p\u00e5frestande. TRUUSK kattr\u00e4det \u00e4r&#8230;<\/p>\n","protected":false},"featured_media":95420,"template":"","meta":[],"product_brand":[],"product_cat":[895,588,879],"product_tag":[],"class_list":{"0":"post-95430","1":"product","2":"type-product","3":"status-publish","4":"has-post-thumbnail","6":"product_cat-djurutrustning","7":"product_cat-katttillbehor","8":"product_cat-klostrad","10":"first","11":"instock","12":"sale","13":"taxable","14":"shipping-taxable","15":"purchasable","16":"product-type-simple"},"yoast_head":"<!-- This site is optimized with the Yoast SEO plugin v25.4 - https:\/\/yoast.com\/wordpress\/plugins\/seo\/ -->\n<title>TRUUSK Kattr\u00e4d med Sisalstolpar - Flera Niv\u00e5er - Plyschtyg - H\u00e4ngande Boll - Ljusgr\u00e5 - TRUUSK - Hem, Tr\u00e4dg\u00e5rd &amp; Fritid<\/title>\n<meta name=\"robots\" content=\"index, follow, max-snippet:-1, max-image-preview:large, max-video-preview:-1\" \/>\n<link rel=\"canonical\" href=\"https:\/\/truusk.store\/sv\/produkt\/truusk-kattrad-med-sisalstolpar-flera-nivaer-plyschtyg-hangande-boll-ljusgra\/\" \/>\n<meta property=\"og:locale\" content=\"sv_SE\" \/>\n<meta property=\"og:type\" content=\"article\" \/>\n<meta property=\"og:title\" content=\"TRUUSK Kattr\u00e4d med Sisalstolpar - Flera Niv\u00e5er - Plyschtyg - H\u00e4ngande Boll - Ljusgr\u00e5 - TRUUSK - Hem, Tr\u00e4dg\u00e5rd &amp; Fritid\" \/>\n<meta property=\"og:description\" content=\"St\u00f6rd av skadade m\u00f6bler och en uttr\u00e5kad katt? Stressen \u00f6ver deras s\u00e4kerhet och underh\u00e5llning kan vara p\u00e5frestande. TRUUSK kattr\u00e4det \u00e4r...\" \/>\n<meta property=\"og:url\" content=\"https:\/\/truusk.store\/sv\/produkt\/truusk-kattrad-med-sisalstolpar-flera-nivaer-plyschtyg-hangande-boll-ljusgra\/\" \/>\n<meta property=\"og:site_name\" content=\"TRUUSK - Hem, Tr\u00e4dg\u00e5rd &amp; Fritid\" \/>\n<meta property=\"article:modified_time\" content=\"2026-03-12T07:50:37+00:00\" \/>\n<meta property=\"og:image\" content=\"https:\/\/i0.wp.com\/truusk.se\/wp-content\/uploads\/2025\/11\/kattrad-sisalstolpar-flera-nivaer-plyschtyg-hangande-boll-ljusgra-1.webp?fit=2000%2C2000&ssl=1\" \/>\n\t<meta property=\"og:image:width\" content=\"2000\" \/>\n\t<meta property=\"og:image:height\" content=\"2000\" \/>\n\t<meta property=\"og:image:type\" content=\"image\/webp\" \/>\n<meta name=\"twitter:card\" content=\"summary_large_image\" \/>\n<meta name=\"twitter:label1\" content=\"Ber\u00e4knad l\u00e4stid\" \/>\n\t<meta name=\"twitter:data1\" content=\"1 minut\" \/>\n<!-- \/ Yoast SEO plugin. -->","yoast_head_json":{"title":"TRUUSK Kattr\u00e4d med Sisalstolpar - Flera Niv\u00e5er - Plyschtyg - H\u00e4ngande Boll - Ljusgr\u00e5 - TRUUSK - Hem, Tr\u00e4dg\u00e5rd &amp; Fritid","robots":{"index":"index","follow":"follow","max-snippet":"max-snippet:-1","max-image-preview":"max-image-preview:large","max-video-preview":"max-video-preview:-1"},"canonical":"https:\/\/truusk.store\/sv\/produkt\/truusk-kattrad-med-sisalstolpar-flera-nivaer-plyschtyg-hangande-boll-ljusgra\/","og_locale":"sv_SE","og_type":"article","og_title":"TRUUSK Kattr\u00e4d med Sisalstolpar - Flera Niv\u00e5er - Plyschtyg - H\u00e4ngande Boll - Ljusgr\u00e5 - TRUUSK - Hem, Tr\u00e4dg\u00e5rd &amp; Fritid","og_description":"St\u00f6rd av skadade m\u00f6bler och en uttr\u00e5kad katt? Stressen \u00f6ver deras s\u00e4kerhet och underh\u00e5llning kan vara p\u00e5frestande. TRUUSK kattr\u00e4det \u00e4r...","og_url":"https:\/\/truusk.store\/sv\/produkt\/truusk-kattrad-med-sisalstolpar-flera-nivaer-plyschtyg-hangande-boll-ljusgra\/","og_site_name":"TRUUSK - Hem, Tr\u00e4dg\u00e5rd &amp; Fritid","article_modified_time":"2026-03-12T07:50:37+00:00","og_image":[{"width":2000,"height":2000,"url":"https:\/\/i0.wp.com\/truusk.se\/wp-content\/uploads\/2025\/11\/kattrad-sisalstolpar-flera-nivaer-plyschtyg-hangande-boll-ljusgra-1.webp?fit=2000%2C2000&ssl=1","type":"image\/webp"}],"twitter_card":"summary_large_image","twitter_misc":{"Ber\u00e4knad l\u00e4stid":"1 minut"},"schema":{"@context":"https:\/\/schema.org","@graph":[{"@type":"WebPage","@id":"https:\/\/truusk.store\/sv\/produkt\/truusk-kattrad-med-sisalstolpar-flera-nivaer-plyschtyg-hangande-boll-ljusgra\/","url":"https:\/\/truusk.store\/sv\/produkt\/truusk-kattrad-med-sisalstolpar-flera-nivaer-plyschtyg-hangande-boll-ljusgra\/","name":"TRUUSK Kattr\u00e4d med Sisalstolpar - Flera Niv\u00e5er - Plyschtyg - H\u00e4ngande Boll - Ljusgr\u00e5 - TRUUSK - Hem, Tr\u00e4dg\u00e5rd &amp; Fritid","isPartOf":{"@id":"https:\/\/truusk.store\/sv\/#website"},"primaryImageOfPage":{"@id":"https:\/\/truusk.store\/sv\/produkt\/truusk-kattrad-med-sisalstolpar-flera-nivaer-plyschtyg-hangande-boll-ljusgra\/#primaryimage"},"image":{"@id":"https:\/\/truusk.store\/sv\/produkt\/truusk-kattrad-med-sisalstolpar-flera-nivaer-plyschtyg-hangande-boll-ljusgra\/#primaryimage"},"thumbnailUrl":"https:\/\/i0.wp.com\/truusk.store\/wp-content\/uploads\/2025\/11\/kattrad-sisalstolpar-flera-nivaer-plyschtyg-hangande-boll-ljusgra-1.webp?fit=2000%2C2000&ssl=1","datePublished":"2025-11-10T12:58:50+00:00","dateModified":"2026-03-12T07:50:37+00:00","breadcrumb":{"@id":"https:\/\/truusk.store\/sv\/produkt\/truusk-kattrad-med-sisalstolpar-flera-nivaer-plyschtyg-hangande-boll-ljusgra\/#breadcrumb"},"inLanguage":"sv-SE","potentialAction":[{"@type":"ReadAction","target":["https:\/\/truusk.store\/sv\/produkt\/truusk-kattrad-med-sisalstolpar-flera-nivaer-plyschtyg-hangande-boll-ljusgra\/"]}]},{"@type":"ImageObject","inLanguage":"sv-SE","@id":"https:\/\/truusk.store\/sv\/produkt\/truusk-kattrad-med-sisalstolpar-flera-nivaer-plyschtyg-hangande-boll-ljusgra\/#primaryimage","url":"https:\/\/i0.wp.com\/truusk.store\/wp-content\/uploads\/2025\/11\/kattrad-sisalstolpar-flera-nivaer-plyschtyg-hangande-boll-ljusgra-1.webp?fit=2000%2C2000&ssl=1","contentUrl":"https:\/\/i0.wp.com\/truusk.store\/wp-content\/uploads\/2025\/11\/kattrad-sisalstolpar-flera-nivaer-plyschtyg-hangande-boll-ljusgra-1.webp?fit=2000%2C2000&ssl=1","width":2000,"height":2000},{"@type":"BreadcrumbList","@id":"https:\/\/truusk.store\/sv\/produkt\/truusk-kattrad-med-sisalstolpar-flera-nivaer-plyschtyg-hangande-boll-ljusgra\/#breadcrumb","itemListElement":[{"@type":"ListItem","position":1,"name":"Home","item":"https:\/\/truusk.store\/sv\/"},{"@type":"ListItem","position":2,"name":"Shop","item":"https:\/\/truusk.store\/shop\/"},{"@type":"ListItem","position":3,"name":"TRUUSK Kattr\u00e4d med Sisalstolpar &#8211; Flera Niv\u00e5er &#8211; Plyschtyg &#8211; H\u00e4ngande Boll &#8211; Ljusgr\u00e5"}]},{"@type":"WebSite","@id":"https:\/\/truusk.store\/sv\/#website","url":"https:\/\/truusk.store\/sv\/","name":"TRUUSK - Hem, Tr\u00e4dg\u00e5rd & Fritid","description":"","publisher":{"@id":"https:\/\/truusk.store\/sv\/#organization"},"potentialAction":[{"@type":"SearchAction","target":{"@type":"EntryPoint","urlTemplate":"https:\/\/truusk.store\/sv\/?s={search_term_string}"},"query-input":{"@type":"PropertyValueSpecification","valueRequired":true,"valueName":"search_term_string"}}],"inLanguage":"sv-SE"},{"@type":"Organization","@id":"https:\/\/truusk.store\/sv\/#organization","name":"TRUUSK - Hem, Tr\u00e4dg\u00e5rd & Fritid","url":"https:\/\/truusk.store\/sv\/","logo":{"@type":"ImageObject","inLanguage":"sv-SE","@id":"https:\/\/truusk.store\/sv\/#\/schema\/logo\/image\/","url":"https:\/\/i0.wp.com\/truusk.store\/wp-content\/uploads\/2026\/03\/cropped-TRUUSK.png?fit=2032%2C917&ssl=1","contentUrl":"https:\/\/i0.wp.com\/truusk.store\/wp-content\/uploads\/2026\/03\/cropped-TRUUSK.png?fit=2032%2C917&ssl=1","width":2032,"height":917,"caption":"TRUUSK - Hem, Tr\u00e4dg\u00e5rd & Fritid"},"image":{"@id":"https:\/\/truusk.store\/sv\/#\/schema\/logo\/image\/"}}]}},"jetpack_sharing_enabled":true,"_links":{"self":[{"href":"https:\/\/truusk.store\/sv\/wp-json\/wp\/v2\/product\/95430","targetHints":{"allow":["GET"]}}],"collection":[{"href":"https:\/\/truusk.store\/sv\/wp-json\/wp\/v2\/product"}],"about":[{"href":"https:\/\/truusk.store\/sv\/wp-json\/wp\/v2\/types\/product"}],"wp:featuredmedia":[{"embeddable":true,"href":"https:\/\/truusk.store\/sv\/wp-json\/wp\/v2\/media\/95420"}],"wp:attachment":[{"href":"https:\/\/truusk.store\/sv\/wp-json\/wp\/v2\/media?parent=95430"}],"wp:term":[{"taxonomy":"product_brand","embeddable":true,"href":"https:\/\/truusk.store\/sv\/wp-json\/wp\/v2\/product_brand?post=95430"},{"taxonomy":"product_cat","embeddable":true,"href":"https:\/\/truusk.store\/sv\/wp-json\/wp\/v2\/product_cat?post=95430"},{"taxonomy":"product_tag","embeddable":true,"href":"https:\/\/truusk.store\/sv\/wp-json\/wp\/v2\/product_tag?post=95430"}],"curies":[{"name":"wp","href":"https:\/\/api.w.org\/{rel}","templated":true}]}}