{"id":95440,"date":"2025-11-10T13:59:41","date_gmt":"2025-11-10T12:59:41","guid":{"rendered":"https:\/\/truusk.store\/product\/ritstol-med-landstod-hojdjusterbar-roterbar-for-hemmakontor-studio-konstprojekt-svart\/"},"modified":"2026-03-12T08:50:38","modified_gmt":"2026-03-12T07:50:38","slug":"truusk-ritstol-med-landstod-hojdjusterbar-och-roterbar-for-hemmakontor-och-studio-svart","status":"publish","type":"product","link":"https:\/\/truusk.store\/sv\/produkt\/truusk-ritstol-med-landstod-hojdjusterbar-och-roterbar-for-hemmakontor-och-studio-svart\/","title":{"rendered":"TRUUSK Ritstol med L\u00e4ndst\u00f6d &#8211; H\u00f6jdjusterbar och Roterbar &#8211; F\u00f6r Hemmakontor och Studio &#8211; Svart"},"content":{"rendered":"<p>Om du tillbringar m\u00e5nga timmar vid ritbordet kan detta leda till sp\u00e4nningar i ryggen och oordning i studion, vilket h\u00e4mmar din kreativitet. TRUUSK ritstolen med dynamiskt l\u00e4ndst\u00f6d och justerbar h\u00f6jd erbjuder optimal komfort. Armarna kan f\u00e4llas upp och kontorsstolen kan skjutas under bordet, s\u00e5 att din arbetsplats f\u00f6rblir snygg och redo f\u00f6r projekt.<\/p>\n<p>Beskrivning:<\/p>\n<ul>\n<li> B\u00f6jd ryggst\u00f6d med 4D-l\u00e4ndst\u00f6d p\u00e5 datorstolen erbjuder individuell komfort f\u00f6r att lindra ryggsm\u00e4rtor<\/li>\n<li> Har en h\u00f6jdintervall p\u00e5 53-78 cm med en justerbar fotst\u00f6d f\u00f6r olika h\u00f6ga skrivbord<\/li>\n<li> Uppf\u00e4llbara armst\u00f6d g\u00f6r att stolen kan glida under skrivbord och d\u00e4rmed spara utrymme<\/li>\n<li> Tjockt skumdyna och andningsbart n\u00e4t ryggst\u00f6d p\u00e5 kontorsstolen ger komfort f\u00f6r hela dagen<\/li>\n<li> 360\u00b0 rotation och ljudl\u00f6sa hjul erbjuder flexibel r\u00f6rlighet f\u00f6r enkel samarbete<\/li>\n<li> F\u00f6rst\u00e4rkt st\u00e5lbotten b\u00e4r upp till 120 kg och garanterar stabilitet och s\u00e4kerhet<\/li>\n<li> Monteringen \u00e4r klar p\u00e5 bara 30 minuter, med tydliga instruktioner f\u00f6r omedelbar anv\u00e4ndning<\/li>\n<\/ul>\n<p> Tekniska data:<\/p>\n<ul>\n<li> F\u00e4rg: Svart<\/li>\n<li> Material: N\u00e4ttyg (100% polyester), skum, st\u00e5l, plast<\/li>\n<li> Totala dimensioner: 60B x 60D x 108-132H cm<\/li>\n<li> Sitsstorlek: 48B x 50D x 53-78H cm<\/li>\n<li> Ryggst\u00f6dets storlek: 59L x 49B cm<\/li>\n<li> Armst\u00f6dets storlek: 7,5B x 24L cm<\/li>\n<li> Armst\u00f6dets h\u00f6jd (fr\u00e5n sitsen): 26,5H cm<\/li>\n<li> Belastningskapacitet: 120 kg<\/li>\n<\/ul>\n<p>Leveransinneh\u00e5ll:<\/p>\n<ul>\n<li> 1 x Ritstol<\/li>\n<li> 1 x Handbok<\/li>\n<\/ul>\n","protected":false},"excerpt":{"rendered":"<p>Om du tillbringar m\u00e5nga timmar vid ritbordet kan detta leda till sp\u00e4nningar i ryggen och oordning i studion, vilket h\u00e4mmar&#8230;<\/p>\n","protected":false},"featured_media":95431,"template":"","meta":[],"product_brand":[],"product_cat":[872,871,516],"product_tag":[],"class_list":{"0":"post-95440","1":"product","2":"type-product","3":"status-publish","4":"has-post-thumbnail","6":"product_cat-hemmakontor-arbetsplats","7":"product_cat-hus-hem","8":"product_cat-kontorsstolar","10":"first","11":"instock","12":"sale","13":"taxable","14":"shipping-taxable","15":"purchasable","16":"product-type-simple"},"yoast_head":"<!-- This site is optimized with the Yoast SEO plugin v25.4 - https:\/\/yoast.com\/wordpress\/plugins\/seo\/ -->\n<title>TRUUSK Ritstol med L\u00e4ndst\u00f6d - H\u00f6jdjusterbar och Roterbar - F\u00f6r Hemmakontor och Studio - Svart - TRUUSK - Hem, Tr\u00e4dg\u00e5rd &amp; Fritid<\/title>\n<meta name=\"robots\" content=\"index, follow, max-snippet:-1, max-image-preview:large, max-video-preview:-1\" \/>\n<link rel=\"canonical\" href=\"https:\/\/truusk.store\/sv\/produkt\/truusk-ritstol-med-landstod-hojdjusterbar-och-roterbar-for-hemmakontor-och-studio-svart\/\" \/>\n<meta property=\"og:locale\" content=\"sv_SE\" \/>\n<meta property=\"og:type\" content=\"article\" \/>\n<meta property=\"og:title\" content=\"TRUUSK Ritstol med L\u00e4ndst\u00f6d - H\u00f6jdjusterbar och Roterbar - F\u00f6r Hemmakontor och Studio - Svart - TRUUSK - Hem, Tr\u00e4dg\u00e5rd &amp; Fritid\" \/>\n<meta property=\"og:description\" content=\"Om du tillbringar m\u00e5nga timmar vid ritbordet kan detta leda till sp\u00e4nningar i ryggen och oordning i studion, vilket h\u00e4mmar...\" \/>\n<meta property=\"og:url\" content=\"https:\/\/truusk.store\/sv\/produkt\/truusk-ritstol-med-landstod-hojdjusterbar-och-roterbar-for-hemmakontor-och-studio-svart\/\" \/>\n<meta property=\"og:site_name\" content=\"TRUUSK - Hem, Tr\u00e4dg\u00e5rd &amp; Fritid\" \/>\n<meta property=\"article:modified_time\" content=\"2026-03-12T07:50:38+00:00\" \/>\n<meta property=\"og:image\" content=\"https:\/\/i0.wp.com\/truusk.se\/wp-content\/uploads\/2025\/11\/ritstol-med-landstod-hojdjusterbar-roterbar-for-hemmakontor-studio-konstprojekt-svart-1.webp?fit=2000%2C2000&ssl=1\" \/>\n\t<meta property=\"og:image:width\" content=\"2000\" \/>\n\t<meta property=\"og:image:height\" content=\"2000\" \/>\n\t<meta property=\"og:image:type\" content=\"image\/webp\" \/>\n<meta name=\"twitter:card\" content=\"summary_large_image\" \/>\n<meta name=\"twitter:label1\" content=\"Ber\u00e4knad l\u00e4stid\" \/>\n\t<meta name=\"twitter:data1\" content=\"1 minut\" \/>\n<!-- \/ Yoast SEO plugin. -->","yoast_head_json":{"title":"TRUUSK Ritstol med L\u00e4ndst\u00f6d - H\u00f6jdjusterbar och Roterbar - F\u00f6r Hemmakontor och Studio - Svart - TRUUSK - Hem, Tr\u00e4dg\u00e5rd &amp; Fritid","robots":{"index":"index","follow":"follow","max-snippet":"max-snippet:-1","max-image-preview":"max-image-preview:large","max-video-preview":"max-video-preview:-1"},"canonical":"https:\/\/truusk.store\/sv\/produkt\/truusk-ritstol-med-landstod-hojdjusterbar-och-roterbar-for-hemmakontor-och-studio-svart\/","og_locale":"sv_SE","og_type":"article","og_title":"TRUUSK Ritstol med L\u00e4ndst\u00f6d - H\u00f6jdjusterbar och Roterbar - F\u00f6r Hemmakontor och Studio - Svart - TRUUSK - Hem, Tr\u00e4dg\u00e5rd &amp; Fritid","og_description":"Om du tillbringar m\u00e5nga timmar vid ritbordet kan detta leda till sp\u00e4nningar i ryggen och oordning i studion, vilket h\u00e4mmar...","og_url":"https:\/\/truusk.store\/sv\/produkt\/truusk-ritstol-med-landstod-hojdjusterbar-och-roterbar-for-hemmakontor-och-studio-svart\/","og_site_name":"TRUUSK - Hem, Tr\u00e4dg\u00e5rd &amp; Fritid","article_modified_time":"2026-03-12T07:50:38+00:00","og_image":[{"width":2000,"height":2000,"url":"https:\/\/i0.wp.com\/truusk.se\/wp-content\/uploads\/2025\/11\/ritstol-med-landstod-hojdjusterbar-roterbar-for-hemmakontor-studio-konstprojekt-svart-1.webp?fit=2000%2C2000&ssl=1","type":"image\/webp"}],"twitter_card":"summary_large_image","twitter_misc":{"Ber\u00e4knad l\u00e4stid":"1 minut"},"schema":{"@context":"https:\/\/schema.org","@graph":[{"@type":"WebPage","@id":"https:\/\/truusk.store\/sv\/produkt\/truusk-ritstol-med-landstod-hojdjusterbar-och-roterbar-for-hemmakontor-och-studio-svart\/","url":"https:\/\/truusk.store\/sv\/produkt\/truusk-ritstol-med-landstod-hojdjusterbar-och-roterbar-for-hemmakontor-och-studio-svart\/","name":"TRUUSK Ritstol med L\u00e4ndst\u00f6d - H\u00f6jdjusterbar och Roterbar - F\u00f6r Hemmakontor och Studio - Svart - TRUUSK - Hem, Tr\u00e4dg\u00e5rd &amp; Fritid","isPartOf":{"@id":"https:\/\/truusk.store\/sv\/#website"},"primaryImageOfPage":{"@id":"https:\/\/truusk.store\/sv\/produkt\/truusk-ritstol-med-landstod-hojdjusterbar-och-roterbar-for-hemmakontor-och-studio-svart\/#primaryimage"},"image":{"@id":"https:\/\/truusk.store\/sv\/produkt\/truusk-ritstol-med-landstod-hojdjusterbar-och-roterbar-for-hemmakontor-och-studio-svart\/#primaryimage"},"thumbnailUrl":"https:\/\/i0.wp.com\/truusk.store\/wp-content\/uploads\/2025\/11\/ritstol-med-landstod-hojdjusterbar-roterbar-for-hemmakontor-studio-konstprojekt-svart-1.webp?fit=2000%2C2000&ssl=1","datePublished":"2025-11-10T12:59:41+00:00","dateModified":"2026-03-12T07:50:38+00:00","breadcrumb":{"@id":"https:\/\/truusk.store\/sv\/produkt\/truusk-ritstol-med-landstod-hojdjusterbar-och-roterbar-for-hemmakontor-och-studio-svart\/#breadcrumb"},"inLanguage":"sv-SE","potentialAction":[{"@type":"ReadAction","target":["https:\/\/truusk.store\/sv\/produkt\/truusk-ritstol-med-landstod-hojdjusterbar-och-roterbar-for-hemmakontor-och-studio-svart\/"]}]},{"@type":"ImageObject","inLanguage":"sv-SE","@id":"https:\/\/truusk.store\/sv\/produkt\/truusk-ritstol-med-landstod-hojdjusterbar-och-roterbar-for-hemmakontor-och-studio-svart\/#primaryimage","url":"https:\/\/i0.wp.com\/truusk.store\/wp-content\/uploads\/2025\/11\/ritstol-med-landstod-hojdjusterbar-roterbar-for-hemmakontor-studio-konstprojekt-svart-1.webp?fit=2000%2C2000&ssl=1","contentUrl":"https:\/\/i0.wp.com\/truusk.store\/wp-content\/uploads\/2025\/11\/ritstol-med-landstod-hojdjusterbar-roterbar-for-hemmakontor-studio-konstprojekt-svart-1.webp?fit=2000%2C2000&ssl=1","width":2000,"height":2000},{"@type":"BreadcrumbList","@id":"https:\/\/truusk.store\/sv\/produkt\/truusk-ritstol-med-landstod-hojdjusterbar-och-roterbar-for-hemmakontor-och-studio-svart\/#breadcrumb","itemListElement":[{"@type":"ListItem","position":1,"name":"Home","item":"https:\/\/truusk.store\/sv\/"},{"@type":"ListItem","position":2,"name":"Shop","item":"https:\/\/truusk.store\/shop\/"},{"@type":"ListItem","position":3,"name":"TRUUSK Ritstol med L\u00e4ndst\u00f6d &#8211; H\u00f6jdjusterbar och Roterbar &#8211; F\u00f6r Hemmakontor och Studio &#8211; Svart"}]},{"@type":"WebSite","@id":"https:\/\/truusk.store\/sv\/#website","url":"https:\/\/truusk.store\/sv\/","name":"TRUUSK - Hem, Tr\u00e4dg\u00e5rd & Fritid","description":"","publisher":{"@id":"https:\/\/truusk.store\/sv\/#organization"},"potentialAction":[{"@type":"SearchAction","target":{"@type":"EntryPoint","urlTemplate":"https:\/\/truusk.store\/sv\/?s={search_term_string}"},"query-input":{"@type":"PropertyValueSpecification","valueRequired":true,"valueName":"search_term_string"}}],"inLanguage":"sv-SE"},{"@type":"Organization","@id":"https:\/\/truusk.store\/sv\/#organization","name":"TRUUSK - Hem, Tr\u00e4dg\u00e5rd & Fritid","url":"https:\/\/truusk.store\/sv\/","logo":{"@type":"ImageObject","inLanguage":"sv-SE","@id":"https:\/\/truusk.store\/sv\/#\/schema\/logo\/image\/","url":"https:\/\/i0.wp.com\/truusk.store\/wp-content\/uploads\/2026\/03\/cropped-TRUUSK.png?fit=2032%2C917&ssl=1","contentUrl":"https:\/\/i0.wp.com\/truusk.store\/wp-content\/uploads\/2026\/03\/cropped-TRUUSK.png?fit=2032%2C917&ssl=1","width":2032,"height":917,"caption":"TRUUSK - Hem, Tr\u00e4dg\u00e5rd & Fritid"},"image":{"@id":"https:\/\/truusk.store\/sv\/#\/schema\/logo\/image\/"}}]}},"jetpack_sharing_enabled":true,"_links":{"self":[{"href":"https:\/\/truusk.store\/sv\/wp-json\/wp\/v2\/product\/95440","targetHints":{"allow":["GET"]}}],"collection":[{"href":"https:\/\/truusk.store\/sv\/wp-json\/wp\/v2\/product"}],"about":[{"href":"https:\/\/truusk.store\/sv\/wp-json\/wp\/v2\/types\/product"}],"wp:featuredmedia":[{"embeddable":true,"href":"https:\/\/truusk.store\/sv\/wp-json\/wp\/v2\/media\/95431"}],"wp:attachment":[{"href":"https:\/\/truusk.store\/sv\/wp-json\/wp\/v2\/media?parent=95440"}],"wp:term":[{"taxonomy":"product_brand","embeddable":true,"href":"https:\/\/truusk.store\/sv\/wp-json\/wp\/v2\/product_brand?post=95440"},{"taxonomy":"product_cat","embeddable":true,"href":"https:\/\/truusk.store\/sv\/wp-json\/wp\/v2\/product_cat?post=95440"},{"taxonomy":"product_tag","embeddable":true,"href":"https:\/\/truusk.store\/sv\/wp-json\/wp\/v2\/product_tag?post=95440"}],"curies":[{"name":"wp","href":"https:\/\/api.w.org\/{rel}","templated":true}]}}