{"id":95470,"date":"2025-11-10T14:03:02","date_gmt":"2025-11-10T13:03:02","guid":{"rendered":"https:\/\/truusk.store\/product\/rgb-golvlampa-med-glashyllor-4-niva-led-golvlampa-med-fjarrkontroll-musiksynkronisering-svart\/"},"modified":"2026-03-12T08:50:46","modified_gmt":"2026-03-12T07:50:46","slug":"truusk-rgb-golvlampa-med-glashyllor-4-niva-led-golvlampa-fjarrkontroll-musiksynkronisering-svart","status":"publish","type":"product","link":"https:\/\/truusk.store\/sv\/produkt\/truusk-rgb-golvlampa-med-glashyllor-4-niva-led-golvlampa-fjarrkontroll-musiksynkronisering-svart\/","title":{"rendered":"TRUUSK RGB-golvlampa med Glashyllor &#8211; 4-niv\u00e5 LED-golvlampa &#8211; Fj\u00e4rrkontroll &#8211; Musiksynkronisering &#8211; Svart"},"content":{"rendered":"<p>St\u00f6rd av ett tr\u00e5kigt rum som inte \u00e5terspeglar ditt hum\u00f6r? Dina samlarf\u00f6rem\u00e5l f\u00f6rblir obem\u00e4rkta och filmkv\u00e4llar utan den speciella gnistan. Denna TRUUSK golvlampa med hyllor livar upp ditt rum genom att synkronisera f\u00e4rgglatt RGB-ljus med musiken, f\u00f6r en riktig partyk\u00e4nsla. Styr f\u00e4rger, l\u00e4gen och ljusstyrka med fj\u00e4rrkontrollen. De tre glashyllorna p\u00e5 golvlampan \u00e4r inte bara praktiska, de framh\u00e4ver ocks\u00e5 din dekoration p\u00e5 ett spektakul\u00e4rt s\u00e4tt.<\/p>\n<p>Beskrivning:<\/p>\n<ul>\n<li> Har RGB-belysning f\u00f6r att skapa din egen unika rumsst\u00e4mning<\/li>\n<li> Ljusen synkroniseras med musikens beats och skapar s\u00e5 ett omslutande audiovisuellt underh\u00e5llningserlebnis<\/li>\n<li> Golvlampans glashyllor l\u00e5ter ljuset passera, vilket g\u00f6r dina samlarf\u00f6rem\u00e5l till blickf\u00e5ng<\/li>\n<li> Fj\u00e4rrkontroll med timerfunktion m\u00f6jligg\u00f6r enkel styrning p\u00e5 upp till 8 m avst\u00e5nd<\/li>\n<li> Dess smala, h\u00f6ga design passar perfekt i h\u00f6rn f\u00f6r att spara v\u00e4rdefullt utrymme<\/li>\n<li> Enkel struktur och tydliga instruktioner m\u00f6jligg\u00f6r snabb montering inom 45 minuter<\/li>\n<\/ul>\n<p> Tekniska data:<\/p>\n<ul>\n<li> F\u00e4rg: Svart+Transparent<\/li>\n<li> Material: MDF, h\u00e4rdat glas, plast<\/li>\n<li> Totala dimensioner: 45L x 29B x 157H cm<\/li>\n<li> Storlek p\u00e5 \u00f6versta MDF-plattan: 41,5L x 25B x 0,4H cm<\/li>\n<li> Storlek p\u00e5 mellersta glashyllan: (varje) 41,5L x 25B x 0,4H cm<\/li>\n<li> Hyllh\u00f6jd: 36H cm<\/li>\n<li> Maximal belastning: 2 kg (per hylla)<\/li>\n<li> Effekt: 18 W<\/li>\n<li> Adaptering\u00e5ng: AC 220-240V, 50\/60Hz<\/li>\n<li> Adapterutg\u00e5ng: DC 24V, Max 1A<\/li>\n<li> Kabell\u00e4ngd: 1,8 m<\/li>\n<li> Batterityp: 1 x CR2025 (ing\u00e5r ej)<\/li>\n<\/ul>\n<p>Leveransinneh\u00e5ll:<\/p>\n<ul>\n<li> 1 x Golvlampa med hyllor<\/li>\n<li> 1 x Bruksanvisning<\/li>\n<\/ul>\n","protected":false},"excerpt":{"rendered":"<p>St\u00f6rd av ett tr\u00e5kigt rum som inte \u00e5terspeglar ditt hum\u00f6r? Dina samlarf\u00f6rem\u00e5l f\u00f6rblir obem\u00e4rkta och filmkv\u00e4llar utan den speciella gnistan&#8230;.<\/p>\n","protected":false},"featured_media":95457,"template":"","meta":[],"product_brand":[],"product_cat":[486,907,871],"product_tag":[],"class_list":{"0":"post-95470","1":"product","2":"type-product","3":"status-publish","4":"has-post-thumbnail","6":"product_cat-belysning","7":"product_cat-golvlampor","8":"product_cat-hus-hem","10":"first","11":"instock","12":"sale","13":"taxable","14":"shipping-taxable","15":"purchasable","16":"product-type-simple"},"yoast_head":"<!-- This site is optimized with the Yoast SEO plugin v25.4 - https:\/\/yoast.com\/wordpress\/plugins\/seo\/ -->\n<title>TRUUSK RGB-golvlampa med Glashyllor - 4-niv\u00e5 LED-golvlampa - Fj\u00e4rrkontroll - Musiksynkronisering - Svart - TRUUSK - Hem, Tr\u00e4dg\u00e5rd &amp; Fritid<\/title>\n<meta name=\"robots\" content=\"index, follow, max-snippet:-1, max-image-preview:large, max-video-preview:-1\" \/>\n<link rel=\"canonical\" href=\"https:\/\/truusk.store\/sv\/produkt\/truusk-rgb-golvlampa-med-glashyllor-4-niva-led-golvlampa-fjarrkontroll-musiksynkronisering-svart\/\" \/>\n<meta property=\"og:locale\" content=\"sv_SE\" \/>\n<meta property=\"og:type\" content=\"article\" \/>\n<meta property=\"og:title\" content=\"TRUUSK RGB-golvlampa med Glashyllor - 4-niv\u00e5 LED-golvlampa - Fj\u00e4rrkontroll - Musiksynkronisering - Svart - TRUUSK - Hem, Tr\u00e4dg\u00e5rd &amp; Fritid\" \/>\n<meta property=\"og:description\" content=\"St\u00f6rd av ett tr\u00e5kigt rum som inte \u00e5terspeglar ditt hum\u00f6r? Dina samlarf\u00f6rem\u00e5l f\u00f6rblir obem\u00e4rkta och filmkv\u00e4llar utan den speciella gnistan....\" \/>\n<meta property=\"og:url\" content=\"https:\/\/truusk.store\/sv\/produkt\/truusk-rgb-golvlampa-med-glashyllor-4-niva-led-golvlampa-fjarrkontroll-musiksynkronisering-svart\/\" \/>\n<meta property=\"og:site_name\" content=\"TRUUSK - Hem, Tr\u00e4dg\u00e5rd &amp; Fritid\" \/>\n<meta property=\"article:modified_time\" content=\"2026-03-12T07:50:46+00:00\" \/>\n<meta property=\"og:image\" content=\"https:\/\/i0.wp.com\/truusk.se\/wp-content\/uploads\/2025\/11\/rgb-golvlampa-med-glashyllor-4-niva-led-golvlampa-med-fjarrkontroll-musiksynkronisering-svart-1.webp?fit=2000%2C2000&ssl=1\" \/>\n\t<meta property=\"og:image:width\" content=\"2000\" \/>\n\t<meta property=\"og:image:height\" content=\"2000\" \/>\n\t<meta property=\"og:image:type\" content=\"image\/webp\" \/>\n<meta name=\"twitter:card\" content=\"summary_large_image\" \/>\n<meta name=\"twitter:label1\" content=\"Ber\u00e4knad l\u00e4stid\" \/>\n\t<meta name=\"twitter:data1\" content=\"1 minut\" \/>\n<!-- \/ Yoast SEO plugin. -->","yoast_head_json":{"title":"TRUUSK RGB-golvlampa med Glashyllor - 4-niv\u00e5 LED-golvlampa - Fj\u00e4rrkontroll - Musiksynkronisering - Svart - TRUUSK - Hem, Tr\u00e4dg\u00e5rd &amp; Fritid","robots":{"index":"index","follow":"follow","max-snippet":"max-snippet:-1","max-image-preview":"max-image-preview:large","max-video-preview":"max-video-preview:-1"},"canonical":"https:\/\/truusk.store\/sv\/produkt\/truusk-rgb-golvlampa-med-glashyllor-4-niva-led-golvlampa-fjarrkontroll-musiksynkronisering-svart\/","og_locale":"sv_SE","og_type":"article","og_title":"TRUUSK RGB-golvlampa med Glashyllor - 4-niv\u00e5 LED-golvlampa - Fj\u00e4rrkontroll - Musiksynkronisering - Svart - TRUUSK - Hem, Tr\u00e4dg\u00e5rd &amp; Fritid","og_description":"St\u00f6rd av ett tr\u00e5kigt rum som inte \u00e5terspeglar ditt hum\u00f6r? Dina samlarf\u00f6rem\u00e5l f\u00f6rblir obem\u00e4rkta och filmkv\u00e4llar utan den speciella gnistan....","og_url":"https:\/\/truusk.store\/sv\/produkt\/truusk-rgb-golvlampa-med-glashyllor-4-niva-led-golvlampa-fjarrkontroll-musiksynkronisering-svart\/","og_site_name":"TRUUSK - Hem, Tr\u00e4dg\u00e5rd &amp; Fritid","article_modified_time":"2026-03-12T07:50:46+00:00","og_image":[{"width":2000,"height":2000,"url":"https:\/\/i0.wp.com\/truusk.se\/wp-content\/uploads\/2025\/11\/rgb-golvlampa-med-glashyllor-4-niva-led-golvlampa-med-fjarrkontroll-musiksynkronisering-svart-1.webp?fit=2000%2C2000&ssl=1","type":"image\/webp"}],"twitter_card":"summary_large_image","twitter_misc":{"Ber\u00e4knad l\u00e4stid":"1 minut"},"schema":{"@context":"https:\/\/schema.org","@graph":[{"@type":"WebPage","@id":"https:\/\/truusk.store\/sv\/produkt\/truusk-rgb-golvlampa-med-glashyllor-4-niva-led-golvlampa-fjarrkontroll-musiksynkronisering-svart\/","url":"https:\/\/truusk.store\/sv\/produkt\/truusk-rgb-golvlampa-med-glashyllor-4-niva-led-golvlampa-fjarrkontroll-musiksynkronisering-svart\/","name":"TRUUSK RGB-golvlampa med Glashyllor - 4-niv\u00e5 LED-golvlampa - Fj\u00e4rrkontroll - Musiksynkronisering - Svart - TRUUSK - Hem, Tr\u00e4dg\u00e5rd &amp; Fritid","isPartOf":{"@id":"https:\/\/truusk.store\/sv\/#website"},"primaryImageOfPage":{"@id":"https:\/\/truusk.store\/sv\/produkt\/truusk-rgb-golvlampa-med-glashyllor-4-niva-led-golvlampa-fjarrkontroll-musiksynkronisering-svart\/#primaryimage"},"image":{"@id":"https:\/\/truusk.store\/sv\/produkt\/truusk-rgb-golvlampa-med-glashyllor-4-niva-led-golvlampa-fjarrkontroll-musiksynkronisering-svart\/#primaryimage"},"thumbnailUrl":"https:\/\/i0.wp.com\/truusk.store\/wp-content\/uploads\/2025\/11\/rgb-golvlampa-med-glashyllor-4-niva-led-golvlampa-med-fjarrkontroll-musiksynkronisering-svart-1.webp?fit=2000%2C2000&ssl=1","datePublished":"2025-11-10T13:03:02+00:00","dateModified":"2026-03-12T07:50:46+00:00","breadcrumb":{"@id":"https:\/\/truusk.store\/sv\/produkt\/truusk-rgb-golvlampa-med-glashyllor-4-niva-led-golvlampa-fjarrkontroll-musiksynkronisering-svart\/#breadcrumb"},"inLanguage":"sv-SE","potentialAction":[{"@type":"ReadAction","target":["https:\/\/truusk.store\/sv\/produkt\/truusk-rgb-golvlampa-med-glashyllor-4-niva-led-golvlampa-fjarrkontroll-musiksynkronisering-svart\/"]}]},{"@type":"ImageObject","inLanguage":"sv-SE","@id":"https:\/\/truusk.store\/sv\/produkt\/truusk-rgb-golvlampa-med-glashyllor-4-niva-led-golvlampa-fjarrkontroll-musiksynkronisering-svart\/#primaryimage","url":"https:\/\/i0.wp.com\/truusk.store\/wp-content\/uploads\/2025\/11\/rgb-golvlampa-med-glashyllor-4-niva-led-golvlampa-med-fjarrkontroll-musiksynkronisering-svart-1.webp?fit=2000%2C2000&ssl=1","contentUrl":"https:\/\/i0.wp.com\/truusk.store\/wp-content\/uploads\/2025\/11\/rgb-golvlampa-med-glashyllor-4-niva-led-golvlampa-med-fjarrkontroll-musiksynkronisering-svart-1.webp?fit=2000%2C2000&ssl=1","width":2000,"height":2000},{"@type":"BreadcrumbList","@id":"https:\/\/truusk.store\/sv\/produkt\/truusk-rgb-golvlampa-med-glashyllor-4-niva-led-golvlampa-fjarrkontroll-musiksynkronisering-svart\/#breadcrumb","itemListElement":[{"@type":"ListItem","position":1,"name":"Home","item":"https:\/\/truusk.store\/sv\/"},{"@type":"ListItem","position":2,"name":"Shop","item":"https:\/\/truusk.store\/shop\/"},{"@type":"ListItem","position":3,"name":"TRUUSK RGB-golvlampa med Glashyllor &#8211; 4-niv\u00e5 LED-golvlampa &#8211; Fj\u00e4rrkontroll &#8211; Musiksynkronisering &#8211; Svart"}]},{"@type":"WebSite","@id":"https:\/\/truusk.store\/sv\/#website","url":"https:\/\/truusk.store\/sv\/","name":"TRUUSK - Hem, Tr\u00e4dg\u00e5rd & Fritid","description":"","publisher":{"@id":"https:\/\/truusk.store\/sv\/#organization"},"potentialAction":[{"@type":"SearchAction","target":{"@type":"EntryPoint","urlTemplate":"https:\/\/truusk.store\/sv\/?s={search_term_string}"},"query-input":{"@type":"PropertyValueSpecification","valueRequired":true,"valueName":"search_term_string"}}],"inLanguage":"sv-SE"},{"@type":"Organization","@id":"https:\/\/truusk.store\/sv\/#organization","name":"TRUUSK - Hem, Tr\u00e4dg\u00e5rd & Fritid","url":"https:\/\/truusk.store\/sv\/","logo":{"@type":"ImageObject","inLanguage":"sv-SE","@id":"https:\/\/truusk.store\/sv\/#\/schema\/logo\/image\/","url":"https:\/\/i0.wp.com\/truusk.store\/wp-content\/uploads\/2026\/03\/cropped-TRUUSK.png?fit=2032%2C917&ssl=1","contentUrl":"https:\/\/i0.wp.com\/truusk.store\/wp-content\/uploads\/2026\/03\/cropped-TRUUSK.png?fit=2032%2C917&ssl=1","width":2032,"height":917,"caption":"TRUUSK - Hem, Tr\u00e4dg\u00e5rd & Fritid"},"image":{"@id":"https:\/\/truusk.store\/sv\/#\/schema\/logo\/image\/"}}]}},"jetpack_sharing_enabled":true,"_links":{"self":[{"href":"https:\/\/truusk.store\/sv\/wp-json\/wp\/v2\/product\/95470","targetHints":{"allow":["GET"]}}],"collection":[{"href":"https:\/\/truusk.store\/sv\/wp-json\/wp\/v2\/product"}],"about":[{"href":"https:\/\/truusk.store\/sv\/wp-json\/wp\/v2\/types\/product"}],"wp:featuredmedia":[{"embeddable":true,"href":"https:\/\/truusk.store\/sv\/wp-json\/wp\/v2\/media\/95457"}],"wp:attachment":[{"href":"https:\/\/truusk.store\/sv\/wp-json\/wp\/v2\/media?parent=95470"}],"wp:term":[{"taxonomy":"product_brand","embeddable":true,"href":"https:\/\/truusk.store\/sv\/wp-json\/wp\/v2\/product_brand?post=95470"},{"taxonomy":"product_cat","embeddable":true,"href":"https:\/\/truusk.store\/sv\/wp-json\/wp\/v2\/product_cat?post=95470"},{"taxonomy":"product_tag","embeddable":true,"href":"https:\/\/truusk.store\/sv\/wp-json\/wp\/v2\/product_tag?post=95470"}],"curies":[{"name":"wp","href":"https:\/\/api.w.org\/{rel}","templated":true}]}}