{"id":95484,"date":"2025-11-10T14:04:20","date_gmt":"2025-11-10T13:04:20","guid":{"rendered":"https:\/\/truusk.store\/product\/176-cm-hogt-bokhylla-4-oppna-hyllor-2-skap-fristaende-bokskap-mdf-vit\/"},"modified":"2026-03-12T08:50:46","modified_gmt":"2026-03-12T07:50:46","slug":"truusk-176-cm-hogt-bokhylla-4-oppna-hyllor-2-skap-fristaende-bokskap-mdf-vit","status":"publish","type":"product","link":"https:\/\/truusk.store\/sv\/produkt\/truusk-176-cm-hogt-bokhylla-4-oppna-hyllor-2-skap-fristaende-bokskap-mdf-vit\/","title":{"rendered":"TRUUSK 176 cm H\u00f6gt Bokhylla &#8211; 4 \u00f6ppna Hyllor &#8211; 2 Sk\u00e5p &#8211; Frist\u00e5ende Boksk\u00e5p &#8211; MDF &#8211; Vit"},"content":{"rendered":"<p>Lider du av oordning i ditt hem? Ett kaotiskt rum f\u00f6rsv\u00e5rar verklig avkoppling. TRUUSK bokhyllan \u00e4r den perfekta l\u00f6sningen med sin moderna, tv\u00e5f\u00e4rgade design som ger v\u00e4rme till din inredning. Den kombinerar \u00f6ppna hyllor och dold f\u00f6rvaring f\u00f6r att skapa ett estetiskt tilltalande och ordnat vardagsrum som g\u00f6r dig stolt.<\/p>\n<p>Beskrivning:<\/p>\n<ul>\n<li> Kombinerar fyra \u00f6ppna hyllor och tv\u00e5 sk\u00e5p f\u00f6r att visa f\u00f6rem\u00e5l eller d\u00f6lja oordning<\/li>\n<li> Fyra 3-stegs justerbara hyllor skapar individuellt utrymme f\u00f6r olika objekth\u00f6jder<\/li>\n<li> Den moderna vit- och naturtr\u00e4effekten p\u00e5 bokhyllan ger ditt vardagsrum estetisk attraktion<\/li>\n<li> Fungerar som bokhylla, sk\u00e5p eller kontorssk\u00e5p<\/li>\n<li> FSC-certifierade paneler representerar h\u00e5llbar utveckling<\/li>\n<li> Inkluderar ett anti-tip-set f\u00f6r f\u00f6rb\u00e4ttrad stabilitet och familjes\u00e4kerhet<\/li>\n<li> H\u00f6jd bas av bokhyllan m\u00f6jligg\u00f6r enkel reng\u00f6ring och skyddar f\u00f6rem\u00e5l fr\u00e5n fukt<\/li>\n<li> Enkel montering<\/li>\n<\/ul>\n<p> Tekniska data:<\/p>\n<ul>\n<li> F\u00e4rg: Vit+Naturtr\u00e4<\/li>\n<li> Material: Sp\u00e5nskiva, MDF<\/li>\n<li> Totala dimensioner: 62,5B x 35T x 176H cm<\/li>\n<li> Inre dimensioner av sk\u00e5pet: 35B x 32T x 78,5H cm<\/li>\n<li> Storlek p\u00e5 det \u00f6ppna facket: 23B x 33T x 38\/39\/38\/39H cm<\/li>\n<li> Maximal belastning: 5 kg (\u00f6verdel\/hylla), 45 kg (totalt)<\/li>\n<\/ul>\n<p>Leveransinneh\u00e5ll:<\/p>\n<ul>\n<li> 1 x Bokhylla<\/li>\n<li> 1 x Handbok<\/li>\n<\/ul>\n","protected":false},"excerpt":{"rendered":"<p>Lider du av oordning i ditt hem? Ett kaotiskt rum f\u00f6rsv\u00e5rar verklig avkoppling. TRUUSK bokhyllan \u00e4r den perfekta l\u00f6sningen med&#8230;<\/p>\n","protected":false},"featured_media":95471,"template":"","meta":[],"product_brand":[],"product_cat":[915,549,871],"product_tag":[],"class_list":{"0":"post-95484","1":"product","2":"type-product","3":"status-publish","4":"has-post-thumbnail","6":"product_cat-badrum","7":"product_cat-badrumshyllor","8":"product_cat-hus-hem","10":"first","11":"instock","12":"sale","13":"taxable","14":"shipping-taxable","15":"purchasable","16":"product-type-simple"},"yoast_head":"<!-- This site is optimized with the Yoast SEO plugin v25.4 - https:\/\/yoast.com\/wordpress\/plugins\/seo\/ -->\n<title>TRUUSK 176 cm H\u00f6gt Bokhylla - 4 \u00f6ppna Hyllor - 2 Sk\u00e5p - Frist\u00e5ende Boksk\u00e5p - MDF - Vit - TRUUSK - Hem, Tr\u00e4dg\u00e5rd &amp; Fritid<\/title>\n<meta name=\"robots\" content=\"index, follow, max-snippet:-1, max-image-preview:large, max-video-preview:-1\" \/>\n<link rel=\"canonical\" href=\"https:\/\/truusk.store\/sv\/produkt\/truusk-176-cm-hogt-bokhylla-4-oppna-hyllor-2-skap-fristaende-bokskap-mdf-vit\/\" \/>\n<meta property=\"og:locale\" content=\"sv_SE\" \/>\n<meta property=\"og:type\" content=\"article\" \/>\n<meta property=\"og:title\" content=\"TRUUSK 176 cm H\u00f6gt Bokhylla - 4 \u00f6ppna Hyllor - 2 Sk\u00e5p - Frist\u00e5ende Boksk\u00e5p - MDF - Vit - TRUUSK - Hem, Tr\u00e4dg\u00e5rd &amp; Fritid\" \/>\n<meta property=\"og:description\" content=\"Lider du av oordning i ditt hem? Ett kaotiskt rum f\u00f6rsv\u00e5rar verklig avkoppling. TRUUSK bokhyllan \u00e4r den perfekta l\u00f6sningen med...\" \/>\n<meta property=\"og:url\" content=\"https:\/\/truusk.store\/sv\/produkt\/truusk-176-cm-hogt-bokhylla-4-oppna-hyllor-2-skap-fristaende-bokskap-mdf-vit\/\" \/>\n<meta property=\"og:site_name\" content=\"TRUUSK - Hem, Tr\u00e4dg\u00e5rd &amp; Fritid\" \/>\n<meta property=\"article:modified_time\" content=\"2026-03-12T07:50:46+00:00\" \/>\n<meta property=\"og:image\" content=\"https:\/\/i0.wp.com\/truusk.se\/wp-content\/uploads\/2025\/11\/176-cm-hogt-bokhylla-4-oppna-hyllor-2-skap-fristaende-bokskap-mdf-vit-1.webp?fit=2000%2C2000&ssl=1\" \/>\n\t<meta property=\"og:image:width\" content=\"2000\" \/>\n\t<meta property=\"og:image:height\" content=\"2000\" \/>\n\t<meta property=\"og:image:type\" content=\"image\/webp\" \/>\n<meta name=\"twitter:card\" content=\"summary_large_image\" \/>\n<meta name=\"twitter:label1\" content=\"Ber\u00e4knad l\u00e4stid\" \/>\n\t<meta name=\"twitter:data1\" content=\"1 minut\" \/>\n<!-- \/ Yoast SEO plugin. -->","yoast_head_json":{"title":"TRUUSK 176 cm H\u00f6gt Bokhylla - 4 \u00f6ppna Hyllor - 2 Sk\u00e5p - Frist\u00e5ende Boksk\u00e5p - MDF - Vit - TRUUSK - Hem, Tr\u00e4dg\u00e5rd &amp; Fritid","robots":{"index":"index","follow":"follow","max-snippet":"max-snippet:-1","max-image-preview":"max-image-preview:large","max-video-preview":"max-video-preview:-1"},"canonical":"https:\/\/truusk.store\/sv\/produkt\/truusk-176-cm-hogt-bokhylla-4-oppna-hyllor-2-skap-fristaende-bokskap-mdf-vit\/","og_locale":"sv_SE","og_type":"article","og_title":"TRUUSK 176 cm H\u00f6gt Bokhylla - 4 \u00f6ppna Hyllor - 2 Sk\u00e5p - Frist\u00e5ende Boksk\u00e5p - MDF - Vit - TRUUSK - Hem, Tr\u00e4dg\u00e5rd &amp; Fritid","og_description":"Lider du av oordning i ditt hem? Ett kaotiskt rum f\u00f6rsv\u00e5rar verklig avkoppling. TRUUSK bokhyllan \u00e4r den perfekta l\u00f6sningen med...","og_url":"https:\/\/truusk.store\/sv\/produkt\/truusk-176-cm-hogt-bokhylla-4-oppna-hyllor-2-skap-fristaende-bokskap-mdf-vit\/","og_site_name":"TRUUSK - Hem, Tr\u00e4dg\u00e5rd &amp; Fritid","article_modified_time":"2026-03-12T07:50:46+00:00","og_image":[{"width":2000,"height":2000,"url":"https:\/\/i0.wp.com\/truusk.se\/wp-content\/uploads\/2025\/11\/176-cm-hogt-bokhylla-4-oppna-hyllor-2-skap-fristaende-bokskap-mdf-vit-1.webp?fit=2000%2C2000&ssl=1","type":"image\/webp"}],"twitter_card":"summary_large_image","twitter_misc":{"Ber\u00e4knad l\u00e4stid":"1 minut"},"schema":{"@context":"https:\/\/schema.org","@graph":[{"@type":"WebPage","@id":"https:\/\/truusk.store\/sv\/produkt\/truusk-176-cm-hogt-bokhylla-4-oppna-hyllor-2-skap-fristaende-bokskap-mdf-vit\/","url":"https:\/\/truusk.store\/sv\/produkt\/truusk-176-cm-hogt-bokhylla-4-oppna-hyllor-2-skap-fristaende-bokskap-mdf-vit\/","name":"TRUUSK 176 cm H\u00f6gt Bokhylla - 4 \u00f6ppna Hyllor - 2 Sk\u00e5p - Frist\u00e5ende Boksk\u00e5p - MDF - Vit - TRUUSK - Hem, Tr\u00e4dg\u00e5rd &amp; Fritid","isPartOf":{"@id":"https:\/\/truusk.store\/sv\/#website"},"primaryImageOfPage":{"@id":"https:\/\/truusk.store\/sv\/produkt\/truusk-176-cm-hogt-bokhylla-4-oppna-hyllor-2-skap-fristaende-bokskap-mdf-vit\/#primaryimage"},"image":{"@id":"https:\/\/truusk.store\/sv\/produkt\/truusk-176-cm-hogt-bokhylla-4-oppna-hyllor-2-skap-fristaende-bokskap-mdf-vit\/#primaryimage"},"thumbnailUrl":"https:\/\/i0.wp.com\/truusk.store\/wp-content\/uploads\/2025\/11\/176-cm-hogt-bokhylla-4-oppna-hyllor-2-skap-fristaende-bokskap-mdf-vit-1.webp?fit=2000%2C2000&ssl=1","datePublished":"2025-11-10T13:04:20+00:00","dateModified":"2026-03-12T07:50:46+00:00","breadcrumb":{"@id":"https:\/\/truusk.store\/sv\/produkt\/truusk-176-cm-hogt-bokhylla-4-oppna-hyllor-2-skap-fristaende-bokskap-mdf-vit\/#breadcrumb"},"inLanguage":"sv-SE","potentialAction":[{"@type":"ReadAction","target":["https:\/\/truusk.store\/sv\/produkt\/truusk-176-cm-hogt-bokhylla-4-oppna-hyllor-2-skap-fristaende-bokskap-mdf-vit\/"]}]},{"@type":"ImageObject","inLanguage":"sv-SE","@id":"https:\/\/truusk.store\/sv\/produkt\/truusk-176-cm-hogt-bokhylla-4-oppna-hyllor-2-skap-fristaende-bokskap-mdf-vit\/#primaryimage","url":"https:\/\/i0.wp.com\/truusk.store\/wp-content\/uploads\/2025\/11\/176-cm-hogt-bokhylla-4-oppna-hyllor-2-skap-fristaende-bokskap-mdf-vit-1.webp?fit=2000%2C2000&ssl=1","contentUrl":"https:\/\/i0.wp.com\/truusk.store\/wp-content\/uploads\/2025\/11\/176-cm-hogt-bokhylla-4-oppna-hyllor-2-skap-fristaende-bokskap-mdf-vit-1.webp?fit=2000%2C2000&ssl=1","width":2000,"height":2000},{"@type":"BreadcrumbList","@id":"https:\/\/truusk.store\/sv\/produkt\/truusk-176-cm-hogt-bokhylla-4-oppna-hyllor-2-skap-fristaende-bokskap-mdf-vit\/#breadcrumb","itemListElement":[{"@type":"ListItem","position":1,"name":"Home","item":"https:\/\/truusk.store\/sv\/"},{"@type":"ListItem","position":2,"name":"Shop","item":"https:\/\/truusk.store\/shop\/"},{"@type":"ListItem","position":3,"name":"TRUUSK 176 cm H\u00f6gt Bokhylla &#8211; 4 \u00f6ppna Hyllor &#8211; 2 Sk\u00e5p &#8211; Frist\u00e5ende Boksk\u00e5p &#8211; MDF &#8211; Vit"}]},{"@type":"WebSite","@id":"https:\/\/truusk.store\/sv\/#website","url":"https:\/\/truusk.store\/sv\/","name":"TRUUSK - Hem, Tr\u00e4dg\u00e5rd & Fritid","description":"","publisher":{"@id":"https:\/\/truusk.store\/sv\/#organization"},"potentialAction":[{"@type":"SearchAction","target":{"@type":"EntryPoint","urlTemplate":"https:\/\/truusk.store\/sv\/?s={search_term_string}"},"query-input":{"@type":"PropertyValueSpecification","valueRequired":true,"valueName":"search_term_string"}}],"inLanguage":"sv-SE"},{"@type":"Organization","@id":"https:\/\/truusk.store\/sv\/#organization","name":"TRUUSK - Hem, Tr\u00e4dg\u00e5rd & Fritid","url":"https:\/\/truusk.store\/sv\/","logo":{"@type":"ImageObject","inLanguage":"sv-SE","@id":"https:\/\/truusk.store\/sv\/#\/schema\/logo\/image\/","url":"https:\/\/i0.wp.com\/truusk.store\/wp-content\/uploads\/2026\/03\/cropped-TRUUSK.png?fit=2032%2C917&ssl=1","contentUrl":"https:\/\/i0.wp.com\/truusk.store\/wp-content\/uploads\/2026\/03\/cropped-TRUUSK.png?fit=2032%2C917&ssl=1","width":2032,"height":917,"caption":"TRUUSK - Hem, Tr\u00e4dg\u00e5rd & Fritid"},"image":{"@id":"https:\/\/truusk.store\/sv\/#\/schema\/logo\/image\/"}}]}},"jetpack_sharing_enabled":true,"_links":{"self":[{"href":"https:\/\/truusk.store\/sv\/wp-json\/wp\/v2\/product\/95484","targetHints":{"allow":["GET"]}}],"collection":[{"href":"https:\/\/truusk.store\/sv\/wp-json\/wp\/v2\/product"}],"about":[{"href":"https:\/\/truusk.store\/sv\/wp-json\/wp\/v2\/types\/product"}],"wp:featuredmedia":[{"embeddable":true,"href":"https:\/\/truusk.store\/sv\/wp-json\/wp\/v2\/media\/95471"}],"wp:attachment":[{"href":"https:\/\/truusk.store\/sv\/wp-json\/wp\/v2\/media?parent=95484"}],"wp:term":[{"taxonomy":"product_brand","embeddable":true,"href":"https:\/\/truusk.store\/sv\/wp-json\/wp\/v2\/product_brand?post=95484"},{"taxonomy":"product_cat","embeddable":true,"href":"https:\/\/truusk.store\/sv\/wp-json\/wp\/v2\/product_cat?post=95484"},{"taxonomy":"product_tag","embeddable":true,"href":"https:\/\/truusk.store\/sv\/wp-json\/wp\/v2\/product_tag?post=95484"}],"curies":[{"name":"wp","href":"https:\/\/api.w.org\/{rel}","templated":true}]}}