{"id":95523,"date":"2025-11-10T14:08:15","date_gmt":"2025-11-10T13:08:15","guid":{"rendered":"https:\/\/truusk.store\/product\/aiyaplay-pedal-gokart-for-barn-hojdjusterbart-sate-eva-hjul-broms-koppling-3-8-ar-rod\/"},"modified":"2026-03-12T08:50:52","modified_gmt":"2026-03-12T07:50:52","slug":"truusk-barnpedal-gokart-justerbart-sate-eva-hjul-broms-koppling-for-barn-3-8-ar-rod","status":"publish","type":"product","link":"https:\/\/truusk.store\/sv\/produkt\/truusk-barnpedal-gokart-justerbart-sate-eva-hjul-broms-koppling-for-barn-3-8-ar-rod\/","title":{"rendered":"TRUUSK Barnpedal-Gokart &#8211; Justerbart s\u00e4te &#8211; EVA-hjul &#8211; Broms &#8211; Koppling &#8211; F\u00f6r barn 3-8 \u00e5r &#8211; R\u00f6d"},"content":{"rendered":"<p>AIYAPLAY barn Gokart erbjuder en anpassningsbar, v\u00e4xande sits och breda EVA-d\u00e4ck f\u00f6r mjuk glidning p\u00e5 alla underlag. Med realistiska kontroller som broms och v\u00e4xelspak g\u00f6r denna pedalbil varje utflykt till ett sp\u00e4nnande \u00e4ventyr.<\/p>\n<p>Beskrivning:<\/p>\n<ul>\n<li> Har manuell broms och koppling, vilket ger en realistisk och s\u00e4ker k\u00f6rupplevelse<\/li>\n<li> Dubbelt justerbart s\u00e4te p\u00e5 gokarten v\u00e4xer med ditt barn och ger en bekv\u00e4m passform<\/li>\n<li> Breda 25 cm EVA-d\u00e4ck p\u00e5 barnfordonet ger grepp f\u00f6r en mjuk, st\u00f6rningsfri \u00e5ktur<\/li>\n<li> Robust st\u00e5lram p\u00e5 kettcar kan b\u00e4ra upp till 30 kg och garanterar h\u00e5llbarhet \u00f6ver \u00e5ren<\/li>\n<li> Pedaldrivet design p\u00e5 pedalbilen fr\u00e4mjar fysisk aktivitet och f\u00f6rb\u00e4ttrar koordination<\/li>\n<li> Ergonomisk h\u00f6gryggad sits ger extra st\u00f6d och komfort f\u00f6r l\u00e5ngvarigt n\u00f6je<\/li>\n<li> Montering kr\u00e4vs<\/li>\n<\/ul>\n<p> Tekniska data:<\/p>\n<ul>\n<li> F\u00e4rg: R\u00f6d<\/li>\n<li> Material: Plast, st\u00e5l<\/li>\n<li> Totala dimensioner: 110L x 61B x 62H cm<\/li>\n<li> Sitsstorlek: 35B x 21T cm<\/li>\n<li> Sitth\u00f6jd: 30 cm<\/li>\n<li> Ryggst\u00f6dsstorlek: 32B x 29H cm<\/li>\n<li> Hjuldiameter: \u00d825 cm<\/li>\n<li> Justerbart sitsavst\u00e5nd: 5 cm<\/li>\n<li> Rekommenderad \u00e5lder: 3-8 \u00e5r<\/li>\n<li> Rekommenderad kroppsl\u00e4ngd: 105-125 cm<\/li>\n<li> Maximal belastning: 30 kg<\/li>\n<\/ul>\n<p>Leveransinneh\u00e5ll:<\/p>\n<ul>\n<li> 1 x Pedal-Gokart<\/li>\n<li> 1 x Handbok<\/li>\n<\/ul>\n","protected":false},"excerpt":{"rendered":"<p>AIYAPLAY barn Gokart erbjuder en anpassningsbar, v\u00e4xande sits och breda EVA-d\u00e4ck f\u00f6r mjuk glidning p\u00e5 alla underlag. Med realistiska kontroller&#8230;<\/p>\n","protected":false},"featured_media":95511,"template":"","meta":[],"product_brand":[],"product_cat":[880,610,950],"product_tag":[],"class_list":{"0":"post-95523","1":"product","2":"type-product","3":"status-publish","4":"has-post-thumbnail","6":"product_cat-baby-barn-2","7":"product_cat-barnfordon","8":"product_cat-go-karts-pedaldrivna-fordon","10":"first","11":"instock","12":"sale","13":"taxable","14":"shipping-taxable","15":"purchasable","16":"product-type-simple"},"yoast_head":"<!-- This site is optimized with the Yoast SEO plugin v25.4 - https:\/\/yoast.com\/wordpress\/plugins\/seo\/ -->\n<title>TRUUSK Barnpedal-Gokart - Justerbart s\u00e4te - EVA-hjul - Broms - Koppling - F\u00f6r barn 3-8 \u00e5r - R\u00f6d - TRUUSK - Hem, Tr\u00e4dg\u00e5rd &amp; Fritid<\/title>\n<meta name=\"robots\" content=\"index, follow, max-snippet:-1, max-image-preview:large, max-video-preview:-1\" \/>\n<link rel=\"canonical\" href=\"https:\/\/truusk.store\/sv\/produkt\/truusk-barnpedal-gokart-justerbart-sate-eva-hjul-broms-koppling-for-barn-3-8-ar-rod\/\" \/>\n<meta property=\"og:locale\" content=\"sv_SE\" \/>\n<meta property=\"og:type\" content=\"article\" \/>\n<meta property=\"og:title\" content=\"TRUUSK Barnpedal-Gokart - Justerbart s\u00e4te - EVA-hjul - Broms - Koppling - F\u00f6r barn 3-8 \u00e5r - R\u00f6d - TRUUSK - Hem, Tr\u00e4dg\u00e5rd &amp; Fritid\" \/>\n<meta property=\"og:description\" content=\"AIYAPLAY barn Gokart erbjuder en anpassningsbar, v\u00e4xande sits och breda EVA-d\u00e4ck f\u00f6r mjuk glidning p\u00e5 alla underlag. Med realistiska kontroller...\" \/>\n<meta property=\"og:url\" content=\"https:\/\/truusk.store\/sv\/produkt\/truusk-barnpedal-gokart-justerbart-sate-eva-hjul-broms-koppling-for-barn-3-8-ar-rod\/\" \/>\n<meta property=\"og:site_name\" content=\"TRUUSK - Hem, Tr\u00e4dg\u00e5rd &amp; Fritid\" \/>\n<meta property=\"article:modified_time\" content=\"2026-03-12T07:50:52+00:00\" \/>\n<meta property=\"og:image\" content=\"https:\/\/i0.wp.com\/truusk.se\/wp-content\/uploads\/2025\/11\/aiyaplay-pedal-gokart-for-barn-hojdjusterbart-sate-eva-hjul-broms-koppling-3-8-ar-rod-1.webp?fit=2000%2C2000&ssl=1\" \/>\n\t<meta property=\"og:image:width\" content=\"2000\" \/>\n\t<meta property=\"og:image:height\" content=\"2000\" \/>\n\t<meta property=\"og:image:type\" content=\"image\/webp\" \/>\n<meta name=\"twitter:card\" content=\"summary_large_image\" \/>\n<meta name=\"twitter:label1\" content=\"Ber\u00e4knad l\u00e4stid\" \/>\n\t<meta name=\"twitter:data1\" content=\"1 minut\" \/>\n<!-- \/ Yoast SEO plugin. -->","yoast_head_json":{"title":"TRUUSK Barnpedal-Gokart - Justerbart s\u00e4te - EVA-hjul - Broms - Koppling - F\u00f6r barn 3-8 \u00e5r - R\u00f6d - TRUUSK - Hem, Tr\u00e4dg\u00e5rd &amp; Fritid","robots":{"index":"index","follow":"follow","max-snippet":"max-snippet:-1","max-image-preview":"max-image-preview:large","max-video-preview":"max-video-preview:-1"},"canonical":"https:\/\/truusk.store\/sv\/produkt\/truusk-barnpedal-gokart-justerbart-sate-eva-hjul-broms-koppling-for-barn-3-8-ar-rod\/","og_locale":"sv_SE","og_type":"article","og_title":"TRUUSK Barnpedal-Gokart - Justerbart s\u00e4te - EVA-hjul - Broms - Koppling - F\u00f6r barn 3-8 \u00e5r - R\u00f6d - TRUUSK - Hem, Tr\u00e4dg\u00e5rd &amp; Fritid","og_description":"AIYAPLAY barn Gokart erbjuder en anpassningsbar, v\u00e4xande sits och breda EVA-d\u00e4ck f\u00f6r mjuk glidning p\u00e5 alla underlag. Med realistiska kontroller...","og_url":"https:\/\/truusk.store\/sv\/produkt\/truusk-barnpedal-gokart-justerbart-sate-eva-hjul-broms-koppling-for-barn-3-8-ar-rod\/","og_site_name":"TRUUSK - Hem, Tr\u00e4dg\u00e5rd &amp; Fritid","article_modified_time":"2026-03-12T07:50:52+00:00","og_image":[{"width":2000,"height":2000,"url":"https:\/\/i0.wp.com\/truusk.se\/wp-content\/uploads\/2025\/11\/aiyaplay-pedal-gokart-for-barn-hojdjusterbart-sate-eva-hjul-broms-koppling-3-8-ar-rod-1.webp?fit=2000%2C2000&ssl=1","type":"image\/webp"}],"twitter_card":"summary_large_image","twitter_misc":{"Ber\u00e4knad l\u00e4stid":"1 minut"},"schema":{"@context":"https:\/\/schema.org","@graph":[{"@type":"WebPage","@id":"https:\/\/truusk.store\/sv\/produkt\/truusk-barnpedal-gokart-justerbart-sate-eva-hjul-broms-koppling-for-barn-3-8-ar-rod\/","url":"https:\/\/truusk.store\/sv\/produkt\/truusk-barnpedal-gokart-justerbart-sate-eva-hjul-broms-koppling-for-barn-3-8-ar-rod\/","name":"TRUUSK Barnpedal-Gokart - Justerbart s\u00e4te - EVA-hjul - Broms - Koppling - F\u00f6r barn 3-8 \u00e5r - R\u00f6d - TRUUSK - Hem, Tr\u00e4dg\u00e5rd &amp; Fritid","isPartOf":{"@id":"https:\/\/truusk.store\/sv\/#website"},"primaryImageOfPage":{"@id":"https:\/\/truusk.store\/sv\/produkt\/truusk-barnpedal-gokart-justerbart-sate-eva-hjul-broms-koppling-for-barn-3-8-ar-rod\/#primaryimage"},"image":{"@id":"https:\/\/truusk.store\/sv\/produkt\/truusk-barnpedal-gokart-justerbart-sate-eva-hjul-broms-koppling-for-barn-3-8-ar-rod\/#primaryimage"},"thumbnailUrl":"https:\/\/i0.wp.com\/truusk.store\/wp-content\/uploads\/2025\/11\/aiyaplay-pedal-gokart-for-barn-hojdjusterbart-sate-eva-hjul-broms-koppling-3-8-ar-rod-1.webp?fit=2000%2C2000&ssl=1","datePublished":"2025-11-10T13:08:15+00:00","dateModified":"2026-03-12T07:50:52+00:00","breadcrumb":{"@id":"https:\/\/truusk.store\/sv\/produkt\/truusk-barnpedal-gokart-justerbart-sate-eva-hjul-broms-koppling-for-barn-3-8-ar-rod\/#breadcrumb"},"inLanguage":"sv-SE","potentialAction":[{"@type":"ReadAction","target":["https:\/\/truusk.store\/sv\/produkt\/truusk-barnpedal-gokart-justerbart-sate-eva-hjul-broms-koppling-for-barn-3-8-ar-rod\/"]}]},{"@type":"ImageObject","inLanguage":"sv-SE","@id":"https:\/\/truusk.store\/sv\/produkt\/truusk-barnpedal-gokart-justerbart-sate-eva-hjul-broms-koppling-for-barn-3-8-ar-rod\/#primaryimage","url":"https:\/\/i0.wp.com\/truusk.store\/wp-content\/uploads\/2025\/11\/aiyaplay-pedal-gokart-for-barn-hojdjusterbart-sate-eva-hjul-broms-koppling-3-8-ar-rod-1.webp?fit=2000%2C2000&ssl=1","contentUrl":"https:\/\/i0.wp.com\/truusk.store\/wp-content\/uploads\/2025\/11\/aiyaplay-pedal-gokart-for-barn-hojdjusterbart-sate-eva-hjul-broms-koppling-3-8-ar-rod-1.webp?fit=2000%2C2000&ssl=1","width":2000,"height":2000},{"@type":"BreadcrumbList","@id":"https:\/\/truusk.store\/sv\/produkt\/truusk-barnpedal-gokart-justerbart-sate-eva-hjul-broms-koppling-for-barn-3-8-ar-rod\/#breadcrumb","itemListElement":[{"@type":"ListItem","position":1,"name":"Home","item":"https:\/\/truusk.store\/sv\/"},{"@type":"ListItem","position":2,"name":"Shop","item":"https:\/\/truusk.store\/shop\/"},{"@type":"ListItem","position":3,"name":"TRUUSK Barnpedal-Gokart &#8211; Justerbart s\u00e4te &#8211; EVA-hjul &#8211; Broms &#8211; Koppling &#8211; F\u00f6r barn 3-8 \u00e5r &#8211; R\u00f6d"}]},{"@type":"WebSite","@id":"https:\/\/truusk.store\/sv\/#website","url":"https:\/\/truusk.store\/sv\/","name":"TRUUSK - Hem, Tr\u00e4dg\u00e5rd & Fritid","description":"","publisher":{"@id":"https:\/\/truusk.store\/sv\/#organization"},"potentialAction":[{"@type":"SearchAction","target":{"@type":"EntryPoint","urlTemplate":"https:\/\/truusk.store\/sv\/?s={search_term_string}"},"query-input":{"@type":"PropertyValueSpecification","valueRequired":true,"valueName":"search_term_string"}}],"inLanguage":"sv-SE"},{"@type":"Organization","@id":"https:\/\/truusk.store\/sv\/#organization","name":"TRUUSK - Hem, Tr\u00e4dg\u00e5rd & Fritid","url":"https:\/\/truusk.store\/sv\/","logo":{"@type":"ImageObject","inLanguage":"sv-SE","@id":"https:\/\/truusk.store\/sv\/#\/schema\/logo\/image\/","url":"https:\/\/i0.wp.com\/truusk.store\/wp-content\/uploads\/2026\/03\/cropped-TRUUSK.png?fit=2032%2C917&ssl=1","contentUrl":"https:\/\/i0.wp.com\/truusk.store\/wp-content\/uploads\/2026\/03\/cropped-TRUUSK.png?fit=2032%2C917&ssl=1","width":2032,"height":917,"caption":"TRUUSK - Hem, Tr\u00e4dg\u00e5rd & Fritid"},"image":{"@id":"https:\/\/truusk.store\/sv\/#\/schema\/logo\/image\/"}}]}},"jetpack_sharing_enabled":true,"_links":{"self":[{"href":"https:\/\/truusk.store\/sv\/wp-json\/wp\/v2\/product\/95523","targetHints":{"allow":["GET"]}}],"collection":[{"href":"https:\/\/truusk.store\/sv\/wp-json\/wp\/v2\/product"}],"about":[{"href":"https:\/\/truusk.store\/sv\/wp-json\/wp\/v2\/types\/product"}],"wp:featuredmedia":[{"embeddable":true,"href":"https:\/\/truusk.store\/sv\/wp-json\/wp\/v2\/media\/95511"}],"wp:attachment":[{"href":"https:\/\/truusk.store\/sv\/wp-json\/wp\/v2\/media?parent=95523"}],"wp:term":[{"taxonomy":"product_brand","embeddable":true,"href":"https:\/\/truusk.store\/sv\/wp-json\/wp\/v2\/product_brand?post=95523"},{"taxonomy":"product_cat","embeddable":true,"href":"https:\/\/truusk.store\/sv\/wp-json\/wp\/v2\/product_cat?post=95523"},{"taxonomy":"product_tag","embeddable":true,"href":"https:\/\/truusk.store\/sv\/wp-json\/wp\/v2\/product_tag?post=95523"}],"curies":[{"name":"wp","href":"https:\/\/api.w.org\/{rel}","templated":true}]}}