{"id":95551,"date":"2025-11-10T14:11:01","date_gmt":"2025-11-10T13:11:01","guid":{"rendered":"https:\/\/truusk.store\/product\/bokhylla-5-nivaer-metall-melaminyta-brun\/"},"modified":"2026-03-12T08:51:11","modified_gmt":"2026-03-12T07:51:11","slug":"truusk-bokhylla-5-nivaer-metall-melaminyta-brun","status":"publish","type":"product","link":"https:\/\/truusk.store\/sv\/produkt\/truusk-bokhylla-5-nivaer-metall-melaminyta-brun\/","title":{"rendered":"TRUUSK Bokhylla &#8211; 5 Niv\u00e5er &#8211; Metall &#8211; Melaminyta &#8211; Brun"},"content":{"rendered":"<p>Tr\u00f6tt p\u00e5 instabila hyllor och fantasil\u00f6s design? Dina v\u00e4rdefulla samlarf\u00f6rem\u00e5l och tunga b\u00f6cker f\u00f6rtj\u00e4nar mer \u00e4n en bokhylla som bara orsakar kaos och stress. Denna robusta TRUUSK 5-niv\u00e5ers bokhylla revolutionerar ditt utrymme med sin stabila metallram f\u00f6r en fast, stabil bas. De fem gener\u00f6sa hyllplanen presenterar dina f\u00f6rem\u00e5l imponerande, speglar din personlighet och berikar ditt hem med stil och sj\u00e4lvf\u00f6rtroende.<\/p>\n<p>Beskrivning:<\/p>\n<ul>\n<li> Fem \u00f6ppna niv\u00e5er av bokhyllan erbjuder gener\u00f6st utrymme f\u00f6r dina b\u00f6cker<\/li>\n<li> Ger varje rum en industriell k\u00e4nsla<\/li>\n<li> Helt metallram med X-f\u00f6rst\u00e4rkning p\u00e5 baksidan, som b\u00e4r upp till 50 kg utan att vackla<\/li>\n<li> Bokhyllans tipp-skyddsremmar och justerbara fotdynor ger extra stabilitet och s\u00e4kerhet<\/li>\n<li> M\u00e5ngsidig design av bokhyllan, passar f\u00f6r vardagsrum, hemmakontor, studierum och sovrum<\/li>\n<li> Levereras med en tydlig instruktion och m\u00e4rkta delar f\u00f6r snabb och enkel montering<\/li>\n<\/ul>\n<p> Tekniska data:<\/p>\n<ul>\n<li> F\u00e4rg: Rustik brun<\/li>\n<li> Material: MDF, Metall<\/li>\n<li> Totala dimensioner: 79B x 35T x 161H cm<\/li>\n<li> Hyllh\u00f6jd: 36,5H cm<\/li>\n<li> B\u00e4rkapacitet: 50 kg (totalt), 10 kg (per hylla)<\/li>\n<\/ul>\n<p>Leveransinneh\u00e5ll:<\/p>\n<ul>\n<li> 1 x Bokhylla<\/li>\n<li> 1 x Bruksanvisning<\/li>\n<\/ul>\n","protected":false},"excerpt":{"rendered":"<p>Tr\u00f6tt p\u00e5 instabila hyllor och fantasil\u00f6s design? Dina v\u00e4rdefulla samlarf\u00f6rem\u00e5l och tunga b\u00f6cker f\u00f6rtj\u00e4nar mer \u00e4n en bokhylla som bara&#8230;<\/p>\n","protected":false},"featured_media":95541,"template":"","meta":[],"product_brand":[],"product_cat":[977,872,871],"product_tag":[],"class_list":{"0":"post-95551","1":"product","2":"type-product","3":"status-publish","4":"has-post-thumbnail","6":"product_cat-bok-staende-hyllor","7":"product_cat-hemmakontor-arbetsplats","8":"product_cat-hus-hem","10":"first","11":"instock","12":"sale","13":"taxable","14":"shipping-taxable","15":"purchasable","16":"product-type-simple"},"yoast_head":"<!-- This site is optimized with the Yoast SEO plugin v25.4 - https:\/\/yoast.com\/wordpress\/plugins\/seo\/ -->\n<title>TRUUSK Bokhylla - 5 Niv\u00e5er - Metall - Melaminyta - Brun - TRUUSK - Hem, Tr\u00e4dg\u00e5rd &amp; Fritid<\/title>\n<meta name=\"robots\" content=\"index, follow, max-snippet:-1, max-image-preview:large, max-video-preview:-1\" \/>\n<link rel=\"canonical\" href=\"https:\/\/truusk.store\/sv\/produkt\/truusk-bokhylla-5-nivaer-metall-melaminyta-brun\/\" \/>\n<meta property=\"og:locale\" content=\"sv_SE\" \/>\n<meta property=\"og:type\" content=\"article\" \/>\n<meta property=\"og:title\" content=\"TRUUSK Bokhylla - 5 Niv\u00e5er - Metall - Melaminyta - Brun - TRUUSK - Hem, Tr\u00e4dg\u00e5rd &amp; Fritid\" \/>\n<meta property=\"og:description\" content=\"Tr\u00f6tt p\u00e5 instabila hyllor och fantasil\u00f6s design? Dina v\u00e4rdefulla samlarf\u00f6rem\u00e5l och tunga b\u00f6cker f\u00f6rtj\u00e4nar mer \u00e4n en bokhylla som bara...\" \/>\n<meta property=\"og:url\" content=\"https:\/\/truusk.store\/sv\/produkt\/truusk-bokhylla-5-nivaer-metall-melaminyta-brun\/\" \/>\n<meta property=\"og:site_name\" content=\"TRUUSK - Hem, Tr\u00e4dg\u00e5rd &amp; Fritid\" \/>\n<meta property=\"article:modified_time\" content=\"2026-03-12T07:51:11+00:00\" \/>\n<meta property=\"og:image\" content=\"https:\/\/i0.wp.com\/truusk.se\/wp-content\/uploads\/2025\/11\/bokhylla-5-nivaer-metall-melaminyta-brun-1.webp?fit=2000%2C2000&ssl=1\" \/>\n\t<meta property=\"og:image:width\" content=\"2000\" \/>\n\t<meta property=\"og:image:height\" content=\"2000\" \/>\n\t<meta property=\"og:image:type\" content=\"image\/webp\" \/>\n<meta name=\"twitter:card\" content=\"summary_large_image\" \/>\n<meta name=\"twitter:label1\" content=\"Ber\u00e4knad l\u00e4stid\" \/>\n\t<meta name=\"twitter:data1\" content=\"1 minut\" \/>\n<!-- \/ Yoast SEO plugin. -->","yoast_head_json":{"title":"TRUUSK Bokhylla - 5 Niv\u00e5er - Metall - Melaminyta - Brun - TRUUSK - Hem, Tr\u00e4dg\u00e5rd &amp; Fritid","robots":{"index":"index","follow":"follow","max-snippet":"max-snippet:-1","max-image-preview":"max-image-preview:large","max-video-preview":"max-video-preview:-1"},"canonical":"https:\/\/truusk.store\/sv\/produkt\/truusk-bokhylla-5-nivaer-metall-melaminyta-brun\/","og_locale":"sv_SE","og_type":"article","og_title":"TRUUSK Bokhylla - 5 Niv\u00e5er - Metall - Melaminyta - Brun - TRUUSK - Hem, Tr\u00e4dg\u00e5rd &amp; Fritid","og_description":"Tr\u00f6tt p\u00e5 instabila hyllor och fantasil\u00f6s design? Dina v\u00e4rdefulla samlarf\u00f6rem\u00e5l och tunga b\u00f6cker f\u00f6rtj\u00e4nar mer \u00e4n en bokhylla som bara...","og_url":"https:\/\/truusk.store\/sv\/produkt\/truusk-bokhylla-5-nivaer-metall-melaminyta-brun\/","og_site_name":"TRUUSK - Hem, Tr\u00e4dg\u00e5rd &amp; Fritid","article_modified_time":"2026-03-12T07:51:11+00:00","og_image":[{"width":2000,"height":2000,"url":"https:\/\/i0.wp.com\/truusk.se\/wp-content\/uploads\/2025\/11\/bokhylla-5-nivaer-metall-melaminyta-brun-1.webp?fit=2000%2C2000&ssl=1","type":"image\/webp"}],"twitter_card":"summary_large_image","twitter_misc":{"Ber\u00e4knad l\u00e4stid":"1 minut"},"schema":{"@context":"https:\/\/schema.org","@graph":[{"@type":"WebPage","@id":"https:\/\/truusk.store\/sv\/produkt\/truusk-bokhylla-5-nivaer-metall-melaminyta-brun\/","url":"https:\/\/truusk.store\/sv\/produkt\/truusk-bokhylla-5-nivaer-metall-melaminyta-brun\/","name":"TRUUSK Bokhylla - 5 Niv\u00e5er - Metall - Melaminyta - Brun - TRUUSK - Hem, Tr\u00e4dg\u00e5rd &amp; Fritid","isPartOf":{"@id":"https:\/\/truusk.store\/sv\/#website"},"primaryImageOfPage":{"@id":"https:\/\/truusk.store\/sv\/produkt\/truusk-bokhylla-5-nivaer-metall-melaminyta-brun\/#primaryimage"},"image":{"@id":"https:\/\/truusk.store\/sv\/produkt\/truusk-bokhylla-5-nivaer-metall-melaminyta-brun\/#primaryimage"},"thumbnailUrl":"https:\/\/i0.wp.com\/truusk.store\/wp-content\/uploads\/2025\/11\/bokhylla-5-nivaer-metall-melaminyta-brun-1.webp?fit=2000%2C2000&ssl=1","datePublished":"2025-11-10T13:11:01+00:00","dateModified":"2026-03-12T07:51:11+00:00","breadcrumb":{"@id":"https:\/\/truusk.store\/sv\/produkt\/truusk-bokhylla-5-nivaer-metall-melaminyta-brun\/#breadcrumb"},"inLanguage":"sv-SE","potentialAction":[{"@type":"ReadAction","target":["https:\/\/truusk.store\/sv\/produkt\/truusk-bokhylla-5-nivaer-metall-melaminyta-brun\/"]}]},{"@type":"ImageObject","inLanguage":"sv-SE","@id":"https:\/\/truusk.store\/sv\/produkt\/truusk-bokhylla-5-nivaer-metall-melaminyta-brun\/#primaryimage","url":"https:\/\/i0.wp.com\/truusk.store\/wp-content\/uploads\/2025\/11\/bokhylla-5-nivaer-metall-melaminyta-brun-1.webp?fit=2000%2C2000&ssl=1","contentUrl":"https:\/\/i0.wp.com\/truusk.store\/wp-content\/uploads\/2025\/11\/bokhylla-5-nivaer-metall-melaminyta-brun-1.webp?fit=2000%2C2000&ssl=1","width":2000,"height":2000},{"@type":"BreadcrumbList","@id":"https:\/\/truusk.store\/sv\/produkt\/truusk-bokhylla-5-nivaer-metall-melaminyta-brun\/#breadcrumb","itemListElement":[{"@type":"ListItem","position":1,"name":"Home","item":"https:\/\/truusk.store\/sv\/"},{"@type":"ListItem","position":2,"name":"Shop","item":"https:\/\/truusk.store\/shop\/"},{"@type":"ListItem","position":3,"name":"TRUUSK Bokhylla &#8211; 5 Niv\u00e5er &#8211; Metall &#8211; Melaminyta &#8211; Brun"}]},{"@type":"WebSite","@id":"https:\/\/truusk.store\/sv\/#website","url":"https:\/\/truusk.store\/sv\/","name":"TRUUSK - Hem, Tr\u00e4dg\u00e5rd & Fritid","description":"","publisher":{"@id":"https:\/\/truusk.store\/sv\/#organization"},"potentialAction":[{"@type":"SearchAction","target":{"@type":"EntryPoint","urlTemplate":"https:\/\/truusk.store\/sv\/?s={search_term_string}"},"query-input":{"@type":"PropertyValueSpecification","valueRequired":true,"valueName":"search_term_string"}}],"inLanguage":"sv-SE"},{"@type":"Organization","@id":"https:\/\/truusk.store\/sv\/#organization","name":"TRUUSK - Hem, Tr\u00e4dg\u00e5rd & Fritid","url":"https:\/\/truusk.store\/sv\/","logo":{"@type":"ImageObject","inLanguage":"sv-SE","@id":"https:\/\/truusk.store\/sv\/#\/schema\/logo\/image\/","url":"https:\/\/i0.wp.com\/truusk.store\/wp-content\/uploads\/2026\/03\/cropped-TRUUSK.png?fit=2032%2C917&ssl=1","contentUrl":"https:\/\/i0.wp.com\/truusk.store\/wp-content\/uploads\/2026\/03\/cropped-TRUUSK.png?fit=2032%2C917&ssl=1","width":2032,"height":917,"caption":"TRUUSK - Hem, Tr\u00e4dg\u00e5rd & Fritid"},"image":{"@id":"https:\/\/truusk.store\/sv\/#\/schema\/logo\/image\/"}}]}},"jetpack_sharing_enabled":true,"_links":{"self":[{"href":"https:\/\/truusk.store\/sv\/wp-json\/wp\/v2\/product\/95551","targetHints":{"allow":["GET"]}}],"collection":[{"href":"https:\/\/truusk.store\/sv\/wp-json\/wp\/v2\/product"}],"about":[{"href":"https:\/\/truusk.store\/sv\/wp-json\/wp\/v2\/types\/product"}],"wp:featuredmedia":[{"embeddable":true,"href":"https:\/\/truusk.store\/sv\/wp-json\/wp\/v2\/media\/95541"}],"wp:attachment":[{"href":"https:\/\/truusk.store\/sv\/wp-json\/wp\/v2\/media?parent=95551"}],"wp:term":[{"taxonomy":"product_brand","embeddable":true,"href":"https:\/\/truusk.store\/sv\/wp-json\/wp\/v2\/product_brand?post=95551"},{"taxonomy":"product_cat","embeddable":true,"href":"https:\/\/truusk.store\/sv\/wp-json\/wp\/v2\/product_cat?post=95551"},{"taxonomy":"product_tag","embeddable":true,"href":"https:\/\/truusk.store\/sv\/wp-json\/wp\/v2\/product_tag?post=95551"}],"curies":[{"name":"wp","href":"https:\/\/api.w.org\/{rel}","templated":true}]}}