{"id":95581,"date":"2025-11-12T20:23:53","date_gmt":"2025-11-12T19:23:53","guid":{"rendered":"https:\/\/truusk.store\/product\/solstaende-lampa-i-rattan-med-ljussensor-3-ljus-sollykta-i-boho-stil-ip44-o37-x-144h-cm\/"},"modified":"2026-03-12T08:41:11","modified_gmt":"2026-03-12T07:41:11","slug":"truusk-rattan-staande-lamp-med-ljussensor-boho-stil-ip44-o37-x-144h-cm","status":"publish","type":"product","link":"https:\/\/truusk.store\/sv\/produkt\/truusk-rattan-staande-lamp-med-ljussensor-boho-stil-ip44-o37-x-144h-cm\/","title":{"rendered":"TRUUSK Rattan Staande Lamp med Ljussensor &#8211; Boho-stil &#8211; IP44 &#8211; \u00d837 x 144H cm"},"content":{"rendered":"<p>Belys din tr\u00e4dg\u00e5rd stilfullt med TRUUSK tr\u00e4dg\u00e5rdslampa med tre solcellslampor i rottingdesign och solcellsdriven bekv\u00e4mlighet. Automatisk belysning fr\u00e5n skymning till gryning ger upp till \u00e5tta timmars ljus efter bara fem timmars solcellsladdning. Den eleganta solcellslampan kombinerar handv\u00e4vt PE-rotting med en stabil st\u00e5lram och erbjuder dessutom en praktisk hylla.<\/p>\n<p>Beskrivning:<\/p>\n<ul>\n<li> Den treflammande tr\u00e4dg\u00e5rdslampan ger ljus utomhusbelysning<\/li>\n<li> Handv\u00e4vd rottingsk\u00e4rm p\u00e5 utomhuslampan ger tr\u00e4dg\u00e5rden en boho-chic<\/li>\n<li> Solcellspanelen laddar under solljus, fem timmars full laddning = \u00e5tta timmars ljus<\/li>\n<li> Sl\u00e5r p\u00e5\/av automatiskt vid skymning och gryning<\/li>\n<li> Mellanhyllan p\u00e5 utomhuslampan f\u00f6r presentation av sm\u00e5 dekorationsartiklar<\/li>\n<li> Stabil design med tre r\u00f6r och rund st\u00e5lbotten<\/li>\n<li> UV-resistent plastrotting och IP44 st\u00e4nkskydd f\u00f6r utomhusbruk<\/li>\n<li> Montering kr\u00e4vs<\/li>\n<\/ul>\n<p> Tekniska data:<\/p>\n<ul>\n<li> F\u00e4rg: Svart+Gul<\/li>\n<li> Material: St\u00e5l, PE Rotting<\/li>\n<li> Totala dimensioner: \u00d837 x 144H cm<\/li>\n<li> Golvstorlek: \u00d828 x 2,5H cm<\/li>\n<li> Storlek p\u00e5 solpanel: \u00d88 x 2,8T cm<\/li>\n<li> Ljusstyrka: 15 lm<\/li>\n<li> F\u00e4rgtemperatur: 2500 K<\/li>\n<li> Laddningstid: 5 timmar vid tillr\u00e4ckligt solljus<\/li>\n<li> Ljusstid: (fulladdad) 8 timmar<\/li>\n<li> Ljusstyrka: (Enskilt) 0,06 W<\/li>\n<li> Batterityp: AA (Ni-Mh, 600mAh, 1,2 V)<\/li>\n<li> St\u00e4nkskydd: IP44<\/li>\n<li> Certifieringar: CE DOC<\/li>\n<\/ul>\n<p>Leveransinneh\u00e5ll:<\/p>\n<ul>\n<li> 1 x Rottinglampa<\/li>\n<li> 1 x Bruksanvisning<\/li>\n<\/ul>\n","protected":false},"excerpt":{"rendered":"<p>Belys din tr\u00e4dg\u00e5rd stilfullt med TRUUSK tr\u00e4dg\u00e5rdslampa med tre solcellslampor i rottingdesign och solcellsdriven bekv\u00e4mlighet. Automatisk belysning fr\u00e5n skymning till&#8230;<\/p>\n","protected":false},"featured_media":95572,"template":"","meta":[],"product_brand":[],"product_cat":[858,465,464],"product_tag":[],"class_list":{"0":"post-95581","1":"product","2":"type-product","3":"status-publish","4":"has-post-thumbnail","6":"product_cat-tradgard-terrass","7":"product_cat-tradgardsbelysning","8":"product_cat-tradgardsdekoration","10":"first","11":"instock","12":"sale","13":"taxable","14":"shipping-taxable","15":"purchasable","16":"product-type-simple"},"yoast_head":"<!-- This site is optimized with the Yoast SEO plugin v25.4 - https:\/\/yoast.com\/wordpress\/plugins\/seo\/ -->\n<title>TRUUSK Rattan Staande Lamp med Ljussensor - Boho-stil - IP44 - \u00d837 x 144H cm - TRUUSK - Hem, Tr\u00e4dg\u00e5rd &amp; Fritid<\/title>\n<meta name=\"robots\" content=\"index, follow, max-snippet:-1, max-image-preview:large, max-video-preview:-1\" \/>\n<link rel=\"canonical\" href=\"https:\/\/truusk.store\/sv\/produkt\/truusk-rattan-staande-lamp-med-ljussensor-boho-stil-ip44-o37-x-144h-cm\/\" \/>\n<meta property=\"og:locale\" content=\"sv_SE\" \/>\n<meta property=\"og:type\" content=\"article\" \/>\n<meta property=\"og:title\" content=\"TRUUSK Rattan Staande Lamp med Ljussensor - Boho-stil - IP44 - \u00d837 x 144H cm - TRUUSK - Hem, Tr\u00e4dg\u00e5rd &amp; Fritid\" \/>\n<meta property=\"og:description\" content=\"Belys din tr\u00e4dg\u00e5rd stilfullt med TRUUSK tr\u00e4dg\u00e5rdslampa med tre solcellslampor i rottingdesign och solcellsdriven bekv\u00e4mlighet. Automatisk belysning fr\u00e5n skymning till...\" \/>\n<meta property=\"og:url\" content=\"https:\/\/truusk.store\/sv\/produkt\/truusk-rattan-staande-lamp-med-ljussensor-boho-stil-ip44-o37-x-144h-cm\/\" \/>\n<meta property=\"og:site_name\" content=\"TRUUSK - Hem, Tr\u00e4dg\u00e5rd &amp; Fritid\" \/>\n<meta property=\"article:modified_time\" content=\"2026-03-12T07:41:11+00:00\" \/>\n<meta property=\"og:image\" content=\"https:\/\/i0.wp.com\/truusk.se\/wp-content\/uploads\/2025\/11\/solstaende-lampa-i-rattan-med-ljussensor-3-ljus-sollykta-i-boho-stil-ip44-o37-x-144h-cm-1.webp?fit=2000%2C2000&ssl=1\" \/>\n\t<meta property=\"og:image:width\" content=\"2000\" \/>\n\t<meta property=\"og:image:height\" content=\"2000\" \/>\n\t<meta property=\"og:image:type\" content=\"image\/webp\" \/>\n<meta name=\"twitter:card\" content=\"summary_large_image\" \/>\n<meta name=\"twitter:label1\" content=\"Ber\u00e4knad l\u00e4stid\" \/>\n\t<meta name=\"twitter:data1\" content=\"1 minut\" \/>\n<!-- \/ Yoast SEO plugin. -->","yoast_head_json":{"title":"TRUUSK Rattan Staande Lamp med Ljussensor - Boho-stil - IP44 - \u00d837 x 144H cm - TRUUSK - Hem, Tr\u00e4dg\u00e5rd &amp; Fritid","robots":{"index":"index","follow":"follow","max-snippet":"max-snippet:-1","max-image-preview":"max-image-preview:large","max-video-preview":"max-video-preview:-1"},"canonical":"https:\/\/truusk.store\/sv\/produkt\/truusk-rattan-staande-lamp-med-ljussensor-boho-stil-ip44-o37-x-144h-cm\/","og_locale":"sv_SE","og_type":"article","og_title":"TRUUSK Rattan Staande Lamp med Ljussensor - Boho-stil - IP44 - \u00d837 x 144H cm - TRUUSK - Hem, Tr\u00e4dg\u00e5rd &amp; Fritid","og_description":"Belys din tr\u00e4dg\u00e5rd stilfullt med TRUUSK tr\u00e4dg\u00e5rdslampa med tre solcellslampor i rottingdesign och solcellsdriven bekv\u00e4mlighet. Automatisk belysning fr\u00e5n skymning till...","og_url":"https:\/\/truusk.store\/sv\/produkt\/truusk-rattan-staande-lamp-med-ljussensor-boho-stil-ip44-o37-x-144h-cm\/","og_site_name":"TRUUSK - Hem, Tr\u00e4dg\u00e5rd &amp; Fritid","article_modified_time":"2026-03-12T07:41:11+00:00","og_image":[{"width":2000,"height":2000,"url":"https:\/\/i0.wp.com\/truusk.se\/wp-content\/uploads\/2025\/11\/solstaende-lampa-i-rattan-med-ljussensor-3-ljus-sollykta-i-boho-stil-ip44-o37-x-144h-cm-1.webp?fit=2000%2C2000&ssl=1","type":"image\/webp"}],"twitter_card":"summary_large_image","twitter_misc":{"Ber\u00e4knad l\u00e4stid":"1 minut"},"schema":{"@context":"https:\/\/schema.org","@graph":[{"@type":"WebPage","@id":"https:\/\/truusk.store\/sv\/produkt\/truusk-rattan-staande-lamp-med-ljussensor-boho-stil-ip44-o37-x-144h-cm\/","url":"https:\/\/truusk.store\/sv\/produkt\/truusk-rattan-staande-lamp-med-ljussensor-boho-stil-ip44-o37-x-144h-cm\/","name":"TRUUSK Rattan Staande Lamp med Ljussensor - Boho-stil - IP44 - \u00d837 x 144H cm - TRUUSK - Hem, Tr\u00e4dg\u00e5rd &amp; Fritid","isPartOf":{"@id":"https:\/\/truusk.store\/sv\/#website"},"primaryImageOfPage":{"@id":"https:\/\/truusk.store\/sv\/produkt\/truusk-rattan-staande-lamp-med-ljussensor-boho-stil-ip44-o37-x-144h-cm\/#primaryimage"},"image":{"@id":"https:\/\/truusk.store\/sv\/produkt\/truusk-rattan-staande-lamp-med-ljussensor-boho-stil-ip44-o37-x-144h-cm\/#primaryimage"},"thumbnailUrl":"https:\/\/i0.wp.com\/truusk.store\/wp-content\/uploads\/2025\/11\/solstaende-lampa-i-rattan-med-ljussensor-3-ljus-sollykta-i-boho-stil-ip44-o37-x-144h-cm-1.webp?fit=2000%2C2000&ssl=1","datePublished":"2025-11-12T19:23:53+00:00","dateModified":"2026-03-12T07:41:11+00:00","breadcrumb":{"@id":"https:\/\/truusk.store\/sv\/produkt\/truusk-rattan-staande-lamp-med-ljussensor-boho-stil-ip44-o37-x-144h-cm\/#breadcrumb"},"inLanguage":"sv-SE","potentialAction":[{"@type":"ReadAction","target":["https:\/\/truusk.store\/sv\/produkt\/truusk-rattan-staande-lamp-med-ljussensor-boho-stil-ip44-o37-x-144h-cm\/"]}]},{"@type":"ImageObject","inLanguage":"sv-SE","@id":"https:\/\/truusk.store\/sv\/produkt\/truusk-rattan-staande-lamp-med-ljussensor-boho-stil-ip44-o37-x-144h-cm\/#primaryimage","url":"https:\/\/i0.wp.com\/truusk.store\/wp-content\/uploads\/2025\/11\/solstaende-lampa-i-rattan-med-ljussensor-3-ljus-sollykta-i-boho-stil-ip44-o37-x-144h-cm-1.webp?fit=2000%2C2000&ssl=1","contentUrl":"https:\/\/i0.wp.com\/truusk.store\/wp-content\/uploads\/2025\/11\/solstaende-lampa-i-rattan-med-ljussensor-3-ljus-sollykta-i-boho-stil-ip44-o37-x-144h-cm-1.webp?fit=2000%2C2000&ssl=1","width":2000,"height":2000},{"@type":"BreadcrumbList","@id":"https:\/\/truusk.store\/sv\/produkt\/truusk-rattan-staande-lamp-med-ljussensor-boho-stil-ip44-o37-x-144h-cm\/#breadcrumb","itemListElement":[{"@type":"ListItem","position":1,"name":"Home","item":"https:\/\/truusk.store\/sv\/"},{"@type":"ListItem","position":2,"name":"Shop","item":"https:\/\/truusk.store\/shop\/"},{"@type":"ListItem","position":3,"name":"TRUUSK Rattan Staande Lamp med Ljussensor &#8211; Boho-stil &#8211; IP44 &#8211; \u00d837 x 144H cm"}]},{"@type":"WebSite","@id":"https:\/\/truusk.store\/sv\/#website","url":"https:\/\/truusk.store\/sv\/","name":"TRUUSK - Hem, Tr\u00e4dg\u00e5rd & Fritid","description":"","publisher":{"@id":"https:\/\/truusk.store\/sv\/#organization"},"potentialAction":[{"@type":"SearchAction","target":{"@type":"EntryPoint","urlTemplate":"https:\/\/truusk.store\/sv\/?s={search_term_string}"},"query-input":{"@type":"PropertyValueSpecification","valueRequired":true,"valueName":"search_term_string"}}],"inLanguage":"sv-SE"},{"@type":"Organization","@id":"https:\/\/truusk.store\/sv\/#organization","name":"TRUUSK - Hem, Tr\u00e4dg\u00e5rd & Fritid","url":"https:\/\/truusk.store\/sv\/","logo":{"@type":"ImageObject","inLanguage":"sv-SE","@id":"https:\/\/truusk.store\/sv\/#\/schema\/logo\/image\/","url":"https:\/\/i0.wp.com\/truusk.store\/wp-content\/uploads\/2026\/03\/cropped-TRUUSK.png?fit=2032%2C917&ssl=1","contentUrl":"https:\/\/i0.wp.com\/truusk.store\/wp-content\/uploads\/2026\/03\/cropped-TRUUSK.png?fit=2032%2C917&ssl=1","width":2032,"height":917,"caption":"TRUUSK - Hem, Tr\u00e4dg\u00e5rd & Fritid"},"image":{"@id":"https:\/\/truusk.store\/sv\/#\/schema\/logo\/image\/"}}]}},"jetpack_sharing_enabled":true,"_links":{"self":[{"href":"https:\/\/truusk.store\/sv\/wp-json\/wp\/v2\/product\/95581","targetHints":{"allow":["GET"]}}],"collection":[{"href":"https:\/\/truusk.store\/sv\/wp-json\/wp\/v2\/product"}],"about":[{"href":"https:\/\/truusk.store\/sv\/wp-json\/wp\/v2\/types\/product"}],"wp:featuredmedia":[{"embeddable":true,"href":"https:\/\/truusk.store\/sv\/wp-json\/wp\/v2\/media\/95572"}],"wp:attachment":[{"href":"https:\/\/truusk.store\/sv\/wp-json\/wp\/v2\/media?parent=95581"}],"wp:term":[{"taxonomy":"product_brand","embeddable":true,"href":"https:\/\/truusk.store\/sv\/wp-json\/wp\/v2\/product_brand?post=95581"},{"taxonomy":"product_cat","embeddable":true,"href":"https:\/\/truusk.store\/sv\/wp-json\/wp\/v2\/product_cat?post=95581"},{"taxonomy":"product_tag","embeddable":true,"href":"https:\/\/truusk.store\/sv\/wp-json\/wp\/v2\/product_tag?post=95581"}],"curies":[{"name":"wp","href":"https:\/\/api.w.org\/{rel}","templated":true}]}}