{"id":95632,"date":"2025-11-21T20:09:51","date_gmt":"2025-11-21T19:09:51","guid":{"rendered":"https:\/\/truusk.store\/product\/103-liter-forvaringskista-forvaringsbank-med-sakerhetshangsel-sittkudde-for-olika-rum-vit\/"},"modified":"2026-03-12T09:42:32","modified_gmt":"2026-03-12T08:42:32","slug":"truusk-103-l-forvaringskista-med-sakerhetshangsel-forvaringsbank-med-sittkudde-vit-olika-rum","status":"publish","type":"product","link":"https:\/\/truusk.store\/sv\/produkt\/truusk-103-l-forvaringskista-med-sakerhetshangsel-forvaringsbank-med-sittkudde-vit-olika-rum\/","title":{"rendered":"TRUUSK 103 L F\u00f6rvaringskista med S\u00e4kerhetsh\u00e4ngsel &#8211; F\u00f6rvaringsb\u00e4nk med Sittkudde &#8211; Vit &#8211; Olika Rum"},"content":{"rendered":"<p>Upplev multifunktionell elegans med [BRAND NAME] f\u00f6rvaringskista! B\u00e4nkkistan erbjuder 103 liter f\u00f6rvaringsutrymme och ett s\u00e4kerhetssp\u00e4rr f\u00f6r att skydda fingrarna vid st\u00e4ngning. Den kan ocks\u00e5 anv\u00e4ndas som en mysig sittb\u00e4nk. I vitt och med gr\u00e5 kudde, berikar denna f\u00f6rvaringskista stilfullt varje rum.<\/p>\n<p>Beskrivning:<\/p>\n<ul>\n<li> Stort f\u00f6rvaringsutrymme i b\u00e4nkkistan<\/li>\n<li> Med mjuk, bekv\u00e4m sittdyna<\/li>\n<li> Kudd\u00f6verdraget p\u00e5 f\u00f6rvaringskistan \u00e4r l\u00e4tt att ta av f\u00f6r tv\u00e4tt<\/li>\n<li> Samtida design<\/li>\n<li> M\u00e5ngsidigt anv\u00e4ndbar: som f\u00f6rvaringsutrymme, skob\u00e4nk eller sittb\u00e4nk vid fot\u00e4ndan av s\u00e4ngen<\/li>\n<li> Tillverkad av stabil, melaminbelagd sp\u00e5nskiva<\/li>\n<li> S\u00e4kerhetssp\u00e4rr f\u00f6rhindrar att b\u00e4nkkistlocket sl\u00e5r igen<\/li>\n<li> Montering kr\u00e4vs<\/li>\n<\/ul>\n<p> Tekniska data:<\/p>\n<ul>\n<li> F\u00e4rg: Vit+Gr\u00e5<\/li>\n<li> Material: Polyester, sp\u00e5nskiva, skum<\/li>\n<li> Totala dimensioner: 75L x 40B x 56H cm<\/li>\n<li> Inre dimensioner: 70L x 37B x 40H cm, 103L<\/li>\n<li> B\u00e4rkapacitet: 150 kg (totalt), 120 kg (sittplats), 30 kg (inuti)<\/li>\n<\/ul>\n<p> Leveransinneh\u00e5ll:<\/p>\n<ul>\n<li> 1 x F\u00f6rvaringskista<\/li>\n<li> 1 x Handbok<\/li>\n<\/ul>\n","protected":false},"excerpt":{"rendered":"<p>Upplev multifunktionell elegans med [BRAND NAME] f\u00f6rvaringskista! B\u00e4nkkistan erbjuder 103 liter f\u00f6rvaringsutrymme och ett s\u00e4kerhetssp\u00e4rr f\u00f6r att skydda fingrarna vid&#8230;<\/p>\n","protected":false},"featured_media":95623,"template":"","meta":[],"product_brand":[],"product_cat":[893,871,992],"product_tag":[],"class_list":{"0":"post-95632","1":"product","2":"type-product","3":"status-publish","4":"has-post-thumbnail","6":"product_cat-garderob-hall","7":"product_cat-hus-hem","8":"product_cat-sittkistor","10":"first","11":"instock","12":"sale","13":"taxable","14":"shipping-taxable","15":"purchasable","16":"product-type-simple"},"yoast_head":"<!-- This site is optimized with the Yoast SEO plugin v25.4 - https:\/\/yoast.com\/wordpress\/plugins\/seo\/ -->\n<title>TRUUSK 103 L F\u00f6rvaringskista med S\u00e4kerhetsh\u00e4ngsel - F\u00f6rvaringsb\u00e4nk med Sittkudde - Vit - Olika Rum - TRUUSK - Hem, Tr\u00e4dg\u00e5rd &amp; Fritid<\/title>\n<meta name=\"robots\" content=\"index, follow, max-snippet:-1, max-image-preview:large, max-video-preview:-1\" \/>\n<link rel=\"canonical\" href=\"https:\/\/truusk.store\/sv\/produkt\/truusk-103-l-forvaringskista-med-sakerhetshangsel-forvaringsbank-med-sittkudde-vit-olika-rum\/\" \/>\n<meta property=\"og:locale\" content=\"sv_SE\" \/>\n<meta property=\"og:type\" content=\"article\" \/>\n<meta property=\"og:title\" content=\"TRUUSK 103 L F\u00f6rvaringskista med S\u00e4kerhetsh\u00e4ngsel - F\u00f6rvaringsb\u00e4nk med Sittkudde - Vit - Olika Rum - TRUUSK - Hem, Tr\u00e4dg\u00e5rd &amp; Fritid\" \/>\n<meta property=\"og:description\" content=\"Upplev multifunktionell elegans med [BRAND NAME] f\u00f6rvaringskista! B\u00e4nkkistan erbjuder 103 liter f\u00f6rvaringsutrymme och ett s\u00e4kerhetssp\u00e4rr f\u00f6r att skydda fingrarna vid...\" \/>\n<meta property=\"og:url\" content=\"https:\/\/truusk.store\/sv\/produkt\/truusk-103-l-forvaringskista-med-sakerhetshangsel-forvaringsbank-med-sittkudde-vit-olika-rum\/\" \/>\n<meta property=\"og:site_name\" content=\"TRUUSK - Hem, Tr\u00e4dg\u00e5rd &amp; Fritid\" \/>\n<meta property=\"article:modified_time\" content=\"2026-03-12T08:42:32+00:00\" \/>\n<meta property=\"og:image\" content=\"https:\/\/i0.wp.com\/truusk.se\/wp-content\/uploads\/2025\/11\/103-liter-forvaringskista-forvaringsbank-med-sakerhetshangsel-sittkudde-for-olika-rum-vit-1.webp?fit=2000%2C2000&ssl=1\" \/>\n\t<meta property=\"og:image:width\" content=\"2000\" \/>\n\t<meta property=\"og:image:height\" content=\"2000\" \/>\n\t<meta property=\"og:image:type\" content=\"image\/webp\" \/>\n<meta name=\"twitter:card\" content=\"summary_large_image\" \/>\n<meta name=\"twitter:label1\" content=\"Ber\u00e4knad l\u00e4stid\" \/>\n\t<meta name=\"twitter:data1\" content=\"1 minut\" \/>\n<!-- \/ Yoast SEO plugin. -->","yoast_head_json":{"title":"TRUUSK 103 L F\u00f6rvaringskista med S\u00e4kerhetsh\u00e4ngsel - F\u00f6rvaringsb\u00e4nk med Sittkudde - Vit - Olika Rum - TRUUSK - Hem, Tr\u00e4dg\u00e5rd &amp; Fritid","robots":{"index":"index","follow":"follow","max-snippet":"max-snippet:-1","max-image-preview":"max-image-preview:large","max-video-preview":"max-video-preview:-1"},"canonical":"https:\/\/truusk.store\/sv\/produkt\/truusk-103-l-forvaringskista-med-sakerhetshangsel-forvaringsbank-med-sittkudde-vit-olika-rum\/","og_locale":"sv_SE","og_type":"article","og_title":"TRUUSK 103 L F\u00f6rvaringskista med S\u00e4kerhetsh\u00e4ngsel - F\u00f6rvaringsb\u00e4nk med Sittkudde - Vit - Olika Rum - TRUUSK - Hem, Tr\u00e4dg\u00e5rd &amp; Fritid","og_description":"Upplev multifunktionell elegans med [BRAND NAME] f\u00f6rvaringskista! B\u00e4nkkistan erbjuder 103 liter f\u00f6rvaringsutrymme och ett s\u00e4kerhetssp\u00e4rr f\u00f6r att skydda fingrarna vid...","og_url":"https:\/\/truusk.store\/sv\/produkt\/truusk-103-l-forvaringskista-med-sakerhetshangsel-forvaringsbank-med-sittkudde-vit-olika-rum\/","og_site_name":"TRUUSK - Hem, Tr\u00e4dg\u00e5rd &amp; Fritid","article_modified_time":"2026-03-12T08:42:32+00:00","og_image":[{"width":2000,"height":2000,"url":"https:\/\/i0.wp.com\/truusk.se\/wp-content\/uploads\/2025\/11\/103-liter-forvaringskista-forvaringsbank-med-sakerhetshangsel-sittkudde-for-olika-rum-vit-1.webp?fit=2000%2C2000&ssl=1","type":"image\/webp"}],"twitter_card":"summary_large_image","twitter_misc":{"Ber\u00e4knad l\u00e4stid":"1 minut"},"schema":{"@context":"https:\/\/schema.org","@graph":[{"@type":"WebPage","@id":"https:\/\/truusk.store\/sv\/produkt\/truusk-103-l-forvaringskista-med-sakerhetshangsel-forvaringsbank-med-sittkudde-vit-olika-rum\/","url":"https:\/\/truusk.store\/sv\/produkt\/truusk-103-l-forvaringskista-med-sakerhetshangsel-forvaringsbank-med-sittkudde-vit-olika-rum\/","name":"TRUUSK 103 L F\u00f6rvaringskista med S\u00e4kerhetsh\u00e4ngsel - F\u00f6rvaringsb\u00e4nk med Sittkudde - Vit - Olika Rum - TRUUSK - Hem, Tr\u00e4dg\u00e5rd &amp; Fritid","isPartOf":{"@id":"https:\/\/truusk.store\/sv\/#website"},"primaryImageOfPage":{"@id":"https:\/\/truusk.store\/sv\/produkt\/truusk-103-l-forvaringskista-med-sakerhetshangsel-forvaringsbank-med-sittkudde-vit-olika-rum\/#primaryimage"},"image":{"@id":"https:\/\/truusk.store\/sv\/produkt\/truusk-103-l-forvaringskista-med-sakerhetshangsel-forvaringsbank-med-sittkudde-vit-olika-rum\/#primaryimage"},"thumbnailUrl":"https:\/\/i0.wp.com\/truusk.store\/wp-content\/uploads\/2025\/11\/103-liter-forvaringskista-forvaringsbank-med-sakerhetshangsel-sittkudde-for-olika-rum-vit-1.webp?fit=2000%2C2000&ssl=1","datePublished":"2025-11-21T19:09:51+00:00","dateModified":"2026-03-12T08:42:32+00:00","breadcrumb":{"@id":"https:\/\/truusk.store\/sv\/produkt\/truusk-103-l-forvaringskista-med-sakerhetshangsel-forvaringsbank-med-sittkudde-vit-olika-rum\/#breadcrumb"},"inLanguage":"sv-SE","potentialAction":[{"@type":"ReadAction","target":["https:\/\/truusk.store\/sv\/produkt\/truusk-103-l-forvaringskista-med-sakerhetshangsel-forvaringsbank-med-sittkudde-vit-olika-rum\/"]}]},{"@type":"ImageObject","inLanguage":"sv-SE","@id":"https:\/\/truusk.store\/sv\/produkt\/truusk-103-l-forvaringskista-med-sakerhetshangsel-forvaringsbank-med-sittkudde-vit-olika-rum\/#primaryimage","url":"https:\/\/i0.wp.com\/truusk.store\/wp-content\/uploads\/2025\/11\/103-liter-forvaringskista-forvaringsbank-med-sakerhetshangsel-sittkudde-for-olika-rum-vit-1.webp?fit=2000%2C2000&ssl=1","contentUrl":"https:\/\/i0.wp.com\/truusk.store\/wp-content\/uploads\/2025\/11\/103-liter-forvaringskista-forvaringsbank-med-sakerhetshangsel-sittkudde-for-olika-rum-vit-1.webp?fit=2000%2C2000&ssl=1","width":2000,"height":2000},{"@type":"BreadcrumbList","@id":"https:\/\/truusk.store\/sv\/produkt\/truusk-103-l-forvaringskista-med-sakerhetshangsel-forvaringsbank-med-sittkudde-vit-olika-rum\/#breadcrumb","itemListElement":[{"@type":"ListItem","position":1,"name":"Home","item":"https:\/\/truusk.store\/sv\/"},{"@type":"ListItem","position":2,"name":"Shop","item":"https:\/\/truusk.store\/shop\/"},{"@type":"ListItem","position":3,"name":"TRUUSK 103 L F\u00f6rvaringskista med S\u00e4kerhetsh\u00e4ngsel &#8211; F\u00f6rvaringsb\u00e4nk med Sittkudde &#8211; Vit &#8211; Olika Rum"}]},{"@type":"WebSite","@id":"https:\/\/truusk.store\/sv\/#website","url":"https:\/\/truusk.store\/sv\/","name":"TRUUSK - Hem, Tr\u00e4dg\u00e5rd & Fritid","description":"","publisher":{"@id":"https:\/\/truusk.store\/sv\/#organization"},"potentialAction":[{"@type":"SearchAction","target":{"@type":"EntryPoint","urlTemplate":"https:\/\/truusk.store\/sv\/?s={search_term_string}"},"query-input":{"@type":"PropertyValueSpecification","valueRequired":true,"valueName":"search_term_string"}}],"inLanguage":"sv-SE"},{"@type":"Organization","@id":"https:\/\/truusk.store\/sv\/#organization","name":"TRUUSK - Hem, Tr\u00e4dg\u00e5rd & Fritid","url":"https:\/\/truusk.store\/sv\/","logo":{"@type":"ImageObject","inLanguage":"sv-SE","@id":"https:\/\/truusk.store\/sv\/#\/schema\/logo\/image\/","url":"https:\/\/i0.wp.com\/truusk.store\/wp-content\/uploads\/2026\/03\/cropped-TRUUSK.png?fit=2032%2C917&ssl=1","contentUrl":"https:\/\/i0.wp.com\/truusk.store\/wp-content\/uploads\/2026\/03\/cropped-TRUUSK.png?fit=2032%2C917&ssl=1","width":2032,"height":917,"caption":"TRUUSK - Hem, Tr\u00e4dg\u00e5rd & Fritid"},"image":{"@id":"https:\/\/truusk.store\/sv\/#\/schema\/logo\/image\/"}}]}},"jetpack_sharing_enabled":true,"_links":{"self":[{"href":"https:\/\/truusk.store\/sv\/wp-json\/wp\/v2\/product\/95632","targetHints":{"allow":["GET"]}}],"collection":[{"href":"https:\/\/truusk.store\/sv\/wp-json\/wp\/v2\/product"}],"about":[{"href":"https:\/\/truusk.store\/sv\/wp-json\/wp\/v2\/types\/product"}],"wp:featuredmedia":[{"embeddable":true,"href":"https:\/\/truusk.store\/sv\/wp-json\/wp\/v2\/media\/95623"}],"wp:attachment":[{"href":"https:\/\/truusk.store\/sv\/wp-json\/wp\/v2\/media?parent=95632"}],"wp:term":[{"taxonomy":"product_brand","embeddable":true,"href":"https:\/\/truusk.store\/sv\/wp-json\/wp\/v2\/product_brand?post=95632"},{"taxonomy":"product_cat","embeddable":true,"href":"https:\/\/truusk.store\/sv\/wp-json\/wp\/v2\/product_cat?post=95632"},{"taxonomy":"product_tag","embeddable":true,"href":"https:\/\/truusk.store\/sv\/wp-json\/wp\/v2\/product_tag?post=95632"}],"curies":[{"name":"wp","href":"https:\/\/api.w.org\/{rel}","templated":true}]}}