{"id":95663,"date":"2025-11-24T08:00:16","date_gmt":"2025-11-24T07:00:16","guid":{"rendered":"https:\/\/truusk.store\/product\/arkivskap-metallskap-multifunktionsskap-med-magnetisk-lamelldubbel-dorr-75-x-33-x-110-cm-vit\/"},"modified":"2026-03-12T09:07:38","modified_gmt":"2026-03-12T08:07:38","slug":"truusk-arkivskap-metallskap-multifunktionsskap-magnetisk-lamelldubbel-dorr-75-x-33-x-110-cm-vit","status":"publish","type":"product","link":"https:\/\/truusk.store\/sv\/produkt\/truusk-arkivskap-metallskap-multifunktionsskap-magnetisk-lamelldubbel-dorr-75-x-33-x-110-cm-vit\/","title":{"rendered":"TRUUSK Arkivsk\u00e5p Metallsk\u00e5p &#8211; Multifunktionssk\u00e5p &#8211; Magnetisk Lamelldubbel D\u00f6rr &#8211; 75 x 33 x 110 cm &#8211; Vit"},"content":{"rendered":"<p>Optimera ditt hem med detta praktiska f\u00f6rvaringssk\u00e5p. Metallkonstruktionen ger h\u00e5llbarhet och ger ditt rum ett professionellt utseende. Byr\u00e5n \u00e4r utrustad med en metall d\u00f6rr med ventilations\u00f6ppningar f\u00f6r att h\u00e5lla saker utom synh\u00e5ll men \u00e4nd\u00e5 s\u00e4kerst\u00e4lla ventilation. Denna arkivsk\u00e5p \u00e4r l\u00e4mplig f\u00f6r f\u00f6rvaring av verktyg och tillbeh\u00f6r samt handdukar eller b\u00f6cker.<\/p>\n<p>Beskrivning:<\/p>\n<ul>\n<li> Denna eleganta f\u00f6rvaringssk\u00e5p \u00e4r utrustad med en metall d\u00f6rr med ventilations\u00f6ppningar<\/li>\n<li> L\u00e4mplig f\u00f6r f\u00f6rvaring av verktyg och f\u00f6rn\u00f6denheter samt handdukar och b\u00f6cker<\/li>\n<li> 2 justerbara inre hyllor i f\u00f6rvaringssk\u00e5pet kan l\u00e5sas p\u00e5 17 fasta niv\u00e5er<\/li>\n<li> Magnetisk d\u00f6rrl\u00e5s p\u00e5 arkivsk\u00e5pet f\u00f6r enkel \u00f6ppning och st\u00e4ngning<\/li>\n<li> Flexibel f\u00f6rvaringsl\u00f6sning f\u00f6r garage, lager, kontor, skola, hem<\/li>\n<li> Tillverkad av elegant metall<\/li>\n<li> Har en tipps\u00e4ker design och kan monteras p\u00e5 v\u00e4ggen<\/li>\n<li> Montering kr\u00e4vs<\/li>\n<\/ul>\n<p> Tekniska specifikationer:<\/p>\n<ul>\n<li> F\u00e4rg: Vit<\/li>\n<li> Material: Metall<\/li>\n<li> Totala m\u00e5tt: 75L x 33B x 110H cm<\/li>\n<li> B\u00e4rkapacitet: 10 kg (hylla), 50 kg (totalt)<\/li>\n<li> H\u00f6jd till golvet: 7,7 cm (fr\u00e5n golvet)<\/li>\n<\/ul>\n<p>Leveransinneh\u00e5ll:<\/p>\n<ul>\n<li> 1 x Sk\u00e5p<\/li>\n<li> 1 x Instruktioner<\/li>\n<\/ul>\n","protected":false},"excerpt":{"rendered":"<p>Optimera ditt hem med detta praktiska f\u00f6rvaringssk\u00e5p. Metallkonstruktionen ger h\u00e5llbarhet och ger ditt rum ett professionellt utseende. Byr\u00e5n \u00e4r utrustad&#8230;<\/p>\n","protected":false},"featured_media":95654,"template":"","meta":[],"product_brand":[],"product_cat":[533,872,871],"product_tag":[],"class_list":{"0":"post-95663","1":"product","2":"type-product","3":"status-publish","4":"has-post-thumbnail","6":"product_cat-arkivskap-rullcontainer","7":"product_cat-hemmakontor-arbetsplats","8":"product_cat-hus-hem","10":"first","11":"instock","12":"sale","13":"taxable","14":"shipping-taxable","15":"purchasable","16":"product-type-simple"},"yoast_head":"<!-- This site is optimized with the Yoast SEO plugin v25.4 - https:\/\/yoast.com\/wordpress\/plugins\/seo\/ -->\n<title>TRUUSK Arkivsk\u00e5p Metallsk\u00e5p - Multifunktionssk\u00e5p - Magnetisk Lamelldubbel D\u00f6rr - 75 x 33 x 110 cm - Vit - TRUUSK - Hem, Tr\u00e4dg\u00e5rd &amp; Fritid<\/title>\n<meta name=\"robots\" content=\"index, follow, max-snippet:-1, max-image-preview:large, max-video-preview:-1\" \/>\n<link rel=\"canonical\" href=\"https:\/\/truusk.store\/sv\/produkt\/truusk-arkivskap-metallskap-multifunktionsskap-magnetisk-lamelldubbel-dorr-75-x-33-x-110-cm-vit\/\" \/>\n<meta property=\"og:locale\" content=\"sv_SE\" \/>\n<meta property=\"og:type\" content=\"article\" \/>\n<meta property=\"og:title\" content=\"TRUUSK Arkivsk\u00e5p Metallsk\u00e5p - Multifunktionssk\u00e5p - Magnetisk Lamelldubbel D\u00f6rr - 75 x 33 x 110 cm - Vit - TRUUSK - Hem, Tr\u00e4dg\u00e5rd &amp; Fritid\" \/>\n<meta property=\"og:description\" content=\"Optimera ditt hem med detta praktiska f\u00f6rvaringssk\u00e5p. Metallkonstruktionen ger h\u00e5llbarhet och ger ditt rum ett professionellt utseende. Byr\u00e5n \u00e4r utrustad...\" \/>\n<meta property=\"og:url\" content=\"https:\/\/truusk.store\/sv\/produkt\/truusk-arkivskap-metallskap-multifunktionsskap-magnetisk-lamelldubbel-dorr-75-x-33-x-110-cm-vit\/\" \/>\n<meta property=\"og:site_name\" content=\"TRUUSK - Hem, Tr\u00e4dg\u00e5rd &amp; Fritid\" \/>\n<meta property=\"article:modified_time\" content=\"2026-03-12T08:07:38+00:00\" \/>\n<meta property=\"og:image\" content=\"https:\/\/i0.wp.com\/truusk.se\/wp-content\/uploads\/2025\/11\/arkivskap-metallskap-multifunktionsskap-med-magnetisk-lamelldubbel-dorr-75-x-33-x-110-cm-vit-1.webp?fit=2000%2C2000&ssl=1\" \/>\n\t<meta property=\"og:image:width\" content=\"2000\" \/>\n\t<meta property=\"og:image:height\" content=\"2000\" \/>\n\t<meta property=\"og:image:type\" content=\"image\/webp\" \/>\n<meta name=\"twitter:card\" content=\"summary_large_image\" \/>\n<meta name=\"twitter:label1\" content=\"Ber\u00e4knad l\u00e4stid\" \/>\n\t<meta name=\"twitter:data1\" content=\"1 minut\" \/>\n<!-- \/ Yoast SEO plugin. -->","yoast_head_json":{"title":"TRUUSK Arkivsk\u00e5p Metallsk\u00e5p - Multifunktionssk\u00e5p - Magnetisk Lamelldubbel D\u00f6rr - 75 x 33 x 110 cm - Vit - TRUUSK - Hem, Tr\u00e4dg\u00e5rd &amp; Fritid","robots":{"index":"index","follow":"follow","max-snippet":"max-snippet:-1","max-image-preview":"max-image-preview:large","max-video-preview":"max-video-preview:-1"},"canonical":"https:\/\/truusk.store\/sv\/produkt\/truusk-arkivskap-metallskap-multifunktionsskap-magnetisk-lamelldubbel-dorr-75-x-33-x-110-cm-vit\/","og_locale":"sv_SE","og_type":"article","og_title":"TRUUSK Arkivsk\u00e5p Metallsk\u00e5p - Multifunktionssk\u00e5p - Magnetisk Lamelldubbel D\u00f6rr - 75 x 33 x 110 cm - Vit - TRUUSK - Hem, Tr\u00e4dg\u00e5rd &amp; Fritid","og_description":"Optimera ditt hem med detta praktiska f\u00f6rvaringssk\u00e5p. Metallkonstruktionen ger h\u00e5llbarhet och ger ditt rum ett professionellt utseende. Byr\u00e5n \u00e4r utrustad...","og_url":"https:\/\/truusk.store\/sv\/produkt\/truusk-arkivskap-metallskap-multifunktionsskap-magnetisk-lamelldubbel-dorr-75-x-33-x-110-cm-vit\/","og_site_name":"TRUUSK - Hem, Tr\u00e4dg\u00e5rd &amp; Fritid","article_modified_time":"2026-03-12T08:07:38+00:00","og_image":[{"width":2000,"height":2000,"url":"https:\/\/i0.wp.com\/truusk.se\/wp-content\/uploads\/2025\/11\/arkivskap-metallskap-multifunktionsskap-med-magnetisk-lamelldubbel-dorr-75-x-33-x-110-cm-vit-1.webp?fit=2000%2C2000&ssl=1","type":"image\/webp"}],"twitter_card":"summary_large_image","twitter_misc":{"Ber\u00e4knad l\u00e4stid":"1 minut"},"schema":{"@context":"https:\/\/schema.org","@graph":[{"@type":"WebPage","@id":"https:\/\/truusk.store\/sv\/produkt\/truusk-arkivskap-metallskap-multifunktionsskap-magnetisk-lamelldubbel-dorr-75-x-33-x-110-cm-vit\/","url":"https:\/\/truusk.store\/sv\/produkt\/truusk-arkivskap-metallskap-multifunktionsskap-magnetisk-lamelldubbel-dorr-75-x-33-x-110-cm-vit\/","name":"TRUUSK Arkivsk\u00e5p Metallsk\u00e5p - Multifunktionssk\u00e5p - Magnetisk Lamelldubbel D\u00f6rr - 75 x 33 x 110 cm - Vit - TRUUSK - Hem, Tr\u00e4dg\u00e5rd &amp; Fritid","isPartOf":{"@id":"https:\/\/truusk.store\/sv\/#website"},"primaryImageOfPage":{"@id":"https:\/\/truusk.store\/sv\/produkt\/truusk-arkivskap-metallskap-multifunktionsskap-magnetisk-lamelldubbel-dorr-75-x-33-x-110-cm-vit\/#primaryimage"},"image":{"@id":"https:\/\/truusk.store\/sv\/produkt\/truusk-arkivskap-metallskap-multifunktionsskap-magnetisk-lamelldubbel-dorr-75-x-33-x-110-cm-vit\/#primaryimage"},"thumbnailUrl":"https:\/\/i0.wp.com\/truusk.store\/wp-content\/uploads\/2025\/11\/arkivskap-metallskap-multifunktionsskap-med-magnetisk-lamelldubbel-dorr-75-x-33-x-110-cm-vit-1.webp?fit=2000%2C2000&ssl=1","datePublished":"2025-11-24T07:00:16+00:00","dateModified":"2026-03-12T08:07:38+00:00","breadcrumb":{"@id":"https:\/\/truusk.store\/sv\/produkt\/truusk-arkivskap-metallskap-multifunktionsskap-magnetisk-lamelldubbel-dorr-75-x-33-x-110-cm-vit\/#breadcrumb"},"inLanguage":"sv-SE","potentialAction":[{"@type":"ReadAction","target":["https:\/\/truusk.store\/sv\/produkt\/truusk-arkivskap-metallskap-multifunktionsskap-magnetisk-lamelldubbel-dorr-75-x-33-x-110-cm-vit\/"]}]},{"@type":"ImageObject","inLanguage":"sv-SE","@id":"https:\/\/truusk.store\/sv\/produkt\/truusk-arkivskap-metallskap-multifunktionsskap-magnetisk-lamelldubbel-dorr-75-x-33-x-110-cm-vit\/#primaryimage","url":"https:\/\/i0.wp.com\/truusk.store\/wp-content\/uploads\/2025\/11\/arkivskap-metallskap-multifunktionsskap-med-magnetisk-lamelldubbel-dorr-75-x-33-x-110-cm-vit-1.webp?fit=2000%2C2000&ssl=1","contentUrl":"https:\/\/i0.wp.com\/truusk.store\/wp-content\/uploads\/2025\/11\/arkivskap-metallskap-multifunktionsskap-med-magnetisk-lamelldubbel-dorr-75-x-33-x-110-cm-vit-1.webp?fit=2000%2C2000&ssl=1","width":2000,"height":2000},{"@type":"BreadcrumbList","@id":"https:\/\/truusk.store\/sv\/produkt\/truusk-arkivskap-metallskap-multifunktionsskap-magnetisk-lamelldubbel-dorr-75-x-33-x-110-cm-vit\/#breadcrumb","itemListElement":[{"@type":"ListItem","position":1,"name":"Home","item":"https:\/\/truusk.store\/sv\/"},{"@type":"ListItem","position":2,"name":"Shop","item":"https:\/\/truusk.store\/shop\/"},{"@type":"ListItem","position":3,"name":"TRUUSK Arkivsk\u00e5p Metallsk\u00e5p &#8211; Multifunktionssk\u00e5p &#8211; Magnetisk Lamelldubbel D\u00f6rr &#8211; 75 x 33 x 110 cm &#8211; Vit"}]},{"@type":"WebSite","@id":"https:\/\/truusk.store\/sv\/#website","url":"https:\/\/truusk.store\/sv\/","name":"TRUUSK - Hem, Tr\u00e4dg\u00e5rd & Fritid","description":"","publisher":{"@id":"https:\/\/truusk.store\/sv\/#organization"},"potentialAction":[{"@type":"SearchAction","target":{"@type":"EntryPoint","urlTemplate":"https:\/\/truusk.store\/sv\/?s={search_term_string}"},"query-input":{"@type":"PropertyValueSpecification","valueRequired":true,"valueName":"search_term_string"}}],"inLanguage":"sv-SE"},{"@type":"Organization","@id":"https:\/\/truusk.store\/sv\/#organization","name":"TRUUSK - Hem, Tr\u00e4dg\u00e5rd & Fritid","url":"https:\/\/truusk.store\/sv\/","logo":{"@type":"ImageObject","inLanguage":"sv-SE","@id":"https:\/\/truusk.store\/sv\/#\/schema\/logo\/image\/","url":"https:\/\/i0.wp.com\/truusk.store\/wp-content\/uploads\/2026\/03\/cropped-TRUUSK.png?fit=2032%2C917&ssl=1","contentUrl":"https:\/\/i0.wp.com\/truusk.store\/wp-content\/uploads\/2026\/03\/cropped-TRUUSK.png?fit=2032%2C917&ssl=1","width":2032,"height":917,"caption":"TRUUSK - Hem, Tr\u00e4dg\u00e5rd & Fritid"},"image":{"@id":"https:\/\/truusk.store\/sv\/#\/schema\/logo\/image\/"}}]}},"jetpack_sharing_enabled":true,"_links":{"self":[{"href":"https:\/\/truusk.store\/sv\/wp-json\/wp\/v2\/product\/95663","targetHints":{"allow":["GET"]}}],"collection":[{"href":"https:\/\/truusk.store\/sv\/wp-json\/wp\/v2\/product"}],"about":[{"href":"https:\/\/truusk.store\/sv\/wp-json\/wp\/v2\/types\/product"}],"wp:featuredmedia":[{"embeddable":true,"href":"https:\/\/truusk.store\/sv\/wp-json\/wp\/v2\/media\/95654"}],"wp:attachment":[{"href":"https:\/\/truusk.store\/sv\/wp-json\/wp\/v2\/media?parent=95663"}],"wp:term":[{"taxonomy":"product_brand","embeddable":true,"href":"https:\/\/truusk.store\/sv\/wp-json\/wp\/v2\/product_brand?post=95663"},{"taxonomy":"product_cat","embeddable":true,"href":"https:\/\/truusk.store\/sv\/wp-json\/wp\/v2\/product_cat?post=95663"},{"taxonomy":"product_tag","embeddable":true,"href":"https:\/\/truusk.store\/sv\/wp-json\/wp\/v2\/product_tag?post=95663"}],"curies":[{"name":"wp","href":"https:\/\/api.w.org\/{rel}","templated":true}]}}