{"id":95695,"date":"2025-11-24T08:07:51","date_gmt":"2025-11-24T07:07:51","guid":{"rendered":"https:\/\/truusk.store\/product\/tradgardsskjul-utomhusredskapsskjul-i-korrugerad-stal-vaggdesign-justerbara-hyllplan-lasbar-dorr-gra\/"},"modified":"2026-03-12T09:18:42","modified_gmt":"2026-03-12T08:18:42","slug":"truusk-tradgardsskjul-i-korrugerad-stal-vaggdesign-justerbara-hyllplan-lasbar-dorr-gra","status":"publish","type":"product","link":"https:\/\/truusk.store\/sv\/produkt\/truusk-tradgardsskjul-i-korrugerad-stal-vaggdesign-justerbara-hyllplan-lasbar-dorr-gra\/","title":{"rendered":"TRUUSK Tr\u00e4dg\u00e5rdsskjul i Korrugerad St\u00e5l &#8211; V\u00e4ggdesign &#8211; Justerbara Hyllplan &#8211; L\u00e5sbar D\u00f6rr &#8211; Gr\u00e5"},"content":{"rendered":"<p>V\u00e5ra tr\u00e4dg\u00e5rdsskjul skyddar dina f\u00f6rem\u00e5l s\u00e4kert fr\u00e5n yttre p\u00e5verkan. De robusta metallv\u00e4ggarna i redskapsboden skyddar din utrustning fr\u00e5n vatten, vind och sol samt fr\u00e5n vilda djur och n\u00f6dsituationer. Dessa redskapsskjul kan monteras snabbare \u00e4n tr\u00e4modeller och kr\u00e4ver inga specialkunskaper. F\u00f6rvara tr\u00e4dg\u00e5rdsredskap och poolleksaker enkelt och fritt fr\u00e5n m\u00f6gel. Mer f\u00f6rvaringsutrymme och v\u00e4rde f\u00f6r ditt utomhusomr\u00e5de med ett [BRAND NAME] tr\u00e4dg\u00e5rdsskjul.<\/p>\n<p>Beskrivning:<\/p>\n<ul>\n<li> Rymlig redskapsbod f\u00f6r tr\u00e4dg\u00e5rdsredskap, gr\u00e4sv\u00e5rdsutrustning eller pooltillbeh\u00f6r<\/li>\n<li> Byggd av galvaniserat st\u00e5l f\u00f6r att t\u00e5la v\u00e4derf\u00f6rh\u00e5llanden<\/li>\n<li> Snedtak f\u00f6r att f\u00f6rhindra vattenansamling<\/li>\n<li> L\u00e5sbar d\u00f6rr till metallredskapsboden f\u00f6r \u00f6kad s\u00e4kerhet<\/li>\n<li> Observera att grundpaketet ing\u00e5r i redskapsboden, men br\u00e4dor beh\u00f6vs f\u00f6r golvet<\/li>\n<li> Montering kr\u00e4vs<\/li>\n<li> Notera: L\u00e4s igenom instruktionerna eller monteringsvideon noggrant innan du b\u00f6rjar med installationen f\u00f6r att f\u00f6rkorta installationstiden<\/li>\n<\/ul>\n<p> Tekniska data:<\/p>\n<ul>\n<li> F\u00e4rg: Gr\u00e5<\/li>\n<li> Material: Galvaniserat st\u00e5l<\/li>\n<li> Totala dimensioner: 161B x 95T x 163\/181H cm<\/li>\n<li> Inre dimensioner: 146B x 75T x 163H cm<\/li>\n<li> Enkeld\u00f6rrdimensioner: 64B x 160H cm<\/li>\n<li> Golvyta: 155B x 87T cm<\/li>\n<li> Golvyta: 1,36 m\u00b2<\/li>\n<li> Notera: Monteringen kr\u00e4ver minst tre personer och tre timmar. Installera inte vid stark vind.<\/li>\n<\/ul>\n<p>Leveransinneh\u00e5ll:<\/p>\n<ul>\n<li> 1 x Tr\u00e4dg\u00e5rdsf\u00f6rvaringsskjul<\/li>\n<li> 1 x Bruksanvisning<\/li>\n<\/ul>\n","protected":false},"excerpt":{"rendered":"<p>V\u00e5ra tr\u00e4dg\u00e5rdsskjul skyddar dina f\u00f6rem\u00e5l s\u00e4kert fr\u00e5n yttre p\u00e5verkan. De robusta metallv\u00e4ggarna i redskapsboden skyddar din utrustning fr\u00e5n vatten, vind&#8230;<\/p>\n","protected":false},"featured_media":95684,"template":"","meta":[],"product_brand":[],"product_cat":[901,902,858],"product_tag":[],"class_list":{"0":"post-95695","1":"product","2":"type-product","3":"status-publish","4":"has-post-thumbnail","6":"product_cat-ordning-i-tradgarden","7":"product_cat-redskapsskjul-och-redskapshus","8":"product_cat-tradgard-terrass","10":"first","11":"instock","12":"sale","13":"taxable","14":"shipping-taxable","15":"purchasable","16":"product-type-simple"},"yoast_head":"<!-- This site is optimized with the Yoast SEO plugin v25.4 - https:\/\/yoast.com\/wordpress\/plugins\/seo\/ -->\n<title>TRUUSK Tr\u00e4dg\u00e5rdsskjul i Korrugerad St\u00e5l - V\u00e4ggdesign - Justerbara Hyllplan - L\u00e5sbar D\u00f6rr - Gr\u00e5 - TRUUSK - Hem, Tr\u00e4dg\u00e5rd &amp; Fritid<\/title>\n<meta name=\"robots\" content=\"index, follow, max-snippet:-1, max-image-preview:large, max-video-preview:-1\" \/>\n<link rel=\"canonical\" href=\"https:\/\/truusk.store\/sv\/produkt\/truusk-tradgardsskjul-i-korrugerad-stal-vaggdesign-justerbara-hyllplan-lasbar-dorr-gra\/\" \/>\n<meta property=\"og:locale\" content=\"sv_SE\" \/>\n<meta property=\"og:type\" content=\"article\" \/>\n<meta property=\"og:title\" content=\"TRUUSK Tr\u00e4dg\u00e5rdsskjul i Korrugerad St\u00e5l - V\u00e4ggdesign - Justerbara Hyllplan - L\u00e5sbar D\u00f6rr - Gr\u00e5 - TRUUSK - Hem, Tr\u00e4dg\u00e5rd &amp; Fritid\" \/>\n<meta property=\"og:description\" content=\"V\u00e5ra tr\u00e4dg\u00e5rdsskjul skyddar dina f\u00f6rem\u00e5l s\u00e4kert fr\u00e5n yttre p\u00e5verkan. De robusta metallv\u00e4ggarna i redskapsboden skyddar din utrustning fr\u00e5n vatten, vind...\" \/>\n<meta property=\"og:url\" content=\"https:\/\/truusk.store\/sv\/produkt\/truusk-tradgardsskjul-i-korrugerad-stal-vaggdesign-justerbara-hyllplan-lasbar-dorr-gra\/\" \/>\n<meta property=\"og:site_name\" content=\"TRUUSK - Hem, Tr\u00e4dg\u00e5rd &amp; Fritid\" \/>\n<meta property=\"article:modified_time\" content=\"2026-03-12T08:18:42+00:00\" \/>\n<meta property=\"og:image\" content=\"https:\/\/i0.wp.com\/truusk.se\/wp-content\/uploads\/2025\/11\/tradgardsskjul-utomhusredskapsskjul-i-korrugerad-stal-vaggdesign-justerbara-hyllplan-lasbar-dorr-gra-1.webp?fit=2000%2C2000&ssl=1\" \/>\n\t<meta property=\"og:image:width\" content=\"2000\" \/>\n\t<meta property=\"og:image:height\" content=\"2000\" \/>\n\t<meta property=\"og:image:type\" content=\"image\/webp\" \/>\n<meta name=\"twitter:card\" content=\"summary_large_image\" \/>\n<meta name=\"twitter:label1\" content=\"Ber\u00e4knad l\u00e4stid\" \/>\n\t<meta name=\"twitter:data1\" content=\"1 minut\" \/>\n<!-- \/ Yoast SEO plugin. -->","yoast_head_json":{"title":"TRUUSK Tr\u00e4dg\u00e5rdsskjul i Korrugerad St\u00e5l - V\u00e4ggdesign - Justerbara Hyllplan - L\u00e5sbar D\u00f6rr - Gr\u00e5 - TRUUSK - Hem, Tr\u00e4dg\u00e5rd &amp; Fritid","robots":{"index":"index","follow":"follow","max-snippet":"max-snippet:-1","max-image-preview":"max-image-preview:large","max-video-preview":"max-video-preview:-1"},"canonical":"https:\/\/truusk.store\/sv\/produkt\/truusk-tradgardsskjul-i-korrugerad-stal-vaggdesign-justerbara-hyllplan-lasbar-dorr-gra\/","og_locale":"sv_SE","og_type":"article","og_title":"TRUUSK Tr\u00e4dg\u00e5rdsskjul i Korrugerad St\u00e5l - V\u00e4ggdesign - Justerbara Hyllplan - L\u00e5sbar D\u00f6rr - Gr\u00e5 - TRUUSK - Hem, Tr\u00e4dg\u00e5rd &amp; Fritid","og_description":"V\u00e5ra tr\u00e4dg\u00e5rdsskjul skyddar dina f\u00f6rem\u00e5l s\u00e4kert fr\u00e5n yttre p\u00e5verkan. De robusta metallv\u00e4ggarna i redskapsboden skyddar din utrustning fr\u00e5n vatten, vind...","og_url":"https:\/\/truusk.store\/sv\/produkt\/truusk-tradgardsskjul-i-korrugerad-stal-vaggdesign-justerbara-hyllplan-lasbar-dorr-gra\/","og_site_name":"TRUUSK - Hem, Tr\u00e4dg\u00e5rd &amp; Fritid","article_modified_time":"2026-03-12T08:18:42+00:00","og_image":[{"width":2000,"height":2000,"url":"https:\/\/i0.wp.com\/truusk.se\/wp-content\/uploads\/2025\/11\/tradgardsskjul-utomhusredskapsskjul-i-korrugerad-stal-vaggdesign-justerbara-hyllplan-lasbar-dorr-gra-1.webp?fit=2000%2C2000&ssl=1","type":"image\/webp"}],"twitter_card":"summary_large_image","twitter_misc":{"Ber\u00e4knad l\u00e4stid":"1 minut"},"schema":{"@context":"https:\/\/schema.org","@graph":[{"@type":"WebPage","@id":"https:\/\/truusk.store\/sv\/produkt\/truusk-tradgardsskjul-i-korrugerad-stal-vaggdesign-justerbara-hyllplan-lasbar-dorr-gra\/","url":"https:\/\/truusk.store\/sv\/produkt\/truusk-tradgardsskjul-i-korrugerad-stal-vaggdesign-justerbara-hyllplan-lasbar-dorr-gra\/","name":"TRUUSK Tr\u00e4dg\u00e5rdsskjul i Korrugerad St\u00e5l - V\u00e4ggdesign - Justerbara Hyllplan - L\u00e5sbar D\u00f6rr - Gr\u00e5 - TRUUSK - Hem, Tr\u00e4dg\u00e5rd &amp; Fritid","isPartOf":{"@id":"https:\/\/truusk.store\/sv\/#website"},"primaryImageOfPage":{"@id":"https:\/\/truusk.store\/sv\/produkt\/truusk-tradgardsskjul-i-korrugerad-stal-vaggdesign-justerbara-hyllplan-lasbar-dorr-gra\/#primaryimage"},"image":{"@id":"https:\/\/truusk.store\/sv\/produkt\/truusk-tradgardsskjul-i-korrugerad-stal-vaggdesign-justerbara-hyllplan-lasbar-dorr-gra\/#primaryimage"},"thumbnailUrl":"https:\/\/i0.wp.com\/truusk.store\/wp-content\/uploads\/2025\/11\/tradgardsskjul-utomhusredskapsskjul-i-korrugerad-stal-vaggdesign-justerbara-hyllplan-lasbar-dorr-gra-1.webp?fit=2000%2C2000&ssl=1","datePublished":"2025-11-24T07:07:51+00:00","dateModified":"2026-03-12T08:18:42+00:00","breadcrumb":{"@id":"https:\/\/truusk.store\/sv\/produkt\/truusk-tradgardsskjul-i-korrugerad-stal-vaggdesign-justerbara-hyllplan-lasbar-dorr-gra\/#breadcrumb"},"inLanguage":"sv-SE","potentialAction":[{"@type":"ReadAction","target":["https:\/\/truusk.store\/sv\/produkt\/truusk-tradgardsskjul-i-korrugerad-stal-vaggdesign-justerbara-hyllplan-lasbar-dorr-gra\/"]}]},{"@type":"ImageObject","inLanguage":"sv-SE","@id":"https:\/\/truusk.store\/sv\/produkt\/truusk-tradgardsskjul-i-korrugerad-stal-vaggdesign-justerbara-hyllplan-lasbar-dorr-gra\/#primaryimage","url":"https:\/\/i0.wp.com\/truusk.store\/wp-content\/uploads\/2025\/11\/tradgardsskjul-utomhusredskapsskjul-i-korrugerad-stal-vaggdesign-justerbara-hyllplan-lasbar-dorr-gra-1.webp?fit=2000%2C2000&ssl=1","contentUrl":"https:\/\/i0.wp.com\/truusk.store\/wp-content\/uploads\/2025\/11\/tradgardsskjul-utomhusredskapsskjul-i-korrugerad-stal-vaggdesign-justerbara-hyllplan-lasbar-dorr-gra-1.webp?fit=2000%2C2000&ssl=1","width":2000,"height":2000},{"@type":"BreadcrumbList","@id":"https:\/\/truusk.store\/sv\/produkt\/truusk-tradgardsskjul-i-korrugerad-stal-vaggdesign-justerbara-hyllplan-lasbar-dorr-gra\/#breadcrumb","itemListElement":[{"@type":"ListItem","position":1,"name":"Home","item":"https:\/\/truusk.store\/sv\/"},{"@type":"ListItem","position":2,"name":"Shop","item":"https:\/\/truusk.store\/shop\/"},{"@type":"ListItem","position":3,"name":"TRUUSK Tr\u00e4dg\u00e5rdsskjul i Korrugerad St\u00e5l &#8211; V\u00e4ggdesign &#8211; Justerbara Hyllplan &#8211; L\u00e5sbar D\u00f6rr &#8211; Gr\u00e5"}]},{"@type":"WebSite","@id":"https:\/\/truusk.store\/sv\/#website","url":"https:\/\/truusk.store\/sv\/","name":"TRUUSK - Hem, Tr\u00e4dg\u00e5rd & Fritid","description":"","publisher":{"@id":"https:\/\/truusk.store\/sv\/#organization"},"potentialAction":[{"@type":"SearchAction","target":{"@type":"EntryPoint","urlTemplate":"https:\/\/truusk.store\/sv\/?s={search_term_string}"},"query-input":{"@type":"PropertyValueSpecification","valueRequired":true,"valueName":"search_term_string"}}],"inLanguage":"sv-SE"},{"@type":"Organization","@id":"https:\/\/truusk.store\/sv\/#organization","name":"TRUUSK - Hem, Tr\u00e4dg\u00e5rd & Fritid","url":"https:\/\/truusk.store\/sv\/","logo":{"@type":"ImageObject","inLanguage":"sv-SE","@id":"https:\/\/truusk.store\/sv\/#\/schema\/logo\/image\/","url":"https:\/\/i0.wp.com\/truusk.store\/wp-content\/uploads\/2026\/03\/cropped-TRUUSK.png?fit=2032%2C917&ssl=1","contentUrl":"https:\/\/i0.wp.com\/truusk.store\/wp-content\/uploads\/2026\/03\/cropped-TRUUSK.png?fit=2032%2C917&ssl=1","width":2032,"height":917,"caption":"TRUUSK - Hem, Tr\u00e4dg\u00e5rd & Fritid"},"image":{"@id":"https:\/\/truusk.store\/sv\/#\/schema\/logo\/image\/"}}]}},"jetpack_sharing_enabled":true,"_links":{"self":[{"href":"https:\/\/truusk.store\/sv\/wp-json\/wp\/v2\/product\/95695","targetHints":{"allow":["GET"]}}],"collection":[{"href":"https:\/\/truusk.store\/sv\/wp-json\/wp\/v2\/product"}],"about":[{"href":"https:\/\/truusk.store\/sv\/wp-json\/wp\/v2\/types\/product"}],"wp:featuredmedia":[{"embeddable":true,"href":"https:\/\/truusk.store\/sv\/wp-json\/wp\/v2\/media\/95684"}],"wp:attachment":[{"href":"https:\/\/truusk.store\/sv\/wp-json\/wp\/v2\/media?parent=95695"}],"wp:term":[{"taxonomy":"product_brand","embeddable":true,"href":"https:\/\/truusk.store\/sv\/wp-json\/wp\/v2\/product_brand?post=95695"},{"taxonomy":"product_cat","embeddable":true,"href":"https:\/\/truusk.store\/sv\/wp-json\/wp\/v2\/product_cat?post=95695"},{"taxonomy":"product_tag","embeddable":true,"href":"https:\/\/truusk.store\/sv\/wp-json\/wp\/v2\/product_tag?post=95695"}],"curies":[{"name":"wp","href":"https:\/\/api.w.org\/{rel}","templated":true}]}}