{"id":95723,"date":"2025-11-24T08:15:12","date_gmt":"2025-11-24T07:15:12","guid":{"rendered":"https:\/\/truusk.store\/product\/honshus-for-1-3-hons-traram-staltrad-utbyggbart-design-trasittpinnar-orange\/"},"modified":"2026-03-12T09:38:13","modified_gmt":"2026-03-12T08:38:13","slug":"truusk-honshus-for-1-3-hons-traram-staltrad-utbyggbart-design-trasittpinnar-orange","status":"publish","type":"product","link":"https:\/\/truusk.store\/sv\/produkt\/truusk-honshus-for-1-3-hons-traram-staltrad-utbyggbart-design-trasittpinnar-orange\/","title":{"rendered":"TRUUSK H\u00f6nshus f\u00f6r 1-3 h\u00f6ns &#8211; Tr\u00e4ram &#8211; St\u00e5ltr\u00e5d &#8211; Utbyggbart design &#8211; Tr\u00e4sittpinnar &#8211; Orange"},"content":{"rendered":"<p>[BRAND NAME] frig\u00e5ngsh\u00f6nshus erbjuder h\u00f6ns optimalt skydd och s\u00e4kerhet utomhus. Designad f\u00f6r upp till tre djur, ger den tillr\u00e4ckligt med r\u00f6relsefrihet. En utvidgning med en ytterligare bur \u00e4r m\u00f6jlig f\u00f6r att skapa extra utrymme. Den robusta tr\u00e4konstruktionen av h\u00f6nshuset med st\u00e5ltr\u00e5dstaket s\u00e4kerst\u00e4ller god luftcirkulation. V\u00e4lj detta stabila hem och upplev dina h\u00f6ns v\u00e4lbefinnande.<\/p>\n<p>Beskrivning:<\/p>\n<ul>\n<li> Stor och rymlig l\u00f6pomr\u00e5de s\u00e5 att husdjur kan springa runt och koppla av<\/li>\n<li> Konstruktionen av h\u00f6nsg\u00e5rden av massivt grantr\u00e4 \u00e4r stark och tillf\u00f6rlitlig<\/li>\n<li> St\u00e5ltr\u00e5d av h\u00f6nsg\u00e5rden skyddar mot rovdjur och ger samtidigt ventilation<\/li>\n<li> Kan kombineras sidledes med en annan h\u00f6nshus f\u00f6r att skapa mer livsutrymme f\u00f6r husdjuren<\/li>\n<li> Tr\u00e4pinnar f\u00f6r vila<\/li>\n<li> L\u00e4mplig f\u00f6r 3 h\u00f6ns<\/li>\n<li> Montering kr\u00e4vs<\/li>\n<\/ul>\n<p> Tekniska data:<\/p>\n<ul>\n<li> F\u00e4rg: Orange<\/li>\n<li> Material: Grantr\u00e4, st\u00e5ltr\u00e5d<\/li>\n<li> Totala dimensioner: 140L x 84,5B x 80,5H cm.<\/li>\n<li> Yta: 1,095 m\u00b2.<\/li>\n<li> Sittst\u00e4nger: (L\u00e5ng) 81L x 3,4B x 2T cm, (Kort) 43L x 3,4B x 2T cm.<\/li>\n<li> D\u00f6rrar: (L\u00e5ng) 70,5H x 39B cm, (Kort) 70,5H x 33B cm<\/li>\n<\/ul>\n<p>Leveransinneh\u00e5ll:<\/p>\n<ul>\n<li> 1 x H\u00f6nshus<\/li>\n<li> 1 x Bruksanvisning<\/li>\n<\/ul>\n","protected":false},"excerpt":{"rendered":"<p>[BRAND NAME] frig\u00e5ngsh\u00f6nshus erbjuder h\u00f6ns optimalt skydd och s\u00e4kerhet utomhus. Designad f\u00f6r upp till tre djur, ger den tillr\u00e4ckligt med&#8230;<\/p>\n","protected":false},"featured_media":95714,"template":"","meta":[],"product_brand":[],"product_cat":[878,601,602],"product_tag":[],"class_list":{"0":"post-95723","1":"product","2":"type-product","3":"status-publish","4":"has-post-thumbnail","6":"product_cat-djurbehov","7":"product_cat-fageltillbehor","8":"product_cat-honshus","10":"first","11":"instock","12":"sale","13":"taxable","14":"shipping-taxable","15":"purchasable","16":"product-type-simple"},"yoast_head":"<!-- This site is optimized with the Yoast SEO plugin v25.4 - https:\/\/yoast.com\/wordpress\/plugins\/seo\/ -->\n<title>TRUUSK H\u00f6nshus f\u00f6r 1-3 h\u00f6ns - Tr\u00e4ram - St\u00e5ltr\u00e5d - Utbyggbart design - Tr\u00e4sittpinnar - Orange - TRUUSK - Hem, Tr\u00e4dg\u00e5rd &amp; Fritid<\/title>\n<meta name=\"robots\" content=\"index, follow, max-snippet:-1, max-image-preview:large, max-video-preview:-1\" \/>\n<link rel=\"canonical\" href=\"https:\/\/truusk.store\/sv\/produkt\/truusk-honshus-for-1-3-hons-traram-staltrad-utbyggbart-design-trasittpinnar-orange\/\" \/>\n<meta property=\"og:locale\" content=\"sv_SE\" \/>\n<meta property=\"og:type\" content=\"article\" \/>\n<meta property=\"og:title\" content=\"TRUUSK H\u00f6nshus f\u00f6r 1-3 h\u00f6ns - Tr\u00e4ram - St\u00e5ltr\u00e5d - Utbyggbart design - Tr\u00e4sittpinnar - Orange - TRUUSK - Hem, Tr\u00e4dg\u00e5rd &amp; Fritid\" \/>\n<meta property=\"og:description\" content=\"[BRAND NAME] frig\u00e5ngsh\u00f6nshus erbjuder h\u00f6ns optimalt skydd och s\u00e4kerhet utomhus. Designad f\u00f6r upp till tre djur, ger den tillr\u00e4ckligt med...\" \/>\n<meta property=\"og:url\" content=\"https:\/\/truusk.store\/sv\/produkt\/truusk-honshus-for-1-3-hons-traram-staltrad-utbyggbart-design-trasittpinnar-orange\/\" \/>\n<meta property=\"og:site_name\" content=\"TRUUSK - Hem, Tr\u00e4dg\u00e5rd &amp; Fritid\" \/>\n<meta property=\"article:modified_time\" content=\"2026-03-12T08:38:13+00:00\" \/>\n<meta property=\"og:image\" content=\"https:\/\/i0.wp.com\/truusk.se\/wp-content\/uploads\/2025\/11\/honshus-for-1-3-hons-traram-staltrad-utbyggbart-design-trasittpinnar-orange-1.webp?fit=2000%2C2000&ssl=1\" \/>\n\t<meta property=\"og:image:width\" content=\"2000\" \/>\n\t<meta property=\"og:image:height\" content=\"2000\" \/>\n\t<meta property=\"og:image:type\" content=\"image\/webp\" \/>\n<meta name=\"twitter:card\" content=\"summary_large_image\" \/>\n<meta name=\"twitter:label1\" content=\"Ber\u00e4knad l\u00e4stid\" \/>\n\t<meta name=\"twitter:data1\" content=\"1 minut\" \/>\n<!-- \/ Yoast SEO plugin. -->","yoast_head_json":{"title":"TRUUSK H\u00f6nshus f\u00f6r 1-3 h\u00f6ns - Tr\u00e4ram - St\u00e5ltr\u00e5d - Utbyggbart design - Tr\u00e4sittpinnar - Orange - TRUUSK - Hem, Tr\u00e4dg\u00e5rd &amp; Fritid","robots":{"index":"index","follow":"follow","max-snippet":"max-snippet:-1","max-image-preview":"max-image-preview:large","max-video-preview":"max-video-preview:-1"},"canonical":"https:\/\/truusk.store\/sv\/produkt\/truusk-honshus-for-1-3-hons-traram-staltrad-utbyggbart-design-trasittpinnar-orange\/","og_locale":"sv_SE","og_type":"article","og_title":"TRUUSK H\u00f6nshus f\u00f6r 1-3 h\u00f6ns - Tr\u00e4ram - St\u00e5ltr\u00e5d - Utbyggbart design - Tr\u00e4sittpinnar - Orange - TRUUSK - Hem, Tr\u00e4dg\u00e5rd &amp; Fritid","og_description":"[BRAND NAME] frig\u00e5ngsh\u00f6nshus erbjuder h\u00f6ns optimalt skydd och s\u00e4kerhet utomhus. Designad f\u00f6r upp till tre djur, ger den tillr\u00e4ckligt med...","og_url":"https:\/\/truusk.store\/sv\/produkt\/truusk-honshus-for-1-3-hons-traram-staltrad-utbyggbart-design-trasittpinnar-orange\/","og_site_name":"TRUUSK - Hem, Tr\u00e4dg\u00e5rd &amp; Fritid","article_modified_time":"2026-03-12T08:38:13+00:00","og_image":[{"width":2000,"height":2000,"url":"https:\/\/i0.wp.com\/truusk.se\/wp-content\/uploads\/2025\/11\/honshus-for-1-3-hons-traram-staltrad-utbyggbart-design-trasittpinnar-orange-1.webp?fit=2000%2C2000&ssl=1","type":"image\/webp"}],"twitter_card":"summary_large_image","twitter_misc":{"Ber\u00e4knad l\u00e4stid":"1 minut"},"schema":{"@context":"https:\/\/schema.org","@graph":[{"@type":"WebPage","@id":"https:\/\/truusk.store\/sv\/produkt\/truusk-honshus-for-1-3-hons-traram-staltrad-utbyggbart-design-trasittpinnar-orange\/","url":"https:\/\/truusk.store\/sv\/produkt\/truusk-honshus-for-1-3-hons-traram-staltrad-utbyggbart-design-trasittpinnar-orange\/","name":"TRUUSK H\u00f6nshus f\u00f6r 1-3 h\u00f6ns - Tr\u00e4ram - St\u00e5ltr\u00e5d - Utbyggbart design - Tr\u00e4sittpinnar - Orange - TRUUSK - Hem, Tr\u00e4dg\u00e5rd &amp; Fritid","isPartOf":{"@id":"https:\/\/truusk.store\/sv\/#website"},"primaryImageOfPage":{"@id":"https:\/\/truusk.store\/sv\/produkt\/truusk-honshus-for-1-3-hons-traram-staltrad-utbyggbart-design-trasittpinnar-orange\/#primaryimage"},"image":{"@id":"https:\/\/truusk.store\/sv\/produkt\/truusk-honshus-for-1-3-hons-traram-staltrad-utbyggbart-design-trasittpinnar-orange\/#primaryimage"},"thumbnailUrl":"https:\/\/i0.wp.com\/truusk.store\/wp-content\/uploads\/2025\/11\/honshus-for-1-3-hons-traram-staltrad-utbyggbart-design-trasittpinnar-orange-1.webp?fit=2000%2C2000&ssl=1","datePublished":"2025-11-24T07:15:12+00:00","dateModified":"2026-03-12T08:38:13+00:00","breadcrumb":{"@id":"https:\/\/truusk.store\/sv\/produkt\/truusk-honshus-for-1-3-hons-traram-staltrad-utbyggbart-design-trasittpinnar-orange\/#breadcrumb"},"inLanguage":"sv-SE","potentialAction":[{"@type":"ReadAction","target":["https:\/\/truusk.store\/sv\/produkt\/truusk-honshus-for-1-3-hons-traram-staltrad-utbyggbart-design-trasittpinnar-orange\/"]}]},{"@type":"ImageObject","inLanguage":"sv-SE","@id":"https:\/\/truusk.store\/sv\/produkt\/truusk-honshus-for-1-3-hons-traram-staltrad-utbyggbart-design-trasittpinnar-orange\/#primaryimage","url":"https:\/\/i0.wp.com\/truusk.store\/wp-content\/uploads\/2025\/11\/honshus-for-1-3-hons-traram-staltrad-utbyggbart-design-trasittpinnar-orange-1.webp?fit=2000%2C2000&ssl=1","contentUrl":"https:\/\/i0.wp.com\/truusk.store\/wp-content\/uploads\/2025\/11\/honshus-for-1-3-hons-traram-staltrad-utbyggbart-design-trasittpinnar-orange-1.webp?fit=2000%2C2000&ssl=1","width":2000,"height":2000},{"@type":"BreadcrumbList","@id":"https:\/\/truusk.store\/sv\/produkt\/truusk-honshus-for-1-3-hons-traram-staltrad-utbyggbart-design-trasittpinnar-orange\/#breadcrumb","itemListElement":[{"@type":"ListItem","position":1,"name":"Home","item":"https:\/\/truusk.store\/sv\/"},{"@type":"ListItem","position":2,"name":"Shop","item":"https:\/\/truusk.store\/shop\/"},{"@type":"ListItem","position":3,"name":"TRUUSK H\u00f6nshus f\u00f6r 1-3 h\u00f6ns &#8211; Tr\u00e4ram &#8211; St\u00e5ltr\u00e5d &#8211; Utbyggbart design &#8211; Tr\u00e4sittpinnar &#8211; Orange"}]},{"@type":"WebSite","@id":"https:\/\/truusk.store\/sv\/#website","url":"https:\/\/truusk.store\/sv\/","name":"TRUUSK - Hem, Tr\u00e4dg\u00e5rd & Fritid","description":"","publisher":{"@id":"https:\/\/truusk.store\/sv\/#organization"},"potentialAction":[{"@type":"SearchAction","target":{"@type":"EntryPoint","urlTemplate":"https:\/\/truusk.store\/sv\/?s={search_term_string}"},"query-input":{"@type":"PropertyValueSpecification","valueRequired":true,"valueName":"search_term_string"}}],"inLanguage":"sv-SE"},{"@type":"Organization","@id":"https:\/\/truusk.store\/sv\/#organization","name":"TRUUSK - Hem, Tr\u00e4dg\u00e5rd & Fritid","url":"https:\/\/truusk.store\/sv\/","logo":{"@type":"ImageObject","inLanguage":"sv-SE","@id":"https:\/\/truusk.store\/sv\/#\/schema\/logo\/image\/","url":"https:\/\/i0.wp.com\/truusk.store\/wp-content\/uploads\/2026\/03\/cropped-TRUUSK.png?fit=2032%2C917&ssl=1","contentUrl":"https:\/\/i0.wp.com\/truusk.store\/wp-content\/uploads\/2026\/03\/cropped-TRUUSK.png?fit=2032%2C917&ssl=1","width":2032,"height":917,"caption":"TRUUSK - Hem, Tr\u00e4dg\u00e5rd & Fritid"},"image":{"@id":"https:\/\/truusk.store\/sv\/#\/schema\/logo\/image\/"}}]}},"jetpack_sharing_enabled":true,"_links":{"self":[{"href":"https:\/\/truusk.store\/sv\/wp-json\/wp\/v2\/product\/95723","targetHints":{"allow":["GET"]}}],"collection":[{"href":"https:\/\/truusk.store\/sv\/wp-json\/wp\/v2\/product"}],"about":[{"href":"https:\/\/truusk.store\/sv\/wp-json\/wp\/v2\/types\/product"}],"wp:featuredmedia":[{"embeddable":true,"href":"https:\/\/truusk.store\/sv\/wp-json\/wp\/v2\/media\/95714"}],"wp:attachment":[{"href":"https:\/\/truusk.store\/sv\/wp-json\/wp\/v2\/media?parent=95723"}],"wp:term":[{"taxonomy":"product_brand","embeddable":true,"href":"https:\/\/truusk.store\/sv\/wp-json\/wp\/v2\/product_brand?post=95723"},{"taxonomy":"product_cat","embeddable":true,"href":"https:\/\/truusk.store\/sv\/wp-json\/wp\/v2\/product_cat?post=95723"},{"taxonomy":"product_tag","embeddable":true,"href":"https:\/\/truusk.store\/sv\/wp-json\/wp\/v2\/product_tag?post=95723"}],"curies":[{"name":"wp","href":"https:\/\/api.w.org\/{rel}","templated":true}]}}