{"id":95738,"date":"2025-11-24T08:17:35","date_gmt":"2025-11-24T07:17:35","guid":{"rendered":"https:\/\/truusk.store\/product\/2-i-1-hantelset-lang-kort-hantel-30-kg-halkfri-golvskyddande-svart-gron\/"},"modified":"2026-03-12T09:40:36","modified_gmt":"2026-03-12T08:40:36","slug":"truusk-2-i-1-kattvagn-och-hundvagn-hopfallbar-med-regnskydd-natventiler-kudde-for-hundar-och-katter-upp-till-10-kg-khaki","status":"publish","type":"product","link":"https:\/\/truusk.store\/sv\/produkt\/truusk-2-i-1-kattvagn-och-hundvagn-hopfallbar-med-regnskydd-natventiler-kudde-for-hundar-och-katter-upp-till-10-kg-khaki\/","title":{"rendered":"TRUUSK 2-i-1 Kattvagn och Hundvagn &#8211; Hopf\u00e4llbar med Regnskydd &#8211; N\u00e4tventiler &#8211; Kudde &#8211; F\u00f6r Hundar och Katter upp till 10 kg &#8211; Khaki"},"content":{"rendered":"<p>F\u00f6rvandla din hemtr\u00e4ning med det 30 kg tunga 2-i-1 hantelsetet fr\u00e5n [BRAND NAME]. V\u00e4xla fritt mellan hantlar och en skivst\u00e5ng f\u00f6r att variera din tr\u00e4ningsrutin och anpassa vikten efter din styrkeniv\u00e5. Tack vare de halkfria handtagen och de s\u00e4kra l\u00e5sen f\u00e5r du en s\u00e4ker tr\u00e4ningsupplevelse. Plast\u00f6verdraget ger ett fast grepp och skyddar ditt golv. Oavsett om det \u00e4r cardio eller muskelbyggande &#8211; nu \u00e4r det full kraft fram\u00e5t!<\/p>\n<p>Beskrivning:<\/p>\n<ul>\n<li> Enkelt omvandlingsbart fr\u00e5n hantlar till en skivst\u00e5ng f\u00f6r m\u00e5ngsidig tr\u00e4ning<\/li>\n<li> Justerbar vikt p\u00e5 hantelsetet f\u00f6r individuellt anpassad tr\u00e4ningsintensitet<\/li>\n<li> Halkfria handtag p\u00e5 hantelsetet garanterar s\u00e4ker hantering under tr\u00e4ningen<\/li>\n<li> Plastbel\u00e4ggning minskar ljud och skyddar golvet mot skador<\/li>\n<li> S\u00e4kra l\u00e5s fixerar viktplattorna p\u00e5litligt<\/li>\n<\/ul>\n<p> Tekniska data:<\/p>\n<ul>\n<li> F\u00e4rg: Svart+Gr\u00f6n<\/li>\n<li> Material: St\u00e5l, Plast, Sand<\/li>\n<li> Viktplattans storlek: (2,5kg) \u00d822 x 3,8T cm, (2kg) \u00d820 x 3,5T cm, (1,5kg) \u00d818 x 3,2T cm, (1,25kg) \u00d818 x 3T cm<\/li>\n<li> Hantelst\u00e5ng: \u00d82,5 x 45L cm<\/li>\n<li> Anslutningsst\u00e5ng: 20L cm<\/li>\n<li> Skivst\u00e5ngsstorlek: 105L x 20B x 20H cm<\/li>\n<\/ul>\n<p>Leveransinneh\u00e5ll:<\/p>\n<ul>\n<li> 4 x 2,5kg platta<\/li>\n<li> 4 x 2kg platta<\/li>\n<li> 4 x 1,5kg platta<\/li>\n<li> 4 x 1,25kg platta<\/li>\n<li> 2 x hantelst\u00e5ng<\/li>\n<li> 1 x anslutningsst\u00e5ng<\/li>\n<li> 4 x f\u00e4stskruv<\/li>\n<li> 1 x bruksanvisning<\/li>\n<\/ul>\n","protected":false},"excerpt":{"rendered":"<p>F\u00f6rvandla din hemtr\u00e4ning med det 30 kg tunga 2-i-1 hantelsetet fr\u00e5n [BRAND NAME]. V\u00e4xla fritt mellan hantlar och en skivst\u00e5ng&#8230;<\/p>\n","protected":false},"featured_media":95724,"template":"","meta":[],"product_brand":[],"product_cat":[873,668,647],"product_tag":[],"class_list":{"0":"post-95738","1":"product","2":"type-product","3":"status-publish","4":"has-post-thumbnail","6":"product_cat-fitness-styrketraning","7":"product_cat-hantlar","8":"product_cat-sport-fritid","10":"first","11":"instock","12":"sale","13":"taxable","14":"shipping-taxable","15":"purchasable","16":"product-type-simple"},"yoast_head":"<!-- This site is optimized with the Yoast SEO plugin v25.4 - https:\/\/yoast.com\/wordpress\/plugins\/seo\/ -->\n<title>TRUUSK 2-i-1 Kattvagn och Hundvagn - Hopf\u00e4llbar med Regnskydd - N\u00e4tventiler - Kudde - F\u00f6r Hundar och Katter upp till 10 kg - Khaki - TRUUSK - Hem, Tr\u00e4dg\u00e5rd &amp; Fritid<\/title>\n<meta name=\"robots\" content=\"index, follow, max-snippet:-1, max-image-preview:large, max-video-preview:-1\" \/>\n<link rel=\"canonical\" href=\"https:\/\/truusk.store\/sv\/produkt\/truusk-2-i-1-kattvagn-och-hundvagn-hopfallbar-med-regnskydd-natventiler-kudde-for-hundar-och-katter-upp-till-10-kg-khaki\/\" \/>\n<meta property=\"og:locale\" content=\"sv_SE\" \/>\n<meta property=\"og:type\" content=\"article\" \/>\n<meta property=\"og:title\" content=\"TRUUSK 2-i-1 Kattvagn och Hundvagn - Hopf\u00e4llbar med Regnskydd - N\u00e4tventiler - Kudde - F\u00f6r Hundar och Katter upp till 10 kg - Khaki - TRUUSK - Hem, Tr\u00e4dg\u00e5rd &amp; Fritid\" \/>\n<meta property=\"og:description\" content=\"F\u00f6rvandla din hemtr\u00e4ning med det 30 kg tunga 2-i-1 hantelsetet fr\u00e5n [BRAND NAME]. V\u00e4xla fritt mellan hantlar och en skivst\u00e5ng...\" \/>\n<meta property=\"og:url\" content=\"https:\/\/truusk.store\/sv\/produkt\/truusk-2-i-1-kattvagn-och-hundvagn-hopfallbar-med-regnskydd-natventiler-kudde-for-hundar-och-katter-upp-till-10-kg-khaki\/\" \/>\n<meta property=\"og:site_name\" content=\"TRUUSK - Hem, Tr\u00e4dg\u00e5rd &amp; Fritid\" \/>\n<meta property=\"article:modified_time\" content=\"2026-03-12T08:40:36+00:00\" \/>\n<meta property=\"og:image\" content=\"https:\/\/i0.wp.com\/truusk.se\/wp-content\/uploads\/2025\/11\/2-i-1-hantelset-lang-kort-hantel-30-kg-halkfri-golvskyddande-svart-gron-1.webp?fit=2000%2C2000&ssl=1\" \/>\n\t<meta property=\"og:image:width\" content=\"2000\" \/>\n\t<meta property=\"og:image:height\" content=\"2000\" \/>\n\t<meta property=\"og:image:type\" content=\"image\/webp\" \/>\n<meta name=\"twitter:card\" content=\"summary_large_image\" \/>\n<meta name=\"twitter:label1\" content=\"Ber\u00e4knad l\u00e4stid\" \/>\n\t<meta name=\"twitter:data1\" content=\"1 minut\" \/>\n<!-- \/ Yoast SEO plugin. -->","yoast_head_json":{"title":"TRUUSK 2-i-1 Kattvagn och Hundvagn - Hopf\u00e4llbar med Regnskydd - N\u00e4tventiler - Kudde - F\u00f6r Hundar och Katter upp till 10 kg - Khaki - TRUUSK - Hem, Tr\u00e4dg\u00e5rd &amp; Fritid","robots":{"index":"index","follow":"follow","max-snippet":"max-snippet:-1","max-image-preview":"max-image-preview:large","max-video-preview":"max-video-preview:-1"},"canonical":"https:\/\/truusk.store\/sv\/produkt\/truusk-2-i-1-kattvagn-och-hundvagn-hopfallbar-med-regnskydd-natventiler-kudde-for-hundar-och-katter-upp-till-10-kg-khaki\/","og_locale":"sv_SE","og_type":"article","og_title":"TRUUSK 2-i-1 Kattvagn och Hundvagn - Hopf\u00e4llbar med Regnskydd - N\u00e4tventiler - Kudde - F\u00f6r Hundar och Katter upp till 10 kg - Khaki - TRUUSK - Hem, Tr\u00e4dg\u00e5rd &amp; Fritid","og_description":"F\u00f6rvandla din hemtr\u00e4ning med det 30 kg tunga 2-i-1 hantelsetet fr\u00e5n [BRAND NAME]. V\u00e4xla fritt mellan hantlar och en skivst\u00e5ng...","og_url":"https:\/\/truusk.store\/sv\/produkt\/truusk-2-i-1-kattvagn-och-hundvagn-hopfallbar-med-regnskydd-natventiler-kudde-for-hundar-och-katter-upp-till-10-kg-khaki\/","og_site_name":"TRUUSK - Hem, Tr\u00e4dg\u00e5rd &amp; Fritid","article_modified_time":"2026-03-12T08:40:36+00:00","og_image":[{"width":2000,"height":2000,"url":"https:\/\/i0.wp.com\/truusk.se\/wp-content\/uploads\/2025\/11\/2-i-1-hantelset-lang-kort-hantel-30-kg-halkfri-golvskyddande-svart-gron-1.webp?fit=2000%2C2000&ssl=1","type":"image\/webp"}],"twitter_card":"summary_large_image","twitter_misc":{"Ber\u00e4knad l\u00e4stid":"1 minut"},"schema":{"@context":"https:\/\/schema.org","@graph":[{"@type":"WebPage","@id":"https:\/\/truusk.store\/sv\/produkt\/truusk-2-i-1-kattvagn-och-hundvagn-hopfallbar-med-regnskydd-natventiler-kudde-for-hundar-och-katter-upp-till-10-kg-khaki\/","url":"https:\/\/truusk.store\/sv\/produkt\/truusk-2-i-1-kattvagn-och-hundvagn-hopfallbar-med-regnskydd-natventiler-kudde-for-hundar-och-katter-upp-till-10-kg-khaki\/","name":"TRUUSK 2-i-1 Kattvagn och Hundvagn - Hopf\u00e4llbar med Regnskydd - N\u00e4tventiler - Kudde - F\u00f6r Hundar och Katter upp till 10 kg - Khaki - TRUUSK - Hem, Tr\u00e4dg\u00e5rd &amp; Fritid","isPartOf":{"@id":"https:\/\/truusk.store\/sv\/#website"},"primaryImageOfPage":{"@id":"https:\/\/truusk.store\/sv\/produkt\/truusk-2-i-1-kattvagn-och-hundvagn-hopfallbar-med-regnskydd-natventiler-kudde-for-hundar-och-katter-upp-till-10-kg-khaki\/#primaryimage"},"image":{"@id":"https:\/\/truusk.store\/sv\/produkt\/truusk-2-i-1-kattvagn-och-hundvagn-hopfallbar-med-regnskydd-natventiler-kudde-for-hundar-och-katter-upp-till-10-kg-khaki\/#primaryimage"},"thumbnailUrl":"https:\/\/i0.wp.com\/truusk.store\/wp-content\/uploads\/2025\/11\/2-i-1-hantelset-lang-kort-hantel-30-kg-halkfri-golvskyddande-svart-gron-1.webp?fit=2000%2C2000&ssl=1","datePublished":"2025-11-24T07:17:35+00:00","dateModified":"2026-03-12T08:40:36+00:00","breadcrumb":{"@id":"https:\/\/truusk.store\/sv\/produkt\/truusk-2-i-1-kattvagn-och-hundvagn-hopfallbar-med-regnskydd-natventiler-kudde-for-hundar-och-katter-upp-till-10-kg-khaki\/#breadcrumb"},"inLanguage":"sv-SE","potentialAction":[{"@type":"ReadAction","target":["https:\/\/truusk.store\/sv\/produkt\/truusk-2-i-1-kattvagn-och-hundvagn-hopfallbar-med-regnskydd-natventiler-kudde-for-hundar-och-katter-upp-till-10-kg-khaki\/"]}]},{"@type":"ImageObject","inLanguage":"sv-SE","@id":"https:\/\/truusk.store\/sv\/produkt\/truusk-2-i-1-kattvagn-och-hundvagn-hopfallbar-med-regnskydd-natventiler-kudde-for-hundar-och-katter-upp-till-10-kg-khaki\/#primaryimage","url":"https:\/\/i0.wp.com\/truusk.store\/wp-content\/uploads\/2025\/11\/2-i-1-hantelset-lang-kort-hantel-30-kg-halkfri-golvskyddande-svart-gron-1.webp?fit=2000%2C2000&ssl=1","contentUrl":"https:\/\/i0.wp.com\/truusk.store\/wp-content\/uploads\/2025\/11\/2-i-1-hantelset-lang-kort-hantel-30-kg-halkfri-golvskyddande-svart-gron-1.webp?fit=2000%2C2000&ssl=1","width":2000,"height":2000},{"@type":"BreadcrumbList","@id":"https:\/\/truusk.store\/sv\/produkt\/truusk-2-i-1-kattvagn-och-hundvagn-hopfallbar-med-regnskydd-natventiler-kudde-for-hundar-och-katter-upp-till-10-kg-khaki\/#breadcrumb","itemListElement":[{"@type":"ListItem","position":1,"name":"Home","item":"https:\/\/truusk.store\/sv\/"},{"@type":"ListItem","position":2,"name":"Shop","item":"https:\/\/truusk.store\/shop\/"},{"@type":"ListItem","position":3,"name":"TRUUSK 2-i-1 Kattvagn och Hundvagn &#8211; Hopf\u00e4llbar med Regnskydd &#8211; N\u00e4tventiler &#8211; Kudde &#8211; F\u00f6r Hundar och Katter upp till 10 kg &#8211; Khaki"}]},{"@type":"WebSite","@id":"https:\/\/truusk.store\/sv\/#website","url":"https:\/\/truusk.store\/sv\/","name":"TRUUSK - Hem, Tr\u00e4dg\u00e5rd & Fritid","description":"","publisher":{"@id":"https:\/\/truusk.store\/sv\/#organization"},"potentialAction":[{"@type":"SearchAction","target":{"@type":"EntryPoint","urlTemplate":"https:\/\/truusk.store\/sv\/?s={search_term_string}"},"query-input":{"@type":"PropertyValueSpecification","valueRequired":true,"valueName":"search_term_string"}}],"inLanguage":"sv-SE"},{"@type":"Organization","@id":"https:\/\/truusk.store\/sv\/#organization","name":"TRUUSK - Hem, Tr\u00e4dg\u00e5rd & Fritid","url":"https:\/\/truusk.store\/sv\/","logo":{"@type":"ImageObject","inLanguage":"sv-SE","@id":"https:\/\/truusk.store\/sv\/#\/schema\/logo\/image\/","url":"https:\/\/i0.wp.com\/truusk.store\/wp-content\/uploads\/2026\/03\/cropped-TRUUSK.png?fit=2032%2C917&ssl=1","contentUrl":"https:\/\/i0.wp.com\/truusk.store\/wp-content\/uploads\/2026\/03\/cropped-TRUUSK.png?fit=2032%2C917&ssl=1","width":2032,"height":917,"caption":"TRUUSK - Hem, Tr\u00e4dg\u00e5rd & Fritid"},"image":{"@id":"https:\/\/truusk.store\/sv\/#\/schema\/logo\/image\/"}}]}},"jetpack_sharing_enabled":true,"_links":{"self":[{"href":"https:\/\/truusk.store\/sv\/wp-json\/wp\/v2\/product\/95738","targetHints":{"allow":["GET"]}}],"collection":[{"href":"https:\/\/truusk.store\/sv\/wp-json\/wp\/v2\/product"}],"about":[{"href":"https:\/\/truusk.store\/sv\/wp-json\/wp\/v2\/types\/product"}],"wp:featuredmedia":[{"embeddable":true,"href":"https:\/\/truusk.store\/sv\/wp-json\/wp\/v2\/media\/95724"}],"wp:attachment":[{"href":"https:\/\/truusk.store\/sv\/wp-json\/wp\/v2\/media?parent=95738"}],"wp:term":[{"taxonomy":"product_brand","embeddable":true,"href":"https:\/\/truusk.store\/sv\/wp-json\/wp\/v2\/product_brand?post=95738"},{"taxonomy":"product_cat","embeddable":true,"href":"https:\/\/truusk.store\/sv\/wp-json\/wp\/v2\/product_cat?post=95738"},{"taxonomy":"product_tag","embeddable":true,"href":"https:\/\/truusk.store\/sv\/wp-json\/wp\/v2\/product_tag?post=95738"}],"curies":[{"name":"wp","href":"https:\/\/api.w.org\/{rel}","templated":true}]}}