{"id":95763,"date":"2025-11-24T08:19:47","date_gmt":"2025-11-24T07:19:47","guid":{"rendered":"https:\/\/truusk.store\/product\/barnskoter-led-hjul-mjuk-aktur-justerbar-hojd-plast-stal-lila\/"},"modified":"2026-03-12T09:41:13","modified_gmt":"2026-03-12T08:41:13","slug":"truusk-barnskoter-med-led-hjul-mjuk-aktur-justerbar-hojd-lila","status":"publish","type":"product","link":"https:\/\/truusk.store\/sv\/produkt\/truusk-barnskoter-med-led-hjul-mjuk-aktur-justerbar-hojd-lila\/","title":{"rendered":"TRUUSK Barnskoter &#8211; Med LED-hjul &#8211; Mjuk \u00e5ktur &#8211; Justerbar H\u00f6jd &#8211; Lila"},"content":{"rendered":"<p>Utforska parken med [BRAND NAME] barnscooter! Utrustad med bl\u00e4ndande tref\u00e4rgade LED-belysta konstl\u00e4derhjul, garanterar denna barnscooter en smidig och s\u00e4ker \u00e5ktur f\u00f6r barn mellan 2-6 \u00e5r. Den justerbara TPE-styret anpassar sig till ditt barns tillv\u00e4xt och erbjuder ett bekv\u00e4mt grepp fr\u00e5n sm\u00e5barn till unga uppt\u00e4ckare. Tack vare snabbkopplingssystemet \u00e4r sparkcykeln l\u00e4tt att transportera och f\u00f6rvara. L\u00e5t oss b\u00f6rja!<\/p>\n<p>Beskrivning:<\/p>\n<ul>\n<li> LED-belysta konstl\u00e4derhjul glittrar vid kv\u00e4llsf\u00e4rder<\/li>\n<li> Sparkcykelns mjuka glidningseffekt ger gl\u00e4djefyllda \u00e5kturer, l\u00e4mplig f\u00f6r cementbel\u00e4ggning<\/li>\n<li> H\u00f6jden p\u00e5 barnscootern kan enkelt justeras f\u00f6r v\u00e4xande barn<\/li>\n<li> TPE-styret p\u00e5 barnscootern ger ett fast, bekv\u00e4mt grepp<\/li>\n<li> Snabbkopplingsdesign underl\u00e4ttar f\u00f6rvaring och transport<\/li>\n<li> Tillverkad av plast, ABS och st\u00e5l<\/li>\n<li> S\u00e4ker bromsdesign p\u00e5 bakhjulet hj\u00e4lper till att kontrollera hastigheten<\/li>\n<li> Montering kr\u00e4vs<\/li>\n<\/ul>\n<p> Tekniska data:<\/p>\n<ul>\n<li> F\u00e4rg: Lila<\/li>\n<li> Material: Plast, ABS, st\u00e5l, konstl\u00e4der, aluminium<\/li>\n<li> Totala dimensioner: 52L x 29B x 63\/76H cm<\/li>\n<li> H\u00f6jdjusterbar: 63\/68\/76H cm (styret)<\/li>\n<li> Hjuldiameter: \u00d812 cm<\/li>\n<li> Snabbkopplingsstorlek: 54L x 25B x 20H cm<\/li>\n<li> Pedalstorlek: 28L x 12H cm<\/li>\n<li> Maximal belastning: 25 kg<\/li>\n<li> L\u00e4mplig kroppsl\u00e4ngd: 80-120 cm<\/li>\n<li> Rekommenderad \u00e5lder: 2-6 \u00e5r gammal<\/li>\n<li> Standard\u00e5lder: 2-8 \u00e5r gammal<\/li>\n<\/ul>\n<p>Leveransinneh\u00e5ll:<\/p>\n<ul>\n<li> 1 x Barnscooter<\/li>\n<li> 1 x Bruksanvisning<\/li>\n<\/ul>\n","protected":false},"excerpt":{"rendered":"<p>Utforska parken med [BRAND NAME] barnscooter! Utrustad med bl\u00e4ndande tref\u00e4rgade LED-belysta konstl\u00e4derhjul, garanterar denna barnscooter en smidig och s\u00e4ker \u00e5ktur&#8230;<\/p>\n","protected":false},"featured_media":95751,"template":"","meta":[],"product_brand":[],"product_cat":[880,610,1010],"product_tag":[],"class_list":{"0":"post-95763","1":"product","2":"type-product","3":"status-publish","4":"has-post-thumbnail","6":"product_cat-baby-barn-2","7":"product_cat-barnfordon","8":"product_cat-sparkcyklar","10":"first","11":"instock","12":"sale","13":"taxable","14":"shipping-taxable","15":"purchasable","16":"product-type-simple"},"yoast_head":"<!-- This site is optimized with the Yoast SEO plugin v25.4 - https:\/\/yoast.com\/wordpress\/plugins\/seo\/ -->\n<title>TRUUSK Barnskoter - Med LED-hjul - Mjuk \u00e5ktur - Justerbar H\u00f6jd - Lila - TRUUSK - Hem, Tr\u00e4dg\u00e5rd &amp; Fritid<\/title>\n<meta name=\"robots\" content=\"index, follow, max-snippet:-1, max-image-preview:large, max-video-preview:-1\" \/>\n<link rel=\"canonical\" href=\"https:\/\/truusk.store\/sv\/produkt\/truusk-barnskoter-med-led-hjul-mjuk-aktur-justerbar-hojd-lila\/\" \/>\n<meta property=\"og:locale\" content=\"sv_SE\" \/>\n<meta property=\"og:type\" content=\"article\" \/>\n<meta property=\"og:title\" content=\"TRUUSK Barnskoter - Med LED-hjul - Mjuk \u00e5ktur - Justerbar H\u00f6jd - Lila - TRUUSK - Hem, Tr\u00e4dg\u00e5rd &amp; Fritid\" \/>\n<meta property=\"og:description\" content=\"Utforska parken med [BRAND NAME] barnscooter! Utrustad med bl\u00e4ndande tref\u00e4rgade LED-belysta konstl\u00e4derhjul, garanterar denna barnscooter en smidig och s\u00e4ker \u00e5ktur...\" \/>\n<meta property=\"og:url\" content=\"https:\/\/truusk.store\/sv\/produkt\/truusk-barnskoter-med-led-hjul-mjuk-aktur-justerbar-hojd-lila\/\" \/>\n<meta property=\"og:site_name\" content=\"TRUUSK - Hem, Tr\u00e4dg\u00e5rd &amp; Fritid\" \/>\n<meta property=\"article:modified_time\" content=\"2026-03-12T08:41:13+00:00\" \/>\n<meta property=\"og:image\" content=\"https:\/\/i0.wp.com\/truusk.se\/wp-content\/uploads\/2025\/11\/barnskoter-led-hjul-mjuk-aktur-justerbar-hojd-plast-stal-lila-1.webp?fit=2000%2C2000&ssl=1\" \/>\n\t<meta property=\"og:image:width\" content=\"2000\" \/>\n\t<meta property=\"og:image:height\" content=\"2000\" \/>\n\t<meta property=\"og:image:type\" content=\"image\/webp\" \/>\n<meta name=\"twitter:card\" content=\"summary_large_image\" \/>\n<meta name=\"twitter:label1\" content=\"Ber\u00e4knad l\u00e4stid\" \/>\n\t<meta name=\"twitter:data1\" content=\"1 minut\" \/>\n<!-- \/ Yoast SEO plugin. -->","yoast_head_json":{"title":"TRUUSK Barnskoter - Med LED-hjul - Mjuk \u00e5ktur - Justerbar H\u00f6jd - Lila - TRUUSK - Hem, Tr\u00e4dg\u00e5rd &amp; Fritid","robots":{"index":"index","follow":"follow","max-snippet":"max-snippet:-1","max-image-preview":"max-image-preview:large","max-video-preview":"max-video-preview:-1"},"canonical":"https:\/\/truusk.store\/sv\/produkt\/truusk-barnskoter-med-led-hjul-mjuk-aktur-justerbar-hojd-lila\/","og_locale":"sv_SE","og_type":"article","og_title":"TRUUSK Barnskoter - Med LED-hjul - Mjuk \u00e5ktur - Justerbar H\u00f6jd - Lila - TRUUSK - Hem, Tr\u00e4dg\u00e5rd &amp; Fritid","og_description":"Utforska parken med [BRAND NAME] barnscooter! Utrustad med bl\u00e4ndande tref\u00e4rgade LED-belysta konstl\u00e4derhjul, garanterar denna barnscooter en smidig och s\u00e4ker \u00e5ktur...","og_url":"https:\/\/truusk.store\/sv\/produkt\/truusk-barnskoter-med-led-hjul-mjuk-aktur-justerbar-hojd-lila\/","og_site_name":"TRUUSK - Hem, Tr\u00e4dg\u00e5rd &amp; Fritid","article_modified_time":"2026-03-12T08:41:13+00:00","og_image":[{"width":2000,"height":2000,"url":"https:\/\/i0.wp.com\/truusk.se\/wp-content\/uploads\/2025\/11\/barnskoter-led-hjul-mjuk-aktur-justerbar-hojd-plast-stal-lila-1.webp?fit=2000%2C2000&ssl=1","type":"image\/webp"}],"twitter_card":"summary_large_image","twitter_misc":{"Ber\u00e4knad l\u00e4stid":"1 minut"},"schema":{"@context":"https:\/\/schema.org","@graph":[{"@type":"WebPage","@id":"https:\/\/truusk.store\/sv\/produkt\/truusk-barnskoter-med-led-hjul-mjuk-aktur-justerbar-hojd-lila\/","url":"https:\/\/truusk.store\/sv\/produkt\/truusk-barnskoter-med-led-hjul-mjuk-aktur-justerbar-hojd-lila\/","name":"TRUUSK Barnskoter - Med LED-hjul - Mjuk \u00e5ktur - Justerbar H\u00f6jd - Lila - TRUUSK - Hem, Tr\u00e4dg\u00e5rd &amp; Fritid","isPartOf":{"@id":"https:\/\/truusk.store\/sv\/#website"},"primaryImageOfPage":{"@id":"https:\/\/truusk.store\/sv\/produkt\/truusk-barnskoter-med-led-hjul-mjuk-aktur-justerbar-hojd-lila\/#primaryimage"},"image":{"@id":"https:\/\/truusk.store\/sv\/produkt\/truusk-barnskoter-med-led-hjul-mjuk-aktur-justerbar-hojd-lila\/#primaryimage"},"thumbnailUrl":"https:\/\/i0.wp.com\/truusk.store\/wp-content\/uploads\/2025\/11\/barnskoter-led-hjul-mjuk-aktur-justerbar-hojd-plast-stal-lila-1.webp?fit=2000%2C2000&ssl=1","datePublished":"2025-11-24T07:19:47+00:00","dateModified":"2026-03-12T08:41:13+00:00","breadcrumb":{"@id":"https:\/\/truusk.store\/sv\/produkt\/truusk-barnskoter-med-led-hjul-mjuk-aktur-justerbar-hojd-lila\/#breadcrumb"},"inLanguage":"sv-SE","potentialAction":[{"@type":"ReadAction","target":["https:\/\/truusk.store\/sv\/produkt\/truusk-barnskoter-med-led-hjul-mjuk-aktur-justerbar-hojd-lila\/"]}]},{"@type":"ImageObject","inLanguage":"sv-SE","@id":"https:\/\/truusk.store\/sv\/produkt\/truusk-barnskoter-med-led-hjul-mjuk-aktur-justerbar-hojd-lila\/#primaryimage","url":"https:\/\/i0.wp.com\/truusk.store\/wp-content\/uploads\/2025\/11\/barnskoter-led-hjul-mjuk-aktur-justerbar-hojd-plast-stal-lila-1.webp?fit=2000%2C2000&ssl=1","contentUrl":"https:\/\/i0.wp.com\/truusk.store\/wp-content\/uploads\/2025\/11\/barnskoter-led-hjul-mjuk-aktur-justerbar-hojd-plast-stal-lila-1.webp?fit=2000%2C2000&ssl=1","width":2000,"height":2000},{"@type":"BreadcrumbList","@id":"https:\/\/truusk.store\/sv\/produkt\/truusk-barnskoter-med-led-hjul-mjuk-aktur-justerbar-hojd-lila\/#breadcrumb","itemListElement":[{"@type":"ListItem","position":1,"name":"Home","item":"https:\/\/truusk.store\/sv\/"},{"@type":"ListItem","position":2,"name":"Shop","item":"https:\/\/truusk.store\/shop\/"},{"@type":"ListItem","position":3,"name":"TRUUSK Barnskoter &#8211; Med LED-hjul &#8211; Mjuk \u00e5ktur &#8211; Justerbar H\u00f6jd &#8211; Lila"}]},{"@type":"WebSite","@id":"https:\/\/truusk.store\/sv\/#website","url":"https:\/\/truusk.store\/sv\/","name":"TRUUSK - Hem, Tr\u00e4dg\u00e5rd & Fritid","description":"","publisher":{"@id":"https:\/\/truusk.store\/sv\/#organization"},"potentialAction":[{"@type":"SearchAction","target":{"@type":"EntryPoint","urlTemplate":"https:\/\/truusk.store\/sv\/?s={search_term_string}"},"query-input":{"@type":"PropertyValueSpecification","valueRequired":true,"valueName":"search_term_string"}}],"inLanguage":"sv-SE"},{"@type":"Organization","@id":"https:\/\/truusk.store\/sv\/#organization","name":"TRUUSK - Hem, Tr\u00e4dg\u00e5rd & Fritid","url":"https:\/\/truusk.store\/sv\/","logo":{"@type":"ImageObject","inLanguage":"sv-SE","@id":"https:\/\/truusk.store\/sv\/#\/schema\/logo\/image\/","url":"https:\/\/i0.wp.com\/truusk.store\/wp-content\/uploads\/2026\/03\/cropped-TRUUSK.png?fit=2032%2C917&ssl=1","contentUrl":"https:\/\/i0.wp.com\/truusk.store\/wp-content\/uploads\/2026\/03\/cropped-TRUUSK.png?fit=2032%2C917&ssl=1","width":2032,"height":917,"caption":"TRUUSK - Hem, Tr\u00e4dg\u00e5rd & Fritid"},"image":{"@id":"https:\/\/truusk.store\/sv\/#\/schema\/logo\/image\/"}}]}},"jetpack_sharing_enabled":true,"_links":{"self":[{"href":"https:\/\/truusk.store\/sv\/wp-json\/wp\/v2\/product\/95763","targetHints":{"allow":["GET"]}}],"collection":[{"href":"https:\/\/truusk.store\/sv\/wp-json\/wp\/v2\/product"}],"about":[{"href":"https:\/\/truusk.store\/sv\/wp-json\/wp\/v2\/types\/product"}],"wp:featuredmedia":[{"embeddable":true,"href":"https:\/\/truusk.store\/sv\/wp-json\/wp\/v2\/media\/95751"}],"wp:attachment":[{"href":"https:\/\/truusk.store\/sv\/wp-json\/wp\/v2\/media?parent=95763"}],"wp:term":[{"taxonomy":"product_brand","embeddable":true,"href":"https:\/\/truusk.store\/sv\/wp-json\/wp\/v2\/product_brand?post=95763"},{"taxonomy":"product_cat","embeddable":true,"href":"https:\/\/truusk.store\/sv\/wp-json\/wp\/v2\/product_cat?post=95763"},{"taxonomy":"product_tag","embeddable":true,"href":"https:\/\/truusk.store\/sv\/wp-json\/wp\/v2\/product_tag?post=95763"}],"curies":[{"name":"wp","href":"https:\/\/api.w.org\/{rel}","templated":true}]}}