{"id":95783,"date":"2025-11-24T08:22:08","date_gmt":"2025-11-24T07:22:08","guid":{"rendered":"https:\/\/truusk.store\/product\/domkraft-8-38-cm-hojd-25-ton-barkapacitet-stal-rullbar-rod\/"},"modified":"2026-03-12T09:41:17","modified_gmt":"2026-03-12T08:41:17","slug":"truusk-domkraft-8-38-cm-hojd-25-ton-barkapacitet-stal-rullbar-rod","status":"publish","type":"product","link":"https:\/\/truusk.store\/sv\/produkt\/truusk-domkraft-8-38-cm-hojd-25-ton-barkapacitet-stal-rullbar-rod\/","title":{"rendered":"TRUUSK Domkraft &#8211; 8-38 cm h\u00f6jd &#8211; 2,5 ton b\u00e4rkapacitet &#8211; St\u00e5l &#8211; Rullbar &#8211; R\u00f6d"},"content":{"rendered":"<p>Den [BRAND NAME] djupprofil hydrauliska domkraften f\u00f6renklar bilv\u00e5rden avsev\u00e4rt. Speciellt designad f\u00f6r t\u00e4vlingsbilar, standardfordon och SUV:er, erbjuder denna bil domkraft en lyfth\u00f6jd p\u00e5 8-38 cm och en b\u00e4rkapacitet p\u00e5 2,5 ton. En inbyggd \u00f6verbelastningsskyddventil garanterar s\u00e4kerhet, medan stabil st\u00e5l och en rostskyddsbel\u00e4ggning ger l\u00e5ngvarig tillf\u00f6rlitlighet. Tack vare fasta och r\u00f6rliga hjul \u00e4r domkraften l\u00e4tt att man\u00f6vrera och anv\u00e4nda.<\/p>\n<p>Beskrivning:<\/p>\n<ul>\n<li> Lyfth\u00f6jd p\u00e5 8-38 cm passar f\u00f6r l\u00e5gprofilfordon och SUV:er<\/li>\n<li> 2,5-ton b\u00e4rkapacitet, l\u00e4mplig f\u00f6r de flesta bilar och SUV:er<\/li>\n<li> Inbyggt s\u00e4kerhetsventil f\u00f6rhindrar \u00f6verbelastning f\u00f6r s\u00e4krare drift<\/li>\n<li> Robust st\u00e5lkonstruktion f\u00f6r stabilitet<\/li>\n<li> Pulverbel\u00e4ggning f\u00f6r fukt- och rostbest\u00e4ndighet<\/li>\n<li> Utrustad med tv\u00e5 fasta och tv\u00e5 styrhjul f\u00f6r enkel r\u00f6rlighet<\/li>\n<li> Kompakt design, passar l\u00e4tt i bilens bagageutrymme<\/li>\n<li> Ingen montering kr\u00e4vs<\/li>\n<\/ul>\n<p> Tekniska specifikationer:<\/p>\n<ul>\n<li> F\u00e4rg: R\u00f6d+Gr\u00e5<\/li>\n<li> Material: St\u00e5l<\/li>\n<li> Totala dimensioner: 56L x 20B x 8-38H cm<\/li>\n<li> Sadel diameter: 7 cm<\/li>\n<li> Hjuldiameter: 6 cm \/ 3 cm<\/li>\n<li> B\u00e4rkapacitet: 2,5 ton<\/li>\n<\/ul>\n<p>Leveransinneh\u00e5ll:<\/p>\n<ul>\n<li> 1 x Domkraft<\/li>\n<li> 1 x Manual<\/li>\n<\/ul>\n","protected":false},"excerpt":{"rendered":"<p>Den [BRAND NAME] djupprofil hydrauliska domkraften f\u00f6renklar bilv\u00e5rden avsev\u00e4rt. Speciellt designad f\u00f6r t\u00e4vlingsbilar, standardfordon och SUV:er, erbjuder denna bil domkraft&#8230;<\/p>\n","protected":false},"featured_media":95773,"template":"","meta":[],"product_brand":[],"product_cat":[1030,867,1090],"product_tag":[],"class_list":{"0":"post-95783","1":"product","2":"type-product","3":"status-publish","4":"has-post-thumbnail","6":"product_cat-bilaccessoarer","7":"product_cat-byggmarknad","8":"product_cat-verktyg-verkstad","10":"first","11":"instock","12":"sale","13":"taxable","14":"shipping-taxable","15":"purchasable","16":"product-type-simple"},"yoast_head":"<!-- This site is optimized with the Yoast SEO plugin v25.4 - https:\/\/yoast.com\/wordpress\/plugins\/seo\/ -->\n<title>TRUUSK Domkraft - 8-38 cm h\u00f6jd - 2,5 ton b\u00e4rkapacitet - St\u00e5l - Rullbar - R\u00f6d - TRUUSK - Hem, Tr\u00e4dg\u00e5rd &amp; Fritid<\/title>\n<meta name=\"robots\" content=\"index, follow, max-snippet:-1, max-image-preview:large, max-video-preview:-1\" \/>\n<link rel=\"canonical\" href=\"https:\/\/truusk.store\/sv\/produkt\/truusk-domkraft-8-38-cm-hojd-25-ton-barkapacitet-stal-rullbar-rod\/\" \/>\n<meta property=\"og:locale\" content=\"sv_SE\" \/>\n<meta property=\"og:type\" content=\"article\" \/>\n<meta property=\"og:title\" content=\"TRUUSK Domkraft - 8-38 cm h\u00f6jd - 2,5 ton b\u00e4rkapacitet - St\u00e5l - Rullbar - R\u00f6d - TRUUSK - Hem, Tr\u00e4dg\u00e5rd &amp; Fritid\" \/>\n<meta property=\"og:description\" content=\"Den [BRAND NAME] djupprofil hydrauliska domkraften f\u00f6renklar bilv\u00e5rden avsev\u00e4rt. Speciellt designad f\u00f6r t\u00e4vlingsbilar, standardfordon och SUV:er, erbjuder denna bil domkraft...\" \/>\n<meta property=\"og:url\" content=\"https:\/\/truusk.store\/sv\/produkt\/truusk-domkraft-8-38-cm-hojd-25-ton-barkapacitet-stal-rullbar-rod\/\" \/>\n<meta property=\"og:site_name\" content=\"TRUUSK - Hem, Tr\u00e4dg\u00e5rd &amp; Fritid\" \/>\n<meta property=\"article:modified_time\" content=\"2026-03-12T08:41:17+00:00\" \/>\n<meta property=\"og:image\" content=\"https:\/\/i0.wp.com\/truusk.se\/wp-content\/uploads\/2025\/11\/domkraft-8-38-cm-hojd-25-ton-barkapacitet-stal-rullbar-rod-1.webp?fit=2000%2C2000&ssl=1\" \/>\n\t<meta property=\"og:image:width\" content=\"2000\" \/>\n\t<meta property=\"og:image:height\" content=\"2000\" \/>\n\t<meta property=\"og:image:type\" content=\"image\/webp\" \/>\n<meta name=\"twitter:card\" content=\"summary_large_image\" \/>\n<meta name=\"twitter:label1\" content=\"Ber\u00e4knad l\u00e4stid\" \/>\n\t<meta name=\"twitter:data1\" content=\"1 minut\" \/>\n<!-- \/ Yoast SEO plugin. -->","yoast_head_json":{"title":"TRUUSK Domkraft - 8-38 cm h\u00f6jd - 2,5 ton b\u00e4rkapacitet - St\u00e5l - Rullbar - R\u00f6d - TRUUSK - Hem, Tr\u00e4dg\u00e5rd &amp; Fritid","robots":{"index":"index","follow":"follow","max-snippet":"max-snippet:-1","max-image-preview":"max-image-preview:large","max-video-preview":"max-video-preview:-1"},"canonical":"https:\/\/truusk.store\/sv\/produkt\/truusk-domkraft-8-38-cm-hojd-25-ton-barkapacitet-stal-rullbar-rod\/","og_locale":"sv_SE","og_type":"article","og_title":"TRUUSK Domkraft - 8-38 cm h\u00f6jd - 2,5 ton b\u00e4rkapacitet - St\u00e5l - Rullbar - R\u00f6d - TRUUSK - Hem, Tr\u00e4dg\u00e5rd &amp; Fritid","og_description":"Den [BRAND NAME] djupprofil hydrauliska domkraften f\u00f6renklar bilv\u00e5rden avsev\u00e4rt. Speciellt designad f\u00f6r t\u00e4vlingsbilar, standardfordon och SUV:er, erbjuder denna bil domkraft...","og_url":"https:\/\/truusk.store\/sv\/produkt\/truusk-domkraft-8-38-cm-hojd-25-ton-barkapacitet-stal-rullbar-rod\/","og_site_name":"TRUUSK - Hem, Tr\u00e4dg\u00e5rd &amp; Fritid","article_modified_time":"2026-03-12T08:41:17+00:00","og_image":[{"width":2000,"height":2000,"url":"https:\/\/i0.wp.com\/truusk.se\/wp-content\/uploads\/2025\/11\/domkraft-8-38-cm-hojd-25-ton-barkapacitet-stal-rullbar-rod-1.webp?fit=2000%2C2000&ssl=1","type":"image\/webp"}],"twitter_card":"summary_large_image","twitter_misc":{"Ber\u00e4knad l\u00e4stid":"1 minut"},"schema":{"@context":"https:\/\/schema.org","@graph":[{"@type":"WebPage","@id":"https:\/\/truusk.store\/sv\/produkt\/truusk-domkraft-8-38-cm-hojd-25-ton-barkapacitet-stal-rullbar-rod\/","url":"https:\/\/truusk.store\/sv\/produkt\/truusk-domkraft-8-38-cm-hojd-25-ton-barkapacitet-stal-rullbar-rod\/","name":"TRUUSK Domkraft - 8-38 cm h\u00f6jd - 2,5 ton b\u00e4rkapacitet - St\u00e5l - Rullbar - R\u00f6d - TRUUSK - Hem, Tr\u00e4dg\u00e5rd &amp; Fritid","isPartOf":{"@id":"https:\/\/truusk.store\/sv\/#website"},"primaryImageOfPage":{"@id":"https:\/\/truusk.store\/sv\/produkt\/truusk-domkraft-8-38-cm-hojd-25-ton-barkapacitet-stal-rullbar-rod\/#primaryimage"},"image":{"@id":"https:\/\/truusk.store\/sv\/produkt\/truusk-domkraft-8-38-cm-hojd-25-ton-barkapacitet-stal-rullbar-rod\/#primaryimage"},"thumbnailUrl":"https:\/\/i0.wp.com\/truusk.store\/wp-content\/uploads\/2025\/11\/domkraft-8-38-cm-hojd-25-ton-barkapacitet-stal-rullbar-rod-1.webp?fit=2000%2C2000&ssl=1","datePublished":"2025-11-24T07:22:08+00:00","dateModified":"2026-03-12T08:41:17+00:00","breadcrumb":{"@id":"https:\/\/truusk.store\/sv\/produkt\/truusk-domkraft-8-38-cm-hojd-25-ton-barkapacitet-stal-rullbar-rod\/#breadcrumb"},"inLanguage":"sv-SE","potentialAction":[{"@type":"ReadAction","target":["https:\/\/truusk.store\/sv\/produkt\/truusk-domkraft-8-38-cm-hojd-25-ton-barkapacitet-stal-rullbar-rod\/"]}]},{"@type":"ImageObject","inLanguage":"sv-SE","@id":"https:\/\/truusk.store\/sv\/produkt\/truusk-domkraft-8-38-cm-hojd-25-ton-barkapacitet-stal-rullbar-rod\/#primaryimage","url":"https:\/\/i0.wp.com\/truusk.store\/wp-content\/uploads\/2025\/11\/domkraft-8-38-cm-hojd-25-ton-barkapacitet-stal-rullbar-rod-1.webp?fit=2000%2C2000&ssl=1","contentUrl":"https:\/\/i0.wp.com\/truusk.store\/wp-content\/uploads\/2025\/11\/domkraft-8-38-cm-hojd-25-ton-barkapacitet-stal-rullbar-rod-1.webp?fit=2000%2C2000&ssl=1","width":2000,"height":2000},{"@type":"BreadcrumbList","@id":"https:\/\/truusk.store\/sv\/produkt\/truusk-domkraft-8-38-cm-hojd-25-ton-barkapacitet-stal-rullbar-rod\/#breadcrumb","itemListElement":[{"@type":"ListItem","position":1,"name":"Home","item":"https:\/\/truusk.store\/sv\/"},{"@type":"ListItem","position":2,"name":"Shop","item":"https:\/\/truusk.store\/shop\/"},{"@type":"ListItem","position":3,"name":"TRUUSK Domkraft &#8211; 8-38 cm h\u00f6jd &#8211; 2,5 ton b\u00e4rkapacitet &#8211; St\u00e5l &#8211; Rullbar &#8211; R\u00f6d"}]},{"@type":"WebSite","@id":"https:\/\/truusk.store\/sv\/#website","url":"https:\/\/truusk.store\/sv\/","name":"TRUUSK - Hem, Tr\u00e4dg\u00e5rd & Fritid","description":"","publisher":{"@id":"https:\/\/truusk.store\/sv\/#organization"},"potentialAction":[{"@type":"SearchAction","target":{"@type":"EntryPoint","urlTemplate":"https:\/\/truusk.store\/sv\/?s={search_term_string}"},"query-input":{"@type":"PropertyValueSpecification","valueRequired":true,"valueName":"search_term_string"}}],"inLanguage":"sv-SE"},{"@type":"Organization","@id":"https:\/\/truusk.store\/sv\/#organization","name":"TRUUSK - Hem, Tr\u00e4dg\u00e5rd & Fritid","url":"https:\/\/truusk.store\/sv\/","logo":{"@type":"ImageObject","inLanguage":"sv-SE","@id":"https:\/\/truusk.store\/sv\/#\/schema\/logo\/image\/","url":"https:\/\/i0.wp.com\/truusk.store\/wp-content\/uploads\/2026\/03\/cropped-TRUUSK.png?fit=2032%2C917&ssl=1","contentUrl":"https:\/\/i0.wp.com\/truusk.store\/wp-content\/uploads\/2026\/03\/cropped-TRUUSK.png?fit=2032%2C917&ssl=1","width":2032,"height":917,"caption":"TRUUSK - Hem, Tr\u00e4dg\u00e5rd & Fritid"},"image":{"@id":"https:\/\/truusk.store\/sv\/#\/schema\/logo\/image\/"}}]}},"jetpack_sharing_enabled":true,"_links":{"self":[{"href":"https:\/\/truusk.store\/sv\/wp-json\/wp\/v2\/product\/95783","targetHints":{"allow":["GET"]}}],"collection":[{"href":"https:\/\/truusk.store\/sv\/wp-json\/wp\/v2\/product"}],"about":[{"href":"https:\/\/truusk.store\/sv\/wp-json\/wp\/v2\/types\/product"}],"wp:featuredmedia":[{"embeddable":true,"href":"https:\/\/truusk.store\/sv\/wp-json\/wp\/v2\/media\/95773"}],"wp:attachment":[{"href":"https:\/\/truusk.store\/sv\/wp-json\/wp\/v2\/media?parent=95783"}],"wp:term":[{"taxonomy":"product_brand","embeddable":true,"href":"https:\/\/truusk.store\/sv\/wp-json\/wp\/v2\/product_brand?post=95783"},{"taxonomy":"product_cat","embeddable":true,"href":"https:\/\/truusk.store\/sv\/wp-json\/wp\/v2\/product_cat?post=95783"},{"taxonomy":"product_tag","embeddable":true,"href":"https:\/\/truusk.store\/sv\/wp-json\/wp\/v2\/product_tag?post=95783"}],"curies":[{"name":"wp","href":"https:\/\/api.w.org\/{rel}","templated":true}]}}