{"id":95836,"date":"2025-11-24T08:37:54","date_gmt":"2025-11-24T07:37:54","guid":{"rendered":"https:\/\/truusk.store\/product\/badrumsskap-4-lador-kompakt-industriell-stil-spanskiva-metall\/"},"modified":"2026-03-12T08:44:39","modified_gmt":"2026-03-12T07:44:39","slug":"truusk-badrumsskap-4-lador-kompakt-industriell-stil-spanskiva-metall-svensk-design","status":"publish","type":"product","link":"https:\/\/truusk.store\/sv\/produkt\/truusk-badrumsskap-4-lador-kompakt-industriell-stil-spanskiva-metall-svensk-design\/","title":{"rendered":"TRUUSK Badrumssk\u00e5p &#8211; 4 L\u00e5dor &#8211; Kompakt Industriell Stil &#8211; Sp\u00e5nskiva Metall &#8211; Svensk Design"},"content":{"rendered":"<p>Skapa ordning i ditt tillflyktsort med det kompakta badrumssk\u00e5pet fr\u00e5n [BRAND NAME]! De fyra inbyggda skjutl\u00e5dorna h\u00e5ller allt rent och undanstuvat. Tack vare dess smala konstruktion passar det smala sidobordet s\u00f6ml\u00f6st in i varje liten nisch eller h\u00f6rn, perfekt f\u00f6r begr\u00e4nsade utrymmen. Det moderna industriella utseendet med ektr\u00e4utseende och svart st\u00e5l p\u00e5 f\u00f6rvaringssk\u00e5pet ger stilfulla accenter i badrummet eller hallen.<\/p>\n<p>Beskrivning:<\/p>\n<ul>\n<li> Fyra lika stora l\u00e5dor p\u00e5 det multifunktionella sk\u00e5pet f\u00f6renklar organiseringen av badrumsartiklar<\/li>\n<li> Undermonterade skjutl\u00e5dor p\u00e5 det multifunktionella sk\u00e5pet garanterar en mjuk, tyst \u00e5tkomst<\/li>\n<li> Smalt, kompakt design av l\u00e5dsk\u00e5pet maximerar utrymmet i tr\u00e5nga omr\u00e5den<\/li>\n<li> Industriell stil passar s\u00f6ml\u00f6st in i moderna interi\u00f6rer<\/li>\n<li> Tillverkad av sp\u00e5nskivor och pulverlackerat st\u00e5l f\u00f6r h\u00e5llbarhet<\/li>\n<li> V\u00e4ltningsskyddsset och justerbara fotdynor \u00f6kar s\u00e4kerheten<\/li>\n<li> Montering kr\u00e4vs<\/li>\n<\/ul>\n<p> Tekniska data:<\/p>\n<ul>\n<li> F\u00e4rg: Ek<\/li>\n<li> Material: MDF, St\u00e5l<\/li>\n<li> Totala dimensioner: 30L x 30B x 82H cm<\/li>\n<li> Inre storlek p\u00e5 l\u00e5dan: 20,3L x 23,5B x 10H cm<\/li>\n<li> Golv till golv h\u00f6jd: 9 cm<\/li>\n<li> Belastningskapacitet: 30 kg (totalt), 5 kg (l\u00e5da)<\/li>\n<\/ul>\n<p>Leveransinneh\u00e5ll:<\/p>\n<ul>\n<li> 1 x Badrumssk\u00e5p<\/li>\n<li> 1 x Bruksanvisning<\/li>\n<\/ul>\n","protected":false},"excerpt":{"rendered":"<p>Skapa ordning i ditt tillflyktsort med det kompakta badrumssk\u00e5pet fr\u00e5n [BRAND NAME]! De fyra inbyggda skjutl\u00e5dorna h\u00e5ller allt rent och&#8230;<\/p>\n","protected":false},"featured_media":95827,"template":"","meta":[],"product_brand":[],"product_cat":[915,535,871],"product_tag":[],"class_list":{"0":"post-95836","1":"product","2":"type-product","3":"status-publish","4":"has-post-thumbnail","6":"product_cat-badrum","7":"product_cat-badrumsskap","8":"product_cat-hus-hem","10":"first","11":"instock","12":"sale","13":"taxable","14":"shipping-taxable","15":"purchasable","16":"product-type-simple"},"yoast_head":"<!-- This site is optimized with the Yoast SEO plugin v25.4 - https:\/\/yoast.com\/wordpress\/plugins\/seo\/ -->\n<title>TRUUSK Badrumssk\u00e5p - 4 L\u00e5dor - Kompakt Industriell Stil - Sp\u00e5nskiva Metall - Svensk Design - TRUUSK - Hem, Tr\u00e4dg\u00e5rd &amp; Fritid<\/title>\n<meta name=\"robots\" content=\"index, follow, max-snippet:-1, max-image-preview:large, max-video-preview:-1\" \/>\n<link rel=\"canonical\" href=\"https:\/\/truusk.store\/sv\/produkt\/truusk-badrumsskap-4-lador-kompakt-industriell-stil-spanskiva-metall-svensk-design\/\" \/>\n<meta property=\"og:locale\" content=\"sv_SE\" \/>\n<meta property=\"og:type\" content=\"article\" \/>\n<meta property=\"og:title\" content=\"TRUUSK Badrumssk\u00e5p - 4 L\u00e5dor - Kompakt Industriell Stil - Sp\u00e5nskiva Metall - Svensk Design - TRUUSK - Hem, Tr\u00e4dg\u00e5rd &amp; Fritid\" \/>\n<meta property=\"og:description\" content=\"Skapa ordning i ditt tillflyktsort med det kompakta badrumssk\u00e5pet fr\u00e5n [BRAND NAME]! De fyra inbyggda skjutl\u00e5dorna h\u00e5ller allt rent och...\" \/>\n<meta property=\"og:url\" content=\"https:\/\/truusk.store\/sv\/produkt\/truusk-badrumsskap-4-lador-kompakt-industriell-stil-spanskiva-metall-svensk-design\/\" \/>\n<meta property=\"og:site_name\" content=\"TRUUSK - Hem, Tr\u00e4dg\u00e5rd &amp; Fritid\" \/>\n<meta property=\"article:modified_time\" content=\"2026-03-12T07:44:39+00:00\" \/>\n<meta property=\"og:image\" content=\"https:\/\/i0.wp.com\/truusk.se\/wp-content\/uploads\/2025\/11\/badrumsskap-4-lador-kompakt-industriell-stil-spanskiva-metall-1.webp?fit=2000%2C2000&ssl=1\" \/>\n\t<meta property=\"og:image:width\" content=\"2000\" \/>\n\t<meta property=\"og:image:height\" content=\"2000\" \/>\n\t<meta property=\"og:image:type\" content=\"image\/webp\" \/>\n<meta name=\"twitter:card\" content=\"summary_large_image\" \/>\n<meta name=\"twitter:label1\" content=\"Ber\u00e4knad l\u00e4stid\" \/>\n\t<meta name=\"twitter:data1\" content=\"1 minut\" \/>\n<!-- \/ Yoast SEO plugin. -->","yoast_head_json":{"title":"TRUUSK Badrumssk\u00e5p - 4 L\u00e5dor - Kompakt Industriell Stil - Sp\u00e5nskiva Metall - Svensk Design - TRUUSK - Hem, Tr\u00e4dg\u00e5rd &amp; Fritid","robots":{"index":"index","follow":"follow","max-snippet":"max-snippet:-1","max-image-preview":"max-image-preview:large","max-video-preview":"max-video-preview:-1"},"canonical":"https:\/\/truusk.store\/sv\/produkt\/truusk-badrumsskap-4-lador-kompakt-industriell-stil-spanskiva-metall-svensk-design\/","og_locale":"sv_SE","og_type":"article","og_title":"TRUUSK Badrumssk\u00e5p - 4 L\u00e5dor - Kompakt Industriell Stil - Sp\u00e5nskiva Metall - Svensk Design - TRUUSK - Hem, Tr\u00e4dg\u00e5rd &amp; Fritid","og_description":"Skapa ordning i ditt tillflyktsort med det kompakta badrumssk\u00e5pet fr\u00e5n [BRAND NAME]! De fyra inbyggda skjutl\u00e5dorna h\u00e5ller allt rent och...","og_url":"https:\/\/truusk.store\/sv\/produkt\/truusk-badrumsskap-4-lador-kompakt-industriell-stil-spanskiva-metall-svensk-design\/","og_site_name":"TRUUSK - Hem, Tr\u00e4dg\u00e5rd &amp; Fritid","article_modified_time":"2026-03-12T07:44:39+00:00","og_image":[{"width":2000,"height":2000,"url":"https:\/\/i0.wp.com\/truusk.se\/wp-content\/uploads\/2025\/11\/badrumsskap-4-lador-kompakt-industriell-stil-spanskiva-metall-1.webp?fit=2000%2C2000&ssl=1","type":"image\/webp"}],"twitter_card":"summary_large_image","twitter_misc":{"Ber\u00e4knad l\u00e4stid":"1 minut"},"schema":{"@context":"https:\/\/schema.org","@graph":[{"@type":"WebPage","@id":"https:\/\/truusk.store\/sv\/produkt\/truusk-badrumsskap-4-lador-kompakt-industriell-stil-spanskiva-metall-svensk-design\/","url":"https:\/\/truusk.store\/sv\/produkt\/truusk-badrumsskap-4-lador-kompakt-industriell-stil-spanskiva-metall-svensk-design\/","name":"TRUUSK Badrumssk\u00e5p - 4 L\u00e5dor - Kompakt Industriell Stil - Sp\u00e5nskiva Metall - Svensk Design - TRUUSK - Hem, Tr\u00e4dg\u00e5rd &amp; Fritid","isPartOf":{"@id":"https:\/\/truusk.store\/sv\/#website"},"primaryImageOfPage":{"@id":"https:\/\/truusk.store\/sv\/produkt\/truusk-badrumsskap-4-lador-kompakt-industriell-stil-spanskiva-metall-svensk-design\/#primaryimage"},"image":{"@id":"https:\/\/truusk.store\/sv\/produkt\/truusk-badrumsskap-4-lador-kompakt-industriell-stil-spanskiva-metall-svensk-design\/#primaryimage"},"thumbnailUrl":"https:\/\/i0.wp.com\/truusk.store\/wp-content\/uploads\/2025\/11\/badrumsskap-4-lador-kompakt-industriell-stil-spanskiva-metall-1.webp?fit=2000%2C2000&ssl=1","datePublished":"2025-11-24T07:37:54+00:00","dateModified":"2026-03-12T07:44:39+00:00","breadcrumb":{"@id":"https:\/\/truusk.store\/sv\/produkt\/truusk-badrumsskap-4-lador-kompakt-industriell-stil-spanskiva-metall-svensk-design\/#breadcrumb"},"inLanguage":"sv-SE","potentialAction":[{"@type":"ReadAction","target":["https:\/\/truusk.store\/sv\/produkt\/truusk-badrumsskap-4-lador-kompakt-industriell-stil-spanskiva-metall-svensk-design\/"]}]},{"@type":"ImageObject","inLanguage":"sv-SE","@id":"https:\/\/truusk.store\/sv\/produkt\/truusk-badrumsskap-4-lador-kompakt-industriell-stil-spanskiva-metall-svensk-design\/#primaryimage","url":"https:\/\/i0.wp.com\/truusk.store\/wp-content\/uploads\/2025\/11\/badrumsskap-4-lador-kompakt-industriell-stil-spanskiva-metall-1.webp?fit=2000%2C2000&ssl=1","contentUrl":"https:\/\/i0.wp.com\/truusk.store\/wp-content\/uploads\/2025\/11\/badrumsskap-4-lador-kompakt-industriell-stil-spanskiva-metall-1.webp?fit=2000%2C2000&ssl=1","width":2000,"height":2000},{"@type":"BreadcrumbList","@id":"https:\/\/truusk.store\/sv\/produkt\/truusk-badrumsskap-4-lador-kompakt-industriell-stil-spanskiva-metall-svensk-design\/#breadcrumb","itemListElement":[{"@type":"ListItem","position":1,"name":"Home","item":"https:\/\/truusk.store\/sv\/"},{"@type":"ListItem","position":2,"name":"Shop","item":"https:\/\/truusk.store\/shop\/"},{"@type":"ListItem","position":3,"name":"TRUUSK Badrumssk\u00e5p &#8211; 4 L\u00e5dor &#8211; Kompakt Industriell Stil &#8211; Sp\u00e5nskiva Metall &#8211; Svensk Design"}]},{"@type":"WebSite","@id":"https:\/\/truusk.store\/sv\/#website","url":"https:\/\/truusk.store\/sv\/","name":"TRUUSK - Hem, Tr\u00e4dg\u00e5rd & Fritid","description":"","publisher":{"@id":"https:\/\/truusk.store\/sv\/#organization"},"potentialAction":[{"@type":"SearchAction","target":{"@type":"EntryPoint","urlTemplate":"https:\/\/truusk.store\/sv\/?s={search_term_string}"},"query-input":{"@type":"PropertyValueSpecification","valueRequired":true,"valueName":"search_term_string"}}],"inLanguage":"sv-SE"},{"@type":"Organization","@id":"https:\/\/truusk.store\/sv\/#organization","name":"TRUUSK - Hem, Tr\u00e4dg\u00e5rd & Fritid","url":"https:\/\/truusk.store\/sv\/","logo":{"@type":"ImageObject","inLanguage":"sv-SE","@id":"https:\/\/truusk.store\/sv\/#\/schema\/logo\/image\/","url":"https:\/\/i0.wp.com\/truusk.store\/wp-content\/uploads\/2026\/03\/cropped-TRUUSK.png?fit=2032%2C917&ssl=1","contentUrl":"https:\/\/i0.wp.com\/truusk.store\/wp-content\/uploads\/2026\/03\/cropped-TRUUSK.png?fit=2032%2C917&ssl=1","width":2032,"height":917,"caption":"TRUUSK - Hem, Tr\u00e4dg\u00e5rd & Fritid"},"image":{"@id":"https:\/\/truusk.store\/sv\/#\/schema\/logo\/image\/"}}]}},"jetpack_sharing_enabled":true,"_links":{"self":[{"href":"https:\/\/truusk.store\/sv\/wp-json\/wp\/v2\/product\/95836","targetHints":{"allow":["GET"]}}],"collection":[{"href":"https:\/\/truusk.store\/sv\/wp-json\/wp\/v2\/product"}],"about":[{"href":"https:\/\/truusk.store\/sv\/wp-json\/wp\/v2\/types\/product"}],"wp:featuredmedia":[{"embeddable":true,"href":"https:\/\/truusk.store\/sv\/wp-json\/wp\/v2\/media\/95827"}],"wp:attachment":[{"href":"https:\/\/truusk.store\/sv\/wp-json\/wp\/v2\/media?parent=95836"}],"wp:term":[{"taxonomy":"product_brand","embeddable":true,"href":"https:\/\/truusk.store\/sv\/wp-json\/wp\/v2\/product_brand?post=95836"},{"taxonomy":"product_cat","embeddable":true,"href":"https:\/\/truusk.store\/sv\/wp-json\/wp\/v2\/product_cat?post=95836"},{"taxonomy":"product_tag","embeddable":true,"href":"https:\/\/truusk.store\/sv\/wp-json\/wp\/v2\/product_tag?post=95836"}],"curies":[{"name":"wp","href":"https:\/\/api.w.org\/{rel}","templated":true}]}}