{"id":95852,"date":"2025-11-24T08:39:32","date_gmt":"2025-11-24T07:39:32","guid":{"rendered":"https:\/\/truusk.store\/product\/badrumsspegel-led-bluetooth-70-x-90-cm-touchbrytare-ljus-justerbar-3-farger-anti-imma-minne-silver\/"},"modified":"2026-03-12T08:44:49","modified_gmt":"2026-03-12T07:44:49","slug":"truusk-badrumsspegel-led-bluetooth-70-x-90-cm-touchbrytare-justerbar-ljus-anti-imma-3-farger-minne-silver","status":"publish","type":"product","link":"https:\/\/truusk.store\/sv\/produkt\/truusk-badrumsspegel-led-bluetooth-70-x-90-cm-touchbrytare-justerbar-ljus-anti-imma-3-farger-minne-silver\/","title":{"rendered":"TRUUSK Badrumsspegel LED Bluetooth 70 x 90 cm &#8211; Touchbrytare &#8211; Justerbar Ljus &#8211; Anti-imma &#8211; 3 F\u00e4rger &#8211; Minne &#8211; Silver"},"content":{"rendered":"<p>F\u00f6rb\u00e4ttra din dagliga rutin med den smarta LED-badrumspegeln fr\u00e5n [BRAND NAME]. V\u00e4ggmonterad badrumsspegel med justerbar ljusstyrka, tre f\u00e4rgtemperaturer, Bluetooth och uppv\u00e4rmt anti-dimkudde f\u00f6r felfri klarhet. Ber\u00f6ringssensor med minne f\u00f6r enkel drift. Mer \u00e4n bara en spegel, en revolution i din vardag.<\/p>\n<p>Beskrivning:<\/p>\n<ul>\n<li> Badrumsspegeln med Bluetooth piggar upp din morgon med din favoritmusik<\/li>\n<li> Anpassningsbara ljusf\u00e4rger och justerbar ljusstyrka f\u00f6r att f\u00f6rb\u00e4ttra hum\u00f6ret och sekomforten<\/li>\n<li> Anti-dimfunktionen ger klar sikt efter duschen<\/li>\n<li> IP44-certifiering garanterar vatten- och dammt\u00e4t best\u00e4ndighet<\/li>\n<li> Minnesl\u00e4get f\u00f6r den belysta badrumsspegeln sparar dina senaste ljusinst\u00e4llningar<\/li>\n<li> Tillverkad av h\u00e4rdat HD-glas och st\u00f6ts\u00e4kert med rundade h\u00f6rn f\u00f6r s\u00e4kra och klara reflektioner<\/li>\n<li> Kompatibel med v\u00e4gg- och touchbrytare (ing\u00e5r ej) med fast kabeldragning<\/li>\n<li> Ingen montering kr\u00e4vs, enkel horisontell v\u00e4ggmontering med tillbeh\u00f6r inkluderat<\/li>\n<\/ul>\n<p> Tekniska specifikationer:<\/p>\n<ul>\n<li> F\u00e4rg: Silver<\/li>\n<li> Material: H\u00e4rdat glas<\/li>\n<li> Totala m\u00e5tt: 90L x 70B x 3,5T cm<\/li>\n<li> M\u00e5tt p\u00e5 anti-dimkudden: 40L x 30B cm<\/li>\n<li> Effekt: 56 W (totalt), 25 W (ljus), 24 W (anti-dim), 1 W (Bluetooth), 6 W (h\u00f6gtalare)<\/li>\n<li> Lumen: 2000 lm<\/li>\n<li> F\u00e4rgtemperatur: 3000K Varmvitt \/ 4500K Naturvitt \/ 6500K Kallvitt<\/li>\n<li> Skyddsklass: IP44<\/li>\n<li> Kabell\u00e4ngd: 0,5 m<\/li>\n<li> Adaptering\u00e5ng: AC 220-240V, 50\/60Hz<\/li>\n<li> Adapterutg\u00e5ng: DC 12V, 3 A, max. 42 W<\/li>\n<li> Ref.: 834-851V05SR<\/li>\n<\/ul>\n<p>Leveransinneh\u00e5ll:<\/p>\n<ul>\n<li> 1 x Badrumsspegel<\/li>\n<li> 2 x Skruvar<\/li>\n<li> 2 x Pluggar<\/li>\n<li> 1 x Anslutningsdosa<\/li>\n<li> 1 x Instruktioner<\/li>\n<\/ul>\n","protected":false},"excerpt":{"rendered":"<p>F\u00f6rb\u00e4ttra din dagliga rutin med den smarta LED-badrumspegeln fr\u00e5n [BRAND NAME]. V\u00e4ggmonterad badrumsspegel med justerbar ljusstyrka, tre f\u00e4rgtemperaturer, Bluetooth och&#8230;<\/p>\n","protected":false},"featured_media":95841,"template":"","meta":[],"product_brand":[],"product_cat":[915,969,871],"product_tag":[],"class_list":{"0":"post-95852","1":"product","2":"type-product","3":"status-publish","4":"has-post-thumbnail","6":"product_cat-badrum","7":"product_cat-badrumsspegel","8":"product_cat-hus-hem","10":"first","11":"instock","12":"sale","13":"taxable","14":"shipping-taxable","15":"purchasable","16":"product-type-simple"},"yoast_head":"<!-- This site is optimized with the Yoast SEO plugin v25.4 - https:\/\/yoast.com\/wordpress\/plugins\/seo\/ -->\n<title>TRUUSK Badrumsspegel LED Bluetooth 70 x 90 cm - Touchbrytare - Justerbar Ljus - Anti-imma - 3 F\u00e4rger - Minne - Silver - TRUUSK - Hem, Tr\u00e4dg\u00e5rd &amp; Fritid<\/title>\n<meta name=\"robots\" content=\"index, follow, max-snippet:-1, max-image-preview:large, max-video-preview:-1\" \/>\n<link rel=\"canonical\" href=\"https:\/\/truusk.store\/sv\/produkt\/truusk-badrumsspegel-led-bluetooth-70-x-90-cm-touchbrytare-justerbar-ljus-anti-imma-3-farger-minne-silver\/\" \/>\n<meta property=\"og:locale\" content=\"sv_SE\" \/>\n<meta property=\"og:type\" content=\"article\" \/>\n<meta property=\"og:title\" content=\"TRUUSK Badrumsspegel LED Bluetooth 70 x 90 cm - Touchbrytare - Justerbar Ljus - Anti-imma - 3 F\u00e4rger - Minne - Silver - TRUUSK - Hem, Tr\u00e4dg\u00e5rd &amp; Fritid\" \/>\n<meta property=\"og:description\" content=\"F\u00f6rb\u00e4ttra din dagliga rutin med den smarta LED-badrumspegeln fr\u00e5n [BRAND NAME]. V\u00e4ggmonterad badrumsspegel med justerbar ljusstyrka, tre f\u00e4rgtemperaturer, Bluetooth och...\" \/>\n<meta property=\"og:url\" content=\"https:\/\/truusk.store\/sv\/produkt\/truusk-badrumsspegel-led-bluetooth-70-x-90-cm-touchbrytare-justerbar-ljus-anti-imma-3-farger-minne-silver\/\" \/>\n<meta property=\"og:site_name\" content=\"TRUUSK - Hem, Tr\u00e4dg\u00e5rd &amp; Fritid\" \/>\n<meta property=\"article:modified_time\" content=\"2026-03-12T07:44:49+00:00\" \/>\n<meta property=\"og:image\" content=\"https:\/\/i0.wp.com\/truusk.se\/wp-content\/uploads\/2025\/11\/badrumsspegel-led-bluetooth-70-x-90-cm-touchbrytare-ljus-justerbar-3-farger-anti-imma-minne-silver-1.webp?fit=2000%2C2000&ssl=1\" \/>\n\t<meta property=\"og:image:width\" content=\"2000\" \/>\n\t<meta property=\"og:image:height\" content=\"2000\" \/>\n\t<meta property=\"og:image:type\" content=\"image\/webp\" \/>\n<meta name=\"twitter:card\" content=\"summary_large_image\" \/>\n<meta name=\"twitter:label1\" content=\"Ber\u00e4knad l\u00e4stid\" \/>\n\t<meta name=\"twitter:data1\" content=\"1 minut\" \/>\n<!-- \/ Yoast SEO plugin. -->","yoast_head_json":{"title":"TRUUSK Badrumsspegel LED Bluetooth 70 x 90 cm - Touchbrytare - Justerbar Ljus - Anti-imma - 3 F\u00e4rger - Minne - Silver - TRUUSK - Hem, Tr\u00e4dg\u00e5rd &amp; Fritid","robots":{"index":"index","follow":"follow","max-snippet":"max-snippet:-1","max-image-preview":"max-image-preview:large","max-video-preview":"max-video-preview:-1"},"canonical":"https:\/\/truusk.store\/sv\/produkt\/truusk-badrumsspegel-led-bluetooth-70-x-90-cm-touchbrytare-justerbar-ljus-anti-imma-3-farger-minne-silver\/","og_locale":"sv_SE","og_type":"article","og_title":"TRUUSK Badrumsspegel LED Bluetooth 70 x 90 cm - Touchbrytare - Justerbar Ljus - Anti-imma - 3 F\u00e4rger - Minne - Silver - TRUUSK - Hem, Tr\u00e4dg\u00e5rd &amp; Fritid","og_description":"F\u00f6rb\u00e4ttra din dagliga rutin med den smarta LED-badrumspegeln fr\u00e5n [BRAND NAME]. V\u00e4ggmonterad badrumsspegel med justerbar ljusstyrka, tre f\u00e4rgtemperaturer, Bluetooth och...","og_url":"https:\/\/truusk.store\/sv\/produkt\/truusk-badrumsspegel-led-bluetooth-70-x-90-cm-touchbrytare-justerbar-ljus-anti-imma-3-farger-minne-silver\/","og_site_name":"TRUUSK - Hem, Tr\u00e4dg\u00e5rd &amp; Fritid","article_modified_time":"2026-03-12T07:44:49+00:00","og_image":[{"width":2000,"height":2000,"url":"https:\/\/i0.wp.com\/truusk.se\/wp-content\/uploads\/2025\/11\/badrumsspegel-led-bluetooth-70-x-90-cm-touchbrytare-ljus-justerbar-3-farger-anti-imma-minne-silver-1.webp?fit=2000%2C2000&ssl=1","type":"image\/webp"}],"twitter_card":"summary_large_image","twitter_misc":{"Ber\u00e4knad l\u00e4stid":"1 minut"},"schema":{"@context":"https:\/\/schema.org","@graph":[{"@type":"WebPage","@id":"https:\/\/truusk.store\/sv\/produkt\/truusk-badrumsspegel-led-bluetooth-70-x-90-cm-touchbrytare-justerbar-ljus-anti-imma-3-farger-minne-silver\/","url":"https:\/\/truusk.store\/sv\/produkt\/truusk-badrumsspegel-led-bluetooth-70-x-90-cm-touchbrytare-justerbar-ljus-anti-imma-3-farger-minne-silver\/","name":"TRUUSK Badrumsspegel LED Bluetooth 70 x 90 cm - Touchbrytare - Justerbar Ljus - Anti-imma - 3 F\u00e4rger - Minne - Silver - TRUUSK - Hem, Tr\u00e4dg\u00e5rd &amp; Fritid","isPartOf":{"@id":"https:\/\/truusk.store\/sv\/#website"},"primaryImageOfPage":{"@id":"https:\/\/truusk.store\/sv\/produkt\/truusk-badrumsspegel-led-bluetooth-70-x-90-cm-touchbrytare-justerbar-ljus-anti-imma-3-farger-minne-silver\/#primaryimage"},"image":{"@id":"https:\/\/truusk.store\/sv\/produkt\/truusk-badrumsspegel-led-bluetooth-70-x-90-cm-touchbrytare-justerbar-ljus-anti-imma-3-farger-minne-silver\/#primaryimage"},"thumbnailUrl":"https:\/\/i0.wp.com\/truusk.store\/wp-content\/uploads\/2025\/11\/badrumsspegel-led-bluetooth-70-x-90-cm-touchbrytare-ljus-justerbar-3-farger-anti-imma-minne-silver-1.webp?fit=2000%2C2000&ssl=1","datePublished":"2025-11-24T07:39:32+00:00","dateModified":"2026-03-12T07:44:49+00:00","breadcrumb":{"@id":"https:\/\/truusk.store\/sv\/produkt\/truusk-badrumsspegel-led-bluetooth-70-x-90-cm-touchbrytare-justerbar-ljus-anti-imma-3-farger-minne-silver\/#breadcrumb"},"inLanguage":"sv-SE","potentialAction":[{"@type":"ReadAction","target":["https:\/\/truusk.store\/sv\/produkt\/truusk-badrumsspegel-led-bluetooth-70-x-90-cm-touchbrytare-justerbar-ljus-anti-imma-3-farger-minne-silver\/"]}]},{"@type":"ImageObject","inLanguage":"sv-SE","@id":"https:\/\/truusk.store\/sv\/produkt\/truusk-badrumsspegel-led-bluetooth-70-x-90-cm-touchbrytare-justerbar-ljus-anti-imma-3-farger-minne-silver\/#primaryimage","url":"https:\/\/i0.wp.com\/truusk.store\/wp-content\/uploads\/2025\/11\/badrumsspegel-led-bluetooth-70-x-90-cm-touchbrytare-ljus-justerbar-3-farger-anti-imma-minne-silver-1.webp?fit=2000%2C2000&ssl=1","contentUrl":"https:\/\/i0.wp.com\/truusk.store\/wp-content\/uploads\/2025\/11\/badrumsspegel-led-bluetooth-70-x-90-cm-touchbrytare-ljus-justerbar-3-farger-anti-imma-minne-silver-1.webp?fit=2000%2C2000&ssl=1","width":2000,"height":2000},{"@type":"BreadcrumbList","@id":"https:\/\/truusk.store\/sv\/produkt\/truusk-badrumsspegel-led-bluetooth-70-x-90-cm-touchbrytare-justerbar-ljus-anti-imma-3-farger-minne-silver\/#breadcrumb","itemListElement":[{"@type":"ListItem","position":1,"name":"Home","item":"https:\/\/truusk.store\/sv\/"},{"@type":"ListItem","position":2,"name":"Shop","item":"https:\/\/truusk.store\/shop\/"},{"@type":"ListItem","position":3,"name":"TRUUSK Badrumsspegel LED Bluetooth 70 x 90 cm &#8211; Touchbrytare &#8211; Justerbar Ljus &#8211; Anti-imma &#8211; 3 F\u00e4rger &#8211; Minne &#8211; Silver"}]},{"@type":"WebSite","@id":"https:\/\/truusk.store\/sv\/#website","url":"https:\/\/truusk.store\/sv\/","name":"TRUUSK - Hem, Tr\u00e4dg\u00e5rd & Fritid","description":"","publisher":{"@id":"https:\/\/truusk.store\/sv\/#organization"},"potentialAction":[{"@type":"SearchAction","target":{"@type":"EntryPoint","urlTemplate":"https:\/\/truusk.store\/sv\/?s={search_term_string}"},"query-input":{"@type":"PropertyValueSpecification","valueRequired":true,"valueName":"search_term_string"}}],"inLanguage":"sv-SE"},{"@type":"Organization","@id":"https:\/\/truusk.store\/sv\/#organization","name":"TRUUSK - Hem, Tr\u00e4dg\u00e5rd & Fritid","url":"https:\/\/truusk.store\/sv\/","logo":{"@type":"ImageObject","inLanguage":"sv-SE","@id":"https:\/\/truusk.store\/sv\/#\/schema\/logo\/image\/","url":"https:\/\/i0.wp.com\/truusk.store\/wp-content\/uploads\/2026\/03\/cropped-TRUUSK.png?fit=2032%2C917&ssl=1","contentUrl":"https:\/\/i0.wp.com\/truusk.store\/wp-content\/uploads\/2026\/03\/cropped-TRUUSK.png?fit=2032%2C917&ssl=1","width":2032,"height":917,"caption":"TRUUSK - Hem, Tr\u00e4dg\u00e5rd & Fritid"},"image":{"@id":"https:\/\/truusk.store\/sv\/#\/schema\/logo\/image\/"}}]}},"jetpack_sharing_enabled":true,"_links":{"self":[{"href":"https:\/\/truusk.store\/sv\/wp-json\/wp\/v2\/product\/95852","targetHints":{"allow":["GET"]}}],"collection":[{"href":"https:\/\/truusk.store\/sv\/wp-json\/wp\/v2\/product"}],"about":[{"href":"https:\/\/truusk.store\/sv\/wp-json\/wp\/v2\/types\/product"}],"wp:featuredmedia":[{"embeddable":true,"href":"https:\/\/truusk.store\/sv\/wp-json\/wp\/v2\/media\/95841"}],"wp:attachment":[{"href":"https:\/\/truusk.store\/sv\/wp-json\/wp\/v2\/media?parent=95852"}],"wp:term":[{"taxonomy":"product_brand","embeddable":true,"href":"https:\/\/truusk.store\/sv\/wp-json\/wp\/v2\/product_brand?post=95852"},{"taxonomy":"product_cat","embeddable":true,"href":"https:\/\/truusk.store\/sv\/wp-json\/wp\/v2\/product_cat?post=95852"},{"taxonomy":"product_tag","embeddable":true,"href":"https:\/\/truusk.store\/sv\/wp-json\/wp\/v2\/product_tag?post=95852"}],"curies":[{"name":"wp","href":"https:\/\/api.w.org\/{rel}","templated":true}]}}