{"id":95873,"date":"2025-11-24T08:41:40","date_gmt":"2025-11-24T07:41:40","guid":{"rendered":"https:\/\/truusk.store\/product\/benutbildningsbank-vadmuskelliftmaskin-med-hjul-sportutrustning-for-fitnessovningar-hemma-stal-svart\/"},"modified":"2026-03-12T08:45:27","modified_gmt":"2026-03-12T07:45:27","slug":"truusk-benutbildningsbank-vadmuskelliftmaskin-med-hjul-sportutrustning-for-fitnessovningar-hemma-stal-svart","status":"publish","type":"product","link":"https:\/\/truusk.store\/sv\/produkt\/truusk-benutbildningsbank-vadmuskelliftmaskin-med-hjul-sportutrustning-for-fitnessovningar-hemma-stal-svart\/","title":{"rendered":"TRUUSK Benutbildningsb\u00e4nk &#8211; Vadmuskelliftmaskin Med Hjul &#8211; Sportutrustning F\u00f6r Fitness\u00f6vningar Hemma &#8211; St\u00e5l &#8211; Svart"},"content":{"rendered":"<p>Har du problem med att bygga starka vader med din nuvarande hemutrustning? Oro f\u00f6r ostadiga enheter eller en enhetlig design kan avskr\u00e4cka dig fr\u00e5n intensiv tr\u00e4ning. Med sin stabila st\u00e5lram erbjuder denna [BRAND NAME] benstr\u00e4ckningsmaskin en fast grund. Benstr\u00e4ckaren m\u00f6jligg\u00f6r dubbel motst\u00e5ndstr\u00e4ning, \u00e4r helt anpassningsbar f\u00f6r varje familjemedlem och g\u00f6r ditt hem till en plats f\u00f6r s\u00e4ker och effektiv ben tr\u00e4ning.<\/p>\n<p>Beskrivning:<\/p>\n<ul>\n<li> Den dubbla motst\u00e5ndet (plattor eller band) av benstr\u00e4ckaren m\u00f6jligg\u00f6r m\u00e5ngsidig, professionell ben tr\u00e4ning<\/li>\n<li> Fullt justerbara benkuddar och handtag hj\u00e4lper dig att s\u00e4kerst\u00e4lla optimal inriktning och komfort<\/li>\n<li> Riktar sig exakt mot vadmuskulaturen f\u00f6r en balanserad benutveckling och f\u00f6rb\u00e4ttrad prestanda<\/li>\n<li> Tjockt vadderat s\u00e4te p\u00e5 benb\u00f6jaren ger komfort under l\u00e5nga tr\u00e4ningspass<\/li>\n<li> Benb\u00f6jaren har tv\u00e5 transportrullar f\u00f6r enkel r\u00f6relse och bekv\u00e4m f\u00f6rvaring hemma<\/li>\n<li> St\u00e5lramen b\u00e4r upp till 150 kg f\u00f6r s\u00e4ker, intensiv tr\u00e4ning<\/li>\n<\/ul>\n<p> Tekniska data:<\/p>\n<ul>\n<li> F\u00e4rg: Svart<\/li>\n<li> Material: St\u00e5l, konstl\u00e4der<\/li>\n<li> Totala dimensioner: 122L x 59B x 94-106H cm<\/li>\n<li> Sitsstorlek: 33L x 27B x 50H cm<\/li>\n<li> Fotpedalstorlek: 30L x 15B cm<\/li>\n<li> Viktpoststorlek: \u00d85 x 35L cm<\/li>\n<li> Maximal belastning: 150 kg (anv\u00e4ndare), 100 kg (viktpost)<\/li>\n<\/ul>\n<p>Leveransinneh\u00e5ll:<\/p>\n<ul>\n<li> 1 x Vadmuskulaturmaskin<\/li>\n<li> 1 x Handbok<\/li>\n<\/ul>\n","protected":false},"excerpt":{"rendered":"<p>Har du problem med att bygga starka vader med din nuvarande hemutrustning? Oro f\u00f6r ostadiga enheter eller en enhetlig design&#8230;<\/p>\n","protected":false},"featured_media":95861,"template":"","meta":[],"product_brand":[],"product_cat":[891,873,647],"product_tag":[],"class_list":{"0":"post-95873","1":"product","2":"type-product","3":"status-publish","4":"has-post-thumbnail","6":"product_cat-ergometer-hemtranare","7":"product_cat-fitness-styrketraning","8":"product_cat-sport-fritid","10":"first","11":"instock","12":"sale","13":"taxable","14":"shipping-taxable","15":"purchasable","16":"product-type-simple"},"yoast_head":"<!-- This site is optimized with the Yoast SEO plugin v25.4 - https:\/\/yoast.com\/wordpress\/plugins\/seo\/ -->\n<title>TRUUSK Benutbildningsb\u00e4nk - Vadmuskelliftmaskin Med Hjul - Sportutrustning F\u00f6r Fitness\u00f6vningar Hemma - St\u00e5l - Svart - TRUUSK - Hem, Tr\u00e4dg\u00e5rd &amp; Fritid<\/title>\n<meta name=\"robots\" content=\"index, follow, max-snippet:-1, max-image-preview:large, max-video-preview:-1\" \/>\n<link rel=\"canonical\" href=\"https:\/\/truusk.store\/sv\/produkt\/truusk-benutbildningsbank-vadmuskelliftmaskin-med-hjul-sportutrustning-for-fitnessovningar-hemma-stal-svart\/\" \/>\n<meta property=\"og:locale\" content=\"sv_SE\" \/>\n<meta property=\"og:type\" content=\"article\" \/>\n<meta property=\"og:title\" content=\"TRUUSK Benutbildningsb\u00e4nk - Vadmuskelliftmaskin Med Hjul - Sportutrustning F\u00f6r Fitness\u00f6vningar Hemma - St\u00e5l - Svart - TRUUSK - Hem, Tr\u00e4dg\u00e5rd &amp; Fritid\" \/>\n<meta property=\"og:description\" content=\"Har du problem med att bygga starka vader med din nuvarande hemutrustning? Oro f\u00f6r ostadiga enheter eller en enhetlig design...\" \/>\n<meta property=\"og:url\" content=\"https:\/\/truusk.store\/sv\/produkt\/truusk-benutbildningsbank-vadmuskelliftmaskin-med-hjul-sportutrustning-for-fitnessovningar-hemma-stal-svart\/\" \/>\n<meta property=\"og:site_name\" content=\"TRUUSK - Hem, Tr\u00e4dg\u00e5rd &amp; Fritid\" \/>\n<meta property=\"article:modified_time\" content=\"2026-03-12T07:45:27+00:00\" \/>\n<meta property=\"og:image\" content=\"https:\/\/i0.wp.com\/truusk.se\/wp-content\/uploads\/2025\/11\/benutbildningsbank-vadmuskelliftmaskin-med-hjul-sportutrustning-for-fitnessovningar-hemma-stal-svart-1.webp?fit=2000%2C2000&ssl=1\" \/>\n\t<meta property=\"og:image:width\" content=\"2000\" \/>\n\t<meta property=\"og:image:height\" content=\"2000\" \/>\n\t<meta property=\"og:image:type\" content=\"image\/webp\" \/>\n<meta name=\"twitter:card\" content=\"summary_large_image\" \/>\n<meta name=\"twitter:label1\" content=\"Ber\u00e4knad l\u00e4stid\" \/>\n\t<meta name=\"twitter:data1\" content=\"1 minut\" \/>\n<!-- \/ Yoast SEO plugin. -->","yoast_head_json":{"title":"TRUUSK Benutbildningsb\u00e4nk - Vadmuskelliftmaskin Med Hjul - Sportutrustning F\u00f6r Fitness\u00f6vningar Hemma - St\u00e5l - Svart - TRUUSK - Hem, Tr\u00e4dg\u00e5rd &amp; Fritid","robots":{"index":"index","follow":"follow","max-snippet":"max-snippet:-1","max-image-preview":"max-image-preview:large","max-video-preview":"max-video-preview:-1"},"canonical":"https:\/\/truusk.store\/sv\/produkt\/truusk-benutbildningsbank-vadmuskelliftmaskin-med-hjul-sportutrustning-for-fitnessovningar-hemma-stal-svart\/","og_locale":"sv_SE","og_type":"article","og_title":"TRUUSK Benutbildningsb\u00e4nk - Vadmuskelliftmaskin Med Hjul - Sportutrustning F\u00f6r Fitness\u00f6vningar Hemma - St\u00e5l - Svart - TRUUSK - Hem, Tr\u00e4dg\u00e5rd &amp; Fritid","og_description":"Har du problem med att bygga starka vader med din nuvarande hemutrustning? Oro f\u00f6r ostadiga enheter eller en enhetlig design...","og_url":"https:\/\/truusk.store\/sv\/produkt\/truusk-benutbildningsbank-vadmuskelliftmaskin-med-hjul-sportutrustning-for-fitnessovningar-hemma-stal-svart\/","og_site_name":"TRUUSK - Hem, Tr\u00e4dg\u00e5rd &amp; Fritid","article_modified_time":"2026-03-12T07:45:27+00:00","og_image":[{"width":2000,"height":2000,"url":"https:\/\/i0.wp.com\/truusk.se\/wp-content\/uploads\/2025\/11\/benutbildningsbank-vadmuskelliftmaskin-med-hjul-sportutrustning-for-fitnessovningar-hemma-stal-svart-1.webp?fit=2000%2C2000&ssl=1","type":"image\/webp"}],"twitter_card":"summary_large_image","twitter_misc":{"Ber\u00e4knad l\u00e4stid":"1 minut"},"schema":{"@context":"https:\/\/schema.org","@graph":[{"@type":"WebPage","@id":"https:\/\/truusk.store\/sv\/produkt\/truusk-benutbildningsbank-vadmuskelliftmaskin-med-hjul-sportutrustning-for-fitnessovningar-hemma-stal-svart\/","url":"https:\/\/truusk.store\/sv\/produkt\/truusk-benutbildningsbank-vadmuskelliftmaskin-med-hjul-sportutrustning-for-fitnessovningar-hemma-stal-svart\/","name":"TRUUSK Benutbildningsb\u00e4nk - Vadmuskelliftmaskin Med Hjul - Sportutrustning F\u00f6r Fitness\u00f6vningar Hemma - St\u00e5l - Svart - TRUUSK - Hem, Tr\u00e4dg\u00e5rd &amp; Fritid","isPartOf":{"@id":"https:\/\/truusk.store\/sv\/#website"},"primaryImageOfPage":{"@id":"https:\/\/truusk.store\/sv\/produkt\/truusk-benutbildningsbank-vadmuskelliftmaskin-med-hjul-sportutrustning-for-fitnessovningar-hemma-stal-svart\/#primaryimage"},"image":{"@id":"https:\/\/truusk.store\/sv\/produkt\/truusk-benutbildningsbank-vadmuskelliftmaskin-med-hjul-sportutrustning-for-fitnessovningar-hemma-stal-svart\/#primaryimage"},"thumbnailUrl":"https:\/\/i0.wp.com\/truusk.store\/wp-content\/uploads\/2025\/11\/benutbildningsbank-vadmuskelliftmaskin-med-hjul-sportutrustning-for-fitnessovningar-hemma-stal-svart-1.webp?fit=2000%2C2000&ssl=1","datePublished":"2025-11-24T07:41:40+00:00","dateModified":"2026-03-12T07:45:27+00:00","breadcrumb":{"@id":"https:\/\/truusk.store\/sv\/produkt\/truusk-benutbildningsbank-vadmuskelliftmaskin-med-hjul-sportutrustning-for-fitnessovningar-hemma-stal-svart\/#breadcrumb"},"inLanguage":"sv-SE","potentialAction":[{"@type":"ReadAction","target":["https:\/\/truusk.store\/sv\/produkt\/truusk-benutbildningsbank-vadmuskelliftmaskin-med-hjul-sportutrustning-for-fitnessovningar-hemma-stal-svart\/"]}]},{"@type":"ImageObject","inLanguage":"sv-SE","@id":"https:\/\/truusk.store\/sv\/produkt\/truusk-benutbildningsbank-vadmuskelliftmaskin-med-hjul-sportutrustning-for-fitnessovningar-hemma-stal-svart\/#primaryimage","url":"https:\/\/i0.wp.com\/truusk.store\/wp-content\/uploads\/2025\/11\/benutbildningsbank-vadmuskelliftmaskin-med-hjul-sportutrustning-for-fitnessovningar-hemma-stal-svart-1.webp?fit=2000%2C2000&ssl=1","contentUrl":"https:\/\/i0.wp.com\/truusk.store\/wp-content\/uploads\/2025\/11\/benutbildningsbank-vadmuskelliftmaskin-med-hjul-sportutrustning-for-fitnessovningar-hemma-stal-svart-1.webp?fit=2000%2C2000&ssl=1","width":2000,"height":2000},{"@type":"BreadcrumbList","@id":"https:\/\/truusk.store\/sv\/produkt\/truusk-benutbildningsbank-vadmuskelliftmaskin-med-hjul-sportutrustning-for-fitnessovningar-hemma-stal-svart\/#breadcrumb","itemListElement":[{"@type":"ListItem","position":1,"name":"Home","item":"https:\/\/truusk.store\/sv\/"},{"@type":"ListItem","position":2,"name":"Shop","item":"https:\/\/truusk.store\/shop\/"},{"@type":"ListItem","position":3,"name":"TRUUSK Benutbildningsb\u00e4nk &#8211; Vadmuskelliftmaskin Med Hjul &#8211; Sportutrustning F\u00f6r Fitness\u00f6vningar Hemma &#8211; St\u00e5l &#8211; Svart"}]},{"@type":"WebSite","@id":"https:\/\/truusk.store\/sv\/#website","url":"https:\/\/truusk.store\/sv\/","name":"TRUUSK - Hem, Tr\u00e4dg\u00e5rd & Fritid","description":"","publisher":{"@id":"https:\/\/truusk.store\/sv\/#organization"},"potentialAction":[{"@type":"SearchAction","target":{"@type":"EntryPoint","urlTemplate":"https:\/\/truusk.store\/sv\/?s={search_term_string}"},"query-input":{"@type":"PropertyValueSpecification","valueRequired":true,"valueName":"search_term_string"}}],"inLanguage":"sv-SE"},{"@type":"Organization","@id":"https:\/\/truusk.store\/sv\/#organization","name":"TRUUSK - Hem, Tr\u00e4dg\u00e5rd & Fritid","url":"https:\/\/truusk.store\/sv\/","logo":{"@type":"ImageObject","inLanguage":"sv-SE","@id":"https:\/\/truusk.store\/sv\/#\/schema\/logo\/image\/","url":"https:\/\/i0.wp.com\/truusk.store\/wp-content\/uploads\/2026\/03\/cropped-TRUUSK.png?fit=2032%2C917&ssl=1","contentUrl":"https:\/\/i0.wp.com\/truusk.store\/wp-content\/uploads\/2026\/03\/cropped-TRUUSK.png?fit=2032%2C917&ssl=1","width":2032,"height":917,"caption":"TRUUSK - Hem, Tr\u00e4dg\u00e5rd & Fritid"},"image":{"@id":"https:\/\/truusk.store\/sv\/#\/schema\/logo\/image\/"}}]}},"jetpack_sharing_enabled":true,"_links":{"self":[{"href":"https:\/\/truusk.store\/sv\/wp-json\/wp\/v2\/product\/95873","targetHints":{"allow":["GET"]}}],"collection":[{"href":"https:\/\/truusk.store\/sv\/wp-json\/wp\/v2\/product"}],"about":[{"href":"https:\/\/truusk.store\/sv\/wp-json\/wp\/v2\/types\/product"}],"wp:featuredmedia":[{"embeddable":true,"href":"https:\/\/truusk.store\/sv\/wp-json\/wp\/v2\/media\/95861"}],"wp:attachment":[{"href":"https:\/\/truusk.store\/sv\/wp-json\/wp\/v2\/media?parent=95873"}],"wp:term":[{"taxonomy":"product_brand","embeddable":true,"href":"https:\/\/truusk.store\/sv\/wp-json\/wp\/v2\/product_brand?post=95873"},{"taxonomy":"product_cat","embeddable":true,"href":"https:\/\/truusk.store\/sv\/wp-json\/wp\/v2\/product_cat?post=95873"},{"taxonomy":"product_tag","embeddable":true,"href":"https:\/\/truusk.store\/sv\/wp-json\/wp\/v2\/product_tag?post=95873"}],"curies":[{"name":"wp","href":"https:\/\/api.w.org\/{rel}","templated":true}]}}