{"id":95880,"date":"2025-11-24T08:42:26","date_gmt":"2025-11-24T07:42:26","guid":{"rendered":"https:\/\/truusk.store\/product\/enkelsangsram-traram-lador-pa-hjul-ingen-lamellbotten-behovs-90-x-200-cm-vit\/"},"modified":"2026-03-12T08:45:28","modified_gmt":"2026-03-12T07:45:28","slug":"truusk-enkelsangsram-i-tra-med-hjul-och-lador-90-x-200-cm-vit","status":"publish","type":"product","link":"https:\/\/truusk.store\/sv\/produkt\/truusk-enkelsangsram-i-tra-med-hjul-och-lador-90-x-200-cm-vit\/","title":{"rendered":"TRUUSK Enkels\u00e4ngsram i tr\u00e4 &#8211; Med hjul och l\u00e5dor &#8211; 90 x 200 cm &#8211; Vit"},"content":{"rendered":"<p>St\u00f6r ett ost\u00e4dat sovrum din vardag? Oordning och en ostadig s\u00e4ng kan p\u00e5verka avkopplingen. [BRAND NAME] enkels\u00e4ng med tv\u00e5 l\u00e5dor skapar ordning och reda. Den klara, vita designen p\u00e5 s\u00e4ngstommen livar upp rummet och den robusta ramen av furu garanterar en stabil, lugn s\u00f6mn, s\u00e5 att ditt sovrum blir en riktig plats f\u00f6r \u00e5terh\u00e4mtning.<\/p>\n<p>Beskrivning:<\/p>\n<ul>\n<li> En minimalistisk, vit design lyser upp ditt rum och passar till olika inredningsstilar<\/li>\n<li> Tillverkad av massivt furutr\u00e4 f\u00f6r en stabil, ostadig s\u00f6mnk\u00e4nsla<\/li>\n<li> 15 tr\u00e4ribbor i s\u00e4ngstommen ger en balanserad, j\u00e4mn st\u00f6d \u00f6ver hela s\u00e4ngramen<\/li>\n<li> Tv\u00e5 rymliga l\u00e5dor under s\u00e4ngen erbjuder stort f\u00f6rvaringsutrymme f\u00f6r kl\u00e4der<\/li>\n<li> L\u00e4ttglidande hjul g\u00f6r det enkelt att dra ut varje l\u00e5da<\/li>\n<li> Inf\u00e4lld ribbdesign h\u00e5ller din madrass p\u00e5 plats &#8211; inget mer glidande<\/li>\n<li> Enkel montering, ingen s\u00e4ngram beh\u00f6vs<\/li>\n<\/ul>\n<p> Tekniska specifikationer:<\/p>\n<ul>\n<li> F\u00e4rg: Vit<\/li>\n<li> Material: Furutr\u00e4, MDF<\/li>\n<li> Totala dimensioner: 207L x 98B x 82H cm<\/li>\n<li> Huvudgavelstorlek: 98B x 82H cm<\/li>\n<li> Fot\u00e4ndstorlek: 98B x 47H cm<\/li>\n<li> Rekommenderad madrassstorlek: 90B x 200L cm<\/li>\n<li> Inre l\u00e5dm\u00e5tt: 86B x 42D x 12,5H cm<\/li>\n<li> Maximal belastning: 120 kg<\/li>\n<\/ul>\n<p>Leverans inneh\u00e5ller:<\/p>\n<ul>\n<li> 1 x S\u00e4ngram<\/li>\n<li> 1 x Bruksanvisning<\/li>\n<\/ul>\n","protected":false},"excerpt":{"rendered":"<p>St\u00f6r ett ost\u00e4dat sovrum din vardag? Oordning och en ostadig s\u00e4ng kan p\u00e5verka avkopplingen. [BRAND NAME] enkels\u00e4ng med tv\u00e5 l\u00e5dor&#8230;<\/p>\n","protected":false},"featured_media":95867,"template":"","meta":[],"product_brand":[],"product_cat":[959,871,494,897],"product_tag":[],"class_list":{"0":"post-95880","1":"product","2":"type-product","3":"status-publish","4":"has-post-thumbnail","6":"product_cat-gastebetten","7":"product_cat-hus-hem","8":"product_cat-sangar","9":"product_cat-sovrum","11":"first","12":"instock","13":"sale","14":"taxable","15":"shipping-taxable","16":"purchasable","17":"product-type-simple"},"yoast_head":"<!-- This site is optimized with the Yoast SEO plugin v25.4 - https:\/\/yoast.com\/wordpress\/plugins\/seo\/ -->\n<title>TRUUSK Enkels\u00e4ngsram i tr\u00e4 - Med hjul och l\u00e5dor - 90 x 200 cm - Vit - TRUUSK - Hem, Tr\u00e4dg\u00e5rd &amp; Fritid<\/title>\n<meta name=\"robots\" content=\"index, follow, max-snippet:-1, max-image-preview:large, max-video-preview:-1\" \/>\n<link rel=\"canonical\" href=\"https:\/\/truusk.store\/sv\/produkt\/truusk-enkelsangsram-i-tra-med-hjul-och-lador-90-x-200-cm-vit\/\" \/>\n<meta property=\"og:locale\" content=\"sv_SE\" \/>\n<meta property=\"og:type\" content=\"article\" \/>\n<meta property=\"og:title\" content=\"TRUUSK Enkels\u00e4ngsram i tr\u00e4 - Med hjul och l\u00e5dor - 90 x 200 cm - Vit - TRUUSK - Hem, Tr\u00e4dg\u00e5rd &amp; Fritid\" \/>\n<meta property=\"og:description\" content=\"St\u00f6r ett ost\u00e4dat sovrum din vardag? Oordning och en ostadig s\u00e4ng kan p\u00e5verka avkopplingen. [BRAND NAME] enkels\u00e4ng med tv\u00e5 l\u00e5dor...\" \/>\n<meta property=\"og:url\" content=\"https:\/\/truusk.store\/sv\/produkt\/truusk-enkelsangsram-i-tra-med-hjul-och-lador-90-x-200-cm-vit\/\" \/>\n<meta property=\"og:site_name\" content=\"TRUUSK - Hem, Tr\u00e4dg\u00e5rd &amp; Fritid\" \/>\n<meta property=\"article:modified_time\" content=\"2026-03-12T07:45:28+00:00\" \/>\n<meta property=\"og:image\" content=\"https:\/\/i0.wp.com\/truusk.se\/wp-content\/uploads\/2025\/11\/enkelsangsram-traram-lador-pa-hjul-ingen-lamellbotten-behovs-90-x-200-cm-vit-1.webp?fit=2000%2C2000&ssl=1\" \/>\n\t<meta property=\"og:image:width\" content=\"2000\" \/>\n\t<meta property=\"og:image:height\" content=\"2000\" \/>\n\t<meta property=\"og:image:type\" content=\"image\/webp\" \/>\n<meta name=\"twitter:card\" content=\"summary_large_image\" \/>\n<meta name=\"twitter:label1\" content=\"Ber\u00e4knad l\u00e4stid\" \/>\n\t<meta name=\"twitter:data1\" content=\"1 minut\" \/>\n<!-- \/ Yoast SEO plugin. -->","yoast_head_json":{"title":"TRUUSK Enkels\u00e4ngsram i tr\u00e4 - Med hjul och l\u00e5dor - 90 x 200 cm - Vit - TRUUSK - Hem, Tr\u00e4dg\u00e5rd &amp; Fritid","robots":{"index":"index","follow":"follow","max-snippet":"max-snippet:-1","max-image-preview":"max-image-preview:large","max-video-preview":"max-video-preview:-1"},"canonical":"https:\/\/truusk.store\/sv\/produkt\/truusk-enkelsangsram-i-tra-med-hjul-och-lador-90-x-200-cm-vit\/","og_locale":"sv_SE","og_type":"article","og_title":"TRUUSK Enkels\u00e4ngsram i tr\u00e4 - Med hjul och l\u00e5dor - 90 x 200 cm - Vit - TRUUSK - Hem, Tr\u00e4dg\u00e5rd &amp; Fritid","og_description":"St\u00f6r ett ost\u00e4dat sovrum din vardag? Oordning och en ostadig s\u00e4ng kan p\u00e5verka avkopplingen. [BRAND NAME] enkels\u00e4ng med tv\u00e5 l\u00e5dor...","og_url":"https:\/\/truusk.store\/sv\/produkt\/truusk-enkelsangsram-i-tra-med-hjul-och-lador-90-x-200-cm-vit\/","og_site_name":"TRUUSK - Hem, Tr\u00e4dg\u00e5rd &amp; Fritid","article_modified_time":"2026-03-12T07:45:28+00:00","og_image":[{"width":2000,"height":2000,"url":"https:\/\/i0.wp.com\/truusk.se\/wp-content\/uploads\/2025\/11\/enkelsangsram-traram-lador-pa-hjul-ingen-lamellbotten-behovs-90-x-200-cm-vit-1.webp?fit=2000%2C2000&ssl=1","type":"image\/webp"}],"twitter_card":"summary_large_image","twitter_misc":{"Ber\u00e4knad l\u00e4stid":"1 minut"},"schema":{"@context":"https:\/\/schema.org","@graph":[{"@type":"WebPage","@id":"https:\/\/truusk.store\/sv\/produkt\/truusk-enkelsangsram-i-tra-med-hjul-och-lador-90-x-200-cm-vit\/","url":"https:\/\/truusk.store\/sv\/produkt\/truusk-enkelsangsram-i-tra-med-hjul-och-lador-90-x-200-cm-vit\/","name":"TRUUSK Enkels\u00e4ngsram i tr\u00e4 - Med hjul och l\u00e5dor - 90 x 200 cm - Vit - TRUUSK - Hem, Tr\u00e4dg\u00e5rd &amp; Fritid","isPartOf":{"@id":"https:\/\/truusk.store\/sv\/#website"},"primaryImageOfPage":{"@id":"https:\/\/truusk.store\/sv\/produkt\/truusk-enkelsangsram-i-tra-med-hjul-och-lador-90-x-200-cm-vit\/#primaryimage"},"image":{"@id":"https:\/\/truusk.store\/sv\/produkt\/truusk-enkelsangsram-i-tra-med-hjul-och-lador-90-x-200-cm-vit\/#primaryimage"},"thumbnailUrl":"https:\/\/i0.wp.com\/truusk.store\/wp-content\/uploads\/2025\/11\/enkelsangsram-traram-lador-pa-hjul-ingen-lamellbotten-behovs-90-x-200-cm-vit-1.webp?fit=2000%2C2000&ssl=1","datePublished":"2025-11-24T07:42:26+00:00","dateModified":"2026-03-12T07:45:28+00:00","breadcrumb":{"@id":"https:\/\/truusk.store\/sv\/produkt\/truusk-enkelsangsram-i-tra-med-hjul-och-lador-90-x-200-cm-vit\/#breadcrumb"},"inLanguage":"sv-SE","potentialAction":[{"@type":"ReadAction","target":["https:\/\/truusk.store\/sv\/produkt\/truusk-enkelsangsram-i-tra-med-hjul-och-lador-90-x-200-cm-vit\/"]}]},{"@type":"ImageObject","inLanguage":"sv-SE","@id":"https:\/\/truusk.store\/sv\/produkt\/truusk-enkelsangsram-i-tra-med-hjul-och-lador-90-x-200-cm-vit\/#primaryimage","url":"https:\/\/i0.wp.com\/truusk.store\/wp-content\/uploads\/2025\/11\/enkelsangsram-traram-lador-pa-hjul-ingen-lamellbotten-behovs-90-x-200-cm-vit-1.webp?fit=2000%2C2000&ssl=1","contentUrl":"https:\/\/i0.wp.com\/truusk.store\/wp-content\/uploads\/2025\/11\/enkelsangsram-traram-lador-pa-hjul-ingen-lamellbotten-behovs-90-x-200-cm-vit-1.webp?fit=2000%2C2000&ssl=1","width":2000,"height":2000},{"@type":"BreadcrumbList","@id":"https:\/\/truusk.store\/sv\/produkt\/truusk-enkelsangsram-i-tra-med-hjul-och-lador-90-x-200-cm-vit\/#breadcrumb","itemListElement":[{"@type":"ListItem","position":1,"name":"Home","item":"https:\/\/truusk.store\/sv\/"},{"@type":"ListItem","position":2,"name":"Shop","item":"https:\/\/truusk.store\/shop\/"},{"@type":"ListItem","position":3,"name":"TRUUSK Enkels\u00e4ngsram i tr\u00e4 &#8211; Med hjul och l\u00e5dor &#8211; 90 x 200 cm &#8211; Vit"}]},{"@type":"WebSite","@id":"https:\/\/truusk.store\/sv\/#website","url":"https:\/\/truusk.store\/sv\/","name":"TRUUSK - Hem, Tr\u00e4dg\u00e5rd & Fritid","description":"","publisher":{"@id":"https:\/\/truusk.store\/sv\/#organization"},"potentialAction":[{"@type":"SearchAction","target":{"@type":"EntryPoint","urlTemplate":"https:\/\/truusk.store\/sv\/?s={search_term_string}"},"query-input":{"@type":"PropertyValueSpecification","valueRequired":true,"valueName":"search_term_string"}}],"inLanguage":"sv-SE"},{"@type":"Organization","@id":"https:\/\/truusk.store\/sv\/#organization","name":"TRUUSK - Hem, Tr\u00e4dg\u00e5rd & Fritid","url":"https:\/\/truusk.store\/sv\/","logo":{"@type":"ImageObject","inLanguage":"sv-SE","@id":"https:\/\/truusk.store\/sv\/#\/schema\/logo\/image\/","url":"https:\/\/i0.wp.com\/truusk.store\/wp-content\/uploads\/2026\/03\/cropped-TRUUSK.png?fit=2032%2C917&ssl=1","contentUrl":"https:\/\/i0.wp.com\/truusk.store\/wp-content\/uploads\/2026\/03\/cropped-TRUUSK.png?fit=2032%2C917&ssl=1","width":2032,"height":917,"caption":"TRUUSK - Hem, Tr\u00e4dg\u00e5rd & Fritid"},"image":{"@id":"https:\/\/truusk.store\/sv\/#\/schema\/logo\/image\/"}}]}},"jetpack_sharing_enabled":true,"_links":{"self":[{"href":"https:\/\/truusk.store\/sv\/wp-json\/wp\/v2\/product\/95880","targetHints":{"allow":["GET"]}}],"collection":[{"href":"https:\/\/truusk.store\/sv\/wp-json\/wp\/v2\/product"}],"about":[{"href":"https:\/\/truusk.store\/sv\/wp-json\/wp\/v2\/types\/product"}],"wp:featuredmedia":[{"embeddable":true,"href":"https:\/\/truusk.store\/sv\/wp-json\/wp\/v2\/media\/95867"}],"wp:attachment":[{"href":"https:\/\/truusk.store\/sv\/wp-json\/wp\/v2\/media?parent=95880"}],"wp:term":[{"taxonomy":"product_brand","embeddable":true,"href":"https:\/\/truusk.store\/sv\/wp-json\/wp\/v2\/product_brand?post=95880"},{"taxonomy":"product_cat","embeddable":true,"href":"https:\/\/truusk.store\/sv\/wp-json\/wp\/v2\/product_cat?post=95880"},{"taxonomy":"product_tag","embeddable":true,"href":"https:\/\/truusk.store\/sv\/wp-json\/wp\/v2\/product_tag?post=95880"}],"curies":[{"name":"wp","href":"https:\/\/api.w.org\/{rel}","templated":true}]}}