{"id":95956,"date":"2025-11-24T08:50:27","date_gmt":"2025-11-24T07:50:27","guid":{"rendered":"https:\/\/truusk.store\/product\/5-l-soptunna-frittstaende-eller-hangande-placering-rostfritt-stal-kramvit\/"},"modified":"2026-03-12T08:47:08","modified_gmt":"2026-03-12T07:47:08","slug":"truusk-5-l-sopkorg-fristaende-eller-hangande-placering-rostfritt-stal-kramvit","status":"publish","type":"product","link":"https:\/\/truusk.store\/sv\/produkt\/truusk-5-l-sopkorg-fristaende-eller-hangande-placering-rostfritt-stal-kramvit\/","title":{"rendered":"TRUUSK 5 L Sopkorg &#8211; Frist\u00e5ende eller H\u00e4ngande Placering &#8211; Rostfritt St\u00e5l &#8211; Kr\u00e4mvit"},"content":{"rendered":"<p>Uppt\u00e4ck [BRAND NAME] soptunna med lock: stilfull och utrymmesbesparande, perfekt f\u00f6r alla milj\u00f6er. Oavsett om den \u00e4r frist\u00e5ende eller h\u00e4ngande p\u00e5 en diskd\u00f6rr &#8211; med 5L kapacitet och ett alltid \u00f6ppet lock st\u00f6djer den effektivt ditt k\u00f6ksarbete. Den l\u00f6stagbara inre hinken f\u00f6renklar ocks\u00e5 reng\u00f6ringen. Tillverkad av borstad rostfritt st\u00e5l garanterar soptunnan renlighet och elegans.<\/p>\n<p>Beskrivning:<\/p>\n<ul>\n<li> Den dubbla placeringsm\u00f6jligheten (frist\u00e5ende och h\u00e4ngande) f\u00f6rb\u00e4ttrar utrymmesanv\u00e4ndningen i varje rum<\/li>\n<li> Den kompakta 5 L badrumspapperskorgen passar perfekt i k\u00f6k, kontor, sovrum, studierum eller andra sm\u00e5 utrymmen<\/li>\n<li> Locken p\u00e5 badrumspapperskorgen f\u00f6rblir \u00f6ppen, vilket underl\u00e4ttar multitasking under matlagningen<\/li>\n<li> Har en l\u00f6stagbar inre hink, vilket g\u00f6r avfallshantering och reng\u00f6ring exceptionellt enkelt<\/li>\n<li> Tidl\u00f6st borstat rostfritt st\u00e5l p\u00e5 soptunnan \u00e4r fingeravtrycksresistent och ger d\u00e4rf\u00f6r ett rent utseende<\/li>\n<li> En inbyggd ring s\u00e4krar sopp\u00e5sen och f\u00f6rhindrar r\u00f6riga glidningar och glidningar<\/li>\n<\/ul>\n<p> Tekniska data:<\/p>\n<ul>\n<li> F\u00e4rg: Kr\u00e4mvit+Svart<\/li>\n<li> Material: 410 rostfritt st\u00e5l, plast<\/li>\n<li> Totala dimensioner: 21,5L x 19,5B x 30H cm<\/li>\n<li> Storlek p\u00e5 inre hink: 19L x 12B x 25,5H cm<\/li>\n<li> Kapacitet: 5 L<\/li>\n<li> Maximal lock\u00f6ppningsh\u00f6jd: 42 cm<\/li>\n<li> Maximal d\u00f6rrtjocklek f\u00f6r krokar: 2,5 cm<\/li>\n<\/ul>\n<p>Leveransinneh\u00e5ll:<\/p>\n<ul>\n<li> 1 x k\u00f6kspapperskorg<\/li>\n<li> 1 x bruksanvisning<\/li>\n<\/ul>\n","protected":false},"excerpt":{"rendered":"<p>Uppt\u00e4ck [BRAND NAME] soptunna med lock: stilfull och utrymmesbesparande, perfekt f\u00f6r alla milj\u00f6er. Oavsett om den \u00e4r frist\u00e5ende eller h\u00e4ngande&#8230;<\/p>\n","protected":false},"featured_media":95939,"template":"","meta":[],"product_brand":[],"product_cat":[867,869,870],"product_tag":[],"class_list":{"0":"post-95956","1":"product","2":"type-product","3":"status-publish","4":"has-post-thumbnail","6":"product_cat-byggmarknad","7":"product_cat-rengoring-ordning","8":"product_cat-sopkorgar","10":"first","11":"instock","12":"sale","13":"taxable","14":"shipping-taxable","15":"purchasable","16":"product-type-simple"},"yoast_head":"<!-- This site is optimized with the Yoast SEO plugin v25.4 - https:\/\/yoast.com\/wordpress\/plugins\/seo\/ -->\n<title>TRUUSK 5 L Sopkorg - Frist\u00e5ende eller H\u00e4ngande Placering - Rostfritt St\u00e5l - Kr\u00e4mvit - TRUUSK - Hem, Tr\u00e4dg\u00e5rd &amp; Fritid<\/title>\n<meta name=\"robots\" content=\"index, follow, max-snippet:-1, max-image-preview:large, max-video-preview:-1\" \/>\n<link rel=\"canonical\" href=\"https:\/\/truusk.store\/sv\/produkt\/truusk-5-l-sopkorg-fristaende-eller-hangande-placering-rostfritt-stal-kramvit\/\" \/>\n<meta property=\"og:locale\" content=\"sv_SE\" \/>\n<meta property=\"og:type\" content=\"article\" \/>\n<meta property=\"og:title\" content=\"TRUUSK 5 L Sopkorg - Frist\u00e5ende eller H\u00e4ngande Placering - Rostfritt St\u00e5l - Kr\u00e4mvit - TRUUSK - Hem, Tr\u00e4dg\u00e5rd &amp; Fritid\" \/>\n<meta property=\"og:description\" content=\"Uppt\u00e4ck [BRAND NAME] soptunna med lock: stilfull och utrymmesbesparande, perfekt f\u00f6r alla milj\u00f6er. Oavsett om den \u00e4r frist\u00e5ende eller h\u00e4ngande...\" \/>\n<meta property=\"og:url\" content=\"https:\/\/truusk.store\/sv\/produkt\/truusk-5-l-sopkorg-fristaende-eller-hangande-placering-rostfritt-stal-kramvit\/\" \/>\n<meta property=\"og:site_name\" content=\"TRUUSK - Hem, Tr\u00e4dg\u00e5rd &amp; Fritid\" \/>\n<meta property=\"article:modified_time\" content=\"2026-03-12T07:47:08+00:00\" \/>\n<meta property=\"og:image\" content=\"https:\/\/i0.wp.com\/truusk.se\/wp-content\/uploads\/2025\/11\/5-l-soptunna-frittstaende-eller-hangande-placering-rostfritt-stal-kramvit-1.webp?fit=2000%2C2000&ssl=1\" \/>\n\t<meta property=\"og:image:width\" content=\"2000\" \/>\n\t<meta property=\"og:image:height\" content=\"2000\" \/>\n\t<meta property=\"og:image:type\" content=\"image\/webp\" \/>\n<meta name=\"twitter:card\" content=\"summary_large_image\" \/>\n<meta name=\"twitter:label1\" content=\"Ber\u00e4knad l\u00e4stid\" \/>\n\t<meta name=\"twitter:data1\" content=\"1 minut\" \/>\n<!-- \/ Yoast SEO plugin. -->","yoast_head_json":{"title":"TRUUSK 5 L Sopkorg - Frist\u00e5ende eller H\u00e4ngande Placering - Rostfritt St\u00e5l - Kr\u00e4mvit - TRUUSK - Hem, Tr\u00e4dg\u00e5rd &amp; Fritid","robots":{"index":"index","follow":"follow","max-snippet":"max-snippet:-1","max-image-preview":"max-image-preview:large","max-video-preview":"max-video-preview:-1"},"canonical":"https:\/\/truusk.store\/sv\/produkt\/truusk-5-l-sopkorg-fristaende-eller-hangande-placering-rostfritt-stal-kramvit\/","og_locale":"sv_SE","og_type":"article","og_title":"TRUUSK 5 L Sopkorg - Frist\u00e5ende eller H\u00e4ngande Placering - Rostfritt St\u00e5l - Kr\u00e4mvit - TRUUSK - Hem, Tr\u00e4dg\u00e5rd &amp; Fritid","og_description":"Uppt\u00e4ck [BRAND NAME] soptunna med lock: stilfull och utrymmesbesparande, perfekt f\u00f6r alla milj\u00f6er. Oavsett om den \u00e4r frist\u00e5ende eller h\u00e4ngande...","og_url":"https:\/\/truusk.store\/sv\/produkt\/truusk-5-l-sopkorg-fristaende-eller-hangande-placering-rostfritt-stal-kramvit\/","og_site_name":"TRUUSK - Hem, Tr\u00e4dg\u00e5rd &amp; Fritid","article_modified_time":"2026-03-12T07:47:08+00:00","og_image":[{"width":2000,"height":2000,"url":"https:\/\/i0.wp.com\/truusk.se\/wp-content\/uploads\/2025\/11\/5-l-soptunna-frittstaende-eller-hangande-placering-rostfritt-stal-kramvit-1.webp?fit=2000%2C2000&ssl=1","type":"image\/webp"}],"twitter_card":"summary_large_image","twitter_misc":{"Ber\u00e4knad l\u00e4stid":"1 minut"},"schema":{"@context":"https:\/\/schema.org","@graph":[{"@type":"WebPage","@id":"https:\/\/truusk.store\/sv\/produkt\/truusk-5-l-sopkorg-fristaende-eller-hangande-placering-rostfritt-stal-kramvit\/","url":"https:\/\/truusk.store\/sv\/produkt\/truusk-5-l-sopkorg-fristaende-eller-hangande-placering-rostfritt-stal-kramvit\/","name":"TRUUSK 5 L Sopkorg - Frist\u00e5ende eller H\u00e4ngande Placering - Rostfritt St\u00e5l - Kr\u00e4mvit - TRUUSK - Hem, Tr\u00e4dg\u00e5rd &amp; Fritid","isPartOf":{"@id":"https:\/\/truusk.store\/sv\/#website"},"primaryImageOfPage":{"@id":"https:\/\/truusk.store\/sv\/produkt\/truusk-5-l-sopkorg-fristaende-eller-hangande-placering-rostfritt-stal-kramvit\/#primaryimage"},"image":{"@id":"https:\/\/truusk.store\/sv\/produkt\/truusk-5-l-sopkorg-fristaende-eller-hangande-placering-rostfritt-stal-kramvit\/#primaryimage"},"thumbnailUrl":"https:\/\/i0.wp.com\/truusk.store\/wp-content\/uploads\/2025\/11\/5-l-soptunna-frittstaende-eller-hangande-placering-rostfritt-stal-kramvit-1.webp?fit=2000%2C2000&ssl=1","datePublished":"2025-11-24T07:50:27+00:00","dateModified":"2026-03-12T07:47:08+00:00","breadcrumb":{"@id":"https:\/\/truusk.store\/sv\/produkt\/truusk-5-l-sopkorg-fristaende-eller-hangande-placering-rostfritt-stal-kramvit\/#breadcrumb"},"inLanguage":"sv-SE","potentialAction":[{"@type":"ReadAction","target":["https:\/\/truusk.store\/sv\/produkt\/truusk-5-l-sopkorg-fristaende-eller-hangande-placering-rostfritt-stal-kramvit\/"]}]},{"@type":"ImageObject","inLanguage":"sv-SE","@id":"https:\/\/truusk.store\/sv\/produkt\/truusk-5-l-sopkorg-fristaende-eller-hangande-placering-rostfritt-stal-kramvit\/#primaryimage","url":"https:\/\/i0.wp.com\/truusk.store\/wp-content\/uploads\/2025\/11\/5-l-soptunna-frittstaende-eller-hangande-placering-rostfritt-stal-kramvit-1.webp?fit=2000%2C2000&ssl=1","contentUrl":"https:\/\/i0.wp.com\/truusk.store\/wp-content\/uploads\/2025\/11\/5-l-soptunna-frittstaende-eller-hangande-placering-rostfritt-stal-kramvit-1.webp?fit=2000%2C2000&ssl=1","width":2000,"height":2000},{"@type":"BreadcrumbList","@id":"https:\/\/truusk.store\/sv\/produkt\/truusk-5-l-sopkorg-fristaende-eller-hangande-placering-rostfritt-stal-kramvit\/#breadcrumb","itemListElement":[{"@type":"ListItem","position":1,"name":"Home","item":"https:\/\/truusk.store\/sv\/"},{"@type":"ListItem","position":2,"name":"Shop","item":"https:\/\/truusk.store\/shop\/"},{"@type":"ListItem","position":3,"name":"TRUUSK 5 L Sopkorg &#8211; Frist\u00e5ende eller H\u00e4ngande Placering &#8211; Rostfritt St\u00e5l &#8211; Kr\u00e4mvit"}]},{"@type":"WebSite","@id":"https:\/\/truusk.store\/sv\/#website","url":"https:\/\/truusk.store\/sv\/","name":"TRUUSK - Hem, Tr\u00e4dg\u00e5rd & Fritid","description":"","publisher":{"@id":"https:\/\/truusk.store\/sv\/#organization"},"potentialAction":[{"@type":"SearchAction","target":{"@type":"EntryPoint","urlTemplate":"https:\/\/truusk.store\/sv\/?s={search_term_string}"},"query-input":{"@type":"PropertyValueSpecification","valueRequired":true,"valueName":"search_term_string"}}],"inLanguage":"sv-SE"},{"@type":"Organization","@id":"https:\/\/truusk.store\/sv\/#organization","name":"TRUUSK - Hem, Tr\u00e4dg\u00e5rd & Fritid","url":"https:\/\/truusk.store\/sv\/","logo":{"@type":"ImageObject","inLanguage":"sv-SE","@id":"https:\/\/truusk.store\/sv\/#\/schema\/logo\/image\/","url":"https:\/\/i0.wp.com\/truusk.store\/wp-content\/uploads\/2026\/03\/cropped-TRUUSK.png?fit=2032%2C917&ssl=1","contentUrl":"https:\/\/i0.wp.com\/truusk.store\/wp-content\/uploads\/2026\/03\/cropped-TRUUSK.png?fit=2032%2C917&ssl=1","width":2032,"height":917,"caption":"TRUUSK - Hem, Tr\u00e4dg\u00e5rd & Fritid"},"image":{"@id":"https:\/\/truusk.store\/sv\/#\/schema\/logo\/image\/"}}]}},"jetpack_sharing_enabled":true,"_links":{"self":[{"href":"https:\/\/truusk.store\/sv\/wp-json\/wp\/v2\/product\/95956","targetHints":{"allow":["GET"]}}],"collection":[{"href":"https:\/\/truusk.store\/sv\/wp-json\/wp\/v2\/product"}],"about":[{"href":"https:\/\/truusk.store\/sv\/wp-json\/wp\/v2\/types\/product"}],"wp:featuredmedia":[{"embeddable":true,"href":"https:\/\/truusk.store\/sv\/wp-json\/wp\/v2\/media\/95939"}],"wp:attachment":[{"href":"https:\/\/truusk.store\/sv\/wp-json\/wp\/v2\/media?parent=95956"}],"wp:term":[{"taxonomy":"product_brand","embeddable":true,"href":"https:\/\/truusk.store\/sv\/wp-json\/wp\/v2\/product_brand?post=95956"},{"taxonomy":"product_cat","embeddable":true,"href":"https:\/\/truusk.store\/sv\/wp-json\/wp\/v2\/product_cat?post=95956"},{"taxonomy":"product_tag","embeddable":true,"href":"https:\/\/truusk.store\/sv\/wp-json\/wp\/v2\/product_tag?post=95956"}],"curies":[{"name":"wp","href":"https:\/\/api.w.org\/{rel}","templated":true}]}}