{"id":95981,"date":"2025-11-24T08:52:57","date_gmt":"2025-11-24T07:52:57","guid":{"rendered":"https:\/\/truusk.store\/product\/nattduksbord-i-stal-sidobord-for-olika-andamal-justerbar-hylla-for-sovrum-vardagsrum-vit\/"},"modified":"2026-03-12T08:48:13","modified_gmt":"2026-03-12T07:48:13","slug":"truusk-stal-nattduksbord-sidobord-med-justerbar-hylla-for-sovrum-och-vardagsrum-vit","status":"publish","type":"product","link":"https:\/\/truusk.store\/sv\/produkt\/truusk-stal-nattduksbord-sidobord-med-justerbar-hylla-for-sovrum-och-vardagsrum-vit\/","title":{"rendered":"TRUUSK St\u00e5l Nattduksbord &#8211; Sidobord med Justerbar Hylla &#8211; F\u00f6r Sovrum och Vardagsrum &#8211; Vit"},"content":{"rendered":"<p>Detta [BRAND NAME] nattduksbord \u00f6vertygar med sin enkla och luftiga design. De naturliga ventilations\u00f6ppningarna och de klara linjerna ger en fr\u00e4sch, modern atmosf\u00e4r, medan det justerbara facket h\u00e5ller dina nattliga v\u00e4sentligheter till hands. Kompakt och idealisk f\u00f6r sm\u00e5 sovrum eller ljusa vardagsrum, erbjuder det diskret charm utan att ta upp utrymme. St\u00e5lramen ger solid stabilitet och g\u00f6r nattduksbordet till en p\u00e5litlig f\u00f6ljeslagare i din vardag.<\/p>\n<p>Beskrivning:<\/p>\n<ul>\n<li> H\u00e5ll kv\u00e4llsbehov till hands, med en hylla f\u00f6r glas\u00f6gon, telefon eller drycker<\/li>\n<li> 3-stegs justerbar hylla p\u00e5 nattduksbordet anpassar sig till b\u00f6cker av olika storlekar och ger ordnad f\u00f6rvaring<\/li>\n<li> Stark st\u00e5lram p\u00e5 nattduksbordet b\u00e4r upp till 50 kg och justerbara fotdynor ger stabilitet<\/li>\n<li> Kompakt storlek p\u00e5 nattduksbordet passar perfekt i mysiga sovrum eller h\u00f6rn<\/li>\n<li> Ventilations\u00f6ppningar ger en modern touch och ger en fr\u00e4sch k\u00e4nsla i rummet<\/li>\n<li> Fungerar som nattduksbord, sidobord eller soffbord i alla rum i ditt hem<\/li>\n<li> 15,8 cm fritt utrymme under nattduksbordet g\u00f6r det l\u00e4ttare f\u00f6r robotdammsugare att reng\u00f6ra under det<\/li>\n<li> Enkel montering kr\u00e4vs<\/li>\n<\/ul>\n<p> Tekniska data:<\/p>\n<ul>\n<li> F\u00e4rg: Vit<\/li>\n<li> Material: St\u00e5l<\/li>\n<li> Totala dimensioner: 40B x 40T x 56H cm<\/li>\n<li> Inre dimensioner: 39,8B x 35T x 39,1H cm<\/li>\n<li> Undre golvh\u00f6jd: 15,8H cm<\/li>\n<li> Maximal belastning: 20 kg (hylla), 50 kg (totalt)<\/li>\n<\/ul>\n<p>Leveransinneh\u00e5ll:<\/p>\n<ul>\n<li> 1 x nattduksbord<\/li>\n<li> 1 x bruksanvisning<\/li>\n<\/ul>\n","protected":false},"excerpt":{"rendered":"<p>Detta [BRAND NAME] nattduksbord \u00f6vertygar med sin enkla och luftiga design. De naturliga ventilations\u00f6ppningarna och de klara linjerna ger en&#8230;<\/p>\n","protected":false},"featured_media":95970,"template":"","meta":[],"product_brand":[],"product_cat":[871,506,897],"product_tag":[],"class_list":{"0":"post-95981","1":"product","2":"type-product","3":"status-publish","4":"has-post-thumbnail","6":"product_cat-hus-hem","7":"product_cat-nattduksbord","8":"product_cat-sovrum","10":"first","11":"instock","12":"sale","13":"taxable","14":"shipping-taxable","15":"purchasable","16":"product-type-simple"},"yoast_head":"<!-- This site is optimized with the Yoast SEO plugin v25.4 - https:\/\/yoast.com\/wordpress\/plugins\/seo\/ -->\n<title>TRUUSK St\u00e5l Nattduksbord - Sidobord med Justerbar Hylla - F\u00f6r Sovrum och Vardagsrum - Vit - TRUUSK - Hem, Tr\u00e4dg\u00e5rd &amp; Fritid<\/title>\n<meta name=\"robots\" content=\"index, follow, max-snippet:-1, max-image-preview:large, max-video-preview:-1\" \/>\n<link rel=\"canonical\" href=\"https:\/\/truusk.store\/sv\/produkt\/truusk-stal-nattduksbord-sidobord-med-justerbar-hylla-for-sovrum-och-vardagsrum-vit\/\" \/>\n<meta property=\"og:locale\" content=\"sv_SE\" \/>\n<meta property=\"og:type\" content=\"article\" \/>\n<meta property=\"og:title\" content=\"TRUUSK St\u00e5l Nattduksbord - Sidobord med Justerbar Hylla - F\u00f6r Sovrum och Vardagsrum - Vit - TRUUSK - Hem, Tr\u00e4dg\u00e5rd &amp; Fritid\" \/>\n<meta property=\"og:description\" content=\"Detta [BRAND NAME] nattduksbord \u00f6vertygar med sin enkla och luftiga design. De naturliga ventilations\u00f6ppningarna och de klara linjerna ger en...\" \/>\n<meta property=\"og:url\" content=\"https:\/\/truusk.store\/sv\/produkt\/truusk-stal-nattduksbord-sidobord-med-justerbar-hylla-for-sovrum-och-vardagsrum-vit\/\" \/>\n<meta property=\"og:site_name\" content=\"TRUUSK - Hem, Tr\u00e4dg\u00e5rd &amp; Fritid\" \/>\n<meta property=\"article:modified_time\" content=\"2026-03-12T07:48:13+00:00\" \/>\n<meta property=\"og:image\" content=\"https:\/\/i0.wp.com\/truusk.se\/wp-content\/uploads\/2025\/11\/nattduksbord-i-stal-sidobord-for-olika-andamal-justerbar-hylla-for-sovrum-vardagsrum-vit-1.webp?fit=2000%2C2000&ssl=1\" \/>\n\t<meta property=\"og:image:width\" content=\"2000\" \/>\n\t<meta property=\"og:image:height\" content=\"2000\" \/>\n\t<meta property=\"og:image:type\" content=\"image\/webp\" \/>\n<meta name=\"twitter:card\" content=\"summary_large_image\" \/>\n<meta name=\"twitter:label1\" content=\"Ber\u00e4knad l\u00e4stid\" \/>\n\t<meta name=\"twitter:data1\" content=\"1 minut\" \/>\n<!-- \/ Yoast SEO plugin. -->","yoast_head_json":{"title":"TRUUSK St\u00e5l Nattduksbord - Sidobord med Justerbar Hylla - F\u00f6r Sovrum och Vardagsrum - Vit - TRUUSK - Hem, Tr\u00e4dg\u00e5rd &amp; Fritid","robots":{"index":"index","follow":"follow","max-snippet":"max-snippet:-1","max-image-preview":"max-image-preview:large","max-video-preview":"max-video-preview:-1"},"canonical":"https:\/\/truusk.store\/sv\/produkt\/truusk-stal-nattduksbord-sidobord-med-justerbar-hylla-for-sovrum-och-vardagsrum-vit\/","og_locale":"sv_SE","og_type":"article","og_title":"TRUUSK St\u00e5l Nattduksbord - Sidobord med Justerbar Hylla - F\u00f6r Sovrum och Vardagsrum - Vit - TRUUSK - Hem, Tr\u00e4dg\u00e5rd &amp; Fritid","og_description":"Detta [BRAND NAME] nattduksbord \u00f6vertygar med sin enkla och luftiga design. De naturliga ventilations\u00f6ppningarna och de klara linjerna ger en...","og_url":"https:\/\/truusk.store\/sv\/produkt\/truusk-stal-nattduksbord-sidobord-med-justerbar-hylla-for-sovrum-och-vardagsrum-vit\/","og_site_name":"TRUUSK - Hem, Tr\u00e4dg\u00e5rd &amp; Fritid","article_modified_time":"2026-03-12T07:48:13+00:00","og_image":[{"width":2000,"height":2000,"url":"https:\/\/i0.wp.com\/truusk.se\/wp-content\/uploads\/2025\/11\/nattduksbord-i-stal-sidobord-for-olika-andamal-justerbar-hylla-for-sovrum-vardagsrum-vit-1.webp?fit=2000%2C2000&ssl=1","type":"image\/webp"}],"twitter_card":"summary_large_image","twitter_misc":{"Ber\u00e4knad l\u00e4stid":"1 minut"},"schema":{"@context":"https:\/\/schema.org","@graph":[{"@type":"WebPage","@id":"https:\/\/truusk.store\/sv\/produkt\/truusk-stal-nattduksbord-sidobord-med-justerbar-hylla-for-sovrum-och-vardagsrum-vit\/","url":"https:\/\/truusk.store\/sv\/produkt\/truusk-stal-nattduksbord-sidobord-med-justerbar-hylla-for-sovrum-och-vardagsrum-vit\/","name":"TRUUSK St\u00e5l Nattduksbord - Sidobord med Justerbar Hylla - F\u00f6r Sovrum och Vardagsrum - Vit - TRUUSK - Hem, Tr\u00e4dg\u00e5rd &amp; Fritid","isPartOf":{"@id":"https:\/\/truusk.store\/sv\/#website"},"primaryImageOfPage":{"@id":"https:\/\/truusk.store\/sv\/produkt\/truusk-stal-nattduksbord-sidobord-med-justerbar-hylla-for-sovrum-och-vardagsrum-vit\/#primaryimage"},"image":{"@id":"https:\/\/truusk.store\/sv\/produkt\/truusk-stal-nattduksbord-sidobord-med-justerbar-hylla-for-sovrum-och-vardagsrum-vit\/#primaryimage"},"thumbnailUrl":"https:\/\/i0.wp.com\/truusk.store\/wp-content\/uploads\/2025\/11\/nattduksbord-i-stal-sidobord-for-olika-andamal-justerbar-hylla-for-sovrum-vardagsrum-vit-1.webp?fit=2000%2C2000&ssl=1","datePublished":"2025-11-24T07:52:57+00:00","dateModified":"2026-03-12T07:48:13+00:00","breadcrumb":{"@id":"https:\/\/truusk.store\/sv\/produkt\/truusk-stal-nattduksbord-sidobord-med-justerbar-hylla-for-sovrum-och-vardagsrum-vit\/#breadcrumb"},"inLanguage":"sv-SE","potentialAction":[{"@type":"ReadAction","target":["https:\/\/truusk.store\/sv\/produkt\/truusk-stal-nattduksbord-sidobord-med-justerbar-hylla-for-sovrum-och-vardagsrum-vit\/"]}]},{"@type":"ImageObject","inLanguage":"sv-SE","@id":"https:\/\/truusk.store\/sv\/produkt\/truusk-stal-nattduksbord-sidobord-med-justerbar-hylla-for-sovrum-och-vardagsrum-vit\/#primaryimage","url":"https:\/\/i0.wp.com\/truusk.store\/wp-content\/uploads\/2025\/11\/nattduksbord-i-stal-sidobord-for-olika-andamal-justerbar-hylla-for-sovrum-vardagsrum-vit-1.webp?fit=2000%2C2000&ssl=1","contentUrl":"https:\/\/i0.wp.com\/truusk.store\/wp-content\/uploads\/2025\/11\/nattduksbord-i-stal-sidobord-for-olika-andamal-justerbar-hylla-for-sovrum-vardagsrum-vit-1.webp?fit=2000%2C2000&ssl=1","width":2000,"height":2000},{"@type":"BreadcrumbList","@id":"https:\/\/truusk.store\/sv\/produkt\/truusk-stal-nattduksbord-sidobord-med-justerbar-hylla-for-sovrum-och-vardagsrum-vit\/#breadcrumb","itemListElement":[{"@type":"ListItem","position":1,"name":"Home","item":"https:\/\/truusk.store\/sv\/"},{"@type":"ListItem","position":2,"name":"Shop","item":"https:\/\/truusk.store\/shop\/"},{"@type":"ListItem","position":3,"name":"TRUUSK St\u00e5l Nattduksbord &#8211; Sidobord med Justerbar Hylla &#8211; F\u00f6r Sovrum och Vardagsrum &#8211; Vit"}]},{"@type":"WebSite","@id":"https:\/\/truusk.store\/sv\/#website","url":"https:\/\/truusk.store\/sv\/","name":"TRUUSK - Hem, Tr\u00e4dg\u00e5rd & Fritid","description":"","publisher":{"@id":"https:\/\/truusk.store\/sv\/#organization"},"potentialAction":[{"@type":"SearchAction","target":{"@type":"EntryPoint","urlTemplate":"https:\/\/truusk.store\/sv\/?s={search_term_string}"},"query-input":{"@type":"PropertyValueSpecification","valueRequired":true,"valueName":"search_term_string"}}],"inLanguage":"sv-SE"},{"@type":"Organization","@id":"https:\/\/truusk.store\/sv\/#organization","name":"TRUUSK - Hem, Tr\u00e4dg\u00e5rd & Fritid","url":"https:\/\/truusk.store\/sv\/","logo":{"@type":"ImageObject","inLanguage":"sv-SE","@id":"https:\/\/truusk.store\/sv\/#\/schema\/logo\/image\/","url":"https:\/\/i0.wp.com\/truusk.store\/wp-content\/uploads\/2026\/03\/cropped-TRUUSK.png?fit=2032%2C917&ssl=1","contentUrl":"https:\/\/i0.wp.com\/truusk.store\/wp-content\/uploads\/2026\/03\/cropped-TRUUSK.png?fit=2032%2C917&ssl=1","width":2032,"height":917,"caption":"TRUUSK - Hem, Tr\u00e4dg\u00e5rd & Fritid"},"image":{"@id":"https:\/\/truusk.store\/sv\/#\/schema\/logo\/image\/"}}]}},"jetpack_sharing_enabled":true,"_links":{"self":[{"href":"https:\/\/truusk.store\/sv\/wp-json\/wp\/v2\/product\/95981","targetHints":{"allow":["GET"]}}],"collection":[{"href":"https:\/\/truusk.store\/sv\/wp-json\/wp\/v2\/product"}],"about":[{"href":"https:\/\/truusk.store\/sv\/wp-json\/wp\/v2\/types\/product"}],"wp:featuredmedia":[{"embeddable":true,"href":"https:\/\/truusk.store\/sv\/wp-json\/wp\/v2\/media\/95970"}],"wp:attachment":[{"href":"https:\/\/truusk.store\/sv\/wp-json\/wp\/v2\/media?parent=95981"}],"wp:term":[{"taxonomy":"product_brand","embeddable":true,"href":"https:\/\/truusk.store\/sv\/wp-json\/wp\/v2\/product_brand?post=95981"},{"taxonomy":"product_cat","embeddable":true,"href":"https:\/\/truusk.store\/sv\/wp-json\/wp\/v2\/product_cat?post=95981"},{"taxonomy":"product_tag","embeddable":true,"href":"https:\/\/truusk.store\/sv\/wp-json\/wp\/v2\/product_tag?post=95981"}],"curies":[{"name":"wp","href":"https:\/\/api.w.org\/{rel}","templated":true}]}}