{"id":95990,"date":"2025-11-24T08:53:50","date_gmt":"2025-11-24T07:53:50","guid":{"rendered":"https:\/\/truusk.store\/product\/lasbar-stalskap-med-2-dorrar-kontorsskap-justerbara-hyllor-for-hemmakontor-vardagsrum-garage-vit\/"},"modified":"2026-03-12T08:48:16","modified_gmt":"2026-03-12T07:48:16","slug":"truusk-lasbart-stalskap-med-2-dorrar-justerbara-hyllor-for-kontor-vardagsrum-och-garage-vit","status":"publish","type":"product","link":"https:\/\/truusk.store\/sv\/produkt\/truusk-lasbart-stalskap-med-2-dorrar-justerbara-hyllor-for-kontor-vardagsrum-och-garage-vit\/","title":{"rendered":"TRUUSK L\u00e5sbart St\u00e5lsk\u00e5p med 2 D\u00f6rrar &#8211; Justerbara Hyllor &#8211; F\u00f6r Kontor, Vardagsrum och Garage &#8211; Vit"},"content":{"rendered":"<p>I varje aktivt hemmakontor kan oordning snabbt uppst\u00e5. En p\u00e5litlig f\u00f6rvaringsl\u00f6sning som detta arkivsk\u00e5p \u00e4r l\u00f6sningen: Kontorsk\u00e5pet erbjuder tillr\u00e4ckligt med utrymme f\u00f6r att f\u00f6rvara oanv\u00e4nda f\u00f6rem\u00e5l osynliga men inom r\u00e4ckh\u00e5ll. Oavsett om det \u00e4r som extra lagring i k\u00f6ket, f\u00f6r dokument p\u00e5 kontoret eller f\u00f6r vardagliga f\u00f6rem\u00e5l i vardagsrummet &#8211; kontorsk\u00e5pet integreras \u00f6verallt och g\u00f6r vardagen smidigare.<\/p>\n<p>Beskrivning:<\/p>\n<ul>\n<li> Tv\u00e5 justerbara hyllplan med 25 h\u00f6jdinst\u00e4llningar g\u00f6r det m\u00f6jligt att enkelt f\u00f6rvara mappar, filer eller h\u00f6ga redskap<\/li>\n<li> L\u00e5sbara d\u00f6rrar p\u00e5 arkivsk\u00e5pet med tv\u00e5 nycklar h\u00e5ller dokument och personliga f\u00f6rem\u00e5l s\u00e4kra<\/li>\n<li> Robust helst\u00e5lram p\u00e5 kontorsk\u00e5pet b\u00e4r upp till 120 kg f\u00f6r l\u00e5ngvarig tillf\u00f6rlitlighet<\/li>\n<li> Pulverlackerad yta \u00e4r repfast och h\u00e5ller st\u00e5lsk\u00e5pet som nytt<\/li>\n<li> Anti-tip set och justerbara fotdynor p\u00e5 arkivsk\u00e5pet garanterar en s\u00e4ker, stabil placering<\/li>\n<li> Ren, vit yta p\u00e5 kontorsk\u00e5pet passar smidigt in i hemmakontor, k\u00f6k, vardagsrum eller garage<\/li>\n<li> Enkel montering sparar tid<\/li>\n<\/ul>\n<p> Tekniska data:<\/p>\n<ul>\n<li> F\u00e4rg: Vit<\/li>\n<li> Material: St\u00e5l<\/li>\n<li> Totala dimensioner: 80B x 40D x 100H cm<\/li>\n<li> Inre dimensioner p\u00e5 sk\u00e5pet: 76B x 37,4D x 76H cm<\/li>\n<li> Maximal belastning: 120 kg (totalt), 20 kg (per hylla), 40 kg (ovan)<\/li>\n<\/ul>\n<p> Leveransinneh\u00e5ll:<\/p>\n<ul>\n<li> 1 x St\u00e5lsk\u00e5p<\/li>\n<li> 2 x Nycklar<\/li>\n<li> 1 x Bruksanvisning<\/li>\n<\/ul>\n","protected":false},"excerpt":{"rendered":"<p>I varje aktivt hemmakontor kan oordning snabbt uppst\u00e5. En p\u00e5litlig f\u00f6rvaringsl\u00f6sning som detta arkivsk\u00e5p \u00e4r l\u00f6sningen: Kontorsk\u00e5pet erbjuder tillr\u00e4ckligt med&#8230;<\/p>\n","protected":false},"featured_media":95980,"template":"","meta":[],"product_brand":[],"product_cat":[978,872,871],"product_tag":[],"class_list":{"0":"post-95990","1":"product","2":"type-product","3":"status-publish","4":"has-post-thumbnail","6":"product_cat-arkivskap-rullande-behallare","7":"product_cat-hemmakontor-arbetsplats","8":"product_cat-hus-hem","10":"first","11":"instock","12":"sale","13":"taxable","14":"shipping-taxable","15":"purchasable","16":"product-type-simple"},"yoast_head":"<!-- This site is optimized with the Yoast SEO plugin v25.4 - https:\/\/yoast.com\/wordpress\/plugins\/seo\/ -->\n<title>TRUUSK L\u00e5sbart St\u00e5lsk\u00e5p med 2 D\u00f6rrar - Justerbara Hyllor - F\u00f6r Kontor, Vardagsrum och Garage - Vit - TRUUSK - Hem, Tr\u00e4dg\u00e5rd &amp; Fritid<\/title>\n<meta name=\"robots\" content=\"index, follow, max-snippet:-1, max-image-preview:large, max-video-preview:-1\" \/>\n<link rel=\"canonical\" href=\"https:\/\/truusk.store\/sv\/produkt\/truusk-lasbart-stalskap-med-2-dorrar-justerbara-hyllor-for-kontor-vardagsrum-och-garage-vit\/\" \/>\n<meta property=\"og:locale\" content=\"sv_SE\" \/>\n<meta property=\"og:type\" content=\"article\" \/>\n<meta property=\"og:title\" content=\"TRUUSK L\u00e5sbart St\u00e5lsk\u00e5p med 2 D\u00f6rrar - Justerbara Hyllor - F\u00f6r Kontor, Vardagsrum och Garage - Vit - TRUUSK - Hem, Tr\u00e4dg\u00e5rd &amp; Fritid\" \/>\n<meta property=\"og:description\" content=\"I varje aktivt hemmakontor kan oordning snabbt uppst\u00e5. En p\u00e5litlig f\u00f6rvaringsl\u00f6sning som detta arkivsk\u00e5p \u00e4r l\u00f6sningen: Kontorsk\u00e5pet erbjuder tillr\u00e4ckligt med...\" \/>\n<meta property=\"og:url\" content=\"https:\/\/truusk.store\/sv\/produkt\/truusk-lasbart-stalskap-med-2-dorrar-justerbara-hyllor-for-kontor-vardagsrum-och-garage-vit\/\" \/>\n<meta property=\"og:site_name\" content=\"TRUUSK - Hem, Tr\u00e4dg\u00e5rd &amp; Fritid\" \/>\n<meta property=\"article:modified_time\" content=\"2026-03-12T07:48:16+00:00\" \/>\n<meta property=\"og:image\" content=\"https:\/\/i0.wp.com\/truusk.se\/wp-content\/uploads\/2025\/11\/lasbar-stalskap-med-2-dorrar-kontorsskap-justerbara-hyllor-for-hemmakontor-vardagsrum-garage-vit-1.webp?fit=2000%2C2000&ssl=1\" \/>\n\t<meta property=\"og:image:width\" content=\"2000\" \/>\n\t<meta property=\"og:image:height\" content=\"2000\" \/>\n\t<meta property=\"og:image:type\" content=\"image\/webp\" \/>\n<meta name=\"twitter:card\" content=\"summary_large_image\" \/>\n<meta name=\"twitter:label1\" content=\"Ber\u00e4knad l\u00e4stid\" \/>\n\t<meta name=\"twitter:data1\" content=\"1 minut\" \/>\n<!-- \/ Yoast SEO plugin. -->","yoast_head_json":{"title":"TRUUSK L\u00e5sbart St\u00e5lsk\u00e5p med 2 D\u00f6rrar - Justerbara Hyllor - F\u00f6r Kontor, Vardagsrum och Garage - Vit - TRUUSK - Hem, Tr\u00e4dg\u00e5rd &amp; Fritid","robots":{"index":"index","follow":"follow","max-snippet":"max-snippet:-1","max-image-preview":"max-image-preview:large","max-video-preview":"max-video-preview:-1"},"canonical":"https:\/\/truusk.store\/sv\/produkt\/truusk-lasbart-stalskap-med-2-dorrar-justerbara-hyllor-for-kontor-vardagsrum-och-garage-vit\/","og_locale":"sv_SE","og_type":"article","og_title":"TRUUSK L\u00e5sbart St\u00e5lsk\u00e5p med 2 D\u00f6rrar - Justerbara Hyllor - F\u00f6r Kontor, Vardagsrum och Garage - Vit - TRUUSK - Hem, Tr\u00e4dg\u00e5rd &amp; Fritid","og_description":"I varje aktivt hemmakontor kan oordning snabbt uppst\u00e5. En p\u00e5litlig f\u00f6rvaringsl\u00f6sning som detta arkivsk\u00e5p \u00e4r l\u00f6sningen: Kontorsk\u00e5pet erbjuder tillr\u00e4ckligt med...","og_url":"https:\/\/truusk.store\/sv\/produkt\/truusk-lasbart-stalskap-med-2-dorrar-justerbara-hyllor-for-kontor-vardagsrum-och-garage-vit\/","og_site_name":"TRUUSK - Hem, Tr\u00e4dg\u00e5rd &amp; Fritid","article_modified_time":"2026-03-12T07:48:16+00:00","og_image":[{"width":2000,"height":2000,"url":"https:\/\/i0.wp.com\/truusk.se\/wp-content\/uploads\/2025\/11\/lasbar-stalskap-med-2-dorrar-kontorsskap-justerbara-hyllor-for-hemmakontor-vardagsrum-garage-vit-1.webp?fit=2000%2C2000&ssl=1","type":"image\/webp"}],"twitter_card":"summary_large_image","twitter_misc":{"Ber\u00e4knad l\u00e4stid":"1 minut"},"schema":{"@context":"https:\/\/schema.org","@graph":[{"@type":"WebPage","@id":"https:\/\/truusk.store\/sv\/produkt\/truusk-lasbart-stalskap-med-2-dorrar-justerbara-hyllor-for-kontor-vardagsrum-och-garage-vit\/","url":"https:\/\/truusk.store\/sv\/produkt\/truusk-lasbart-stalskap-med-2-dorrar-justerbara-hyllor-for-kontor-vardagsrum-och-garage-vit\/","name":"TRUUSK L\u00e5sbart St\u00e5lsk\u00e5p med 2 D\u00f6rrar - Justerbara Hyllor - F\u00f6r Kontor, Vardagsrum och Garage - Vit - TRUUSK - Hem, Tr\u00e4dg\u00e5rd &amp; Fritid","isPartOf":{"@id":"https:\/\/truusk.store\/sv\/#website"},"primaryImageOfPage":{"@id":"https:\/\/truusk.store\/sv\/produkt\/truusk-lasbart-stalskap-med-2-dorrar-justerbara-hyllor-for-kontor-vardagsrum-och-garage-vit\/#primaryimage"},"image":{"@id":"https:\/\/truusk.store\/sv\/produkt\/truusk-lasbart-stalskap-med-2-dorrar-justerbara-hyllor-for-kontor-vardagsrum-och-garage-vit\/#primaryimage"},"thumbnailUrl":"https:\/\/i0.wp.com\/truusk.store\/wp-content\/uploads\/2025\/11\/lasbar-stalskap-med-2-dorrar-kontorsskap-justerbara-hyllor-for-hemmakontor-vardagsrum-garage-vit-1.webp?fit=2000%2C2000&ssl=1","datePublished":"2025-11-24T07:53:50+00:00","dateModified":"2026-03-12T07:48:16+00:00","breadcrumb":{"@id":"https:\/\/truusk.store\/sv\/produkt\/truusk-lasbart-stalskap-med-2-dorrar-justerbara-hyllor-for-kontor-vardagsrum-och-garage-vit\/#breadcrumb"},"inLanguage":"sv-SE","potentialAction":[{"@type":"ReadAction","target":["https:\/\/truusk.store\/sv\/produkt\/truusk-lasbart-stalskap-med-2-dorrar-justerbara-hyllor-for-kontor-vardagsrum-och-garage-vit\/"]}]},{"@type":"ImageObject","inLanguage":"sv-SE","@id":"https:\/\/truusk.store\/sv\/produkt\/truusk-lasbart-stalskap-med-2-dorrar-justerbara-hyllor-for-kontor-vardagsrum-och-garage-vit\/#primaryimage","url":"https:\/\/i0.wp.com\/truusk.store\/wp-content\/uploads\/2025\/11\/lasbar-stalskap-med-2-dorrar-kontorsskap-justerbara-hyllor-for-hemmakontor-vardagsrum-garage-vit-1.webp?fit=2000%2C2000&ssl=1","contentUrl":"https:\/\/i0.wp.com\/truusk.store\/wp-content\/uploads\/2025\/11\/lasbar-stalskap-med-2-dorrar-kontorsskap-justerbara-hyllor-for-hemmakontor-vardagsrum-garage-vit-1.webp?fit=2000%2C2000&ssl=1","width":2000,"height":2000},{"@type":"BreadcrumbList","@id":"https:\/\/truusk.store\/sv\/produkt\/truusk-lasbart-stalskap-med-2-dorrar-justerbara-hyllor-for-kontor-vardagsrum-och-garage-vit\/#breadcrumb","itemListElement":[{"@type":"ListItem","position":1,"name":"Home","item":"https:\/\/truusk.store\/sv\/"},{"@type":"ListItem","position":2,"name":"Shop","item":"https:\/\/truusk.store\/shop\/"},{"@type":"ListItem","position":3,"name":"TRUUSK L\u00e5sbart St\u00e5lsk\u00e5p med 2 D\u00f6rrar &#8211; Justerbara Hyllor &#8211; F\u00f6r Kontor, Vardagsrum och Garage &#8211; Vit"}]},{"@type":"WebSite","@id":"https:\/\/truusk.store\/sv\/#website","url":"https:\/\/truusk.store\/sv\/","name":"TRUUSK - Hem, Tr\u00e4dg\u00e5rd & Fritid","description":"","publisher":{"@id":"https:\/\/truusk.store\/sv\/#organization"},"potentialAction":[{"@type":"SearchAction","target":{"@type":"EntryPoint","urlTemplate":"https:\/\/truusk.store\/sv\/?s={search_term_string}"},"query-input":{"@type":"PropertyValueSpecification","valueRequired":true,"valueName":"search_term_string"}}],"inLanguage":"sv-SE"},{"@type":"Organization","@id":"https:\/\/truusk.store\/sv\/#organization","name":"TRUUSK - Hem, Tr\u00e4dg\u00e5rd & Fritid","url":"https:\/\/truusk.store\/sv\/","logo":{"@type":"ImageObject","inLanguage":"sv-SE","@id":"https:\/\/truusk.store\/sv\/#\/schema\/logo\/image\/","url":"https:\/\/i0.wp.com\/truusk.store\/wp-content\/uploads\/2026\/03\/cropped-TRUUSK.png?fit=2032%2C917&ssl=1","contentUrl":"https:\/\/i0.wp.com\/truusk.store\/wp-content\/uploads\/2026\/03\/cropped-TRUUSK.png?fit=2032%2C917&ssl=1","width":2032,"height":917,"caption":"TRUUSK - Hem, Tr\u00e4dg\u00e5rd & Fritid"},"image":{"@id":"https:\/\/truusk.store\/sv\/#\/schema\/logo\/image\/"}}]}},"jetpack_sharing_enabled":true,"_links":{"self":[{"href":"https:\/\/truusk.store\/sv\/wp-json\/wp\/v2\/product\/95990","targetHints":{"allow":["GET"]}}],"collection":[{"href":"https:\/\/truusk.store\/sv\/wp-json\/wp\/v2\/product"}],"about":[{"href":"https:\/\/truusk.store\/sv\/wp-json\/wp\/v2\/types\/product"}],"wp:featuredmedia":[{"embeddable":true,"href":"https:\/\/truusk.store\/sv\/wp-json\/wp\/v2\/media\/95980"}],"wp:attachment":[{"href":"https:\/\/truusk.store\/sv\/wp-json\/wp\/v2\/media?parent=95990"}],"wp:term":[{"taxonomy":"product_brand","embeddable":true,"href":"https:\/\/truusk.store\/sv\/wp-json\/wp\/v2\/product_brand?post=95990"},{"taxonomy":"product_cat","embeddable":true,"href":"https:\/\/truusk.store\/sv\/wp-json\/wp\/v2\/product_cat?post=95990"},{"taxonomy":"product_tag","embeddable":true,"href":"https:\/\/truusk.store\/sv\/wp-json\/wp\/v2\/product_tag?post=95990"}],"curies":[{"name":"wp","href":"https:\/\/api.w.org\/{rel}","templated":true}]}}