{"id":96032,"date":"2025-11-24T08:58:00","date_gmt":"2025-11-24T07:58:00","guid":{"rendered":"https:\/\/truusk.store\/product\/7-i-1-klatterstallning-bagstege-triangular-stege-ramp-klattervagg-rutschkana-for-barn-fran-15-4-ar-hopfallbar-tra\/"},"modified":"2026-03-12T08:48:22","modified_gmt":"2026-03-12T07:48:22","slug":"truusk-7-i-1-lekstallning-klatterstallning-bagstege-triangular-stege-ramp-klattervagg-rutschkana-for-barn-fran-15-4","status":"publish","type":"product","link":"https:\/\/truusk.store\/sv\/produkt\/truusk-7-i-1-lekstallning-klatterstallning-bagstege-triangular-stege-ramp-klattervagg-rutschkana-for-barn-fran-15-4\/","title":{"rendered":"TRUUSK 7-i-1 Lekst\u00e4llning &#8211; Kl\u00e4tterst\u00e4llning, B\u00e5gstege, Triangul\u00e4r Stege &#8211; Ramp &#8211; Kl\u00e4tterv\u00e4gg &#8211; Rutschkana &#8211; F\u00f6r Barn Fr\u00e5n 1,5-4"},"content":{"rendered":"<p>Uppt\u00e4ck det s\u00e4kra, underh\u00e5llande omr\u00e5det f\u00f6r ditt barn med [BRAND NAME] 7-i-1 kl\u00e4tterst\u00e4llning! Perfekt f\u00f6r barn mellan 1,5 och 4 \u00e5r, inkluderar det ett kl\u00e4ttringstriangel, en rutschkana och en kl\u00e4tterb\u00e5ge som uppmuntrar till aktivt spel. Funktioner som den omvandlingsbara rutschbanan och den gungande b\u00e5gstege fr\u00e4mjar balans, styrka och koordination. Utrymmesbesparande och idealisk f\u00f6r att st\u00f6dja fysisk och kognitiv utveckling genom s\u00e4kert, kreativt spel.<\/p>\n<p>Beskrivning:<\/p>\n<ul>\n<li> 7-i-1-setet kombinerar kl\u00e4ttringstriangel, kl\u00e4tterb\u00e5ge och ramp f\u00f6r o\u00e4ndlig lekgl\u00e4dje<\/li>\n<li> Har unika st\u00f6df\u00f6tter p\u00e5 triangeln som ger stabilitet under aktivt spel<\/li>\n<li> Den omv\u00e4ndbara rampen erbjuder en sl\u00e4t glidyta och en kl\u00e4tterv\u00e4gg f\u00f6r dubbel kul<\/li>\n<li> Kl\u00e4tterb\u00e5gen f\u00f6rvandlas till en lugnande gungbr\u00e4da, perfekt f\u00f6r kl\u00e4ttring eller avkoppling<\/li>\n<li> Montessori-inspirerad design av inomhus kl\u00e4tterst\u00e4llning fr\u00e4mjar utvecklingen av motorik, balans och sj\u00e4lvf\u00f6rtroende hos sm\u00e5barn<\/li>\n<li> Kl\u00e4ttringstriangeln med rutschbana \u00e4r tillverkad av massivt tr\u00e4 med sl\u00e4ta kanter, b\u00e4r s\u00e4kert upp till 50 kg<\/li>\n<li> Triangelkl\u00e4ttraren kan l\u00e4tt f\u00e4llas ihop utan verktyg och passar f\u00f6r kompakt f\u00f6rvaring<\/li>\n<li> Montering kr\u00e4vs<\/li>\n<\/ul>\n<p> Tekniska specifikationer:<\/p>\n<ul>\n<li> F\u00e4rg: Natur<\/li>\n<li> Material: Poplar- och furuplywood<\/li>\n<li> Totala dimensioner: 188B x 70T x 59H cm<\/li>\n<li> Triangelkl\u00e4ttrare: 71B x 70T x 59H cm<\/li>\n<li> B\u00e5gkl\u00e4ttrare: 68,5B x 42T x 36H cm<\/li>\n<li> Rutschkanans inre dimensioner: 99L x 38,5B x 6,5H cm<\/li>\n<li> F\u00e4lld triangelkl\u00e4ttrare: 21,5B x 70T x 68H cm<\/li>\n<li> Maximal belastning: 50 kg<\/li>\n<li> Godk\u00e4nd \u00e5lder: 18 m\u00e5nader+<\/li>\n<li> Rekommenderad \u00e5lder: 18-48 m\u00e5nader<\/li>\n<\/ul>\n<p>Leverans inneh\u00e5ller:<\/p>\n<ul>\n<li> 1 x Triangel-kl\u00e4tterst\u00e4llning<\/li>\n<li> 1 x B\u00e5g-kl\u00e4tterst\u00e4llning<\/li>\n<li> 1 x Kl\u00e4tterbr\u00e4da<\/li>\n<li> 1 x Handbok<\/li>\n<\/ul>\n","protected":false},"excerpt":{"rendered":"<p>Uppt\u00e4ck det s\u00e4kra, underh\u00e5llande omr\u00e5det f\u00f6r ditt barn med [BRAND NAME] 7-i-1 kl\u00e4tterst\u00e4llning! Perfekt f\u00f6r barn mellan 1,5 och 4&#8230;<\/p>\n","protected":false},"featured_media":96020,"template":"","meta":[],"product_brand":[],"product_cat":[880,918],"product_tag":[],"class_list":{"0":"post-96032","1":"product","2":"type-product","3":"status-publish","4":"has-post-thumbnail","6":"product_cat-baby-barn-2","7":"product_cat-leksaker","9":"first","10":"instock","11":"sale","12":"taxable","13":"shipping-taxable","14":"purchasable","15":"product-type-simple"},"yoast_head":"<!-- This site is optimized with the Yoast SEO plugin v25.4 - https:\/\/yoast.com\/wordpress\/plugins\/seo\/ -->\n<title>TRUUSK 7-i-1 Lekst\u00e4llning - Kl\u00e4tterst\u00e4llning, B\u00e5gstege, Triangul\u00e4r Stege - Ramp - Kl\u00e4tterv\u00e4gg - Rutschkana - F\u00f6r Barn Fr\u00e5n 1,5-4 - TRUUSK - Hem, Tr\u00e4dg\u00e5rd &amp; Fritid<\/title>\n<meta name=\"robots\" content=\"index, follow, max-snippet:-1, max-image-preview:large, max-video-preview:-1\" \/>\n<link rel=\"canonical\" href=\"https:\/\/truusk.store\/sv\/produkt\/truusk-7-i-1-lekstallning-klatterstallning-bagstege-triangular-stege-ramp-klattervagg-rutschkana-for-barn-fran-15-4\/\" \/>\n<meta property=\"og:locale\" content=\"sv_SE\" \/>\n<meta property=\"og:type\" content=\"article\" \/>\n<meta property=\"og:title\" content=\"TRUUSK 7-i-1 Lekst\u00e4llning - Kl\u00e4tterst\u00e4llning, B\u00e5gstege, Triangul\u00e4r Stege - Ramp - Kl\u00e4tterv\u00e4gg - Rutschkana - F\u00f6r Barn Fr\u00e5n 1,5-4 - TRUUSK - Hem, Tr\u00e4dg\u00e5rd &amp; Fritid\" \/>\n<meta property=\"og:description\" content=\"Uppt\u00e4ck det s\u00e4kra, underh\u00e5llande omr\u00e5det f\u00f6r ditt barn med [BRAND NAME] 7-i-1 kl\u00e4tterst\u00e4llning! Perfekt f\u00f6r barn mellan 1,5 och 4...\" \/>\n<meta property=\"og:url\" content=\"https:\/\/truusk.store\/sv\/produkt\/truusk-7-i-1-lekstallning-klatterstallning-bagstege-triangular-stege-ramp-klattervagg-rutschkana-for-barn-fran-15-4\/\" \/>\n<meta property=\"og:site_name\" content=\"TRUUSK - Hem, Tr\u00e4dg\u00e5rd &amp; Fritid\" \/>\n<meta property=\"article:modified_time\" content=\"2026-03-12T07:48:22+00:00\" \/>\n<meta property=\"og:image\" content=\"https:\/\/i0.wp.com\/truusk.se\/wp-content\/uploads\/2025\/11\/7-i-1-klatterstallning-bagstege-triangular-stege-ramp-klattervagg-rutschkana-for-barn-fran-15-4-ar-hopfallbar-tra-1.webp?fit=2000%2C2000&ssl=1\" \/>\n\t<meta property=\"og:image:width\" content=\"2000\" \/>\n\t<meta property=\"og:image:height\" content=\"2000\" \/>\n\t<meta property=\"og:image:type\" content=\"image\/webp\" \/>\n<meta name=\"twitter:card\" content=\"summary_large_image\" \/>\n<meta name=\"twitter:label1\" content=\"Ber\u00e4knad l\u00e4stid\" \/>\n\t<meta name=\"twitter:data1\" content=\"1 minut\" \/>\n<!-- \/ Yoast SEO plugin. -->","yoast_head_json":{"title":"TRUUSK 7-i-1 Lekst\u00e4llning - Kl\u00e4tterst\u00e4llning, B\u00e5gstege, Triangul\u00e4r Stege - Ramp - Kl\u00e4tterv\u00e4gg - Rutschkana - F\u00f6r Barn Fr\u00e5n 1,5-4 - TRUUSK - Hem, Tr\u00e4dg\u00e5rd &amp; Fritid","robots":{"index":"index","follow":"follow","max-snippet":"max-snippet:-1","max-image-preview":"max-image-preview:large","max-video-preview":"max-video-preview:-1"},"canonical":"https:\/\/truusk.store\/sv\/produkt\/truusk-7-i-1-lekstallning-klatterstallning-bagstege-triangular-stege-ramp-klattervagg-rutschkana-for-barn-fran-15-4\/","og_locale":"sv_SE","og_type":"article","og_title":"TRUUSK 7-i-1 Lekst\u00e4llning - Kl\u00e4tterst\u00e4llning, B\u00e5gstege, Triangul\u00e4r Stege - Ramp - Kl\u00e4tterv\u00e4gg - Rutschkana - F\u00f6r Barn Fr\u00e5n 1,5-4 - TRUUSK - Hem, Tr\u00e4dg\u00e5rd &amp; Fritid","og_description":"Uppt\u00e4ck det s\u00e4kra, underh\u00e5llande omr\u00e5det f\u00f6r ditt barn med [BRAND NAME] 7-i-1 kl\u00e4tterst\u00e4llning! Perfekt f\u00f6r barn mellan 1,5 och 4...","og_url":"https:\/\/truusk.store\/sv\/produkt\/truusk-7-i-1-lekstallning-klatterstallning-bagstege-triangular-stege-ramp-klattervagg-rutschkana-for-barn-fran-15-4\/","og_site_name":"TRUUSK - Hem, Tr\u00e4dg\u00e5rd &amp; Fritid","article_modified_time":"2026-03-12T07:48:22+00:00","og_image":[{"width":2000,"height":2000,"url":"https:\/\/i0.wp.com\/truusk.se\/wp-content\/uploads\/2025\/11\/7-i-1-klatterstallning-bagstege-triangular-stege-ramp-klattervagg-rutschkana-for-barn-fran-15-4-ar-hopfallbar-tra-1.webp?fit=2000%2C2000&ssl=1","type":"image\/webp"}],"twitter_card":"summary_large_image","twitter_misc":{"Ber\u00e4knad l\u00e4stid":"1 minut"},"schema":{"@context":"https:\/\/schema.org","@graph":[{"@type":"WebPage","@id":"https:\/\/truusk.store\/sv\/produkt\/truusk-7-i-1-lekstallning-klatterstallning-bagstege-triangular-stege-ramp-klattervagg-rutschkana-for-barn-fran-15-4\/","url":"https:\/\/truusk.store\/sv\/produkt\/truusk-7-i-1-lekstallning-klatterstallning-bagstege-triangular-stege-ramp-klattervagg-rutschkana-for-barn-fran-15-4\/","name":"TRUUSK 7-i-1 Lekst\u00e4llning - Kl\u00e4tterst\u00e4llning, B\u00e5gstege, Triangul\u00e4r Stege - Ramp - Kl\u00e4tterv\u00e4gg - Rutschkana - F\u00f6r Barn Fr\u00e5n 1,5-4 - TRUUSK - Hem, Tr\u00e4dg\u00e5rd &amp; Fritid","isPartOf":{"@id":"https:\/\/truusk.store\/sv\/#website"},"primaryImageOfPage":{"@id":"https:\/\/truusk.store\/sv\/produkt\/truusk-7-i-1-lekstallning-klatterstallning-bagstege-triangular-stege-ramp-klattervagg-rutschkana-for-barn-fran-15-4\/#primaryimage"},"image":{"@id":"https:\/\/truusk.store\/sv\/produkt\/truusk-7-i-1-lekstallning-klatterstallning-bagstege-triangular-stege-ramp-klattervagg-rutschkana-for-barn-fran-15-4\/#primaryimage"},"thumbnailUrl":"https:\/\/i0.wp.com\/truusk.store\/wp-content\/uploads\/2025\/11\/7-i-1-klatterstallning-bagstege-triangular-stege-ramp-klattervagg-rutschkana-for-barn-fran-15-4-ar-hopfallbar-tra-1.webp?fit=2000%2C2000&ssl=1","datePublished":"2025-11-24T07:58:00+00:00","dateModified":"2026-03-12T07:48:22+00:00","breadcrumb":{"@id":"https:\/\/truusk.store\/sv\/produkt\/truusk-7-i-1-lekstallning-klatterstallning-bagstege-triangular-stege-ramp-klattervagg-rutschkana-for-barn-fran-15-4\/#breadcrumb"},"inLanguage":"sv-SE","potentialAction":[{"@type":"ReadAction","target":["https:\/\/truusk.store\/sv\/produkt\/truusk-7-i-1-lekstallning-klatterstallning-bagstege-triangular-stege-ramp-klattervagg-rutschkana-for-barn-fran-15-4\/"]}]},{"@type":"ImageObject","inLanguage":"sv-SE","@id":"https:\/\/truusk.store\/sv\/produkt\/truusk-7-i-1-lekstallning-klatterstallning-bagstege-triangular-stege-ramp-klattervagg-rutschkana-for-barn-fran-15-4\/#primaryimage","url":"https:\/\/i0.wp.com\/truusk.store\/wp-content\/uploads\/2025\/11\/7-i-1-klatterstallning-bagstege-triangular-stege-ramp-klattervagg-rutschkana-for-barn-fran-15-4-ar-hopfallbar-tra-1.webp?fit=2000%2C2000&ssl=1","contentUrl":"https:\/\/i0.wp.com\/truusk.store\/wp-content\/uploads\/2025\/11\/7-i-1-klatterstallning-bagstege-triangular-stege-ramp-klattervagg-rutschkana-for-barn-fran-15-4-ar-hopfallbar-tra-1.webp?fit=2000%2C2000&ssl=1","width":2000,"height":2000},{"@type":"BreadcrumbList","@id":"https:\/\/truusk.store\/sv\/produkt\/truusk-7-i-1-lekstallning-klatterstallning-bagstege-triangular-stege-ramp-klattervagg-rutschkana-for-barn-fran-15-4\/#breadcrumb","itemListElement":[{"@type":"ListItem","position":1,"name":"Home","item":"https:\/\/truusk.store\/sv\/"},{"@type":"ListItem","position":2,"name":"Shop","item":"https:\/\/truusk.store\/shop\/"},{"@type":"ListItem","position":3,"name":"TRUUSK 7-i-1 Lekst\u00e4llning &#8211; Kl\u00e4tterst\u00e4llning, B\u00e5gstege, Triangul\u00e4r Stege &#8211; Ramp &#8211; Kl\u00e4tterv\u00e4gg &#8211; Rutschkana &#8211; F\u00f6r Barn Fr\u00e5n 1,5-4"}]},{"@type":"WebSite","@id":"https:\/\/truusk.store\/sv\/#website","url":"https:\/\/truusk.store\/sv\/","name":"TRUUSK - Hem, Tr\u00e4dg\u00e5rd & Fritid","description":"","publisher":{"@id":"https:\/\/truusk.store\/sv\/#organization"},"potentialAction":[{"@type":"SearchAction","target":{"@type":"EntryPoint","urlTemplate":"https:\/\/truusk.store\/sv\/?s={search_term_string}"},"query-input":{"@type":"PropertyValueSpecification","valueRequired":true,"valueName":"search_term_string"}}],"inLanguage":"sv-SE"},{"@type":"Organization","@id":"https:\/\/truusk.store\/sv\/#organization","name":"TRUUSK - Hem, Tr\u00e4dg\u00e5rd & Fritid","url":"https:\/\/truusk.store\/sv\/","logo":{"@type":"ImageObject","inLanguage":"sv-SE","@id":"https:\/\/truusk.store\/sv\/#\/schema\/logo\/image\/","url":"https:\/\/i0.wp.com\/truusk.store\/wp-content\/uploads\/2026\/03\/cropped-TRUUSK.png?fit=2032%2C917&ssl=1","contentUrl":"https:\/\/i0.wp.com\/truusk.store\/wp-content\/uploads\/2026\/03\/cropped-TRUUSK.png?fit=2032%2C917&ssl=1","width":2032,"height":917,"caption":"TRUUSK - Hem, Tr\u00e4dg\u00e5rd & Fritid"},"image":{"@id":"https:\/\/truusk.store\/sv\/#\/schema\/logo\/image\/"}}]}},"jetpack_sharing_enabled":true,"_links":{"self":[{"href":"https:\/\/truusk.store\/sv\/wp-json\/wp\/v2\/product\/96032","targetHints":{"allow":["GET"]}}],"collection":[{"href":"https:\/\/truusk.store\/sv\/wp-json\/wp\/v2\/product"}],"about":[{"href":"https:\/\/truusk.store\/sv\/wp-json\/wp\/v2\/types\/product"}],"wp:featuredmedia":[{"embeddable":true,"href":"https:\/\/truusk.store\/sv\/wp-json\/wp\/v2\/media\/96020"}],"wp:attachment":[{"href":"https:\/\/truusk.store\/sv\/wp-json\/wp\/v2\/media?parent=96032"}],"wp:term":[{"taxonomy":"product_brand","embeddable":true,"href":"https:\/\/truusk.store\/sv\/wp-json\/wp\/v2\/product_brand?post=96032"},{"taxonomy":"product_cat","embeddable":true,"href":"https:\/\/truusk.store\/sv\/wp-json\/wp\/v2\/product_cat?post=96032"},{"taxonomy":"product_tag","embeddable":true,"href":"https:\/\/truusk.store\/sv\/wp-json\/wp\/v2\/product_tag?post=96032"}],"curies":[{"name":"wp","href":"https:\/\/api.w.org\/{rel}","templated":true}]}}