{"id":96052,"date":"2025-11-24T08:59:54","date_gmt":"2025-11-24T07:59:54","guid":{"rendered":"https:\/\/truusk.store\/product\/8-i-1-montessori-klatterstallning-inomhus-i-tra-med-klattringstriangel-klatterbage-dubbelsidig-rutschkana-gron\/"},"modified":"2026-03-12T08:48:23","modified_gmt":"2026-03-12T07:48:23","slug":"truusk-8-i-1-montessori-klatterstallning-inomhus-tra-klattringstriangel-klatterbage-dubbelsidig-rutschkana-gron","status":"publish","type":"product","link":"https:\/\/truusk.store\/sv\/produkt\/truusk-8-i-1-montessori-klatterstallning-inomhus-tra-klattringstriangel-klatterbage-dubbelsidig-rutschkana-gron\/","title":{"rendered":"TRUUSK 8-i-1 Montessori Kl\u00e4tterst\u00e4llning Inomhus &#8211; Tr\u00e4 &#8211; Kl\u00e4ttringstriangel &#8211; Kl\u00e4tterb\u00e5ge &#8211; Dubbelsidig Rutschkana &#8211; Gr\u00f6n"},"content":{"rendered":"<p>Uppt\u00e4ck o\u00e4ndligt \u00e4ventyr med v\u00e5r f\u00e4ngslande leklandskap! [BRAND NAME] kl\u00e4tterst\u00e4llning inomhus g\u00f6r ditt omr\u00e5de till en s\u00e4ker \u00e4ventyrsv\u00e4rld. Med sin stabiliserade design utforskar barn sj\u00e4lvs\u00e4kert en v\u00e4rld av \u00e5tta lektyper, utvecklar motorik och balans. Denna Montessori-inspirerade kl\u00e4tterst\u00e4llning f\u00f6r sm\u00e5barn fr\u00e4mjar sj\u00e4lvst\u00e4ndig utforskning. Kl\u00e4ttringstriangeln \u00e4r hopf\u00e4llbar och l\u00e4tt att f\u00f6rvara med handdragna skruvar, f\u00f6r st\u00e4dade rum.<\/p>\n<p>Beskrivning:<\/p>\n<ul>\n<li> Erbjuder en triangel, en b\u00e5ge och en ramp f\u00f6r 8 fantasifulla lekuppbyggnader<\/li>\n<li> Unika sidost\u00f6dben p\u00e5 kl\u00e4ttringstriangeln med rutschbana erbjuder f\u00f6rb\u00e4ttrad tippningss\u00e4kerhet<\/li>\n<li> Den omv\u00e4ndbara rampen fungerar som en sl\u00e4t rutschbana eller som en utmanande kl\u00e4tterv\u00e4gg<\/li>\n<li> Kl\u00e4ttringstriangeln kan f\u00e4llas ihop p\u00e5 sekunder utan verktyg, vilket g\u00f6r f\u00f6rvaringen otroligt enkel<\/li>\n<li> Kl\u00e4tterb\u00e5gen v\u00e4nds och f\u00f6rvandlas till en rolig gungbr\u00e4da med l\u00e4tta att greppa handtag<\/li>\n<li> Tillverkad av solida material med en sl\u00e4t, barnv\u00e4nlig yta f\u00f6r s\u00e4kerhet<\/li>\n<li> Kl\u00e4tterst\u00e4llningens ljusa regnb\u00e5gsf\u00e4rger lockar barn och stimulerar deras lekgl\u00e4dje<\/li>\n<li> Montering kr\u00e4vs<\/li>\n<\/ul>\n<p> Tekniska specifikationer:<\/p>\n<ul>\n<li> F\u00e4rg: Natur+Gr\u00f6n<\/li>\n<li> Material: Popplark\u00e4rna, furufin\u00e9rad plywood<\/li>\n<li> Totala dimensioner: 191,5B x 74,5D x 63H cm<\/li>\n<li> Triangelkl\u00e4ttrare: 76B x 74,5D x 63H cm<\/li>\n<li> B\u00e5gkl\u00e4ttrare: 68,5B x 42D x 36H cm<\/li>\n<li> Rutschbana: 99L x 38,5B x 6,5H cm<\/li>\n<li> Hopf\u00e4lld (Triangelkl\u00e4ttrare): 75,5B x 21,5D x 73H cm<\/li>\n<li> Maximal belastning: 50 kg<\/li>\n<li> Godk\u00e4nd \u00e5lder: 18+ m\u00e5nader<\/li>\n<li> Rekommenderad \u00e5lder: 18-48 m\u00e5nader<\/li>\n<\/ul>\n<p>Leveransinneh\u00e5ll:<\/p>\n<ul>\n<li> 1 x Kl\u00e4tterst\u00e4llning<\/li>\n<li> 1 x Bruksanvisning<\/li>\n<\/ul>\n","protected":false},"excerpt":{"rendered":"<p>Uppt\u00e4ck o\u00e4ndligt \u00e4ventyr med v\u00e5r f\u00e4ngslande leklandskap! [BRAND NAME] kl\u00e4tterst\u00e4llning inomhus g\u00f6r ditt omr\u00e5de till en s\u00e4ker \u00e4ventyrsv\u00e4rld. Med sin&#8230;<\/p>\n","protected":false},"featured_media":96040,"template":"","meta":[],"product_brand":[],"product_cat":[880,918],"product_tag":[],"class_list":{"0":"post-96052","1":"product","2":"type-product","3":"status-publish","4":"has-post-thumbnail","6":"product_cat-baby-barn-2","7":"product_cat-leksaker","9":"first","10":"instock","11":"sale","12":"taxable","13":"shipping-taxable","14":"purchasable","15":"product-type-simple"},"yoast_head":"<!-- This site is optimized with the Yoast SEO plugin v25.4 - https:\/\/yoast.com\/wordpress\/plugins\/seo\/ -->\n<title>TRUUSK 8-i-1 Montessori Kl\u00e4tterst\u00e4llning Inomhus - Tr\u00e4 - Kl\u00e4ttringstriangel - Kl\u00e4tterb\u00e5ge - Dubbelsidig Rutschkana - Gr\u00f6n - TRUUSK - Hem, Tr\u00e4dg\u00e5rd &amp; Fritid<\/title>\n<meta name=\"robots\" content=\"index, follow, max-snippet:-1, max-image-preview:large, max-video-preview:-1\" \/>\n<link rel=\"canonical\" href=\"https:\/\/truusk.store\/sv\/produkt\/truusk-8-i-1-montessori-klatterstallning-inomhus-tra-klattringstriangel-klatterbage-dubbelsidig-rutschkana-gron\/\" \/>\n<meta property=\"og:locale\" content=\"sv_SE\" \/>\n<meta property=\"og:type\" content=\"article\" \/>\n<meta property=\"og:title\" content=\"TRUUSK 8-i-1 Montessori Kl\u00e4tterst\u00e4llning Inomhus - Tr\u00e4 - Kl\u00e4ttringstriangel - Kl\u00e4tterb\u00e5ge - Dubbelsidig Rutschkana - Gr\u00f6n - TRUUSK - Hem, Tr\u00e4dg\u00e5rd &amp; Fritid\" \/>\n<meta property=\"og:description\" content=\"Uppt\u00e4ck o\u00e4ndligt \u00e4ventyr med v\u00e5r f\u00e4ngslande leklandskap! [BRAND NAME] kl\u00e4tterst\u00e4llning inomhus g\u00f6r ditt omr\u00e5de till en s\u00e4ker \u00e4ventyrsv\u00e4rld. Med sin...\" \/>\n<meta property=\"og:url\" content=\"https:\/\/truusk.store\/sv\/produkt\/truusk-8-i-1-montessori-klatterstallning-inomhus-tra-klattringstriangel-klatterbage-dubbelsidig-rutschkana-gron\/\" \/>\n<meta property=\"og:site_name\" content=\"TRUUSK - Hem, Tr\u00e4dg\u00e5rd &amp; Fritid\" \/>\n<meta property=\"article:modified_time\" content=\"2026-03-12T07:48:23+00:00\" \/>\n<meta property=\"og:image\" content=\"https:\/\/i0.wp.com\/truusk.se\/wp-content\/uploads\/2025\/11\/8-i-1-montessori-klatterstallning-inomhus-i-tra-med-klattringstriangel-klatterbage-dubbelsidig-rutschkana-gron-1.webp?fit=2000%2C2000&ssl=1\" \/>\n\t<meta property=\"og:image:width\" content=\"2000\" \/>\n\t<meta property=\"og:image:height\" content=\"2000\" \/>\n\t<meta property=\"og:image:type\" content=\"image\/webp\" \/>\n<meta name=\"twitter:card\" content=\"summary_large_image\" \/>\n<meta name=\"twitter:label1\" content=\"Ber\u00e4knad l\u00e4stid\" \/>\n\t<meta name=\"twitter:data1\" content=\"1 minut\" \/>\n<!-- \/ Yoast SEO plugin. -->","yoast_head_json":{"title":"TRUUSK 8-i-1 Montessori Kl\u00e4tterst\u00e4llning Inomhus - Tr\u00e4 - Kl\u00e4ttringstriangel - Kl\u00e4tterb\u00e5ge - Dubbelsidig Rutschkana - Gr\u00f6n - TRUUSK - Hem, Tr\u00e4dg\u00e5rd &amp; Fritid","robots":{"index":"index","follow":"follow","max-snippet":"max-snippet:-1","max-image-preview":"max-image-preview:large","max-video-preview":"max-video-preview:-1"},"canonical":"https:\/\/truusk.store\/sv\/produkt\/truusk-8-i-1-montessori-klatterstallning-inomhus-tra-klattringstriangel-klatterbage-dubbelsidig-rutschkana-gron\/","og_locale":"sv_SE","og_type":"article","og_title":"TRUUSK 8-i-1 Montessori Kl\u00e4tterst\u00e4llning Inomhus - Tr\u00e4 - Kl\u00e4ttringstriangel - Kl\u00e4tterb\u00e5ge - Dubbelsidig Rutschkana - Gr\u00f6n - TRUUSK - Hem, Tr\u00e4dg\u00e5rd &amp; Fritid","og_description":"Uppt\u00e4ck o\u00e4ndligt \u00e4ventyr med v\u00e5r f\u00e4ngslande leklandskap! [BRAND NAME] kl\u00e4tterst\u00e4llning inomhus g\u00f6r ditt omr\u00e5de till en s\u00e4ker \u00e4ventyrsv\u00e4rld. Med sin...","og_url":"https:\/\/truusk.store\/sv\/produkt\/truusk-8-i-1-montessori-klatterstallning-inomhus-tra-klattringstriangel-klatterbage-dubbelsidig-rutschkana-gron\/","og_site_name":"TRUUSK - Hem, Tr\u00e4dg\u00e5rd &amp; Fritid","article_modified_time":"2026-03-12T07:48:23+00:00","og_image":[{"width":2000,"height":2000,"url":"https:\/\/i0.wp.com\/truusk.se\/wp-content\/uploads\/2025\/11\/8-i-1-montessori-klatterstallning-inomhus-i-tra-med-klattringstriangel-klatterbage-dubbelsidig-rutschkana-gron-1.webp?fit=2000%2C2000&ssl=1","type":"image\/webp"}],"twitter_card":"summary_large_image","twitter_misc":{"Ber\u00e4knad l\u00e4stid":"1 minut"},"schema":{"@context":"https:\/\/schema.org","@graph":[{"@type":"WebPage","@id":"https:\/\/truusk.store\/sv\/produkt\/truusk-8-i-1-montessori-klatterstallning-inomhus-tra-klattringstriangel-klatterbage-dubbelsidig-rutschkana-gron\/","url":"https:\/\/truusk.store\/sv\/produkt\/truusk-8-i-1-montessori-klatterstallning-inomhus-tra-klattringstriangel-klatterbage-dubbelsidig-rutschkana-gron\/","name":"TRUUSK 8-i-1 Montessori Kl\u00e4tterst\u00e4llning Inomhus - Tr\u00e4 - Kl\u00e4ttringstriangel - Kl\u00e4tterb\u00e5ge - Dubbelsidig Rutschkana - Gr\u00f6n - TRUUSK - Hem, Tr\u00e4dg\u00e5rd &amp; Fritid","isPartOf":{"@id":"https:\/\/truusk.store\/sv\/#website"},"primaryImageOfPage":{"@id":"https:\/\/truusk.store\/sv\/produkt\/truusk-8-i-1-montessori-klatterstallning-inomhus-tra-klattringstriangel-klatterbage-dubbelsidig-rutschkana-gron\/#primaryimage"},"image":{"@id":"https:\/\/truusk.store\/sv\/produkt\/truusk-8-i-1-montessori-klatterstallning-inomhus-tra-klattringstriangel-klatterbage-dubbelsidig-rutschkana-gron\/#primaryimage"},"thumbnailUrl":"https:\/\/i0.wp.com\/truusk.store\/wp-content\/uploads\/2025\/11\/8-i-1-montessori-klatterstallning-inomhus-i-tra-med-klattringstriangel-klatterbage-dubbelsidig-rutschkana-gron-1.webp?fit=2000%2C2000&ssl=1","datePublished":"2025-11-24T07:59:54+00:00","dateModified":"2026-03-12T07:48:23+00:00","breadcrumb":{"@id":"https:\/\/truusk.store\/sv\/produkt\/truusk-8-i-1-montessori-klatterstallning-inomhus-tra-klattringstriangel-klatterbage-dubbelsidig-rutschkana-gron\/#breadcrumb"},"inLanguage":"sv-SE","potentialAction":[{"@type":"ReadAction","target":["https:\/\/truusk.store\/sv\/produkt\/truusk-8-i-1-montessori-klatterstallning-inomhus-tra-klattringstriangel-klatterbage-dubbelsidig-rutschkana-gron\/"]}]},{"@type":"ImageObject","inLanguage":"sv-SE","@id":"https:\/\/truusk.store\/sv\/produkt\/truusk-8-i-1-montessori-klatterstallning-inomhus-tra-klattringstriangel-klatterbage-dubbelsidig-rutschkana-gron\/#primaryimage","url":"https:\/\/i0.wp.com\/truusk.store\/wp-content\/uploads\/2025\/11\/8-i-1-montessori-klatterstallning-inomhus-i-tra-med-klattringstriangel-klatterbage-dubbelsidig-rutschkana-gron-1.webp?fit=2000%2C2000&ssl=1","contentUrl":"https:\/\/i0.wp.com\/truusk.store\/wp-content\/uploads\/2025\/11\/8-i-1-montessori-klatterstallning-inomhus-i-tra-med-klattringstriangel-klatterbage-dubbelsidig-rutschkana-gron-1.webp?fit=2000%2C2000&ssl=1","width":2000,"height":2000},{"@type":"BreadcrumbList","@id":"https:\/\/truusk.store\/sv\/produkt\/truusk-8-i-1-montessori-klatterstallning-inomhus-tra-klattringstriangel-klatterbage-dubbelsidig-rutschkana-gron\/#breadcrumb","itemListElement":[{"@type":"ListItem","position":1,"name":"Home","item":"https:\/\/truusk.store\/sv\/"},{"@type":"ListItem","position":2,"name":"Shop","item":"https:\/\/truusk.store\/shop\/"},{"@type":"ListItem","position":3,"name":"TRUUSK 8-i-1 Montessori Kl\u00e4tterst\u00e4llning Inomhus &#8211; Tr\u00e4 &#8211; Kl\u00e4ttringstriangel &#8211; Kl\u00e4tterb\u00e5ge &#8211; Dubbelsidig Rutschkana &#8211; Gr\u00f6n"}]},{"@type":"WebSite","@id":"https:\/\/truusk.store\/sv\/#website","url":"https:\/\/truusk.store\/sv\/","name":"TRUUSK - Hem, Tr\u00e4dg\u00e5rd & Fritid","description":"","publisher":{"@id":"https:\/\/truusk.store\/sv\/#organization"},"potentialAction":[{"@type":"SearchAction","target":{"@type":"EntryPoint","urlTemplate":"https:\/\/truusk.store\/sv\/?s={search_term_string}"},"query-input":{"@type":"PropertyValueSpecification","valueRequired":true,"valueName":"search_term_string"}}],"inLanguage":"sv-SE"},{"@type":"Organization","@id":"https:\/\/truusk.store\/sv\/#organization","name":"TRUUSK - Hem, Tr\u00e4dg\u00e5rd & Fritid","url":"https:\/\/truusk.store\/sv\/","logo":{"@type":"ImageObject","inLanguage":"sv-SE","@id":"https:\/\/truusk.store\/sv\/#\/schema\/logo\/image\/","url":"https:\/\/i0.wp.com\/truusk.store\/wp-content\/uploads\/2026\/03\/cropped-TRUUSK.png?fit=2032%2C917&ssl=1","contentUrl":"https:\/\/i0.wp.com\/truusk.store\/wp-content\/uploads\/2026\/03\/cropped-TRUUSK.png?fit=2032%2C917&ssl=1","width":2032,"height":917,"caption":"TRUUSK - Hem, Tr\u00e4dg\u00e5rd & Fritid"},"image":{"@id":"https:\/\/truusk.store\/sv\/#\/schema\/logo\/image\/"}}]}},"jetpack_sharing_enabled":true,"_links":{"self":[{"href":"https:\/\/truusk.store\/sv\/wp-json\/wp\/v2\/product\/96052","targetHints":{"allow":["GET"]}}],"collection":[{"href":"https:\/\/truusk.store\/sv\/wp-json\/wp\/v2\/product"}],"about":[{"href":"https:\/\/truusk.store\/sv\/wp-json\/wp\/v2\/types\/product"}],"wp:featuredmedia":[{"embeddable":true,"href":"https:\/\/truusk.store\/sv\/wp-json\/wp\/v2\/media\/96040"}],"wp:attachment":[{"href":"https:\/\/truusk.store\/sv\/wp-json\/wp\/v2\/media?parent=96052"}],"wp:term":[{"taxonomy":"product_brand","embeddable":true,"href":"https:\/\/truusk.store\/sv\/wp-json\/wp\/v2\/product_brand?post=96052"},{"taxonomy":"product_cat","embeddable":true,"href":"https:\/\/truusk.store\/sv\/wp-json\/wp\/v2\/product_cat?post=96052"},{"taxonomy":"product_tag","embeddable":true,"href":"https:\/\/truusk.store\/sv\/wp-json\/wp\/v2\/product_tag?post=96052"}],"curies":[{"name":"wp","href":"https:\/\/api.w.org\/{rel}","templated":true}]}}