{"id":96061,"date":"2025-11-24T09:01:09","date_gmt":"2025-11-24T08:01:09","guid":{"rendered":"https:\/\/truusk.store\/product\/8-i-1-inomhus-klatterstallning-for-barn-prinsessdesign-rutschkana-ramp-bage-tra\/"},"modified":"2026-03-12T08:48:23","modified_gmt":"2026-03-12T07:48:23","slug":"truusk-8-i-1-inomhus-klatterstallning-for-barn-prinsessdesign-rutschkana-ramp-bage-tra","status":"publish","type":"product","link":"https:\/\/truusk.store\/sv\/produkt\/truusk-8-i-1-inomhus-klatterstallning-for-barn-prinsessdesign-rutschkana-ramp-bage-tra\/","title":{"rendered":"TRUUSK 8-i-1 Inomhus Kl\u00e4tterst\u00e4llning F\u00f6r Barn &#8211; Prinsessdesign &#8211; Rutschkana &#8211; Ramp &#8211; B\u00e5ge &#8211; Tr\u00e4"},"content":{"rendered":"<p>Letar du efter en s\u00e4ker och sp\u00e4nnande syssels\u00e4ttning f\u00f6r ditt sm\u00e5barn som g\u00e5r ut\u00f6ver digitala sk\u00e4rmar? [BRAND NAME] kl\u00e4tterst\u00e4llningen g\u00f6r varje rum till en \u00e4ventyrslekplats: Det solida tr\u00e4ramen p\u00e5 kl\u00e4tterst\u00e4llningen garanterar s\u00e4kerhet och den justerbara rampen erbjuder nya utmaningar i takt med att ditt barn v\u00e4xer.<\/p>\n<p>Beskrivning:<\/p>\n<ul>\n<li> Har en 8-i-1 prinsessdesign som erbjuder stor utvecklingsgl\u00e4dje f\u00f6r sm\u00e5barn<\/li>\n<li> Tillverkad av massivt tr\u00e4 med extra f\u00f6rst\u00e4rkningar f\u00f6r \u00f6kad stabilitet och s\u00e4kerhet<\/li>\n<li> B\u00e4r upp till 50 kg, s\u00e5 att tv\u00e5 barn kan leka tillsammans<\/li>\n<li> Den justerbara rutschbanan p\u00e5 inomhuskl\u00e4tterst\u00e4llningen m\u00f6jligg\u00f6r olika lutningar och v\u00e4xer med ditt barns f\u00f6rm\u00e5gor<\/li>\n<li> Sl\u00e4ta kanter p\u00e5 kl\u00e4tterst\u00e4llningen med s\u00e4ker f\u00e4rg skyddar ditt barns k\u00e4nsliga hud<\/li>\n<li> S\u00e4kert 8 cm stegavst\u00e5nd f\u00f6rhindrar att huvudet kl\u00e4ms fast vid sj\u00e4lvst\u00e4ndigt, \u00e4ventyrligt spel<\/li>\n<li> Inspirerar till fantasifullt spel och fr\u00e4mjar sj\u00e4lvf\u00f6rtroendet<\/li>\n<li> Montering kr\u00e4vs, ca. 1 timme<\/li>\n<\/ul>\n<p> Tekniska specifikationer:<\/p>\n<ul>\n<li> F\u00e4rg: Rosa+Natur<\/li>\n<li> Material: Poppelk\u00e4rna, furuflerskikt<\/li>\n<li> Storlek p\u00e5 triangelkl\u00e4ttraren: 76,5B x 74T cm<\/li>\n<li> Storlek p\u00e5 b\u00e5gkl\u00e4ttraren: 80B x 42T x 38H cm<\/li>\n<li> Storlek p\u00e5 rutschbanan: 92L x 38,5B x 18H cm<\/li>\n<li> Maximal belastning: 50 kg<\/li>\n<li> Rekommenderad \u00e5lder: 18-48 m\u00e5nader<\/li>\n<\/ul>\n<p>Ing\u00e5r:<\/p>\n<ul>\n<li> 1 x kl\u00e4tterst\u00e4llning f\u00f6r barn<\/li>\n<li> 1 x handbok<\/li>\n<\/ul>\n","protected":false},"excerpt":{"rendered":"<p>Letar du efter en s\u00e4ker och sp\u00e4nnande syssels\u00e4ttning f\u00f6r ditt sm\u00e5barn som g\u00e5r ut\u00f6ver digitala sk\u00e4rmar? [BRAND NAME] kl\u00e4tterst\u00e4llningen g\u00f6r&#8230;<\/p>\n","protected":false},"featured_media":96049,"template":"","meta":[],"product_brand":[],"product_cat":[880,918],"product_tag":[],"class_list":{"0":"post-96061","1":"product","2":"type-product","3":"status-publish","4":"has-post-thumbnail","6":"product_cat-baby-barn-2","7":"product_cat-leksaker","9":"first","10":"instock","11":"sale","12":"taxable","13":"shipping-taxable","14":"purchasable","15":"product-type-simple"},"yoast_head":"<!-- This site is optimized with the Yoast SEO plugin v25.4 - https:\/\/yoast.com\/wordpress\/plugins\/seo\/ -->\n<title>TRUUSK 8-i-1 Inomhus Kl\u00e4tterst\u00e4llning F\u00f6r Barn - Prinsessdesign - Rutschkana - Ramp - B\u00e5ge - Tr\u00e4 - TRUUSK - Hem, Tr\u00e4dg\u00e5rd &amp; Fritid<\/title>\n<meta name=\"robots\" content=\"index, follow, max-snippet:-1, max-image-preview:large, max-video-preview:-1\" \/>\n<link rel=\"canonical\" href=\"https:\/\/truusk.store\/sv\/produkt\/truusk-8-i-1-inomhus-klatterstallning-for-barn-prinsessdesign-rutschkana-ramp-bage-tra\/\" \/>\n<meta property=\"og:locale\" content=\"sv_SE\" \/>\n<meta property=\"og:type\" content=\"article\" \/>\n<meta property=\"og:title\" content=\"TRUUSK 8-i-1 Inomhus Kl\u00e4tterst\u00e4llning F\u00f6r Barn - Prinsessdesign - Rutschkana - Ramp - B\u00e5ge - Tr\u00e4 - TRUUSK - Hem, Tr\u00e4dg\u00e5rd &amp; Fritid\" \/>\n<meta property=\"og:description\" content=\"Letar du efter en s\u00e4ker och sp\u00e4nnande syssels\u00e4ttning f\u00f6r ditt sm\u00e5barn som g\u00e5r ut\u00f6ver digitala sk\u00e4rmar? [BRAND NAME] kl\u00e4tterst\u00e4llningen g\u00f6r...\" \/>\n<meta property=\"og:url\" content=\"https:\/\/truusk.store\/sv\/produkt\/truusk-8-i-1-inomhus-klatterstallning-for-barn-prinsessdesign-rutschkana-ramp-bage-tra\/\" \/>\n<meta property=\"og:site_name\" content=\"TRUUSK - Hem, Tr\u00e4dg\u00e5rd &amp; Fritid\" \/>\n<meta property=\"article:modified_time\" content=\"2026-03-12T07:48:23+00:00\" \/>\n<meta property=\"og:image\" content=\"https:\/\/i0.wp.com\/truusk.se\/wp-content\/uploads\/2025\/11\/8-i-1-inomhus-klatterstallning-for-barn-prinsessdesign-rutschkana-ramp-bage-tra-1.webp?fit=2000%2C2000&ssl=1\" \/>\n\t<meta property=\"og:image:width\" content=\"2000\" \/>\n\t<meta property=\"og:image:height\" content=\"2000\" \/>\n\t<meta property=\"og:image:type\" content=\"image\/webp\" \/>\n<meta name=\"twitter:card\" content=\"summary_large_image\" \/>\n<meta name=\"twitter:label1\" content=\"Ber\u00e4knad l\u00e4stid\" \/>\n\t<meta name=\"twitter:data1\" content=\"1 minut\" \/>\n<!-- \/ Yoast SEO plugin. -->","yoast_head_json":{"title":"TRUUSK 8-i-1 Inomhus Kl\u00e4tterst\u00e4llning F\u00f6r Barn - Prinsessdesign - Rutschkana - Ramp - B\u00e5ge - Tr\u00e4 - TRUUSK - Hem, Tr\u00e4dg\u00e5rd &amp; Fritid","robots":{"index":"index","follow":"follow","max-snippet":"max-snippet:-1","max-image-preview":"max-image-preview:large","max-video-preview":"max-video-preview:-1"},"canonical":"https:\/\/truusk.store\/sv\/produkt\/truusk-8-i-1-inomhus-klatterstallning-for-barn-prinsessdesign-rutschkana-ramp-bage-tra\/","og_locale":"sv_SE","og_type":"article","og_title":"TRUUSK 8-i-1 Inomhus Kl\u00e4tterst\u00e4llning F\u00f6r Barn - Prinsessdesign - Rutschkana - Ramp - B\u00e5ge - Tr\u00e4 - TRUUSK - Hem, Tr\u00e4dg\u00e5rd &amp; Fritid","og_description":"Letar du efter en s\u00e4ker och sp\u00e4nnande syssels\u00e4ttning f\u00f6r ditt sm\u00e5barn som g\u00e5r ut\u00f6ver digitala sk\u00e4rmar? [BRAND NAME] kl\u00e4tterst\u00e4llningen g\u00f6r...","og_url":"https:\/\/truusk.store\/sv\/produkt\/truusk-8-i-1-inomhus-klatterstallning-for-barn-prinsessdesign-rutschkana-ramp-bage-tra\/","og_site_name":"TRUUSK - Hem, Tr\u00e4dg\u00e5rd &amp; Fritid","article_modified_time":"2026-03-12T07:48:23+00:00","og_image":[{"width":2000,"height":2000,"url":"https:\/\/i0.wp.com\/truusk.se\/wp-content\/uploads\/2025\/11\/8-i-1-inomhus-klatterstallning-for-barn-prinsessdesign-rutschkana-ramp-bage-tra-1.webp?fit=2000%2C2000&ssl=1","type":"image\/webp"}],"twitter_card":"summary_large_image","twitter_misc":{"Ber\u00e4knad l\u00e4stid":"1 minut"},"schema":{"@context":"https:\/\/schema.org","@graph":[{"@type":"WebPage","@id":"https:\/\/truusk.store\/sv\/produkt\/truusk-8-i-1-inomhus-klatterstallning-for-barn-prinsessdesign-rutschkana-ramp-bage-tra\/","url":"https:\/\/truusk.store\/sv\/produkt\/truusk-8-i-1-inomhus-klatterstallning-for-barn-prinsessdesign-rutschkana-ramp-bage-tra\/","name":"TRUUSK 8-i-1 Inomhus Kl\u00e4tterst\u00e4llning F\u00f6r Barn - Prinsessdesign - Rutschkana - Ramp - B\u00e5ge - Tr\u00e4 - TRUUSK - Hem, Tr\u00e4dg\u00e5rd &amp; Fritid","isPartOf":{"@id":"https:\/\/truusk.store\/sv\/#website"},"primaryImageOfPage":{"@id":"https:\/\/truusk.store\/sv\/produkt\/truusk-8-i-1-inomhus-klatterstallning-for-barn-prinsessdesign-rutschkana-ramp-bage-tra\/#primaryimage"},"image":{"@id":"https:\/\/truusk.store\/sv\/produkt\/truusk-8-i-1-inomhus-klatterstallning-for-barn-prinsessdesign-rutschkana-ramp-bage-tra\/#primaryimage"},"thumbnailUrl":"https:\/\/i0.wp.com\/truusk.store\/wp-content\/uploads\/2025\/11\/8-i-1-inomhus-klatterstallning-for-barn-prinsessdesign-rutschkana-ramp-bage-tra-1.webp?fit=2000%2C2000&ssl=1","datePublished":"2025-11-24T08:01:09+00:00","dateModified":"2026-03-12T07:48:23+00:00","breadcrumb":{"@id":"https:\/\/truusk.store\/sv\/produkt\/truusk-8-i-1-inomhus-klatterstallning-for-barn-prinsessdesign-rutschkana-ramp-bage-tra\/#breadcrumb"},"inLanguage":"sv-SE","potentialAction":[{"@type":"ReadAction","target":["https:\/\/truusk.store\/sv\/produkt\/truusk-8-i-1-inomhus-klatterstallning-for-barn-prinsessdesign-rutschkana-ramp-bage-tra\/"]}]},{"@type":"ImageObject","inLanguage":"sv-SE","@id":"https:\/\/truusk.store\/sv\/produkt\/truusk-8-i-1-inomhus-klatterstallning-for-barn-prinsessdesign-rutschkana-ramp-bage-tra\/#primaryimage","url":"https:\/\/i0.wp.com\/truusk.store\/wp-content\/uploads\/2025\/11\/8-i-1-inomhus-klatterstallning-for-barn-prinsessdesign-rutschkana-ramp-bage-tra-1.webp?fit=2000%2C2000&ssl=1","contentUrl":"https:\/\/i0.wp.com\/truusk.store\/wp-content\/uploads\/2025\/11\/8-i-1-inomhus-klatterstallning-for-barn-prinsessdesign-rutschkana-ramp-bage-tra-1.webp?fit=2000%2C2000&ssl=1","width":2000,"height":2000},{"@type":"BreadcrumbList","@id":"https:\/\/truusk.store\/sv\/produkt\/truusk-8-i-1-inomhus-klatterstallning-for-barn-prinsessdesign-rutschkana-ramp-bage-tra\/#breadcrumb","itemListElement":[{"@type":"ListItem","position":1,"name":"Home","item":"https:\/\/truusk.store\/sv\/"},{"@type":"ListItem","position":2,"name":"Shop","item":"https:\/\/truusk.store\/shop\/"},{"@type":"ListItem","position":3,"name":"TRUUSK 8-i-1 Inomhus Kl\u00e4tterst\u00e4llning F\u00f6r Barn &#8211; Prinsessdesign &#8211; Rutschkana &#8211; Ramp &#8211; B\u00e5ge &#8211; Tr\u00e4"}]},{"@type":"WebSite","@id":"https:\/\/truusk.store\/sv\/#website","url":"https:\/\/truusk.store\/sv\/","name":"TRUUSK - Hem, Tr\u00e4dg\u00e5rd & Fritid","description":"","publisher":{"@id":"https:\/\/truusk.store\/sv\/#organization"},"potentialAction":[{"@type":"SearchAction","target":{"@type":"EntryPoint","urlTemplate":"https:\/\/truusk.store\/sv\/?s={search_term_string}"},"query-input":{"@type":"PropertyValueSpecification","valueRequired":true,"valueName":"search_term_string"}}],"inLanguage":"sv-SE"},{"@type":"Organization","@id":"https:\/\/truusk.store\/sv\/#organization","name":"TRUUSK - Hem, Tr\u00e4dg\u00e5rd & Fritid","url":"https:\/\/truusk.store\/sv\/","logo":{"@type":"ImageObject","inLanguage":"sv-SE","@id":"https:\/\/truusk.store\/sv\/#\/schema\/logo\/image\/","url":"https:\/\/i0.wp.com\/truusk.store\/wp-content\/uploads\/2026\/03\/cropped-TRUUSK.png?fit=2032%2C917&ssl=1","contentUrl":"https:\/\/i0.wp.com\/truusk.store\/wp-content\/uploads\/2026\/03\/cropped-TRUUSK.png?fit=2032%2C917&ssl=1","width":2032,"height":917,"caption":"TRUUSK - Hem, Tr\u00e4dg\u00e5rd & Fritid"},"image":{"@id":"https:\/\/truusk.store\/sv\/#\/schema\/logo\/image\/"}}]}},"jetpack_sharing_enabled":true,"_links":{"self":[{"href":"https:\/\/truusk.store\/sv\/wp-json\/wp\/v2\/product\/96061","targetHints":{"allow":["GET"]}}],"collection":[{"href":"https:\/\/truusk.store\/sv\/wp-json\/wp\/v2\/product"}],"about":[{"href":"https:\/\/truusk.store\/sv\/wp-json\/wp\/v2\/types\/product"}],"wp:featuredmedia":[{"embeddable":true,"href":"https:\/\/truusk.store\/sv\/wp-json\/wp\/v2\/media\/96049"}],"wp:attachment":[{"href":"https:\/\/truusk.store\/sv\/wp-json\/wp\/v2\/media?parent=96061"}],"wp:term":[{"taxonomy":"product_brand","embeddable":true,"href":"https:\/\/truusk.store\/sv\/wp-json\/wp\/v2\/product_brand?post=96061"},{"taxonomy":"product_cat","embeddable":true,"href":"https:\/\/truusk.store\/sv\/wp-json\/wp\/v2\/product_cat?post=96061"},{"taxonomy":"product_tag","embeddable":true,"href":"https:\/\/truusk.store\/sv\/wp-json\/wp\/v2\/product_tag?post=96061"}],"curies":[{"name":"wp","href":"https:\/\/api.w.org\/{rel}","templated":true}]}}