{"id":96072,"date":"2025-11-24T09:02:11","date_gmt":"2025-11-24T08:02:11","guid":{"rendered":"https:\/\/truusk.store\/product\/montessori-klatterstallning-inomhus-2-i-1-klatterbage-av-tra-for-barn-2-4-ar-110x52x45-cm-naturligt-tra\/"},"modified":"2026-03-12T08:48:23","modified_gmt":"2026-03-12T07:48:23","slug":"truusk-montessori-klatterstallning-inomhus-2-i-1-klatterbage-av-tra-for-barn-2-4-ar-110x52x45-cm-naturligt-tra","status":"publish","type":"product","link":"https:\/\/truusk.store\/sv\/produkt\/truusk-montessori-klatterstallning-inomhus-2-i-1-klatterbage-av-tra-for-barn-2-4-ar-110x52x45-cm-naturligt-tra\/","title":{"rendered":"TRUUSK Montessori Kl\u00e4tterst\u00e4llning Inomhus &#8211; 2 I 1 Kl\u00e4tterb\u00e5ge Av Tr\u00e4 &#8211; F\u00f6r Barn 2-4 \u00e5r &#8211; 110x52x45 Cm &#8211; Naturligt Tr\u00e4"},"content":{"rendered":"<p>Letar du efter s\u00e4kra och engagerande inomhusspel f\u00f6r ditt sm\u00e5barn? [BRAND NAME] kl\u00e4tterb\u00e5gen, tillverkad av robust h\u00e5rdtr\u00e4, fungerar som en Montessori-inspirerad kl\u00e4ttrare och mild gungbr\u00e4da. Detta inomhus kl\u00e4tterst\u00e4llning fr\u00e4mjar f\u00f6rtroende och koordination och g\u00f6r ditt hem till ett s\u00e4kert uppt\u00e4cktsparadis.<\/p>\n<p>Beskrivning:<\/p>\n<ul>\n<li> V\u00e4xlar fr\u00e5n en kl\u00e4tterv\u00e4gg till en gungbr\u00e4da och erbjuder o\u00e4ndligt med kul inomhus<\/li>\n<li> Inspirerad av Montessori f\u00f6r sm\u00e5barn, fr\u00e4mjar motoriska f\u00e4rdigheter och st\u00e4rker deras sj\u00e4lvf\u00f6rtroende<\/li>\n<li> Kl\u00e4tterb\u00e5gen \u00e4r tillverkad av naturligt tr\u00e4 med sl\u00e4ta kanter, garanterar s\u00e4kert spel f\u00f6r ditt barn<\/li>\n<li> Robust konstruktion av kl\u00e4tterst\u00e4llningen b\u00e4r upp till 50 kg och erbjuder en stabil spelstruktur<\/li>\n<li> Med l\u00e4tta att greppa handtag och en mild b\u00e5ge f\u00f6r s\u00e4ker, lugnande gungning<\/li>\n<li> Montering av inomhus kl\u00e4tterst\u00e4llningen kr\u00e4vs p\u00e5 bara 30 minuter och l\u00e4tt att reng\u00f6ra, sparar dig tid<\/li>\n<\/ul>\n<p> Tekniska data:<\/p>\n<ul>\n<li> F\u00e4rg: Natur<\/li>\n<li> Material: Tr\u00e4<\/li>\n<li> Totala dimensioner: 110B x 52T x 45H cm<\/li>\n<li> Maximal belastning: 50 kg<\/li>\n<li> Rekommenderad \u00e5lder: 2-4 \u00e5r<\/li>\n<li> Godk\u00e4nd \u00e5lder: 2+ \u00e5r<\/li>\n<\/ul>\n<p>Inneh\u00e5ll:<\/p>\n<ul>\n<li> 1 x kl\u00e4tterb\u00e5ge f\u00f6r barn<\/li>\n<li> 1 x bruksanvisning<\/li>\n<\/ul>\n","protected":false},"excerpt":{"rendered":"<p>Letar du efter s\u00e4kra och engagerande inomhusspel f\u00f6r ditt sm\u00e5barn? [BRAND NAME] kl\u00e4tterb\u00e5gen, tillverkad av robust h\u00e5rdtr\u00e4, fungerar som en&#8230;<\/p>\n","protected":false},"featured_media":96060,"template":"","meta":[],"product_brand":[],"product_cat":[880,918],"product_tag":[],"class_list":{"0":"post-96072","1":"product","2":"type-product","3":"status-publish","4":"has-post-thumbnail","6":"product_cat-baby-barn-2","7":"product_cat-leksaker","9":"first","10":"instock","11":"sale","12":"taxable","13":"shipping-taxable","14":"purchasable","15":"product-type-simple"},"yoast_head":"<!-- This site is optimized with the Yoast SEO plugin v25.4 - https:\/\/yoast.com\/wordpress\/plugins\/seo\/ -->\n<title>TRUUSK Montessori Kl\u00e4tterst\u00e4llning Inomhus - 2 I 1 Kl\u00e4tterb\u00e5ge Av Tr\u00e4 - F\u00f6r Barn 2-4 \u00e5r - 110x52x45 Cm - Naturligt Tr\u00e4 - TRUUSK - Hem, Tr\u00e4dg\u00e5rd &amp; Fritid<\/title>\n<meta name=\"robots\" content=\"index, follow, max-snippet:-1, max-image-preview:large, max-video-preview:-1\" \/>\n<link rel=\"canonical\" href=\"https:\/\/truusk.store\/sv\/produkt\/truusk-montessori-klatterstallning-inomhus-2-i-1-klatterbage-av-tra-for-barn-2-4-ar-110x52x45-cm-naturligt-tra\/\" \/>\n<meta property=\"og:locale\" content=\"sv_SE\" \/>\n<meta property=\"og:type\" content=\"article\" \/>\n<meta property=\"og:title\" content=\"TRUUSK Montessori Kl\u00e4tterst\u00e4llning Inomhus - 2 I 1 Kl\u00e4tterb\u00e5ge Av Tr\u00e4 - F\u00f6r Barn 2-4 \u00e5r - 110x52x45 Cm - Naturligt Tr\u00e4 - TRUUSK - Hem, Tr\u00e4dg\u00e5rd &amp; Fritid\" \/>\n<meta property=\"og:description\" content=\"Letar du efter s\u00e4kra och engagerande inomhusspel f\u00f6r ditt sm\u00e5barn? [BRAND NAME] kl\u00e4tterb\u00e5gen, tillverkad av robust h\u00e5rdtr\u00e4, fungerar som en...\" \/>\n<meta property=\"og:url\" content=\"https:\/\/truusk.store\/sv\/produkt\/truusk-montessori-klatterstallning-inomhus-2-i-1-klatterbage-av-tra-for-barn-2-4-ar-110x52x45-cm-naturligt-tra\/\" \/>\n<meta property=\"og:site_name\" content=\"TRUUSK - Hem, Tr\u00e4dg\u00e5rd &amp; Fritid\" \/>\n<meta property=\"article:modified_time\" content=\"2026-03-12T07:48:23+00:00\" \/>\n<meta property=\"og:image\" content=\"https:\/\/i0.wp.com\/truusk.se\/wp-content\/uploads\/2025\/11\/montessori-klatterstallning-inomhus-2-i-1-klatterbage-av-tra-for-barn-2-4-ar-110x52x45-cm-naturligt-tra-1.webp?fit=2000%2C2000&ssl=1\" \/>\n\t<meta property=\"og:image:width\" content=\"2000\" \/>\n\t<meta property=\"og:image:height\" content=\"2000\" \/>\n\t<meta property=\"og:image:type\" content=\"image\/webp\" \/>\n<meta name=\"twitter:card\" content=\"summary_large_image\" \/>\n<meta name=\"twitter:label1\" content=\"Ber\u00e4knad l\u00e4stid\" \/>\n\t<meta name=\"twitter:data1\" content=\"1 minut\" \/>\n<!-- \/ Yoast SEO plugin. -->","yoast_head_json":{"title":"TRUUSK Montessori Kl\u00e4tterst\u00e4llning Inomhus - 2 I 1 Kl\u00e4tterb\u00e5ge Av Tr\u00e4 - F\u00f6r Barn 2-4 \u00e5r - 110x52x45 Cm - Naturligt Tr\u00e4 - TRUUSK - Hem, Tr\u00e4dg\u00e5rd &amp; Fritid","robots":{"index":"index","follow":"follow","max-snippet":"max-snippet:-1","max-image-preview":"max-image-preview:large","max-video-preview":"max-video-preview:-1"},"canonical":"https:\/\/truusk.store\/sv\/produkt\/truusk-montessori-klatterstallning-inomhus-2-i-1-klatterbage-av-tra-for-barn-2-4-ar-110x52x45-cm-naturligt-tra\/","og_locale":"sv_SE","og_type":"article","og_title":"TRUUSK Montessori Kl\u00e4tterst\u00e4llning Inomhus - 2 I 1 Kl\u00e4tterb\u00e5ge Av Tr\u00e4 - F\u00f6r Barn 2-4 \u00e5r - 110x52x45 Cm - Naturligt Tr\u00e4 - TRUUSK - Hem, Tr\u00e4dg\u00e5rd &amp; Fritid","og_description":"Letar du efter s\u00e4kra och engagerande inomhusspel f\u00f6r ditt sm\u00e5barn? [BRAND NAME] kl\u00e4tterb\u00e5gen, tillverkad av robust h\u00e5rdtr\u00e4, fungerar som en...","og_url":"https:\/\/truusk.store\/sv\/produkt\/truusk-montessori-klatterstallning-inomhus-2-i-1-klatterbage-av-tra-for-barn-2-4-ar-110x52x45-cm-naturligt-tra\/","og_site_name":"TRUUSK - Hem, Tr\u00e4dg\u00e5rd &amp; Fritid","article_modified_time":"2026-03-12T07:48:23+00:00","og_image":[{"width":2000,"height":2000,"url":"https:\/\/i0.wp.com\/truusk.se\/wp-content\/uploads\/2025\/11\/montessori-klatterstallning-inomhus-2-i-1-klatterbage-av-tra-for-barn-2-4-ar-110x52x45-cm-naturligt-tra-1.webp?fit=2000%2C2000&ssl=1","type":"image\/webp"}],"twitter_card":"summary_large_image","twitter_misc":{"Ber\u00e4knad l\u00e4stid":"1 minut"},"schema":{"@context":"https:\/\/schema.org","@graph":[{"@type":"WebPage","@id":"https:\/\/truusk.store\/sv\/produkt\/truusk-montessori-klatterstallning-inomhus-2-i-1-klatterbage-av-tra-for-barn-2-4-ar-110x52x45-cm-naturligt-tra\/","url":"https:\/\/truusk.store\/sv\/produkt\/truusk-montessori-klatterstallning-inomhus-2-i-1-klatterbage-av-tra-for-barn-2-4-ar-110x52x45-cm-naturligt-tra\/","name":"TRUUSK Montessori Kl\u00e4tterst\u00e4llning Inomhus - 2 I 1 Kl\u00e4tterb\u00e5ge Av Tr\u00e4 - F\u00f6r Barn 2-4 \u00e5r - 110x52x45 Cm - Naturligt Tr\u00e4 - TRUUSK - Hem, Tr\u00e4dg\u00e5rd &amp; Fritid","isPartOf":{"@id":"https:\/\/truusk.store\/sv\/#website"},"primaryImageOfPage":{"@id":"https:\/\/truusk.store\/sv\/produkt\/truusk-montessori-klatterstallning-inomhus-2-i-1-klatterbage-av-tra-for-barn-2-4-ar-110x52x45-cm-naturligt-tra\/#primaryimage"},"image":{"@id":"https:\/\/truusk.store\/sv\/produkt\/truusk-montessori-klatterstallning-inomhus-2-i-1-klatterbage-av-tra-for-barn-2-4-ar-110x52x45-cm-naturligt-tra\/#primaryimage"},"thumbnailUrl":"https:\/\/i0.wp.com\/truusk.store\/wp-content\/uploads\/2025\/11\/montessori-klatterstallning-inomhus-2-i-1-klatterbage-av-tra-for-barn-2-4-ar-110x52x45-cm-naturligt-tra-1.webp?fit=2000%2C2000&ssl=1","datePublished":"2025-11-24T08:02:11+00:00","dateModified":"2026-03-12T07:48:23+00:00","breadcrumb":{"@id":"https:\/\/truusk.store\/sv\/produkt\/truusk-montessori-klatterstallning-inomhus-2-i-1-klatterbage-av-tra-for-barn-2-4-ar-110x52x45-cm-naturligt-tra\/#breadcrumb"},"inLanguage":"sv-SE","potentialAction":[{"@type":"ReadAction","target":["https:\/\/truusk.store\/sv\/produkt\/truusk-montessori-klatterstallning-inomhus-2-i-1-klatterbage-av-tra-for-barn-2-4-ar-110x52x45-cm-naturligt-tra\/"]}]},{"@type":"ImageObject","inLanguage":"sv-SE","@id":"https:\/\/truusk.store\/sv\/produkt\/truusk-montessori-klatterstallning-inomhus-2-i-1-klatterbage-av-tra-for-barn-2-4-ar-110x52x45-cm-naturligt-tra\/#primaryimage","url":"https:\/\/i0.wp.com\/truusk.store\/wp-content\/uploads\/2025\/11\/montessori-klatterstallning-inomhus-2-i-1-klatterbage-av-tra-for-barn-2-4-ar-110x52x45-cm-naturligt-tra-1.webp?fit=2000%2C2000&ssl=1","contentUrl":"https:\/\/i0.wp.com\/truusk.store\/wp-content\/uploads\/2025\/11\/montessori-klatterstallning-inomhus-2-i-1-klatterbage-av-tra-for-barn-2-4-ar-110x52x45-cm-naturligt-tra-1.webp?fit=2000%2C2000&ssl=1","width":2000,"height":2000},{"@type":"BreadcrumbList","@id":"https:\/\/truusk.store\/sv\/produkt\/truusk-montessori-klatterstallning-inomhus-2-i-1-klatterbage-av-tra-for-barn-2-4-ar-110x52x45-cm-naturligt-tra\/#breadcrumb","itemListElement":[{"@type":"ListItem","position":1,"name":"Home","item":"https:\/\/truusk.store\/sv\/"},{"@type":"ListItem","position":2,"name":"Shop","item":"https:\/\/truusk.store\/shop\/"},{"@type":"ListItem","position":3,"name":"TRUUSK Montessori Kl\u00e4tterst\u00e4llning Inomhus &#8211; 2 I 1 Kl\u00e4tterb\u00e5ge Av Tr\u00e4 &#8211; F\u00f6r Barn 2-4 \u00e5r &#8211; 110x52x45 Cm &#8211; Naturligt Tr\u00e4"}]},{"@type":"WebSite","@id":"https:\/\/truusk.store\/sv\/#website","url":"https:\/\/truusk.store\/sv\/","name":"TRUUSK - Hem, Tr\u00e4dg\u00e5rd & Fritid","description":"","publisher":{"@id":"https:\/\/truusk.store\/sv\/#organization"},"potentialAction":[{"@type":"SearchAction","target":{"@type":"EntryPoint","urlTemplate":"https:\/\/truusk.store\/sv\/?s={search_term_string}"},"query-input":{"@type":"PropertyValueSpecification","valueRequired":true,"valueName":"search_term_string"}}],"inLanguage":"sv-SE"},{"@type":"Organization","@id":"https:\/\/truusk.store\/sv\/#organization","name":"TRUUSK - Hem, Tr\u00e4dg\u00e5rd & Fritid","url":"https:\/\/truusk.store\/sv\/","logo":{"@type":"ImageObject","inLanguage":"sv-SE","@id":"https:\/\/truusk.store\/sv\/#\/schema\/logo\/image\/","url":"https:\/\/i0.wp.com\/truusk.store\/wp-content\/uploads\/2026\/03\/cropped-TRUUSK.png?fit=2032%2C917&ssl=1","contentUrl":"https:\/\/i0.wp.com\/truusk.store\/wp-content\/uploads\/2026\/03\/cropped-TRUUSK.png?fit=2032%2C917&ssl=1","width":2032,"height":917,"caption":"TRUUSK - Hem, Tr\u00e4dg\u00e5rd & Fritid"},"image":{"@id":"https:\/\/truusk.store\/sv\/#\/schema\/logo\/image\/"}}]}},"jetpack_sharing_enabled":true,"_links":{"self":[{"href":"https:\/\/truusk.store\/sv\/wp-json\/wp\/v2\/product\/96072","targetHints":{"allow":["GET"]}}],"collection":[{"href":"https:\/\/truusk.store\/sv\/wp-json\/wp\/v2\/product"}],"about":[{"href":"https:\/\/truusk.store\/sv\/wp-json\/wp\/v2\/types\/product"}],"wp:featuredmedia":[{"embeddable":true,"href":"https:\/\/truusk.store\/sv\/wp-json\/wp\/v2\/media\/96060"}],"wp:attachment":[{"href":"https:\/\/truusk.store\/sv\/wp-json\/wp\/v2\/media?parent=96072"}],"wp:term":[{"taxonomy":"product_brand","embeddable":true,"href":"https:\/\/truusk.store\/sv\/wp-json\/wp\/v2\/product_brand?post=96072"},{"taxonomy":"product_cat","embeddable":true,"href":"https:\/\/truusk.store\/sv\/wp-json\/wp\/v2\/product_cat?post=96072"},{"taxonomy":"product_tag","embeddable":true,"href":"https:\/\/truusk.store\/sv\/wp-json\/wp\/v2\/product_tag?post=96072"}],"curies":[{"name":"wp","href":"https:\/\/api.w.org\/{rel}","templated":true}]}}