{"id":96082,"date":"2025-11-24T09:03:04","date_gmt":"2025-11-24T08:03:04","guid":{"rendered":"https:\/\/truusk.store\/product\/5-i-1-inomhus-klatterstallning-med-rutschkana-gunga-klatternat-basketkorg-hopfallbar-3-6-ar-naturligt-tra\/"},"modified":"2026-03-12T08:48:23","modified_gmt":"2026-03-12T07:48:23","slug":"truusk-5-i-1-inomhus-klatterstallning-rutschkana-gunga-klatternat-basketkorg-hopfallbar-naturligt-tra-for-3-6-ar","status":"publish","type":"product","link":"https:\/\/truusk.store\/sv\/produkt\/truusk-5-i-1-inomhus-klatterstallning-rutschkana-gunga-klatternat-basketkorg-hopfallbar-naturligt-tra-for-3-6-ar\/","title":{"rendered":"TRUUSK 5-i-1 Inomhus Kl\u00e4tterst\u00e4llning &#8211; Rutschkana &#8211; Gunga &#8211; Kl\u00e4ttern\u00e4t &#8211; Basketkorg &#8211; Hopf\u00e4llbar &#8211; Naturligt Tr\u00e4 &#8211; F\u00f6r 3-6 \u00e5r"},"content":{"rendered":"<p>Det [BRAND NAME] kl\u00e4tterst\u00e4llning f\u00f6r sm\u00e5barn g\u00f6r ditt hem till en s\u00e4ker \u00e4ventyrslekplats, d\u00e4r de minsta kan leka och utvecklas. Tillverkad av stabilt tr\u00e4, utrustad med gunga, rutschkana, kl\u00e4tterplatta, basketkorg och kl\u00e4tterv\u00e4gg, st\u00f6djer det utvecklingen av balans, koordination och sj\u00e4lvf\u00f6rtroende och g\u00f6r varje dag till en lekfull tillv\u00e4xtupplevelse.<\/p>\n<p>Beskrivning:<\/p>\n<ul>\n<li> 5-i-1 kl\u00e4tterst\u00e4llning med gunga, rutschkana och korg f\u00f6r m\u00e5ngsidig inomhuskul<\/li>\n<li> Stabilt A-ram och tjockt furutr\u00e4 b\u00e4r upp till 50 kg f\u00f6r s\u00e4kerhet<\/li>\n<li> Tillverkad av s\u00e4kert, sl\u00e4tt naturtr\u00e4 f\u00f6r en h\u00e4lsosam lekgl\u00e4dje<\/li>\n<li> Fr\u00e4mjar balans, koordination och sj\u00e4lvf\u00f6rtroende genom aktivt spel<\/li>\n<li> F\u00e4llbart design av kl\u00e4ttringstriangeln sparar v\u00e4rdefullt utrymme och passar f\u00f6r varje rum<\/li>\n<li> Snabb och enkel installation p\u00e5 ungef\u00e4r en timme med tydliga instruktioner<\/li>\n<\/ul>\n<p> Tekniska data:<\/p>\n<ul>\n<li> F\u00e4rg: Natur<\/li>\n<li> Material: Poppelk\u00e4rn-furu-faner-plywood, furutr\u00e4<\/li>\n<li> F\u00e4llstorlek: 140L x 133B x 43H cm<\/li>\n<li> Rutschkanans storlek: 100L x 36B cm<\/li>\n<li> Plattformstorlek f\u00f6r rutschkana: 50B x 40T cm<\/li>\n<li> Gungans storlek: 38B x 20T cm<\/li>\n<li> Bollkorgens h\u00f6jd: 96H cm<\/li>\n<li> Yttre diameter p\u00e5 basketkorgen: \u00d821,5 cm<\/li>\n<li> Inre diameter p\u00e5 basketkorgen: \u00d819,5 cm<\/li>\n<li> Rekommenderad \u00e5lder: 3-6 \u00e5r<\/li>\n<li> Maximal belastning: 50 kg<\/li>\n<\/ul>\n<p>Leveransinneh\u00e5ll:<\/p>\n<ul>\n<li> 1 x kl\u00e4tterst\u00e4llning<\/li>\n<li> 1 x handbok<\/li>\n<\/ul>\n","protected":false},"excerpt":{"rendered":"<p>Det [BRAND NAME] kl\u00e4tterst\u00e4llning f\u00f6r sm\u00e5barn g\u00f6r ditt hem till en s\u00e4ker \u00e4ventyrslekplats, d\u00e4r de minsta kan leka och utvecklas&#8230;.<\/p>\n","protected":false},"featured_media":96068,"template":"","meta":[],"product_brand":[],"product_cat":[880,622,616],"product_tag":[],"class_list":{"0":"post-96082","1":"product","2":"type-product","3":"status-publish","4":"has-post-thumbnail","6":"product_cat-baby-barn-2","7":"product_cat-barnrutschbanor","8":"product_cat-utomhusleksaker","10":"first","11":"instock","12":"sale","13":"taxable","14":"shipping-taxable","15":"purchasable","16":"product-type-simple"},"yoast_head":"<!-- This site is optimized with the Yoast SEO plugin v25.4 - https:\/\/yoast.com\/wordpress\/plugins\/seo\/ -->\n<title>TRUUSK 5-i-1 Inomhus Kl\u00e4tterst\u00e4llning - Rutschkana - Gunga - Kl\u00e4ttern\u00e4t - Basketkorg - Hopf\u00e4llbar - Naturligt Tr\u00e4 - F\u00f6r 3-6 \u00e5r - TRUUSK - Hem, Tr\u00e4dg\u00e5rd &amp; Fritid<\/title>\n<meta name=\"robots\" content=\"index, follow, max-snippet:-1, max-image-preview:large, max-video-preview:-1\" \/>\n<link rel=\"canonical\" href=\"https:\/\/truusk.store\/sv\/produkt\/truusk-5-i-1-inomhus-klatterstallning-rutschkana-gunga-klatternat-basketkorg-hopfallbar-naturligt-tra-for-3-6-ar\/\" \/>\n<meta property=\"og:locale\" content=\"sv_SE\" \/>\n<meta property=\"og:type\" content=\"article\" \/>\n<meta property=\"og:title\" content=\"TRUUSK 5-i-1 Inomhus Kl\u00e4tterst\u00e4llning - Rutschkana - Gunga - Kl\u00e4ttern\u00e4t - Basketkorg - Hopf\u00e4llbar - Naturligt Tr\u00e4 - F\u00f6r 3-6 \u00e5r - TRUUSK - Hem, Tr\u00e4dg\u00e5rd &amp; Fritid\" \/>\n<meta property=\"og:description\" content=\"Det [BRAND NAME] kl\u00e4tterst\u00e4llning f\u00f6r sm\u00e5barn g\u00f6r ditt hem till en s\u00e4ker \u00e4ventyrslekplats, d\u00e4r de minsta kan leka och utvecklas....\" \/>\n<meta property=\"og:url\" content=\"https:\/\/truusk.store\/sv\/produkt\/truusk-5-i-1-inomhus-klatterstallning-rutschkana-gunga-klatternat-basketkorg-hopfallbar-naturligt-tra-for-3-6-ar\/\" \/>\n<meta property=\"og:site_name\" content=\"TRUUSK - Hem, Tr\u00e4dg\u00e5rd &amp; Fritid\" \/>\n<meta property=\"article:modified_time\" content=\"2026-03-12T07:48:23+00:00\" \/>\n<meta property=\"og:image\" content=\"https:\/\/i0.wp.com\/truusk.se\/wp-content\/uploads\/2025\/11\/5-i-1-inomhus-klatterstallning-med-rutschkana-gunga-klatternat-basketkorg-hopfallbar-3-6-ar-naturligt-tra-1.webp?fit=2000%2C2000&ssl=1\" \/>\n\t<meta property=\"og:image:width\" content=\"2000\" \/>\n\t<meta property=\"og:image:height\" content=\"2000\" \/>\n\t<meta property=\"og:image:type\" content=\"image\/webp\" \/>\n<meta name=\"twitter:card\" content=\"summary_large_image\" \/>\n<meta name=\"twitter:label1\" content=\"Ber\u00e4knad l\u00e4stid\" \/>\n\t<meta name=\"twitter:data1\" content=\"1 minut\" \/>\n<!-- \/ Yoast SEO plugin. -->","yoast_head_json":{"title":"TRUUSK 5-i-1 Inomhus Kl\u00e4tterst\u00e4llning - Rutschkana - Gunga - Kl\u00e4ttern\u00e4t - Basketkorg - Hopf\u00e4llbar - Naturligt Tr\u00e4 - F\u00f6r 3-6 \u00e5r - TRUUSK - Hem, Tr\u00e4dg\u00e5rd &amp; Fritid","robots":{"index":"index","follow":"follow","max-snippet":"max-snippet:-1","max-image-preview":"max-image-preview:large","max-video-preview":"max-video-preview:-1"},"canonical":"https:\/\/truusk.store\/sv\/produkt\/truusk-5-i-1-inomhus-klatterstallning-rutschkana-gunga-klatternat-basketkorg-hopfallbar-naturligt-tra-for-3-6-ar\/","og_locale":"sv_SE","og_type":"article","og_title":"TRUUSK 5-i-1 Inomhus Kl\u00e4tterst\u00e4llning - Rutschkana - Gunga - Kl\u00e4ttern\u00e4t - Basketkorg - Hopf\u00e4llbar - Naturligt Tr\u00e4 - F\u00f6r 3-6 \u00e5r - TRUUSK - Hem, Tr\u00e4dg\u00e5rd &amp; Fritid","og_description":"Det [BRAND NAME] kl\u00e4tterst\u00e4llning f\u00f6r sm\u00e5barn g\u00f6r ditt hem till en s\u00e4ker \u00e4ventyrslekplats, d\u00e4r de minsta kan leka och utvecklas....","og_url":"https:\/\/truusk.store\/sv\/produkt\/truusk-5-i-1-inomhus-klatterstallning-rutschkana-gunga-klatternat-basketkorg-hopfallbar-naturligt-tra-for-3-6-ar\/","og_site_name":"TRUUSK - Hem, Tr\u00e4dg\u00e5rd &amp; Fritid","article_modified_time":"2026-03-12T07:48:23+00:00","og_image":[{"width":2000,"height":2000,"url":"https:\/\/i0.wp.com\/truusk.se\/wp-content\/uploads\/2025\/11\/5-i-1-inomhus-klatterstallning-med-rutschkana-gunga-klatternat-basketkorg-hopfallbar-3-6-ar-naturligt-tra-1.webp?fit=2000%2C2000&ssl=1","type":"image\/webp"}],"twitter_card":"summary_large_image","twitter_misc":{"Ber\u00e4knad l\u00e4stid":"1 minut"},"schema":{"@context":"https:\/\/schema.org","@graph":[{"@type":"WebPage","@id":"https:\/\/truusk.store\/sv\/produkt\/truusk-5-i-1-inomhus-klatterstallning-rutschkana-gunga-klatternat-basketkorg-hopfallbar-naturligt-tra-for-3-6-ar\/","url":"https:\/\/truusk.store\/sv\/produkt\/truusk-5-i-1-inomhus-klatterstallning-rutschkana-gunga-klatternat-basketkorg-hopfallbar-naturligt-tra-for-3-6-ar\/","name":"TRUUSK 5-i-1 Inomhus Kl\u00e4tterst\u00e4llning - Rutschkana - Gunga - Kl\u00e4ttern\u00e4t - Basketkorg - Hopf\u00e4llbar - Naturligt Tr\u00e4 - F\u00f6r 3-6 \u00e5r - TRUUSK - Hem, Tr\u00e4dg\u00e5rd &amp; Fritid","isPartOf":{"@id":"https:\/\/truusk.store\/sv\/#website"},"primaryImageOfPage":{"@id":"https:\/\/truusk.store\/sv\/produkt\/truusk-5-i-1-inomhus-klatterstallning-rutschkana-gunga-klatternat-basketkorg-hopfallbar-naturligt-tra-for-3-6-ar\/#primaryimage"},"image":{"@id":"https:\/\/truusk.store\/sv\/produkt\/truusk-5-i-1-inomhus-klatterstallning-rutschkana-gunga-klatternat-basketkorg-hopfallbar-naturligt-tra-for-3-6-ar\/#primaryimage"},"thumbnailUrl":"https:\/\/i0.wp.com\/truusk.store\/wp-content\/uploads\/2025\/11\/5-i-1-inomhus-klatterstallning-med-rutschkana-gunga-klatternat-basketkorg-hopfallbar-3-6-ar-naturligt-tra-1.webp?fit=2000%2C2000&ssl=1","datePublished":"2025-11-24T08:03:04+00:00","dateModified":"2026-03-12T07:48:23+00:00","breadcrumb":{"@id":"https:\/\/truusk.store\/sv\/produkt\/truusk-5-i-1-inomhus-klatterstallning-rutschkana-gunga-klatternat-basketkorg-hopfallbar-naturligt-tra-for-3-6-ar\/#breadcrumb"},"inLanguage":"sv-SE","potentialAction":[{"@type":"ReadAction","target":["https:\/\/truusk.store\/sv\/produkt\/truusk-5-i-1-inomhus-klatterstallning-rutschkana-gunga-klatternat-basketkorg-hopfallbar-naturligt-tra-for-3-6-ar\/"]}]},{"@type":"ImageObject","inLanguage":"sv-SE","@id":"https:\/\/truusk.store\/sv\/produkt\/truusk-5-i-1-inomhus-klatterstallning-rutschkana-gunga-klatternat-basketkorg-hopfallbar-naturligt-tra-for-3-6-ar\/#primaryimage","url":"https:\/\/i0.wp.com\/truusk.store\/wp-content\/uploads\/2025\/11\/5-i-1-inomhus-klatterstallning-med-rutschkana-gunga-klatternat-basketkorg-hopfallbar-3-6-ar-naturligt-tra-1.webp?fit=2000%2C2000&ssl=1","contentUrl":"https:\/\/i0.wp.com\/truusk.store\/wp-content\/uploads\/2025\/11\/5-i-1-inomhus-klatterstallning-med-rutschkana-gunga-klatternat-basketkorg-hopfallbar-3-6-ar-naturligt-tra-1.webp?fit=2000%2C2000&ssl=1","width":2000,"height":2000},{"@type":"BreadcrumbList","@id":"https:\/\/truusk.store\/sv\/produkt\/truusk-5-i-1-inomhus-klatterstallning-rutschkana-gunga-klatternat-basketkorg-hopfallbar-naturligt-tra-for-3-6-ar\/#breadcrumb","itemListElement":[{"@type":"ListItem","position":1,"name":"Home","item":"https:\/\/truusk.store\/sv\/"},{"@type":"ListItem","position":2,"name":"Shop","item":"https:\/\/truusk.store\/shop\/"},{"@type":"ListItem","position":3,"name":"TRUUSK 5-i-1 Inomhus Kl\u00e4tterst\u00e4llning &#8211; Rutschkana &#8211; Gunga &#8211; Kl\u00e4ttern\u00e4t &#8211; Basketkorg &#8211; Hopf\u00e4llbar &#8211; Naturligt Tr\u00e4 &#8211; F\u00f6r 3-6 \u00e5r"}]},{"@type":"WebSite","@id":"https:\/\/truusk.store\/sv\/#website","url":"https:\/\/truusk.store\/sv\/","name":"TRUUSK - Hem, Tr\u00e4dg\u00e5rd & Fritid","description":"","publisher":{"@id":"https:\/\/truusk.store\/sv\/#organization"},"potentialAction":[{"@type":"SearchAction","target":{"@type":"EntryPoint","urlTemplate":"https:\/\/truusk.store\/sv\/?s={search_term_string}"},"query-input":{"@type":"PropertyValueSpecification","valueRequired":true,"valueName":"search_term_string"}}],"inLanguage":"sv-SE"},{"@type":"Organization","@id":"https:\/\/truusk.store\/sv\/#organization","name":"TRUUSK - Hem, Tr\u00e4dg\u00e5rd & Fritid","url":"https:\/\/truusk.store\/sv\/","logo":{"@type":"ImageObject","inLanguage":"sv-SE","@id":"https:\/\/truusk.store\/sv\/#\/schema\/logo\/image\/","url":"https:\/\/i0.wp.com\/truusk.store\/wp-content\/uploads\/2026\/03\/cropped-TRUUSK.png?fit=2032%2C917&ssl=1","contentUrl":"https:\/\/i0.wp.com\/truusk.store\/wp-content\/uploads\/2026\/03\/cropped-TRUUSK.png?fit=2032%2C917&ssl=1","width":2032,"height":917,"caption":"TRUUSK - Hem, Tr\u00e4dg\u00e5rd & Fritid"},"image":{"@id":"https:\/\/truusk.store\/sv\/#\/schema\/logo\/image\/"}}]}},"jetpack_sharing_enabled":true,"_links":{"self":[{"href":"https:\/\/truusk.store\/sv\/wp-json\/wp\/v2\/product\/96082","targetHints":{"allow":["GET"]}}],"collection":[{"href":"https:\/\/truusk.store\/sv\/wp-json\/wp\/v2\/product"}],"about":[{"href":"https:\/\/truusk.store\/sv\/wp-json\/wp\/v2\/types\/product"}],"wp:featuredmedia":[{"embeddable":true,"href":"https:\/\/truusk.store\/sv\/wp-json\/wp\/v2\/media\/96068"}],"wp:attachment":[{"href":"https:\/\/truusk.store\/sv\/wp-json\/wp\/v2\/media?parent=96082"}],"wp:term":[{"taxonomy":"product_brand","embeddable":true,"href":"https:\/\/truusk.store\/sv\/wp-json\/wp\/v2\/product_brand?post=96082"},{"taxonomy":"product_cat","embeddable":true,"href":"https:\/\/truusk.store\/sv\/wp-json\/wp\/v2\/product_cat?post=96082"},{"taxonomy":"product_tag","embeddable":true,"href":"https:\/\/truusk.store\/sv\/wp-json\/wp\/v2\/product_tag?post=96082"}],"curies":[{"name":"wp","href":"https:\/\/api.w.org\/{rel}","templated":true}]}}